{"id":14903,"date":"2021-01-08T15:14:39","date_gmt":"2021-01-08T14:14:39","guid":{"rendered":"https:\/\/graphimarket.com\/?post_type=product&#038;p=14903"},"modified":"2022-12-19T09:21:51","modified_gmt":"2022-12-19T08:21:51","slug":"dispersion-photoshop-action","status":"publish","type":"product","link":"http:\/\/graphimarket.com\/it\/prodotto\/dispersion-photoshop-action\/","title":{"rendered":"Dispersione Photoshop Action"},"content":{"rendered":"<h1 id=\"item-description__dispersion-photoshop-action\">Dispersione Photoshop Action<\/h1>\n<p id=\"item-description__dispersion-photoshop-action\"><strong>Questa azione spezzer\u00e0 parti della tua foto e le sparer\u00e0 nella direzione che preferisci. Non perdere molto tempo a cercare di creare questo effetto manualmente, fallo in pochi secondi con pochi clic.<\/strong><\/p>\n<p>Devi semplicemente spazzolare nelle aree che vuoi disperdere e giocare! Puoi scegliere tra le direzioni Su, Gi\u00f9, Sinistra o Destra per sparare ai pezzi rotti. Creare un effetto cos\u00ec avanzato non \u00e8 mai stato cos\u00ec semplice e divertente.<\/p>\n<p><strong>MANCIA:<\/strong>\u00a0Crea molte pi\u00f9 parti duplicando i livelli! Seleziona semplicemente un livello e premi &quot;Ctrl + j&quot; per duplicarlo rapidamente. Puoi persino duplicare l&#039;intera cartella &quot;Parti&quot; selezionando la cartella e premendo &quot;Ctrl + j&quot;. \u00c8 quindi possibile spostare l&#039;intera cartella. Puoi anche ridimensionare le parti selezionando un livello e premendo &#039;Ctrl + t&#039;, quindi usa le maniglie del riquadro di delimitazione per ridimensionarlo!<\/p>\n<p>L&#039;azione \u00e8 stata testata e funziona su Photoshop (versioni in inglese) CS3, CS4, CS5, CS6, CC, CC 2015.5, CC 2017, CC 2018, CC 2019+.<\/p>\n<p><strong>Importante da sapere<\/strong><\/p>\n<ul>\n<li>Assicurati di utilizzare il file\u00a0<a href=\"https:\/\/helpx.adobe.com\/au\/creative-cloud\/help\/change-install-language.html\" rel=\"nofollow\">Versione inglese di Photoshop<\/a>\u00a0su cui eseguire l&#039;azione. Tutte le azioni Sevenstyles funzioneranno solo nella versione inglese di Photoshop.<\/li>\n<\/ul>\n<ul>\n<li>Verifica di utilizzare una versione di Photoshop supportata dall&#039;azione.<\/li>\n<\/ul>\n<ul>\n<li>Guarda il video tutorial per assicurarti di aver configurato correttamente il tuo file Photoshop. Un collegamento al tutorial \u00e8 incluso anche nel file &quot;Readme.txt&quot; nel download. Puoi visualizzare tutti i miei tutorial di azione\u00a0<a href=\"https:\/\/www.youtube.com\/channel\/UCKEi03PoXGSHAzP8u-c4dwQ\" rel=\"nofollow\">Qui<\/a>.<\/li>\n<\/ul>\n<ul>\n<li>Usa foto ad alta risoluzione con l&#039;azione per ottenere i migliori risultati ed evitare errori. Una risoluzione foto ottimale \u00e8 compresa tra 2000 px e 4500 px.<\/li>\n<\/ul>\n<ul>\n<li>Con Adobe Creative Cloud puoi installare\u00a0<a href=\"https:\/\/helpx.adobe.com\/download-install\/using\/install-previous-version.html\" rel=\"nofollow\">pi\u00f9 versioni di Photoshop<\/a>. Se ti piace questa azione ma non \u00e8 supportata sulla tua versione di Photoshop, puoi sempre installare una versione aggiuntiva di Photoshop su cui eseguire l&#039;azione. Una volta che un&#039;azione \u00e8 stata testata e funziona su una versione di Photoshop, funzioner\u00e0 per sempre.<\/li>\n<\/ul>\n<ul>\n<li>Usa le immagini Jpeg su cui eseguire l&#039;azione. Altri tipi di file come TIFF, BMP, PNG, PSD possono causare problemi con le azioni, poich\u00e9 Photoshop disabilita varie funzionalit\u00e0 per diversi tipi di file.<\/li>\n<\/ul>\n<ul>\n<li>Se un&#039;azione Sevenstyles include un file di pennello (.abr), pattern (.pat) o forme (.csh) nel download, \u00e8 necessario caricarla in Photoshop prima di eseguire l&#039;azione.<\/li>\n<\/ul>\n<ul>\n<li>Evita di utilizzare l&#039;azione sui loghi o sulle immagini in stile clip art poich\u00e9 la mancanza di dettagli e contrasto di colore pu\u00f2 portare a errori.<\/li>\n<\/ul>\n<div class=\"ast-oembed-container\" style=\"height: 100%;\"><iframe title=\"Esercitazione sugli effetti di Dispersione Photoshop Crea effetti particellari con 1 clic\" width=\"500\" height=\"281\" src=\"https:\/\/www.youtube.com\/embed\/rs102FZXnvc?feature=oembed\" frameborder=\"0\" allow=\"accelerometer; autoplay; clipboard-write; encrypted-media; gyroscope; picture-in-picture; web-share\" referrerpolicy=\"strict-origin-when-cross-origin\" allowfullscreen><\/iframe><\/div>\n<p><img fetchpriority=\"high\" decoding=\"async\" class=\"alignnone size-full wp-image-14904\" src=\"https:\/\/graphimarket.com\/wp-content\/uploads\/2021\/01\/11.jpg\" alt=\"\" width=\"1380\" height=\"914\" srcset=\"https:\/\/graphimarket.com\/wp-content\/uploads\/2021\/01\/11.jpg 1380w, https:\/\/graphimarket.com\/wp-content\/uploads\/2021\/01\/11-300x199.jpg 300w, https:\/\/graphimarket.com\/wp-content\/uploads\/2021\/01\/11-1024x678.jpg 1024w, https:\/\/graphimarket.com\/wp-content\/uploads\/2021\/01\/11-768x509.jpg 768w, https:\/\/graphimarket.com\/wp-content\/uploads\/2021\/01\/11-16x12.jpg 16w, https:\/\/graphimarket.com\/wp-content\/uploads\/2021\/01\/11-1320x874.jpg 1320w, https:\/\/graphimarket.com\/wp-content\/uploads\/2021\/01\/11-600x397.jpg 600w\" sizes=\"(max-width: 1380px) 100vw, 1380px\" \/> <img decoding=\"async\" class=\"alignnone size-full wp-image-14905\" src=\"https:\/\/graphimarket.com\/wp-content\/uploads\/2021\/01\/13.jpg\" alt=\"\" width=\"1153\" height=\"1730\" srcset=\"https:\/\/graphimarket.com\/wp-content\/uploads\/2021\/01\/13.jpg 1153w, https:\/\/graphimarket.com\/wp-content\/uploads\/2021\/01\/13-200x300.jpg 200w, https:\/\/graphimarket.com\/wp-content\/uploads\/2021\/01\/13-682x1024.jpg 682w, https:\/\/graphimarket.com\/wp-content\/uploads\/2021\/01\/13-768x1152.jpg 768w, https:\/\/graphimarket.com\/wp-content\/uploads\/2021\/01\/13-1024x1536.jpg 1024w, https:\/\/graphimarket.com\/wp-content\/uploads\/2021\/01\/13-8x12.jpg 8w, https:\/\/graphimarket.com\/wp-content\/uploads\/2021\/01\/13-600x900.jpg 600w\" sizes=\"(max-width: 1153px) 100vw, 1153px\" \/> <img decoding=\"async\" class=\"alignnone size-full wp-image-14906\" src=\"https:\/\/graphimarket.com\/wp-content\/uploads\/2021\/01\/14.jpg\" alt=\"\" width=\"1153\" height=\"1730\" srcset=\"https:\/\/graphimarket.com\/wp-content\/uploads\/2021\/01\/14.jpg 1153w, https:\/\/graphimarket.com\/wp-content\/uploads\/2021\/01\/14-200x300.jpg 200w, https:\/\/graphimarket.com\/wp-content\/uploads\/2021\/01\/14-682x1024.jpg 682w, https:\/\/graphimarket.com\/wp-content\/uploads\/2021\/01\/14-768x1152.jpg 768w, https:\/\/graphimarket.com\/wp-content\/uploads\/2021\/01\/14-1024x1536.jpg 1024w, https:\/\/graphimarket.com\/wp-content\/uploads\/2021\/01\/14-8x12.jpg 8w, https:\/\/graphimarket.com\/wp-content\/uploads\/2021\/01\/14-600x900.jpg 600w\" sizes=\"(max-width: 1153px) 100vw, 1153px\" \/> <img loading=\"lazy\" decoding=\"async\" class=\"alignnone size-full wp-image-14907\" src=\"https:\/\/graphimarket.com\/wp-content\/uploads\/2021\/01\/15.jpg\" alt=\"\" width=\"1854\" height=\"2070\" srcset=\"https:\/\/graphimarket.com\/wp-content\/uploads\/2021\/01\/15.jpg 1854w, https:\/\/graphimarket.com\/wp-content\/uploads\/2021\/01\/15-269x300.jpg 269w, https:\/\/graphimarket.com\/wp-content\/uploads\/2021\/01\/15-917x1024.jpg 917w, https:\/\/graphimarket.com\/wp-content\/uploads\/2021\/01\/15-768x857.jpg 768w, https:\/\/graphimarket.com\/wp-content\/uploads\/2021\/01\/15-1376x1536.jpg 1376w, https:\/\/graphimarket.com\/wp-content\/uploads\/2021\/01\/15-1834x2048.jpg 1834w, https:\/\/graphimarket.com\/wp-content\/uploads\/2021\/01\/15-11x12.jpg 11w, https:\/\/graphimarket.com\/wp-content\/uploads\/2021\/01\/15-1320x1474.jpg 1320w, https:\/\/graphimarket.com\/wp-content\/uploads\/2021\/01\/15-600x670.jpg 600w\" sizes=\"(max-width: 1854px) 100vw, 1854px\" \/> <img loading=\"lazy\" decoding=\"async\" class=\"alignnone size-full wp-image-14908\" src=\"https:\/\/graphimarket.com\/wp-content\/uploads\/2021\/01\/1a.jpg\" alt=\"\" width=\"1420\" height=\"1406\" srcset=\"https:\/\/graphimarket.com\/wp-content\/uploads\/2021\/01\/1a.jpg 1420w, https:\/\/graphimarket.com\/wp-content\/uploads\/2021\/01\/1a-300x297.jpg 300w, https:\/\/graphimarket.com\/wp-content\/uploads\/2021\/01\/1a-1024x1014.jpg 1024w, https:\/\/graphimarket.com\/wp-content\/uploads\/2021\/01\/1a-150x150.jpg 150w, https:\/\/graphimarket.com\/wp-content\/uploads\/2021\/01\/1a-768x760.jpg 768w, https:\/\/graphimarket.com\/wp-content\/uploads\/2021\/01\/1a-12x12.jpg 12w, https:\/\/graphimarket.com\/wp-content\/uploads\/2021\/01\/1a-1320x1307.jpg 1320w, https:\/\/graphimarket.com\/wp-content\/uploads\/2021\/01\/1a-600x594.jpg 600w, https:\/\/graphimarket.com\/wp-content\/uploads\/2021\/01\/1a-100x100.jpg 100w\" sizes=\"(max-width: 1420px) 100vw, 1420px\" \/> <img loading=\"lazy\" decoding=\"async\" class=\"alignnone size-full wp-image-14909\" src=\"https:\/\/graphimarket.com\/wp-content\/uploads\/2021\/01\/2.jpg\" alt=\"\" width=\"1153\" height=\"1730\" srcset=\"https:\/\/graphimarket.com\/wp-content\/uploads\/2021\/01\/2.jpg 1153w, https:\/\/graphimarket.com\/wp-content\/uploads\/2021\/01\/2-200x300.jpg 200w, https:\/\/graphimarket.com\/wp-content\/uploads\/2021\/01\/2-682x1024.jpg 682w, https:\/\/graphimarket.com\/wp-content\/uploads\/2021\/01\/2-768x1152.jpg 768w, https:\/\/graphimarket.com\/wp-content\/uploads\/2021\/01\/2-1024x1536.jpg 1024w, https:\/\/graphimarket.com\/wp-content\/uploads\/2021\/01\/2-8x12.jpg 8w, https:\/\/graphimarket.com\/wp-content\/uploads\/2021\/01\/2-600x900.jpg 600w\" sizes=\"(max-width: 1153px) 100vw, 1153px\" \/> <img loading=\"lazy\" decoding=\"async\" class=\"alignnone size-full wp-image-14910\" src=\"https:\/\/graphimarket.com\/wp-content\/uploads\/2021\/01\/4.jpg\" alt=\"\" width=\"1730\" height=\"1153\" srcset=\"https:\/\/graphimarket.com\/wp-content\/uploads\/2021\/01\/4.jpg 1730w, https:\/\/graphimarket.com\/wp-content\/uploads\/2021\/01\/4-300x200.jpg 300w, https:\/\/graphimarket.com\/wp-content\/uploads\/2021\/01\/4-1024x682.jpg 1024w, https:\/\/graphimarket.com\/wp-content\/uploads\/2021\/01\/4-768x512.jpg 768w, https:\/\/graphimarket.com\/wp-content\/uploads\/2021\/01\/4-1536x1024.jpg 1536w, https:\/\/graphimarket.com\/wp-content\/uploads\/2021\/01\/4-16x12.jpg 16w, https:\/\/graphimarket.com\/wp-content\/uploads\/2021\/01\/4-1320x880.jpg 1320w, https:\/\/graphimarket.com\/wp-content\/uploads\/2021\/01\/4-600x400.jpg 600w\" sizes=\"(max-width: 1730px) 100vw, 1730px\" \/> <img loading=\"lazy\" decoding=\"async\" class=\"alignnone size-full wp-image-14911\" src=\"https:\/\/graphimarket.com\/wp-content\/uploads\/2021\/01\/10.jpg\" alt=\"\" width=\"2070\" height=\"1380\" srcset=\"https:\/\/graphimarket.com\/wp-content\/uploads\/2021\/01\/10.jpg 2070w, https:\/\/graphimarket.com\/wp-content\/uploads\/2021\/01\/10-300x200.jpg 300w, https:\/\/graphimarket.com\/wp-content\/uploads\/2021\/01\/10-1024x683.jpg 1024w, https:\/\/graphimarket.com\/wp-content\/uploads\/2021\/01\/10-768x512.jpg 768w, https:\/\/graphimarket.com\/wp-content\/uploads\/2021\/01\/10-1536x1024.jpg 1536w, https:\/\/graphimarket.com\/wp-content\/uploads\/2021\/01\/10-2048x1365.jpg 2048w, https:\/\/graphimarket.com\/wp-content\/uploads\/2021\/01\/10-16x12.jpg 16w, https:\/\/graphimarket.com\/wp-content\/uploads\/2021\/01\/10-1320x880.jpg 1320w, https:\/\/graphimarket.com\/wp-content\/uploads\/2021\/01\/10-600x400.jpg 600w\" sizes=\"(max-width: 2070px) 100vw, 2070px\" \/><\/p>","protected":false},"excerpt":{"rendered":"<p>Dispersion Photoshop Action This action will break apart pieces of your photo and shoot them into a direction of your choice. Do not spend lots of time trying to create this effect manually, get it done in seconds with only a few clicks. You simply brush in the areas that you want to disperse and [&hellip;]<\/p>\n","protected":false},"featured_media":14911,"comment_status":"open","ping_status":"closed","template":"","meta":{"site-sidebar-layout":"default","site-content-layout":"default","ast-site-content-layout":"default","site-content-style":"default","site-sidebar-style":"default","ast-global-header-display":"","ast-banner-title-visibility":"","ast-main-header-display":"","ast-hfb-above-header-display":"","ast-hfb-below-header-display":"","ast-hfb-mobile-header-display":"","site-post-title":"","ast-breadcrumbs-content":"","ast-featured-img":"","footer-sml-layout":"","ast-disable-related-posts":"","theme-transparent-header-meta":"default","adv-header-id-meta":"","stick-header-meta":"","header-above-stick-meta":"","header-main-stick-meta":"","header-below-stick-meta":"","astra-migrate-meta-layouts":"default","ast-page-background-enabled":"default","ast-page-background-meta":{"desktop":{"background-color":"","background-image":"","background-repeat":"repeat","background-position":"center center","background-size":"auto","background-attachment":"scroll","background-type":"","background-media":"","overlay-type":"","overlay-color":"","overlay-opacity":"","overlay-gradient":""},"tablet":{"background-color":"","background-image":"","background-repeat":"repeat","background-position":"center center","background-size":"auto","background-attachment":"scroll","background-type":"","background-media":"","overlay-type":"","overlay-color":"","overlay-opacity":"","overlay-gradient":""},"mobile":{"background-color":"","background-image":"","background-repeat":"repeat","background-position":"center center","background-size":"auto","background-attachment":"scroll","background-type":"","background-media":"","overlay-type":"","overlay-color":"","overlay-opacity":"","overlay-gradient":""}},"ast-content-background-meta":{"desktop":{"background-color":"var(--ast-global-color-5)","background-image":"","background-repeat":"repeat","background-position":"center center","background-size":"auto","background-attachment":"scroll","background-type":"","background-media":"","overlay-type":"","overlay-color":"","overlay-opacity":"","overlay-gradient":""},"tablet":{"background-color":"var(--ast-global-color-5)","background-image":"","background-repeat":"repeat","background-position":"center center","background-size":"auto","background-attachment":"scroll","background-type":"","background-media":"","overlay-type":"","overlay-color":"","overlay-opacity":"","overlay-gradient":""},"mobile":{"background-color":"var(--ast-global-color-5)","background-image":"","background-repeat":"repeat","background-position":"center center","background-size":"auto","background-attachment":"scroll","background-type":"","background-media":"","overlay-type":"","overlay-color":"","overlay-opacity":"","overlay-gradient":""}}},"product_brand":[],"product_cat":[195,146],"product_tag":[532,62],"class_list":{"0":"post-14903","1":"product","2":"type-product","3":"status-publish","4":"has-post-thumbnail","6":"product_cat-photoshop","7":"product_cat-photoshop-action","8":"product_tag-dispersion","9":"product_tag-photoshop","10":"desktop-align-left","11":"tablet-align-left","12":"mobile-align-left","14":"first","15":"instock","16":"sale","17":"downloadable","18":"virtual","19":"taxable","20":"purchasable","21":"product-type-simple"},"yoast_head":"<!-- This site is optimized with the Yoast SEO plugin v27.3 - https:\/\/yoast.com\/product\/yoast-seo-wordpress\/ -->\n<title>Dispersion Photoshop Action - Graphimarket<\/title>\n<meta name=\"description\" content=\"This action will break apart pieces of your photo and shoot them into a direction of your choice. Do not spend lots of time trying to create\" \/>\n<meta name=\"robots\" content=\"index, follow, max-snippet:-1, max-image-preview:large, max-video-preview:-1\" \/>\n<link rel=\"canonical\" href=\"https:\/\/graphimarket.com\/it\/prodotto\/dispersion-photoshop-action\/\" \/>\n<meta property=\"og:locale\" content=\"it_IT\" \/>\n<meta property=\"og:type\" content=\"article\" \/>\n<meta property=\"og:title\" content=\"Dispersion Photoshop Action - Graphimarket\" \/>\n<meta property=\"og:description\" content=\"This action will break apart pieces of your photo and shoot them into a direction of your choice. Do not spend lots of time trying to create\" \/>\n<meta property=\"og:url\" content=\"https:\/\/graphimarket.com\/it\/prodotto\/dispersion-photoshop-action\/\" \/>\n<meta property=\"og:site_name\" content=\"Graphimarket\" \/>\n<meta property=\"article:modified_time\" content=\"2022-12-19T08:21:51+00:00\" \/>\n<meta property=\"og:image\" content=\"https:\/\/graphimarket.com\/wp-content\/uploads\/2021\/01\/10.jpg\" \/>\n\t<meta property=\"og:image:width\" content=\"2070\" \/>\n\t<meta property=\"og:image:height\" content=\"1380\" \/>\n\t<meta property=\"og:image:type\" content=\"image\/jpeg\" \/>\n<meta name=\"twitter:card\" content=\"summary_large_image\" \/>\n<meta name=\"twitter:label1\" content=\"Tempo di lettura stimato\" \/>\n\t<meta name=\"twitter:data1\" content=\"2 minuti\" \/>\n<script type=\"application\/ld+json\" class=\"yoast-schema-graph\">{\"@context\":\"https:\\\/\\\/schema.org\",\"@graph\":[{\"@type\":\"WebPage\",\"@id\":\"https:\\\/\\\/graphimarket.com\\\/product\\\/dispersion-photoshop-action\\\/\",\"url\":\"https:\\\/\\\/graphimarket.com\\\/product\\\/dispersion-photoshop-action\\\/\",\"name\":\"Dispersion Photoshop Action - Graphimarket\",\"isPartOf\":{\"@id\":\"https:\\\/\\\/graphimarket.com\\\/fr\\\/#website\"},\"primaryImageOfPage\":{\"@id\":\"https:\\\/\\\/graphimarket.com\\\/product\\\/dispersion-photoshop-action\\\/#primaryimage\"},\"image\":{\"@id\":\"https:\\\/\\\/graphimarket.com\\\/product\\\/dispersion-photoshop-action\\\/#primaryimage\"},\"thumbnailUrl\":\"https:\\\/\\\/graphimarket.com\\\/wp-content\\\/uploads\\\/2021\\\/01\\\/10.jpg\",\"datePublished\":\"2021-01-08T14:14:39+00:00\",\"dateModified\":\"2022-12-19T08:21:51+00:00\",\"description\":\"This action will break apart pieces of your photo and shoot them into a direction of your choice. Do not spend lots of time trying to create\",\"breadcrumb\":{\"@id\":\"https:\\\/\\\/graphimarket.com\\\/product\\\/dispersion-photoshop-action\\\/#breadcrumb\"},\"inLanguage\":\"it-IT\",\"potentialAction\":[{\"@type\":\"ReadAction\",\"target\":[\"https:\\\/\\\/graphimarket.com\\\/product\\\/dispersion-photoshop-action\\\/\"]}]},{\"@type\":\"ImageObject\",\"inLanguage\":\"it-IT\",\"@id\":\"https:\\\/\\\/graphimarket.com\\\/product\\\/dispersion-photoshop-action\\\/#primaryimage\",\"url\":\"https:\\\/\\\/graphimarket.com\\\/wp-content\\\/uploads\\\/2021\\\/01\\\/10.jpg\",\"contentUrl\":\"https:\\\/\\\/graphimarket.com\\\/wp-content\\\/uploads\\\/2021\\\/01\\\/10.jpg\",\"width\":2070,\"height\":1380},{\"@type\":\"BreadcrumbList\",\"@id\":\"https:\\\/\\\/graphimarket.com\\\/product\\\/dispersion-photoshop-action\\\/#breadcrumb\",\"itemListElement\":[{\"@type\":\"ListItem\",\"position\":1,\"name\":\"Home\",\"item\":\"https:\\\/\\\/graphimarket.com\\\/es\\\/\"},{\"@type\":\"ListItem\",\"position\":2,\"name\":\"Store\",\"item\":\"https:\\\/\\\/graphimarket.com\\\/store\\\/\"},{\"@type\":\"ListItem\",\"position\":3,\"name\":\"Dispersion Photoshop Action\"}]},{\"@type\":\"WebSite\",\"@id\":\"https:\\\/\\\/graphimarket.com\\\/fr\\\/#website\",\"url\":\"https:\\\/\\\/graphimarket.com\\\/fr\\\/\",\"name\":\"Graphimarket\",\"description\":\"Find the perfect creative asset to bring your project to life\",\"publisher\":{\"@id\":\"https:\\\/\\\/graphimarket.com\\\/fr\\\/#organization\"},\"potentialAction\":[{\"@type\":\"SearchAction\",\"target\":{\"@type\":\"EntryPoint\",\"urlTemplate\":\"https:\\\/\\\/graphimarket.com\\\/fr\\\/?s={search_term_string}\"},\"query-input\":{\"@type\":\"PropertyValueSpecification\",\"valueRequired\":true,\"valueName\":\"search_term_string\"}}],\"inLanguage\":\"it-IT\"},{\"@type\":\"Organization\",\"@id\":\"https:\\\/\\\/graphimarket.com\\\/fr\\\/#organization\",\"name\":\"Graphimarket\",\"url\":\"https:\\\/\\\/graphimarket.com\\\/fr\\\/\",\"logo\":{\"@type\":\"ImageObject\",\"inLanguage\":\"it-IT\",\"@id\":\"https:\\\/\\\/graphimarket.com\\\/fr\\\/#\\\/schema\\\/logo\\\/image\\\/\",\"url\":\"https:\\\/\\\/graphimarket.com\\\/wp-content\\\/uploads\\\/2020\\\/08\\\/logo-48.png\",\"contentUrl\":\"https:\\\/\\\/graphimarket.com\\\/wp-content\\\/uploads\\\/2020\\\/08\\\/logo-48.png\",\"width\":132,\"height\":48,\"caption\":\"Graphimarket\"},\"image\":{\"@id\":\"https:\\\/\\\/graphimarket.com\\\/fr\\\/#\\\/schema\\\/logo\\\/image\\\/\"}}]}<\/script>\n<!-- \/ Yoast SEO plugin. -->","yoast_head_json":{"title":"Dispersione Photoshop Action - Graphimarket","description":"Questa azione spezzer\u00e0 parti della tua foto e le sparer\u00e0 nella direzione che preferisci. Non sprecare molto tempo a cercare di creare","robots":{"index":"index","follow":"follow","max-snippet":"max-snippet:-1","max-image-preview":"max-image-preview:large","max-video-preview":"max-video-preview:-1"},"canonical":"https:\/\/graphimarket.com\/it\/prodotto\/dispersion-photoshop-action\/","og_locale":"it_IT","og_type":"article","og_title":"Dispersion Photoshop Action - Graphimarket","og_description":"This action will break apart pieces of your photo and shoot them into a direction of your choice. Do not spend lots of time trying to create","og_url":"https:\/\/graphimarket.com\/it\/prodotto\/dispersion-photoshop-action\/","og_site_name":"Graphimarket","article_modified_time":"2022-12-19T08:21:51+00:00","og_image":[{"width":2070,"height":1380,"url":"https:\/\/graphimarket.com\/wp-content\/uploads\/2021\/01\/10.jpg","type":"image\/jpeg"}],"twitter_card":"summary_large_image","twitter_misc":{"Tempo di lettura stimato":"2 minuti"},"schema":{"@context":"https:\/\/schema.org","@graph":[{"@type":"WebPage","@id":"https:\/\/graphimarket.com\/product\/dispersion-photoshop-action\/","url":"https:\/\/graphimarket.com\/product\/dispersion-photoshop-action\/","name":"Dispersione Photoshop Action - Graphimarket","isPartOf":{"@id":"https:\/\/graphimarket.com\/fr\/#website"},"primaryImageOfPage":{"@id":"https:\/\/graphimarket.com\/product\/dispersion-photoshop-action\/#primaryimage"},"image":{"@id":"https:\/\/graphimarket.com\/product\/dispersion-photoshop-action\/#primaryimage"},"thumbnailUrl":"https:\/\/graphimarket.com\/wp-content\/uploads\/2021\/01\/10.jpg","datePublished":"2021-01-08T14:14:39+00:00","dateModified":"2022-12-19T08:21:51+00:00","description":"Questa azione spezzer\u00e0 parti della tua foto e le sparer\u00e0 nella direzione che preferisci. Non sprecare molto tempo a cercare di creare","breadcrumb":{"@id":"https:\/\/graphimarket.com\/product\/dispersion-photoshop-action\/#breadcrumb"},"inLanguage":"it-IT","potentialAction":[{"@type":"ReadAction","target":["https:\/\/graphimarket.com\/product\/dispersion-photoshop-action\/"]}]},{"@type":"ImageObject","inLanguage":"it-IT","@id":"https:\/\/graphimarket.com\/product\/dispersion-photoshop-action\/#primaryimage","url":"https:\/\/graphimarket.com\/wp-content\/uploads\/2021\/01\/10.jpg","contentUrl":"https:\/\/graphimarket.com\/wp-content\/uploads\/2021\/01\/10.jpg","width":2070,"height":1380},{"@type":"BreadcrumbList","@id":"https:\/\/graphimarket.com\/product\/dispersion-photoshop-action\/#breadcrumb","itemListElement":[{"@type":"ListItem","position":1,"name":"Home","item":"https:\/\/graphimarket.com\/es\/"},{"@type":"ListItem","position":2,"name":"Store","item":"https:\/\/graphimarket.com\/store\/"},{"@type":"ListItem","position":3,"name":"Dispersion Photoshop Action"}]},{"@type":"WebSite","@id":"https:\/\/graphimarket.com\/fr\/#website","url":"https:\/\/graphimarket.com\/fr\/","name":"Graphimarket","description":"Trova la risorsa creativa perfetta per dare vita al tuo progetto","publisher":{"@id":"https:\/\/graphimarket.com\/fr\/#organization"},"potentialAction":[{"@type":"SearchAction","target":{"@type":"EntryPoint","urlTemplate":"https:\/\/graphimarket.com\/fr\/?s={search_term_string}"},"query-input":{"@type":"PropertyValueSpecification","valueRequired":true,"valueName":"search_term_string"}}],"inLanguage":"it-IT"},{"@type":"Organization","@id":"https:\/\/graphimarket.com\/fr\/#organization","name":"Graphimarket","url":"https:\/\/graphimarket.com\/fr\/","logo":{"@type":"ImageObject","inLanguage":"it-IT","@id":"https:\/\/graphimarket.com\/fr\/#\/schema\/logo\/image\/","url":"https:\/\/graphimarket.com\/wp-content\/uploads\/2020\/08\/logo-48.png","contentUrl":"https:\/\/graphimarket.com\/wp-content\/uploads\/2020\/08\/logo-48.png","width":132,"height":48,"caption":"Graphimarket"},"image":{"@id":"https:\/\/graphimarket.com\/fr\/#\/schema\/logo\/image\/"}}]}},"_links":{"self":[{"href":"http:\/\/graphimarket.com\/it\/wp-json\/wp\/v2\/product\/14903","targetHints":{"allow":["GET"]}}],"collection":[{"href":"http:\/\/graphimarket.com\/it\/wp-json\/wp\/v2\/product"}],"about":[{"href":"http:\/\/graphimarket.com\/it\/wp-json\/wp\/v2\/types\/product"}],"replies":[{"embeddable":true,"href":"http:\/\/graphimarket.com\/it\/wp-json\/wp\/v2\/comments?post=14903"}],"version-history":[{"count":0,"href":"http:\/\/graphimarket.com\/it\/wp-json\/wp\/v2\/product\/14903\/revisions"}],"wp:featuredmedia":[{"embeddable":true,"href":"http:\/\/graphimarket.com\/it\/wp-json\/wp\/v2\/media\/14911"}],"wp:attachment":[{"href":"http:\/\/graphimarket.com\/it\/wp-json\/wp\/v2\/media?parent=14903"}],"wp:term":[{"taxonomy":"product_brand","embeddable":true,"href":"http:\/\/graphimarket.com\/it\/wp-json\/wp\/v2\/product_brand?post=14903"},{"taxonomy":"product_cat","embeddable":true,"href":"http:\/\/graphimarket.com\/it\/wp-json\/wp\/v2\/product_cat?post=14903"},{"taxonomy":"product_tag","embeddable":true,"href":"http:\/\/graphimarket.com\/it\/wp-json\/wp\/v2\/product_tag?post=14903"}],"curies":[{"name":"wp","href":"https:\/\/api.w.org\/{rel}","templated":true}]}}