{"id":15799,"date":"2021-02-04T17:38:27","date_gmt":"2021-02-04T16:38:27","guid":{"rendered":"https:\/\/graphimarket.com\/?post_type=product&#038;p=15799"},"modified":"2026-04-08T22:04:02","modified_gmt":"2026-04-08T20:04:02","slug":"3d-map-generator-terrain-from-heightmap","status":"publish","type":"product","link":"http:\/\/graphimarket.com\/it\/prodotto\/3d-map-generator-terrain-from-heightmap\/","title":{"rendered":"Generatore di mappe 3D - Terreno da Heightmap"},"content":{"rendered":"<h1>Generatore di mappe 3D - Terreno da Heightmap<\/h1>\n<p>Con il Generatore di mappe 3D - Terreno puoi facilmente creare una mappa di altezza in scala di grigi e quindi generare un terreno 3D da essa. Le ampie funzionalit\u00e0 del nostro plug-in consentono di risparmiare in tempo reale per i creativi che desiderano creare mappe professionali e di alta qualit\u00e0 in pochissimo tempo. E la cosa migliore \u00e8: non \u00e8 necessario essere un professionista di Photoshop!<\/p>\n<h3 id=\"item-description__features-overview\">Panoramica delle caratteristiche<\/h3>\n<ul>\n<li>Mappa 3D da ogni mappa di altezza in scala di grigi possibile<\/li>\n<li>Ampio strumento per generare e modificare la tua heightmap<\/li>\n<li>Browser della mappa di altezza<\/li>\n<li>Funzione Auto-heightmaps<\/li>\n<li>Libreria di mappe + set di esempi gratuito<\/li>\n<li>Funzione Random Clouds<\/li>\n<li>Funzione mappa vista dall&#039;alto<\/li>\n<li>21 pennelli heightmap<\/li>\n<li>Impostazione dell&#039;elevazione della mappa<\/li>\n<li>Mappa 3D da una forma individuale<\/li>\n<li>3 diversi orientamenti della mappa isometrica (sinistra, frontale, destra)<\/li>\n<li>Strumento di texturizzazione automatica<\/li>\n<li>16 preset di gradiente<\/li>\n<li>22 trame senza soluzione di continuit\u00e0<\/li>\n<li>7 trame della legenda della mappa<\/li>\n<li>Diversi pennelli texturizzanti<\/li>\n<li>21 preset di sfondo<\/li>\n<li>Strumento di selezione del colore del bordo della mappa<\/li>\n<li>Strumento Guide<\/li>\n<li>Strumento linee di contorno<\/li>\n<li>Funzione livello acqua<\/li>\n<li>Aggiungi ed elimina la profondit\u00e0 della mappa (illimitato)<\/li>\n<li>Funzione Global Shadow<\/li>\n<li>4 pennelli effetto per disegnare la superficie della mappa<\/li>\n<li>Strumento di ghiaia<\/li>\n<li>Oltre 100 icone ed elementi della mappa<\/li>\n<li>Funzioni della libreria di icone&gt; aggiungi le tue icone<\/li>\n<li>Plugin per Photoshop CC-2014 e versioni successive<\/li>\n<li>20+ video tutorial<\/li>\n<\/ul>\n<p>Disegna o modifica una heightmap con gli strumenti heightmap. Ottieni mappe di altezza del mondo reale da posizioni reali. Specificare l&#039;elevazione e l&#039;orientamento della mappa e generare una mappa 3D isometrica. Definisci lo stile della superficie della mappa con preimpostazioni di gradiente modificabili, trame uniformi, strumento Linee di contorno, strumento Livello acqua e pennelli EFX. Modificare l&#039;altezza della mappa, definire lo sfondo, determinare l&#039;illuminazione della mappa, posizionare icone di mappa isometrica di alta qualit\u00e0 dalla libreria di icone. Carica le tue icone nella libreria. Crea terreni 3D professionali con solo un paio di clic. Tutto con uno strumento e pochi clic in Photoshop!<\/p>\n<p>&nbsp;<\/p>\n<p>&nbsp;<\/p>\n<p><img fetchpriority=\"high\" decoding=\"async\" class=\"alignnone size-full wp-image-15802\" src=\"https:\/\/graphimarket.com\/wp-content\/uploads\/2021\/02\/005_3dmgt.jpg\" alt=\"\" width=\"1200\" height=\"768\" srcset=\"https:\/\/graphimarket.com\/wp-content\/uploads\/2021\/02\/005_3dmgt.jpg 1200w, https:\/\/graphimarket.com\/wp-content\/uploads\/2021\/02\/005_3dmgt-300x192.jpg 300w, https:\/\/graphimarket.com\/wp-content\/uploads\/2021\/02\/005_3dmgt-1024x655.jpg 1024w, https:\/\/graphimarket.com\/wp-content\/uploads\/2021\/02\/005_3dmgt-768x492.jpg 768w, https:\/\/graphimarket.com\/wp-content\/uploads\/2021\/02\/005_3dmgt-16x10.jpg 16w, https:\/\/graphimarket.com\/wp-content\/uploads\/2021\/02\/005_3dmgt-600x384.jpg 600w\" sizes=\"(max-width: 1200px) 100vw, 1200px\" \/> <img decoding=\"async\" class=\"alignnone size-full wp-image-15803\" src=\"https:\/\/graphimarket.com\/wp-content\/uploads\/2021\/02\/006_3dmgt.jpg\" alt=\"\" width=\"1200\" height=\"768\" srcset=\"https:\/\/graphimarket.com\/wp-content\/uploads\/2021\/02\/006_3dmgt.jpg 1200w, https:\/\/graphimarket.com\/wp-content\/uploads\/2021\/02\/006_3dmgt-300x192.jpg 300w, https:\/\/graphimarket.com\/wp-content\/uploads\/2021\/02\/006_3dmgt-1024x655.jpg 1024w, https:\/\/graphimarket.com\/wp-content\/uploads\/2021\/02\/006_3dmgt-768x492.jpg 768w, https:\/\/graphimarket.com\/wp-content\/uploads\/2021\/02\/006_3dmgt-16x10.jpg 16w, https:\/\/graphimarket.com\/wp-content\/uploads\/2021\/02\/006_3dmgt-600x384.jpg 600w\" sizes=\"(max-width: 1200px) 100vw, 1200px\" \/> <img decoding=\"async\" class=\"alignnone size-full wp-image-15804\" src=\"https:\/\/graphimarket.com\/wp-content\/uploads\/2021\/02\/007_3dmgt.jpg\" alt=\"\" width=\"1200\" height=\"768\" srcset=\"https:\/\/graphimarket.com\/wp-content\/uploads\/2021\/02\/007_3dmgt.jpg 1200w, https:\/\/graphimarket.com\/wp-content\/uploads\/2021\/02\/007_3dmgt-300x192.jpg 300w, https:\/\/graphimarket.com\/wp-content\/uploads\/2021\/02\/007_3dmgt-1024x655.jpg 1024w, https:\/\/graphimarket.com\/wp-content\/uploads\/2021\/02\/007_3dmgt-768x492.jpg 768w, https:\/\/graphimarket.com\/wp-content\/uploads\/2021\/02\/007_3dmgt-16x10.jpg 16w, https:\/\/graphimarket.com\/wp-content\/uploads\/2021\/02\/007_3dmgt-600x384.jpg 600w\" sizes=\"(max-width: 1200px) 100vw, 1200px\" \/> <img loading=\"lazy\" decoding=\"async\" class=\"alignnone size-full wp-image-15805\" src=\"https:\/\/graphimarket.com\/wp-content\/uploads\/2021\/02\/008_3dmgt.jpg\" alt=\"\" width=\"1200\" height=\"768\" srcset=\"https:\/\/graphimarket.com\/wp-content\/uploads\/2021\/02\/008_3dmgt.jpg 1200w, https:\/\/graphimarket.com\/wp-content\/uploads\/2021\/02\/008_3dmgt-300x192.jpg 300w, https:\/\/graphimarket.com\/wp-content\/uploads\/2021\/02\/008_3dmgt-1024x655.jpg 1024w, https:\/\/graphimarket.com\/wp-content\/uploads\/2021\/02\/008_3dmgt-768x492.jpg 768w, https:\/\/graphimarket.com\/wp-content\/uploads\/2021\/02\/008_3dmgt-16x10.jpg 16w, https:\/\/graphimarket.com\/wp-content\/uploads\/2021\/02\/008_3dmgt-600x384.jpg 600w\" sizes=\"(max-width: 1200px) 100vw, 1200px\" \/> <img loading=\"lazy\" decoding=\"async\" class=\"alignnone size-full wp-image-15806\" src=\"https:\/\/graphimarket.com\/wp-content\/uploads\/2021\/02\/009_3dmgt.jpg\" alt=\"\" width=\"1200\" height=\"768\" srcset=\"https:\/\/graphimarket.com\/wp-content\/uploads\/2021\/02\/009_3dmgt.jpg 1200w, https:\/\/graphimarket.com\/wp-content\/uploads\/2021\/02\/009_3dmgt-300x192.jpg 300w, https:\/\/graphimarket.com\/wp-content\/uploads\/2021\/02\/009_3dmgt-1024x655.jpg 1024w, https:\/\/graphimarket.com\/wp-content\/uploads\/2021\/02\/009_3dmgt-768x492.jpg 768w, https:\/\/graphimarket.com\/wp-content\/uploads\/2021\/02\/009_3dmgt-16x10.jpg 16w, https:\/\/graphimarket.com\/wp-content\/uploads\/2021\/02\/009_3dmgt-600x384.jpg 600w\" sizes=\"(max-width: 1200px) 100vw, 1200px\" \/> <img loading=\"lazy\" decoding=\"async\" class=\"alignnone size-full wp-image-15807\" src=\"https:\/\/graphimarket.com\/wp-content\/uploads\/2021\/02\/010_3dmgt.jpg\" alt=\"\" width=\"1200\" height=\"768\" srcset=\"https:\/\/graphimarket.com\/wp-content\/uploads\/2021\/02\/010_3dmgt.jpg 1200w, https:\/\/graphimarket.com\/wp-content\/uploads\/2021\/02\/010_3dmgt-300x192.jpg 300w, https:\/\/graphimarket.com\/wp-content\/uploads\/2021\/02\/010_3dmgt-1024x655.jpg 1024w, https:\/\/graphimarket.com\/wp-content\/uploads\/2021\/02\/010_3dmgt-768x492.jpg 768w, https:\/\/graphimarket.com\/wp-content\/uploads\/2021\/02\/010_3dmgt-16x10.jpg 16w, https:\/\/graphimarket.com\/wp-content\/uploads\/2021\/02\/010_3dmgt-600x384.jpg 600w\" sizes=\"(max-width: 1200px) 100vw, 1200px\" \/> <img loading=\"lazy\" decoding=\"async\" class=\"alignnone size-full wp-image-15808\" src=\"https:\/\/graphimarket.com\/wp-content\/uploads\/2021\/02\/001_3dmgt.jpg\" alt=\"\" width=\"1200\" height=\"768\" srcset=\"https:\/\/graphimarket.com\/wp-content\/uploads\/2021\/02\/001_3dmgt.jpg 1200w, https:\/\/graphimarket.com\/wp-content\/uploads\/2021\/02\/001_3dmgt-300x192.jpg 300w, https:\/\/graphimarket.com\/wp-content\/uploads\/2021\/02\/001_3dmgt-1024x655.jpg 1024w, https:\/\/graphimarket.com\/wp-content\/uploads\/2021\/02\/001_3dmgt-768x492.jpg 768w, https:\/\/graphimarket.com\/wp-content\/uploads\/2021\/02\/001_3dmgt-16x10.jpg 16w, https:\/\/graphimarket.com\/wp-content\/uploads\/2021\/02\/001_3dmgt-600x384.jpg 600w\" sizes=\"(max-width: 1200px) 100vw, 1200px\" \/> <img loading=\"lazy\" decoding=\"async\" class=\"alignnone size-full wp-image-15809\" src=\"https:\/\/graphimarket.com\/wp-content\/uploads\/2021\/02\/002_3dmgt.jpg\" alt=\"\" width=\"1200\" height=\"768\" srcset=\"https:\/\/graphimarket.com\/wp-content\/uploads\/2021\/02\/002_3dmgt.jpg 1200w, https:\/\/graphimarket.com\/wp-content\/uploads\/2021\/02\/002_3dmgt-300x192.jpg 300w, https:\/\/graphimarket.com\/wp-content\/uploads\/2021\/02\/002_3dmgt-1024x655.jpg 1024w, https:\/\/graphimarket.com\/wp-content\/uploads\/2021\/02\/002_3dmgt-768x492.jpg 768w, https:\/\/graphimarket.com\/wp-content\/uploads\/2021\/02\/002_3dmgt-16x10.jpg 16w, https:\/\/graphimarket.com\/wp-content\/uploads\/2021\/02\/002_3dmgt-600x384.jpg 600w\" sizes=\"(max-width: 1200px) 100vw, 1200px\" \/> <img loading=\"lazy\" decoding=\"async\" class=\"alignnone size-full wp-image-15810\" src=\"https:\/\/graphimarket.com\/wp-content\/uploads\/2021\/02\/003_3dmgt.jpg\" alt=\"\" width=\"1200\" height=\"768\" srcset=\"https:\/\/graphimarket.com\/wp-content\/uploads\/2021\/02\/003_3dmgt.jpg 1200w, https:\/\/graphimarket.com\/wp-content\/uploads\/2021\/02\/003_3dmgt-300x192.jpg 300w, https:\/\/graphimarket.com\/wp-content\/uploads\/2021\/02\/003_3dmgt-1024x655.jpg 1024w, https:\/\/graphimarket.com\/wp-content\/uploads\/2021\/02\/003_3dmgt-768x492.jpg 768w, https:\/\/graphimarket.com\/wp-content\/uploads\/2021\/02\/003_3dmgt-16x10.jpg 16w, https:\/\/graphimarket.com\/wp-content\/uploads\/2021\/02\/003_3dmgt-600x384.jpg 600w\" sizes=\"(max-width: 1200px) 100vw, 1200px\" \/> <img loading=\"lazy\" decoding=\"async\" class=\"alignnone size-full wp-image-15811\" src=\"https:\/\/graphimarket.com\/wp-content\/uploads\/2021\/02\/004_3dmgt.jpg\" alt=\"\" width=\"1200\" height=\"768\" srcset=\"https:\/\/graphimarket.com\/wp-content\/uploads\/2021\/02\/004_3dmgt.jpg 1200w, https:\/\/graphimarket.com\/wp-content\/uploads\/2021\/02\/004_3dmgt-300x192.jpg 300w, https:\/\/graphimarket.com\/wp-content\/uploads\/2021\/02\/004_3dmgt-1024x655.jpg 1024w, https:\/\/graphimarket.com\/wp-content\/uploads\/2021\/02\/004_3dmgt-768x492.jpg 768w, https:\/\/graphimarket.com\/wp-content\/uploads\/2021\/02\/004_3dmgt-16x10.jpg 16w, https:\/\/graphimarket.com\/wp-content\/uploads\/2021\/02\/004_3dmgt-600x384.jpg 600w\" sizes=\"(max-width: 1200px) 100vw, 1200px\" \/><\/p>","protected":false},"excerpt":{"rendered":"<p>3D Map Generator &#8211; Terrain from Heightmap With the 3D Map Generator \u2013 Terrain you can easily create a grayscale heightmap and then generate a 3D terrain out of it. The extensive features of our plugin are real time savers for creatives who want to create professional and high-quality maps in no time. And the [&hellip;]<\/p>\n","protected":false},"featured_media":15804,"comment_status":"open","ping_status":"closed","template":"","meta":{"site-sidebar-layout":"default","site-content-layout":"default","ast-site-content-layout":"default","site-content-style":"default","site-sidebar-style":"default","ast-global-header-display":"","ast-banner-title-visibility":"","ast-main-header-display":"","ast-hfb-above-header-display":"","ast-hfb-below-header-display":"","ast-hfb-mobile-header-display":"","site-post-title":"","ast-breadcrumbs-content":"","ast-featured-img":"","footer-sml-layout":"","ast-disable-related-posts":"","theme-transparent-header-meta":"default","adv-header-id-meta":"","stick-header-meta":"","header-above-stick-meta":"","header-main-stick-meta":"","header-below-stick-meta":"","astra-migrate-meta-layouts":"default","ast-page-background-enabled":"default","ast-page-background-meta":{"desktop":{"background-color":"","background-image":"","background-repeat":"repeat","background-position":"center center","background-size":"auto","background-attachment":"scroll","background-type":"","background-media":"","overlay-type":"","overlay-color":"","overlay-opacity":"","overlay-gradient":""},"tablet":{"background-color":"","background-image":"","background-repeat":"repeat","background-position":"center center","background-size":"auto","background-attachment":"scroll","background-type":"","background-media":"","overlay-type":"","overlay-color":"","overlay-opacity":"","overlay-gradient":""},"mobile":{"background-color":"","background-image":"","background-repeat":"repeat","background-position":"center center","background-size":"auto","background-attachment":"scroll","background-type":"","background-media":"","overlay-type":"","overlay-color":"","overlay-opacity":"","overlay-gradient":""}},"ast-content-background-meta":{"desktop":{"background-color":"var(--ast-global-color-5)","background-image":"","background-repeat":"repeat","background-position":"center center","background-size":"auto","background-attachment":"scroll","background-type":"","background-media":"","overlay-type":"","overlay-color":"","overlay-opacity":"","overlay-gradient":""},"tablet":{"background-color":"var(--ast-global-color-5)","background-image":"","background-repeat":"repeat","background-position":"center center","background-size":"auto","background-attachment":"scroll","background-type":"","background-media":"","overlay-type":"","overlay-color":"","overlay-opacity":"","overlay-gradient":""},"mobile":{"background-color":"var(--ast-global-color-5)","background-image":"","background-repeat":"repeat","background-position":"center center","background-size":"auto","background-attachment":"scroll","background-type":"","background-media":"","overlay-type":"","overlay-color":"","overlay-opacity":"","overlay-gradient":""}}},"product_brand":[],"product_cat":[193,46],"product_tag":[291,303,574,1876,455,1875,243],"class_list":{"0":"post-15799","1":"product","2":"type-product","3":"status-publish","4":"has-post-thumbnail","6":"product_cat-graphic-design","7":"product_cat-graphics","8":"product_tag-3d","9":"product_tag-generator","10":"product_tag-graphic","11":"product_tag-heightmap","12":"product_tag-map","13":"product_tag-terrain","14":"product_tag-texture","15":"desktop-align-left","16":"tablet-align-left","17":"mobile-align-left","19":"first","20":"instock","21":"sale","22":"downloadable","23":"virtual","24":"taxable","25":"purchasable","26":"product-type-simple"},"yoast_head":"<!-- This site is optimized with the Yoast SEO plugin v27.3 - https:\/\/yoast.com\/product\/yoast-seo-wordpress\/ -->\n<title>3D Map Generator - Terrain from Heightmap - Graphimarket<\/title>\n<meta name=\"description\" content=\"With the 3D Map Generator \u2013 Terrain you can easily create a grayscale heightmap and then generate a 3D terrain out of it....\" \/>\n<meta name=\"robots\" content=\"index, follow, max-snippet:-1, max-image-preview:large, max-video-preview:-1\" \/>\n<link rel=\"canonical\" href=\"https:\/\/graphimarket.com\/it\/prodotto\/3d-map-generator-terrain-from-heightmap\/\" \/>\n<meta property=\"og:locale\" content=\"it_IT\" \/>\n<meta property=\"og:type\" content=\"article\" \/>\n<meta property=\"og:title\" content=\"3D Map Generator - Terrain from Heightmap - Graphimarket\" \/>\n<meta property=\"og:description\" content=\"With the 3D Map Generator \u2013 Terrain you can easily create a grayscale heightmap and then generate a 3D terrain out of it....\" \/>\n<meta property=\"og:url\" content=\"https:\/\/graphimarket.com\/it\/prodotto\/3d-map-generator-terrain-from-heightmap\/\" \/>\n<meta property=\"og:site_name\" content=\"Graphimarket\" \/>\n<meta property=\"article:modified_time\" content=\"2026-04-08T20:04:02+00:00\" \/>\n<meta property=\"og:image\" content=\"https:\/\/graphimarket.com\/wp-content\/uploads\/2021\/02\/007_3dmgt.jpg\" \/>\n\t<meta property=\"og:image:width\" content=\"1200\" \/>\n\t<meta property=\"og:image:height\" content=\"768\" \/>\n\t<meta property=\"og:image:type\" content=\"image\/jpeg\" \/>\n<meta name=\"twitter:card\" content=\"summary_large_image\" \/>\n<meta name=\"twitter:label1\" content=\"Tempo di lettura stimato\" \/>\n\t<meta name=\"twitter:data1\" content=\"1 minuto\" \/>\n<script type=\"application\/ld+json\" class=\"yoast-schema-graph\">{\"@context\":\"https:\\\/\\\/schema.org\",\"@graph\":[{\"@type\":\"WebPage\",\"@id\":\"https:\\\/\\\/graphimarket.com\\\/fr\\\/product\\\/3d-map-generator-terrain-from-heightmap\\\/\",\"url\":\"https:\\\/\\\/graphimarket.com\\\/fr\\\/product\\\/3d-map-generator-terrain-from-heightmap\\\/\",\"name\":\"3D Map Generator - Terrain from Heightmap - Graphimarket\",\"isPartOf\":{\"@id\":\"https:\\\/\\\/graphimarket.com\\\/fr\\\/#website\"},\"primaryImageOfPage\":{\"@id\":\"https:\\\/\\\/graphimarket.com\\\/fr\\\/product\\\/3d-map-generator-terrain-from-heightmap\\\/#primaryimage\"},\"image\":{\"@id\":\"https:\\\/\\\/graphimarket.com\\\/fr\\\/product\\\/3d-map-generator-terrain-from-heightmap\\\/#primaryimage\"},\"thumbnailUrl\":\"https:\\\/\\\/graphimarket.com\\\/wp-content\\\/uploads\\\/2021\\\/02\\\/007_3dmgt.jpg\",\"datePublished\":\"2021-02-04T16:38:27+00:00\",\"dateModified\":\"2026-04-08T20:04:02+00:00\",\"description\":\"With the 3D Map Generator \u2013 Terrain you can easily create a grayscale heightmap and then generate a 3D terrain out of it....\",\"breadcrumb\":{\"@id\":\"https:\\\/\\\/graphimarket.com\\\/fr\\\/product\\\/3d-map-generator-terrain-from-heightmap\\\/#breadcrumb\"},\"inLanguage\":\"it-IT\",\"potentialAction\":[{\"@type\":\"ReadAction\",\"target\":[\"https:\\\/\\\/graphimarket.com\\\/fr\\\/product\\\/3d-map-generator-terrain-from-heightmap\\\/\"]}]},{\"@type\":\"ImageObject\",\"inLanguage\":\"it-IT\",\"@id\":\"https:\\\/\\\/graphimarket.com\\\/fr\\\/product\\\/3d-map-generator-terrain-from-heightmap\\\/#primaryimage\",\"url\":\"https:\\\/\\\/graphimarket.com\\\/wp-content\\\/uploads\\\/2021\\\/02\\\/007_3dmgt.jpg\",\"contentUrl\":\"https:\\\/\\\/graphimarket.com\\\/wp-content\\\/uploads\\\/2021\\\/02\\\/007_3dmgt.jpg\",\"width\":1200,\"height\":768},{\"@type\":\"BreadcrumbList\",\"@id\":\"https:\\\/\\\/graphimarket.com\\\/fr\\\/product\\\/3d-map-generator-terrain-from-heightmap\\\/#breadcrumb\",\"itemListElement\":[{\"@type\":\"ListItem\",\"position\":1,\"name\":\"Home\",\"item\":\"https:\\\/\\\/graphimarket.com\\\/es\\\/\"},{\"@type\":\"ListItem\",\"position\":2,\"name\":\"Store\",\"item\":\"https:\\\/\\\/graphimarket.com\\\/store\\\/\"},{\"@type\":\"ListItem\",\"position\":3,\"name\":\"3D Map Generator &#8211; Terrain from Heightmap\"}]},{\"@type\":\"WebSite\",\"@id\":\"https:\\\/\\\/graphimarket.com\\\/fr\\\/#website\",\"url\":\"https:\\\/\\\/graphimarket.com\\\/fr\\\/\",\"name\":\"Graphimarket\",\"description\":\"Find the perfect creative asset to bring your project to life\",\"publisher\":{\"@id\":\"https:\\\/\\\/graphimarket.com\\\/fr\\\/#organization\"},\"potentialAction\":[{\"@type\":\"SearchAction\",\"target\":{\"@type\":\"EntryPoint\",\"urlTemplate\":\"https:\\\/\\\/graphimarket.com\\\/fr\\\/?s={search_term_string}\"},\"query-input\":{\"@type\":\"PropertyValueSpecification\",\"valueRequired\":true,\"valueName\":\"search_term_string\"}}],\"inLanguage\":\"it-IT\"},{\"@type\":\"Organization\",\"@id\":\"https:\\\/\\\/graphimarket.com\\\/fr\\\/#organization\",\"name\":\"Graphimarket\",\"url\":\"https:\\\/\\\/graphimarket.com\\\/fr\\\/\",\"logo\":{\"@type\":\"ImageObject\",\"inLanguage\":\"it-IT\",\"@id\":\"https:\\\/\\\/graphimarket.com\\\/fr\\\/#\\\/schema\\\/logo\\\/image\\\/\",\"url\":\"https:\\\/\\\/graphimarket.com\\\/wp-content\\\/uploads\\\/2020\\\/08\\\/logo-48.png\",\"contentUrl\":\"https:\\\/\\\/graphimarket.com\\\/wp-content\\\/uploads\\\/2020\\\/08\\\/logo-48.png\",\"width\":132,\"height\":48,\"caption\":\"Graphimarket\"},\"image\":{\"@id\":\"https:\\\/\\\/graphimarket.com\\\/fr\\\/#\\\/schema\\\/logo\\\/image\\\/\"}}]}<\/script>\n<!-- \/ Yoast SEO plugin. -->","yoast_head_json":{"title":"Generatore di mappe 3D - Terreno da Heightmap - Graphimarket","description":"Con il Generatore di mappe 3D - Terreno puoi creare facilmente una mappa di altezza in scala di grigi e quindi generare un terreno 3D da essa ...","robots":{"index":"index","follow":"follow","max-snippet":"max-snippet:-1","max-image-preview":"max-image-preview:large","max-video-preview":"max-video-preview:-1"},"canonical":"https:\/\/graphimarket.com\/it\/prodotto\/3d-map-generator-terrain-from-heightmap\/","og_locale":"it_IT","og_type":"article","og_title":"3D Map Generator - Terrain from Heightmap - Graphimarket","og_description":"With the 3D Map Generator \u2013 Terrain you can easily create a grayscale heightmap and then generate a 3D terrain out of it....","og_url":"https:\/\/graphimarket.com\/it\/prodotto\/3d-map-generator-terrain-from-heightmap\/","og_site_name":"Graphimarket","article_modified_time":"2026-04-08T20:04:02+00:00","og_image":[{"width":1200,"height":768,"url":"https:\/\/graphimarket.com\/wp-content\/uploads\/2021\/02\/007_3dmgt.jpg","type":"image\/jpeg"}],"twitter_card":"summary_large_image","twitter_misc":{"Tempo di lettura stimato":"1 minuto"},"schema":{"@context":"https:\/\/schema.org","@graph":[{"@type":"WebPage","@id":"https:\/\/graphimarket.com\/fr\/product\/3d-map-generator-terrain-from-heightmap\/","url":"https:\/\/graphimarket.com\/fr\/product\/3d-map-generator-terrain-from-heightmap\/","name":"Generatore di mappe 3D - Terreno da Heightmap - Graphimarket","isPartOf":{"@id":"https:\/\/graphimarket.com\/fr\/#website"},"primaryImageOfPage":{"@id":"https:\/\/graphimarket.com\/fr\/product\/3d-map-generator-terrain-from-heightmap\/#primaryimage"},"image":{"@id":"https:\/\/graphimarket.com\/fr\/product\/3d-map-generator-terrain-from-heightmap\/#primaryimage"},"thumbnailUrl":"https:\/\/graphimarket.com\/wp-content\/uploads\/2021\/02\/007_3dmgt.jpg","datePublished":"2021-02-04T16:38:27+00:00","dateModified":"2026-04-08T20:04:02+00:00","description":"Con il Generatore di mappe 3D - Terreno puoi creare facilmente una mappa di altezza in scala di grigi e quindi generare un terreno 3D da essa ...","breadcrumb":{"@id":"https:\/\/graphimarket.com\/fr\/product\/3d-map-generator-terrain-from-heightmap\/#breadcrumb"},"inLanguage":"it-IT","potentialAction":[{"@type":"ReadAction","target":["https:\/\/graphimarket.com\/fr\/product\/3d-map-generator-terrain-from-heightmap\/"]}]},{"@type":"ImageObject","inLanguage":"it-IT","@id":"https:\/\/graphimarket.com\/fr\/product\/3d-map-generator-terrain-from-heightmap\/#primaryimage","url":"https:\/\/graphimarket.com\/wp-content\/uploads\/2021\/02\/007_3dmgt.jpg","contentUrl":"https:\/\/graphimarket.com\/wp-content\/uploads\/2021\/02\/007_3dmgt.jpg","width":1200,"height":768},{"@type":"BreadcrumbList","@id":"https:\/\/graphimarket.com\/fr\/product\/3d-map-generator-terrain-from-heightmap\/#breadcrumb","itemListElement":[{"@type":"ListItem","position":1,"name":"Home","item":"https:\/\/graphimarket.com\/es\/"},{"@type":"ListItem","position":2,"name":"Store","item":"https:\/\/graphimarket.com\/store\/"},{"@type":"ListItem","position":3,"name":"3D Map Generator &#8211; Terrain from Heightmap"}]},{"@type":"WebSite","@id":"https:\/\/graphimarket.com\/fr\/#website","url":"https:\/\/graphimarket.com\/fr\/","name":"Graphimarket","description":"Trova la risorsa creativa perfetta per dare vita al tuo progetto","publisher":{"@id":"https:\/\/graphimarket.com\/fr\/#organization"},"potentialAction":[{"@type":"SearchAction","target":{"@type":"EntryPoint","urlTemplate":"https:\/\/graphimarket.com\/fr\/?s={search_term_string}"},"query-input":{"@type":"PropertyValueSpecification","valueRequired":true,"valueName":"search_term_string"}}],"inLanguage":"it-IT"},{"@type":"Organization","@id":"https:\/\/graphimarket.com\/fr\/#organization","name":"Graphimarket","url":"https:\/\/graphimarket.com\/fr\/","logo":{"@type":"ImageObject","inLanguage":"it-IT","@id":"https:\/\/graphimarket.com\/fr\/#\/schema\/logo\/image\/","url":"https:\/\/graphimarket.com\/wp-content\/uploads\/2020\/08\/logo-48.png","contentUrl":"https:\/\/graphimarket.com\/wp-content\/uploads\/2020\/08\/logo-48.png","width":132,"height":48,"caption":"Graphimarket"},"image":{"@id":"https:\/\/graphimarket.com\/fr\/#\/schema\/logo\/image\/"}}]}},"_links":{"self":[{"href":"http:\/\/graphimarket.com\/it\/wp-json\/wp\/v2\/product\/15799","targetHints":{"allow":["GET"]}}],"collection":[{"href":"http:\/\/graphimarket.com\/it\/wp-json\/wp\/v2\/product"}],"about":[{"href":"http:\/\/graphimarket.com\/it\/wp-json\/wp\/v2\/types\/product"}],"replies":[{"embeddable":true,"href":"http:\/\/graphimarket.com\/it\/wp-json\/wp\/v2\/comments?post=15799"}],"version-history":[{"count":0,"href":"http:\/\/graphimarket.com\/it\/wp-json\/wp\/v2\/product\/15799\/revisions"}],"wp:featuredmedia":[{"embeddable":true,"href":"http:\/\/graphimarket.com\/it\/wp-json\/wp\/v2\/media\/15804"}],"wp:attachment":[{"href":"http:\/\/graphimarket.com\/it\/wp-json\/wp\/v2\/media?parent=15799"}],"wp:term":[{"taxonomy":"product_brand","embeddable":true,"href":"http:\/\/graphimarket.com\/it\/wp-json\/wp\/v2\/product_brand?post=15799"},{"taxonomy":"product_cat","embeddable":true,"href":"http:\/\/graphimarket.com\/it\/wp-json\/wp\/v2\/product_cat?post=15799"},{"taxonomy":"product_tag","embeddable":true,"href":"http:\/\/graphimarket.com\/it\/wp-json\/wp\/v2\/product_tag?post=15799"}],"curies":[{"name":"wp","href":"https:\/\/api.w.org\/{rel}","templated":true}]}}