{"id":17588,"date":"2021-04-27T15:38:00","date_gmt":"2021-04-27T13:38:00","guid":{"rendered":"https:\/\/graphimarket.com\/?post_type=product&#038;p=17588"},"modified":"2026-04-08T23:13:26","modified_gmt":"2026-04-08T21:13:26","slug":"65-premium-actions-set","status":"publish","type":"product","link":"http:\/\/graphimarket.com\/it\/prodotto\/65-premium-actions-set\/","title":{"rendered":"65 set di azioni premium"},"content":{"rendered":"<p><strong>65 set di azioni premium<\/strong>\u00a0\u00e8 il\u00a0<strong>Vol.1<\/strong>\u00a0di azioni Photoshop professionali perfette per fotografi e grafici. Tutti sono stati creati con precise regolazioni di calibrazione per dare vita alle tue immagini utilizzando strumenti potenti e metodi professionali.<\/p>\n<h3 id=\"item-description__features\">CARATTERISTICHE<\/h3>\n<ul>\n<li>Azioni non distruttive (tutte le azioni mantengono intatta l&#039;immagine originale)<\/li>\n<li>Disposto (tutti i livelli vengono disposti automaticamente in una cartella di gruppo)<\/li>\n<li>I migliori risultati con un clic<\/li>\n<li>Combina azioni (tutte le azioni sono combinabili per ottenere pi\u00f9 di 65 effetti. Troverai le istruzioni nel file PDF della Guida)<\/li>\n<li>Apporta modifiche (la maggior parte delle azioni \u00e8 stata creata utilizzando &quot;Livelli di regolazione&quot; che ti d\u00e0 la possibilit\u00e0 di modificare i valori a modo tuo)<\/li>\n<\/ul>\n<h3 id=\"item-description__the-set-contains\">IL SET CONTIENE<\/h3>\n<ul>\n<li>B&amp;W - Classico<\/li>\n<li>B&amp;N - Contrasto medio<\/li>\n<li>B&amp;N - Contrasto elevato<\/li>\n<li>B&amp;N - Contrasto ultra<\/li>\n<li>B \/ N - HDR<\/li>\n<li>B&amp;W Pro<\/li>\n<li>B&amp;W Pro - Forte nitidezza<\/li>\n<li>Fotocamera - Lomo LC-A<\/li>\n<li>Fotocamera - Holga Color<\/li>\n<li>Fotocamera - Holga B&amp;W<\/li>\n<li>Fotocamera - Diana<\/li>\n<li>Fotocamera - Polaroid<\/li>\n<li>Contrasto: morbido<\/li>\n<li>Mezzo di contrasto<\/li>\n<li>Contrasto: alto<\/li>\n<li>Correzione - Luce<\/li>\n<li>Correzione - Colore<\/li>\n<li>Correzione - Luce e colore<\/li>\n<li>Cross Processing C-41 in E-6<\/li>\n<li>Cross Processing E-6 in C-41<\/li>\n<li>Effetto - Vecchio<\/li>\n<li>Effetto - Dragan<\/li>\n<li>Effetto: grintoso<\/li>\n<li>Effetto - Orton<\/li>\n<li>Effetto: Dave Hill<\/li>\n<li>Effetto - Velvia<\/li>\n<li>Effetto - Bleach Bypass<\/li>\n<li>Effetto - Infrarossi<\/li>\n<li>Effetto: bagliore<\/li>\n<li>Migliora il contrasto dei mezzitoni - Morbido<\/li>\n<li>Migliora contrasto dei mezzitoni - Medio<\/li>\n<li>Migliora il contrasto dei mezzitoni - Alto<\/li>\n<li>Migliora il contrasto locale: chiarezza<\/li>\n<li>Migliora il contrasto dei toni medi Pro - Maschera luminosit\u00e0<\/li>\n<li>HDR - Passa alto<\/li>\n<li>HDR - Gamma<\/li>\n<li>HDR - Forte<\/li>\n<li>HDR - Grunge<\/li>\n<li>HDR Pro - 3 esposizioni<\/li>\n<li>Perdita di luce - Luce solare<\/li>\n<li>Perdita di luce - Perdite multiple<\/li>\n<li>Perdita di luce - Fine del film<\/li>\n<li>Perdita di luce - Modifica della tonalit\u00e0<\/li>\n<li>Perdita di luce - Doppia temperatura<\/li>\n<li>Riduzione del rumore<\/li>\n<li>Riduzione del rumore - Forte \/ 3 canali<\/li>\n<li>Nitidezza - Morbida<\/li>\n<li>Nitidezza: media<\/li>\n<li>Nitidezza: forte<\/li>\n<li>Nitidezza e contrasto<\/li>\n<li>Nitidezza - Passa alto<\/li>\n<li>Tonificante - Seppia<\/li>\n<li>Tonificante - Argento<\/li>\n<li>Tonificante - Cianotipo<\/li>\n<li>Tonificante - Selenio<\/li>\n<li>Tonificante - Diviso \/ Caldo<\/li>\n<li>Tonificante - Diviso \/ Freddo<\/li>\n<li>Vintage - Saturazione bilanciata<\/li>\n<li>Vintage: contrasto elevato \/ aumento del verde<\/li>\n<li>Vintage - Desaturazione \/ Red Boost<\/li>\n<li>Vintage - Desaturazione \/ Blue Boost<\/li>\n<li>Vintage - Desaturato \/ Tonificante Verde<\/li>\n<li>Vintage - Desaturazione \/ Variazione tonalit\u00e0<\/li>\n<li>Vintage - Effetto Lomo<\/li>\n<li>Vintage - Contrasto ultra rosso<\/li>\n<\/ul>\n<p><img decoding=\"async\" src=\"https:\/\/graphimarket.com\/wp-content\/uploads\/2021\/04\/preview-10.jpg\" \/><\/p>","protected":false},"excerpt":{"rendered":"<p>65 Premium Actions Set\u00a0is the\u00a0Vol.1\u00a0of professional Photoshop actions perfect for photographers and graphic designers. All they have been created with precise calibration adjustments to bring your images to life using powerful tools &amp; professional methods. FEATURES Non-destructive actions (all actions keep untouched the original image) Arranged (all layers are automatically arranged in a Group Folder) [&hellip;]<\/p>\n","protected":false},"featured_media":17590,"comment_status":"open","ping_status":"closed","template":"","meta":{"site-sidebar-layout":"default","site-content-layout":"default","ast-site-content-layout":"default","site-content-style":"default","site-sidebar-style":"default","ast-global-header-display":"","ast-banner-title-visibility":"","ast-main-header-display":"","ast-hfb-above-header-display":"","ast-hfb-below-header-display":"","ast-hfb-mobile-header-display":"","site-post-title":"","ast-breadcrumbs-content":"","ast-featured-img":"","footer-sml-layout":"","ast-disable-related-posts":"","theme-transparent-header-meta":"default","adv-header-id-meta":"","stick-header-meta":"","header-above-stick-meta":"","header-main-stick-meta":"","header-below-stick-meta":"","astra-migrate-meta-layouts":"default","ast-page-background-enabled":"default","ast-page-background-meta":{"desktop":{"background-color":"","background-image":"","background-repeat":"repeat","background-position":"center center","background-size":"auto","background-attachment":"scroll","background-type":"","background-media":"","overlay-type":"","overlay-color":"","overlay-opacity":"","overlay-gradient":""},"tablet":{"background-color":"","background-image":"","background-repeat":"repeat","background-position":"center center","background-size":"auto","background-attachment":"scroll","background-type":"","background-media":"","overlay-type":"","overlay-color":"","overlay-opacity":"","overlay-gradient":""},"mobile":{"background-color":"","background-image":"","background-repeat":"repeat","background-position":"center center","background-size":"auto","background-attachment":"scroll","background-type":"","background-media":"","overlay-type":"","overlay-color":"","overlay-opacity":"","overlay-gradient":""}},"ast-content-background-meta":{"desktop":{"background-color":"var(--ast-global-color-5)","background-image":"","background-repeat":"repeat","background-position":"center center","background-size":"auto","background-attachment":"scroll","background-type":"","background-media":"","overlay-type":"","overlay-color":"","overlay-opacity":"","overlay-gradient":""},"tablet":{"background-color":"var(--ast-global-color-5)","background-image":"","background-repeat":"repeat","background-position":"center center","background-size":"auto","background-attachment":"scroll","background-type":"","background-media":"","overlay-type":"","overlay-color":"","overlay-opacity":"","overlay-gradient":""},"mobile":{"background-color":"var(--ast-global-color-5)","background-image":"","background-repeat":"repeat","background-position":"center center","background-size":"auto","background-attachment":"scroll","background-type":"","background-media":"","overlay-type":"","overlay-color":"","overlay-opacity":"","overlay-gradient":""}}},"product_brand":[],"product_cat":[196,15,144,145,195,146],"product_tag":[1997,292,531,1936,62,421,240],"class_list":{"0":"post-17588","1":"product","2":"type-product","3":"status-publish","4":"has-post-thumbnail","6":"product_cat-actions","7":"product_cat-photo","8":"product_cat-photo-editor","9":"product_cat-photography","10":"product_cat-photoshop","11":"product_cat-photoshop-action","12":"product_tag-1997","13":"product_tag-action","14":"product_tag-cc","15":"product_tag-cs","16":"product_tag-photoshop","17":"product_tag-premium","18":"product_tag-ps","19":"desktop-align-left","20":"tablet-align-left","21":"mobile-align-left","23":"first","24":"instock","25":"sale","26":"downloadable","27":"virtual","28":"taxable","29":"purchasable","30":"product-type-simple"},"yoast_head":"<!-- This site is optimized with the Yoast SEO plugin v27.3 - https:\/\/yoast.com\/product\/yoast-seo-wordpress\/ -->\n<title>65 Premium Actions Set - Graphimarket<\/title>\n<meta name=\"description\" content=\"65 Premium Actions Set\u00a0is the\u00a0Vol.1\u00a0of professional Photoshop actions perfect for photographers and graphic designers....\" \/>\n<meta name=\"robots\" content=\"index, follow, max-snippet:-1, max-image-preview:large, max-video-preview:-1\" \/>\n<link rel=\"canonical\" href=\"https:\/\/graphimarket.com\/it\/prodotto\/65-premium-actions-set\/\" \/>\n<meta property=\"og:locale\" content=\"it_IT\" \/>\n<meta property=\"og:type\" content=\"article\" \/>\n<meta property=\"og:title\" content=\"65 Premium Actions Set - Graphimarket\" \/>\n<meta property=\"og:description\" content=\"65 Premium Actions Set\u00a0is the\u00a0Vol.1\u00a0of professional Photoshop actions perfect for photographers and graphic designers....\" \/>\n<meta property=\"og:url\" content=\"https:\/\/graphimarket.com\/it\/prodotto\/65-premium-actions-set\/\" \/>\n<meta property=\"og:site_name\" content=\"Graphimarket\" \/>\n<meta property=\"article:modified_time\" content=\"2026-04-08T21:13:26+00:00\" \/>\n<meta property=\"og:image\" content=\"https:\/\/graphimarket.com\/wp-content\/uploads\/2021\/04\/icon-19.jpg\" \/>\n\t<meta property=\"og:image:width\" content=\"590\" \/>\n\t<meta property=\"og:image:height\" content=\"682\" \/>\n\t<meta property=\"og:image:type\" content=\"image\/jpeg\" \/>\n<meta name=\"twitter:card\" content=\"summary_large_image\" \/>\n<meta name=\"twitter:label1\" content=\"Tempo di lettura stimato\" \/>\n\t<meta name=\"twitter:data1\" content=\"2 minuti\" \/>\n<script type=\"application\/ld+json\" class=\"yoast-schema-graph\">{\"@context\":\"https:\\\/\\\/schema.org\",\"@graph\":[{\"@type\":\"WebPage\",\"@id\":\"https:\\\/\\\/graphimarket.com\\\/fr\\\/product\\\/65-premium-actions-set\\\/\",\"url\":\"https:\\\/\\\/graphimarket.com\\\/fr\\\/product\\\/65-premium-actions-set\\\/\",\"name\":\"65 Premium Actions Set - Graphimarket\",\"isPartOf\":{\"@id\":\"https:\\\/\\\/graphimarket.com\\\/fr\\\/#website\"},\"primaryImageOfPage\":{\"@id\":\"https:\\\/\\\/graphimarket.com\\\/fr\\\/product\\\/65-premium-actions-set\\\/#primaryimage\"},\"image\":{\"@id\":\"https:\\\/\\\/graphimarket.com\\\/fr\\\/product\\\/65-premium-actions-set\\\/#primaryimage\"},\"thumbnailUrl\":\"https:\\\/\\\/graphimarket.com\\\/wp-content\\\/uploads\\\/2021\\\/04\\\/icon-19.jpg\",\"datePublished\":\"2021-04-27T13:38:00+00:00\",\"dateModified\":\"2026-04-08T21:13:26+00:00\",\"description\":\"65 Premium Actions Set\u00a0is the\u00a0Vol.1\u00a0of professional Photoshop actions perfect for photographers and graphic designers....\",\"breadcrumb\":{\"@id\":\"https:\\\/\\\/graphimarket.com\\\/fr\\\/product\\\/65-premium-actions-set\\\/#breadcrumb\"},\"inLanguage\":\"it-IT\",\"potentialAction\":[{\"@type\":\"ReadAction\",\"target\":[\"https:\\\/\\\/graphimarket.com\\\/fr\\\/product\\\/65-premium-actions-set\\\/\"]}]},{\"@type\":\"ImageObject\",\"inLanguage\":\"it-IT\",\"@id\":\"https:\\\/\\\/graphimarket.com\\\/fr\\\/product\\\/65-premium-actions-set\\\/#primaryimage\",\"url\":\"https:\\\/\\\/graphimarket.com\\\/wp-content\\\/uploads\\\/2021\\\/04\\\/icon-19.jpg\",\"contentUrl\":\"https:\\\/\\\/graphimarket.com\\\/wp-content\\\/uploads\\\/2021\\\/04\\\/icon-19.jpg\",\"width\":590,\"height\":682},{\"@type\":\"BreadcrumbList\",\"@id\":\"https:\\\/\\\/graphimarket.com\\\/fr\\\/product\\\/65-premium-actions-set\\\/#breadcrumb\",\"itemListElement\":[{\"@type\":\"ListItem\",\"position\":1,\"name\":\"Home\",\"item\":\"https:\\\/\\\/graphimarket.com\\\/es\\\/\"},{\"@type\":\"ListItem\",\"position\":2,\"name\":\"Store\",\"item\":\"https:\\\/\\\/graphimarket.com\\\/store\\\/\"},{\"@type\":\"ListItem\",\"position\":3,\"name\":\"65 Premium Actions Set\"}]},{\"@type\":\"WebSite\",\"@id\":\"https:\\\/\\\/graphimarket.com\\\/fr\\\/#website\",\"url\":\"https:\\\/\\\/graphimarket.com\\\/fr\\\/\",\"name\":\"Graphimarket\",\"description\":\"Find the perfect creative asset to bring your project to life\",\"publisher\":{\"@id\":\"https:\\\/\\\/graphimarket.com\\\/fr\\\/#organization\"},\"potentialAction\":[{\"@type\":\"SearchAction\",\"target\":{\"@type\":\"EntryPoint\",\"urlTemplate\":\"https:\\\/\\\/graphimarket.com\\\/fr\\\/?s={search_term_string}\"},\"query-input\":{\"@type\":\"PropertyValueSpecification\",\"valueRequired\":true,\"valueName\":\"search_term_string\"}}],\"inLanguage\":\"it-IT\"},{\"@type\":\"Organization\",\"@id\":\"https:\\\/\\\/graphimarket.com\\\/fr\\\/#organization\",\"name\":\"Graphimarket\",\"url\":\"https:\\\/\\\/graphimarket.com\\\/fr\\\/\",\"logo\":{\"@type\":\"ImageObject\",\"inLanguage\":\"it-IT\",\"@id\":\"https:\\\/\\\/graphimarket.com\\\/fr\\\/#\\\/schema\\\/logo\\\/image\\\/\",\"url\":\"https:\\\/\\\/graphimarket.com\\\/wp-content\\\/uploads\\\/2020\\\/08\\\/logo-48.png\",\"contentUrl\":\"https:\\\/\\\/graphimarket.com\\\/wp-content\\\/uploads\\\/2020\\\/08\\\/logo-48.png\",\"width\":132,\"height\":48,\"caption\":\"Graphimarket\"},\"image\":{\"@id\":\"https:\\\/\\\/graphimarket.com\\\/fr\\\/#\\\/schema\\\/logo\\\/image\\\/\"}}]}<\/script>\n<!-- \/ Yoast SEO plugin. -->","yoast_head_json":{"title":"65 Premium Actions Set - Graphimarket","description":"65 Premium Actions Set \u00e8 il Vol.1 delle azioni professionali di Photoshop, perfetto per fotografi e grafici ...","robots":{"index":"index","follow":"follow","max-snippet":"max-snippet:-1","max-image-preview":"max-image-preview:large","max-video-preview":"max-video-preview:-1"},"canonical":"https:\/\/graphimarket.com\/it\/prodotto\/65-premium-actions-set\/","og_locale":"it_IT","og_type":"article","og_title":"65 Premium Actions Set - Graphimarket","og_description":"65 Premium Actions Set\u00a0is the\u00a0Vol.1\u00a0of professional Photoshop actions perfect for photographers and graphic designers....","og_url":"https:\/\/graphimarket.com\/it\/prodotto\/65-premium-actions-set\/","og_site_name":"Graphimarket","article_modified_time":"2026-04-08T21:13:26+00:00","og_image":[{"width":590,"height":682,"url":"https:\/\/graphimarket.com\/wp-content\/uploads\/2021\/04\/icon-19.jpg","type":"image\/jpeg"}],"twitter_card":"summary_large_image","twitter_misc":{"Tempo di lettura stimato":"2 minuti"},"schema":{"@context":"https:\/\/schema.org","@graph":[{"@type":"WebPage","@id":"https:\/\/graphimarket.com\/fr\/product\/65-premium-actions-set\/","url":"https:\/\/graphimarket.com\/fr\/product\/65-premium-actions-set\/","name":"65 Premium Actions Set - Graphimarket","isPartOf":{"@id":"https:\/\/graphimarket.com\/fr\/#website"},"primaryImageOfPage":{"@id":"https:\/\/graphimarket.com\/fr\/product\/65-premium-actions-set\/#primaryimage"},"image":{"@id":"https:\/\/graphimarket.com\/fr\/product\/65-premium-actions-set\/#primaryimage"},"thumbnailUrl":"https:\/\/graphimarket.com\/wp-content\/uploads\/2021\/04\/icon-19.jpg","datePublished":"2021-04-27T13:38:00+00:00","dateModified":"2026-04-08T21:13:26+00:00","description":"65 Premium Actions Set \u00e8 il Vol.1 delle azioni professionali di Photoshop, perfetto per fotografi e grafici ...","breadcrumb":{"@id":"https:\/\/graphimarket.com\/fr\/product\/65-premium-actions-set\/#breadcrumb"},"inLanguage":"it-IT","potentialAction":[{"@type":"ReadAction","target":["https:\/\/graphimarket.com\/fr\/product\/65-premium-actions-set\/"]}]},{"@type":"ImageObject","inLanguage":"it-IT","@id":"https:\/\/graphimarket.com\/fr\/product\/65-premium-actions-set\/#primaryimage","url":"https:\/\/graphimarket.com\/wp-content\/uploads\/2021\/04\/icon-19.jpg","contentUrl":"https:\/\/graphimarket.com\/wp-content\/uploads\/2021\/04\/icon-19.jpg","width":590,"height":682},{"@type":"BreadcrumbList","@id":"https:\/\/graphimarket.com\/fr\/product\/65-premium-actions-set\/#breadcrumb","itemListElement":[{"@type":"ListItem","position":1,"name":"Home","item":"https:\/\/graphimarket.com\/es\/"},{"@type":"ListItem","position":2,"name":"Store","item":"https:\/\/graphimarket.com\/store\/"},{"@type":"ListItem","position":3,"name":"65 Premium Actions Set"}]},{"@type":"WebSite","@id":"https:\/\/graphimarket.com\/fr\/#website","url":"https:\/\/graphimarket.com\/fr\/","name":"Graphimarket","description":"Trova la risorsa creativa perfetta per dare vita al tuo progetto","publisher":{"@id":"https:\/\/graphimarket.com\/fr\/#organization"},"potentialAction":[{"@type":"SearchAction","target":{"@type":"EntryPoint","urlTemplate":"https:\/\/graphimarket.com\/fr\/?s={search_term_string}"},"query-input":{"@type":"PropertyValueSpecification","valueRequired":true,"valueName":"search_term_string"}}],"inLanguage":"it-IT"},{"@type":"Organization","@id":"https:\/\/graphimarket.com\/fr\/#organization","name":"Graphimarket","url":"https:\/\/graphimarket.com\/fr\/","logo":{"@type":"ImageObject","inLanguage":"it-IT","@id":"https:\/\/graphimarket.com\/fr\/#\/schema\/logo\/image\/","url":"https:\/\/graphimarket.com\/wp-content\/uploads\/2020\/08\/logo-48.png","contentUrl":"https:\/\/graphimarket.com\/wp-content\/uploads\/2020\/08\/logo-48.png","width":132,"height":48,"caption":"Graphimarket"},"image":{"@id":"https:\/\/graphimarket.com\/fr\/#\/schema\/logo\/image\/"}}]}},"_links":{"self":[{"href":"http:\/\/graphimarket.com\/it\/wp-json\/wp\/v2\/product\/17588","targetHints":{"allow":["GET"]}}],"collection":[{"href":"http:\/\/graphimarket.com\/it\/wp-json\/wp\/v2\/product"}],"about":[{"href":"http:\/\/graphimarket.com\/it\/wp-json\/wp\/v2\/types\/product"}],"replies":[{"embeddable":true,"href":"http:\/\/graphimarket.com\/it\/wp-json\/wp\/v2\/comments?post=17588"}],"version-history":[{"count":0,"href":"http:\/\/graphimarket.com\/it\/wp-json\/wp\/v2\/product\/17588\/revisions"}],"wp:featuredmedia":[{"embeddable":true,"href":"http:\/\/graphimarket.com\/it\/wp-json\/wp\/v2\/media\/17590"}],"wp:attachment":[{"href":"http:\/\/graphimarket.com\/it\/wp-json\/wp\/v2\/media?parent=17588"}],"wp:term":[{"taxonomy":"product_brand","embeddable":true,"href":"http:\/\/graphimarket.com\/it\/wp-json\/wp\/v2\/product_brand?post=17588"},{"taxonomy":"product_cat","embeddable":true,"href":"http:\/\/graphimarket.com\/it\/wp-json\/wp\/v2\/product_cat?post=17588"},{"taxonomy":"product_tag","embeddable":true,"href":"http:\/\/graphimarket.com\/it\/wp-json\/wp\/v2\/product_tag?post=17588"}],"curies":[{"name":"wp","href":"https:\/\/api.w.org\/{rel}","templated":true}]}}