{"id":11130,"date":"2020-09-25T10:38:12","date_gmt":"2020-09-25T08:38:12","guid":{"rendered":"https:\/\/graphimarket.com\/?post_type=product&#038;p=11130"},"modified":"2022-12-19T10:01:59","modified_gmt":"2022-12-19T09:01:59","slug":"strong-west-retro-tattoo-font","status":"publish","type":"product","link":"http:\/\/graphimarket.com\/pt\/product\/strong-west-retro-tattoo-font\/","title":{"rendered":"Strong West &#8211; Retro Tattoo Font"},"content":{"rendered":"<div class=\"_2Masz2rr\">\n<p>Introducing a new Script font called Strong West Retro Tattoo Font. Strong West good for logotype, Barbershop, badge, Tattoo Artist, Tattoo merchandise, tattoo letters and any more.<\/p>\n<p><strong>MULTILINGUAL ACCENT :<\/strong><\/p>\n<ul>\n<li>\u017d\u017e\u0160\u0152\u0161\u0178\u00c0\u00c1\u00c2\u00c3\u00c4\u00c5\u00c6\u00c7\u00c8\u00c9\u00ca\u00cb\u00cc\u00cd\u00ce\u00cf\u00d0\u00d1\u00d2\u00d3\u00d4\u00d5\u00d6\u00d8\u00d9\u00da\u00db\u00dc\u00dd\u00df\u00e0\u00e1\u00e2\u00e3\u00e4\u00e5\u00e6\u00e7\u00e8\u00e9\u00ea\u00eb\u00ec\u00ed\u00ee\u00ef\u00f0\u00f1\u00f2\u00f3\u00f4\u00f5\u00f6\u00f8\u00f9\u00fa\u00fb\u00fc\u00fd\u00ff<\/li>\n<\/ul>\n<p><strong>FILES INCLUDE :<\/strong><\/p>\n<ul>\n<li>Strong West. Otf<\/li>\n<li>Strong West. Ttf<\/li>\n<\/ul>\n<p><strong>FEATURES :<\/strong><\/p>\n<ul>\n<li>Uppercase<\/li>\n<li>Lowercase<\/li>\n<li>Number<\/li>\n<li>Pontua\u00e7\u00e3o<\/li>\n<li>Multil\u00edngue<\/li>\n<li>PUA Encode<\/li>\n<li>Tipo aberto<\/li>\n<\/ul>\n<\/div>\n<p>&nbsp;<\/p>\n<p><img fetchpriority=\"high\" decoding=\"async\" class=\"aligncenter wp-image-11131 size-full\" src=\"https:\/\/graphimarket.com\/wp-content\/uploads\/2020\/09\/42c01400-0b49-46db-bad6-21dda31b0546.jpg\" alt=\"\" width=\"1019\" height=\"679\" srcset=\"https:\/\/graphimarket.com\/wp-content\/uploads\/2020\/09\/42c01400-0b49-46db-bad6-21dda31b0546.jpg 1019w, https:\/\/graphimarket.com\/wp-content\/uploads\/2020\/09\/42c01400-0b49-46db-bad6-21dda31b0546-300x200.jpg 300w, https:\/\/graphimarket.com\/wp-content\/uploads\/2020\/09\/42c01400-0b49-46db-bad6-21dda31b0546-768x512.jpg 768w, https:\/\/graphimarket.com\/wp-content\/uploads\/2020\/09\/42c01400-0b49-46db-bad6-21dda31b0546-600x400.jpg 600w\" sizes=\"(max-width: 1019px) 100vw, 1019px\" \/> <img decoding=\"async\" class=\"aligncenter wp-image-11132 size-full\" src=\"https:\/\/graphimarket.com\/wp-content\/uploads\/2020\/09\/5d853bc9-3c66-4370-8e64-1a5ae224a1de.jpg\" alt=\"\" width=\"1170\" height=\"780\" srcset=\"https:\/\/graphimarket.com\/wp-content\/uploads\/2020\/09\/5d853bc9-3c66-4370-8e64-1a5ae224a1de.jpg 1170w, https:\/\/graphimarket.com\/wp-content\/uploads\/2020\/09\/5d853bc9-3c66-4370-8e64-1a5ae224a1de-300x200.jpg 300w, https:\/\/graphimarket.com\/wp-content\/uploads\/2020\/09\/5d853bc9-3c66-4370-8e64-1a5ae224a1de-1024x683.jpg 1024w, https:\/\/graphimarket.com\/wp-content\/uploads\/2020\/09\/5d853bc9-3c66-4370-8e64-1a5ae224a1de-768x512.jpg 768w, https:\/\/graphimarket.com\/wp-content\/uploads\/2020\/09\/5d853bc9-3c66-4370-8e64-1a5ae224a1de-600x400.jpg 600w\" sizes=\"(max-width: 1170px) 100vw, 1170px\" \/> <img decoding=\"async\" class=\"aligncenter wp-image-11133 size-full\" src=\"https:\/\/graphimarket.com\/wp-content\/uploads\/2020\/09\/97b086d7-4c08-458e-a0a6-b9184f615b41.jpg\" alt=\"\" width=\"1170\" height=\"780\" srcset=\"https:\/\/graphimarket.com\/wp-content\/uploads\/2020\/09\/97b086d7-4c08-458e-a0a6-b9184f615b41.jpg 1170w, https:\/\/graphimarket.com\/wp-content\/uploads\/2020\/09\/97b086d7-4c08-458e-a0a6-b9184f615b41-300x200.jpg 300w, https:\/\/graphimarket.com\/wp-content\/uploads\/2020\/09\/97b086d7-4c08-458e-a0a6-b9184f615b41-1024x683.jpg 1024w, https:\/\/graphimarket.com\/wp-content\/uploads\/2020\/09\/97b086d7-4c08-458e-a0a6-b9184f615b41-768x512.jpg 768w, https:\/\/graphimarket.com\/wp-content\/uploads\/2020\/09\/97b086d7-4c08-458e-a0a6-b9184f615b41-600x400.jpg 600w\" sizes=\"(max-width: 1170px) 100vw, 1170px\" \/> <img loading=\"lazy\" decoding=\"async\" class=\"aligncenter wp-image-11134 size-full\" src=\"https:\/\/graphimarket.com\/wp-content\/uploads\/2020\/09\/323b0c85-946b-4da1-a534-31997a85784f.jpg\" alt=\"\" width=\"1170\" height=\"780\" srcset=\"https:\/\/graphimarket.com\/wp-content\/uploads\/2020\/09\/323b0c85-946b-4da1-a534-31997a85784f.jpg 1170w, https:\/\/graphimarket.com\/wp-content\/uploads\/2020\/09\/323b0c85-946b-4da1-a534-31997a85784f-300x200.jpg 300w, https:\/\/graphimarket.com\/wp-content\/uploads\/2020\/09\/323b0c85-946b-4da1-a534-31997a85784f-1024x683.jpg 1024w, https:\/\/graphimarket.com\/wp-content\/uploads\/2020\/09\/323b0c85-946b-4da1-a534-31997a85784f-768x512.jpg 768w, https:\/\/graphimarket.com\/wp-content\/uploads\/2020\/09\/323b0c85-946b-4da1-a534-31997a85784f-600x400.jpg 600w\" sizes=\"(max-width: 1170px) 100vw, 1170px\" \/><\/p>\n<div class=\"_3YqMOf9R\">\n<div class=\"_3KAa4-GZ frEFeDSS\"><\/div>\n<\/div>","protected":false},"excerpt":{"rendered":"<p>Introducing a new Script font called Strong West Retro Tattoo Font. Strong West good for logotype, Barbershop, badge, Tattoo Artist, Tattoo merchandise, tattoo letters and any more. MULTILINGUAL ACCENT : \u017d\u017e\u0160\u0152\u0161\u0178\u00c0\u00c1\u00c2\u00c3\u00c4\u00c5\u00c6\u00c7\u00c8\u00c9\u00ca\u00cb\u00cc\u00cd\u00ce\u00cf\u00d0\u00d1\u00d2\u00d3\u00d4\u00d5\u00d6\u00d8\u00d9\u00da\u00db\u00dc\u00dd\u00df\u00e0\u00e1\u00e2\u00e3\u00e4\u00e5\u00e6\u00e7\u00e8\u00e9\u00ea\u00eb\u00ec\u00ed\u00ee\u00ef\u00f0\u00f1\u00f2\u00f3\u00f4\u00f5\u00f6\u00f8\u00f9\u00fa\u00fb\u00fc\u00fd\u00ff FILES INCLUDE : Strong West. Otf Strong West. Ttf FEATURES : Uppercase Lowercase Number Punctuation Multilingual PUA Encode Opentype &nbsp;<\/p>","protected":false},"featured_media":11131,"comment_status":"open","ping_status":"closed","template":"","meta":{"site-sidebar-layout":"default","site-content-layout":"default","ast-site-content-layout":"default","site-content-style":"default","site-sidebar-style":"default","ast-global-header-display":"","ast-banner-title-visibility":"","ast-main-header-display":"","ast-hfb-above-header-display":"","ast-hfb-below-header-display":"","ast-hfb-mobile-header-display":"","site-post-title":"","ast-breadcrumbs-content":"","ast-featured-img":"","footer-sml-layout":"","ast-disable-related-posts":"","theme-transparent-header-meta":"default","adv-header-id-meta":"","stick-header-meta":"","header-above-stick-meta":"","header-main-stick-meta":"","header-below-stick-meta":"","astra-migrate-meta-layouts":"default","ast-page-background-enabled":"default","ast-page-background-meta":{"desktop":{"background-color":"","background-image":"","background-repeat":"repeat","background-position":"center center","background-size":"auto","background-attachment":"scroll","background-type":"","background-media":"","overlay-type":"","overlay-color":"","overlay-opacity":"","overlay-gradient":""},"tablet":{"background-color":"","background-image":"","background-repeat":"repeat","background-position":"center center","background-size":"auto","background-attachment":"scroll","background-type":"","background-media":"","overlay-type":"","overlay-color":"","overlay-opacity":"","overlay-gradient":""},"mobile":{"background-color":"","background-image":"","background-repeat":"repeat","background-position":"center center","background-size":"auto","background-attachment":"scroll","background-type":"","background-media":"","overlay-type":"","overlay-color":"","overlay-opacity":"","overlay-gradient":""}},"ast-content-background-meta":{"desktop":{"background-color":"var(--ast-global-color-5)","background-image":"","background-repeat":"repeat","background-position":"center center","background-size":"auto","background-attachment":"scroll","background-type":"","background-media":"","overlay-type":"","overlay-color":"","overlay-opacity":"","overlay-gradient":""},"tablet":{"background-color":"var(--ast-global-color-5)","background-image":"","background-repeat":"repeat","background-position":"center center","background-size":"auto","background-attachment":"scroll","background-type":"","background-media":"","overlay-type":"","overlay-color":"","overlay-opacity":"","overlay-gradient":""},"mobile":{"background-color":"var(--ast-global-color-5)","background-image":"","background-repeat":"repeat","background-position":"center center","background-size":"auto","background-attachment":"scroll","background-type":"","background-media":"","overlay-type":"","overlay-color":"","overlay-opacity":"","overlay-gradient":""}}},"product_brand":[],"product_cat":[187],"product_tag":[254,1071,1248,616,577,1250,1251,1252,1253,277,1254,503,874,276,1249],"class_list":{"0":"post-11130","1":"product","2":"type-product","3":"status-publish","4":"has-post-thumbnail","6":"product_cat-fonts","7":"product_tag-art","8":"product_tag-bestseller","9":"product_tag-chicano","10":"product_tag-classic","11":"product_tag-display","12":"product_tag-gotrend2019","13":"product_tag-handrawn","14":"product_tag-logoype","15":"product_tag-playdull","16":"product_tag-retro","17":"product_tag-rockabilly","18":"product_tag-tattoo","19":"product_tag-urban","20":"product_tag-vintage","21":"product_tag-western","22":"desktop-align-left","23":"tablet-align-left","24":"mobile-align-left","26":"first","27":"instock","28":"downloadable","29":"virtual","30":"taxable","31":"purchasable","32":"product-type-simple"},"yoast_head":"<!-- This site is optimized with the Yoast SEO plugin v27.3 - https:\/\/yoast.com\/product\/yoast-seo-wordpress\/ -->\n<title>Strong West - Retro Tattoo Font - Graphimarket<\/title>\n<meta name=\"description\" content=\"Introducing a new Script font called Strong West Retro Tattoo Font. Strong West good for logotype, Barbershop, badge, Tattoo Artist...\" \/>\n<meta name=\"robots\" content=\"index, follow, max-snippet:-1, max-image-preview:large, max-video-preview:-1\" \/>\n<link rel=\"canonical\" href=\"https:\/\/graphimarket.com\/pt\/product\/strong-west-retro-tattoo-font\/\" \/>\n<meta property=\"og:locale\" content=\"pt_PT\" \/>\n<meta property=\"og:type\" content=\"article\" \/>\n<meta property=\"og:title\" content=\"Strong West - Retro Tattoo Font - Graphimarket\" \/>\n<meta property=\"og:description\" content=\"Introducing a new Script font called Strong West Retro Tattoo Font. Strong West good for logotype, Barbershop, badge, Tattoo Artist...\" \/>\n<meta property=\"og:url\" content=\"https:\/\/graphimarket.com\/pt\/product\/strong-west-retro-tattoo-font\/\" \/>\n<meta property=\"og:site_name\" content=\"Graphimarket\" \/>\n<meta property=\"article:modified_time\" content=\"2022-12-19T09:01:59+00:00\" \/>\n<meta property=\"og:image\" content=\"https:\/\/graphimarket.com\/wp-content\/uploads\/2020\/09\/42c01400-0b49-46db-bad6-21dda31b0546.jpg\" \/>\n\t<meta property=\"og:image:width\" content=\"1019\" \/>\n\t<meta property=\"og:image:height\" content=\"679\" \/>\n\t<meta property=\"og:image:type\" content=\"image\/jpeg\" \/>\n<meta name=\"twitter:card\" content=\"summary_large_image\" \/>\n<script type=\"application\/ld+json\" class=\"yoast-schema-graph\">{\"@context\":\"https:\\\/\\\/schema.org\",\"@graph\":[{\"@type\":\"WebPage\",\"@id\":\"https:\\\/\\\/graphimarket.com\\\/product\\\/strong-west-retro-tattoo-font\\\/\",\"url\":\"https:\\\/\\\/graphimarket.com\\\/product\\\/strong-west-retro-tattoo-font\\\/\",\"name\":\"Strong West - Retro Tattoo Font - Graphimarket\",\"isPartOf\":{\"@id\":\"https:\\\/\\\/graphimarket.com\\\/fr\\\/#website\"},\"primaryImageOfPage\":{\"@id\":\"https:\\\/\\\/graphimarket.com\\\/product\\\/strong-west-retro-tattoo-font\\\/#primaryimage\"},\"image\":{\"@id\":\"https:\\\/\\\/graphimarket.com\\\/product\\\/strong-west-retro-tattoo-font\\\/#primaryimage\"},\"thumbnailUrl\":\"https:\\\/\\\/graphimarket.com\\\/wp-content\\\/uploads\\\/2020\\\/09\\\/42c01400-0b49-46db-bad6-21dda31b0546.jpg\",\"datePublished\":\"2020-09-25T08:38:12+00:00\",\"dateModified\":\"2022-12-19T09:01:59+00:00\",\"description\":\"Introducing a new Script font called Strong West Retro Tattoo Font. Strong West good for logotype, Barbershop, badge, Tattoo Artist...\",\"breadcrumb\":{\"@id\":\"https:\\\/\\\/graphimarket.com\\\/product\\\/strong-west-retro-tattoo-font\\\/#breadcrumb\"},\"inLanguage\":\"pt-PT\",\"potentialAction\":[{\"@type\":\"ReadAction\",\"target\":[\"https:\\\/\\\/graphimarket.com\\\/product\\\/strong-west-retro-tattoo-font\\\/\"]}]},{\"@type\":\"ImageObject\",\"inLanguage\":\"pt-PT\",\"@id\":\"https:\\\/\\\/graphimarket.com\\\/product\\\/strong-west-retro-tattoo-font\\\/#primaryimage\",\"url\":\"https:\\\/\\\/graphimarket.com\\\/wp-content\\\/uploads\\\/2020\\\/09\\\/42c01400-0b49-46db-bad6-21dda31b0546.jpg\",\"contentUrl\":\"https:\\\/\\\/graphimarket.com\\\/wp-content\\\/uploads\\\/2020\\\/09\\\/42c01400-0b49-46db-bad6-21dda31b0546.jpg\",\"width\":1019,\"height\":679},{\"@type\":\"BreadcrumbList\",\"@id\":\"https:\\\/\\\/graphimarket.com\\\/product\\\/strong-west-retro-tattoo-font\\\/#breadcrumb\",\"itemListElement\":[{\"@type\":\"ListItem\",\"position\":1,\"name\":\"Home\",\"item\":\"https:\\\/\\\/graphimarket.com\\\/es\\\/\"},{\"@type\":\"ListItem\",\"position\":2,\"name\":\"Store\",\"item\":\"https:\\\/\\\/graphimarket.com\\\/store\\\/\"},{\"@type\":\"ListItem\",\"position\":3,\"name\":\"Strong West &#8211; Retro Tattoo Font\"}]},{\"@type\":\"WebSite\",\"@id\":\"https:\\\/\\\/graphimarket.com\\\/fr\\\/#website\",\"url\":\"https:\\\/\\\/graphimarket.com\\\/fr\\\/\",\"name\":\"Graphimarket\",\"description\":\"Find the perfect creative asset to bring your project to life\",\"publisher\":{\"@id\":\"https:\\\/\\\/graphimarket.com\\\/fr\\\/#organization\"},\"potentialAction\":[{\"@type\":\"SearchAction\",\"target\":{\"@type\":\"EntryPoint\",\"urlTemplate\":\"https:\\\/\\\/graphimarket.com\\\/fr\\\/?s={search_term_string}\"},\"query-input\":{\"@type\":\"PropertyValueSpecification\",\"valueRequired\":true,\"valueName\":\"search_term_string\"}}],\"inLanguage\":\"pt-PT\"},{\"@type\":\"Organization\",\"@id\":\"https:\\\/\\\/graphimarket.com\\\/fr\\\/#organization\",\"name\":\"Graphimarket\",\"url\":\"https:\\\/\\\/graphimarket.com\\\/fr\\\/\",\"logo\":{\"@type\":\"ImageObject\",\"inLanguage\":\"pt-PT\",\"@id\":\"https:\\\/\\\/graphimarket.com\\\/fr\\\/#\\\/schema\\\/logo\\\/image\\\/\",\"url\":\"https:\\\/\\\/graphimarket.com\\\/wp-content\\\/uploads\\\/2020\\\/08\\\/logo-48.png\",\"contentUrl\":\"https:\\\/\\\/graphimarket.com\\\/wp-content\\\/uploads\\\/2020\\\/08\\\/logo-48.png\",\"width\":132,\"height\":48,\"caption\":\"Graphimarket\"},\"image\":{\"@id\":\"https:\\\/\\\/graphimarket.com\\\/fr\\\/#\\\/schema\\\/logo\\\/image\\\/\"}}]}<\/script>\n<!-- \/ Yoast SEO plugin. -->","yoast_head_json":{"title":"Strong West - Retro Tattoo Font - Graphimarket","description":"Introducing a new Script font called Strong West Retro Tattoo Font. Strong West good for logotype, Barbershop, badge, Tattoo Artist...","robots":{"index":"index","follow":"follow","max-snippet":"max-snippet:-1","max-image-preview":"max-image-preview:large","max-video-preview":"max-video-preview:-1"},"canonical":"https:\/\/graphimarket.com\/pt\/product\/strong-west-retro-tattoo-font\/","og_locale":"pt_PT","og_type":"article","og_title":"Strong West - Retro Tattoo Font - Graphimarket","og_description":"Introducing a new Script font called Strong West Retro Tattoo Font. Strong West good for logotype, Barbershop, badge, Tattoo Artist...","og_url":"https:\/\/graphimarket.com\/pt\/product\/strong-west-retro-tattoo-font\/","og_site_name":"Graphimarket","article_modified_time":"2022-12-19T09:01:59+00:00","og_image":[{"width":1019,"height":679,"url":"https:\/\/graphimarket.com\/wp-content\/uploads\/2020\/09\/42c01400-0b49-46db-bad6-21dda31b0546.jpg","type":"image\/jpeg"}],"twitter_card":"summary_large_image","schema":{"@context":"https:\/\/schema.org","@graph":[{"@type":"WebPage","@id":"https:\/\/graphimarket.com\/product\/strong-west-retro-tattoo-font\/","url":"https:\/\/graphimarket.com\/product\/strong-west-retro-tattoo-font\/","name":"Strong West - Retro Tattoo Font - Graphimarket","isPartOf":{"@id":"https:\/\/graphimarket.com\/fr\/#website"},"primaryImageOfPage":{"@id":"https:\/\/graphimarket.com\/product\/strong-west-retro-tattoo-font\/#primaryimage"},"image":{"@id":"https:\/\/graphimarket.com\/product\/strong-west-retro-tattoo-font\/#primaryimage"},"thumbnailUrl":"https:\/\/graphimarket.com\/wp-content\/uploads\/2020\/09\/42c01400-0b49-46db-bad6-21dda31b0546.jpg","datePublished":"2020-09-25T08:38:12+00:00","dateModified":"2022-12-19T09:01:59+00:00","description":"Introducing a new Script font called Strong West Retro Tattoo Font. Strong West good for logotype, Barbershop, badge, Tattoo Artist...","breadcrumb":{"@id":"https:\/\/graphimarket.com\/product\/strong-west-retro-tattoo-font\/#breadcrumb"},"inLanguage":"pt-PT","potentialAction":[{"@type":"ReadAction","target":["https:\/\/graphimarket.com\/product\/strong-west-retro-tattoo-font\/"]}]},{"@type":"ImageObject","inLanguage":"pt-PT","@id":"https:\/\/graphimarket.com\/product\/strong-west-retro-tattoo-font\/#primaryimage","url":"https:\/\/graphimarket.com\/wp-content\/uploads\/2020\/09\/42c01400-0b49-46db-bad6-21dda31b0546.jpg","contentUrl":"https:\/\/graphimarket.com\/wp-content\/uploads\/2020\/09\/42c01400-0b49-46db-bad6-21dda31b0546.jpg","width":1019,"height":679},{"@type":"BreadcrumbList","@id":"https:\/\/graphimarket.com\/product\/strong-west-retro-tattoo-font\/#breadcrumb","itemListElement":[{"@type":"ListItem","position":1,"name":"Home","item":"https:\/\/graphimarket.com\/es\/"},{"@type":"ListItem","position":2,"name":"Store","item":"https:\/\/graphimarket.com\/store\/"},{"@type":"ListItem","position":3,"name":"Strong West &#8211; Retro Tattoo Font"}]},{"@type":"WebSite","@id":"https:\/\/graphimarket.com\/fr\/#website","url":"https:\/\/graphimarket.com\/fr\/","name":"Graphimarket","description":"Encontre o ativo criativo perfeito para dar vida ao seu projeto","publisher":{"@id":"https:\/\/graphimarket.com\/fr\/#organization"},"potentialAction":[{"@type":"SearchAction","target":{"@type":"EntryPoint","urlTemplate":"https:\/\/graphimarket.com\/fr\/?s={search_term_string}"},"query-input":{"@type":"PropertyValueSpecification","valueRequired":true,"valueName":"search_term_string"}}],"inLanguage":"pt-PT"},{"@type":"Organization","@id":"https:\/\/graphimarket.com\/fr\/#organization","name":"Graphimarket","url":"https:\/\/graphimarket.com\/fr\/","logo":{"@type":"ImageObject","inLanguage":"pt-PT","@id":"https:\/\/graphimarket.com\/fr\/#\/schema\/logo\/image\/","url":"https:\/\/graphimarket.com\/wp-content\/uploads\/2020\/08\/logo-48.png","contentUrl":"https:\/\/graphimarket.com\/wp-content\/uploads\/2020\/08\/logo-48.png","width":132,"height":48,"caption":"Graphimarket"},"image":{"@id":"https:\/\/graphimarket.com\/fr\/#\/schema\/logo\/image\/"}}]}},"_links":{"self":[{"href":"http:\/\/graphimarket.com\/pt\/wp-json\/wp\/v2\/product\/11130","targetHints":{"allow":["GET"]}}],"collection":[{"href":"http:\/\/graphimarket.com\/pt\/wp-json\/wp\/v2\/product"}],"about":[{"href":"http:\/\/graphimarket.com\/pt\/wp-json\/wp\/v2\/types\/product"}],"replies":[{"embeddable":true,"href":"http:\/\/graphimarket.com\/pt\/wp-json\/wp\/v2\/comments?post=11130"}],"version-history":[{"count":0,"href":"http:\/\/graphimarket.com\/pt\/wp-json\/wp\/v2\/product\/11130\/revisions"}],"wp:featuredmedia":[{"embeddable":true,"href":"http:\/\/graphimarket.com\/pt\/wp-json\/wp\/v2\/media\/11131"}],"wp:attachment":[{"href":"http:\/\/graphimarket.com\/pt\/wp-json\/wp\/v2\/media?parent=11130"}],"wp:term":[{"taxonomy":"product_brand","embeddable":true,"href":"http:\/\/graphimarket.com\/pt\/wp-json\/wp\/v2\/product_brand?post=11130"},{"taxonomy":"product_cat","embeddable":true,"href":"http:\/\/graphimarket.com\/pt\/wp-json\/wp\/v2\/product_cat?post=11130"},{"taxonomy":"product_tag","embeddable":true,"href":"http:\/\/graphimarket.com\/pt\/wp-json\/wp\/v2\/product_tag?post=11130"}],"curies":[{"name":"wp","href":"https:\/\/api.w.org\/{rel}","templated":true}]}}