{"id":11145,"date":"2020-09-25T10:57:18","date_gmt":"2020-09-25T08:57:18","guid":{"rendered":"https:\/\/graphimarket.com\/?post_type=product&#038;p=11145"},"modified":"2022-12-19T10:01:39","modified_gmt":"2022-12-19T09:01:39","slug":"lollapalooza-font-trio","status":"publish","type":"product","link":"http:\/\/graphimarket.com\/pt\/product\/lollapalooza-font-trio\/","title":{"rendered":"Lollapalooza Font Trio"},"content":{"rendered":"<div class=\"_2Masz2rr\">\n<p>Lollapalooza est\u00e1 aqui! Mas n\u00e3o \u00e9 um festival em Chicago, \u00e9 uma nova fonte maravilhosa! Na verdade, \u00e9 um trio de fontes e voc\u00ea pode combinar as vers\u00f5es pequena, m\u00e9dia e grande para criar um novo estilo \u00fanico e peculiar!<\/p>\n<p><strong>o que est\u00e1 inclu\u00eddo<\/strong><\/p>\n<p>Fonte Lollapalooza Large (Formatos OTF e TTF) Fonte Lollapalooza Medium (Formatos OTF e TTF) Fonte Lollapalooza Small (Formatos OTF e TTF) Web Fonts (Formatos EOT, SVG, WOFF e WOFF2) Download Instant\u00e2neo Atualiza\u00e7\u00f5es Gratuitas Se voc\u00ea tiver d\u00favidas, perguntas ou problemas, por favor, n\u00e3o hesite em nos contatar diretamente.<\/p>\n<\/div>\n<p>&nbsp;<\/p>\n<p><img fetchpriority=\"high\" decoding=\"async\" class=\"aligncenter wp-image-11146 size-full\" src=\"https:\/\/graphimarket.com\/wp-content\/uploads\/2020\/09\/3c6cd844-9dbb-4bc9-bfb0-c07777024c42.jpg\" alt=\"\" width=\"1160\" height=\"772\" srcset=\"https:\/\/graphimarket.com\/wp-content\/uploads\/2020\/09\/3c6cd844-9dbb-4bc9-bfb0-c07777024c42.jpg 1160w, https:\/\/graphimarket.com\/wp-content\/uploads\/2020\/09\/3c6cd844-9dbb-4bc9-bfb0-c07777024c42-300x200.jpg 300w, https:\/\/graphimarket.com\/wp-content\/uploads\/2020\/09\/3c6cd844-9dbb-4bc9-bfb0-c07777024c42-1024x681.jpg 1024w, https:\/\/graphimarket.com\/wp-content\/uploads\/2020\/09\/3c6cd844-9dbb-4bc9-bfb0-c07777024c42-768x511.jpg 768w, https:\/\/graphimarket.com\/wp-content\/uploads\/2020\/09\/3c6cd844-9dbb-4bc9-bfb0-c07777024c42-600x399.jpg 600w\" sizes=\"(max-width: 1160px) 100vw, 1160px\" \/> <img decoding=\"async\" class=\"aligncenter wp-image-11147 size-full\" src=\"https:\/\/graphimarket.com\/wp-content\/uploads\/2020\/09\/6c0a2ea1-3caf-45c1-aa89-24f814ceecd3.jpg\" alt=\"\" width=\"1160\" height=\"772\" srcset=\"https:\/\/graphimarket.com\/wp-content\/uploads\/2020\/09\/6c0a2ea1-3caf-45c1-aa89-24f814ceecd3.jpg 1160w, https:\/\/graphimarket.com\/wp-content\/uploads\/2020\/09\/6c0a2ea1-3caf-45c1-aa89-24f814ceecd3-300x200.jpg 300w, https:\/\/graphimarket.com\/wp-content\/uploads\/2020\/09\/6c0a2ea1-3caf-45c1-aa89-24f814ceecd3-1024x681.jpg 1024w, https:\/\/graphimarket.com\/wp-content\/uploads\/2020\/09\/6c0a2ea1-3caf-45c1-aa89-24f814ceecd3-768x511.jpg 768w, https:\/\/graphimarket.com\/wp-content\/uploads\/2020\/09\/6c0a2ea1-3caf-45c1-aa89-24f814ceecd3-600x399.jpg 600w\" sizes=\"(max-width: 1160px) 100vw, 1160px\" \/> <img decoding=\"async\" class=\"aligncenter wp-image-11148 size-full\" src=\"https:\/\/graphimarket.com\/wp-content\/uploads\/2020\/09\/89140a5a-7b8e-492d-bb0f-37c0adc6323e.jpg\" alt=\"\" width=\"1160\" height=\"772\" srcset=\"https:\/\/graphimarket.com\/wp-content\/uploads\/2020\/09\/89140a5a-7b8e-492d-bb0f-37c0adc6323e.jpg 1160w, https:\/\/graphimarket.com\/wp-content\/uploads\/2020\/09\/89140a5a-7b8e-492d-bb0f-37c0adc6323e-300x200.jpg 300w, https:\/\/graphimarket.com\/wp-content\/uploads\/2020\/09\/89140a5a-7b8e-492d-bb0f-37c0adc6323e-1024x681.jpg 1024w, https:\/\/graphimarket.com\/wp-content\/uploads\/2020\/09\/89140a5a-7b8e-492d-bb0f-37c0adc6323e-768x511.jpg 768w, https:\/\/graphimarket.com\/wp-content\/uploads\/2020\/09\/89140a5a-7b8e-492d-bb0f-37c0adc6323e-600x399.jpg 600w\" sizes=\"(max-width: 1160px) 100vw, 1160px\" \/> <img loading=\"lazy\" decoding=\"async\" class=\"aligncenter wp-image-11149 size-full\" src=\"https:\/\/graphimarket.com\/wp-content\/uploads\/2020\/09\/7363e35a-729a-421f-a17a-35d6f7cfced0.jpg\" alt=\"\" width=\"1019\" height=\"679\" srcset=\"https:\/\/graphimarket.com\/wp-content\/uploads\/2020\/09\/7363e35a-729a-421f-a17a-35d6f7cfced0.jpg 1019w, https:\/\/graphimarket.com\/wp-content\/uploads\/2020\/09\/7363e35a-729a-421f-a17a-35d6f7cfced0-300x200.jpg 300w, https:\/\/graphimarket.com\/wp-content\/uploads\/2020\/09\/7363e35a-729a-421f-a17a-35d6f7cfced0-768x512.jpg 768w, https:\/\/graphimarket.com\/wp-content\/uploads\/2020\/09\/7363e35a-729a-421f-a17a-35d6f7cfced0-600x400.jpg 600w\" sizes=\"(max-width: 1019px) 100vw, 1019px\" \/> <img loading=\"lazy\" decoding=\"async\" class=\"aligncenter wp-image-11150 size-full\" src=\"https:\/\/graphimarket.com\/wp-content\/uploads\/2020\/09\/2a2df8f6-cd46-4649-9be0-1b6179fa0d53.jpg\" alt=\"\" width=\"1160\" height=\"772\" srcset=\"https:\/\/graphimarket.com\/wp-content\/uploads\/2020\/09\/2a2df8f6-cd46-4649-9be0-1b6179fa0d53.jpg 1160w, https:\/\/graphimarket.com\/wp-content\/uploads\/2020\/09\/2a2df8f6-cd46-4649-9be0-1b6179fa0d53-300x200.jpg 300w, https:\/\/graphimarket.com\/wp-content\/uploads\/2020\/09\/2a2df8f6-cd46-4649-9be0-1b6179fa0d53-1024x681.jpg 1024w, https:\/\/graphimarket.com\/wp-content\/uploads\/2020\/09\/2a2df8f6-cd46-4649-9be0-1b6179fa0d53-768x511.jpg 768w, https:\/\/graphimarket.com\/wp-content\/uploads\/2020\/09\/2a2df8f6-cd46-4649-9be0-1b6179fa0d53-600x399.jpg 600w\" sizes=\"(max-width: 1160px) 100vw, 1160px\" \/><\/p>\n<div class=\"_3YqMOf9R\">\n<div class=\"_3KAa4-GZ frEFeDSS\"><\/div>\n<\/div>","protected":false},"excerpt":{"rendered":"<p>Lollapalooza is here! But it\u2019s not a festival in Chicago, it\u2019s a wonderful new font! In fact, it\u2019s a font trio and you can combine the small, medium and large versions together to create a unique and quirky new style! What&#8217;s Included Lollapalooza Large Font (OTF &amp; TTF Formats) Lollapalooza Medium Font (OTF &amp; TTF [&hellip;]<\/p>\n","protected":false},"featured_media":11149,"comment_status":"open","ping_status":"closed","template":"","meta":{"site-sidebar-layout":"default","site-content-layout":"default","ast-site-content-layout":"default","site-content-style":"default","site-sidebar-style":"default","ast-global-header-display":"","ast-banner-title-visibility":"","ast-main-header-display":"","ast-hfb-above-header-display":"","ast-hfb-below-header-display":"","ast-hfb-mobile-header-display":"","site-post-title":"","ast-breadcrumbs-content":"","ast-featured-img":"","footer-sml-layout":"","ast-disable-related-posts":"","theme-transparent-header-meta":"default","adv-header-id-meta":"","stick-header-meta":"","header-above-stick-meta":"","header-main-stick-meta":"","header-below-stick-meta":"","astra-migrate-meta-layouts":"default","ast-page-background-enabled":"default","ast-page-background-meta":{"desktop":{"background-color":"","background-image":"","background-repeat":"repeat","background-position":"center center","background-size":"auto","background-attachment":"scroll","background-type":"","background-media":"","overlay-type":"","overlay-color":"","overlay-opacity":"","overlay-gradient":""},"tablet":{"background-color":"","background-image":"","background-repeat":"repeat","background-position":"center center","background-size":"auto","background-attachment":"scroll","background-type":"","background-media":"","overlay-type":"","overlay-color":"","overlay-opacity":"","overlay-gradient":""},"mobile":{"background-color":"","background-image":"","background-repeat":"repeat","background-position":"center center","background-size":"auto","background-attachment":"scroll","background-type":"","background-media":"","overlay-type":"","overlay-color":"","overlay-opacity":"","overlay-gradient":""}},"ast-content-background-meta":{"desktop":{"background-color":"var(--ast-global-color-5)","background-image":"","background-repeat":"repeat","background-position":"center center","background-size":"auto","background-attachment":"scroll","background-type":"","background-media":"","overlay-type":"","overlay-color":"","overlay-opacity":"","overlay-gradient":""},"tablet":{"background-color":"var(--ast-global-color-5)","background-image":"","background-repeat":"repeat","background-position":"center center","background-size":"auto","background-attachment":"scroll","background-type":"","background-media":"","overlay-type":"","overlay-color":"","overlay-opacity":"","overlay-gradient":""},"mobile":{"background-color":"var(--ast-global-color-5)","background-image":"","background-repeat":"repeat","background-position":"center center","background-size":"auto","background-attachment":"scroll","background-type":"","background-media":"","overlay-type":"","overlay-color":"","overlay-opacity":"","overlay-gradient":""}}},"product_brand":[],"product_cat":[187],"product_tag":[1095,1088,1242,1268,1263,884,1266,1261,1072,1267,1264,1262,1265,1260,1269],"class_list":{"0":"post-11145","1":"product","2":"type-product","3":"status-publish","4":"has-post-thumbnail","6":"product_cat-fonts","7":"product_tag-cute","8":"product_tag-fun","9":"product_tag-funny","10":"product_tag-jumbled","11":"product_tag-little","12":"product_tag-mini","13":"product_tag-miniture","14":"product_tag-odd","15":"product_tag-playful","16":"product_tag-pretty","17":"product_tag-small","18":"product_tag-strange","19":"product_tag-tiny","20":"product_tag-trio","21":"product_tag-weird","22":"desktop-align-left","23":"tablet-align-left","24":"mobile-align-left","26":"first","27":"instock","28":"downloadable","29":"virtual","30":"taxable","31":"purchasable","32":"product-type-simple"},"yoast_head":"<!-- This site is optimized with the Yoast SEO plugin v27.3 - https:\/\/yoast.com\/product\/yoast-seo-wordpress\/ -->\n<title>Lollapalooza Font Trio - Graphimarket<\/title>\n<meta name=\"description\" content=\"Lollapalooza is here! But it\u2019s not a festival in Chicago, it\u2019s a wonderful new font! In fact, it\u2019s a font trio and you can combine the small\" \/>\n<meta name=\"robots\" content=\"index, follow, max-snippet:-1, max-image-preview:large, max-video-preview:-1\" \/>\n<link rel=\"canonical\" href=\"https:\/\/graphimarket.com\/pt\/product\/lollapalooza-font-trio\/\" \/>\n<meta property=\"og:locale\" content=\"pt_PT\" \/>\n<meta property=\"og:type\" content=\"article\" \/>\n<meta property=\"og:title\" content=\"Lollapalooza Font Trio - Graphimarket\" \/>\n<meta property=\"og:description\" content=\"Lollapalooza is here! But it\u2019s not a festival in Chicago, it\u2019s a wonderful new font! In fact, it\u2019s a font trio and you can combine the small\" \/>\n<meta property=\"og:url\" content=\"https:\/\/graphimarket.com\/pt\/product\/lollapalooza-font-trio\/\" \/>\n<meta property=\"og:site_name\" content=\"Graphimarket\" \/>\n<meta property=\"article:modified_time\" content=\"2022-12-19T09:01:39+00:00\" \/>\n<meta property=\"og:image\" content=\"https:\/\/graphimarket.com\/wp-content\/uploads\/2020\/09\/7363e35a-729a-421f-a17a-35d6f7cfced0.jpg\" \/>\n\t<meta property=\"og:image:width\" content=\"1019\" \/>\n\t<meta property=\"og:image:height\" content=\"679\" \/>\n\t<meta property=\"og:image:type\" content=\"image\/jpeg\" \/>\n<meta name=\"twitter:card\" content=\"summary_large_image\" \/>\n<script type=\"application\/ld+json\" class=\"yoast-schema-graph\">{\"@context\":\"https:\\\/\\\/schema.org\",\"@graph\":[{\"@type\":\"WebPage\",\"@id\":\"https:\\\/\\\/graphimarket.com\\\/product\\\/lollapalooza-font-trio\\\/\",\"url\":\"https:\\\/\\\/graphimarket.com\\\/product\\\/lollapalooza-font-trio\\\/\",\"name\":\"Lollapalooza Font Trio - Graphimarket\",\"isPartOf\":{\"@id\":\"https:\\\/\\\/graphimarket.com\\\/fr\\\/#website\"},\"primaryImageOfPage\":{\"@id\":\"https:\\\/\\\/graphimarket.com\\\/product\\\/lollapalooza-font-trio\\\/#primaryimage\"},\"image\":{\"@id\":\"https:\\\/\\\/graphimarket.com\\\/product\\\/lollapalooza-font-trio\\\/#primaryimage\"},\"thumbnailUrl\":\"https:\\\/\\\/graphimarket.com\\\/wp-content\\\/uploads\\\/2020\\\/09\\\/7363e35a-729a-421f-a17a-35d6f7cfced0.jpg\",\"datePublished\":\"2020-09-25T08:57:18+00:00\",\"dateModified\":\"2022-12-19T09:01:39+00:00\",\"description\":\"Lollapalooza is here! But it\u2019s not a festival in Chicago, it\u2019s a wonderful new font! In fact, it\u2019s a font trio and you can combine the small\",\"breadcrumb\":{\"@id\":\"https:\\\/\\\/graphimarket.com\\\/product\\\/lollapalooza-font-trio\\\/#breadcrumb\"},\"inLanguage\":\"pt-PT\",\"potentialAction\":[{\"@type\":\"ReadAction\",\"target\":[\"https:\\\/\\\/graphimarket.com\\\/product\\\/lollapalooza-font-trio\\\/\"]}]},{\"@type\":\"ImageObject\",\"inLanguage\":\"pt-PT\",\"@id\":\"https:\\\/\\\/graphimarket.com\\\/product\\\/lollapalooza-font-trio\\\/#primaryimage\",\"url\":\"https:\\\/\\\/graphimarket.com\\\/wp-content\\\/uploads\\\/2020\\\/09\\\/7363e35a-729a-421f-a17a-35d6f7cfced0.jpg\",\"contentUrl\":\"https:\\\/\\\/graphimarket.com\\\/wp-content\\\/uploads\\\/2020\\\/09\\\/7363e35a-729a-421f-a17a-35d6f7cfced0.jpg\",\"width\":1019,\"height\":679},{\"@type\":\"BreadcrumbList\",\"@id\":\"https:\\\/\\\/graphimarket.com\\\/product\\\/lollapalooza-font-trio\\\/#breadcrumb\",\"itemListElement\":[{\"@type\":\"ListItem\",\"position\":1,\"name\":\"Home\",\"item\":\"https:\\\/\\\/graphimarket.com\\\/es\\\/\"},{\"@type\":\"ListItem\",\"position\":2,\"name\":\"Store\",\"item\":\"https:\\\/\\\/graphimarket.com\\\/store\\\/\"},{\"@type\":\"ListItem\",\"position\":3,\"name\":\"Lollapalooza Font Trio\"}]},{\"@type\":\"WebSite\",\"@id\":\"https:\\\/\\\/graphimarket.com\\\/fr\\\/#website\",\"url\":\"https:\\\/\\\/graphimarket.com\\\/fr\\\/\",\"name\":\"Graphimarket\",\"description\":\"Find the perfect creative asset to bring your project to life\",\"publisher\":{\"@id\":\"https:\\\/\\\/graphimarket.com\\\/fr\\\/#organization\"},\"potentialAction\":[{\"@type\":\"SearchAction\",\"target\":{\"@type\":\"EntryPoint\",\"urlTemplate\":\"https:\\\/\\\/graphimarket.com\\\/fr\\\/?s={search_term_string}\"},\"query-input\":{\"@type\":\"PropertyValueSpecification\",\"valueRequired\":true,\"valueName\":\"search_term_string\"}}],\"inLanguage\":\"pt-PT\"},{\"@type\":\"Organization\",\"@id\":\"https:\\\/\\\/graphimarket.com\\\/fr\\\/#organization\",\"name\":\"Graphimarket\",\"url\":\"https:\\\/\\\/graphimarket.com\\\/fr\\\/\",\"logo\":{\"@type\":\"ImageObject\",\"inLanguage\":\"pt-PT\",\"@id\":\"https:\\\/\\\/graphimarket.com\\\/fr\\\/#\\\/schema\\\/logo\\\/image\\\/\",\"url\":\"https:\\\/\\\/graphimarket.com\\\/wp-content\\\/uploads\\\/2020\\\/08\\\/logo-48.png\",\"contentUrl\":\"https:\\\/\\\/graphimarket.com\\\/wp-content\\\/uploads\\\/2020\\\/08\\\/logo-48.png\",\"width\":132,\"height\":48,\"caption\":\"Graphimarket\"},\"image\":{\"@id\":\"https:\\\/\\\/graphimarket.com\\\/fr\\\/#\\\/schema\\\/logo\\\/image\\\/\"}}]}<\/script>\n<!-- \/ Yoast SEO plugin. -->","yoast_head_json":{"title":"Lollapalooza Font Trio - Graphimarket","description":"Lollapalooza est\u00e1 aqui! Mas n\u00e3o \u00e9 um festival em Chicago, \u00e9 uma nova fonte maravilhosa! Na verdade, \u00e9 um trio de fontes e voc\u00ea pode combinar as pequenas","robots":{"index":"index","follow":"follow","max-snippet":"max-snippet:-1","max-image-preview":"max-image-preview:large","max-video-preview":"max-video-preview:-1"},"canonical":"https:\/\/graphimarket.com\/pt\/product\/lollapalooza-font-trio\/","og_locale":"pt_PT","og_type":"article","og_title":"Lollapalooza Font Trio - Graphimarket","og_description":"Lollapalooza is here! But it\u2019s not a festival in Chicago, it\u2019s a wonderful new font! In fact, it\u2019s a font trio and you can combine the small","og_url":"https:\/\/graphimarket.com\/pt\/product\/lollapalooza-font-trio\/","og_site_name":"Graphimarket","article_modified_time":"2022-12-19T09:01:39+00:00","og_image":[{"width":1019,"height":679,"url":"https:\/\/graphimarket.com\/wp-content\/uploads\/2020\/09\/7363e35a-729a-421f-a17a-35d6f7cfced0.jpg","type":"image\/jpeg"}],"twitter_card":"summary_large_image","schema":{"@context":"https:\/\/schema.org","@graph":[{"@type":"WebPage","@id":"https:\/\/graphimarket.com\/product\/lollapalooza-font-trio\/","url":"https:\/\/graphimarket.com\/product\/lollapalooza-font-trio\/","name":"Lollapalooza Font Trio - Graphimarket","isPartOf":{"@id":"https:\/\/graphimarket.com\/fr\/#website"},"primaryImageOfPage":{"@id":"https:\/\/graphimarket.com\/product\/lollapalooza-font-trio\/#primaryimage"},"image":{"@id":"https:\/\/graphimarket.com\/product\/lollapalooza-font-trio\/#primaryimage"},"thumbnailUrl":"https:\/\/graphimarket.com\/wp-content\/uploads\/2020\/09\/7363e35a-729a-421f-a17a-35d6f7cfced0.jpg","datePublished":"2020-09-25T08:57:18+00:00","dateModified":"2022-12-19T09:01:39+00:00","description":"Lollapalooza est\u00e1 aqui! Mas n\u00e3o \u00e9 um festival em Chicago, \u00e9 uma nova fonte maravilhosa! Na verdade, \u00e9 um trio de fontes e voc\u00ea pode combinar as pequenas","breadcrumb":{"@id":"https:\/\/graphimarket.com\/product\/lollapalooza-font-trio\/#breadcrumb"},"inLanguage":"pt-PT","potentialAction":[{"@type":"ReadAction","target":["https:\/\/graphimarket.com\/product\/lollapalooza-font-trio\/"]}]},{"@type":"ImageObject","inLanguage":"pt-PT","@id":"https:\/\/graphimarket.com\/product\/lollapalooza-font-trio\/#primaryimage","url":"https:\/\/graphimarket.com\/wp-content\/uploads\/2020\/09\/7363e35a-729a-421f-a17a-35d6f7cfced0.jpg","contentUrl":"https:\/\/graphimarket.com\/wp-content\/uploads\/2020\/09\/7363e35a-729a-421f-a17a-35d6f7cfced0.jpg","width":1019,"height":679},{"@type":"BreadcrumbList","@id":"https:\/\/graphimarket.com\/product\/lollapalooza-font-trio\/#breadcrumb","itemListElement":[{"@type":"ListItem","position":1,"name":"Home","item":"https:\/\/graphimarket.com\/es\/"},{"@type":"ListItem","position":2,"name":"Store","item":"https:\/\/graphimarket.com\/store\/"},{"@type":"ListItem","position":3,"name":"Lollapalooza Font Trio"}]},{"@type":"WebSite","@id":"https:\/\/graphimarket.com\/fr\/#website","url":"https:\/\/graphimarket.com\/fr\/","name":"Graphimarket","description":"Encontre o ativo criativo perfeito para dar vida ao seu projeto","publisher":{"@id":"https:\/\/graphimarket.com\/fr\/#organization"},"potentialAction":[{"@type":"SearchAction","target":{"@type":"EntryPoint","urlTemplate":"https:\/\/graphimarket.com\/fr\/?s={search_term_string}"},"query-input":{"@type":"PropertyValueSpecification","valueRequired":true,"valueName":"search_term_string"}}],"inLanguage":"pt-PT"},{"@type":"Organization","@id":"https:\/\/graphimarket.com\/fr\/#organization","name":"Graphimarket","url":"https:\/\/graphimarket.com\/fr\/","logo":{"@type":"ImageObject","inLanguage":"pt-PT","@id":"https:\/\/graphimarket.com\/fr\/#\/schema\/logo\/image\/","url":"https:\/\/graphimarket.com\/wp-content\/uploads\/2020\/08\/logo-48.png","contentUrl":"https:\/\/graphimarket.com\/wp-content\/uploads\/2020\/08\/logo-48.png","width":132,"height":48,"caption":"Graphimarket"},"image":{"@id":"https:\/\/graphimarket.com\/fr\/#\/schema\/logo\/image\/"}}]}},"_links":{"self":[{"href":"http:\/\/graphimarket.com\/pt\/wp-json\/wp\/v2\/product\/11145","targetHints":{"allow":["GET"]}}],"collection":[{"href":"http:\/\/graphimarket.com\/pt\/wp-json\/wp\/v2\/product"}],"about":[{"href":"http:\/\/graphimarket.com\/pt\/wp-json\/wp\/v2\/types\/product"}],"replies":[{"embeddable":true,"href":"http:\/\/graphimarket.com\/pt\/wp-json\/wp\/v2\/comments?post=11145"}],"version-history":[{"count":0,"href":"http:\/\/graphimarket.com\/pt\/wp-json\/wp\/v2\/product\/11145\/revisions"}],"wp:featuredmedia":[{"embeddable":true,"href":"http:\/\/graphimarket.com\/pt\/wp-json\/wp\/v2\/media\/11149"}],"wp:attachment":[{"href":"http:\/\/graphimarket.com\/pt\/wp-json\/wp\/v2\/media?parent=11145"}],"wp:term":[{"taxonomy":"product_brand","embeddable":true,"href":"http:\/\/graphimarket.com\/pt\/wp-json\/wp\/v2\/product_brand?post=11145"},{"taxonomy":"product_cat","embeddable":true,"href":"http:\/\/graphimarket.com\/pt\/wp-json\/wp\/v2\/product_cat?post=11145"},{"taxonomy":"product_tag","embeddable":true,"href":"http:\/\/graphimarket.com\/pt\/wp-json\/wp\/v2\/product_tag?post=11145"}],"curies":[{"name":"wp","href":"https:\/\/api.w.org\/{rel}","templated":true}]}}