{"id":12447,"date":"2020-10-15T14:50:32","date_gmt":"2020-10-15T12:50:32","guid":{"rendered":"https:\/\/graphimarket.com\/?post_type=product&#038;p=12447"},"modified":"2022-12-19T09:32:34","modified_gmt":"2022-12-19T08:32:34","slug":"sales-promotion-keynote-v436","status":"publish","type":"product","link":"http:\/\/graphimarket.com\/pt\/product\/sales-promotion-keynote-v436\/","title":{"rendered":"PROMO\u00c7\u00c3O DE VENDAS - Keynote V436"},"content":{"rendered":"<p>SALES PROMOTION TEMPLATE<\/p>\n<p>Um modelo de apresenta\u00e7\u00e3o profissional moderno e limpo especial para uma ag\u00eancia ou qualquer tipo de neg\u00f3cio. Totalmente edit\u00e1vel, f\u00e1cil de alterar cores, texto, fotos.<\/p>\n<p><strong>Detalhe:<\/strong><\/p>\n<p>*16:9 screen layouts (Retina &amp; Full HD)<\/p>\n<ul>\n<li>150 slides no total<\/li>\n<li>30 slides exclusivos<\/li>\n<li>5 esquemas de cores<\/li>\n<li>Drag and drop image \/ placeholder ready<\/li>\n<li>Resizable \/ edit vector icons<\/li>\n<li>Informa\u00e7\u00f5es do arquivo inclu\u00eddas<\/li>\n<\/ul>\n<p><img fetchpriority=\"high\" decoding=\"async\" class=\"aligncenter wp-image-12448 size-full\" src=\"https:\/\/graphimarket.com\/wp-content\/uploads\/2020\/10\/5fbe0c48-ba12-4cfe-a2db-354e1588eb0c.jpg\" alt=\"\" width=\"1055\" height=\"703\" srcset=\"https:\/\/graphimarket.com\/wp-content\/uploads\/2020\/10\/5fbe0c48-ba12-4cfe-a2db-354e1588eb0c.jpg 1055w, https:\/\/graphimarket.com\/wp-content\/uploads\/2020\/10\/5fbe0c48-ba12-4cfe-a2db-354e1588eb0c-300x200.jpg 300w, https:\/\/graphimarket.com\/wp-content\/uploads\/2020\/10\/5fbe0c48-ba12-4cfe-a2db-354e1588eb0c-1024x682.jpg 1024w, https:\/\/graphimarket.com\/wp-content\/uploads\/2020\/10\/5fbe0c48-ba12-4cfe-a2db-354e1588eb0c-768x512.jpg 768w, https:\/\/graphimarket.com\/wp-content\/uploads\/2020\/10\/5fbe0c48-ba12-4cfe-a2db-354e1588eb0c-16x12.jpg 16w, https:\/\/graphimarket.com\/wp-content\/uploads\/2020\/10\/5fbe0c48-ba12-4cfe-a2db-354e1588eb0c-600x400.jpg 600w\" sizes=\"(max-width: 1055px) 100vw, 1055px\" \/> <img decoding=\"async\" class=\"aligncenter wp-image-12449 size-full\" src=\"https:\/\/graphimarket.com\/wp-content\/uploads\/2020\/10\/0136e12e-78c0-4f14-97ef-9a8ca6f42715.jpg\" alt=\"\" width=\"1055\" height=\"703\" srcset=\"https:\/\/graphimarket.com\/wp-content\/uploads\/2020\/10\/0136e12e-78c0-4f14-97ef-9a8ca6f42715.jpg 1055w, https:\/\/graphimarket.com\/wp-content\/uploads\/2020\/10\/0136e12e-78c0-4f14-97ef-9a8ca6f42715-300x200.jpg 300w, https:\/\/graphimarket.com\/wp-content\/uploads\/2020\/10\/0136e12e-78c0-4f14-97ef-9a8ca6f42715-1024x682.jpg 1024w, https:\/\/graphimarket.com\/wp-content\/uploads\/2020\/10\/0136e12e-78c0-4f14-97ef-9a8ca6f42715-768x512.jpg 768w, https:\/\/graphimarket.com\/wp-content\/uploads\/2020\/10\/0136e12e-78c0-4f14-97ef-9a8ca6f42715-16x12.jpg 16w, https:\/\/graphimarket.com\/wp-content\/uploads\/2020\/10\/0136e12e-78c0-4f14-97ef-9a8ca6f42715-600x400.jpg 600w\" sizes=\"(max-width: 1055px) 100vw, 1055px\" \/> <img decoding=\"async\" class=\"aligncenter wp-image-12450 size-full\" src=\"https:\/\/graphimarket.com\/wp-content\/uploads\/2020\/10\/530524a9-1fdc-4ecd-86d9-bc9154566783.jpg\" alt=\"\" width=\"1055\" height=\"703\" srcset=\"https:\/\/graphimarket.com\/wp-content\/uploads\/2020\/10\/530524a9-1fdc-4ecd-86d9-bc9154566783.jpg 1055w, https:\/\/graphimarket.com\/wp-content\/uploads\/2020\/10\/530524a9-1fdc-4ecd-86d9-bc9154566783-300x200.jpg 300w, https:\/\/graphimarket.com\/wp-content\/uploads\/2020\/10\/530524a9-1fdc-4ecd-86d9-bc9154566783-1024x682.jpg 1024w, https:\/\/graphimarket.com\/wp-content\/uploads\/2020\/10\/530524a9-1fdc-4ecd-86d9-bc9154566783-768x512.jpg 768w, https:\/\/graphimarket.com\/wp-content\/uploads\/2020\/10\/530524a9-1fdc-4ecd-86d9-bc9154566783-16x12.jpg 16w, https:\/\/graphimarket.com\/wp-content\/uploads\/2020\/10\/530524a9-1fdc-4ecd-86d9-bc9154566783-600x400.jpg 600w\" sizes=\"(max-width: 1055px) 100vw, 1055px\" \/> <img loading=\"lazy\" decoding=\"async\" class=\"aligncenter wp-image-12451 size-full\" src=\"https:\/\/graphimarket.com\/wp-content\/uploads\/2020\/10\/860250f2-0476-4eb0-b0ba-2e8f687f2657.jpg\" alt=\"\" width=\"1055\" height=\"703\" srcset=\"https:\/\/graphimarket.com\/wp-content\/uploads\/2020\/10\/860250f2-0476-4eb0-b0ba-2e8f687f2657.jpg 1055w, https:\/\/graphimarket.com\/wp-content\/uploads\/2020\/10\/860250f2-0476-4eb0-b0ba-2e8f687f2657-300x200.jpg 300w, https:\/\/graphimarket.com\/wp-content\/uploads\/2020\/10\/860250f2-0476-4eb0-b0ba-2e8f687f2657-1024x682.jpg 1024w, https:\/\/graphimarket.com\/wp-content\/uploads\/2020\/10\/860250f2-0476-4eb0-b0ba-2e8f687f2657-768x512.jpg 768w, https:\/\/graphimarket.com\/wp-content\/uploads\/2020\/10\/860250f2-0476-4eb0-b0ba-2e8f687f2657-16x12.jpg 16w, https:\/\/graphimarket.com\/wp-content\/uploads\/2020\/10\/860250f2-0476-4eb0-b0ba-2e8f687f2657-600x400.jpg 600w\" sizes=\"(max-width: 1055px) 100vw, 1055px\" \/> <img loading=\"lazy\" decoding=\"async\" class=\"aligncenter wp-image-12452 size-full\" src=\"https:\/\/graphimarket.com\/wp-content\/uploads\/2020\/10\/ad4340e7-e17a-4658-8ed6-deefb6275f4c.jpg\" alt=\"\" width=\"1055\" height=\"703\" srcset=\"https:\/\/graphimarket.com\/wp-content\/uploads\/2020\/10\/ad4340e7-e17a-4658-8ed6-deefb6275f4c.jpg 1055w, https:\/\/graphimarket.com\/wp-content\/uploads\/2020\/10\/ad4340e7-e17a-4658-8ed6-deefb6275f4c-300x200.jpg 300w, https:\/\/graphimarket.com\/wp-content\/uploads\/2020\/10\/ad4340e7-e17a-4658-8ed6-deefb6275f4c-1024x682.jpg 1024w, https:\/\/graphimarket.com\/wp-content\/uploads\/2020\/10\/ad4340e7-e17a-4658-8ed6-deefb6275f4c-768x512.jpg 768w, https:\/\/graphimarket.com\/wp-content\/uploads\/2020\/10\/ad4340e7-e17a-4658-8ed6-deefb6275f4c-16x12.jpg 16w, https:\/\/graphimarket.com\/wp-content\/uploads\/2020\/10\/ad4340e7-e17a-4658-8ed6-deefb6275f4c-600x400.jpg 600w\" sizes=\"(max-width: 1055px) 100vw, 1055px\" \/> <img loading=\"lazy\" decoding=\"async\" class=\"aligncenter wp-image-12453 size-full\" src=\"https:\/\/graphimarket.com\/wp-content\/uploads\/2020\/10\/b0ba0eab-fe4a-402b-9a1d-ce5544703ab8.jpg\" alt=\"\" width=\"1055\" height=\"703\" srcset=\"https:\/\/graphimarket.com\/wp-content\/uploads\/2020\/10\/b0ba0eab-fe4a-402b-9a1d-ce5544703ab8.jpg 1055w, https:\/\/graphimarket.com\/wp-content\/uploads\/2020\/10\/b0ba0eab-fe4a-402b-9a1d-ce5544703ab8-300x200.jpg 300w, https:\/\/graphimarket.com\/wp-content\/uploads\/2020\/10\/b0ba0eab-fe4a-402b-9a1d-ce5544703ab8-1024x682.jpg 1024w, https:\/\/graphimarket.com\/wp-content\/uploads\/2020\/10\/b0ba0eab-fe4a-402b-9a1d-ce5544703ab8-768x512.jpg 768w, https:\/\/graphimarket.com\/wp-content\/uploads\/2020\/10\/b0ba0eab-fe4a-402b-9a1d-ce5544703ab8-16x12.jpg 16w, https:\/\/graphimarket.com\/wp-content\/uploads\/2020\/10\/b0ba0eab-fe4a-402b-9a1d-ce5544703ab8-600x400.jpg 600w\" sizes=\"(max-width: 1055px) 100vw, 1055px\" \/> <img loading=\"lazy\" decoding=\"async\" class=\"aligncenter wp-image-12454 size-full\" src=\"https:\/\/graphimarket.com\/wp-content\/uploads\/2020\/10\/b7da0eec-3187-44ba-ad9e-55875209a502.jpg\" alt=\"\" width=\"1055\" height=\"703\" srcset=\"https:\/\/graphimarket.com\/wp-content\/uploads\/2020\/10\/b7da0eec-3187-44ba-ad9e-55875209a502.jpg 1055w, https:\/\/graphimarket.com\/wp-content\/uploads\/2020\/10\/b7da0eec-3187-44ba-ad9e-55875209a502-300x200.jpg 300w, https:\/\/graphimarket.com\/wp-content\/uploads\/2020\/10\/b7da0eec-3187-44ba-ad9e-55875209a502-1024x682.jpg 1024w, https:\/\/graphimarket.com\/wp-content\/uploads\/2020\/10\/b7da0eec-3187-44ba-ad9e-55875209a502-768x512.jpg 768w, https:\/\/graphimarket.com\/wp-content\/uploads\/2020\/10\/b7da0eec-3187-44ba-ad9e-55875209a502-16x12.jpg 16w, https:\/\/graphimarket.com\/wp-content\/uploads\/2020\/10\/b7da0eec-3187-44ba-ad9e-55875209a502-600x400.jpg 600w\" sizes=\"(max-width: 1055px) 100vw, 1055px\" \/> <img loading=\"lazy\" decoding=\"async\" class=\"aligncenter wp-image-12455 size-full\" src=\"https:\/\/graphimarket.com\/wp-content\/uploads\/2020\/10\/2d42d4df-7bde-404a-9a07-b5e75ff7471c-1.jpg\" alt=\"\" width=\"1170\" height=\"780\" srcset=\"https:\/\/graphimarket.com\/wp-content\/uploads\/2020\/10\/2d42d4df-7bde-404a-9a07-b5e75ff7471c-1.jpg 1170w, https:\/\/graphimarket.com\/wp-content\/uploads\/2020\/10\/2d42d4df-7bde-404a-9a07-b5e75ff7471c-1-300x200.jpg 300w, https:\/\/graphimarket.com\/wp-content\/uploads\/2020\/10\/2d42d4df-7bde-404a-9a07-b5e75ff7471c-1-1024x683.jpg 1024w, https:\/\/graphimarket.com\/wp-content\/uploads\/2020\/10\/2d42d4df-7bde-404a-9a07-b5e75ff7471c-1-768x512.jpg 768w, https:\/\/graphimarket.com\/wp-content\/uploads\/2020\/10\/2d42d4df-7bde-404a-9a07-b5e75ff7471c-1-16x12.jpg 16w, https:\/\/graphimarket.com\/wp-content\/uploads\/2020\/10\/2d42d4df-7bde-404a-9a07-b5e75ff7471c-1-600x400.jpg 600w\" sizes=\"(max-width: 1170px) 100vw, 1170px\" \/> <img loading=\"lazy\" decoding=\"async\" class=\"aligncenter wp-image-12456 size-full\" src=\"https:\/\/graphimarket.com\/wp-content\/uploads\/2020\/10\/2d42d4df-7bde-404a-9a07-b5e75ff7471c.jpg\" alt=\"\" width=\"1170\" height=\"780\" srcset=\"https:\/\/graphimarket.com\/wp-content\/uploads\/2020\/10\/2d42d4df-7bde-404a-9a07-b5e75ff7471c.jpg 1170w, https:\/\/graphimarket.com\/wp-content\/uploads\/2020\/10\/2d42d4df-7bde-404a-9a07-b5e75ff7471c-300x200.jpg 300w, https:\/\/graphimarket.com\/wp-content\/uploads\/2020\/10\/2d42d4df-7bde-404a-9a07-b5e75ff7471c-1024x683.jpg 1024w, https:\/\/graphimarket.com\/wp-content\/uploads\/2020\/10\/2d42d4df-7bde-404a-9a07-b5e75ff7471c-768x512.jpg 768w, https:\/\/graphimarket.com\/wp-content\/uploads\/2020\/10\/2d42d4df-7bde-404a-9a07-b5e75ff7471c-16x12.jpg 16w, https:\/\/graphimarket.com\/wp-content\/uploads\/2020\/10\/2d42d4df-7bde-404a-9a07-b5e75ff7471c-600x400.jpg 600w\" sizes=\"(max-width: 1170px) 100vw, 1170px\" \/><\/p>","protected":false},"excerpt":{"rendered":"<p>SALES PROMOTION TEMPLATE A modern and clean professional presentation template special for a Agency or any type of business. Fully editable, easy to change colors, text, photos. Detail : *16:9 screen layouts (Retina &amp; Full HD) 150 total slides 30 unique slides 5 color schemes Drag and drop image \/ placeholder ready Resizable \/ edit [&hellip;]<\/p>\n","protected":false},"featured_media":12455,"comment_status":"open","ping_status":"closed","template":"","meta":{"site-sidebar-layout":"default","site-content-layout":"default","ast-site-content-layout":"default","site-content-style":"default","site-sidebar-style":"default","ast-global-header-display":"","ast-banner-title-visibility":"","ast-main-header-display":"","ast-hfb-above-header-display":"","ast-hfb-below-header-display":"","ast-hfb-mobile-header-display":"","site-post-title":"","ast-breadcrumbs-content":"","ast-featured-img":"","footer-sml-layout":"","ast-disable-related-posts":"","theme-transparent-header-meta":"default","adv-header-id-meta":"","stick-header-meta":"","header-above-stick-meta":"","header-main-stick-meta":"","header-below-stick-meta":"","astra-migrate-meta-layouts":"default","ast-page-background-enabled":"default","ast-page-background-meta":{"desktop":{"background-color":"","background-image":"","background-repeat":"repeat","background-position":"center center","background-size":"auto","background-attachment":"scroll","background-type":"","background-media":"","overlay-type":"","overlay-color":"","overlay-opacity":"","overlay-gradient":""},"tablet":{"background-color":"","background-image":"","background-repeat":"repeat","background-position":"center center","background-size":"auto","background-attachment":"scroll","background-type":"","background-media":"","overlay-type":"","overlay-color":"","overlay-opacity":"","overlay-gradient":""},"mobile":{"background-color":"","background-image":"","background-repeat":"repeat","background-position":"center center","background-size":"auto","background-attachment":"scroll","background-type":"","background-media":"","overlay-type":"","overlay-color":"","overlay-opacity":"","overlay-gradient":""}},"ast-content-background-meta":{"desktop":{"background-color":"var(--ast-global-color-5)","background-image":"","background-repeat":"repeat","background-position":"center center","background-size":"auto","background-attachment":"scroll","background-type":"","background-media":"","overlay-type":"","overlay-color":"","overlay-opacity":"","overlay-gradient":""},"tablet":{"background-color":"var(--ast-global-color-5)","background-image":"","background-repeat":"repeat","background-position":"center center","background-size":"auto","background-attachment":"scroll","background-type":"","background-media":"","overlay-type":"","overlay-color":"","overlay-opacity":"","overlay-gradient":""},"mobile":{"background-color":"var(--ast-global-color-5)","background-image":"","background-repeat":"repeat","background-position":"center center","background-size":"auto","background-attachment":"scroll","background-type":"","background-media":"","overlay-type":"","overlay-color":"","overlay-opacity":"","overlay-gradient":""}}},"product_brand":[],"product_cat":[128,151],"product_tag":[746,450,842,733,1662,856,59,574,1039,66,980,1160,709,1663,991],"class_list":{"0":"post-12447","1":"product","2":"type-product","3":"status-publish","4":"has-post-thumbnail","6":"product_cat-key-note-templates","7":"product_cat-powerpoint-presentation-template","8":"product_tag-advertising","9":"product_tag-background","10":"product_tag-brochure","11":"product_tag-business","12":"product_tag-concept","13":"product_tag-corporate","14":"product_tag-design","15":"product_tag-graphic","16":"product_tag-infographic","17":"product_tag-layout","18":"product_tag-leaflet","19":"product_tag-marketing","20":"product_tag-presentation","21":"product_tag-report","22":"product_tag-slide","23":"desktop-align-left","24":"tablet-align-left","25":"mobile-align-left","27":"first","28":"instock","29":"sale","30":"downloadable","31":"virtual","32":"taxable","33":"purchasable","34":"product-type-simple"},"yoast_head":"<!-- This site is optimized with the Yoast SEO plugin v27.3 - https:\/\/yoast.com\/product\/yoast-seo-wordpress\/ -->\n<title>SALES PROMOTION - Keynote V436 - Graphimarket<\/title>\n<meta name=\"description\" content=\"SALES PROMOTION TEMPLATE A modern and clean professional presentation template special for a Agency or any type of business...\" \/>\n<meta name=\"robots\" content=\"index, follow, max-snippet:-1, max-image-preview:large, max-video-preview:-1\" \/>\n<link rel=\"canonical\" href=\"http:\/\/graphimarket.com\/pt\/product\/sales-promotion-keynote-v436\/\" \/>\n<meta property=\"og:locale\" content=\"pt_PT\" \/>\n<meta property=\"og:type\" content=\"article\" \/>\n<meta property=\"og:title\" content=\"SALES PROMOTION - Keynote V436 - Graphimarket\" \/>\n<meta property=\"og:description\" content=\"SALES PROMOTION TEMPLATE A modern and clean professional presentation template special for a Agency or any type of business...\" \/>\n<meta property=\"og:url\" content=\"http:\/\/graphimarket.com\/pt\/product\/sales-promotion-keynote-v436\/\" \/>\n<meta property=\"og:site_name\" content=\"Graphimarket\" \/>\n<meta property=\"article:modified_time\" content=\"2022-12-19T08:32:34+00:00\" \/>\n<meta property=\"og:image\" content=\"https:\/\/graphimarket.com\/wp-content\/uploads\/2020\/10\/2d42d4df-7bde-404a-9a07-b5e75ff7471c-1.jpg\" \/>\n\t<meta property=\"og:image:width\" content=\"1170\" \/>\n\t<meta property=\"og:image:height\" content=\"780\" \/>\n\t<meta property=\"og:image:type\" content=\"image\/jpeg\" \/>\n<meta name=\"twitter:card\" content=\"summary_large_image\" \/>\n<script type=\"application\/ld+json\" class=\"yoast-schema-graph\">{\"@context\":\"https:\\\/\\\/schema.org\",\"@graph\":[{\"@type\":\"WebPage\",\"@id\":\"http:\\\/\\\/graphimarket.com\\\/en\\\/product\\\/sales-promotion-keynote-v436\\\/\",\"url\":\"http:\\\/\\\/graphimarket.com\\\/en\\\/product\\\/sales-promotion-keynote-v436\\\/\",\"name\":\"SALES PROMOTION - Keynote V436 - Graphimarket\",\"isPartOf\":{\"@id\":\"https:\\\/\\\/graphimarket.com\\\/fr\\\/#website\"},\"primaryImageOfPage\":{\"@id\":\"http:\\\/\\\/graphimarket.com\\\/en\\\/product\\\/sales-promotion-keynote-v436\\\/#primaryimage\"},\"image\":{\"@id\":\"http:\\\/\\\/graphimarket.com\\\/en\\\/product\\\/sales-promotion-keynote-v436\\\/#primaryimage\"},\"thumbnailUrl\":\"https:\\\/\\\/graphimarket.com\\\/wp-content\\\/uploads\\\/2020\\\/10\\\/2d42d4df-7bde-404a-9a07-b5e75ff7471c-1.jpg\",\"datePublished\":\"2020-10-15T12:50:32+00:00\",\"dateModified\":\"2022-12-19T08:32:34+00:00\",\"description\":\"SALES PROMOTION TEMPLATE A modern and clean professional presentation template special for a Agency or any type of business...\",\"breadcrumb\":{\"@id\":\"http:\\\/\\\/graphimarket.com\\\/en\\\/product\\\/sales-promotion-keynote-v436\\\/#breadcrumb\"},\"inLanguage\":\"pt-PT\",\"potentialAction\":[{\"@type\":\"ReadAction\",\"target\":[\"http:\\\/\\\/graphimarket.com\\\/en\\\/product\\\/sales-promotion-keynote-v436\\\/\"]}]},{\"@type\":\"ImageObject\",\"inLanguage\":\"pt-PT\",\"@id\":\"http:\\\/\\\/graphimarket.com\\\/en\\\/product\\\/sales-promotion-keynote-v436\\\/#primaryimage\",\"url\":\"https:\\\/\\\/graphimarket.com\\\/wp-content\\\/uploads\\\/2020\\\/10\\\/2d42d4df-7bde-404a-9a07-b5e75ff7471c-1.jpg\",\"contentUrl\":\"https:\\\/\\\/graphimarket.com\\\/wp-content\\\/uploads\\\/2020\\\/10\\\/2d42d4df-7bde-404a-9a07-b5e75ff7471c-1.jpg\",\"width\":1170,\"height\":780},{\"@type\":\"BreadcrumbList\",\"@id\":\"http:\\\/\\\/graphimarket.com\\\/en\\\/product\\\/sales-promotion-keynote-v436\\\/#breadcrumb\",\"itemListElement\":[{\"@type\":\"ListItem\",\"position\":1,\"name\":\"Home\",\"item\":\"https:\\\/\\\/graphimarket.com\\\/es\\\/\"},{\"@type\":\"ListItem\",\"position\":2,\"name\":\"Store\",\"item\":\"https:\\\/\\\/graphimarket.com\\\/store\\\/\"},{\"@type\":\"ListItem\",\"position\":3,\"name\":\"SALES PROMOTION &#8211; Keynote V436\"}]},{\"@type\":\"WebSite\",\"@id\":\"https:\\\/\\\/graphimarket.com\\\/fr\\\/#website\",\"url\":\"https:\\\/\\\/graphimarket.com\\\/fr\\\/\",\"name\":\"Graphimarket\",\"description\":\"Find the perfect creative asset to bring your project to life\",\"publisher\":{\"@id\":\"https:\\\/\\\/graphimarket.com\\\/fr\\\/#organization\"},\"potentialAction\":[{\"@type\":\"SearchAction\",\"target\":{\"@type\":\"EntryPoint\",\"urlTemplate\":\"https:\\\/\\\/graphimarket.com\\\/fr\\\/?s={search_term_string}\"},\"query-input\":{\"@type\":\"PropertyValueSpecification\",\"valueRequired\":true,\"valueName\":\"search_term_string\"}}],\"inLanguage\":\"pt-PT\"},{\"@type\":\"Organization\",\"@id\":\"https:\\\/\\\/graphimarket.com\\\/fr\\\/#organization\",\"name\":\"Graphimarket\",\"url\":\"https:\\\/\\\/graphimarket.com\\\/fr\\\/\",\"logo\":{\"@type\":\"ImageObject\",\"inLanguage\":\"pt-PT\",\"@id\":\"https:\\\/\\\/graphimarket.com\\\/fr\\\/#\\\/schema\\\/logo\\\/image\\\/\",\"url\":\"https:\\\/\\\/graphimarket.com\\\/wp-content\\\/uploads\\\/2020\\\/08\\\/logo-48.png\",\"contentUrl\":\"https:\\\/\\\/graphimarket.com\\\/wp-content\\\/uploads\\\/2020\\\/08\\\/logo-48.png\",\"width\":132,\"height\":48,\"caption\":\"Graphimarket\"},\"image\":{\"@id\":\"https:\\\/\\\/graphimarket.com\\\/fr\\\/#\\\/schema\\\/logo\\\/image\\\/\"}}]}<\/script>\n<!-- \/ Yoast SEO plugin. -->","yoast_head_json":{"title":"SALES PROMOTION - Keynote V436 - Graphimarket","description":"SALES PROMOTION TEMPLATE A modern and clean professional presentation template special for a Agency or any type of business...","robots":{"index":"index","follow":"follow","max-snippet":"max-snippet:-1","max-image-preview":"max-image-preview:large","max-video-preview":"max-video-preview:-1"},"canonical":"http:\/\/graphimarket.com\/pt\/product\/sales-promotion-keynote-v436\/","og_locale":"pt_PT","og_type":"article","og_title":"SALES PROMOTION - Keynote V436 - Graphimarket","og_description":"SALES PROMOTION TEMPLATE A modern and clean professional presentation template special for a Agency or any type of business...","og_url":"http:\/\/graphimarket.com\/pt\/product\/sales-promotion-keynote-v436\/","og_site_name":"Graphimarket","article_modified_time":"2022-12-19T08:32:34+00:00","og_image":[{"width":1170,"height":780,"url":"https:\/\/graphimarket.com\/wp-content\/uploads\/2020\/10\/2d42d4df-7bde-404a-9a07-b5e75ff7471c-1.jpg","type":"image\/jpeg"}],"twitter_card":"summary_large_image","schema":{"@context":"https:\/\/schema.org","@graph":[{"@type":"WebPage","@id":"http:\/\/graphimarket.com\/en\/product\/sales-promotion-keynote-v436\/","url":"http:\/\/graphimarket.com\/en\/product\/sales-promotion-keynote-v436\/","name":"SALES PROMOTION - Keynote V436 - Graphimarket","isPartOf":{"@id":"https:\/\/graphimarket.com\/fr\/#website"},"primaryImageOfPage":{"@id":"http:\/\/graphimarket.com\/en\/product\/sales-promotion-keynote-v436\/#primaryimage"},"image":{"@id":"http:\/\/graphimarket.com\/en\/product\/sales-promotion-keynote-v436\/#primaryimage"},"thumbnailUrl":"https:\/\/graphimarket.com\/wp-content\/uploads\/2020\/10\/2d42d4df-7bde-404a-9a07-b5e75ff7471c-1.jpg","datePublished":"2020-10-15T12:50:32+00:00","dateModified":"2022-12-19T08:32:34+00:00","description":"SALES PROMOTION TEMPLATE A modern and clean professional presentation template special for a Agency or any type of business...","breadcrumb":{"@id":"http:\/\/graphimarket.com\/en\/product\/sales-promotion-keynote-v436\/#breadcrumb"},"inLanguage":"pt-PT","potentialAction":[{"@type":"ReadAction","target":["http:\/\/graphimarket.com\/en\/product\/sales-promotion-keynote-v436\/"]}]},{"@type":"ImageObject","inLanguage":"pt-PT","@id":"http:\/\/graphimarket.com\/en\/product\/sales-promotion-keynote-v436\/#primaryimage","url":"https:\/\/graphimarket.com\/wp-content\/uploads\/2020\/10\/2d42d4df-7bde-404a-9a07-b5e75ff7471c-1.jpg","contentUrl":"https:\/\/graphimarket.com\/wp-content\/uploads\/2020\/10\/2d42d4df-7bde-404a-9a07-b5e75ff7471c-1.jpg","width":1170,"height":780},{"@type":"BreadcrumbList","@id":"http:\/\/graphimarket.com\/en\/product\/sales-promotion-keynote-v436\/#breadcrumb","itemListElement":[{"@type":"ListItem","position":1,"name":"Home","item":"https:\/\/graphimarket.com\/es\/"},{"@type":"ListItem","position":2,"name":"Store","item":"https:\/\/graphimarket.com\/store\/"},{"@type":"ListItem","position":3,"name":"SALES PROMOTION &#8211; Keynote V436"}]},{"@type":"WebSite","@id":"https:\/\/graphimarket.com\/fr\/#website","url":"https:\/\/graphimarket.com\/fr\/","name":"Graphimarket","description":"Encontre o ativo criativo perfeito para dar vida ao seu projeto","publisher":{"@id":"https:\/\/graphimarket.com\/fr\/#organization"},"potentialAction":[{"@type":"SearchAction","target":{"@type":"EntryPoint","urlTemplate":"https:\/\/graphimarket.com\/fr\/?s={search_term_string}"},"query-input":{"@type":"PropertyValueSpecification","valueRequired":true,"valueName":"search_term_string"}}],"inLanguage":"pt-PT"},{"@type":"Organization","@id":"https:\/\/graphimarket.com\/fr\/#organization","name":"Graphimarket","url":"https:\/\/graphimarket.com\/fr\/","logo":{"@type":"ImageObject","inLanguage":"pt-PT","@id":"https:\/\/graphimarket.com\/fr\/#\/schema\/logo\/image\/","url":"https:\/\/graphimarket.com\/wp-content\/uploads\/2020\/08\/logo-48.png","contentUrl":"https:\/\/graphimarket.com\/wp-content\/uploads\/2020\/08\/logo-48.png","width":132,"height":48,"caption":"Graphimarket"},"image":{"@id":"https:\/\/graphimarket.com\/fr\/#\/schema\/logo\/image\/"}}]}},"_links":{"self":[{"href":"http:\/\/graphimarket.com\/pt\/wp-json\/wp\/v2\/product\/12447","targetHints":{"allow":["GET"]}}],"collection":[{"href":"http:\/\/graphimarket.com\/pt\/wp-json\/wp\/v2\/product"}],"about":[{"href":"http:\/\/graphimarket.com\/pt\/wp-json\/wp\/v2\/types\/product"}],"replies":[{"embeddable":true,"href":"http:\/\/graphimarket.com\/pt\/wp-json\/wp\/v2\/comments?post=12447"}],"version-history":[{"count":0,"href":"http:\/\/graphimarket.com\/pt\/wp-json\/wp\/v2\/product\/12447\/revisions"}],"wp:featuredmedia":[{"embeddable":true,"href":"http:\/\/graphimarket.com\/pt\/wp-json\/wp\/v2\/media\/12455"}],"wp:attachment":[{"href":"http:\/\/graphimarket.com\/pt\/wp-json\/wp\/v2\/media?parent=12447"}],"wp:term":[{"taxonomy":"product_brand","embeddable":true,"href":"http:\/\/graphimarket.com\/pt\/wp-json\/wp\/v2\/product_brand?post=12447"},{"taxonomy":"product_cat","embeddable":true,"href":"http:\/\/graphimarket.com\/pt\/wp-json\/wp\/v2\/product_cat?post=12447"},{"taxonomy":"product_tag","embeddable":true,"href":"http:\/\/graphimarket.com\/pt\/wp-json\/wp\/v2\/product_tag?post=12447"}],"curies":[{"name":"wp","href":"https:\/\/api.w.org\/{rel}","templated":true}]}}