{"id":13142,"date":"2020-11-17T15:35:31","date_gmt":"2020-11-17T14:35:31","guid":{"rendered":"https:\/\/graphimarket.com\/?post_type=product&#038;p=13142"},"modified":"2024-02-09T19:23:13","modified_gmt":"2024-02-09T18:23:13","slug":"the-ultimate-skin-retouch-panel-for-photoshop","status":"publish","type":"product","link":"http:\/\/graphimarket.com\/pt\/product\/the-ultimate-skin-retouch-panel-for-photoshop\/","title":{"rendered":"O painel de retoque de pele definitivo para Photoshop"},"content":{"rendered":"<h3 class=\"LC20lb\">A melhor ferramenta de retoque de pele para suavizar e suavizar a pele!<\/h3>\n<p>Retocar a pele requer aten\u00e7\u00e3o aos detalhes e precis\u00e3o, mas nem toda t\u00e9cnica precisa ser excessivamente complicada ou demorada. Gostaria que houvesse uma ferramenta definitiva de retoque de pele para fazer todo o trabalho duro.<\/p>\n<p>Graphimarket apresenta o <strong>painel de retoque de pele final<\/strong>. Esta ferramenta permite retocar fotos rapidamente, sem esfor\u00e7o e economiza tempo para a fotografia real que os fot\u00f3grafos tanto amam.<\/p>\n<p>O Ultimate Retouch Panel foi desenvolvido durante um per\u00edodo de 3 anos de trabalho \u00e1rduo. No momento h\u00e1 mais<strong>\u00a0de 200 fun\u00e7\u00f5es \u00fateis<\/strong>\u00a0deste painel. Ele pode se tornar uma parte essencial do seu fluxo de trabalho e o manter\u00e1 longe das configura\u00e7\u00f5es t\u00e9cnicas chatas do Photoshop.<\/p>\n<p>O que mais? Este neg\u00f3cio vem com um\u00a0<strong>licen\u00e7a comercial estendida<\/strong>\u00a0para que voc\u00ea possa usar esta ferramenta para projetos pessoais e comerciais ilimitados!<\/p>\n<h3>Destaques desta ferramenta de retoque de pele definitiva:<\/h3>\n<ul>\n<li>200 fun\u00e7\u00f5es em um painel<\/li>\n<li>7 blocos exclusivos para retoque<\/li>\n<li>20 bot\u00f5es personalizados para suas a\u00e7\u00f5es pessoais<\/li>\n<li>Separa\u00e7\u00e3o de frequ\u00eancia de 8 e 16 bits<\/li>\n<li>Comuta\u00e7\u00e3o imediata de aumento de textura visual<\/li>\n<li>Retoque r\u00e1pido atrav\u00e9s de 4 m\u00e9todos<\/li>\n<li>Bloco de corre\u00e7\u00e3o de cores com 65 predefini\u00e7\u00f5es<\/li>\n<li>4 M\u00e9todos de Dodge &amp; Burn<\/li>\n<li>3 Camadas de ajuda para capturar as falhas e irregularidades<\/li>\n<li>Vis\u00e3o dupla para facilitar o gerenciamento de Dodge &amp; Burn<\/li>\n<li>Trabalhe com canais e m\u00e1scaras RGB<\/li>\n<li>Nitidez de passagem alta local e global<\/li>\n<li>Opacidade din\u00e2mica e vinheta<\/li>\n<li>efeito multi matiz<\/li>\n<\/ul>\n<p><strong>Corre\u00e7\u00e3o de cor:<\/strong><\/p>\n<ul>\n<li>moda<\/li>\n<li>Vintage<\/li>\n<li>Doce<\/li>\n<li>Fosco<\/li>\n<li>HDR<\/li>\n<li>Preto e branco<\/li>\n<li>Uma possibilidade de misturar os estilos<\/li>\n<\/ul>\n<p><strong>30 ferramentas para retoque local:<\/strong><\/p>\n<ul>\n<li>Kit HDR para simular um efeito HDR<\/li>\n<li>Destaques e restaura\u00e7\u00e3o de sombra<\/li>\n<li>Volume<\/li>\n<li>Volume HRLA<\/li>\n<li>HRLA manual<\/li>\n<li>pele bronzeada<\/li>\n<li>remover poros<\/li>\n<li>Mapa de gradiente de tom de pele<\/li>\n<li>Pigmento da pele<\/li>\n<li>Textura de ru\u00eddo<\/li>\n<li>Textura de ru\u00eddo manual<\/li>\n<li>dente branco<\/li>\n<li>10 em 1 ferramenta multifuncional para os olhos<\/li>\n<li>Ferramenta multifuncional 5 em 1 para o rosto<\/li>\n<\/ul>\n<p><strong>3 tipos de vinhetas:<\/strong><\/p>\n<ul>\n<li>Preto<\/li>\n<li>Branco<\/li>\n<li>Colori<\/li>\n<\/ul>\n<p><strong>5 tipos de nitidez:<\/strong><\/p>\n<ul>\n<li>m\u00e1scara de nitidez<\/li>\n<li>Nitidez de passagem alta<\/li>\n<li>Nitidez de passagem alta local<\/li>\n<li>Nitidez m\u00faltipla<\/li>\n<li>Um m\u00e9todo exclusivo para afiar as bordas da pele sem tocar na pr\u00f3pria pele<\/li>\n<\/ul>\n<p><strong>Requisitos de software para esta ferramenta de retoque de pele definitiva<\/strong>:<\/p>\n<ul>\n<li>Painel dispon\u00edvel para photoshop CC2020, CC2019, CC2018, CC2017, CC2015, CC2014, CC, CS6<\/li>\n<li>Suporte a todos os idiomas<\/li>\n<li>Suporte para Mac e Windows<\/li>\n<\/ul>\n<p>&nbsp;<\/p>\n<h3>Aqui est\u00e1 uma espiada nesta ferramenta de retoque de pele<\/h3>\n<p>&nbsp;<\/p>\n<p><img decoding=\"async\" class=\"alignnone\" src=\"http:\/\/graphimarket.com\/wp-content\/uploads\/the-ultimate-retouching-panel\/2-min.jpg\" \/><img decoding=\"async\" class=\"alignnone\" style=\"font-style: inherit; font-weight: inherit;\" src=\"http:\/\/graphimarket.com\/wp-content\/uploads\/the-ultimate-retouching-panel\/3-min.jpg\" \/><img decoding=\"async\" src=\"http:\/\/graphimarket.com\/wp-content\/uploads\/the-ultimate-retouching-panel\/4-min.jpg\" \/><img decoding=\"async\" src=\"http:\/\/graphimarket.com\/wp-content\/uploads\/the-ultimate-retouching-panel\/5-min.jpg\" \/><img decoding=\"async\" src=\"http:\/\/graphimarket.com\/wp-content\/uploads\/the-ultimate-retouching-panel\/6-min.jpg\" \/><\/p>\n<h3><strong>Pegue esta ferramenta definitiva de retoque de pele por apenas\u00a0<del>$299<\/del> $49 Hoje!<\/strong><\/h3>\n<h3>Termos do neg\u00f3cio:<\/h3>\n<ul>\n<li>Este pacote est\u00e1 dispon\u00edvel para download instant\u00e2neo, ap\u00f3s a conclus\u00e3o da compra.<\/li>\n<li>O pacote pode ser usado para fins pessoais e comerciais com um n\u00famero ilimitado de projetos.<\/li>\n<li>Os produtos finais n\u00e3o devem ser usados ou vendidos de uma forma que seja diretamente competitiva com o item original que voc\u00ea comprou.<\/li>\n<li>Ele n\u00e3o pode ser sublicenciado, revendido, compartilhado, transferido ou redistribu\u00eddo por conta pr\u00f3pria. Voc\u00ea n\u00e3o pode compartilhar esses recursos com outras pessoas.<\/li>\n<li>Voc\u00ea ter\u00e1 acesso vital\u00edcio ao pacote.<\/li>\n<\/ul>","protected":false},"excerpt":{"rendered":"<p>The Ultimate Skin Retouching Tool to Soften &amp; Smoothen Skin! Retouching skin requires attention to detail and accuracy, but not every technique has to be overly complicated or time-consuming. Wish there could be an ultimate skin retouching tool to do all the hard work. Graphimarket present the ultimate skin retouch panel. This tool lets you [&hellip;]<\/p>\n","protected":false},"featured_media":13143,"comment_status":"open","ping_status":"closed","template":"","meta":{"site-sidebar-layout":"default","site-content-layout":"default","ast-site-content-layout":"default","site-content-style":"default","site-sidebar-style":"default","ast-global-header-display":"","ast-banner-title-visibility":"","ast-main-header-display":"","ast-hfb-above-header-display":"","ast-hfb-below-header-display":"","ast-hfb-mobile-header-display":"","site-post-title":"","ast-breadcrumbs-content":"","ast-featured-img":"","footer-sml-layout":"","ast-disable-related-posts":"","theme-transparent-header-meta":"default","adv-header-id-meta":"","stick-header-meta":"","header-above-stick-meta":"","header-main-stick-meta":"","header-below-stick-meta":"","astra-migrate-meta-layouts":"default","ast-page-background-enabled":"default","ast-page-background-meta":{"desktop":{"background-color":"","background-image":"","background-repeat":"repeat","background-position":"center center","background-size":"auto","background-attachment":"scroll","background-type":"","background-media":"","overlay-type":"","overlay-color":"","overlay-opacity":"","overlay-gradient":""},"tablet":{"background-color":"","background-image":"","background-repeat":"repeat","background-position":"center center","background-size":"auto","background-attachment":"scroll","background-type":"","background-media":"","overlay-type":"","overlay-color":"","overlay-opacity":"","overlay-gradient":""},"mobile":{"background-color":"","background-image":"","background-repeat":"repeat","background-position":"center center","background-size":"auto","background-attachment":"scroll","background-type":"","background-media":"","overlay-type":"","overlay-color":"","overlay-opacity":"","overlay-gradient":""}},"ast-content-background-meta":{"desktop":{"background-color":"var(--ast-global-color-5)","background-image":"","background-repeat":"repeat","background-position":"center center","background-size":"auto","background-attachment":"scroll","background-type":"","background-media":"","overlay-type":"","overlay-color":"","overlay-opacity":"","overlay-gradient":""},"tablet":{"background-color":"var(--ast-global-color-5)","background-image":"","background-repeat":"repeat","background-position":"center center","background-size":"auto","background-attachment":"scroll","background-type":"","background-media":"","overlay-type":"","overlay-color":"","overlay-opacity":"","overlay-gradient":""},"mobile":{"background-color":"var(--ast-global-color-5)","background-image":"","background-repeat":"repeat","background-position":"center center","background-size":"auto","background-attachment":"scroll","background-type":"","background-media":"","overlay-type":"","overlay-color":"","overlay-opacity":"","overlay-gradient":""}}},"product_brand":[],"product_cat":[102,103,193,144,145,195,146,148],"product_tag":[],"class_list":{"0":"post-13142","1":"product","2":"type-product","3":"status-publish","4":"has-post-thumbnail","6":"product_cat-beauty-retouch-tool","7":"product_cat-best-deals","8":"product_cat-graphic-design","9":"product_cat-photo-editor","10":"product_cat-photography","11":"product_cat-photoshop","12":"product_cat-photoshop-action","13":"product_cat-plugins","14":"desktop-align-left","15":"tablet-align-left","16":"mobile-align-left","18":"first","19":"instock","20":"sale","21":"downloadable","22":"virtual","23":"taxable","24":"purchasable","25":"product-type-simple"},"yoast_head":"<!-- This site is optimized with the Yoast SEO plugin v27.3 - https:\/\/yoast.com\/product\/yoast-seo-wordpress\/ -->\n<title>The Ultimate Skin Retouch Panel For Photoshop - Graphimarket<\/title>\n<meta name=\"description\" content=\"Retouching skin requires attention to detail and accuracy, but not every technique has to be overly complicated or time-consuming.\" \/>\n<meta name=\"robots\" content=\"index, follow, max-snippet:-1, max-image-preview:large, max-video-preview:-1\" \/>\n<link rel=\"canonical\" href=\"https:\/\/graphimarket.com\/pt\/product\/the-ultimate-skin-retouch-panel-for-photoshop\/\" \/>\n<meta property=\"og:locale\" content=\"pt_PT\" \/>\n<meta property=\"og:type\" content=\"article\" \/>\n<meta property=\"og:title\" content=\"The Ultimate Skin Retouch Panel For Photoshop - Graphimarket\" \/>\n<meta property=\"og:description\" content=\"Retouching skin requires attention to detail and accuracy, but not every technique has to be overly complicated or time-consuming.\" \/>\n<meta property=\"og:url\" content=\"https:\/\/graphimarket.com\/pt\/product\/the-ultimate-skin-retouch-panel-for-photoshop\/\" \/>\n<meta property=\"og:site_name\" content=\"Graphimarket\" \/>\n<meta property=\"article:modified_time\" content=\"2024-02-09T18:23:13+00:00\" \/>\n<meta property=\"og:image\" content=\"https:\/\/graphimarket.com\/wp-content\/uploads\/2020\/11\/The-Ultimate-Skin-Retouch-Panel-For-PS-Download.jpg\" \/>\n\t<meta property=\"og:image:width\" content=\"800\" \/>\n\t<meta property=\"og:image:height\" content=\"500\" \/>\n\t<meta property=\"og:image:type\" content=\"image\/jpeg\" \/>\n<meta name=\"twitter:card\" content=\"summary_large_image\" \/>\n<meta name=\"twitter:label1\" content=\"Est. reading time\" \/>\n\t<meta name=\"twitter:data1\" content=\"2 minutes\" \/>\n<script type=\"application\/ld+json\" class=\"yoast-schema-graph\">{\"@context\":\"https:\\\/\\\/schema.org\",\"@graph\":[{\"@type\":\"WebPage\",\"@id\":\"https:\\\/\\\/graphimarket.com\\\/product\\\/the-ultimate-skin-retouch-panel-for-photoshop\\\/\",\"url\":\"https:\\\/\\\/graphimarket.com\\\/product\\\/the-ultimate-skin-retouch-panel-for-photoshop\\\/\",\"name\":\"The Ultimate Skin Retouch Panel For Photoshop - Graphimarket\",\"isPartOf\":{\"@id\":\"https:\\\/\\\/graphimarket.com\\\/fr\\\/#website\"},\"primaryImageOfPage\":{\"@id\":\"https:\\\/\\\/graphimarket.com\\\/product\\\/the-ultimate-skin-retouch-panel-for-photoshop\\\/#primaryimage\"},\"image\":{\"@id\":\"https:\\\/\\\/graphimarket.com\\\/product\\\/the-ultimate-skin-retouch-panel-for-photoshop\\\/#primaryimage\"},\"thumbnailUrl\":\"https:\\\/\\\/graphimarket.com\\\/wp-content\\\/uploads\\\/2020\\\/11\\\/The-Ultimate-Skin-Retouch-Panel-For-PS-Download.jpg\",\"datePublished\":\"2020-11-17T14:35:31+00:00\",\"dateModified\":\"2024-02-09T18:23:13+00:00\",\"description\":\"Retouching skin requires attention to detail and accuracy, but not every technique has to be overly complicated or time-consuming.\",\"breadcrumb\":{\"@id\":\"https:\\\/\\\/graphimarket.com\\\/product\\\/the-ultimate-skin-retouch-panel-for-photoshop\\\/#breadcrumb\"},\"inLanguage\":\"pt-PT\",\"potentialAction\":[{\"@type\":\"ReadAction\",\"target\":[\"https:\\\/\\\/graphimarket.com\\\/product\\\/the-ultimate-skin-retouch-panel-for-photoshop\\\/\"]}]},{\"@type\":\"ImageObject\",\"inLanguage\":\"pt-PT\",\"@id\":\"https:\\\/\\\/graphimarket.com\\\/product\\\/the-ultimate-skin-retouch-panel-for-photoshop\\\/#primaryimage\",\"url\":\"https:\\\/\\\/graphimarket.com\\\/wp-content\\\/uploads\\\/2020\\\/11\\\/The-Ultimate-Skin-Retouch-Panel-For-PS-Download.jpg\",\"contentUrl\":\"https:\\\/\\\/graphimarket.com\\\/wp-content\\\/uploads\\\/2020\\\/11\\\/The-Ultimate-Skin-Retouch-Panel-For-PS-Download.jpg\",\"width\":800,\"height\":500},{\"@type\":\"BreadcrumbList\",\"@id\":\"https:\\\/\\\/graphimarket.com\\\/product\\\/the-ultimate-skin-retouch-panel-for-photoshop\\\/#breadcrumb\",\"itemListElement\":[{\"@type\":\"ListItem\",\"position\":1,\"name\":\"Home\",\"item\":\"https:\\\/\\\/graphimarket.com\\\/es\\\/\"},{\"@type\":\"ListItem\",\"position\":2,\"name\":\"Store\",\"item\":\"https:\\\/\\\/graphimarket.com\\\/store\\\/\"},{\"@type\":\"ListItem\",\"position\":3,\"name\":\"The Ultimate Skin Retouch Panel For Photoshop\"}]},{\"@type\":\"WebSite\",\"@id\":\"https:\\\/\\\/graphimarket.com\\\/fr\\\/#website\",\"url\":\"https:\\\/\\\/graphimarket.com\\\/fr\\\/\",\"name\":\"Graphimarket\",\"description\":\"Find the perfect creative asset to bring your project to life\",\"publisher\":{\"@id\":\"https:\\\/\\\/graphimarket.com\\\/fr\\\/#organization\"},\"potentialAction\":[{\"@type\":\"SearchAction\",\"target\":{\"@type\":\"EntryPoint\",\"urlTemplate\":\"https:\\\/\\\/graphimarket.com\\\/fr\\\/?s={search_term_string}\"},\"query-input\":{\"@type\":\"PropertyValueSpecification\",\"valueRequired\":true,\"valueName\":\"search_term_string\"}}],\"inLanguage\":\"pt-PT\"},{\"@type\":\"Organization\",\"@id\":\"https:\\\/\\\/graphimarket.com\\\/fr\\\/#organization\",\"name\":\"Graphimarket\",\"url\":\"https:\\\/\\\/graphimarket.com\\\/fr\\\/\",\"logo\":{\"@type\":\"ImageObject\",\"inLanguage\":\"pt-PT\",\"@id\":\"https:\\\/\\\/graphimarket.com\\\/fr\\\/#\\\/schema\\\/logo\\\/image\\\/\",\"url\":\"https:\\\/\\\/graphimarket.com\\\/wp-content\\\/uploads\\\/2020\\\/08\\\/logo-48.png\",\"contentUrl\":\"https:\\\/\\\/graphimarket.com\\\/wp-content\\\/uploads\\\/2020\\\/08\\\/logo-48.png\",\"width\":132,\"height\":48,\"caption\":\"Graphimarket\"},\"image\":{\"@id\":\"https:\\\/\\\/graphimarket.com\\\/fr\\\/#\\\/schema\\\/logo\\\/image\\\/\"}}]}<\/script>\n<!-- \/ Yoast SEO plugin. -->","yoast_head_json":{"title":"O melhor painel de retoque de pele para Photoshop - Graphimarket","description":"Retocar a pele requer aten\u00e7\u00e3o aos detalhes e precis\u00e3o, mas nem toda t\u00e9cnica precisa ser excessivamente complicada ou demorada.","robots":{"index":"index","follow":"follow","max-snippet":"max-snippet:-1","max-image-preview":"max-image-preview:large","max-video-preview":"max-video-preview:-1"},"canonical":"https:\/\/graphimarket.com\/pt\/product\/the-ultimate-skin-retouch-panel-for-photoshop\/","og_locale":"pt_PT","og_type":"article","og_title":"The Ultimate Skin Retouch Panel For Photoshop - Graphimarket","og_description":"Retouching skin requires attention to detail and accuracy, but not every technique has to be overly complicated or time-consuming.","og_url":"https:\/\/graphimarket.com\/pt\/product\/the-ultimate-skin-retouch-panel-for-photoshop\/","og_site_name":"Graphimarket","article_modified_time":"2024-02-09T18:23:13+00:00","og_image":[{"width":800,"height":500,"url":"https:\/\/graphimarket.com\/wp-content\/uploads\/2020\/11\/The-Ultimate-Skin-Retouch-Panel-For-PS-Download.jpg","type":"image\/jpeg"}],"twitter_card":"summary_large_image","twitter_misc":{"Est. reading time":"2 minutes"},"schema":{"@context":"https:\/\/schema.org","@graph":[{"@type":"WebPage","@id":"https:\/\/graphimarket.com\/product\/the-ultimate-skin-retouch-panel-for-photoshop\/","url":"https:\/\/graphimarket.com\/product\/the-ultimate-skin-retouch-panel-for-photoshop\/","name":"O melhor painel de retoque de pele para Photoshop - Graphimarket","isPartOf":{"@id":"https:\/\/graphimarket.com\/fr\/#website"},"primaryImageOfPage":{"@id":"https:\/\/graphimarket.com\/product\/the-ultimate-skin-retouch-panel-for-photoshop\/#primaryimage"},"image":{"@id":"https:\/\/graphimarket.com\/product\/the-ultimate-skin-retouch-panel-for-photoshop\/#primaryimage"},"thumbnailUrl":"https:\/\/graphimarket.com\/wp-content\/uploads\/2020\/11\/The-Ultimate-Skin-Retouch-Panel-For-PS-Download.jpg","datePublished":"2020-11-17T14:35:31+00:00","dateModified":"2024-02-09T18:23:13+00:00","description":"Retocar a pele requer aten\u00e7\u00e3o aos detalhes e precis\u00e3o, mas nem toda t\u00e9cnica precisa ser excessivamente complicada ou demorada.","breadcrumb":{"@id":"https:\/\/graphimarket.com\/product\/the-ultimate-skin-retouch-panel-for-photoshop\/#breadcrumb"},"inLanguage":"pt-PT","potentialAction":[{"@type":"ReadAction","target":["https:\/\/graphimarket.com\/product\/the-ultimate-skin-retouch-panel-for-photoshop\/"]}]},{"@type":"ImageObject","inLanguage":"pt-PT","@id":"https:\/\/graphimarket.com\/product\/the-ultimate-skin-retouch-panel-for-photoshop\/#primaryimage","url":"https:\/\/graphimarket.com\/wp-content\/uploads\/2020\/11\/The-Ultimate-Skin-Retouch-Panel-For-PS-Download.jpg","contentUrl":"https:\/\/graphimarket.com\/wp-content\/uploads\/2020\/11\/The-Ultimate-Skin-Retouch-Panel-For-PS-Download.jpg","width":800,"height":500},{"@type":"BreadcrumbList","@id":"https:\/\/graphimarket.com\/product\/the-ultimate-skin-retouch-panel-for-photoshop\/#breadcrumb","itemListElement":[{"@type":"ListItem","position":1,"name":"Home","item":"https:\/\/graphimarket.com\/es\/"},{"@type":"ListItem","position":2,"name":"Store","item":"https:\/\/graphimarket.com\/store\/"},{"@type":"ListItem","position":3,"name":"The Ultimate Skin Retouch Panel For Photoshop"}]},{"@type":"WebSite","@id":"https:\/\/graphimarket.com\/fr\/#website","url":"https:\/\/graphimarket.com\/fr\/","name":"Graphimarket","description":"Encontre o ativo criativo perfeito para dar vida ao seu projeto","publisher":{"@id":"https:\/\/graphimarket.com\/fr\/#organization"},"potentialAction":[{"@type":"SearchAction","target":{"@type":"EntryPoint","urlTemplate":"https:\/\/graphimarket.com\/fr\/?s={search_term_string}"},"query-input":{"@type":"PropertyValueSpecification","valueRequired":true,"valueName":"search_term_string"}}],"inLanguage":"pt-PT"},{"@type":"Organization","@id":"https:\/\/graphimarket.com\/fr\/#organization","name":"Graphimarket","url":"https:\/\/graphimarket.com\/fr\/","logo":{"@type":"ImageObject","inLanguage":"pt-PT","@id":"https:\/\/graphimarket.com\/fr\/#\/schema\/logo\/image\/","url":"https:\/\/graphimarket.com\/wp-content\/uploads\/2020\/08\/logo-48.png","contentUrl":"https:\/\/graphimarket.com\/wp-content\/uploads\/2020\/08\/logo-48.png","width":132,"height":48,"caption":"Graphimarket"},"image":{"@id":"https:\/\/graphimarket.com\/fr\/#\/schema\/logo\/image\/"}}]}},"_links":{"self":[{"href":"http:\/\/graphimarket.com\/pt\/wp-json\/wp\/v2\/product\/13142","targetHints":{"allow":["GET"]}}],"collection":[{"href":"http:\/\/graphimarket.com\/pt\/wp-json\/wp\/v2\/product"}],"about":[{"href":"http:\/\/graphimarket.com\/pt\/wp-json\/wp\/v2\/types\/product"}],"replies":[{"embeddable":true,"href":"http:\/\/graphimarket.com\/pt\/wp-json\/wp\/v2\/comments?post=13142"}],"version-history":[{"count":0,"href":"http:\/\/graphimarket.com\/pt\/wp-json\/wp\/v2\/product\/13142\/revisions"}],"wp:featuredmedia":[{"embeddable":true,"href":"http:\/\/graphimarket.com\/pt\/wp-json\/wp\/v2\/media\/13143"}],"wp:attachment":[{"href":"http:\/\/graphimarket.com\/pt\/wp-json\/wp\/v2\/media?parent=13142"}],"wp:term":[{"taxonomy":"product_brand","embeddable":true,"href":"http:\/\/graphimarket.com\/pt\/wp-json\/wp\/v2\/product_brand?post=13142"},{"taxonomy":"product_cat","embeddable":true,"href":"http:\/\/graphimarket.com\/pt\/wp-json\/wp\/v2\/product_cat?post=13142"},{"taxonomy":"product_tag","embeddable":true,"href":"http:\/\/graphimarket.com\/pt\/wp-json\/wp\/v2\/product_tag?post=13142"}],"curies":[{"name":"wp","href":"https:\/\/api.w.org\/{rel}","templated":true}]}}