{"id":15708,"date":"2021-02-01T17:23:40","date_gmt":"2021-02-01T16:23:40","guid":{"rendered":"https:\/\/graphimarket.com\/?post_type=product&#038;p=15708"},"modified":"2021-02-01T17:27:34","modified_gmt":"2021-02-01T16:27:34","slug":"1000-premium-hd-overlays-and-actions-for-photoshop","status":"publish","type":"product","link":"http:\/\/graphimarket.com\/pt\/product\/1000-premium-hd-overlays-and-actions-for-photoshop\/","title":{"rendered":"Mais de 1000 sobreposi\u00e7\u00f5es e a\u00e7\u00f5es HD Premium para Photoshop"},"content":{"rendered":"<h3>Sobreposi\u00e7\u00f5es e a\u00e7\u00f5es do Photoshop em HD para designs premium.<\/h3>\n<p>Adicione efeitos impressionantes \u00e0s suas fotos com\u00a0<strong>Mais de 1000 sobreposi\u00e7\u00f5es e a\u00e7\u00f5es HD Premium!<\/strong><\/p>\n<p>Voc\u00ea encontrar\u00e1 uma grande variedade de sobreposi\u00e7\u00f5es e a\u00e7\u00f5es do Photoshop de alta qualidade neste pacote. N\u00e3o h\u00e1 nenhum efeito que voc\u00ea n\u00e3o possa conquistar com este pacote incr\u00edvel! Se voc\u00ea deseja adicionar beleza, charme, emo\u00e7\u00f5es ou outros efeitos em suas imagens, voc\u00ea pode fazer isso facilmente com esses recursos do Photoshop.<\/p>\n<p>Este \u00e9 um arsenal para fot\u00f3grafos, amadores e profissionais para processamento r\u00e1pido de fotos!<\/p>\n<p>Esses recursos de photoshop podem ser usados em qualquer software gr\u00e1fico que suporte o modo de tela de sobreposi\u00e7\u00e3o de camada.<\/p>\n<p>O que mais! Este pacote vem com uma licen\u00e7a comercial estendida, o que significa que voc\u00ea pode usar essas sobreposi\u00e7\u00f5es e a\u00e7\u00f5es, uma e outra vez, para criar designs impressionantes para voc\u00ea e seus clientes!<\/p>\n<h3>Mais de 1000 sobreposi\u00e7\u00f5es e a\u00e7\u00f5es inclu\u00eddas neste pacote:<\/h3>\n<ul>\n<li>44 Sobreposi\u00e7\u00f5es de efeitos de fotos antigas vintage<\/li>\n<li>85 Night Sky Silhouette - Sobreposi\u00e7\u00f5es e a\u00e7\u00f5es<\/li>\n<li>50 fundos e sobreposi\u00e7\u00f5es vintage<\/li>\n<li>52 Sobreposi\u00e7\u00f5es e a\u00e7\u00f5es rom\u00e2nticas de efeitos Bokeh de cora\u00e7\u00e3o<\/li>\n<li>42 efeitos de sobreposi\u00e7\u00e3o de confete de Natal colorido e glitter<\/li>\n<li>50 efeitos de reflexo \u00f3ptico - sobreposi\u00e7\u00f5es e a\u00e7\u00f5es<\/li>\n<li>52 Sobreposi\u00e7\u00f5es e a\u00e7\u00f5es de efeitos de queima de filme e gr\u00e3o<\/li>\n<li>39 Adicionar Bokeh - Sobreposi\u00e7\u00f5es e a\u00e7\u00f5es<\/li>\n<li>56 Sobreposi\u00e7\u00f5es de fotos de fuma\u00e7a realistas<\/li>\n<li>99 efeitos Bokeh naturais - Sobreposi\u00e7\u00f5es e a\u00e7\u00f5es<\/li>\n<li>51 Efeitos de sobreposi\u00e7\u00e3o de neve e poeira<\/li>\n<li>28 Efeitos ruins de fotoc\u00f3pia - Sobreposi\u00e7\u00f5es e a\u00e7\u00f5es<\/li>\n<li>49 Sobreposi\u00e7\u00f5es de fotos com reflexo de lente de fotografia profissional<\/li>\n<li>35 Lens Flare Effects - Sobreposi\u00e7\u00f5es e a\u00e7\u00f5es<\/li>\n<li>92 Efeitos de Vazamentos de Luz do Filme - Sobreposi\u00e7\u00f5es e A\u00e7\u00f5es<\/li>\n<li>26 efeitos de sobreposi\u00e7\u00e3o de chuva<\/li>\n<li>19 Efeito subaqu\u00e1tico para Adobe Photoshop<\/li>\n<li>49 Efeitos Bokeh Naturais - Sobreposi\u00e7\u00f5es e A\u00e7\u00f5es<\/li>\n<li>45 Sobreposi\u00e7\u00f5es de Bokeh Elegance<\/li>\n<li>10 superposi\u00e7\u00f5es e a\u00e7\u00f5es estreladas do c\u00e9u noturno<\/li>\n<li>Efeito 16 WET PLATE para Adobe Photoshop<\/li>\n<\/ul>\n<p>&nbsp;<\/p>\n<p><img fetchpriority=\"high\" decoding=\"async\" class=\"size-full wp-image-15709 aligncenter\" src=\"https:\/\/graphimarket.com\/wp-content\/uploads\/2021\/02\/christmas-overlay-pack-9-1-1024x5870-2-scaled.jpg\" alt=\"\" width=\"447\" height=\"2560\" srcset=\"https:\/\/graphimarket.com\/wp-content\/uploads\/2021\/02\/christmas-overlay-pack-9-1-1024x5870-2-scaled.jpg 447w, https:\/\/graphimarket.com\/wp-content\/uploads\/2021\/02\/christmas-overlay-pack-9-1-1024x5870-2-179x1024.jpg 179w, https:\/\/graphimarket.com\/wp-content\/uploads\/2021\/02\/christmas-overlay-pack-9-1-1024x5870-2-268x1536.jpg 268w, https:\/\/graphimarket.com\/wp-content\/uploads\/2021\/02\/christmas-overlay-pack-9-1-1024x5870-2-2x12.jpg 2w\" sizes=\"(max-width: 447px) 100vw, 447px\" \/><\/p>","protected":false},"excerpt":{"rendered":"<p>HD Photoshop Overlays &amp; Actions For Premium Designs. Add stunning effects to your photos with\u00a01000+ Premium HD Overlays and Actions! You will find a great variety of high-quality Photoshop Overlays and Actions in this bundle. There is no effect that you can not conquer with this awesome bundle! Whether you want to add beauty, charm, [&hellip;]<\/p>\n","protected":false},"featured_media":15710,"comment_status":"open","ping_status":"closed","template":"","meta":{"site-sidebar-layout":"default","site-content-layout":"default","ast-site-content-layout":"default","site-content-style":"default","site-sidebar-style":"default","ast-global-header-display":"","ast-banner-title-visibility":"","ast-main-header-display":"","ast-hfb-above-header-display":"","ast-hfb-below-header-display":"","ast-hfb-mobile-header-display":"","site-post-title":"","ast-breadcrumbs-content":"","ast-featured-img":"","footer-sml-layout":"","ast-disable-related-posts":"","theme-transparent-header-meta":"default","adv-header-id-meta":"","stick-header-meta":"","header-above-stick-meta":"","header-main-stick-meta":"","header-below-stick-meta":"","astra-migrate-meta-layouts":"default","ast-page-background-enabled":"default","ast-page-background-meta":{"desktop":{"background-color":"","background-image":"","background-repeat":"repeat","background-position":"center center","background-size":"auto","background-attachment":"scroll","background-type":"","background-media":"","overlay-type":"","overlay-color":"","overlay-opacity":"","overlay-gradient":""},"tablet":{"background-color":"","background-image":"","background-repeat":"repeat","background-position":"center center","background-size":"auto","background-attachment":"scroll","background-type":"","background-media":"","overlay-type":"","overlay-color":"","overlay-opacity":"","overlay-gradient":""},"mobile":{"background-color":"","background-image":"","background-repeat":"repeat","background-position":"center center","background-size":"auto","background-attachment":"scroll","background-type":"","background-media":"","overlay-type":"","overlay-color":"","overlay-opacity":"","overlay-gradient":""}},"ast-content-background-meta":{"desktop":{"background-color":"var(--ast-global-color-5)","background-image":"","background-repeat":"repeat","background-position":"center center","background-size":"auto","background-attachment":"scroll","background-type":"","background-media":"","overlay-type":"","overlay-color":"","overlay-opacity":"","overlay-gradient":""},"tablet":{"background-color":"var(--ast-global-color-5)","background-image":"","background-repeat":"repeat","background-position":"center center","background-size":"auto","background-attachment":"scroll","background-type":"","background-media":"","overlay-type":"","overlay-color":"","overlay-opacity":"","overlay-gradient":""},"mobile":{"background-color":"var(--ast-global-color-5)","background-image":"","background-repeat":"repeat","background-position":"center center","background-size":"auto","background-attachment":"scroll","background-type":"","background-media":"","overlay-type":"","overlay-color":"","overlay-opacity":"","overlay-gradient":""}}},"product_brand":[],"product_cat":[196,140,144,145,195,146],"product_tag":[292,1863,1862,524,285,62,421],"class_list":{"0":"post-15708","1":"product","2":"type-product","3":"status-publish","4":"has-post-thumbnail","6":"product_cat-actions","7":"product_cat-overlays","8":"product_cat-photo-editor","9":"product_cat-photography","10":"product_cat-photoshop","11":"product_cat-photoshop-action","12":"product_tag-action","13":"product_tag-designs","14":"product_tag-hd","15":"product_tag-overlay","16":"product_tag-photo","17":"product_tag-photoshop","18":"product_tag-premium","19":"desktop-align-left","20":"tablet-align-left","21":"mobile-align-left","23":"first","24":"instock","25":"sale","26":"downloadable","27":"virtual","28":"taxable","29":"purchasable","30":"product-type-simple"},"yoast_head":"<!-- This site is optimized with the Yoast SEO plugin v27.3 - https:\/\/yoast.com\/product\/yoast-seo-wordpress\/ -->\n<title>1000+ Premium HD Overlays and Actions for Photoshop - Graphimarket<\/title>\n<meta name=\"description\" content=\"HD Photoshop Overlays &amp; Actions For Premium Designs.Add stunning effects to your photos with\u00a01000+ Premium HD Overlays and Actions!...\" \/>\n<meta name=\"robots\" content=\"index, follow, max-snippet:-1, max-image-preview:large, max-video-preview:-1\" \/>\n<link rel=\"canonical\" href=\"https:\/\/graphimarket.com\/pt\/product\/1000-premium-hd-overlays-and-actions-for-photoshop\/\" \/>\n<meta property=\"og:locale\" content=\"pt_PT\" \/>\n<meta property=\"og:type\" content=\"article\" \/>\n<meta property=\"og:title\" content=\"1000+ Premium HD Overlays and Actions for Photoshop - Graphimarket\" \/>\n<meta property=\"og:description\" content=\"HD Photoshop Overlays &amp; Actions For Premium Designs.Add stunning effects to your photos with\u00a01000+ Premium HD Overlays and Actions!...\" \/>\n<meta property=\"og:url\" content=\"https:\/\/graphimarket.com\/pt\/product\/1000-premium-hd-overlays-and-actions-for-photoshop\/\" \/>\n<meta property=\"og:site_name\" content=\"Graphimarket\" \/>\n<meta property=\"article:modified_time\" content=\"2021-02-01T16:27:34+00:00\" \/>\n<meta property=\"og:image\" content=\"https:\/\/graphimarket.com\/wp-content\/uploads\/2021\/02\/1000-COMPLETE-LIBRARY-Photo-Overlays-Bundle-Banner.jpg\" \/>\n\t<meta property=\"og:image:width\" content=\"800\" \/>\n\t<meta property=\"og:image:height\" content=\"500\" \/>\n\t<meta property=\"og:image:type\" content=\"image\/jpeg\" \/>\n<meta name=\"twitter:card\" content=\"summary_large_image\" \/>\n<meta name=\"twitter:label1\" content=\"Est. reading time\" \/>\n\t<meta name=\"twitter:data1\" content=\"1 minute\" \/>\n<script type=\"application\/ld+json\" class=\"yoast-schema-graph\">{\"@context\":\"https:\\\/\\\/schema.org\",\"@graph\":[{\"@type\":\"WebPage\",\"@id\":\"https:\\\/\\\/graphimarket.com\\\/product\\\/1000-premium-hd-overlays-and-actions-for-photoshop\\\/\",\"url\":\"https:\\\/\\\/graphimarket.com\\\/product\\\/1000-premium-hd-overlays-and-actions-for-photoshop\\\/\",\"name\":\"1000+ Premium HD Overlays and Actions for Photoshop - Graphimarket\",\"isPartOf\":{\"@id\":\"https:\\\/\\\/graphimarket.com\\\/fr\\\/#website\"},\"primaryImageOfPage\":{\"@id\":\"https:\\\/\\\/graphimarket.com\\\/product\\\/1000-premium-hd-overlays-and-actions-for-photoshop\\\/#primaryimage\"},\"image\":{\"@id\":\"https:\\\/\\\/graphimarket.com\\\/product\\\/1000-premium-hd-overlays-and-actions-for-photoshop\\\/#primaryimage\"},\"thumbnailUrl\":\"https:\\\/\\\/graphimarket.com\\\/wp-content\\\/uploads\\\/2021\\\/02\\\/1000-COMPLETE-LIBRARY-Photo-Overlays-Bundle-Banner.jpg\",\"datePublished\":\"2021-02-01T16:23:40+00:00\",\"dateModified\":\"2021-02-01T16:27:34+00:00\",\"description\":\"HD Photoshop Overlays & Actions For Premium Designs.Add stunning effects to your photos with\u00a01000+ Premium HD Overlays and Actions!...\",\"breadcrumb\":{\"@id\":\"https:\\\/\\\/graphimarket.com\\\/product\\\/1000-premium-hd-overlays-and-actions-for-photoshop\\\/#breadcrumb\"},\"inLanguage\":\"pt-PT\",\"potentialAction\":[{\"@type\":\"ReadAction\",\"target\":[\"https:\\\/\\\/graphimarket.com\\\/product\\\/1000-premium-hd-overlays-and-actions-for-photoshop\\\/\"]}]},{\"@type\":\"ImageObject\",\"inLanguage\":\"pt-PT\",\"@id\":\"https:\\\/\\\/graphimarket.com\\\/product\\\/1000-premium-hd-overlays-and-actions-for-photoshop\\\/#primaryimage\",\"url\":\"https:\\\/\\\/graphimarket.com\\\/wp-content\\\/uploads\\\/2021\\\/02\\\/1000-COMPLETE-LIBRARY-Photo-Overlays-Bundle-Banner.jpg\",\"contentUrl\":\"https:\\\/\\\/graphimarket.com\\\/wp-content\\\/uploads\\\/2021\\\/02\\\/1000-COMPLETE-LIBRARY-Photo-Overlays-Bundle-Banner.jpg\",\"width\":800,\"height\":500},{\"@type\":\"BreadcrumbList\",\"@id\":\"https:\\\/\\\/graphimarket.com\\\/product\\\/1000-premium-hd-overlays-and-actions-for-photoshop\\\/#breadcrumb\",\"itemListElement\":[{\"@type\":\"ListItem\",\"position\":1,\"name\":\"Home\",\"item\":\"https:\\\/\\\/graphimarket.com\\\/es\\\/\"},{\"@type\":\"ListItem\",\"position\":2,\"name\":\"Store\",\"item\":\"https:\\\/\\\/graphimarket.com\\\/store\\\/\"},{\"@type\":\"ListItem\",\"position\":3,\"name\":\"1000+ Premium HD Overlays and Actions for Photoshop\"}]},{\"@type\":\"WebSite\",\"@id\":\"https:\\\/\\\/graphimarket.com\\\/fr\\\/#website\",\"url\":\"https:\\\/\\\/graphimarket.com\\\/fr\\\/\",\"name\":\"Graphimarket\",\"description\":\"Find the perfect creative asset to bring your project to life\",\"publisher\":{\"@id\":\"https:\\\/\\\/graphimarket.com\\\/fr\\\/#organization\"},\"potentialAction\":[{\"@type\":\"SearchAction\",\"target\":{\"@type\":\"EntryPoint\",\"urlTemplate\":\"https:\\\/\\\/graphimarket.com\\\/fr\\\/?s={search_term_string}\"},\"query-input\":{\"@type\":\"PropertyValueSpecification\",\"valueRequired\":true,\"valueName\":\"search_term_string\"}}],\"inLanguage\":\"pt-PT\"},{\"@type\":\"Organization\",\"@id\":\"https:\\\/\\\/graphimarket.com\\\/fr\\\/#organization\",\"name\":\"Graphimarket\",\"url\":\"https:\\\/\\\/graphimarket.com\\\/fr\\\/\",\"logo\":{\"@type\":\"ImageObject\",\"inLanguage\":\"pt-PT\",\"@id\":\"https:\\\/\\\/graphimarket.com\\\/fr\\\/#\\\/schema\\\/logo\\\/image\\\/\",\"url\":\"https:\\\/\\\/graphimarket.com\\\/wp-content\\\/uploads\\\/2020\\\/08\\\/logo-48.png\",\"contentUrl\":\"https:\\\/\\\/graphimarket.com\\\/wp-content\\\/uploads\\\/2020\\\/08\\\/logo-48.png\",\"width\":132,\"height\":48,\"caption\":\"Graphimarket\"},\"image\":{\"@id\":\"https:\\\/\\\/graphimarket.com\\\/fr\\\/#\\\/schema\\\/logo\\\/image\\\/\"}}]}<\/script>\n<!-- \/ Yoast SEO plugin. -->","yoast_head_json":{"title":"Mais de 1000 sobreposi\u00e7\u00f5es e a\u00e7\u00f5es HD Premium para Photoshop - Graphimarket","description":"Sobreposi\u00e7\u00f5es e a\u00e7\u00f5es do Photoshop HD para designs premium.Adicione efeitos impressionantes \u00e0s suas fotos com mais de 1000 sobreposi\u00e7\u00f5es e a\u00e7\u00f5es HD Premium! ...","robots":{"index":"index","follow":"follow","max-snippet":"max-snippet:-1","max-image-preview":"max-image-preview:large","max-video-preview":"max-video-preview:-1"},"canonical":"https:\/\/graphimarket.com\/pt\/product\/1000-premium-hd-overlays-and-actions-for-photoshop\/","og_locale":"pt_PT","og_type":"article","og_title":"1000+ Premium HD Overlays and Actions for Photoshop - Graphimarket","og_description":"HD Photoshop Overlays & Actions For Premium Designs.Add stunning effects to your photos with\u00a01000+ Premium HD Overlays and Actions!...","og_url":"https:\/\/graphimarket.com\/pt\/product\/1000-premium-hd-overlays-and-actions-for-photoshop\/","og_site_name":"Graphimarket","article_modified_time":"2021-02-01T16:27:34+00:00","og_image":[{"width":800,"height":500,"url":"https:\/\/graphimarket.com\/wp-content\/uploads\/2021\/02\/1000-COMPLETE-LIBRARY-Photo-Overlays-Bundle-Banner.jpg","type":"image\/jpeg"}],"twitter_card":"summary_large_image","twitter_misc":{"Est. reading time":"1 minute"},"schema":{"@context":"https:\/\/schema.org","@graph":[{"@type":"WebPage","@id":"https:\/\/graphimarket.com\/product\/1000-premium-hd-overlays-and-actions-for-photoshop\/","url":"https:\/\/graphimarket.com\/product\/1000-premium-hd-overlays-and-actions-for-photoshop\/","name":"Mais de 1000 sobreposi\u00e7\u00f5es e a\u00e7\u00f5es HD Premium para Photoshop - Graphimarket","isPartOf":{"@id":"https:\/\/graphimarket.com\/fr\/#website"},"primaryImageOfPage":{"@id":"https:\/\/graphimarket.com\/product\/1000-premium-hd-overlays-and-actions-for-photoshop\/#primaryimage"},"image":{"@id":"https:\/\/graphimarket.com\/product\/1000-premium-hd-overlays-and-actions-for-photoshop\/#primaryimage"},"thumbnailUrl":"https:\/\/graphimarket.com\/wp-content\/uploads\/2021\/02\/1000-COMPLETE-LIBRARY-Photo-Overlays-Bundle-Banner.jpg","datePublished":"2021-02-01T16:23:40+00:00","dateModified":"2021-02-01T16:27:34+00:00","description":"Sobreposi\u00e7\u00f5es e a\u00e7\u00f5es do Photoshop HD para designs premium.Adicione efeitos impressionantes \u00e0s suas fotos com mais de 1000 sobreposi\u00e7\u00f5es e a\u00e7\u00f5es HD Premium! ...","breadcrumb":{"@id":"https:\/\/graphimarket.com\/product\/1000-premium-hd-overlays-and-actions-for-photoshop\/#breadcrumb"},"inLanguage":"pt-PT","potentialAction":[{"@type":"ReadAction","target":["https:\/\/graphimarket.com\/product\/1000-premium-hd-overlays-and-actions-for-photoshop\/"]}]},{"@type":"ImageObject","inLanguage":"pt-PT","@id":"https:\/\/graphimarket.com\/product\/1000-premium-hd-overlays-and-actions-for-photoshop\/#primaryimage","url":"https:\/\/graphimarket.com\/wp-content\/uploads\/2021\/02\/1000-COMPLETE-LIBRARY-Photo-Overlays-Bundle-Banner.jpg","contentUrl":"https:\/\/graphimarket.com\/wp-content\/uploads\/2021\/02\/1000-COMPLETE-LIBRARY-Photo-Overlays-Bundle-Banner.jpg","width":800,"height":500},{"@type":"BreadcrumbList","@id":"https:\/\/graphimarket.com\/product\/1000-premium-hd-overlays-and-actions-for-photoshop\/#breadcrumb","itemListElement":[{"@type":"ListItem","position":1,"name":"Home","item":"https:\/\/graphimarket.com\/es\/"},{"@type":"ListItem","position":2,"name":"Store","item":"https:\/\/graphimarket.com\/store\/"},{"@type":"ListItem","position":3,"name":"1000+ Premium HD Overlays and Actions for Photoshop"}]},{"@type":"WebSite","@id":"https:\/\/graphimarket.com\/fr\/#website","url":"https:\/\/graphimarket.com\/fr\/","name":"Graphimarket","description":"Encontre o ativo criativo perfeito para dar vida ao seu projeto","publisher":{"@id":"https:\/\/graphimarket.com\/fr\/#organization"},"potentialAction":[{"@type":"SearchAction","target":{"@type":"EntryPoint","urlTemplate":"https:\/\/graphimarket.com\/fr\/?s={search_term_string}"},"query-input":{"@type":"PropertyValueSpecification","valueRequired":true,"valueName":"search_term_string"}}],"inLanguage":"pt-PT"},{"@type":"Organization","@id":"https:\/\/graphimarket.com\/fr\/#organization","name":"Graphimarket","url":"https:\/\/graphimarket.com\/fr\/","logo":{"@type":"ImageObject","inLanguage":"pt-PT","@id":"https:\/\/graphimarket.com\/fr\/#\/schema\/logo\/image\/","url":"https:\/\/graphimarket.com\/wp-content\/uploads\/2020\/08\/logo-48.png","contentUrl":"https:\/\/graphimarket.com\/wp-content\/uploads\/2020\/08\/logo-48.png","width":132,"height":48,"caption":"Graphimarket"},"image":{"@id":"https:\/\/graphimarket.com\/fr\/#\/schema\/logo\/image\/"}}]}},"_links":{"self":[{"href":"http:\/\/graphimarket.com\/pt\/wp-json\/wp\/v2\/product\/15708","targetHints":{"allow":["GET"]}}],"collection":[{"href":"http:\/\/graphimarket.com\/pt\/wp-json\/wp\/v2\/product"}],"about":[{"href":"http:\/\/graphimarket.com\/pt\/wp-json\/wp\/v2\/types\/product"}],"replies":[{"embeddable":true,"href":"http:\/\/graphimarket.com\/pt\/wp-json\/wp\/v2\/comments?post=15708"}],"version-history":[{"count":0,"href":"http:\/\/graphimarket.com\/pt\/wp-json\/wp\/v2\/product\/15708\/revisions"}],"wp:featuredmedia":[{"embeddable":true,"href":"http:\/\/graphimarket.com\/pt\/wp-json\/wp\/v2\/media\/15710"}],"wp:attachment":[{"href":"http:\/\/graphimarket.com\/pt\/wp-json\/wp\/v2\/media?parent=15708"}],"wp:term":[{"taxonomy":"product_brand","embeddable":true,"href":"http:\/\/graphimarket.com\/pt\/wp-json\/wp\/v2\/product_brand?post=15708"},{"taxonomy":"product_cat","embeddable":true,"href":"http:\/\/graphimarket.com\/pt\/wp-json\/wp\/v2\/product_cat?post=15708"},{"taxonomy":"product_tag","embeddable":true,"href":"http:\/\/graphimarket.com\/pt\/wp-json\/wp\/v2\/product_tag?post=15708"}],"curies":[{"name":"wp","href":"https:\/\/api.w.org\/{rel}","templated":true}]}}