{"id":15785,"date":"2021-02-04T16:59:32","date_gmt":"2021-02-04T15:59:32","guid":{"rendered":"https:\/\/graphimarket.com\/?post_type=product&#038;p=15785"},"modified":"2022-12-19T09:01:24","modified_gmt":"2022-12-19T08:01:24","slug":"90-premium-actions-set","status":"publish","type":"product","link":"http:\/\/graphimarket.com\/pt\/product\/90-premium-actions-set\/","title":{"rendered":"Conjunto de 90 a\u00e7\u00f5es premium"},"content":{"rendered":"<p><strong>Conjunto de 90 a\u00e7\u00f5es premium<\/strong> \u00e9 uma a\u00e7\u00e3o profissional do Photoshop perfeita para fot\u00f3grafos e designers gr\u00e1ficos. Todos eles foram criados com ajustes de calibra\u00e7\u00e3o precisos para dar vida \u00e0s suas imagens usando ferramentas poderosas e m\u00e9todos profissionais.<\/p>\n<h3 id=\"item-description__features\">RECURSOS<\/h3>\n<ul>\n<li>A\u00e7\u00f5es n\u00e3o destrutivas (todas as a\u00e7\u00f5es mant\u00eam a imagem original intacta)<\/li>\n<li>Organizado (todas as camadas s\u00e3o organizadas automaticamente em uma pasta de grupo)<\/li>\n<li>Melhores resultados com um clique<\/li>\n<li>Combine a\u00e7\u00f5es (todas as a\u00e7\u00f5es s\u00e3o combin\u00e1veis para obter mais de 90 efeitos. Voc\u00ea encontrar\u00e1 as instru\u00e7\u00f5es no arquivo de ajuda em PDF)<\/li>\n<li>Fa\u00e7a altera\u00e7\u00f5es (a maioria das a\u00e7\u00f5es foi criada usando &quot;Camadas de ajustes&quot;, o que lhe d\u00e1 a chance de alterar os valores \u00e0 sua maneira)<\/li>\n<\/ul>\n<h3 id=\"item-description__the-set-contains\">O CONJUNTO CONT\u00c9M<\/h3>\n<ul>\n<li>Esbo\u00e7o de tinta art\u00edstica - contraste suave<\/li>\n<li>Esbo\u00e7o de tinta art\u00edstica - alto contraste<\/li>\n<li>Esbo\u00e7o Art Ink - Cor<\/li>\n<li>Aguarela Arte - Seca<\/li>\n<li>Aguarela Art\u00edstica - Molhada<\/li>\n<li>Lavagem de arte - P&amp;B<\/li>\n<li>Art Comic - Color<\/li>\n<li>Art Comic - P&amp;B<\/li>\n<li>Art Comic - Retro \/ Small Dots<\/li>\n<li>Art Comic - Retro \/ Medium Dots<\/li>\n<li>Art Comic - Retro \/ Big Dots<\/li>\n<li>Art Extract Lines - For Grayscale Line Art<\/li>\n<li>Art Extract Lines - Para Color Line Art<\/li>\n<li>Acr\u00edlico Art\u00edstico<\/li>\n<li>Acr\u00edlico Art\u00edstico - Pinceladas Grossas<\/li>\n<li>Camera Lubitel 166 - Frio<\/li>\n<li>Camera Lubitel 166 - Quente<\/li>\n<li>Camera Yashica Mat 124<\/li>\n<li>Superexposi\u00e7\u00e3o de corre\u00e7\u00e3o - Suave<\/li>\n<li>Superexposi\u00e7\u00e3o de corre\u00e7\u00e3o - alta<\/li>\n<li>Corre\u00e7\u00e3o de subexposi\u00e7\u00e3o - Suave<\/li>\n<li>Corre\u00e7\u00e3o de subexposi\u00e7\u00e3o - alta<\/li>\n<li>Efeito Cores Vivas - Red Boost<\/li>\n<li>Efeito Cores Vivas - Green Boost<\/li>\n<li>Efeito Cores Vivas - Blue Boost<\/li>\n<li>Efeito 300 - gr\u00e3o de filme macio<\/li>\n<li>Efeito 300 - Gr\u00e3o de Filme Forte<\/li>\n<li>Efeito da exposi\u00e7\u00e3o solar<\/li>\n<li>Exposi\u00e7\u00e3o ao Sol de Efeito - P&amp;B<\/li>\n<li>Efeito Vis\u00e3o Noturna<\/li>\n<li>Efeito Night Vision - Light Enhance<\/li>\n<li>Efeito de TV - linhas finas<\/li>\n<li>Efeito TV - Linhas M\u00e9dias<\/li>\n<li>Efeito de TV - linhas grossas<\/li>\n<li>Gr\u00e3o de Filme - Macio<\/li>\n<li>Filme Granulado - M\u00e9dio<\/li>\n<li>Gr\u00e3o de filme - forte<\/li>\n<li>Ilumina\u00e7\u00e3o High Key \/ Soft - P&amp;B<\/li>\n<li>Ilumina\u00e7\u00e3o de alta defini\u00e7\u00e3o \/ forte - P&amp;B<\/li>\n<li>Ilumina\u00e7\u00e3o High Key \/ Suave - Cor<\/li>\n<li>Ilumina\u00e7\u00e3o High Key \/ Forte - Cor<\/li>\n<li>Ilumina\u00e7\u00e3o Low Key \/ Soft - P&amp;B<\/li>\n<li>Ilumina\u00e7\u00e3o Low Key \/ Forte - P&amp;B<\/li>\n<li>Ilumina\u00e7\u00e3o Low Key \/ Suave - Cor<\/li>\n<li>Ilumina\u00e7\u00e3o Low Key \/ Forte - Cor<\/li>\n<li>Pontos de padr\u00e3o - fundo pequeno \/ branco<\/li>\n<li>Pontos de padr\u00e3o - fundo pequeno \/ preto<\/li>\n<li>Pontos de padr\u00e3o - fundo m\u00e9dio \/ branco<\/li>\n<li>Pontos de padr\u00e3o - fundo m\u00e9dio \/ preto<\/li>\n<li>Pontos de padr\u00e3o - fundo grande \/ branco<\/li>\n<li>Pontos de padr\u00e3o - fundo grande \/ preto<\/li>\n<li>Pontos Min\u00fasculos de Padr\u00e3o - Pequeno<\/li>\n<li>Padr\u00e3o de pontos min\u00fasculos - m\u00e9dio<\/li>\n<li>Padr\u00e3o de pontos min\u00fasculos - grande<\/li>\n<li>Linhas diagonais de padr\u00e3o - finas<\/li>\n<li>Linhas diagonais padr\u00e3o - m\u00e9dio<\/li>\n<li>Linhas diagonais padr\u00e3o - espessas<\/li>\n<li>Polarizar<\/li>\n<li>Polarizador - alto contraste<\/li>\n<li>Processo Autocromo<\/li>\n<li>Argir\u00f3tipo do Processo<\/li>\n<li>Bromoil de processo<\/li>\n<li>Impress\u00e3o de litro de processo<\/li>\n<li>Daguerre\u00f3tipo de Processo<\/li>\n<li>Daguerre\u00f3tipo de Processo - Ouro<\/li>\n<li>Esta\u00e7\u00f5es Retro - Primavera<\/li>\n<li>Esta\u00e7\u00f5es retr\u00f4 - primavera \/ alto contraste<\/li>\n<li>Temporadas retr\u00f4 - ver\u00e3o<\/li>\n<li>Temporadas retr\u00f4 - ver\u00e3o \/ alto contraste<\/li>\n<li>Esta\u00e7\u00f5es Retro - Outono<\/li>\n<li>Esta\u00e7\u00f5es retr\u00f4 - outono \/ alto contraste<\/li>\n<li>Esta\u00e7\u00f5es Retro - Inverno<\/li>\n<li>Esta\u00e7\u00f5es retr\u00f4 - inverno \/ alto contraste<\/li>\n<li>Tarde Retro<\/li>\n<li>Retro Morning<\/li>\n<li>Revista Retro<\/li>\n<li>Revista Retro - Alto Contraste<\/li>\n<li>Retro HDR - Quente<\/li>\n<li>HDR retro - frio<\/li>\n<li>HDR Retro - Estilo Lomogr\u00e1fico<\/li>\n<li>Mem\u00f3rias Retro<\/li>\n<li>Retro Wash &amp; Dust<\/li>\n<li>Scanlines - linhas finas<\/li>\n<li>Scanlines - Linhas M\u00e9dias<\/li>\n<li>Scanlines - linhas grossas<\/li>\n<li>Solariza\u00e7\u00e3o - P&amp;B<\/li>\n<li>Solariza\u00e7\u00e3o - Cor<\/li>\n<li>Vinheta - Suave<\/li>\n<li>Vinheta - m\u00e9dia<\/li>\n<li>Vinheta - forte<\/li>\n<\/ul>\n<p><img fetchpriority=\"high\" decoding=\"async\" class=\"size-full wp-image-15786 aligncenter\" src=\"https:\/\/graphimarket.com\/wp-content\/uploads\/2021\/02\/1433067578_XtemUZP-scaled.jpg\" alt=\"\" width=\"479\" height=\"2560\" srcset=\"https:\/\/graphimarket.com\/wp-content\/uploads\/2021\/02\/1433067578_XtemUZP-scaled.jpg 479w, https:\/\/graphimarket.com\/wp-content\/uploads\/2021\/02\/1433067578_XtemUZP-56x300.jpg 56w, https:\/\/graphimarket.com\/wp-content\/uploads\/2021\/02\/1433067578_XtemUZP-383x2048.jpg 383w, https:\/\/graphimarket.com\/wp-content\/uploads\/2021\/02\/1433067578_XtemUZP-2x12.jpg 2w\" sizes=\"(max-width: 479px) 100vw, 479px\" \/><\/p>","protected":false},"excerpt":{"rendered":"<p>90 Premium Actions Set is a professional Photoshop action perfect for photographers and graphic designers. All they have been created with precise calibration adjustments to bring your images to life using powerful tools &amp; professional methods. FEATURES Non-destructive actions (all actions keep untouched the original image) Arranged (all layers are automatically arranged in a Group [&hellip;]<\/p>\n","protected":false},"featured_media":15787,"comment_status":"open","ping_status":"closed","template":"","meta":{"site-sidebar-layout":"default","site-content-layout":"default","ast-site-content-layout":"default","site-content-style":"default","site-sidebar-style":"default","ast-global-header-display":"","ast-banner-title-visibility":"","ast-main-header-display":"","ast-hfb-above-header-display":"","ast-hfb-below-header-display":"","ast-hfb-mobile-header-display":"","site-post-title":"","ast-breadcrumbs-content":"","ast-featured-img":"","footer-sml-layout":"","ast-disable-related-posts":"","theme-transparent-header-meta":"default","adv-header-id-meta":"","stick-header-meta":"","header-above-stick-meta":"","header-main-stick-meta":"","header-below-stick-meta":"","astra-migrate-meta-layouts":"default","ast-page-background-enabled":"default","ast-page-background-meta":{"desktop":{"background-color":"","background-image":"","background-repeat":"repeat","background-position":"center center","background-size":"auto","background-attachment":"scroll","background-type":"","background-media":"","overlay-type":"","overlay-color":"","overlay-opacity":"","overlay-gradient":""},"tablet":{"background-color":"","background-image":"","background-repeat":"repeat","background-position":"center center","background-size":"auto","background-attachment":"scroll","background-type":"","background-media":"","overlay-type":"","overlay-color":"","overlay-opacity":"","overlay-gradient":""},"mobile":{"background-color":"","background-image":"","background-repeat":"repeat","background-position":"center center","background-size":"auto","background-attachment":"scroll","background-type":"","background-media":"","overlay-type":"","overlay-color":"","overlay-opacity":"","overlay-gradient":""}},"ast-content-background-meta":{"desktop":{"background-color":"var(--ast-global-color-5)","background-image":"","background-repeat":"repeat","background-position":"center center","background-size":"auto","background-attachment":"scroll","background-type":"","background-media":"","overlay-type":"","overlay-color":"","overlay-opacity":"","overlay-gradient":""},"tablet":{"background-color":"var(--ast-global-color-5)","background-image":"","background-repeat":"repeat","background-position":"center center","background-size":"auto","background-attachment":"scroll","background-type":"","background-media":"","overlay-type":"","overlay-color":"","overlay-opacity":"","overlay-gradient":""},"mobile":{"background-color":"var(--ast-global-color-5)","background-image":"","background-repeat":"repeat","background-position":"center center","background-size":"auto","background-attachment":"scroll","background-type":"","background-media":"","overlay-type":"","overlay-color":"","overlay-opacity":"","overlay-gradient":""}}},"product_brand":[],"product_cat":[195,146],"product_tag":[1869,292,238,1386,254,275,285,1188,62,421,374,1870,519],"class_list":{"0":"post-15785","1":"product","2":"type-product","3":"status-publish","4":"has-post-thumbnail","6":"product_cat-photoshop","7":"product_cat-photoshop-action","8":"product_tag-1869","9":"product_tag-action","10":"product_tag-actions","11":"product_tag-adobe","12":"product_tag-art","13":"product_tag-ink","14":"product_tag-photo","15":"product_tag-photographer","16":"product_tag-photoshop","17":"product_tag-premium","18":"product_tag-pro","19":"product_tag-professiona","20":"product_tag-set","21":"desktop-align-left","22":"tablet-align-left","23":"mobile-align-left","25":"first","26":"instock","27":"sale","28":"downloadable","29":"virtual","30":"taxable","31":"purchasable","32":"product-type-simple"},"yoast_head":"<!-- This site is optimized with the Yoast SEO plugin v27.3 - https:\/\/yoast.com\/product\/yoast-seo-wordpress\/ -->\n<title>90 Premium Actions Set - Graphimarket<\/title>\n<meta name=\"description\" content=\"90 Premium Actions Set is a professional Photoshop action perfect for photographers and graphic designers. All they have...\" \/>\n<meta name=\"robots\" content=\"index, follow, max-snippet:-1, max-image-preview:large, max-video-preview:-1\" \/>\n<link rel=\"canonical\" href=\"http:\/\/graphimarket.com\/pt\/product\/90-premium-actions-set\/\" \/>\n<meta property=\"og:locale\" content=\"pt_PT\" \/>\n<meta property=\"og:type\" content=\"article\" \/>\n<meta property=\"og:title\" content=\"90 Premium Actions Set - Graphimarket\" \/>\n<meta property=\"og:description\" content=\"90 Premium Actions Set is a professional Photoshop action perfect for photographers and graphic designers. All they have...\" \/>\n<meta property=\"og:url\" content=\"http:\/\/graphimarket.com\/pt\/product\/90-premium-actions-set\/\" \/>\n<meta property=\"og:site_name\" content=\"Graphimarket\" \/>\n<meta property=\"article:modified_time\" content=\"2022-12-19T08:01:24+00:00\" \/>\n<meta property=\"og:image\" content=\"https:\/\/graphimarket.com\/wp-content\/uploads\/2021\/02\/unnamed.jpg\" \/>\n\t<meta property=\"og:image:width\" content=\"512\" \/>\n\t<meta property=\"og:image:height\" content=\"347\" \/>\n\t<meta property=\"og:image:type\" content=\"image\/jpeg\" \/>\n<meta name=\"twitter:card\" content=\"summary_large_image\" \/>\n<meta name=\"twitter:label1\" content=\"Est. reading time\" \/>\n\t<meta name=\"twitter:data1\" content=\"2 minutes\" \/>\n<script type=\"application\/ld+json\" class=\"yoast-schema-graph\">{\"@context\":\"https:\\\/\\\/schema.org\",\"@graph\":[{\"@type\":\"WebPage\",\"@id\":\"http:\\\/\\\/graphimarket.com\\\/fr\\\/product\\\/90-premium-actions-set\\\/\",\"url\":\"http:\\\/\\\/graphimarket.com\\\/fr\\\/product\\\/90-premium-actions-set\\\/\",\"name\":\"90 Premium Actions Set - Graphimarket\",\"isPartOf\":{\"@id\":\"https:\\\/\\\/graphimarket.com\\\/fr\\\/#website\"},\"primaryImageOfPage\":{\"@id\":\"http:\\\/\\\/graphimarket.com\\\/fr\\\/product\\\/90-premium-actions-set\\\/#primaryimage\"},\"image\":{\"@id\":\"http:\\\/\\\/graphimarket.com\\\/fr\\\/product\\\/90-premium-actions-set\\\/#primaryimage\"},\"thumbnailUrl\":\"https:\\\/\\\/graphimarket.com\\\/wp-content\\\/uploads\\\/2021\\\/02\\\/unnamed.jpg\",\"datePublished\":\"2021-02-04T15:59:32+00:00\",\"dateModified\":\"2022-12-19T08:01:24+00:00\",\"description\":\"90 Premium Actions Set is a professional Photoshop action perfect for photographers and graphic designers. All they have...\",\"breadcrumb\":{\"@id\":\"http:\\\/\\\/graphimarket.com\\\/fr\\\/product\\\/90-premium-actions-set\\\/#breadcrumb\"},\"inLanguage\":\"pt-PT\",\"potentialAction\":[{\"@type\":\"ReadAction\",\"target\":[\"http:\\\/\\\/graphimarket.com\\\/fr\\\/product\\\/90-premium-actions-set\\\/\"]}]},{\"@type\":\"ImageObject\",\"inLanguage\":\"pt-PT\",\"@id\":\"http:\\\/\\\/graphimarket.com\\\/fr\\\/product\\\/90-premium-actions-set\\\/#primaryimage\",\"url\":\"https:\\\/\\\/graphimarket.com\\\/wp-content\\\/uploads\\\/2021\\\/02\\\/unnamed.jpg\",\"contentUrl\":\"https:\\\/\\\/graphimarket.com\\\/wp-content\\\/uploads\\\/2021\\\/02\\\/unnamed.jpg\",\"width\":512,\"height\":347},{\"@type\":\"BreadcrumbList\",\"@id\":\"http:\\\/\\\/graphimarket.com\\\/fr\\\/product\\\/90-premium-actions-set\\\/#breadcrumb\",\"itemListElement\":[{\"@type\":\"ListItem\",\"position\":1,\"name\":\"Home\",\"item\":\"https:\\\/\\\/graphimarket.com\\\/es\\\/\"},{\"@type\":\"ListItem\",\"position\":2,\"name\":\"Store\",\"item\":\"https:\\\/\\\/graphimarket.com\\\/store\\\/\"},{\"@type\":\"ListItem\",\"position\":3,\"name\":\"90 Premium Actions Set\"}]},{\"@type\":\"WebSite\",\"@id\":\"https:\\\/\\\/graphimarket.com\\\/fr\\\/#website\",\"url\":\"https:\\\/\\\/graphimarket.com\\\/fr\\\/\",\"name\":\"Graphimarket\",\"description\":\"Find the perfect creative asset to bring your project to life\",\"publisher\":{\"@id\":\"https:\\\/\\\/graphimarket.com\\\/fr\\\/#organization\"},\"potentialAction\":[{\"@type\":\"SearchAction\",\"target\":{\"@type\":\"EntryPoint\",\"urlTemplate\":\"https:\\\/\\\/graphimarket.com\\\/fr\\\/?s={search_term_string}\"},\"query-input\":{\"@type\":\"PropertyValueSpecification\",\"valueRequired\":true,\"valueName\":\"search_term_string\"}}],\"inLanguage\":\"pt-PT\"},{\"@type\":\"Organization\",\"@id\":\"https:\\\/\\\/graphimarket.com\\\/fr\\\/#organization\",\"name\":\"Graphimarket\",\"url\":\"https:\\\/\\\/graphimarket.com\\\/fr\\\/\",\"logo\":{\"@type\":\"ImageObject\",\"inLanguage\":\"pt-PT\",\"@id\":\"https:\\\/\\\/graphimarket.com\\\/fr\\\/#\\\/schema\\\/logo\\\/image\\\/\",\"url\":\"https:\\\/\\\/graphimarket.com\\\/wp-content\\\/uploads\\\/2020\\\/08\\\/logo-48.png\",\"contentUrl\":\"https:\\\/\\\/graphimarket.com\\\/wp-content\\\/uploads\\\/2020\\\/08\\\/logo-48.png\",\"width\":132,\"height\":48,\"caption\":\"Graphimarket\"},\"image\":{\"@id\":\"https:\\\/\\\/graphimarket.com\\\/fr\\\/#\\\/schema\\\/logo\\\/image\\\/\"}}]}<\/script>\n<!-- \/ Yoast SEO plugin. -->","yoast_head_json":{"title":"90 Conjunto de a\u00e7\u00f5es premium - Graphimarket","description":"90 Premium Actions Set \u00e9 uma a\u00e7\u00e3o profissional do Photoshop perfeita para fot\u00f3grafos e designers gr\u00e1ficos. Tudo o que eles t\u00eam ...","robots":{"index":"index","follow":"follow","max-snippet":"max-snippet:-1","max-image-preview":"max-image-preview:large","max-video-preview":"max-video-preview:-1"},"canonical":"http:\/\/graphimarket.com\/pt\/product\/90-premium-actions-set\/","og_locale":"pt_PT","og_type":"article","og_title":"90 Premium Actions Set - Graphimarket","og_description":"90 Premium Actions Set is a professional Photoshop action perfect for photographers and graphic designers. All they have...","og_url":"http:\/\/graphimarket.com\/pt\/product\/90-premium-actions-set\/","og_site_name":"Graphimarket","article_modified_time":"2022-12-19T08:01:24+00:00","og_image":[{"width":512,"height":347,"url":"https:\/\/graphimarket.com\/wp-content\/uploads\/2021\/02\/unnamed.jpg","type":"image\/jpeg"}],"twitter_card":"summary_large_image","twitter_misc":{"Est. reading time":"2 minutes"},"schema":{"@context":"https:\/\/schema.org","@graph":[{"@type":"WebPage","@id":"http:\/\/graphimarket.com\/fr\/product\/90-premium-actions-set\/","url":"http:\/\/graphimarket.com\/fr\/product\/90-premium-actions-set\/","name":"90 Conjunto de a\u00e7\u00f5es premium - Graphimarket","isPartOf":{"@id":"https:\/\/graphimarket.com\/fr\/#website"},"primaryImageOfPage":{"@id":"http:\/\/graphimarket.com\/fr\/product\/90-premium-actions-set\/#primaryimage"},"image":{"@id":"http:\/\/graphimarket.com\/fr\/product\/90-premium-actions-set\/#primaryimage"},"thumbnailUrl":"https:\/\/graphimarket.com\/wp-content\/uploads\/2021\/02\/unnamed.jpg","datePublished":"2021-02-04T15:59:32+00:00","dateModified":"2022-12-19T08:01:24+00:00","description":"90 Premium Actions Set \u00e9 uma a\u00e7\u00e3o profissional do Photoshop perfeita para fot\u00f3grafos e designers gr\u00e1ficos. Tudo o que eles t\u00eam ...","breadcrumb":{"@id":"http:\/\/graphimarket.com\/fr\/product\/90-premium-actions-set\/#breadcrumb"},"inLanguage":"pt-PT","potentialAction":[{"@type":"ReadAction","target":["http:\/\/graphimarket.com\/fr\/product\/90-premium-actions-set\/"]}]},{"@type":"ImageObject","inLanguage":"pt-PT","@id":"http:\/\/graphimarket.com\/fr\/product\/90-premium-actions-set\/#primaryimage","url":"https:\/\/graphimarket.com\/wp-content\/uploads\/2021\/02\/unnamed.jpg","contentUrl":"https:\/\/graphimarket.com\/wp-content\/uploads\/2021\/02\/unnamed.jpg","width":512,"height":347},{"@type":"BreadcrumbList","@id":"http:\/\/graphimarket.com\/fr\/product\/90-premium-actions-set\/#breadcrumb","itemListElement":[{"@type":"ListItem","position":1,"name":"Home","item":"https:\/\/graphimarket.com\/es\/"},{"@type":"ListItem","position":2,"name":"Store","item":"https:\/\/graphimarket.com\/store\/"},{"@type":"ListItem","position":3,"name":"90 Premium Actions Set"}]},{"@type":"WebSite","@id":"https:\/\/graphimarket.com\/fr\/#website","url":"https:\/\/graphimarket.com\/fr\/","name":"Graphimarket","description":"Encontre o ativo criativo perfeito para dar vida ao seu projeto","publisher":{"@id":"https:\/\/graphimarket.com\/fr\/#organization"},"potentialAction":[{"@type":"SearchAction","target":{"@type":"EntryPoint","urlTemplate":"https:\/\/graphimarket.com\/fr\/?s={search_term_string}"},"query-input":{"@type":"PropertyValueSpecification","valueRequired":true,"valueName":"search_term_string"}}],"inLanguage":"pt-PT"},{"@type":"Organization","@id":"https:\/\/graphimarket.com\/fr\/#organization","name":"Graphimarket","url":"https:\/\/graphimarket.com\/fr\/","logo":{"@type":"ImageObject","inLanguage":"pt-PT","@id":"https:\/\/graphimarket.com\/fr\/#\/schema\/logo\/image\/","url":"https:\/\/graphimarket.com\/wp-content\/uploads\/2020\/08\/logo-48.png","contentUrl":"https:\/\/graphimarket.com\/wp-content\/uploads\/2020\/08\/logo-48.png","width":132,"height":48,"caption":"Graphimarket"},"image":{"@id":"https:\/\/graphimarket.com\/fr\/#\/schema\/logo\/image\/"}}]}},"_links":{"self":[{"href":"http:\/\/graphimarket.com\/pt\/wp-json\/wp\/v2\/product\/15785","targetHints":{"allow":["GET"]}}],"collection":[{"href":"http:\/\/graphimarket.com\/pt\/wp-json\/wp\/v2\/product"}],"about":[{"href":"http:\/\/graphimarket.com\/pt\/wp-json\/wp\/v2\/types\/product"}],"replies":[{"embeddable":true,"href":"http:\/\/graphimarket.com\/pt\/wp-json\/wp\/v2\/comments?post=15785"}],"version-history":[{"count":0,"href":"http:\/\/graphimarket.com\/pt\/wp-json\/wp\/v2\/product\/15785\/revisions"}],"wp:featuredmedia":[{"embeddable":true,"href":"http:\/\/graphimarket.com\/pt\/wp-json\/wp\/v2\/media\/15787"}],"wp:attachment":[{"href":"http:\/\/graphimarket.com\/pt\/wp-json\/wp\/v2\/media?parent=15785"}],"wp:term":[{"taxonomy":"product_brand","embeddable":true,"href":"http:\/\/graphimarket.com\/pt\/wp-json\/wp\/v2\/product_brand?post=15785"},{"taxonomy":"product_cat","embeddable":true,"href":"http:\/\/graphimarket.com\/pt\/wp-json\/wp\/v2\/product_cat?post=15785"},{"taxonomy":"product_tag","embeddable":true,"href":"http:\/\/graphimarket.com\/pt\/wp-json\/wp\/v2\/product_tag?post=15785"}],"curies":[{"name":"wp","href":"https:\/\/api.w.org\/{rel}","templated":true}]}}