{"id":15799,"date":"2021-02-04T17:38:27","date_gmt":"2021-02-04T16:38:27","guid":{"rendered":"https:\/\/graphimarket.com\/?post_type=product&#038;p=15799"},"modified":"2026-04-08T22:04:02","modified_gmt":"2026-04-08T20:04:02","slug":"3d-map-generator-terrain-from-heightmap","status":"publish","type":"product","link":"http:\/\/graphimarket.com\/pt\/product\/3d-map-generator-terrain-from-heightmap\/","title":{"rendered":"Gerador de mapa 3D - Terreno do mapa de altura"},"content":{"rendered":"<h1>Gerador de mapa 3D - Terreno do mapa de altura<\/h1>\n<p>Com o Gerador de mapa 3D - Terreno, voc\u00ea pode criar facilmente um mapa de altura em tons de cinza e, a partir dele, gerar um terreno 3D. Os extensos recursos de nosso plug-in economizam tempo real para criativos que desejam criar mapas profissionais e de alta qualidade rapidamente. E o melhor de tudo: voc\u00ea n\u00e3o precisa ser um profissional do Photoshop!<\/p>\n<h3 id=\"item-description__features-overview\">Vis\u00e3o geral dos recursos<\/h3>\n<ul>\n<li>Mapa 3D de todos os mapas de altura em tons de cinza poss\u00edveis<\/li>\n<li>Ferramenta extensa para gerar e editar seu pr\u00f3prio mapa de altura<\/li>\n<li>Navegador Heightmap<\/li>\n<li>Fun\u00e7\u00e3o Auto-heightmaps<\/li>\n<li>Biblioteca de mapas + conjunto de exemplos gr\u00e1tis<\/li>\n<li>Fun\u00e7\u00e3o de nuvens aleat\u00f3rias<\/li>\n<li>Fun\u00e7\u00e3o Top-View Map<\/li>\n<li>21 pinc\u00e9is de mapa de altura<\/li>\n<li>Configura\u00e7\u00e3o de eleva\u00e7\u00e3o do mapa<\/li>\n<li>Mapa 3D de uma forma individual<\/li>\n<li>3 orienta\u00e7\u00f5es diferentes do mapa isom\u00e9trico (esquerda, frontal, direita)<\/li>\n<li>Ferramenta de Auto-Texturiza\u00e7\u00e3o<\/li>\n<li>16 predefini\u00e7\u00f5es de gradiente<\/li>\n<li>22 texturas cont\u00ednuas<\/li>\n<li>7 texturas de legenda de mapa<\/li>\n<li>Pinc\u00e9is de texturiza\u00e7\u00e3o diferentes<\/li>\n<li>21 predefini\u00e7\u00f5es de fundo<\/li>\n<li>Ferramenta de sele\u00e7\u00e3o de cores de borda do mapa<\/li>\n<li>Ferramenta de guias<\/li>\n<li>Ferramenta de linhas de contorno<\/li>\n<li>Fun\u00e7\u00e3o de n\u00edvel de \u00e1gua<\/li>\n<li>Adicionar e excluir a profundidade do mapa (sem limites)<\/li>\n<li>Fun\u00e7\u00e3o Global Shadow<\/li>\n<li>4 pinc\u00e9is de efeito para projetar a superf\u00edcie do mapa<\/li>\n<li>Ferramenta Gravel<\/li>\n<li>Mais de 100 \u00edcones e elementos de mapa<\/li>\n<li>Fun\u00e7\u00f5es da biblioteca de \u00edcones&gt; adicione seus pr\u00f3prios \u00edcones<\/li>\n<li>Plugin para Photoshop CC-2014 e mais recente<\/li>\n<li>20+ tutoriais em v\u00eddeo<\/li>\n<\/ul>\n<p>Desenhe ou modifique um mapa de altura com as ferramentas de mapa de altura. Obtenha mapas de altura do mundo real de locais reais. Especifique a eleva\u00e7\u00e3o e orienta\u00e7\u00e3o do mapa e gere um mapa 3D isom\u00e9trico. Estilize a superf\u00edcie do mapa com predefini\u00e7\u00f5es de gradiente edit\u00e1veis, texturas cont\u00ednuas, ferramenta Linhas de contorno, ferramenta N\u00edvel de \u00e1gua e pinc\u00e9is EFX. Altere a altura do mapa, estilize o fundo, determine a ilumina\u00e7\u00e3o do mapa, coloque \u00edcones de mapas isom\u00e9tricos de alta qualidade da biblioteca de \u00edcones. Carregue seus pr\u00f3prios \u00edcones na biblioteca. Crie terrenos 3D profissionais com apenas alguns cliques. Tudo com uma ferramenta e alguns cliques no Photoshop!<\/p>\n<p>&nbsp;<\/p>\n<p>&nbsp;<\/p>\n<p><img fetchpriority=\"high\" decoding=\"async\" class=\"alignnone size-full wp-image-15802\" src=\"https:\/\/graphimarket.com\/wp-content\/uploads\/2021\/02\/005_3dmgt.jpg\" alt=\"\" width=\"1200\" height=\"768\" srcset=\"https:\/\/graphimarket.com\/wp-content\/uploads\/2021\/02\/005_3dmgt.jpg 1200w, https:\/\/graphimarket.com\/wp-content\/uploads\/2021\/02\/005_3dmgt-300x192.jpg 300w, https:\/\/graphimarket.com\/wp-content\/uploads\/2021\/02\/005_3dmgt-1024x655.jpg 1024w, https:\/\/graphimarket.com\/wp-content\/uploads\/2021\/02\/005_3dmgt-768x492.jpg 768w, https:\/\/graphimarket.com\/wp-content\/uploads\/2021\/02\/005_3dmgt-16x10.jpg 16w, https:\/\/graphimarket.com\/wp-content\/uploads\/2021\/02\/005_3dmgt-600x384.jpg 600w\" sizes=\"(max-width: 1200px) 100vw, 1200px\" \/> <img decoding=\"async\" class=\"alignnone size-full wp-image-15803\" src=\"https:\/\/graphimarket.com\/wp-content\/uploads\/2021\/02\/006_3dmgt.jpg\" alt=\"\" width=\"1200\" height=\"768\" srcset=\"https:\/\/graphimarket.com\/wp-content\/uploads\/2021\/02\/006_3dmgt.jpg 1200w, https:\/\/graphimarket.com\/wp-content\/uploads\/2021\/02\/006_3dmgt-300x192.jpg 300w, https:\/\/graphimarket.com\/wp-content\/uploads\/2021\/02\/006_3dmgt-1024x655.jpg 1024w, https:\/\/graphimarket.com\/wp-content\/uploads\/2021\/02\/006_3dmgt-768x492.jpg 768w, https:\/\/graphimarket.com\/wp-content\/uploads\/2021\/02\/006_3dmgt-16x10.jpg 16w, https:\/\/graphimarket.com\/wp-content\/uploads\/2021\/02\/006_3dmgt-600x384.jpg 600w\" sizes=\"(max-width: 1200px) 100vw, 1200px\" \/> <img decoding=\"async\" class=\"alignnone size-full wp-image-15804\" src=\"https:\/\/graphimarket.com\/wp-content\/uploads\/2021\/02\/007_3dmgt.jpg\" alt=\"\" width=\"1200\" height=\"768\" srcset=\"https:\/\/graphimarket.com\/wp-content\/uploads\/2021\/02\/007_3dmgt.jpg 1200w, https:\/\/graphimarket.com\/wp-content\/uploads\/2021\/02\/007_3dmgt-300x192.jpg 300w, https:\/\/graphimarket.com\/wp-content\/uploads\/2021\/02\/007_3dmgt-1024x655.jpg 1024w, https:\/\/graphimarket.com\/wp-content\/uploads\/2021\/02\/007_3dmgt-768x492.jpg 768w, https:\/\/graphimarket.com\/wp-content\/uploads\/2021\/02\/007_3dmgt-16x10.jpg 16w, https:\/\/graphimarket.com\/wp-content\/uploads\/2021\/02\/007_3dmgt-600x384.jpg 600w\" sizes=\"(max-width: 1200px) 100vw, 1200px\" \/> <img loading=\"lazy\" decoding=\"async\" class=\"alignnone size-full wp-image-15805\" src=\"https:\/\/graphimarket.com\/wp-content\/uploads\/2021\/02\/008_3dmgt.jpg\" alt=\"\" width=\"1200\" height=\"768\" srcset=\"https:\/\/graphimarket.com\/wp-content\/uploads\/2021\/02\/008_3dmgt.jpg 1200w, https:\/\/graphimarket.com\/wp-content\/uploads\/2021\/02\/008_3dmgt-300x192.jpg 300w, https:\/\/graphimarket.com\/wp-content\/uploads\/2021\/02\/008_3dmgt-1024x655.jpg 1024w, https:\/\/graphimarket.com\/wp-content\/uploads\/2021\/02\/008_3dmgt-768x492.jpg 768w, https:\/\/graphimarket.com\/wp-content\/uploads\/2021\/02\/008_3dmgt-16x10.jpg 16w, https:\/\/graphimarket.com\/wp-content\/uploads\/2021\/02\/008_3dmgt-600x384.jpg 600w\" sizes=\"(max-width: 1200px) 100vw, 1200px\" \/> <img loading=\"lazy\" decoding=\"async\" class=\"alignnone size-full wp-image-15806\" src=\"https:\/\/graphimarket.com\/wp-content\/uploads\/2021\/02\/009_3dmgt.jpg\" alt=\"\" width=\"1200\" height=\"768\" srcset=\"https:\/\/graphimarket.com\/wp-content\/uploads\/2021\/02\/009_3dmgt.jpg 1200w, https:\/\/graphimarket.com\/wp-content\/uploads\/2021\/02\/009_3dmgt-300x192.jpg 300w, https:\/\/graphimarket.com\/wp-content\/uploads\/2021\/02\/009_3dmgt-1024x655.jpg 1024w, https:\/\/graphimarket.com\/wp-content\/uploads\/2021\/02\/009_3dmgt-768x492.jpg 768w, https:\/\/graphimarket.com\/wp-content\/uploads\/2021\/02\/009_3dmgt-16x10.jpg 16w, https:\/\/graphimarket.com\/wp-content\/uploads\/2021\/02\/009_3dmgt-600x384.jpg 600w\" sizes=\"(max-width: 1200px) 100vw, 1200px\" \/> <img loading=\"lazy\" decoding=\"async\" class=\"alignnone size-full wp-image-15807\" src=\"https:\/\/graphimarket.com\/wp-content\/uploads\/2021\/02\/010_3dmgt.jpg\" alt=\"\" width=\"1200\" height=\"768\" srcset=\"https:\/\/graphimarket.com\/wp-content\/uploads\/2021\/02\/010_3dmgt.jpg 1200w, https:\/\/graphimarket.com\/wp-content\/uploads\/2021\/02\/010_3dmgt-300x192.jpg 300w, https:\/\/graphimarket.com\/wp-content\/uploads\/2021\/02\/010_3dmgt-1024x655.jpg 1024w, https:\/\/graphimarket.com\/wp-content\/uploads\/2021\/02\/010_3dmgt-768x492.jpg 768w, https:\/\/graphimarket.com\/wp-content\/uploads\/2021\/02\/010_3dmgt-16x10.jpg 16w, https:\/\/graphimarket.com\/wp-content\/uploads\/2021\/02\/010_3dmgt-600x384.jpg 600w\" sizes=\"(max-width: 1200px) 100vw, 1200px\" \/> <img loading=\"lazy\" decoding=\"async\" class=\"alignnone size-full wp-image-15808\" src=\"https:\/\/graphimarket.com\/wp-content\/uploads\/2021\/02\/001_3dmgt.jpg\" alt=\"\" width=\"1200\" height=\"768\" srcset=\"https:\/\/graphimarket.com\/wp-content\/uploads\/2021\/02\/001_3dmgt.jpg 1200w, https:\/\/graphimarket.com\/wp-content\/uploads\/2021\/02\/001_3dmgt-300x192.jpg 300w, https:\/\/graphimarket.com\/wp-content\/uploads\/2021\/02\/001_3dmgt-1024x655.jpg 1024w, https:\/\/graphimarket.com\/wp-content\/uploads\/2021\/02\/001_3dmgt-768x492.jpg 768w, https:\/\/graphimarket.com\/wp-content\/uploads\/2021\/02\/001_3dmgt-16x10.jpg 16w, https:\/\/graphimarket.com\/wp-content\/uploads\/2021\/02\/001_3dmgt-600x384.jpg 600w\" sizes=\"(max-width: 1200px) 100vw, 1200px\" \/> <img loading=\"lazy\" decoding=\"async\" class=\"alignnone size-full wp-image-15809\" src=\"https:\/\/graphimarket.com\/wp-content\/uploads\/2021\/02\/002_3dmgt.jpg\" alt=\"\" width=\"1200\" height=\"768\" srcset=\"https:\/\/graphimarket.com\/wp-content\/uploads\/2021\/02\/002_3dmgt.jpg 1200w, https:\/\/graphimarket.com\/wp-content\/uploads\/2021\/02\/002_3dmgt-300x192.jpg 300w, https:\/\/graphimarket.com\/wp-content\/uploads\/2021\/02\/002_3dmgt-1024x655.jpg 1024w, https:\/\/graphimarket.com\/wp-content\/uploads\/2021\/02\/002_3dmgt-768x492.jpg 768w, https:\/\/graphimarket.com\/wp-content\/uploads\/2021\/02\/002_3dmgt-16x10.jpg 16w, https:\/\/graphimarket.com\/wp-content\/uploads\/2021\/02\/002_3dmgt-600x384.jpg 600w\" sizes=\"(max-width: 1200px) 100vw, 1200px\" \/> <img loading=\"lazy\" decoding=\"async\" class=\"alignnone size-full wp-image-15810\" src=\"https:\/\/graphimarket.com\/wp-content\/uploads\/2021\/02\/003_3dmgt.jpg\" alt=\"\" width=\"1200\" height=\"768\" srcset=\"https:\/\/graphimarket.com\/wp-content\/uploads\/2021\/02\/003_3dmgt.jpg 1200w, https:\/\/graphimarket.com\/wp-content\/uploads\/2021\/02\/003_3dmgt-300x192.jpg 300w, https:\/\/graphimarket.com\/wp-content\/uploads\/2021\/02\/003_3dmgt-1024x655.jpg 1024w, https:\/\/graphimarket.com\/wp-content\/uploads\/2021\/02\/003_3dmgt-768x492.jpg 768w, https:\/\/graphimarket.com\/wp-content\/uploads\/2021\/02\/003_3dmgt-16x10.jpg 16w, https:\/\/graphimarket.com\/wp-content\/uploads\/2021\/02\/003_3dmgt-600x384.jpg 600w\" sizes=\"(max-width: 1200px) 100vw, 1200px\" \/> <img loading=\"lazy\" decoding=\"async\" class=\"alignnone size-full wp-image-15811\" src=\"https:\/\/graphimarket.com\/wp-content\/uploads\/2021\/02\/004_3dmgt.jpg\" alt=\"\" width=\"1200\" height=\"768\" srcset=\"https:\/\/graphimarket.com\/wp-content\/uploads\/2021\/02\/004_3dmgt.jpg 1200w, https:\/\/graphimarket.com\/wp-content\/uploads\/2021\/02\/004_3dmgt-300x192.jpg 300w, https:\/\/graphimarket.com\/wp-content\/uploads\/2021\/02\/004_3dmgt-1024x655.jpg 1024w, https:\/\/graphimarket.com\/wp-content\/uploads\/2021\/02\/004_3dmgt-768x492.jpg 768w, https:\/\/graphimarket.com\/wp-content\/uploads\/2021\/02\/004_3dmgt-16x10.jpg 16w, https:\/\/graphimarket.com\/wp-content\/uploads\/2021\/02\/004_3dmgt-600x384.jpg 600w\" sizes=\"(max-width: 1200px) 100vw, 1200px\" \/><\/p>","protected":false},"excerpt":{"rendered":"<p>3D Map Generator &#8211; Terrain from Heightmap With the 3D Map Generator \u2013 Terrain you can easily create a grayscale heightmap and then generate a 3D terrain out of it. The extensive features of our plugin are real time savers for creatives who want to create professional and high-quality maps in no time. And the [&hellip;]<\/p>\n","protected":false},"featured_media":15804,"comment_status":"open","ping_status":"closed","template":"","meta":{"site-sidebar-layout":"default","site-content-layout":"default","ast-site-content-layout":"default","site-content-style":"default","site-sidebar-style":"default","ast-global-header-display":"","ast-banner-title-visibility":"","ast-main-header-display":"","ast-hfb-above-header-display":"","ast-hfb-below-header-display":"","ast-hfb-mobile-header-display":"","site-post-title":"","ast-breadcrumbs-content":"","ast-featured-img":"","footer-sml-layout":"","ast-disable-related-posts":"","theme-transparent-header-meta":"default","adv-header-id-meta":"","stick-header-meta":"","header-above-stick-meta":"","header-main-stick-meta":"","header-below-stick-meta":"","astra-migrate-meta-layouts":"default","ast-page-background-enabled":"default","ast-page-background-meta":{"desktop":{"background-color":"","background-image":"","background-repeat":"repeat","background-position":"center center","background-size":"auto","background-attachment":"scroll","background-type":"","background-media":"","overlay-type":"","overlay-color":"","overlay-opacity":"","overlay-gradient":""},"tablet":{"background-color":"","background-image":"","background-repeat":"repeat","background-position":"center center","background-size":"auto","background-attachment":"scroll","background-type":"","background-media":"","overlay-type":"","overlay-color":"","overlay-opacity":"","overlay-gradient":""},"mobile":{"background-color":"","background-image":"","background-repeat":"repeat","background-position":"center center","background-size":"auto","background-attachment":"scroll","background-type":"","background-media":"","overlay-type":"","overlay-color":"","overlay-opacity":"","overlay-gradient":""}},"ast-content-background-meta":{"desktop":{"background-color":"var(--ast-global-color-5)","background-image":"","background-repeat":"repeat","background-position":"center center","background-size":"auto","background-attachment":"scroll","background-type":"","background-media":"","overlay-type":"","overlay-color":"","overlay-opacity":"","overlay-gradient":""},"tablet":{"background-color":"var(--ast-global-color-5)","background-image":"","background-repeat":"repeat","background-position":"center center","background-size":"auto","background-attachment":"scroll","background-type":"","background-media":"","overlay-type":"","overlay-color":"","overlay-opacity":"","overlay-gradient":""},"mobile":{"background-color":"var(--ast-global-color-5)","background-image":"","background-repeat":"repeat","background-position":"center center","background-size":"auto","background-attachment":"scroll","background-type":"","background-media":"","overlay-type":"","overlay-color":"","overlay-opacity":"","overlay-gradient":""}}},"product_brand":[],"product_cat":[193,46],"product_tag":[291,303,574,1876,455,1875,243],"class_list":{"0":"post-15799","1":"product","2":"type-product","3":"status-publish","4":"has-post-thumbnail","6":"product_cat-graphic-design","7":"product_cat-graphics","8":"product_tag-3d","9":"product_tag-generator","10":"product_tag-graphic","11":"product_tag-heightmap","12":"product_tag-map","13":"product_tag-terrain","14":"product_tag-texture","15":"desktop-align-left","16":"tablet-align-left","17":"mobile-align-left","19":"first","20":"instock","21":"sale","22":"downloadable","23":"virtual","24":"taxable","25":"purchasable","26":"product-type-simple"},"yoast_head":"<!-- This site is optimized with the Yoast SEO plugin v27.3 - https:\/\/yoast.com\/product\/yoast-seo-wordpress\/ -->\n<title>3D Map Generator - Terrain from Heightmap - Graphimarket<\/title>\n<meta name=\"description\" content=\"With the 3D Map Generator \u2013 Terrain you can easily create a grayscale heightmap and then generate a 3D terrain out of it....\" \/>\n<meta name=\"robots\" content=\"index, follow, max-snippet:-1, max-image-preview:large, max-video-preview:-1\" \/>\n<link rel=\"canonical\" href=\"https:\/\/graphimarket.com\/pt\/product\/3d-map-generator-terrain-from-heightmap\/\" \/>\n<meta property=\"og:locale\" content=\"pt_PT\" \/>\n<meta property=\"og:type\" content=\"article\" \/>\n<meta property=\"og:title\" content=\"3D Map Generator - Terrain from Heightmap - Graphimarket\" \/>\n<meta property=\"og:description\" content=\"With the 3D Map Generator \u2013 Terrain you can easily create a grayscale heightmap and then generate a 3D terrain out of it....\" \/>\n<meta property=\"og:url\" content=\"https:\/\/graphimarket.com\/pt\/product\/3d-map-generator-terrain-from-heightmap\/\" \/>\n<meta property=\"og:site_name\" content=\"Graphimarket\" \/>\n<meta property=\"article:modified_time\" content=\"2026-04-08T20:04:02+00:00\" \/>\n<meta property=\"og:image\" content=\"https:\/\/graphimarket.com\/wp-content\/uploads\/2021\/02\/007_3dmgt.jpg\" \/>\n\t<meta property=\"og:image:width\" content=\"1200\" \/>\n\t<meta property=\"og:image:height\" content=\"768\" \/>\n\t<meta property=\"og:image:type\" content=\"image\/jpeg\" \/>\n<meta name=\"twitter:card\" content=\"summary_large_image\" \/>\n<meta name=\"twitter:label1\" content=\"Est. reading time\" \/>\n\t<meta name=\"twitter:data1\" content=\"1 minute\" \/>\n<script type=\"application\/ld+json\" class=\"yoast-schema-graph\">{\"@context\":\"https:\\\/\\\/schema.org\",\"@graph\":[{\"@type\":\"WebPage\",\"@id\":\"https:\\\/\\\/graphimarket.com\\\/fr\\\/product\\\/3d-map-generator-terrain-from-heightmap\\\/\",\"url\":\"https:\\\/\\\/graphimarket.com\\\/fr\\\/product\\\/3d-map-generator-terrain-from-heightmap\\\/\",\"name\":\"3D Map Generator - Terrain from Heightmap - Graphimarket\",\"isPartOf\":{\"@id\":\"https:\\\/\\\/graphimarket.com\\\/fr\\\/#website\"},\"primaryImageOfPage\":{\"@id\":\"https:\\\/\\\/graphimarket.com\\\/fr\\\/product\\\/3d-map-generator-terrain-from-heightmap\\\/#primaryimage\"},\"image\":{\"@id\":\"https:\\\/\\\/graphimarket.com\\\/fr\\\/product\\\/3d-map-generator-terrain-from-heightmap\\\/#primaryimage\"},\"thumbnailUrl\":\"https:\\\/\\\/graphimarket.com\\\/wp-content\\\/uploads\\\/2021\\\/02\\\/007_3dmgt.jpg\",\"datePublished\":\"2021-02-04T16:38:27+00:00\",\"dateModified\":\"2026-04-08T20:04:02+00:00\",\"description\":\"With the 3D Map Generator \u2013 Terrain you can easily create a grayscale heightmap and then generate a 3D terrain out of it....\",\"breadcrumb\":{\"@id\":\"https:\\\/\\\/graphimarket.com\\\/fr\\\/product\\\/3d-map-generator-terrain-from-heightmap\\\/#breadcrumb\"},\"inLanguage\":\"pt-PT\",\"potentialAction\":[{\"@type\":\"ReadAction\",\"target\":[\"https:\\\/\\\/graphimarket.com\\\/fr\\\/product\\\/3d-map-generator-terrain-from-heightmap\\\/\"]}]},{\"@type\":\"ImageObject\",\"inLanguage\":\"pt-PT\",\"@id\":\"https:\\\/\\\/graphimarket.com\\\/fr\\\/product\\\/3d-map-generator-terrain-from-heightmap\\\/#primaryimage\",\"url\":\"https:\\\/\\\/graphimarket.com\\\/wp-content\\\/uploads\\\/2021\\\/02\\\/007_3dmgt.jpg\",\"contentUrl\":\"https:\\\/\\\/graphimarket.com\\\/wp-content\\\/uploads\\\/2021\\\/02\\\/007_3dmgt.jpg\",\"width\":1200,\"height\":768},{\"@type\":\"BreadcrumbList\",\"@id\":\"https:\\\/\\\/graphimarket.com\\\/fr\\\/product\\\/3d-map-generator-terrain-from-heightmap\\\/#breadcrumb\",\"itemListElement\":[{\"@type\":\"ListItem\",\"position\":1,\"name\":\"Home\",\"item\":\"https:\\\/\\\/graphimarket.com\\\/es\\\/\"},{\"@type\":\"ListItem\",\"position\":2,\"name\":\"Store\",\"item\":\"https:\\\/\\\/graphimarket.com\\\/store\\\/\"},{\"@type\":\"ListItem\",\"position\":3,\"name\":\"3D Map Generator &#8211; Terrain from Heightmap\"}]},{\"@type\":\"WebSite\",\"@id\":\"https:\\\/\\\/graphimarket.com\\\/fr\\\/#website\",\"url\":\"https:\\\/\\\/graphimarket.com\\\/fr\\\/\",\"name\":\"Graphimarket\",\"description\":\"Find the perfect creative asset to bring your project to life\",\"publisher\":{\"@id\":\"https:\\\/\\\/graphimarket.com\\\/fr\\\/#organization\"},\"potentialAction\":[{\"@type\":\"SearchAction\",\"target\":{\"@type\":\"EntryPoint\",\"urlTemplate\":\"https:\\\/\\\/graphimarket.com\\\/fr\\\/?s={search_term_string}\"},\"query-input\":{\"@type\":\"PropertyValueSpecification\",\"valueRequired\":true,\"valueName\":\"search_term_string\"}}],\"inLanguage\":\"pt-PT\"},{\"@type\":\"Organization\",\"@id\":\"https:\\\/\\\/graphimarket.com\\\/fr\\\/#organization\",\"name\":\"Graphimarket\",\"url\":\"https:\\\/\\\/graphimarket.com\\\/fr\\\/\",\"logo\":{\"@type\":\"ImageObject\",\"inLanguage\":\"pt-PT\",\"@id\":\"https:\\\/\\\/graphimarket.com\\\/fr\\\/#\\\/schema\\\/logo\\\/image\\\/\",\"url\":\"https:\\\/\\\/graphimarket.com\\\/wp-content\\\/uploads\\\/2020\\\/08\\\/logo-48.png\",\"contentUrl\":\"https:\\\/\\\/graphimarket.com\\\/wp-content\\\/uploads\\\/2020\\\/08\\\/logo-48.png\",\"width\":132,\"height\":48,\"caption\":\"Graphimarket\"},\"image\":{\"@id\":\"https:\\\/\\\/graphimarket.com\\\/fr\\\/#\\\/schema\\\/logo\\\/image\\\/\"}}]}<\/script>\n<!-- \/ Yoast SEO plugin. -->","yoast_head_json":{"title":"Gerador de mapa 3D - Terreno de Heightmap - Graphimarket","description":"Com o 3D Map Generator - Terrain voc\u00ea pode facilmente criar um mapa de altura em tons de cinza e, em seguida, gerar um terreno 3D a partir dele ....","robots":{"index":"index","follow":"follow","max-snippet":"max-snippet:-1","max-image-preview":"max-image-preview:large","max-video-preview":"max-video-preview:-1"},"canonical":"https:\/\/graphimarket.com\/pt\/product\/3d-map-generator-terrain-from-heightmap\/","og_locale":"pt_PT","og_type":"article","og_title":"3D Map Generator - Terrain from Heightmap - Graphimarket","og_description":"With the 3D Map Generator \u2013 Terrain you can easily create a grayscale heightmap and then generate a 3D terrain out of it....","og_url":"https:\/\/graphimarket.com\/pt\/product\/3d-map-generator-terrain-from-heightmap\/","og_site_name":"Graphimarket","article_modified_time":"2026-04-08T20:04:02+00:00","og_image":[{"width":1200,"height":768,"url":"https:\/\/graphimarket.com\/wp-content\/uploads\/2021\/02\/007_3dmgt.jpg","type":"image\/jpeg"}],"twitter_card":"summary_large_image","twitter_misc":{"Est. reading time":"1 minute"},"schema":{"@context":"https:\/\/schema.org","@graph":[{"@type":"WebPage","@id":"https:\/\/graphimarket.com\/fr\/product\/3d-map-generator-terrain-from-heightmap\/","url":"https:\/\/graphimarket.com\/fr\/product\/3d-map-generator-terrain-from-heightmap\/","name":"Gerador de mapa 3D - Terreno de Heightmap - Graphimarket","isPartOf":{"@id":"https:\/\/graphimarket.com\/fr\/#website"},"primaryImageOfPage":{"@id":"https:\/\/graphimarket.com\/fr\/product\/3d-map-generator-terrain-from-heightmap\/#primaryimage"},"image":{"@id":"https:\/\/graphimarket.com\/fr\/product\/3d-map-generator-terrain-from-heightmap\/#primaryimage"},"thumbnailUrl":"https:\/\/graphimarket.com\/wp-content\/uploads\/2021\/02\/007_3dmgt.jpg","datePublished":"2021-02-04T16:38:27+00:00","dateModified":"2026-04-08T20:04:02+00:00","description":"Com o 3D Map Generator - Terrain voc\u00ea pode facilmente criar um mapa de altura em tons de cinza e, em seguida, gerar um terreno 3D a partir dele ....","breadcrumb":{"@id":"https:\/\/graphimarket.com\/fr\/product\/3d-map-generator-terrain-from-heightmap\/#breadcrumb"},"inLanguage":"pt-PT","potentialAction":[{"@type":"ReadAction","target":["https:\/\/graphimarket.com\/fr\/product\/3d-map-generator-terrain-from-heightmap\/"]}]},{"@type":"ImageObject","inLanguage":"pt-PT","@id":"https:\/\/graphimarket.com\/fr\/product\/3d-map-generator-terrain-from-heightmap\/#primaryimage","url":"https:\/\/graphimarket.com\/wp-content\/uploads\/2021\/02\/007_3dmgt.jpg","contentUrl":"https:\/\/graphimarket.com\/wp-content\/uploads\/2021\/02\/007_3dmgt.jpg","width":1200,"height":768},{"@type":"BreadcrumbList","@id":"https:\/\/graphimarket.com\/fr\/product\/3d-map-generator-terrain-from-heightmap\/#breadcrumb","itemListElement":[{"@type":"ListItem","position":1,"name":"Home","item":"https:\/\/graphimarket.com\/es\/"},{"@type":"ListItem","position":2,"name":"Store","item":"https:\/\/graphimarket.com\/store\/"},{"@type":"ListItem","position":3,"name":"3D Map Generator &#8211; Terrain from Heightmap"}]},{"@type":"WebSite","@id":"https:\/\/graphimarket.com\/fr\/#website","url":"https:\/\/graphimarket.com\/fr\/","name":"Graphimarket","description":"Encontre o ativo criativo perfeito para dar vida ao seu projeto","publisher":{"@id":"https:\/\/graphimarket.com\/fr\/#organization"},"potentialAction":[{"@type":"SearchAction","target":{"@type":"EntryPoint","urlTemplate":"https:\/\/graphimarket.com\/fr\/?s={search_term_string}"},"query-input":{"@type":"PropertyValueSpecification","valueRequired":true,"valueName":"search_term_string"}}],"inLanguage":"pt-PT"},{"@type":"Organization","@id":"https:\/\/graphimarket.com\/fr\/#organization","name":"Graphimarket","url":"https:\/\/graphimarket.com\/fr\/","logo":{"@type":"ImageObject","inLanguage":"pt-PT","@id":"https:\/\/graphimarket.com\/fr\/#\/schema\/logo\/image\/","url":"https:\/\/graphimarket.com\/wp-content\/uploads\/2020\/08\/logo-48.png","contentUrl":"https:\/\/graphimarket.com\/wp-content\/uploads\/2020\/08\/logo-48.png","width":132,"height":48,"caption":"Graphimarket"},"image":{"@id":"https:\/\/graphimarket.com\/fr\/#\/schema\/logo\/image\/"}}]}},"_links":{"self":[{"href":"http:\/\/graphimarket.com\/pt\/wp-json\/wp\/v2\/product\/15799","targetHints":{"allow":["GET"]}}],"collection":[{"href":"http:\/\/graphimarket.com\/pt\/wp-json\/wp\/v2\/product"}],"about":[{"href":"http:\/\/graphimarket.com\/pt\/wp-json\/wp\/v2\/types\/product"}],"replies":[{"embeddable":true,"href":"http:\/\/graphimarket.com\/pt\/wp-json\/wp\/v2\/comments?post=15799"}],"version-history":[{"count":0,"href":"http:\/\/graphimarket.com\/pt\/wp-json\/wp\/v2\/product\/15799\/revisions"}],"wp:featuredmedia":[{"embeddable":true,"href":"http:\/\/graphimarket.com\/pt\/wp-json\/wp\/v2\/media\/15804"}],"wp:attachment":[{"href":"http:\/\/graphimarket.com\/pt\/wp-json\/wp\/v2\/media?parent=15799"}],"wp:term":[{"taxonomy":"product_brand","embeddable":true,"href":"http:\/\/graphimarket.com\/pt\/wp-json\/wp\/v2\/product_brand?post=15799"},{"taxonomy":"product_cat","embeddable":true,"href":"http:\/\/graphimarket.com\/pt\/wp-json\/wp\/v2\/product_cat?post=15799"},{"taxonomy":"product_tag","embeddable":true,"href":"http:\/\/graphimarket.com\/pt\/wp-json\/wp\/v2\/product_tag?post=15799"}],"curies":[{"name":"wp","href":"https:\/\/api.w.org\/{rel}","templated":true}]}}