{"id":15813,"date":"2021-02-04T18:09:26","date_gmt":"2021-02-04T17:09:26","guid":{"rendered":"https:\/\/graphimarket.com\/?post_type=product&#038;p=15813"},"modified":"2025-04-10T23:41:43","modified_gmt":"2025-04-10T21:41:43","slug":"perfect-oils-part-2-collection","status":"publish","type":"product","link":"http:\/\/graphimarket.com\/pt\/product\/perfect-oils-part-2-collection\/","title":{"rendered":"Cole\u00e7\u00e3o Perfect Oils Parte 2"},"content":{"rendered":"<h3><strong>Uma ferramenta poderosa para pintura digital!<\/strong><\/h3>\n<p>Esta<strong>\u00a0Cole\u00e7\u00e3o Perfect Oils Parte 2<\/strong>\u00a0tornou mais f\u00e1cil do que nunca pegar as t\u00e9cnicas tradicionais de pintura e aplic\u00e1-las \u00e0 tela digital. Este pacote inclui\u00a0<strong>46 predefini\u00e7\u00f5es de pincel misturador<\/strong>\u00a0que criar\u00e1 impress\u00f5es reais da pintura a \u00f3leo (principalmente), acr\u00edlico e tintas t\u00eampera.<\/p>\n<p>Dentro deste pacote, voc\u00ea tamb\u00e9m receber\u00e1 5 estilos de camada que s\u00e3o perfeitos para criar o\u00a0<strong>efeito de relevo de tinta espessa (\u201cimpasto\u201d)<\/strong>.<\/p>\n<p>Compre este pacote agora e expanda sua capacidade art\u00edstica como pintor ... n\u00e3o \u00e9 um exagero !! Pressa!!<\/p>\n<p>Agora, a not\u00edcia mais emocionante ... este pacote vem com um\u00a0<strong>licen\u00e7a comercial estendida<\/strong>. Voc\u00ea pode usar este pacote para projetos pessoais e comerciais ilimitados!<\/p>\n<h3><strong>As vantagens deste pacote de predefini\u00e7\u00f5es de pincel misturador do Photoshop:<\/strong><\/h3>\n<ul>\n<li>\u00d3leos realistas e imita\u00e7\u00e3o de tintas acr\u00edlicas<\/li>\n<li>Mistura de cores simples<\/li>\n<li>Sensa\u00e7\u00e3o de tinta l\u00edquida \/ suave<\/li>\n<li>Pintar e misturar novas cores com as j\u00e1 existentes (como uma pintura a \u00f3leo real)<\/li>\n<li>Pinc\u00e9is para t\u00e9cnicas de pintura expressivas ou suaves<\/li>\n<li>Ajuda a pintar de forma mais realista<\/li>\n<li>Processo de desenho e pintura realistas<\/li>\n<li>Ajuda a formar um estilo de pintura \u00fanico<\/li>\n<li>Oportunidades ricas em criativos<\/li>\n<\/ul>\n<h3><strong>\u00a0O que voc\u00ea receber\u00e1 neste pacote de predefini\u00e7\u00f5es de pincel do misturador do Photoshop:<\/strong><\/h3>\n<ul>\n<li>Arquivo TPL \u201cPerfect_Oils_Part2_MixerBrushPresetsForPSCS5 + .tpl\u201d - Este \u00e9 o arquivo principal contendo 46 predefini\u00e7\u00f5es do Mixer Brush.<\/li>\n<li>Arquivo ASL \u201cLayer Impasto Styles.asl\u201d - Adicionado como b\u00f4nus, 5 estilos de camada para o efeito de relevo de tinta espessa, o chamado empastamento.<\/li>\n<li>Arquivo JPG \u201cPerfect_Oils_2.0._List-of-Presets.jpg\u201d - Uma lista de todos os presets para o Mixer Brush inclu\u00eddos no kit.<\/li>\n<li>Arquivo PDF \u201cPerfect Oils 2. Documenta\u00e7\u00e3o, Manual e FAQs.pdf\u201d - Descri\u00e7\u00e3o, documenta\u00e7\u00e3o, informa\u00e7\u00f5es gerais, dicas, FAQ.<\/li>\n<\/ul>\n<p><strong>\u00a0Importante!<\/strong>\u00a0Este produto \u00e9 para vers\u00f5es do Photoshop CS5 e superiores. Isso ocorre porque a ferramenta Mixer Brush aparece apenas a partir de CS5.<\/p>\n<h3><strong>Vamos mergulhar fundo neste pacote atraente:<\/strong><\/h3>\n<p>&nbsp;<\/p>\n<p>&nbsp;<\/p>\n<p>&nbsp;<\/p>\n<p><img fetchpriority=\"high\" decoding=\"async\" class=\"size-full wp-image-15814 aligncenter\" src=\"https:\/\/graphimarket.com\/wp-content\/uploads\/2021\/02\/artset1-2.jpg\" alt=\"\" width=\"800\" height=\"2503\" srcset=\"https:\/\/graphimarket.com\/wp-content\/uploads\/2021\/02\/artset1-2.jpg 800w, https:\/\/graphimarket.com\/wp-content\/uploads\/2021\/02\/artset1-2-96x300.jpg 96w, https:\/\/graphimarket.com\/wp-content\/uploads\/2021\/02\/artset1-2-327x1024.jpg 327w, https:\/\/graphimarket.com\/wp-content\/uploads\/2021\/02\/artset1-2-768x2403.jpg 768w, https:\/\/graphimarket.com\/wp-content\/uploads\/2021\/02\/artset1-2-491x1536.jpg 491w, https:\/\/graphimarket.com\/wp-content\/uploads\/2021\/02\/artset1-2-655x2048.jpg 655w, https:\/\/graphimarket.com\/wp-content\/uploads\/2021\/02\/artset1-2-4x12.jpg 4w, https:\/\/graphimarket.com\/wp-content\/uploads\/2021\/02\/artset1-2-600x1877.jpg 600w\" sizes=\"(max-width: 800px) 100vw, 800px\" \/><\/p>","protected":false},"excerpt":{"rendered":"<p>A Powerful Tool For Digital Painting! This\u00a0Perfect Oils Part 2 Collection\u00a0has made it easier than ever to take traditional painting techniques and apply them to the digital canvas.\u00a0 This bundle includes\u00a046 mixer brush presets\u00a0which will create real impressions of the painting by oils (primarily), acrylic, and tempera paints. Inside this bundle, you will also receive [&hellip;]<\/p>\n","protected":false},"featured_media":15815,"comment_status":"open","ping_status":"closed","template":"","meta":{"site-sidebar-layout":"default","site-content-layout":"default","ast-site-content-layout":"default","site-content-style":"default","site-sidebar-style":"default","ast-global-header-display":"","ast-banner-title-visibility":"","ast-main-header-display":"","ast-hfb-above-header-display":"","ast-hfb-below-header-display":"","ast-hfb-mobile-header-display":"","site-post-title":"","ast-breadcrumbs-content":"","ast-featured-img":"","footer-sml-layout":"","ast-disable-related-posts":"","theme-transparent-header-meta":"default","adv-header-id-meta":"","stick-header-meta":"","header-above-stick-meta":"","header-main-stick-meta":"","header-below-stick-meta":"","astra-migrate-meta-layouts":"default","ast-page-background-enabled":"default","ast-page-background-meta":{"desktop":{"background-color":"","background-image":"","background-repeat":"repeat","background-position":"center center","background-size":"auto","background-attachment":"scroll","background-type":"","background-media":"","overlay-type":"","overlay-color":"","overlay-opacity":"","overlay-gradient":""},"tablet":{"background-color":"","background-image":"","background-repeat":"repeat","background-position":"center center","background-size":"auto","background-attachment":"scroll","background-type":"","background-media":"","overlay-type":"","overlay-color":"","overlay-opacity":"","overlay-gradient":""},"mobile":{"background-color":"","background-image":"","background-repeat":"repeat","background-position":"center center","background-size":"auto","background-attachment":"scroll","background-type":"","background-media":"","overlay-type":"","overlay-color":"","overlay-opacity":"","overlay-gradient":""}},"ast-content-background-meta":{"desktop":{"background-color":"var(--ast-global-color-5)","background-image":"","background-repeat":"repeat","background-position":"center center","background-size":"auto","background-attachment":"scroll","background-type":"","background-media":"","overlay-type":"","overlay-color":"","overlay-opacity":"","overlay-gradient":""},"tablet":{"background-color":"var(--ast-global-color-5)","background-image":"","background-repeat":"repeat","background-position":"center center","background-size":"auto","background-attachment":"scroll","background-type":"","background-media":"","overlay-type":"","overlay-color":"","overlay-opacity":"","overlay-gradient":""},"mobile":{"background-color":"var(--ast-global-color-5)","background-image":"","background-repeat":"repeat","background-position":"center center","background-size":"auto","background-attachment":"scroll","background-type":"","background-media":"","overlay-type":"","overlay-color":"","overlay-opacity":"","overlay-gradient":""}}},"product_brand":[],"product_cat":[197],"product_tag":[231,239,1877,62,412,424],"class_list":{"0":"post-15813","1":"product","2":"type-product","3":"status-publish","4":"has-post-thumbnail","6":"product_cat-brushes","7":"product_tag-brushes","8":"product_tag-bundle","9":"product_tag-mixer","10":"product_tag-photoshop","11":"product_tag-preset","12":"product_tag-tool","13":"desktop-align-left","14":"tablet-align-left","15":"mobile-align-left","17":"first","18":"instock","19":"sale","20":"downloadable","21":"virtual","22":"taxable","23":"purchasable","24":"product-type-simple"},"yoast_head":"<!-- This site is optimized with the Yoast SEO plugin v27.3 - https:\/\/yoast.com\/product\/yoast-seo-wordpress\/ -->\n<title>Perfect Oils Part 2 Collection - Graphimarket<\/title>\n<meta name=\"description\" content=\"This\u00a0Perfect Oils Part 2 Collection\u00a0has made it easier than ever to take traditional painting techniques and apply them to the digital canvas.\" \/>\n<meta name=\"robots\" content=\"index, follow, max-snippet:-1, max-image-preview:large, max-video-preview:-1\" \/>\n<link rel=\"canonical\" href=\"https:\/\/graphimarket.com\/pt\/product\/perfect-oils-part-2-collection\/\" \/>\n<meta property=\"og:locale\" content=\"pt_PT\" \/>\n<meta property=\"og:type\" content=\"article\" \/>\n<meta property=\"og:title\" content=\"Perfect Oils Part 2 Collection - Graphimarket\" \/>\n<meta property=\"og:description\" content=\"This\u00a0Perfect Oils Part 2 Collection\u00a0has made it easier than ever to take traditional painting techniques and apply them to the digital canvas.\" \/>\n<meta property=\"og:url\" content=\"https:\/\/graphimarket.com\/pt\/product\/perfect-oils-part-2-collection\/\" \/>\n<meta property=\"og:site_name\" content=\"Graphimarket\" \/>\n<meta property=\"article:modified_time\" content=\"2025-04-10T21:41:43+00:00\" \/>\n<meta property=\"og:image\" content=\"https:\/\/graphimarket.com\/wp-content\/uploads\/2021\/02\/cubebrush-\u2013-the-perfect-oils-part-2-\u2013-46-mixer-brushes.jpg\" \/>\n\t<meta property=\"og:image:width\" content=\"768\" \/>\n\t<meta property=\"og:image:height\" content=\"517\" \/>\n\t<meta property=\"og:image:type\" content=\"image\/jpeg\" \/>\n<meta name=\"twitter:card\" content=\"summary_large_image\" \/>\n<meta name=\"twitter:label1\" content=\"Est. reading time\" \/>\n\t<meta name=\"twitter:data1\" content=\"1 minute\" \/>\n<script type=\"application\/ld+json\" class=\"yoast-schema-graph\">{\"@context\":\"https:\\\/\\\/schema.org\",\"@graph\":[{\"@type\":\"WebPage\",\"@id\":\"https:\\\/\\\/graphimarket.com\\\/product\\\/perfect-oils-part-2-collection\\\/\",\"url\":\"https:\\\/\\\/graphimarket.com\\\/product\\\/perfect-oils-part-2-collection\\\/\",\"name\":\"Perfect Oils Part 2 Collection - Graphimarket\",\"isPartOf\":{\"@id\":\"https:\\\/\\\/graphimarket.com\\\/fr\\\/#website\"},\"primaryImageOfPage\":{\"@id\":\"https:\\\/\\\/graphimarket.com\\\/product\\\/perfect-oils-part-2-collection\\\/#primaryimage\"},\"image\":{\"@id\":\"https:\\\/\\\/graphimarket.com\\\/product\\\/perfect-oils-part-2-collection\\\/#primaryimage\"},\"thumbnailUrl\":\"https:\\\/\\\/graphimarket.com\\\/wp-content\\\/uploads\\\/2021\\\/02\\\/cubebrush-\u2013-the-perfect-oils-part-2-\u2013-46-mixer-brushes.jpg\",\"datePublished\":\"2021-02-04T17:09:26+00:00\",\"dateModified\":\"2025-04-10T21:41:43+00:00\",\"description\":\"This\u00a0Perfect Oils Part 2 Collection\u00a0has made it easier than ever to take traditional painting techniques and apply them to the digital canvas.\",\"breadcrumb\":{\"@id\":\"https:\\\/\\\/graphimarket.com\\\/product\\\/perfect-oils-part-2-collection\\\/#breadcrumb\"},\"inLanguage\":\"pt-PT\",\"potentialAction\":[{\"@type\":\"ReadAction\",\"target\":[\"https:\\\/\\\/graphimarket.com\\\/product\\\/perfect-oils-part-2-collection\\\/\"]}]},{\"@type\":\"ImageObject\",\"inLanguage\":\"pt-PT\",\"@id\":\"https:\\\/\\\/graphimarket.com\\\/product\\\/perfect-oils-part-2-collection\\\/#primaryimage\",\"url\":\"https:\\\/\\\/graphimarket.com\\\/wp-content\\\/uploads\\\/2021\\\/02\\\/cubebrush-\u2013-the-perfect-oils-part-2-\u2013-46-mixer-brushes.jpg\",\"contentUrl\":\"https:\\\/\\\/graphimarket.com\\\/wp-content\\\/uploads\\\/2021\\\/02\\\/cubebrush-\u2013-the-perfect-oils-part-2-\u2013-46-mixer-brushes.jpg\",\"width\":768,\"height\":517},{\"@type\":\"BreadcrumbList\",\"@id\":\"https:\\\/\\\/graphimarket.com\\\/product\\\/perfect-oils-part-2-collection\\\/#breadcrumb\",\"itemListElement\":[{\"@type\":\"ListItem\",\"position\":1,\"name\":\"Home\",\"item\":\"https:\\\/\\\/graphimarket.com\\\/es\\\/\"},{\"@type\":\"ListItem\",\"position\":2,\"name\":\"Store\",\"item\":\"https:\\\/\\\/graphimarket.com\\\/store\\\/\"},{\"@type\":\"ListItem\",\"position\":3,\"name\":\"Perfect Oils Part 2 Collection\"}]},{\"@type\":\"WebSite\",\"@id\":\"https:\\\/\\\/graphimarket.com\\\/fr\\\/#website\",\"url\":\"https:\\\/\\\/graphimarket.com\\\/fr\\\/\",\"name\":\"Graphimarket\",\"description\":\"Find the perfect creative asset to bring your project to life\",\"publisher\":{\"@id\":\"https:\\\/\\\/graphimarket.com\\\/fr\\\/#organization\"},\"potentialAction\":[{\"@type\":\"SearchAction\",\"target\":{\"@type\":\"EntryPoint\",\"urlTemplate\":\"https:\\\/\\\/graphimarket.com\\\/fr\\\/?s={search_term_string}\"},\"query-input\":{\"@type\":\"PropertyValueSpecification\",\"valueRequired\":true,\"valueName\":\"search_term_string\"}}],\"inLanguage\":\"pt-PT\"},{\"@type\":\"Organization\",\"@id\":\"https:\\\/\\\/graphimarket.com\\\/fr\\\/#organization\",\"name\":\"Graphimarket\",\"url\":\"https:\\\/\\\/graphimarket.com\\\/fr\\\/\",\"logo\":{\"@type\":\"ImageObject\",\"inLanguage\":\"pt-PT\",\"@id\":\"https:\\\/\\\/graphimarket.com\\\/fr\\\/#\\\/schema\\\/logo\\\/image\\\/\",\"url\":\"https:\\\/\\\/graphimarket.com\\\/wp-content\\\/uploads\\\/2020\\\/08\\\/logo-48.png\",\"contentUrl\":\"https:\\\/\\\/graphimarket.com\\\/wp-content\\\/uploads\\\/2020\\\/08\\\/logo-48.png\",\"width\":132,\"height\":48,\"caption\":\"Graphimarket\"},\"image\":{\"@id\":\"https:\\\/\\\/graphimarket.com\\\/fr\\\/#\\\/schema\\\/logo\\\/image\\\/\"}}]}<\/script>\n<!-- \/ Yoast SEO plugin. -->","yoast_head_json":{"title":"Cole\u00e7\u00e3o Perfect Oils Parte 2 - Graphimarket","description":"Esta cole\u00e7\u00e3o Perfect Oils Parte 2 tornou mais f\u00e1cil do que nunca pegar as t\u00e9cnicas tradicionais de pintura e aplic\u00e1-las na tela digital.","robots":{"index":"index","follow":"follow","max-snippet":"max-snippet:-1","max-image-preview":"max-image-preview:large","max-video-preview":"max-video-preview:-1"},"canonical":"https:\/\/graphimarket.com\/pt\/product\/perfect-oils-part-2-collection\/","og_locale":"pt_PT","og_type":"article","og_title":"Perfect Oils Part 2 Collection - Graphimarket","og_description":"This\u00a0Perfect Oils Part 2 Collection\u00a0has made it easier than ever to take traditional painting techniques and apply them to the digital canvas.","og_url":"https:\/\/graphimarket.com\/pt\/product\/perfect-oils-part-2-collection\/","og_site_name":"Graphimarket","article_modified_time":"2025-04-10T21:41:43+00:00","og_image":[{"width":768,"height":517,"url":"https:\/\/graphimarket.com\/wp-content\/uploads\/2021\/02\/cubebrush-\u2013-the-perfect-oils-part-2-\u2013-46-mixer-brushes.jpg","type":"image\/jpeg"}],"twitter_card":"summary_large_image","twitter_misc":{"Est. reading time":"1 minute"},"schema":{"@context":"https:\/\/schema.org","@graph":[{"@type":"WebPage","@id":"https:\/\/graphimarket.com\/product\/perfect-oils-part-2-collection\/","url":"https:\/\/graphimarket.com\/product\/perfect-oils-part-2-collection\/","name":"Cole\u00e7\u00e3o Perfect Oils Parte 2 - Graphimarket","isPartOf":{"@id":"https:\/\/graphimarket.com\/fr\/#website"},"primaryImageOfPage":{"@id":"https:\/\/graphimarket.com\/product\/perfect-oils-part-2-collection\/#primaryimage"},"image":{"@id":"https:\/\/graphimarket.com\/product\/perfect-oils-part-2-collection\/#primaryimage"},"thumbnailUrl":"https:\/\/graphimarket.com\/wp-content\/uploads\/2021\/02\/cubebrush-\u2013-the-perfect-oils-part-2-\u2013-46-mixer-brushes.jpg","datePublished":"2021-02-04T17:09:26+00:00","dateModified":"2025-04-10T21:41:43+00:00","description":"Esta cole\u00e7\u00e3o Perfect Oils Parte 2 tornou mais f\u00e1cil do que nunca pegar as t\u00e9cnicas tradicionais de pintura e aplic\u00e1-las na tela digital.","breadcrumb":{"@id":"https:\/\/graphimarket.com\/product\/perfect-oils-part-2-collection\/#breadcrumb"},"inLanguage":"pt-PT","potentialAction":[{"@type":"ReadAction","target":["https:\/\/graphimarket.com\/product\/perfect-oils-part-2-collection\/"]}]},{"@type":"ImageObject","inLanguage":"pt-PT","@id":"https:\/\/graphimarket.com\/product\/perfect-oils-part-2-collection\/#primaryimage","url":"https:\/\/graphimarket.com\/wp-content\/uploads\/2021\/02\/cubebrush-\u2013-the-perfect-oils-part-2-\u2013-46-mixer-brushes.jpg","contentUrl":"https:\/\/graphimarket.com\/wp-content\/uploads\/2021\/02\/cubebrush-\u2013-the-perfect-oils-part-2-\u2013-46-mixer-brushes.jpg","width":768,"height":517},{"@type":"BreadcrumbList","@id":"https:\/\/graphimarket.com\/product\/perfect-oils-part-2-collection\/#breadcrumb","itemListElement":[{"@type":"ListItem","position":1,"name":"Home","item":"https:\/\/graphimarket.com\/es\/"},{"@type":"ListItem","position":2,"name":"Store","item":"https:\/\/graphimarket.com\/store\/"},{"@type":"ListItem","position":3,"name":"Perfect Oils Part 2 Collection"}]},{"@type":"WebSite","@id":"https:\/\/graphimarket.com\/fr\/#website","url":"https:\/\/graphimarket.com\/fr\/","name":"Graphimarket","description":"Encontre o ativo criativo perfeito para dar vida ao seu projeto","publisher":{"@id":"https:\/\/graphimarket.com\/fr\/#organization"},"potentialAction":[{"@type":"SearchAction","target":{"@type":"EntryPoint","urlTemplate":"https:\/\/graphimarket.com\/fr\/?s={search_term_string}"},"query-input":{"@type":"PropertyValueSpecification","valueRequired":true,"valueName":"search_term_string"}}],"inLanguage":"pt-PT"},{"@type":"Organization","@id":"https:\/\/graphimarket.com\/fr\/#organization","name":"Graphimarket","url":"https:\/\/graphimarket.com\/fr\/","logo":{"@type":"ImageObject","inLanguage":"pt-PT","@id":"https:\/\/graphimarket.com\/fr\/#\/schema\/logo\/image\/","url":"https:\/\/graphimarket.com\/wp-content\/uploads\/2020\/08\/logo-48.png","contentUrl":"https:\/\/graphimarket.com\/wp-content\/uploads\/2020\/08\/logo-48.png","width":132,"height":48,"caption":"Graphimarket"},"image":{"@id":"https:\/\/graphimarket.com\/fr\/#\/schema\/logo\/image\/"}}]}},"_links":{"self":[{"href":"http:\/\/graphimarket.com\/pt\/wp-json\/wp\/v2\/product\/15813","targetHints":{"allow":["GET"]}}],"collection":[{"href":"http:\/\/graphimarket.com\/pt\/wp-json\/wp\/v2\/product"}],"about":[{"href":"http:\/\/graphimarket.com\/pt\/wp-json\/wp\/v2\/types\/product"}],"replies":[{"embeddable":true,"href":"http:\/\/graphimarket.com\/pt\/wp-json\/wp\/v2\/comments?post=15813"}],"version-history":[{"count":0,"href":"http:\/\/graphimarket.com\/pt\/wp-json\/wp\/v2\/product\/15813\/revisions"}],"wp:featuredmedia":[{"embeddable":true,"href":"http:\/\/graphimarket.com\/pt\/wp-json\/wp\/v2\/media\/15815"}],"wp:attachment":[{"href":"http:\/\/graphimarket.com\/pt\/wp-json\/wp\/v2\/media?parent=15813"}],"wp:term":[{"taxonomy":"product_brand","embeddable":true,"href":"http:\/\/graphimarket.com\/pt\/wp-json\/wp\/v2\/product_brand?post=15813"},{"taxonomy":"product_cat","embeddable":true,"href":"http:\/\/graphimarket.com\/pt\/wp-json\/wp\/v2\/product_cat?post=15813"},{"taxonomy":"product_tag","embeddable":true,"href":"http:\/\/graphimarket.com\/pt\/wp-json\/wp\/v2\/product_tag?post=15813"}],"curies":[{"name":"wp","href":"https:\/\/api.w.org\/{rel}","templated":true}]}}