{"id":16275,"date":"2021-03-13T17:16:16","date_gmt":"2021-03-13T16:16:16","guid":{"rendered":"https:\/\/graphimarket.com\/?post_type=product&#038;p=16275"},"modified":"2024-02-09T19:22:56","modified_gmt":"2024-02-09T18:22:56","slug":"painting-biggest-bundle-10-photoshop-actions","status":"publish","type":"product","link":"http:\/\/graphimarket.com\/pt\/product\/painting-biggest-bundle-10-photoshop-actions\/","title":{"rendered":"O maior pacote de pinturas - 10 a\u00e7\u00f5es do Photoshop"},"content":{"rendered":"<h3 id=\"item-description__10-painting-actions\">10 A\u00e7\u00f5es de Pintura<\/h3>\n<p>A\u00e7\u00f5es profissionais de pintura realista<\/p>\n<p>A\u00e7\u00e3o do Photoshop de pintura em quadrinhos<\/p>\n<p>A\u00e7\u00e3o do Photoshop de pintura vetorial realista<\/p>\n<p>A\u00e7\u00f5es detalhadas de pintura a \u00f3leo do Photoshop<\/p>\n<p>A\u00e7\u00e3o de Ultrapintura do Photoshop<\/p>\n<p>A\u00e7\u00e3o do Photoshop para pintar manchas<\/p>\n<p>Borrar a\u00e7\u00f5es profissionais do Photoshop<\/p>\n<p>A\u00e7\u00e3o do Photoshop de pintura ultra vetorial<\/p>\n<p>A\u00e7\u00e3o do Photoshop de pintura vetorial<\/p>\n<p>A\u00e7\u00e3o do Photoshop de pintura vetorial<\/p>\n<p>&nbsp;<\/p>\n<p>&nbsp;<\/p>\n<p><img decoding=\"async\" src=\"https:\/\/graphimarket.com\/wp-content\/uploads\/2021\/03\/preview-1-2.jpg\" \/><\/p>","protected":false},"excerpt":{"rendered":"<p>10 A\u00e7\u00f5es de pintura Pintura realista A\u00e7\u00f5es profissionais Pintura em quadrinhos Photoshop A\u00e7\u00e3o Pintura vetorial realista Pintura a \u00f3leo detalhada Photoshop A\u00e7\u00f5es Pintura a \u00f3leo em Photoshop A\u00e7\u00f5es Ultra Pintura Photoshop A\u00e7\u00e3o Borrar Pintura Photoshop A\u00e7\u00e3o Borrar a\u00e7\u00f5es profissionais do Photoshop Pintura vetorial Ultra Photoshop A\u00e7\u00e3o Pintura vetorial Pintura Photoshop A\u00e7\u00e3o Vector Pintura Photoshop A\u00e7\u00e3o &nbsp; &nbsp;<\/p>","protected":false},"featured_media":16278,"comment_status":"open","ping_status":"closed","template":"","meta":{"site-sidebar-layout":"default","site-content-layout":"default","ast-site-content-layout":"default","site-content-style":"default","site-sidebar-style":"default","ast-global-header-display":"","ast-banner-title-visibility":"","ast-main-header-display":"","ast-hfb-above-header-display":"","ast-hfb-below-header-display":"","ast-hfb-mobile-header-display":"","site-post-title":"","ast-breadcrumbs-content":"","ast-featured-img":"","footer-sml-layout":"","ast-disable-related-posts":"","theme-transparent-header-meta":"default","adv-header-id-meta":"","stick-header-meta":"","header-above-stick-meta":"","header-main-stick-meta":"","header-below-stick-meta":"","astra-migrate-meta-layouts":"default","ast-page-background-enabled":"default","ast-page-background-meta":{"desktop":{"background-color":"","background-image":"","background-repeat":"repeat","background-position":"center center","background-size":"auto","background-attachment":"scroll","background-type":"","background-media":"","overlay-type":"","overlay-color":"","overlay-opacity":"","overlay-gradient":""},"tablet":{"background-color":"","background-image":"","background-repeat":"repeat","background-position":"center center","background-size":"auto","background-attachment":"scroll","background-type":"","background-media":"","overlay-type":"","overlay-color":"","overlay-opacity":"","overlay-gradient":""},"mobile":{"background-color":"","background-image":"","background-repeat":"repeat","background-position":"center center","background-size":"auto","background-attachment":"scroll","background-type":"","background-media":"","overlay-type":"","overlay-color":"","overlay-opacity":"","overlay-gradient":""}},"ast-content-background-meta":{"desktop":{"background-color":"var(--ast-global-color-5)","background-image":"","background-repeat":"repeat","background-position":"center center","background-size":"auto","background-attachment":"scroll","background-type":"","background-media":"","overlay-type":"","overlay-color":"","overlay-opacity":"","overlay-gradient":""},"tablet":{"background-color":"var(--ast-global-color-5)","background-image":"","background-repeat":"repeat","background-position":"center center","background-size":"auto","background-attachment":"scroll","background-type":"","background-media":"","overlay-type":"","overlay-color":"","overlay-opacity":"","overlay-gradient":""},"mobile":{"background-color":"var(--ast-global-color-5)","background-image":"","background-repeat":"repeat","background-position":"center center","background-size":"auto","background-attachment":"scroll","background-type":"","background-media":"","overlay-type":"","overlay-color":"","overlay-opacity":"","overlay-gradient":""}}},"product_brand":[],"product_cat":[196,15,144,145,195,146],"product_tag":[292,62],"class_list":{"0":"post-16275","1":"product","2":"type-product","3":"status-publish","4":"has-post-thumbnail","6":"product_cat-actions","7":"product_cat-photo","8":"product_cat-photo-editor","9":"product_cat-photography","10":"product_cat-photoshop","11":"product_cat-photoshop-action","12":"product_tag-action","13":"product_tag-photoshop","14":"desktop-align-left","15":"tablet-align-left","16":"mobile-align-left","18":"first","19":"instock","20":"sale","21":"downloadable","22":"virtual","23":"taxable","24":"purchasable","25":"product-type-simple"},"yoast_head":"<!-- This site is optimized with the Yoast SEO plugin v27.3 - https:\/\/yoast.com\/product\/yoast-seo-wordpress\/ -->\n<title>Painting Biggest Bundle - 10 Photoshop Actions - Graphimarket<\/title>\n<meta name=\"description\" content=\"10 Painting Actions Realistic Painting Pro ActionsCartoonic Painting Photoshop ActionRealistic Vector Painting....\" \/>\n<meta name=\"robots\" content=\"index, follow, max-snippet:-1, max-image-preview:large, max-video-preview:-1\" \/>\n<link rel=\"canonical\" href=\"https:\/\/graphimarket.com\/pt\/product\/painting-biggest-bundle-10-photoshop-actions\/\" \/>\n<meta property=\"og:locale\" content=\"pt_PT\" \/>\n<meta property=\"og:type\" content=\"article\" \/>\n<meta property=\"og:title\" content=\"Painting Biggest Bundle - 10 Photoshop Actions - Graphimarket\" \/>\n<meta property=\"og:description\" content=\"10 Painting Actions Realistic Painting Pro ActionsCartoonic Painting Photoshop ActionRealistic Vector Painting....\" \/>\n<meta property=\"og:url\" content=\"https:\/\/graphimarket.com\/pt\/product\/painting-biggest-bundle-10-photoshop-actions\/\" \/>\n<meta property=\"og:site_name\" content=\"Graphimarket\" \/>\n<meta property=\"article:modified_time\" content=\"2024-02-09T18:22:56+00:00\" \/>\n<meta property=\"og:image\" content=\"https:\/\/graphimarket.com\/wp-content\/uploads\/2021\/03\/icona-preview.jpg\" \/>\n\t<meta property=\"og:image:width\" content=\"590\" \/>\n\t<meta property=\"og:image:height\" content=\"591\" \/>\n\t<meta property=\"og:image:type\" content=\"image\/jpeg\" \/>\n<meta name=\"twitter:card\" content=\"summary_large_image\" \/>\n<script type=\"application\/ld+json\" class=\"yoast-schema-graph\">{\"@context\":\"https:\\\/\\\/schema.org\",\"@graph\":[{\"@type\":\"WebPage\",\"@id\":\"https:\\\/\\\/graphimarket.com\\\/product\\\/painting-biggest-bundle-10-photoshop-actions\\\/\",\"url\":\"https:\\\/\\\/graphimarket.com\\\/product\\\/painting-biggest-bundle-10-photoshop-actions\\\/\",\"name\":\"Painting Biggest Bundle - 10 Photoshop Actions - Graphimarket\",\"isPartOf\":{\"@id\":\"https:\\\/\\\/graphimarket.com\\\/fr\\\/#website\"},\"primaryImageOfPage\":{\"@id\":\"https:\\\/\\\/graphimarket.com\\\/product\\\/painting-biggest-bundle-10-photoshop-actions\\\/#primaryimage\"},\"image\":{\"@id\":\"https:\\\/\\\/graphimarket.com\\\/product\\\/painting-biggest-bundle-10-photoshop-actions\\\/#primaryimage\"},\"thumbnailUrl\":\"https:\\\/\\\/graphimarket.com\\\/wp-content\\\/uploads\\\/2021\\\/03\\\/icona-preview.jpg\",\"datePublished\":\"2021-03-13T16:16:16+00:00\",\"dateModified\":\"2024-02-09T18:22:56+00:00\",\"description\":\"10 Painting Actions Realistic Painting Pro ActionsCartoonic Painting Photoshop ActionRealistic Vector Painting....\",\"breadcrumb\":{\"@id\":\"https:\\\/\\\/graphimarket.com\\\/product\\\/painting-biggest-bundle-10-photoshop-actions\\\/#breadcrumb\"},\"inLanguage\":\"pt-PT\",\"potentialAction\":[{\"@type\":\"ReadAction\",\"target\":[\"https:\\\/\\\/graphimarket.com\\\/product\\\/painting-biggest-bundle-10-photoshop-actions\\\/\"]}]},{\"@type\":\"ImageObject\",\"inLanguage\":\"pt-PT\",\"@id\":\"https:\\\/\\\/graphimarket.com\\\/product\\\/painting-biggest-bundle-10-photoshop-actions\\\/#primaryimage\",\"url\":\"https:\\\/\\\/graphimarket.com\\\/wp-content\\\/uploads\\\/2021\\\/03\\\/icona-preview.jpg\",\"contentUrl\":\"https:\\\/\\\/graphimarket.com\\\/wp-content\\\/uploads\\\/2021\\\/03\\\/icona-preview.jpg\",\"width\":590,\"height\":591},{\"@type\":\"BreadcrumbList\",\"@id\":\"https:\\\/\\\/graphimarket.com\\\/product\\\/painting-biggest-bundle-10-photoshop-actions\\\/#breadcrumb\",\"itemListElement\":[{\"@type\":\"ListItem\",\"position\":1,\"name\":\"Home\",\"item\":\"https:\\\/\\\/graphimarket.com\\\/es\\\/\"},{\"@type\":\"ListItem\",\"position\":2,\"name\":\"Store\",\"item\":\"https:\\\/\\\/graphimarket.com\\\/store\\\/\"},{\"@type\":\"ListItem\",\"position\":3,\"name\":\"Painting Biggest Bundle &#8211; 10 Photoshop Actions\"}]},{\"@type\":\"WebSite\",\"@id\":\"https:\\\/\\\/graphimarket.com\\\/fr\\\/#website\",\"url\":\"https:\\\/\\\/graphimarket.com\\\/fr\\\/\",\"name\":\"Graphimarket\",\"description\":\"Find the perfect creative asset to bring your project to life\",\"publisher\":{\"@id\":\"https:\\\/\\\/graphimarket.com\\\/fr\\\/#organization\"},\"potentialAction\":[{\"@type\":\"SearchAction\",\"target\":{\"@type\":\"EntryPoint\",\"urlTemplate\":\"https:\\\/\\\/graphimarket.com\\\/fr\\\/?s={search_term_string}\"},\"query-input\":{\"@type\":\"PropertyValueSpecification\",\"valueRequired\":true,\"valueName\":\"search_term_string\"}}],\"inLanguage\":\"pt-PT\"},{\"@type\":\"Organization\",\"@id\":\"https:\\\/\\\/graphimarket.com\\\/fr\\\/#organization\",\"name\":\"Graphimarket\",\"url\":\"https:\\\/\\\/graphimarket.com\\\/fr\\\/\",\"logo\":{\"@type\":\"ImageObject\",\"inLanguage\":\"pt-PT\",\"@id\":\"https:\\\/\\\/graphimarket.com\\\/fr\\\/#\\\/schema\\\/logo\\\/image\\\/\",\"url\":\"https:\\\/\\\/graphimarket.com\\\/wp-content\\\/uploads\\\/2020\\\/08\\\/logo-48.png\",\"contentUrl\":\"https:\\\/\\\/graphimarket.com\\\/wp-content\\\/uploads\\\/2020\\\/08\\\/logo-48.png\",\"width\":132,\"height\":48,\"caption\":\"Graphimarket\"},\"image\":{\"@id\":\"https:\\\/\\\/graphimarket.com\\\/fr\\\/#\\\/schema\\\/logo\\\/image\\\/\"}}]}<\/script>\n<!-- \/ Yoast SEO plugin. -->","yoast_head_json":{"title":"Painting Biggest Bundle - 10 Photoshop Actions - Graphimarket","description":"10 Painting Actions Realistic Painting Pro ActionsCartoonic Painting Photoshop ActionRealistic Vector Painting....","robots":{"index":"index","follow":"follow","max-snippet":"max-snippet:-1","max-image-preview":"max-image-preview:large","max-video-preview":"max-video-preview:-1"},"canonical":"https:\/\/graphimarket.com\/pt\/product\/painting-biggest-bundle-10-photoshop-actions\/","og_locale":"pt_PT","og_type":"article","og_title":"Painting Biggest Bundle - 10 Photoshop Actions - Graphimarket","og_description":"10 Painting Actions Realistic Painting Pro ActionsCartoonic Painting Photoshop ActionRealistic Vector Painting....","og_url":"https:\/\/graphimarket.com\/pt\/product\/painting-biggest-bundle-10-photoshop-actions\/","og_site_name":"Graphimarket","article_modified_time":"2024-02-09T18:22:56+00:00","og_image":[{"width":590,"height":591,"url":"https:\/\/graphimarket.com\/wp-content\/uploads\/2021\/03\/icona-preview.jpg","type":"image\/jpeg"}],"twitter_card":"summary_large_image","schema":{"@context":"https:\/\/schema.org","@graph":[{"@type":"WebPage","@id":"https:\/\/graphimarket.com\/product\/painting-biggest-bundle-10-photoshop-actions\/","url":"https:\/\/graphimarket.com\/product\/painting-biggest-bundle-10-photoshop-actions\/","name":"Painting Biggest Bundle - 10 Photoshop Actions - Graphimarket","isPartOf":{"@id":"https:\/\/graphimarket.com\/fr\/#website"},"primaryImageOfPage":{"@id":"https:\/\/graphimarket.com\/product\/painting-biggest-bundle-10-photoshop-actions\/#primaryimage"},"image":{"@id":"https:\/\/graphimarket.com\/product\/painting-biggest-bundle-10-photoshop-actions\/#primaryimage"},"thumbnailUrl":"https:\/\/graphimarket.com\/wp-content\/uploads\/2021\/03\/icona-preview.jpg","datePublished":"2021-03-13T16:16:16+00:00","dateModified":"2024-02-09T18:22:56+00:00","description":"10 Painting Actions Realistic Painting Pro ActionsCartoonic Painting Photoshop ActionRealistic Vector Painting....","breadcrumb":{"@id":"https:\/\/graphimarket.com\/product\/painting-biggest-bundle-10-photoshop-actions\/#breadcrumb"},"inLanguage":"pt-PT","potentialAction":[{"@type":"ReadAction","target":["https:\/\/graphimarket.com\/product\/painting-biggest-bundle-10-photoshop-actions\/"]}]},{"@type":"ImageObject","inLanguage":"pt-PT","@id":"https:\/\/graphimarket.com\/product\/painting-biggest-bundle-10-photoshop-actions\/#primaryimage","url":"https:\/\/graphimarket.com\/wp-content\/uploads\/2021\/03\/icona-preview.jpg","contentUrl":"https:\/\/graphimarket.com\/wp-content\/uploads\/2021\/03\/icona-preview.jpg","width":590,"height":591},{"@type":"BreadcrumbList","@id":"https:\/\/graphimarket.com\/product\/painting-biggest-bundle-10-photoshop-actions\/#breadcrumb","itemListElement":[{"@type":"ListItem","position":1,"name":"Home","item":"https:\/\/graphimarket.com\/es\/"},{"@type":"ListItem","position":2,"name":"Store","item":"https:\/\/graphimarket.com\/store\/"},{"@type":"ListItem","position":3,"name":"Painting Biggest Bundle &#8211; 10 Photoshop Actions"}]},{"@type":"WebSite","@id":"https:\/\/graphimarket.com\/fr\/#website","url":"https:\/\/graphimarket.com\/fr\/","name":"Graphimarket","description":"Encontre o ativo criativo perfeito para dar vida ao seu projeto","publisher":{"@id":"https:\/\/graphimarket.com\/fr\/#organization"},"potentialAction":[{"@type":"SearchAction","target":{"@type":"EntryPoint","urlTemplate":"https:\/\/graphimarket.com\/fr\/?s={search_term_string}"},"query-input":{"@type":"PropertyValueSpecification","valueRequired":true,"valueName":"search_term_string"}}],"inLanguage":"pt-PT"},{"@type":"Organization","@id":"https:\/\/graphimarket.com\/fr\/#organization","name":"Graphimarket","url":"https:\/\/graphimarket.com\/fr\/","logo":{"@type":"ImageObject","inLanguage":"pt-PT","@id":"https:\/\/graphimarket.com\/fr\/#\/schema\/logo\/image\/","url":"https:\/\/graphimarket.com\/wp-content\/uploads\/2020\/08\/logo-48.png","contentUrl":"https:\/\/graphimarket.com\/wp-content\/uploads\/2020\/08\/logo-48.png","width":132,"height":48,"caption":"Graphimarket"},"image":{"@id":"https:\/\/graphimarket.com\/fr\/#\/schema\/logo\/image\/"}}]}},"_links":{"self":[{"href":"http:\/\/graphimarket.com\/pt\/wp-json\/wp\/v2\/product\/16275","targetHints":{"allow":["GET"]}}],"collection":[{"href":"http:\/\/graphimarket.com\/pt\/wp-json\/wp\/v2\/product"}],"about":[{"href":"http:\/\/graphimarket.com\/pt\/wp-json\/wp\/v2\/types\/product"}],"replies":[{"embeddable":true,"href":"http:\/\/graphimarket.com\/pt\/wp-json\/wp\/v2\/comments?post=16275"}],"version-history":[{"count":0,"href":"http:\/\/graphimarket.com\/pt\/wp-json\/wp\/v2\/product\/16275\/revisions"}],"wp:featuredmedia":[{"embeddable":true,"href":"http:\/\/graphimarket.com\/pt\/wp-json\/wp\/v2\/media\/16278"}],"wp:attachment":[{"href":"http:\/\/graphimarket.com\/pt\/wp-json\/wp\/v2\/media?parent=16275"}],"wp:term":[{"taxonomy":"product_brand","embeddable":true,"href":"http:\/\/graphimarket.com\/pt\/wp-json\/wp\/v2\/product_brand?post=16275"},{"taxonomy":"product_cat","embeddable":true,"href":"http:\/\/graphimarket.com\/pt\/wp-json\/wp\/v2\/product_cat?post=16275"},{"taxonomy":"product_tag","embeddable":true,"href":"http:\/\/graphimarket.com\/pt\/wp-json\/wp\/v2\/product_tag?post=16275"}],"curies":[{"name":"wp","href":"https:\/\/api.w.org\/{rel}","templated":true}]}}