{"id":16765,"date":"2021-03-31T15:06:10","date_gmt":"2021-03-31T13:06:10","guid":{"rendered":"https:\/\/graphimarket.com\/?post_type=product&#038;p=16765"},"modified":"2024-04-01T17:50:35","modified_gmt":"2024-04-01T15:50:35","slug":"animated-snow-photoshop-action","status":"publish","type":"product","link":"http:\/\/graphimarket.com\/pt\/product\/animated-snow-photoshop-action\/","title":{"rendered":"A\u00e7\u00e3o animada do Photoshop na neve"},"content":{"rendered":"<p><strong>A\u00e7\u00e3o animada do Photoshop na neve<\/strong> \u00e9 um pacote contendo 20 efeitos de neve animados e uma a\u00e7\u00e3o do Photoshop para coloc\u00e1-los sobre suas imagens. Os efeitos de neve animados est\u00e3o em loop perfeito (dura\u00e7\u00e3o de 1 segundo) e variam de neve calma a nevasca. Eles v\u00eam em tamanho 1920 \u00d7 1080 px.<\/p>\n<p>Usando a a\u00e7\u00e3o integrada do PS, voc\u00ea pode colocar qualquer n\u00famero de elementos animados com muita facilidade sobre suas fotos e criar anima\u00e7\u00f5es em loop de 1 segundo que podem ser exportadas como GIF animado ou como v\u00eddeo.<\/p>\n<p>Certifique-se de ter o painel Timeline\/Animation dispon\u00edvel.<\/p>\n<h2 id=\"item-description__features\">Caracter\u00edsticas<\/h2>\n<ul>\n<li>20 efeitos de neve realistas<\/li>\n<li>Loop animado de 1 segundo \u2013 repita continuamente<\/li>\n<li>Vem com a\u00e7\u00e3o do Photoshop - coloque facilmente v\u00e1rios efeitos em uma cena<\/li>\n<li>Renderizado em 3D<\/li>\n<li>Tamanho Full HD<\/li>\n<li>Salve como GIF animado em loop ou renderize em v\u00eddeo<\/li>\n<\/ul>\n<p><img fetchpriority=\"high\" decoding=\"async\" class=\"alignnone size-full wp-image-16766\" src=\"https:\/\/graphimarket.com\/wp-content\/uploads\/2021\/03\/68747470733a2f2f73322e67696679752e636f6d2f696d616765732f616e696d617465645f736e6f775f6566666563745f70686f746f73686f705f342e676966.gif\" alt=\"\" width=\"590\" height=\"404\" \/> <img decoding=\"async\" class=\"alignnone size-full wp-image-16767\" src=\"https:\/\/graphimarket.com\/wp-content\/uploads\/2021\/03\/68747470733a2f2f73322e67696679752e636f6d2f696d616765732f616e696d617465645f736e6f775f6566666563745f70686f746f73686f705f352e676966.gif\" alt=\"\" width=\"590\" height=\"332\" \/> <img decoding=\"async\" class=\"alignnone size-full wp-image-16768\" src=\"https:\/\/graphimarket.com\/wp-content\/uploads\/2021\/03\/68747470733a2f2f73322e67696679752e636f6d2f696d616765732f616e696d617465645f736e6f775f6566666563745f70686f746f73686f705f362e676966.gif\" alt=\"\" width=\"590\" height=\"391\" \/> <img loading=\"lazy\" decoding=\"async\" class=\"alignnone size-full wp-image-16769\" src=\"https:\/\/graphimarket.com\/wp-content\/uploads\/2021\/03\/68747470733a2f2f73322e67696679752e636f6d2f696d616765732f616e696d617465645f736e6f775f6566666563745f70686f746f73686f705f372e676966.gif\" alt=\"\" width=\"590\" height=\"410\" \/> <img loading=\"lazy\" decoding=\"async\" class=\"alignnone size-full wp-image-16770\" src=\"https:\/\/graphimarket.com\/wp-content\/uploads\/2021\/03\/68747470733a2f2f73322e67696679752e636f6d2f696d616765732f616e696d617465645f736e6f775f6566666563745f70686f746f73686f705f382e676966.gif\" alt=\"\" width=\"590\" height=\"332\" \/> <img loading=\"lazy\" decoding=\"async\" class=\"alignnone size-full wp-image-16771\" src=\"https:\/\/graphimarket.com\/wp-content\/uploads\/2021\/03\/68747470733a2f2f73322e67696679752e636f6d2f696d616765732f616e696d617465645f736e6f775f6566666563745f70686f746f73686f705f392e676966.gif\" alt=\"\" width=\"590\" height=\"332\" \/> <img loading=\"lazy\" decoding=\"async\" class=\"alignnone size-full wp-image-16772\" src=\"https:\/\/graphimarket.com\/wp-content\/uploads\/2021\/03\/68747470733a2f2f73322e67696679752e636f6d2f696d616765732f616e696d617465645f736e6f775f6566666563745f70686f746f73686f705f31302e676966.gif\" alt=\"\" width=\"590\" height=\"458\" \/> <img loading=\"lazy\" decoding=\"async\" class=\"alignnone size-full wp-image-16773\" src=\"https:\/\/graphimarket.com\/wp-content\/uploads\/2021\/03\/68747470733a2f2f73322e67696679752e636f6d2f696d616765732f616e696d617465645f736e6f775f6566666563745f70686f746f73686f705f31312e676966.gif\" alt=\"\" width=\"590\" height=\"332\" \/> <img loading=\"lazy\" decoding=\"async\" class=\"alignnone size-full wp-image-16774\" src=\"https:\/\/graphimarket.com\/wp-content\/uploads\/2021\/03\/68747470733a2f2f73322e67696679752e636f6d2f696d616765732f616e696d617465645f736e6f775f6566666563745f70686f746f73686f705f312e676966.gif\" alt=\"\" width=\"590\" height=\"332\" \/> <img loading=\"lazy\" decoding=\"async\" class=\"alignnone size-full wp-image-16775\" src=\"https:\/\/graphimarket.com\/wp-content\/uploads\/2021\/03\/68747470733a2f2f73322e67696679752e636f6d2f696d616765732f616e696d617465645f736e6f775f6566666563745f70686f746f73686f705f322e676966.gif\" alt=\"\" width=\"590\" height=\"435\" \/> <img loading=\"lazy\" decoding=\"async\" class=\"alignnone size-full wp-image-16776\" src=\"https:\/\/graphimarket.com\/wp-content\/uploads\/2021\/03\/68747470733a2f2f73322e67696679752e636f6d2f696d616765732f616e696d617465645f736e6f775f6566666563745f70686f746f73686f705f335f312e676966.gif\" alt=\"\" width=\"590\" height=\"798\" \/><\/p>\n<div class=\"ast-oembed-container\" style=\"height: 100%;\"><iframe title=\"Demonstra\u00e7\u00e3o de a\u00e7\u00e3o do Photoshop de neve animada\" width=\"500\" height=\"281\" src=\"https:\/\/www.youtube.com\/embed\/Gp4f5wXK0hY?feature=oembed\" frameborder=\"0\" allow=\"accelerometer; autoplay; clipboard-write; encrypted-media; gyroscope; picture-in-picture; web-share\" referrerpolicy=\"strict-origin-when-cross-origin\" allowfullscreen><\/iframe><\/div>\n<p>&nbsp;<\/p>","protected":false},"excerpt":{"rendered":"<p>Animated Snow Photoshop Action is a pack containing 20 animated snow effects and a Photoshop action to place them over your images. The animated snow effects are perfectly looping (1 second duration) and range from calm snow to blizzard. They come in 1920\u00d71080 px size. Using the built-in PS action you can place any number [&hellip;]<\/p>\n","protected":false},"featured_media":16768,"comment_status":"open","ping_status":"closed","template":"","meta":{"site-sidebar-layout":"default","site-content-layout":"default","ast-site-content-layout":"default","site-content-style":"default","site-sidebar-style":"default","ast-global-header-display":"","ast-banner-title-visibility":"","ast-main-header-display":"","ast-hfb-above-header-display":"","ast-hfb-below-header-display":"","ast-hfb-mobile-header-display":"","site-post-title":"","ast-breadcrumbs-content":"","ast-featured-img":"","footer-sml-layout":"","ast-disable-related-posts":"","theme-transparent-header-meta":"default","adv-header-id-meta":"","stick-header-meta":"","header-above-stick-meta":"","header-main-stick-meta":"","header-below-stick-meta":"","astra-migrate-meta-layouts":"default","ast-page-background-enabled":"default","ast-page-background-meta":{"desktop":{"background-color":"","background-image":"","background-repeat":"repeat","background-position":"center center","background-size":"auto","background-attachment":"scroll","background-type":"","background-media":"","overlay-type":"","overlay-color":"","overlay-opacity":"","overlay-gradient":""},"tablet":{"background-color":"","background-image":"","background-repeat":"repeat","background-position":"center center","background-size":"auto","background-attachment":"scroll","background-type":"","background-media":"","overlay-type":"","overlay-color":"","overlay-opacity":"","overlay-gradient":""},"mobile":{"background-color":"","background-image":"","background-repeat":"repeat","background-position":"center center","background-size":"auto","background-attachment":"scroll","background-type":"","background-media":"","overlay-type":"","overlay-color":"","overlay-opacity":"","overlay-gradient":""}},"ast-content-background-meta":{"desktop":{"background-color":"var(--ast-global-color-5)","background-image":"","background-repeat":"repeat","background-position":"center center","background-size":"auto","background-attachment":"scroll","background-type":"","background-media":"","overlay-type":"","overlay-color":"","overlay-opacity":"","overlay-gradient":""},"tablet":{"background-color":"var(--ast-global-color-5)","background-image":"","background-repeat":"repeat","background-position":"center center","background-size":"auto","background-attachment":"scroll","background-type":"","background-media":"","overlay-type":"","overlay-color":"","overlay-opacity":"","overlay-gradient":""},"mobile":{"background-color":"var(--ast-global-color-5)","background-image":"","background-repeat":"repeat","background-position":"center center","background-size":"auto","background-attachment":"scroll","background-type":"","background-media":"","overlay-type":"","overlay-color":"","overlay-opacity":"","overlay-gradient":""}}},"product_brand":[],"product_cat":[196,15,144,145,195,146],"product_tag":[292,1386,280,531,1936,284,62,1799,489,362],"class_list":{"0":"post-16765","1":"product","2":"type-product","3":"status-publish","4":"has-post-thumbnail","6":"product_cat-actions","7":"product_cat-photo","8":"product_cat-photo-editor","9":"product_cat-photography","10":"product_cat-photoshop","11":"product_cat-photoshop-action","12":"product_tag-action","13":"product_tag-adobe","14":"product_tag-animated","15":"product_tag-cc","16":"product_tag-cs","17":"product_tag-gif","18":"product_tag-photoshop","19":"product_tag-photoshop-action","20":"product_tag-realistic","21":"product_tag-snow","22":"desktop-align-left","23":"tablet-align-left","24":"mobile-align-left","26":"first","27":"instock","28":"sale","29":"downloadable","30":"virtual","31":"taxable","32":"purchasable","33":"product-type-simple"},"yoast_head":"<!-- This site is optimized with the Yoast SEO plugin v27.3 - https:\/\/yoast.com\/product\/yoast-seo-wordpress\/ -->\n<title>Animated Snow Photoshop Action - Graphimarket<\/title>\n<meta name=\"description\" content=\"Animated Snow Photoshop Action is a pack containing 20 animated snow effects and a Photoshop action to place them over your images...\" \/>\n<meta name=\"robots\" content=\"index, follow, max-snippet:-1, max-image-preview:large, max-video-preview:-1\" \/>\n<link rel=\"canonical\" href=\"https:\/\/graphimarket.com\/pt\/product\/animated-snow-photoshop-action\/\" \/>\n<meta property=\"og:locale\" content=\"pt_PT\" \/>\n<meta property=\"og:type\" content=\"article\" \/>\n<meta property=\"og:title\" content=\"Animated Snow Photoshop Action - Graphimarket\" \/>\n<meta property=\"og:description\" content=\"Animated Snow Photoshop Action is a pack containing 20 animated snow effects and a Photoshop action to place them over your images...\" \/>\n<meta property=\"og:url\" content=\"https:\/\/graphimarket.com\/pt\/product\/animated-snow-photoshop-action\/\" \/>\n<meta property=\"og:site_name\" content=\"Graphimarket\" \/>\n<meta property=\"article:modified_time\" content=\"2024-04-01T15:50:35+00:00\" \/>\n<meta property=\"og:image\" content=\"https:\/\/graphimarket.com\/wp-content\/uploads\/2021\/03\/68747470733a2f2f73322e67696679752e636f6d2f696d616765732f616e696d617465645f736e6f775f6566666563745f70686f746f73686f705f362e676966.gif\" \/>\n\t<meta property=\"og:image:width\" content=\"590\" \/>\n\t<meta property=\"og:image:height\" content=\"391\" \/>\n\t<meta property=\"og:image:type\" content=\"image\/gif\" \/>\n<meta name=\"twitter:card\" content=\"summary_large_image\" \/>\n<meta name=\"twitter:label1\" content=\"Est. reading time\" \/>\n\t<meta name=\"twitter:data1\" content=\"1 minute\" \/>\n<script type=\"application\/ld+json\" class=\"yoast-schema-graph\">{\"@context\":\"https:\\\/\\\/schema.org\",\"@graph\":[{\"@type\":\"WebPage\",\"@id\":\"https:\\\/\\\/graphimarket.com\\\/product\\\/animated-snow-photoshop-action\\\/\",\"url\":\"https:\\\/\\\/graphimarket.com\\\/product\\\/animated-snow-photoshop-action\\\/\",\"name\":\"Animated Snow Photoshop Action - Graphimarket\",\"isPartOf\":{\"@id\":\"https:\\\/\\\/graphimarket.com\\\/fr\\\/#website\"},\"primaryImageOfPage\":{\"@id\":\"https:\\\/\\\/graphimarket.com\\\/product\\\/animated-snow-photoshop-action\\\/#primaryimage\"},\"image\":{\"@id\":\"https:\\\/\\\/graphimarket.com\\\/product\\\/animated-snow-photoshop-action\\\/#primaryimage\"},\"thumbnailUrl\":\"https:\\\/\\\/graphimarket.com\\\/wp-content\\\/uploads\\\/2021\\\/03\\\/68747470733a2f2f73322e67696679752e636f6d2f696d616765732f616e696d617465645f736e6f775f6566666563745f70686f746f73686f705f362e676966.gif\",\"datePublished\":\"2021-03-31T13:06:10+00:00\",\"dateModified\":\"2024-04-01T15:50:35+00:00\",\"description\":\"Animated Snow Photoshop Action is a pack containing 20 animated snow effects and a Photoshop action to place them over your images...\",\"breadcrumb\":{\"@id\":\"https:\\\/\\\/graphimarket.com\\\/product\\\/animated-snow-photoshop-action\\\/#breadcrumb\"},\"inLanguage\":\"pt-PT\",\"potentialAction\":[{\"@type\":\"ReadAction\",\"target\":[\"https:\\\/\\\/graphimarket.com\\\/product\\\/animated-snow-photoshop-action\\\/\"]}]},{\"@type\":\"ImageObject\",\"inLanguage\":\"pt-PT\",\"@id\":\"https:\\\/\\\/graphimarket.com\\\/product\\\/animated-snow-photoshop-action\\\/#primaryimage\",\"url\":\"https:\\\/\\\/graphimarket.com\\\/wp-content\\\/uploads\\\/2021\\\/03\\\/68747470733a2f2f73322e67696679752e636f6d2f696d616765732f616e696d617465645f736e6f775f6566666563745f70686f746f73686f705f362e676966.gif\",\"contentUrl\":\"https:\\\/\\\/graphimarket.com\\\/wp-content\\\/uploads\\\/2021\\\/03\\\/68747470733a2f2f73322e67696679752e636f6d2f696d616765732f616e696d617465645f736e6f775f6566666563745f70686f746f73686f705f362e676966.gif\",\"width\":590,\"height\":391},{\"@type\":\"BreadcrumbList\",\"@id\":\"https:\\\/\\\/graphimarket.com\\\/product\\\/animated-snow-photoshop-action\\\/#breadcrumb\",\"itemListElement\":[{\"@type\":\"ListItem\",\"position\":1,\"name\":\"Home\",\"item\":\"https:\\\/\\\/graphimarket.com\\\/es\\\/\"},{\"@type\":\"ListItem\",\"position\":2,\"name\":\"Store\",\"item\":\"https:\\\/\\\/graphimarket.com\\\/store\\\/\"},{\"@type\":\"ListItem\",\"position\":3,\"name\":\"Animated Snow Photoshop Action\"}]},{\"@type\":\"WebSite\",\"@id\":\"https:\\\/\\\/graphimarket.com\\\/fr\\\/#website\",\"url\":\"https:\\\/\\\/graphimarket.com\\\/fr\\\/\",\"name\":\"Graphimarket\",\"description\":\"Find the perfect creative asset to bring your project to life\",\"publisher\":{\"@id\":\"https:\\\/\\\/graphimarket.com\\\/fr\\\/#organization\"},\"potentialAction\":[{\"@type\":\"SearchAction\",\"target\":{\"@type\":\"EntryPoint\",\"urlTemplate\":\"https:\\\/\\\/graphimarket.com\\\/fr\\\/?s={search_term_string}\"},\"query-input\":{\"@type\":\"PropertyValueSpecification\",\"valueRequired\":true,\"valueName\":\"search_term_string\"}}],\"inLanguage\":\"pt-PT\"},{\"@type\":\"Organization\",\"@id\":\"https:\\\/\\\/graphimarket.com\\\/fr\\\/#organization\",\"name\":\"Graphimarket\",\"url\":\"https:\\\/\\\/graphimarket.com\\\/fr\\\/\",\"logo\":{\"@type\":\"ImageObject\",\"inLanguage\":\"pt-PT\",\"@id\":\"https:\\\/\\\/graphimarket.com\\\/fr\\\/#\\\/schema\\\/logo\\\/image\\\/\",\"url\":\"https:\\\/\\\/graphimarket.com\\\/wp-content\\\/uploads\\\/2020\\\/08\\\/logo-48.png\",\"contentUrl\":\"https:\\\/\\\/graphimarket.com\\\/wp-content\\\/uploads\\\/2020\\\/08\\\/logo-48.png\",\"width\":132,\"height\":48,\"caption\":\"Graphimarket\"},\"image\":{\"@id\":\"https:\\\/\\\/graphimarket.com\\\/fr\\\/#\\\/schema\\\/logo\\\/image\\\/\"}}]}<\/script>\n<!-- \/ Yoast SEO plugin. -->","yoast_head_json":{"title":"Animated Snow Photoshop Action - Graphimarket","description":"Animated Snow Photoshop Action \u00e9 um pacote contendo 20 efeitos de neve animados e uma a\u00e7\u00e3o do Photoshop para coloc\u00e1-los sobre suas imagens...","robots":{"index":"index","follow":"follow","max-snippet":"max-snippet:-1","max-image-preview":"max-image-preview:large","max-video-preview":"max-video-preview:-1"},"canonical":"https:\/\/graphimarket.com\/pt\/product\/animated-snow-photoshop-action\/","og_locale":"pt_PT","og_type":"article","og_title":"Animated Snow Photoshop Action - Graphimarket","og_description":"Animated Snow Photoshop Action is a pack containing 20 animated snow effects and a Photoshop action to place them over your images...","og_url":"https:\/\/graphimarket.com\/pt\/product\/animated-snow-photoshop-action\/","og_site_name":"Graphimarket","article_modified_time":"2024-04-01T15:50:35+00:00","og_image":[{"width":590,"height":391,"url":"https:\/\/graphimarket.com\/wp-content\/uploads\/2021\/03\/68747470733a2f2f73322e67696679752e636f6d2f696d616765732f616e696d617465645f736e6f775f6566666563745f70686f746f73686f705f362e676966.gif","type":"image\/gif"}],"twitter_card":"summary_large_image","twitter_misc":{"Est. reading time":"1 minute"},"schema":{"@context":"https:\/\/schema.org","@graph":[{"@type":"WebPage","@id":"https:\/\/graphimarket.com\/product\/animated-snow-photoshop-action\/","url":"https:\/\/graphimarket.com\/product\/animated-snow-photoshop-action\/","name":"Animated Snow Photoshop Action - Graphimarket","isPartOf":{"@id":"https:\/\/graphimarket.com\/fr\/#website"},"primaryImageOfPage":{"@id":"https:\/\/graphimarket.com\/product\/animated-snow-photoshop-action\/#primaryimage"},"image":{"@id":"https:\/\/graphimarket.com\/product\/animated-snow-photoshop-action\/#primaryimage"},"thumbnailUrl":"https:\/\/graphimarket.com\/wp-content\/uploads\/2021\/03\/68747470733a2f2f73322e67696679752e636f6d2f696d616765732f616e696d617465645f736e6f775f6566666563745f70686f746f73686f705f362e676966.gif","datePublished":"2021-03-31T13:06:10+00:00","dateModified":"2024-04-01T15:50:35+00:00","description":"Animated Snow Photoshop Action \u00e9 um pacote contendo 20 efeitos de neve animados e uma a\u00e7\u00e3o do Photoshop para coloc\u00e1-los sobre suas imagens...","breadcrumb":{"@id":"https:\/\/graphimarket.com\/product\/animated-snow-photoshop-action\/#breadcrumb"},"inLanguage":"pt-PT","potentialAction":[{"@type":"ReadAction","target":["https:\/\/graphimarket.com\/product\/animated-snow-photoshop-action\/"]}]},{"@type":"ImageObject","inLanguage":"pt-PT","@id":"https:\/\/graphimarket.com\/product\/animated-snow-photoshop-action\/#primaryimage","url":"https:\/\/graphimarket.com\/wp-content\/uploads\/2021\/03\/68747470733a2f2f73322e67696679752e636f6d2f696d616765732f616e696d617465645f736e6f775f6566666563745f70686f746f73686f705f362e676966.gif","contentUrl":"https:\/\/graphimarket.com\/wp-content\/uploads\/2021\/03\/68747470733a2f2f73322e67696679752e636f6d2f696d616765732f616e696d617465645f736e6f775f6566666563745f70686f746f73686f705f362e676966.gif","width":590,"height":391},{"@type":"BreadcrumbList","@id":"https:\/\/graphimarket.com\/product\/animated-snow-photoshop-action\/#breadcrumb","itemListElement":[{"@type":"ListItem","position":1,"name":"Home","item":"https:\/\/graphimarket.com\/es\/"},{"@type":"ListItem","position":2,"name":"Store","item":"https:\/\/graphimarket.com\/store\/"},{"@type":"ListItem","position":3,"name":"Animated Snow Photoshop Action"}]},{"@type":"WebSite","@id":"https:\/\/graphimarket.com\/fr\/#website","url":"https:\/\/graphimarket.com\/fr\/","name":"Graphimarket","description":"Encontre o ativo criativo perfeito para dar vida ao seu projeto","publisher":{"@id":"https:\/\/graphimarket.com\/fr\/#organization"},"potentialAction":[{"@type":"SearchAction","target":{"@type":"EntryPoint","urlTemplate":"https:\/\/graphimarket.com\/fr\/?s={search_term_string}"},"query-input":{"@type":"PropertyValueSpecification","valueRequired":true,"valueName":"search_term_string"}}],"inLanguage":"pt-PT"},{"@type":"Organization","@id":"https:\/\/graphimarket.com\/fr\/#organization","name":"Graphimarket","url":"https:\/\/graphimarket.com\/fr\/","logo":{"@type":"ImageObject","inLanguage":"pt-PT","@id":"https:\/\/graphimarket.com\/fr\/#\/schema\/logo\/image\/","url":"https:\/\/graphimarket.com\/wp-content\/uploads\/2020\/08\/logo-48.png","contentUrl":"https:\/\/graphimarket.com\/wp-content\/uploads\/2020\/08\/logo-48.png","width":132,"height":48,"caption":"Graphimarket"},"image":{"@id":"https:\/\/graphimarket.com\/fr\/#\/schema\/logo\/image\/"}}]}},"_links":{"self":[{"href":"http:\/\/graphimarket.com\/pt\/wp-json\/wp\/v2\/product\/16765","targetHints":{"allow":["GET"]}}],"collection":[{"href":"http:\/\/graphimarket.com\/pt\/wp-json\/wp\/v2\/product"}],"about":[{"href":"http:\/\/graphimarket.com\/pt\/wp-json\/wp\/v2\/types\/product"}],"replies":[{"embeddable":true,"href":"http:\/\/graphimarket.com\/pt\/wp-json\/wp\/v2\/comments?post=16765"}],"version-history":[{"count":0,"href":"http:\/\/graphimarket.com\/pt\/wp-json\/wp\/v2\/product\/16765\/revisions"}],"wp:featuredmedia":[{"embeddable":true,"href":"http:\/\/graphimarket.com\/pt\/wp-json\/wp\/v2\/media\/16768"}],"wp:attachment":[{"href":"http:\/\/graphimarket.com\/pt\/wp-json\/wp\/v2\/media?parent=16765"}],"wp:term":[{"taxonomy":"product_brand","embeddable":true,"href":"http:\/\/graphimarket.com\/pt\/wp-json\/wp\/v2\/product_brand?post=16765"},{"taxonomy":"product_cat","embeddable":true,"href":"http:\/\/graphimarket.com\/pt\/wp-json\/wp\/v2\/product_cat?post=16765"},{"taxonomy":"product_tag","embeddable":true,"href":"http:\/\/graphimarket.com\/pt\/wp-json\/wp\/v2\/product_tag?post=16765"}],"curies":[{"name":"wp","href":"https:\/\/api.w.org\/{rel}","templated":true}]}}