{"id":17034,"date":"2021-04-06T15:14:17","date_gmt":"2021-04-06T13:14:17","guid":{"rendered":"https:\/\/graphimarket.com\/?post_type=product&#038;p=17034"},"modified":"2024-10-04T11:11:59","modified_gmt":"2024-10-04T09:11:59","slug":"watercolor-master-perfectum-3-photoshop-plugin","status":"publish","type":"product","link":"http:\/\/graphimarket.com\/pt\/product\/watercolor-master-perfectum-3-photoshop-plugin\/","title":{"rendered":"Watercolor Master - Perfectum 3 - Photoshop Plugin"},"content":{"rendered":"<h2 id=\"item-description__perfectum3-description\">Descri\u00e7\u00e3o do Perfectum 3<\/h2>\n<p>Profissional\u00a0<strong>ferramenta multifuncional<\/strong>\u00a0transforme suas fotos em reais\u00a0<strong>obras de arte em aquarela<\/strong> com muitos elementos e op\u00e7\u00f5es para personalizar e melhorar. Resultado altamente detalhado, muitas possibilidades. A\u00e7\u00e3o de um clique. V\u00eddeo tutorial inclu\u00eddo.<\/p>\n<p><strong>Agora multil\u00edngue!<\/strong><br \/>\nPlugin funciona em qualquer idioma Photoshop CC2015.5, CC2017, CC2018, CC2019, CC2020 e vers\u00f5es mais recentes.<\/p>\n<p><strong>Da A\u00e7\u00e3o ao Painel<\/strong><br \/>\nAgora o Perfectum 3 tornou-se um plugin completo com interface nativa e um conjunto de fun\u00e7\u00f5es \u00fateis de desenho e esbo\u00e7o. Esta \u00e9 uma combina\u00e7\u00e3o explosiva de a\u00e7\u00f5es do Photohop, javascripts, HTML e CSS, projetada de acordo com as diretrizes da Adobe e otimizada para todos os requisitos do Photoshop e temas de interface.<\/p>\n<p><strong>Instala\u00e7\u00e3o mais f\u00e1cil de arrastar e soltar<\/strong><br \/>\nBasta arrastar e soltar um arquivo de instala\u00e7\u00e3o no Photoshop e reinici\u00e1-lo. Isso \u00e9 tudo, plugin instalado.<\/p>\n<p><strong>Predefini\u00e7\u00f5es do modo aquarela<\/strong><br \/>\nEscolha o modo aquarela que voc\u00ea precisa com apenas um clique. Dispon\u00edveis 4 modos de aquarela e 3 ferramentas \u00fateis adicionais.<\/p>\n<p><strong>Foco autom\u00e1tico intelectual<\/strong><br \/>\nExperimente esta nova fun\u00e7\u00e3o experimental para sele\u00e7\u00e3o autom\u00e1tica da \u00e1rea de foco e \/ ou para obter resultados criativos inesperados.<\/p>\n<p><strong>Otimiza\u00e7\u00e3o autom\u00e1tica<\/strong><br \/>\nN\u00e3o se preocupe com as configura\u00e7\u00f5es de imagem agora. A fun\u00e7\u00e3o de otimiza\u00e7\u00e3o o prepara automaticamente para os melhores resultados finais.<\/p>\n<p>&nbsp;<\/p>\n<p><img fetchpriority=\"high\" decoding=\"async\" class=\"alignnone size-full wp-image-17036\" src=\"https:\/\/graphimarket.com\/wp-content\/uploads\/2021\/04\/perfectum3_image_006.jpg\" alt=\"\" width=\"1200\" height=\"870\" srcset=\"https:\/\/graphimarket.com\/wp-content\/uploads\/2021\/04\/perfectum3_image_006.jpg 1200w, https:\/\/graphimarket.com\/wp-content\/uploads\/2021\/04\/perfectum3_image_006-300x218.jpg 300w, https:\/\/graphimarket.com\/wp-content\/uploads\/2021\/04\/perfectum3_image_006-1024x742.jpg 1024w, https:\/\/graphimarket.com\/wp-content\/uploads\/2021\/04\/perfectum3_image_006-768x557.jpg 768w, https:\/\/graphimarket.com\/wp-content\/uploads\/2021\/04\/perfectum3_image_006-16x12.jpg 16w, https:\/\/graphimarket.com\/wp-content\/uploads\/2021\/04\/perfectum3_image_006-600x435.jpg 600w\" sizes=\"(max-width: 1200px) 100vw, 1200px\" \/> <img decoding=\"async\" class=\"alignnone size-full wp-image-17037\" src=\"https:\/\/graphimarket.com\/wp-content\/uploads\/2021\/04\/perfectum3_image_007.jpg\" alt=\"\" width=\"870\" height=\"1200\" srcset=\"https:\/\/graphimarket.com\/wp-content\/uploads\/2021\/04\/perfectum3_image_007.jpg 870w, https:\/\/graphimarket.com\/wp-content\/uploads\/2021\/04\/perfectum3_image_007-218x300.jpg 218w, https:\/\/graphimarket.com\/wp-content\/uploads\/2021\/04\/perfectum3_image_007-742x1024.jpg 742w, https:\/\/graphimarket.com\/wp-content\/uploads\/2021\/04\/perfectum3_image_007-768x1059.jpg 768w, https:\/\/graphimarket.com\/wp-content\/uploads\/2021\/04\/perfectum3_image_007-9x12.jpg 9w, https:\/\/graphimarket.com\/wp-content\/uploads\/2021\/04\/perfectum3_image_007-600x828.jpg 600w\" sizes=\"(max-width: 870px) 100vw, 870px\" \/> <img decoding=\"async\" class=\"alignnone size-full wp-image-17038\" src=\"https:\/\/graphimarket.com\/wp-content\/uploads\/2021\/04\/perfectum3_image_008.jpg\" alt=\"\" width=\"870\" height=\"1200\" srcset=\"https:\/\/graphimarket.com\/wp-content\/uploads\/2021\/04\/perfectum3_image_008.jpg 870w, https:\/\/graphimarket.com\/wp-content\/uploads\/2021\/04\/perfectum3_image_008-218x300.jpg 218w, https:\/\/graphimarket.com\/wp-content\/uploads\/2021\/04\/perfectum3_image_008-742x1024.jpg 742w, https:\/\/graphimarket.com\/wp-content\/uploads\/2021\/04\/perfectum3_image_008-768x1059.jpg 768w, https:\/\/graphimarket.com\/wp-content\/uploads\/2021\/04\/perfectum3_image_008-9x12.jpg 9w, https:\/\/graphimarket.com\/wp-content\/uploads\/2021\/04\/perfectum3_image_008-600x828.jpg 600w\" sizes=\"(max-width: 870px) 100vw, 870px\" \/> <img loading=\"lazy\" decoding=\"async\" class=\"alignnone size-full wp-image-17039\" src=\"https:\/\/graphimarket.com\/wp-content\/uploads\/2021\/04\/perfectum3_image_009.jpg\" alt=\"\" width=\"1200\" height=\"870\" srcset=\"https:\/\/graphimarket.com\/wp-content\/uploads\/2021\/04\/perfectum3_image_009.jpg 1200w, https:\/\/graphimarket.com\/wp-content\/uploads\/2021\/04\/perfectum3_image_009-300x218.jpg 300w, https:\/\/graphimarket.com\/wp-content\/uploads\/2021\/04\/perfectum3_image_009-1024x742.jpg 1024w, https:\/\/graphimarket.com\/wp-content\/uploads\/2021\/04\/perfectum3_image_009-768x557.jpg 768w, https:\/\/graphimarket.com\/wp-content\/uploads\/2021\/04\/perfectum3_image_009-16x12.jpg 16w, https:\/\/graphimarket.com\/wp-content\/uploads\/2021\/04\/perfectum3_image_009-600x435.jpg 600w\" sizes=\"(max-width: 1200px) 100vw, 1200px\" \/> <img loading=\"lazy\" decoding=\"async\" class=\"alignnone size-full wp-image-17040\" src=\"https:\/\/graphimarket.com\/wp-content\/uploads\/2021\/04\/perfectum3_image_010.jpg\" alt=\"\" width=\"1200\" height=\"870\" srcset=\"https:\/\/graphimarket.com\/wp-content\/uploads\/2021\/04\/perfectum3_image_010.jpg 1200w, https:\/\/graphimarket.com\/wp-content\/uploads\/2021\/04\/perfectum3_image_010-300x218.jpg 300w, https:\/\/graphimarket.com\/wp-content\/uploads\/2021\/04\/perfectum3_image_010-1024x742.jpg 1024w, https:\/\/graphimarket.com\/wp-content\/uploads\/2021\/04\/perfectum3_image_010-768x557.jpg 768w, https:\/\/graphimarket.com\/wp-content\/uploads\/2021\/04\/perfectum3_image_010-16x12.jpg 16w, https:\/\/graphimarket.com\/wp-content\/uploads\/2021\/04\/perfectum3_image_010-600x435.jpg 600w\" sizes=\"(max-width: 1200px) 100vw, 1200px\" \/> <img loading=\"lazy\" decoding=\"async\" class=\"alignnone size-full wp-image-17041\" src=\"https:\/\/graphimarket.com\/wp-content\/uploads\/2021\/04\/perfectum3_image_011.jpg\" alt=\"\" width=\"870\" height=\"1200\" srcset=\"https:\/\/graphimarket.com\/wp-content\/uploads\/2021\/04\/perfectum3_image_011.jpg 870w, https:\/\/graphimarket.com\/wp-content\/uploads\/2021\/04\/perfectum3_image_011-218x300.jpg 218w, https:\/\/graphimarket.com\/wp-content\/uploads\/2021\/04\/perfectum3_image_011-742x1024.jpg 742w, https:\/\/graphimarket.com\/wp-content\/uploads\/2021\/04\/perfectum3_image_011-768x1059.jpg 768w, https:\/\/graphimarket.com\/wp-content\/uploads\/2021\/04\/perfectum3_image_011-9x12.jpg 9w, https:\/\/graphimarket.com\/wp-content\/uploads\/2021\/04\/perfectum3_image_011-600x828.jpg 600w\" sizes=\"(max-width: 870px) 100vw, 870px\" \/> <img loading=\"lazy\" decoding=\"async\" class=\"alignnone size-full wp-image-17042\" src=\"https:\/\/graphimarket.com\/wp-content\/uploads\/2021\/04\/perfectum3_image_001.jpg\" alt=\"\" width=\"1200\" height=\"870\" srcset=\"https:\/\/graphimarket.com\/wp-content\/uploads\/2021\/04\/perfectum3_image_001.jpg 1200w, https:\/\/graphimarket.com\/wp-content\/uploads\/2021\/04\/perfectum3_image_001-300x218.jpg 300w, https:\/\/graphimarket.com\/wp-content\/uploads\/2021\/04\/perfectum3_image_001-1024x742.jpg 1024w, https:\/\/graphimarket.com\/wp-content\/uploads\/2021\/04\/perfectum3_image_001-768x557.jpg 768w, https:\/\/graphimarket.com\/wp-content\/uploads\/2021\/04\/perfectum3_image_001-16x12.jpg 16w, https:\/\/graphimarket.com\/wp-content\/uploads\/2021\/04\/perfectum3_image_001-600x435.jpg 600w\" sizes=\"(max-width: 1200px) 100vw, 1200px\" \/> <img loading=\"lazy\" decoding=\"async\" class=\"alignnone size-full wp-image-17043\" src=\"https:\/\/graphimarket.com\/wp-content\/uploads\/2021\/04\/perfectum3_image_002.jpg\" alt=\"\" width=\"1200\" height=\"870\" srcset=\"https:\/\/graphimarket.com\/wp-content\/uploads\/2021\/04\/perfectum3_image_002.jpg 1200w, https:\/\/graphimarket.com\/wp-content\/uploads\/2021\/04\/perfectum3_image_002-300x218.jpg 300w, https:\/\/graphimarket.com\/wp-content\/uploads\/2021\/04\/perfectum3_image_002-1024x742.jpg 1024w, https:\/\/graphimarket.com\/wp-content\/uploads\/2021\/04\/perfectum3_image_002-768x557.jpg 768w, https:\/\/graphimarket.com\/wp-content\/uploads\/2021\/04\/perfectum3_image_002-16x12.jpg 16w, https:\/\/graphimarket.com\/wp-content\/uploads\/2021\/04\/perfectum3_image_002-600x435.jpg 600w\" sizes=\"(max-width: 1200px) 100vw, 1200px\" \/> <img loading=\"lazy\" decoding=\"async\" class=\"alignnone size-full wp-image-17044\" src=\"https:\/\/graphimarket.com\/wp-content\/uploads\/2021\/04\/perfectum3_image_003.jpg\" alt=\"\" width=\"870\" height=\"1200\" srcset=\"https:\/\/graphimarket.com\/wp-content\/uploads\/2021\/04\/perfectum3_image_003.jpg 870w, https:\/\/graphimarket.com\/wp-content\/uploads\/2021\/04\/perfectum3_image_003-218x300.jpg 218w, https:\/\/graphimarket.com\/wp-content\/uploads\/2021\/04\/perfectum3_image_003-742x1024.jpg 742w, https:\/\/graphimarket.com\/wp-content\/uploads\/2021\/04\/perfectum3_image_003-768x1059.jpg 768w, https:\/\/graphimarket.com\/wp-content\/uploads\/2021\/04\/perfectum3_image_003-9x12.jpg 9w, https:\/\/graphimarket.com\/wp-content\/uploads\/2021\/04\/perfectum3_image_003-600x828.jpg 600w\" sizes=\"(max-width: 870px) 100vw, 870px\" \/> <img loading=\"lazy\" decoding=\"async\" class=\"alignnone size-full wp-image-17045\" src=\"https:\/\/graphimarket.com\/wp-content\/uploads\/2021\/04\/perfectum3_image_004.jpg\" alt=\"\" width=\"870\" height=\"1200\" srcset=\"https:\/\/graphimarket.com\/wp-content\/uploads\/2021\/04\/perfectum3_image_004.jpg 870w, https:\/\/graphimarket.com\/wp-content\/uploads\/2021\/04\/perfectum3_image_004-218x300.jpg 218w, https:\/\/graphimarket.com\/wp-content\/uploads\/2021\/04\/perfectum3_image_004-742x1024.jpg 742w, https:\/\/graphimarket.com\/wp-content\/uploads\/2021\/04\/perfectum3_image_004-768x1059.jpg 768w, https:\/\/graphimarket.com\/wp-content\/uploads\/2021\/04\/perfectum3_image_004-9x12.jpg 9w, https:\/\/graphimarket.com\/wp-content\/uploads\/2021\/04\/perfectum3_image_004-600x828.jpg 600w\" sizes=\"(max-width: 870px) 100vw, 870px\" \/> <img loading=\"lazy\" decoding=\"async\" class=\"alignnone size-full wp-image-17046\" src=\"https:\/\/graphimarket.com\/wp-content\/uploads\/2021\/04\/perfectum3_image_005.jpg\" alt=\"\" width=\"1200\" height=\"870\" srcset=\"https:\/\/graphimarket.com\/wp-content\/uploads\/2021\/04\/perfectum3_image_005.jpg 1200w, https:\/\/graphimarket.com\/wp-content\/uploads\/2021\/04\/perfectum3_image_005-300x218.jpg 300w, https:\/\/graphimarket.com\/wp-content\/uploads\/2021\/04\/perfectum3_image_005-1024x742.jpg 1024w, https:\/\/graphimarket.com\/wp-content\/uploads\/2021\/04\/perfectum3_image_005-768x557.jpg 768w, https:\/\/graphimarket.com\/wp-content\/uploads\/2021\/04\/perfectum3_image_005-16x12.jpg 16w, https:\/\/graphimarket.com\/wp-content\/uploads\/2021\/04\/perfectum3_image_005-600x435.jpg 600w\" sizes=\"(max-width: 1200px) 100vw, 1200px\" \/><\/p>","protected":false},"excerpt":{"rendered":"<p>Perfectum 3 Description Professional\u00a0multifunctional tool\u00a0transform your photos into real\u00a0watercolor artworks with a lot of elements and options to customize and improve. Highly detailed result, a lot of possibilities. One click action. Video tutorial included. Now multilingual! Plugin works in any language Photoshop CC2015.5, CC2017, CC2018, CC2019, CC2020 and newer versions. From Action to Panel Now [&hellip;]<\/p>\n","protected":false},"featured_media":17042,"comment_status":"open","ping_status":"closed","template":"","meta":{"site-sidebar-layout":"default","site-content-layout":"default","ast-site-content-layout":"default","site-content-style":"default","site-sidebar-style":"default","ast-global-header-display":"","ast-banner-title-visibility":"","ast-main-header-display":"","ast-hfb-above-header-display":"","ast-hfb-below-header-display":"","ast-hfb-mobile-header-display":"","site-post-title":"","ast-breadcrumbs-content":"","ast-featured-img":"","footer-sml-layout":"","ast-disable-related-posts":"","theme-transparent-header-meta":"default","adv-header-id-meta":"","stick-header-meta":"","header-above-stick-meta":"","header-main-stick-meta":"","header-below-stick-meta":"","astra-migrate-meta-layouts":"default","ast-page-background-enabled":"default","ast-page-background-meta":{"desktop":{"background-color":"","background-image":"","background-repeat":"repeat","background-position":"center center","background-size":"auto","background-attachment":"scroll","background-type":"","background-media":"","overlay-type":"","overlay-color":"","overlay-opacity":"","overlay-gradient":""},"tablet":{"background-color":"","background-image":"","background-repeat":"repeat","background-position":"center center","background-size":"auto","background-attachment":"scroll","background-type":"","background-media":"","overlay-type":"","overlay-color":"","overlay-opacity":"","overlay-gradient":""},"mobile":{"background-color":"","background-image":"","background-repeat":"repeat","background-position":"center center","background-size":"auto","background-attachment":"scroll","background-type":"","background-media":"","overlay-type":"","overlay-color":"","overlay-opacity":"","overlay-gradient":""}},"ast-content-background-meta":{"desktop":{"background-color":"var(--ast-global-color-5)","background-image":"","background-repeat":"repeat","background-position":"center center","background-size":"auto","background-attachment":"scroll","background-type":"","background-media":"","overlay-type":"","overlay-color":"","overlay-opacity":"","overlay-gradient":""},"tablet":{"background-color":"var(--ast-global-color-5)","background-image":"","background-repeat":"repeat","background-position":"center center","background-size":"auto","background-attachment":"scroll","background-type":"","background-media":"","overlay-type":"","overlay-color":"","overlay-opacity":"","overlay-gradient":""},"mobile":{"background-color":"var(--ast-global-color-5)","background-image":"","background-repeat":"repeat","background-position":"center center","background-size":"auto","background-attachment":"scroll","background-type":"","background-media":"","overlay-type":"","overlay-color":"","overlay-opacity":"","overlay-gradient":""}}},"product_brand":[],"product_cat":[196,15,144,145,195,146],"product_tag":[1956,292,1386,531,1936,1892,1971,62,1193,367],"class_list":{"0":"post-17034","1":"product","2":"type-product","3":"status-publish","4":"has-post-thumbnail","6":"product_cat-actions","7":"product_cat-photo","8":"product_cat-photo-editor","9":"product_cat-photography","10":"product_cat-photoshop","11":"product_cat-photoshop-action","12":"product_tag-1956","13":"product_tag-action","14":"product_tag-adobe","15":"product_tag-cc","16":"product_tag-cs","17":"product_tag-master","18":"product_tag-perfectum","19":"product_tag-photoshop","20":"product_tag-plugin","21":"product_tag-watercolor","22":"desktop-align-left","23":"tablet-align-left","24":"mobile-align-left","26":"first","27":"instock","28":"sale","29":"downloadable","30":"virtual","31":"taxable","32":"purchasable","33":"product-type-simple"},"yoast_head":"<!-- This site is optimized with the Yoast SEO plugin v27.3 - https:\/\/yoast.com\/product\/yoast-seo-wordpress\/ -->\n<title>Watercolor Master - Perfectum 3 - Photoshop Plugin - Graphimarket<\/title>\n<meta name=\"description\" content=\"Professional\u00a0multifunctional tool\u00a0transform your photos into real\u00a0watercolor artworks\u00a0with a lot of elements and options...\" \/>\n<meta name=\"robots\" content=\"index, follow, max-snippet:-1, max-image-preview:large, max-video-preview:-1\" \/>\n<link rel=\"canonical\" href=\"https:\/\/graphimarket.com\/pt\/product\/watercolor-master-perfectum-3-photoshop-plugin\/\" \/>\n<meta property=\"og:locale\" content=\"pt_PT\" \/>\n<meta property=\"og:type\" content=\"article\" \/>\n<meta property=\"og:title\" content=\"Watercolor Master - Perfectum 3 - Photoshop Plugin - Graphimarket\" \/>\n<meta property=\"og:description\" content=\"Professional\u00a0multifunctional tool\u00a0transform your photos into real\u00a0watercolor artworks\u00a0with a lot of elements and options...\" \/>\n<meta property=\"og:url\" content=\"https:\/\/graphimarket.com\/pt\/product\/watercolor-master-perfectum-3-photoshop-plugin\/\" \/>\n<meta property=\"og:site_name\" content=\"Graphimarket\" \/>\n<meta property=\"article:modified_time\" content=\"2024-10-04T09:11:59+00:00\" \/>\n<meta property=\"og:image\" content=\"https:\/\/graphimarket.com\/wp-content\/uploads\/2021\/04\/perfectum3_image_001.jpg\" \/>\n\t<meta property=\"og:image:width\" content=\"1200\" \/>\n\t<meta property=\"og:image:height\" content=\"870\" \/>\n\t<meta property=\"og:image:type\" content=\"image\/jpeg\" \/>\n<meta name=\"twitter:card\" content=\"summary_large_image\" \/>\n<meta name=\"twitter:label1\" content=\"Est. reading time\" \/>\n\t<meta name=\"twitter:data1\" content=\"1 minute\" \/>\n<script type=\"application\/ld+json\" class=\"yoast-schema-graph\">{\"@context\":\"https:\\\/\\\/schema.org\",\"@graph\":[{\"@type\":\"WebPage\",\"@id\":\"https:\\\/\\\/graphimarket.com\\\/fr\\\/product\\\/watercolor-master-perfectum-3-photoshop-plugin\\\/\",\"url\":\"https:\\\/\\\/graphimarket.com\\\/fr\\\/product\\\/watercolor-master-perfectum-3-photoshop-plugin\\\/\",\"name\":\"Watercolor Master - Perfectum 3 - Photoshop Plugin - Graphimarket\",\"isPartOf\":{\"@id\":\"https:\\\/\\\/graphimarket.com\\\/fr\\\/#website\"},\"primaryImageOfPage\":{\"@id\":\"https:\\\/\\\/graphimarket.com\\\/fr\\\/product\\\/watercolor-master-perfectum-3-photoshop-plugin\\\/#primaryimage\"},\"image\":{\"@id\":\"https:\\\/\\\/graphimarket.com\\\/fr\\\/product\\\/watercolor-master-perfectum-3-photoshop-plugin\\\/#primaryimage\"},\"thumbnailUrl\":\"https:\\\/\\\/graphimarket.com\\\/wp-content\\\/uploads\\\/2021\\\/04\\\/perfectum3_image_001.jpg\",\"datePublished\":\"2021-04-06T13:14:17+00:00\",\"dateModified\":\"2024-10-04T09:11:59+00:00\",\"description\":\"Professional\u00a0multifunctional tool\u00a0transform your photos into real\u00a0watercolor artworks\u00a0with a lot of elements and options...\",\"breadcrumb\":{\"@id\":\"https:\\\/\\\/graphimarket.com\\\/fr\\\/product\\\/watercolor-master-perfectum-3-photoshop-plugin\\\/#breadcrumb\"},\"inLanguage\":\"pt-PT\",\"potentialAction\":[{\"@type\":\"ReadAction\",\"target\":[\"https:\\\/\\\/graphimarket.com\\\/fr\\\/product\\\/watercolor-master-perfectum-3-photoshop-plugin\\\/\"]}]},{\"@type\":\"ImageObject\",\"inLanguage\":\"pt-PT\",\"@id\":\"https:\\\/\\\/graphimarket.com\\\/fr\\\/product\\\/watercolor-master-perfectum-3-photoshop-plugin\\\/#primaryimage\",\"url\":\"https:\\\/\\\/graphimarket.com\\\/wp-content\\\/uploads\\\/2021\\\/04\\\/perfectum3_image_001.jpg\",\"contentUrl\":\"https:\\\/\\\/graphimarket.com\\\/wp-content\\\/uploads\\\/2021\\\/04\\\/perfectum3_image_001.jpg\",\"width\":1200,\"height\":870},{\"@type\":\"BreadcrumbList\",\"@id\":\"https:\\\/\\\/graphimarket.com\\\/fr\\\/product\\\/watercolor-master-perfectum-3-photoshop-plugin\\\/#breadcrumb\",\"itemListElement\":[{\"@type\":\"ListItem\",\"position\":1,\"name\":\"Home\",\"item\":\"https:\\\/\\\/graphimarket.com\\\/es\\\/\"},{\"@type\":\"ListItem\",\"position\":2,\"name\":\"Store\",\"item\":\"https:\\\/\\\/graphimarket.com\\\/store\\\/\"},{\"@type\":\"ListItem\",\"position\":3,\"name\":\"Watercolor Master &#8211; Perfectum 3 &#8211; Photoshop Plugin\"}]},{\"@type\":\"WebSite\",\"@id\":\"https:\\\/\\\/graphimarket.com\\\/fr\\\/#website\",\"url\":\"https:\\\/\\\/graphimarket.com\\\/fr\\\/\",\"name\":\"Graphimarket\",\"description\":\"Find the perfect creative asset to bring your project to life\",\"publisher\":{\"@id\":\"https:\\\/\\\/graphimarket.com\\\/fr\\\/#organization\"},\"potentialAction\":[{\"@type\":\"SearchAction\",\"target\":{\"@type\":\"EntryPoint\",\"urlTemplate\":\"https:\\\/\\\/graphimarket.com\\\/fr\\\/?s={search_term_string}\"},\"query-input\":{\"@type\":\"PropertyValueSpecification\",\"valueRequired\":true,\"valueName\":\"search_term_string\"}}],\"inLanguage\":\"pt-PT\"},{\"@type\":\"Organization\",\"@id\":\"https:\\\/\\\/graphimarket.com\\\/fr\\\/#organization\",\"name\":\"Graphimarket\",\"url\":\"https:\\\/\\\/graphimarket.com\\\/fr\\\/\",\"logo\":{\"@type\":\"ImageObject\",\"inLanguage\":\"pt-PT\",\"@id\":\"https:\\\/\\\/graphimarket.com\\\/fr\\\/#\\\/schema\\\/logo\\\/image\\\/\",\"url\":\"https:\\\/\\\/graphimarket.com\\\/wp-content\\\/uploads\\\/2020\\\/08\\\/logo-48.png\",\"contentUrl\":\"https:\\\/\\\/graphimarket.com\\\/wp-content\\\/uploads\\\/2020\\\/08\\\/logo-48.png\",\"width\":132,\"height\":48,\"caption\":\"Graphimarket\"},\"image\":{\"@id\":\"https:\\\/\\\/graphimarket.com\\\/fr\\\/#\\\/schema\\\/logo\\\/image\\\/\"}}]}<\/script>\n<!-- \/ Yoast SEO plugin. -->","yoast_head_json":{"title":"Watercolor Master - Perfectum 3 - Plugin do Photoshop - Graphimarket","description":"Ferramenta multifuncional profissional transforma suas fotos em verdadeiras obras de arte em aquarela com muitos elementos e op\u00e7\u00f5es...","robots":{"index":"index","follow":"follow","max-snippet":"max-snippet:-1","max-image-preview":"max-image-preview:large","max-video-preview":"max-video-preview:-1"},"canonical":"https:\/\/graphimarket.com\/pt\/product\/watercolor-master-perfectum-3-photoshop-plugin\/","og_locale":"pt_PT","og_type":"article","og_title":"Watercolor Master - Perfectum 3 - Photoshop Plugin - Graphimarket","og_description":"Professional\u00a0multifunctional tool\u00a0transform your photos into real\u00a0watercolor artworks\u00a0with a lot of elements and options...","og_url":"https:\/\/graphimarket.com\/pt\/product\/watercolor-master-perfectum-3-photoshop-plugin\/","og_site_name":"Graphimarket","article_modified_time":"2024-10-04T09:11:59+00:00","og_image":[{"width":1200,"height":870,"url":"https:\/\/graphimarket.com\/wp-content\/uploads\/2021\/04\/perfectum3_image_001.jpg","type":"image\/jpeg"}],"twitter_card":"summary_large_image","twitter_misc":{"Est. reading time":"1 minute"},"schema":{"@context":"https:\/\/schema.org","@graph":[{"@type":"WebPage","@id":"https:\/\/graphimarket.com\/fr\/product\/watercolor-master-perfectum-3-photoshop-plugin\/","url":"https:\/\/graphimarket.com\/fr\/product\/watercolor-master-perfectum-3-photoshop-plugin\/","name":"Watercolor Master - Perfectum 3 - Plugin do Photoshop - Graphimarket","isPartOf":{"@id":"https:\/\/graphimarket.com\/fr\/#website"},"primaryImageOfPage":{"@id":"https:\/\/graphimarket.com\/fr\/product\/watercolor-master-perfectum-3-photoshop-plugin\/#primaryimage"},"image":{"@id":"https:\/\/graphimarket.com\/fr\/product\/watercolor-master-perfectum-3-photoshop-plugin\/#primaryimage"},"thumbnailUrl":"https:\/\/graphimarket.com\/wp-content\/uploads\/2021\/04\/perfectum3_image_001.jpg","datePublished":"2021-04-06T13:14:17+00:00","dateModified":"2024-10-04T09:11:59+00:00","description":"Ferramenta multifuncional profissional transforma suas fotos em verdadeiras obras de arte em aquarela com muitos elementos e op\u00e7\u00f5es...","breadcrumb":{"@id":"https:\/\/graphimarket.com\/fr\/product\/watercolor-master-perfectum-3-photoshop-plugin\/#breadcrumb"},"inLanguage":"pt-PT","potentialAction":[{"@type":"ReadAction","target":["https:\/\/graphimarket.com\/fr\/product\/watercolor-master-perfectum-3-photoshop-plugin\/"]}]},{"@type":"ImageObject","inLanguage":"pt-PT","@id":"https:\/\/graphimarket.com\/fr\/product\/watercolor-master-perfectum-3-photoshop-plugin\/#primaryimage","url":"https:\/\/graphimarket.com\/wp-content\/uploads\/2021\/04\/perfectum3_image_001.jpg","contentUrl":"https:\/\/graphimarket.com\/wp-content\/uploads\/2021\/04\/perfectum3_image_001.jpg","width":1200,"height":870},{"@type":"BreadcrumbList","@id":"https:\/\/graphimarket.com\/fr\/product\/watercolor-master-perfectum-3-photoshop-plugin\/#breadcrumb","itemListElement":[{"@type":"ListItem","position":1,"name":"Home","item":"https:\/\/graphimarket.com\/es\/"},{"@type":"ListItem","position":2,"name":"Store","item":"https:\/\/graphimarket.com\/store\/"},{"@type":"ListItem","position":3,"name":"Watercolor Master &#8211; Perfectum 3 &#8211; Photoshop Plugin"}]},{"@type":"WebSite","@id":"https:\/\/graphimarket.com\/fr\/#website","url":"https:\/\/graphimarket.com\/fr\/","name":"Graphimarket","description":"Encontre o ativo criativo perfeito para dar vida ao seu projeto","publisher":{"@id":"https:\/\/graphimarket.com\/fr\/#organization"},"potentialAction":[{"@type":"SearchAction","target":{"@type":"EntryPoint","urlTemplate":"https:\/\/graphimarket.com\/fr\/?s={search_term_string}"},"query-input":{"@type":"PropertyValueSpecification","valueRequired":true,"valueName":"search_term_string"}}],"inLanguage":"pt-PT"},{"@type":"Organization","@id":"https:\/\/graphimarket.com\/fr\/#organization","name":"Graphimarket","url":"https:\/\/graphimarket.com\/fr\/","logo":{"@type":"ImageObject","inLanguage":"pt-PT","@id":"https:\/\/graphimarket.com\/fr\/#\/schema\/logo\/image\/","url":"https:\/\/graphimarket.com\/wp-content\/uploads\/2020\/08\/logo-48.png","contentUrl":"https:\/\/graphimarket.com\/wp-content\/uploads\/2020\/08\/logo-48.png","width":132,"height":48,"caption":"Graphimarket"},"image":{"@id":"https:\/\/graphimarket.com\/fr\/#\/schema\/logo\/image\/"}}]}},"_links":{"self":[{"href":"http:\/\/graphimarket.com\/pt\/wp-json\/wp\/v2\/product\/17034","targetHints":{"allow":["GET"]}}],"collection":[{"href":"http:\/\/graphimarket.com\/pt\/wp-json\/wp\/v2\/product"}],"about":[{"href":"http:\/\/graphimarket.com\/pt\/wp-json\/wp\/v2\/types\/product"}],"replies":[{"embeddable":true,"href":"http:\/\/graphimarket.com\/pt\/wp-json\/wp\/v2\/comments?post=17034"}],"version-history":[{"count":0,"href":"http:\/\/graphimarket.com\/pt\/wp-json\/wp\/v2\/product\/17034\/revisions"}],"wp:featuredmedia":[{"embeddable":true,"href":"http:\/\/graphimarket.com\/pt\/wp-json\/wp\/v2\/media\/17042"}],"wp:attachment":[{"href":"http:\/\/graphimarket.com\/pt\/wp-json\/wp\/v2\/media?parent=17034"}],"wp:term":[{"taxonomy":"product_brand","embeddable":true,"href":"http:\/\/graphimarket.com\/pt\/wp-json\/wp\/v2\/product_brand?post=17034"},{"taxonomy":"product_cat","embeddable":true,"href":"http:\/\/graphimarket.com\/pt\/wp-json\/wp\/v2\/product_cat?post=17034"},{"taxonomy":"product_tag","embeddable":true,"href":"http:\/\/graphimarket.com\/pt\/wp-json\/wp\/v2\/product_tag?post=17034"}],"curies":[{"name":"wp","href":"https:\/\/api.w.org\/{rel}","templated":true}]}}