{"id":17058,"date":"2021-04-06T16:21:27","date_gmt":"2021-04-06T14:21:27","guid":{"rendered":"https:\/\/graphimarket.com\/?post_type=product&#038;p=17058"},"modified":"2025-07-28T21:57:31","modified_gmt":"2025-07-28T19:57:31","slug":"soft-focus-photoshop-action","status":"publish","type":"product","link":"http:\/\/graphimarket.com\/pt\/product\/soft-focus-photoshop-action\/","title":{"rendered":"A\u00e7\u00e3o de Photoshop com foco suave"},"content":{"rendered":"<p id=\"item-description__soft-focus-photoshop-action\"><strong>A\u00e7\u00e3o de Photoshop com foco suave<\/strong><\/p>\n<p>Create stunning soft focus effects on your photos with ease. All you need to do is brush the area you want to remain in focus and play the action. Each time you run the action you will get a unique result,\u00a0<strong>even if you use the same brushed area!<\/strong><\/p>\n<p><strong>TIP:<\/strong><\/p>\n<ul>\n<li>If the sparkles appear too faint, simply duplicate the layer to boost its brightness!<\/li>\n<li>To collapse all the folders after the action is complete, hold down \u2018<strong>Ctrl + Alt<\/strong>\u2019\u00a0<strong>(Command + Option on a MAC)<\/strong> and click the down arrow on the \u2018Soft Focus\u2019 folder. You will want to do this 100% of the time after the action is complete.<\/li>\n<\/ul>\n<p>A a\u00e7\u00e3o foi testada e est\u00e1 funcionando no Photoshop\u00a0<strong>CS6,CC,CC 2015.5, CC 2017, CC 2018, CC 2019+<\/strong><\/p>\n<p><strong>Importante saber<\/strong><\/p>\n<ul>\n<li>Certifique-se de usar o\u00a0<a href=\"https:\/\/graphimarket.com\/pt\/2021\/01\/12\/change-the-language-of-your-creative-cloud-apps\/\" target=\"_blank\" rel=\"noopener\">Vers\u00e3o em ingl\u00eas do Photoshop<\/a>\u00a0para executar a a\u00e7\u00e3o. Todas as a\u00e7\u00f5es do Sevenstyles s\u00f3 funcionar\u00e3o na vers\u00e3o em ingl\u00eas do Photoshop.<\/li>\n<\/ul>\n<ul>\n<li>Verifique se voc\u00ea est\u00e1 usando uma vers\u00e3o do Photoshop compat\u00edvel com o Action.<\/li>\n<\/ul>\n<ul>\n<li>Use fotos de alta resolu\u00e7\u00e3o com o Action para obter os melhores resultados e evitar erros. Uma resolu\u00e7\u00e3o de foto ideal \u00e9 entre 2000px - 4500px.<\/li>\n<\/ul>\n<ul>\n<li>Com Adobe Creative Cloud, voc\u00ea pode instalar\u00a0<a href=\"https:\/\/graphimarket.com\/pt\/2021\/01\/12\/how-to-install-previous-versions-of-your-creative-cloud-apps\/\" target=\"_blank\" rel=\"noopener\">v\u00e1rias vers\u00f5es do Photoshop<\/a>. Se voc\u00ea gosta desta a\u00e7\u00e3o, mas n\u00e3o \u00e9 compat\u00edvel com sua vers\u00e3o do Photoshop, voc\u00ea sempre pode instalar uma vers\u00e3o adicional do Photoshop para executar a a\u00e7\u00e3o. Depois que um Action foi testado e est\u00e1 funcionando em uma vers\u00e3o do Photoshop, ele funcionar\u00e1 para sempre.<\/li>\n<\/ul>\n<ul>\n<li>Use imagens Jpeg para executar a a\u00e7\u00e3o. Outros tipos de arquivo, como TIFF, BMP, PNG, PSD, podem causar problemas com A\u00e7\u00f5es, pois o Photoshop desativa v\u00e1rios recursos para diferentes tipos de arquivo.<\/li>\n<\/ul>\n<ul>\n<li>Se uma a\u00e7\u00e3o do Sevenstyles incluir um arquivo de pincel (.abr), padr\u00e3o (.pat) ou formas (.csh) no download, ela deve ser carregada no Photoshop antes de executar a a\u00e7\u00e3o.<\/li>\n<\/ul>\n<ul>\n<li>Evite usar a a\u00e7\u00e3o em logotipos ou imagens de estilo de clip-art, pois a falta de detalhes e contraste de cores pode levar a erros.<\/li>\n<\/ul>\n<p><img fetchpriority=\"high\" decoding=\"async\" class=\"alignnone size-full wp-image-17061\" src=\"https:\/\/graphimarket.com\/wp-content\/uploads\/2021\/04\/13aaa.jpg\" alt=\"\" width=\"1656\" height=\"1104\" srcset=\"https:\/\/graphimarket.com\/wp-content\/uploads\/2021\/04\/13aaa.jpg 1656w, https:\/\/graphimarket.com\/wp-content\/uploads\/2021\/04\/13aaa-300x200.jpg 300w, https:\/\/graphimarket.com\/wp-content\/uploads\/2021\/04\/13aaa-1024x683.jpg 1024w, https:\/\/graphimarket.com\/wp-content\/uploads\/2021\/04\/13aaa-768x512.jpg 768w, https:\/\/graphimarket.com\/wp-content\/uploads\/2021\/04\/13aaa-1536x1024.jpg 1536w, https:\/\/graphimarket.com\/wp-content\/uploads\/2021\/04\/13aaa-16x12.jpg 16w, https:\/\/graphimarket.com\/wp-content\/uploads\/2021\/04\/13aaa-1320x880.jpg 1320w, https:\/\/graphimarket.com\/wp-content\/uploads\/2021\/04\/13aaa-600x400.jpg 600w\" sizes=\"(max-width: 1656px) 100vw, 1656px\" \/> <img decoding=\"async\" class=\"alignnone size-full wp-image-17062\" src=\"https:\/\/graphimarket.com\/wp-content\/uploads\/2021\/04\/14aaa.jpg\" alt=\"\" width=\"1345\" height=\"1758\" srcset=\"https:\/\/graphimarket.com\/wp-content\/uploads\/2021\/04\/14aaa.jpg 1345w, https:\/\/graphimarket.com\/wp-content\/uploads\/2021\/04\/14aaa-230x300.jpg 230w, https:\/\/graphimarket.com\/wp-content\/uploads\/2021\/04\/14aaa-783x1024.jpg 783w, https:\/\/graphimarket.com\/wp-content\/uploads\/2021\/04\/14aaa-768x1004.jpg 768w, https:\/\/graphimarket.com\/wp-content\/uploads\/2021\/04\/14aaa-1175x1536.jpg 1175w, https:\/\/graphimarket.com\/wp-content\/uploads\/2021\/04\/14aaa-9x12.jpg 9w, https:\/\/graphimarket.com\/wp-content\/uploads\/2021\/04\/14aaa-1320x1725.jpg 1320w, https:\/\/graphimarket.com\/wp-content\/uploads\/2021\/04\/14aaa-600x784.jpg 600w\" sizes=\"(max-width: 1345px) 100vw, 1345px\" \/><\/p>\n<figure id=\"attachment_17063\" aria-describedby=\"caption-attachment-17063\" style=\"width: 1030px\" class=\"wp-caption alignnone\"><img decoding=\"async\" class=\"size-full wp-image-17063\" src=\"https:\/\/graphimarket.com\/wp-content\/uploads\/2021\/04\/15aaa.jpg\" alt=\"\" width=\"1030\" height=\"923\" srcset=\"https:\/\/graphimarket.com\/wp-content\/uploads\/2021\/04\/15aaa.jpg 1030w, https:\/\/graphimarket.com\/wp-content\/uploads\/2021\/04\/15aaa-300x269.jpg 300w, https:\/\/graphimarket.com\/wp-content\/uploads\/2021\/04\/15aaa-1024x918.jpg 1024w, https:\/\/graphimarket.com\/wp-content\/uploads\/2021\/04\/15aaa-768x688.jpg 768w, https:\/\/graphimarket.com\/wp-content\/uploads\/2021\/04\/15aaa-13x12.jpg 13w, https:\/\/graphimarket.com\/wp-content\/uploads\/2021\/04\/15aaa-600x538.jpg 600w\" sizes=\"(max-width: 1030px) 100vw, 1030px\" \/><figcaption id=\"caption-attachment-17063\" class=\"wp-caption-text\">Mass Image Compressor Comprimido esta imagem. https:\/\/sourceforge.net\/projects\/icompress\/ com qualidade: 84<\/figcaption><\/figure>\n<p><img loading=\"lazy\" decoding=\"async\" class=\"alignnone size-full wp-image-17064\" src=\"https:\/\/graphimarket.com\/wp-content\/uploads\/2021\/04\/16aaa.jpg\" alt=\"\" width=\"1150\" height=\"1725\" srcset=\"https:\/\/graphimarket.com\/wp-content\/uploads\/2021\/04\/16aaa.jpg 1150w, https:\/\/graphimarket.com\/wp-content\/uploads\/2021\/04\/16aaa-200x300.jpg 200w, https:\/\/graphimarket.com\/wp-content\/uploads\/2021\/04\/16aaa-683x1024.jpg 683w, https:\/\/graphimarket.com\/wp-content\/uploads\/2021\/04\/16aaa-768x1152.jpg 768w, https:\/\/graphimarket.com\/wp-content\/uploads\/2021\/04\/16aaa-1024x1536.jpg 1024w, https:\/\/graphimarket.com\/wp-content\/uploads\/2021\/04\/16aaa-8x12.jpg 8w, https:\/\/graphimarket.com\/wp-content\/uploads\/2021\/04\/16aaa-600x900.jpg 600w\" sizes=\"(max-width: 1150px) 100vw, 1150px\" \/> <img loading=\"lazy\" decoding=\"async\" class=\"alignnone size-full wp-image-17065\" src=\"https:\/\/graphimarket.com\/wp-content\/uploads\/2021\/04\/17aaaa.jpg\" alt=\"\" width=\"930\" height=\"1023\" srcset=\"https:\/\/graphimarket.com\/wp-content\/uploads\/2021\/04\/17aaaa.jpg 930w, https:\/\/graphimarket.com\/wp-content\/uploads\/2021\/04\/17aaaa-273x300.jpg 273w, https:\/\/graphimarket.com\/wp-content\/uploads\/2021\/04\/17aaaa-768x845.jpg 768w, https:\/\/graphimarket.com\/wp-content\/uploads\/2021\/04\/17aaaa-11x12.jpg 11w, https:\/\/graphimarket.com\/wp-content\/uploads\/2021\/04\/17aaaa-600x660.jpg 600w\" sizes=\"(max-width: 930px) 100vw, 930px\" \/> <img loading=\"lazy\" decoding=\"async\" class=\"alignnone size-full wp-image-17066\" src=\"https:\/\/graphimarket.com\/wp-content\/uploads\/2021\/04\/18aaa.jpg\" alt=\"\" width=\"772\" height=\"1157\" srcset=\"https:\/\/graphimarket.com\/wp-content\/uploads\/2021\/04\/18aaa.jpg 772w, https:\/\/graphimarket.com\/wp-content\/uploads\/2021\/04\/18aaa-200x300.jpg 200w, https:\/\/graphimarket.com\/wp-content\/uploads\/2021\/04\/18aaa-683x1024.jpg 683w, https:\/\/graphimarket.com\/wp-content\/uploads\/2021\/04\/18aaa-768x1151.jpg 768w, https:\/\/graphimarket.com\/wp-content\/uploads\/2021\/04\/18aaa-8x12.jpg 8w, https:\/\/graphimarket.com\/wp-content\/uploads\/2021\/04\/18aaa-600x899.jpg 600w\" sizes=\"(max-width: 772px) 100vw, 772px\" \/> <img loading=\"lazy\" decoding=\"async\" class=\"alignnone size-full wp-image-17067\" src=\"https:\/\/graphimarket.com\/wp-content\/uploads\/2021\/04\/19aaa.jpg\" alt=\"\" width=\"1150\" height=\"1725\" srcset=\"https:\/\/graphimarket.com\/wp-content\/uploads\/2021\/04\/19aaa.jpg 1150w, https:\/\/graphimarket.com\/wp-content\/uploads\/2021\/04\/19aaa-200x300.jpg 200w, https:\/\/graphimarket.com\/wp-content\/uploads\/2021\/04\/19aaa-683x1024.jpg 683w, https:\/\/graphimarket.com\/wp-content\/uploads\/2021\/04\/19aaa-768x1152.jpg 768w, https:\/\/graphimarket.com\/wp-content\/uploads\/2021\/04\/19aaa-1024x1536.jpg 1024w, https:\/\/graphimarket.com\/wp-content\/uploads\/2021\/04\/19aaa-8x12.jpg 8w, https:\/\/graphimarket.com\/wp-content\/uploads\/2021\/04\/19aaa-600x900.jpg 600w\" sizes=\"(max-width: 1150px) 100vw, 1150px\" \/> <img loading=\"lazy\" decoding=\"async\" class=\"alignnone size-full wp-image-17068\" src=\"https:\/\/graphimarket.com\/wp-content\/uploads\/2021\/04\/10aaaa.jpg\" alt=\"\" width=\"1725\" height=\"1146\" srcset=\"https:\/\/graphimarket.com\/wp-content\/uploads\/2021\/04\/10aaaa.jpg 1725w, https:\/\/graphimarket.com\/wp-content\/uploads\/2021\/04\/10aaaa-300x199.jpg 300w, https:\/\/graphimarket.com\/wp-content\/uploads\/2021\/04\/10aaaa-1024x680.jpg 1024w, https:\/\/graphimarket.com\/wp-content\/uploads\/2021\/04\/10aaaa-768x510.jpg 768w, https:\/\/graphimarket.com\/wp-content\/uploads\/2021\/04\/10aaaa-1536x1020.jpg 1536w, https:\/\/graphimarket.com\/wp-content\/uploads\/2021\/04\/10aaaa-16x12.jpg 16w, https:\/\/graphimarket.com\/wp-content\/uploads\/2021\/04\/10aaaa-1320x877.jpg 1320w, https:\/\/graphimarket.com\/wp-content\/uploads\/2021\/04\/10aaaa-600x399.jpg 600w\" sizes=\"(max-width: 1725px) 100vw, 1725px\" \/> <img loading=\"lazy\" decoding=\"async\" class=\"alignnone size-full wp-image-17069\" src=\"https:\/\/graphimarket.com\/wp-content\/uploads\/2021\/04\/11aaa.jpg\" alt=\"\" width=\"1380\" height=\"1725\" srcset=\"https:\/\/graphimarket.com\/wp-content\/uploads\/2021\/04\/11aaa.jpg 1380w, https:\/\/graphimarket.com\/wp-content\/uploads\/2021\/04\/11aaa-240x300.jpg 240w, https:\/\/graphimarket.com\/wp-content\/uploads\/2021\/04\/11aaa-819x1024.jpg 819w, https:\/\/graphimarket.com\/wp-content\/uploads\/2021\/04\/11aaa-768x960.jpg 768w, https:\/\/graphimarket.com\/wp-content\/uploads\/2021\/04\/11aaa-1229x1536.jpg 1229w, https:\/\/graphimarket.com\/wp-content\/uploads\/2021\/04\/11aaa-10x12.jpg 10w, https:\/\/graphimarket.com\/wp-content\/uploads\/2021\/04\/11aaa-1320x1650.jpg 1320w, https:\/\/graphimarket.com\/wp-content\/uploads\/2021\/04\/11aaa-600x750.jpg 600w\" sizes=\"(max-width: 1380px) 100vw, 1380px\" \/> <img loading=\"lazy\" decoding=\"async\" class=\"alignnone size-full wp-image-17070\" src=\"https:\/\/graphimarket.com\/wp-content\/uploads\/2021\/04\/12aaaa.jpg\" alt=\"\" width=\"1150\" height=\"1725\" srcset=\"https:\/\/graphimarket.com\/wp-content\/uploads\/2021\/04\/12aaaa.jpg 1150w, https:\/\/graphimarket.com\/wp-content\/uploads\/2021\/04\/12aaaa-200x300.jpg 200w, https:\/\/graphimarket.com\/wp-content\/uploads\/2021\/04\/12aaaa-683x1024.jpg 683w, https:\/\/graphimarket.com\/wp-content\/uploads\/2021\/04\/12aaaa-768x1152.jpg 768w, https:\/\/graphimarket.com\/wp-content\/uploads\/2021\/04\/12aaaa-1024x1536.jpg 1024w, https:\/\/graphimarket.com\/wp-content\/uploads\/2021\/04\/12aaaa-8x12.jpg 8w, https:\/\/graphimarket.com\/wp-content\/uploads\/2021\/04\/12aaaa-600x900.jpg 600w\" sizes=\"(max-width: 1150px) 100vw, 1150px\" \/><\/p>","protected":false},"excerpt":{"rendered":"<p>Soft Focus Photoshop Action Create stunning soft focus effects on your photos with ease. All you need to do is brush the area you want to remain in focus and play the action. Each time you run the action you will get a unique result,\u00a0even if you use the same brushed area! TIP: If the [&hellip;]<\/p>\n","protected":false},"featured_media":17069,"comment_status":"open","ping_status":"closed","template":"","meta":{"site-sidebar-layout":"default","site-content-layout":"default","ast-site-content-layout":"default","site-content-style":"default","site-sidebar-style":"default","ast-global-header-display":"","ast-banner-title-visibility":"","ast-main-header-display":"","ast-hfb-above-header-display":"","ast-hfb-below-header-display":"","ast-hfb-mobile-header-display":"","site-post-title":"","ast-breadcrumbs-content":"","ast-featured-img":"","footer-sml-layout":"","ast-disable-related-posts":"","theme-transparent-header-meta":"default","adv-header-id-meta":"","stick-header-meta":"","header-above-stick-meta":"","header-main-stick-meta":"","header-below-stick-meta":"","astra-migrate-meta-layouts":"default","ast-page-background-enabled":"default","ast-page-background-meta":{"desktop":{"background-color":"","background-image":"","background-repeat":"repeat","background-position":"center center","background-size":"auto","background-attachment":"scroll","background-type":"","background-media":"","overlay-type":"","overlay-color":"","overlay-opacity":"","overlay-gradient":""},"tablet":{"background-color":"","background-image":"","background-repeat":"repeat","background-position":"center center","background-size":"auto","background-attachment":"scroll","background-type":"","background-media":"","overlay-type":"","overlay-color":"","overlay-opacity":"","overlay-gradient":""},"mobile":{"background-color":"","background-image":"","background-repeat":"repeat","background-position":"center center","background-size":"auto","background-attachment":"scroll","background-type":"","background-media":"","overlay-type":"","overlay-color":"","overlay-opacity":"","overlay-gradient":""}},"ast-content-background-meta":{"desktop":{"background-color":"var(--ast-global-color-5)","background-image":"","background-repeat":"repeat","background-position":"center center","background-size":"auto","background-attachment":"scroll","background-type":"","background-media":"","overlay-type":"","overlay-color":"","overlay-opacity":"","overlay-gradient":""},"tablet":{"background-color":"var(--ast-global-color-5)","background-image":"","background-repeat":"repeat","background-position":"center center","background-size":"auto","background-attachment":"scroll","background-type":"","background-media":"","overlay-type":"","overlay-color":"","overlay-opacity":"","overlay-gradient":""},"mobile":{"background-color":"var(--ast-global-color-5)","background-image":"","background-repeat":"repeat","background-position":"center center","background-size":"auto","background-attachment":"scroll","background-type":"","background-media":"","overlay-type":"","overlay-color":"","overlay-opacity":"","overlay-gradient":""}}},"product_brand":[],"product_cat":[196,15,144,145,195,146],"product_tag":[292,1386,531,1936,399,62,687],"class_list":{"0":"post-17058","1":"product","2":"type-product","3":"status-publish","4":"has-post-thumbnail","6":"product_cat-actions","7":"product_cat-photo","8":"product_cat-photo-editor","9":"product_cat-photography","10":"product_cat-photoshop","11":"product_cat-photoshop-action","12":"product_tag-action","13":"product_tag-adobe","14":"product_tag-cc","15":"product_tag-cs","16":"product_tag-focus","17":"product_tag-photoshop","18":"product_tag-soft","19":"desktop-align-left","20":"tablet-align-left","21":"mobile-align-left","23":"first","24":"instock","25":"sale","26":"downloadable","27":"virtual","28":"taxable","29":"purchasable","30":"product-type-simple"},"yoast_head":"<!-- This site is optimized with the Yoast SEO plugin v27.3 - https:\/\/yoast.com\/product\/yoast-seo-wordpress\/ -->\n<title>Soft Focus Photoshop Action - Graphimarket<\/title>\n<meta name=\"description\" content=\"Soft Focus Photoshop Action. Create stunning soft focus effects on your photos with ease. All you need to do is brush the area...\" \/>\n<meta name=\"robots\" content=\"index, follow, max-snippet:-1, max-image-preview:large, max-video-preview:-1\" \/>\n<link rel=\"canonical\" href=\"https:\/\/graphimarket.com\/pt\/prodotto\/soft-focus-photoshop-action\/\" \/>\n<meta property=\"og:locale\" content=\"pt_PT\" \/>\n<meta property=\"og:type\" content=\"article\" \/>\n<meta property=\"og:title\" content=\"Soft Focus Photoshop Action - Graphimarket\" \/>\n<meta property=\"og:description\" content=\"Soft Focus Photoshop Action. Create stunning soft focus effects on your photos with ease. All you need to do is brush the area...\" \/>\n<meta property=\"og:url\" content=\"https:\/\/graphimarket.com\/pt\/prodotto\/soft-focus-photoshop-action\/\" \/>\n<meta property=\"og:site_name\" content=\"Graphimarket\" \/>\n<meta property=\"article:modified_time\" content=\"2025-07-28T19:57:31+00:00\" \/>\n<meta property=\"og:image\" content=\"https:\/\/graphimarket.com\/wp-content\/uploads\/2021\/04\/11aaa.jpg\" \/>\n\t<meta property=\"og:image:width\" content=\"1380\" \/>\n\t<meta property=\"og:image:height\" content=\"1725\" \/>\n\t<meta property=\"og:image:type\" content=\"image\/jpeg\" \/>\n<meta name=\"twitter:card\" content=\"summary_large_image\" \/>\n<meta name=\"twitter:label1\" content=\"Est. reading time\" \/>\n\t<meta name=\"twitter:data1\" content=\"2 minutes\" \/>\n<script type=\"application\/ld+json\" class=\"yoast-schema-graph\">{\"@context\":\"https:\\\/\\\/schema.org\",\"@graph\":[{\"@type\":\"WebPage\",\"@id\":\"https:\\\/\\\/graphimarket.com\\\/it\\\/prodotto\\\/soft-focus-photoshop-action\\\/\",\"url\":\"https:\\\/\\\/graphimarket.com\\\/it\\\/prodotto\\\/soft-focus-photoshop-action\\\/\",\"name\":\"Soft Focus Photoshop Action - Graphimarket\",\"isPartOf\":{\"@id\":\"https:\\\/\\\/graphimarket.com\\\/fr\\\/#website\"},\"primaryImageOfPage\":{\"@id\":\"https:\\\/\\\/graphimarket.com\\\/it\\\/prodotto\\\/soft-focus-photoshop-action\\\/#primaryimage\"},\"image\":{\"@id\":\"https:\\\/\\\/graphimarket.com\\\/it\\\/prodotto\\\/soft-focus-photoshop-action\\\/#primaryimage\"},\"thumbnailUrl\":\"https:\\\/\\\/graphimarket.com\\\/wp-content\\\/uploads\\\/2021\\\/04\\\/11aaa.jpg\",\"datePublished\":\"2021-04-06T14:21:27+00:00\",\"dateModified\":\"2025-07-28T19:57:31+00:00\",\"description\":\"Soft Focus Photoshop Action. Create stunning soft focus effects on your photos with ease. All you need to do is brush the area...\",\"breadcrumb\":{\"@id\":\"https:\\\/\\\/graphimarket.com\\\/it\\\/prodotto\\\/soft-focus-photoshop-action\\\/#breadcrumb\"},\"inLanguage\":\"pt-PT\",\"potentialAction\":[{\"@type\":\"ReadAction\",\"target\":[\"https:\\\/\\\/graphimarket.com\\\/it\\\/prodotto\\\/soft-focus-photoshop-action\\\/\"]}]},{\"@type\":\"ImageObject\",\"inLanguage\":\"pt-PT\",\"@id\":\"https:\\\/\\\/graphimarket.com\\\/it\\\/prodotto\\\/soft-focus-photoshop-action\\\/#primaryimage\",\"url\":\"https:\\\/\\\/graphimarket.com\\\/wp-content\\\/uploads\\\/2021\\\/04\\\/11aaa.jpg\",\"contentUrl\":\"https:\\\/\\\/graphimarket.com\\\/wp-content\\\/uploads\\\/2021\\\/04\\\/11aaa.jpg\",\"width\":1380,\"height\":1725},{\"@type\":\"BreadcrumbList\",\"@id\":\"https:\\\/\\\/graphimarket.com\\\/it\\\/prodotto\\\/soft-focus-photoshop-action\\\/#breadcrumb\",\"itemListElement\":[{\"@type\":\"ListItem\",\"position\":1,\"name\":\"Home\",\"item\":\"https:\\\/\\\/graphimarket.com\\\/es\\\/\"},{\"@type\":\"ListItem\",\"position\":2,\"name\":\"Store\",\"item\":\"https:\\\/\\\/graphimarket.com\\\/store\\\/\"},{\"@type\":\"ListItem\",\"position\":3,\"name\":\"Soft Focus Photoshop Action\"}]},{\"@type\":\"WebSite\",\"@id\":\"https:\\\/\\\/graphimarket.com\\\/fr\\\/#website\",\"url\":\"https:\\\/\\\/graphimarket.com\\\/fr\\\/\",\"name\":\"Graphimarket\",\"description\":\"Find the perfect creative asset to bring your project to life\",\"publisher\":{\"@id\":\"https:\\\/\\\/graphimarket.com\\\/fr\\\/#organization\"},\"potentialAction\":[{\"@type\":\"SearchAction\",\"target\":{\"@type\":\"EntryPoint\",\"urlTemplate\":\"https:\\\/\\\/graphimarket.com\\\/fr\\\/?s={search_term_string}\"},\"query-input\":{\"@type\":\"PropertyValueSpecification\",\"valueRequired\":true,\"valueName\":\"search_term_string\"}}],\"inLanguage\":\"pt-PT\"},{\"@type\":\"Organization\",\"@id\":\"https:\\\/\\\/graphimarket.com\\\/fr\\\/#organization\",\"name\":\"Graphimarket\",\"url\":\"https:\\\/\\\/graphimarket.com\\\/fr\\\/\",\"logo\":{\"@type\":\"ImageObject\",\"inLanguage\":\"pt-PT\",\"@id\":\"https:\\\/\\\/graphimarket.com\\\/fr\\\/#\\\/schema\\\/logo\\\/image\\\/\",\"url\":\"https:\\\/\\\/graphimarket.com\\\/wp-content\\\/uploads\\\/2020\\\/08\\\/logo-48.png\",\"contentUrl\":\"https:\\\/\\\/graphimarket.com\\\/wp-content\\\/uploads\\\/2020\\\/08\\\/logo-48.png\",\"width\":132,\"height\":48,\"caption\":\"Graphimarket\"},\"image\":{\"@id\":\"https:\\\/\\\/graphimarket.com\\\/fr\\\/#\\\/schema\\\/logo\\\/image\\\/\"}}]}<\/script>\n<!-- \/ Yoast SEO plugin. -->","yoast_head_json":{"title":"Soft Focus Photoshop Action - Graphimarket","description":"Soft Focus Photoshop Action. Create stunning soft focus effects on your photos with ease. All you need to do is brush the area...","robots":{"index":"index","follow":"follow","max-snippet":"max-snippet:-1","max-image-preview":"max-image-preview:large","max-video-preview":"max-video-preview:-1"},"canonical":"https:\/\/graphimarket.com\/pt\/prodotto\/soft-focus-photoshop-action\/","og_locale":"pt_PT","og_type":"article","og_title":"Soft Focus Photoshop Action - Graphimarket","og_description":"Soft Focus Photoshop Action. Create stunning soft focus effects on your photos with ease. All you need to do is brush the area...","og_url":"https:\/\/graphimarket.com\/pt\/prodotto\/soft-focus-photoshop-action\/","og_site_name":"Graphimarket","article_modified_time":"2025-07-28T19:57:31+00:00","og_image":[{"width":1380,"height":1725,"url":"https:\/\/graphimarket.com\/wp-content\/uploads\/2021\/04\/11aaa.jpg","type":"image\/jpeg"}],"twitter_card":"summary_large_image","twitter_misc":{"Est. reading time":"2 minutes"},"schema":{"@context":"https:\/\/schema.org","@graph":[{"@type":"WebPage","@id":"https:\/\/graphimarket.com\/it\/prodotto\/soft-focus-photoshop-action\/","url":"https:\/\/graphimarket.com\/it\/prodotto\/soft-focus-photoshop-action\/","name":"Soft Focus Photoshop Action - Graphimarket","isPartOf":{"@id":"https:\/\/graphimarket.com\/fr\/#website"},"primaryImageOfPage":{"@id":"https:\/\/graphimarket.com\/it\/prodotto\/soft-focus-photoshop-action\/#primaryimage"},"image":{"@id":"https:\/\/graphimarket.com\/it\/prodotto\/soft-focus-photoshop-action\/#primaryimage"},"thumbnailUrl":"https:\/\/graphimarket.com\/wp-content\/uploads\/2021\/04\/11aaa.jpg","datePublished":"2021-04-06T14:21:27+00:00","dateModified":"2025-07-28T19:57:31+00:00","description":"Soft Focus Photoshop Action. Create stunning soft focus effects on your photos with ease. All you need to do is brush the area...","breadcrumb":{"@id":"https:\/\/graphimarket.com\/it\/prodotto\/soft-focus-photoshop-action\/#breadcrumb"},"inLanguage":"pt-PT","potentialAction":[{"@type":"ReadAction","target":["https:\/\/graphimarket.com\/it\/prodotto\/soft-focus-photoshop-action\/"]}]},{"@type":"ImageObject","inLanguage":"pt-PT","@id":"https:\/\/graphimarket.com\/it\/prodotto\/soft-focus-photoshop-action\/#primaryimage","url":"https:\/\/graphimarket.com\/wp-content\/uploads\/2021\/04\/11aaa.jpg","contentUrl":"https:\/\/graphimarket.com\/wp-content\/uploads\/2021\/04\/11aaa.jpg","width":1380,"height":1725},{"@type":"BreadcrumbList","@id":"https:\/\/graphimarket.com\/it\/prodotto\/soft-focus-photoshop-action\/#breadcrumb","itemListElement":[{"@type":"ListItem","position":1,"name":"Home","item":"https:\/\/graphimarket.com\/es\/"},{"@type":"ListItem","position":2,"name":"Store","item":"https:\/\/graphimarket.com\/store\/"},{"@type":"ListItem","position":3,"name":"Soft Focus Photoshop Action"}]},{"@type":"WebSite","@id":"https:\/\/graphimarket.com\/fr\/#website","url":"https:\/\/graphimarket.com\/fr\/","name":"Graphimarket","description":"Encontre o ativo criativo perfeito para dar vida ao seu projeto","publisher":{"@id":"https:\/\/graphimarket.com\/fr\/#organization"},"potentialAction":[{"@type":"SearchAction","target":{"@type":"EntryPoint","urlTemplate":"https:\/\/graphimarket.com\/fr\/?s={search_term_string}"},"query-input":{"@type":"PropertyValueSpecification","valueRequired":true,"valueName":"search_term_string"}}],"inLanguage":"pt-PT"},{"@type":"Organization","@id":"https:\/\/graphimarket.com\/fr\/#organization","name":"Graphimarket","url":"https:\/\/graphimarket.com\/fr\/","logo":{"@type":"ImageObject","inLanguage":"pt-PT","@id":"https:\/\/graphimarket.com\/fr\/#\/schema\/logo\/image\/","url":"https:\/\/graphimarket.com\/wp-content\/uploads\/2020\/08\/logo-48.png","contentUrl":"https:\/\/graphimarket.com\/wp-content\/uploads\/2020\/08\/logo-48.png","width":132,"height":48,"caption":"Graphimarket"},"image":{"@id":"https:\/\/graphimarket.com\/fr\/#\/schema\/logo\/image\/"}}]}},"_links":{"self":[{"href":"http:\/\/graphimarket.com\/pt\/wp-json\/wp\/v2\/product\/17058","targetHints":{"allow":["GET"]}}],"collection":[{"href":"http:\/\/graphimarket.com\/pt\/wp-json\/wp\/v2\/product"}],"about":[{"href":"http:\/\/graphimarket.com\/pt\/wp-json\/wp\/v2\/types\/product"}],"replies":[{"embeddable":true,"href":"http:\/\/graphimarket.com\/pt\/wp-json\/wp\/v2\/comments?post=17058"}],"version-history":[{"count":0,"href":"http:\/\/graphimarket.com\/pt\/wp-json\/wp\/v2\/product\/17058\/revisions"}],"wp:featuredmedia":[{"embeddable":true,"href":"http:\/\/graphimarket.com\/pt\/wp-json\/wp\/v2\/media\/17069"}],"wp:attachment":[{"href":"http:\/\/graphimarket.com\/pt\/wp-json\/wp\/v2\/media?parent=17058"}],"wp:term":[{"taxonomy":"product_brand","embeddable":true,"href":"http:\/\/graphimarket.com\/pt\/wp-json\/wp\/v2\/product_brand?post=17058"},{"taxonomy":"product_cat","embeddable":true,"href":"http:\/\/graphimarket.com\/pt\/wp-json\/wp\/v2\/product_cat?post=17058"},{"taxonomy":"product_tag","embeddable":true,"href":"http:\/\/graphimarket.com\/pt\/wp-json\/wp\/v2\/product_tag?post=17058"}],"curies":[{"name":"wp","href":"https:\/\/api.w.org\/{rel}","templated":true}]}}