{"id":17141,"date":"2021-04-08T16:54:38","date_gmt":"2021-04-08T14:54:38","guid":{"rendered":"https:\/\/graphimarket.com\/?post_type=product&#038;p=17141"},"modified":"2024-02-09T19:23:54","modified_gmt":"2024-02-09T18:23:54","slug":"oil-paint-photoshop-action","status":"publish","type":"product","link":"http:\/\/graphimarket.com\/pt\/product\/oil-paint-photoshop-action\/","title":{"rendered":"A\u00e7\u00e3o de pintura a \u00f3leo no Photoshop"},"content":{"rendered":"<p><strong>Oil Painting PS Action\u00a0<\/strong><\/p>\n<p>Just install and hit the play button for awesome Portrait Oil Painting Effect. This action will support Photoshop versions (CC, CC2015.5, CC2017 &amp; CC2018, CC2019+ ). You will get dramatic oil, oily, painting oil, glamour oil, portrait oil &amp; oil retouch effect from the action. The action is very creative and professional.<\/p>\n<p>&nbsp;<\/p>\n<ul>\n<li>One click to apply an amazing effects on your photo<\/li>\n<li>Clean actions, Clean work<\/li>\n<li>Total 10 Action effects<\/li>\n<li>Recommended image size ( 900px to 2000px )<\/li>\n<li>Resolution 72 or 300 DPI<\/li>\n<li>HDR, Art Effect, Cartoon Effect, Oily Effect, Retouch &amp; Dramatic Effect<\/li>\n<li>Need oil paint plug-in<\/li>\n<li>Help file included<\/li>\n<li>ATN file included<\/li>\n<\/ul>\n<div class=\"code-block code-block-13\"><\/div>\n<p><img fetchpriority=\"high\" decoding=\"async\" class=\"alignnone size-full wp-image-17143\" src=\"https:\/\/graphimarket.com\/wp-content\/uploads\/2021\/04\/33-scaled.jpg\" alt=\"\" width=\"2560\" height=\"1707\" srcset=\"https:\/\/graphimarket.com\/wp-content\/uploads\/2021\/04\/33-scaled.jpg 2560w, https:\/\/graphimarket.com\/wp-content\/uploads\/2021\/04\/33-300x200.jpg 300w, https:\/\/graphimarket.com\/wp-content\/uploads\/2021\/04\/33-1024x683.jpg 1024w, https:\/\/graphimarket.com\/wp-content\/uploads\/2021\/04\/33-768x512.jpg 768w, https:\/\/graphimarket.com\/wp-content\/uploads\/2021\/04\/33-1536x1024.jpg 1536w, https:\/\/graphimarket.com\/wp-content\/uploads\/2021\/04\/33-2048x1365.jpg 2048w, https:\/\/graphimarket.com\/wp-content\/uploads\/2021\/04\/33-16x12.jpg 16w, https:\/\/graphimarket.com\/wp-content\/uploads\/2021\/04\/33-1320x880.jpg 1320w, https:\/\/graphimarket.com\/wp-content\/uploads\/2021\/04\/33-600x400.jpg 600w\" sizes=\"(max-width: 2560px) 100vw, 2560px\" \/> <img decoding=\"async\" class=\"alignnone size-full wp-image-17144\" src=\"https:\/\/graphimarket.com\/wp-content\/uploads\/2021\/04\/38.jpg\" alt=\"\" width=\"2380\" height=\"1587\" srcset=\"https:\/\/graphimarket.com\/wp-content\/uploads\/2021\/04\/38.jpg 2380w, https:\/\/graphimarket.com\/wp-content\/uploads\/2021\/04\/38-300x200.jpg 300w, https:\/\/graphimarket.com\/wp-content\/uploads\/2021\/04\/38-1024x683.jpg 1024w, https:\/\/graphimarket.com\/wp-content\/uploads\/2021\/04\/38-768x512.jpg 768w, https:\/\/graphimarket.com\/wp-content\/uploads\/2021\/04\/38-1536x1024.jpg 1536w, https:\/\/graphimarket.com\/wp-content\/uploads\/2021\/04\/38-2048x1366.jpg 2048w, https:\/\/graphimarket.com\/wp-content\/uploads\/2021\/04\/38-16x12.jpg 16w, https:\/\/graphimarket.com\/wp-content\/uploads\/2021\/04\/38-1320x880.jpg 1320w, https:\/\/graphimarket.com\/wp-content\/uploads\/2021\/04\/38-600x400.jpg 600w\" sizes=\"(max-width: 2380px) 100vw, 2380px\" \/> <img decoding=\"async\" class=\"alignnone size-full wp-image-17145\" src=\"https:\/\/graphimarket.com\/wp-content\/uploads\/2021\/04\/41.jpg\" alt=\"\" width=\"2380\" height=\"1586\" srcset=\"https:\/\/graphimarket.com\/wp-content\/uploads\/2021\/04\/41.jpg 2380w, https:\/\/graphimarket.com\/wp-content\/uploads\/2021\/04\/41-300x200.jpg 300w, https:\/\/graphimarket.com\/wp-content\/uploads\/2021\/04\/41-1024x682.jpg 1024w, https:\/\/graphimarket.com\/wp-content\/uploads\/2021\/04\/41-768x512.jpg 768w, https:\/\/graphimarket.com\/wp-content\/uploads\/2021\/04\/41-1536x1024.jpg 1536w, https:\/\/graphimarket.com\/wp-content\/uploads\/2021\/04\/41-2048x1365.jpg 2048w, https:\/\/graphimarket.com\/wp-content\/uploads\/2021\/04\/41-16x12.jpg 16w, https:\/\/graphimarket.com\/wp-content\/uploads\/2021\/04\/41-1320x880.jpg 1320w, https:\/\/graphimarket.com\/wp-content\/uploads\/2021\/04\/41-600x400.jpg 600w\" sizes=\"(max-width: 2380px) 100vw, 2380px\" \/> <img loading=\"lazy\" decoding=\"async\" class=\"alignnone size-full wp-image-17146\" src=\"https:\/\/graphimarket.com\/wp-content\/uploads\/2021\/04\/Balloon.jpg\" alt=\"\" width=\"1932\" height=\"1086\" srcset=\"https:\/\/graphimarket.com\/wp-content\/uploads\/2021\/04\/Balloon.jpg 1932w, https:\/\/graphimarket.com\/wp-content\/uploads\/2021\/04\/Balloon-300x169.jpg 300w, https:\/\/graphimarket.com\/wp-content\/uploads\/2021\/04\/Balloon-1024x576.jpg 1024w, https:\/\/graphimarket.com\/wp-content\/uploads\/2021\/04\/Balloon-768x432.jpg 768w, https:\/\/graphimarket.com\/wp-content\/uploads\/2021\/04\/Balloon-1536x863.jpg 1536w, https:\/\/graphimarket.com\/wp-content\/uploads\/2021\/04\/Balloon-16x9.jpg 16w, https:\/\/graphimarket.com\/wp-content\/uploads\/2021\/04\/Balloon-1320x742.jpg 1320w, https:\/\/graphimarket.com\/wp-content\/uploads\/2021\/04\/Balloon-600x337.jpg 600w\" sizes=\"(max-width: 1932px) 100vw, 1932px\" \/> <img loading=\"lazy\" decoding=\"async\" class=\"alignnone size-full wp-image-17147\" src=\"https:\/\/graphimarket.com\/wp-content\/uploads\/2021\/04\/BikeWall.jpg\" alt=\"\" width=\"1725\" height=\"2299\" srcset=\"https:\/\/graphimarket.com\/wp-content\/uploads\/2021\/04\/BikeWall.jpg 1725w, https:\/\/graphimarket.com\/wp-content\/uploads\/2021\/04\/BikeWall-225x300.jpg 225w, https:\/\/graphimarket.com\/wp-content\/uploads\/2021\/04\/BikeWall-768x1024.jpg 768w, https:\/\/graphimarket.com\/wp-content\/uploads\/2021\/04\/BikeWall-1153x1536.jpg 1153w, https:\/\/graphimarket.com\/wp-content\/uploads\/2021\/04\/BikeWall-1537x2048.jpg 1537w, https:\/\/graphimarket.com\/wp-content\/uploads\/2021\/04\/BikeWall-9x12.jpg 9w, https:\/\/graphimarket.com\/wp-content\/uploads\/2021\/04\/BikeWall-1320x1759.jpg 1320w, https:\/\/graphimarket.com\/wp-content\/uploads\/2021\/04\/BikeWall-600x800.jpg 600w\" sizes=\"(max-width: 1725px) 100vw, 1725px\" \/> <img loading=\"lazy\" decoding=\"async\" class=\"alignnone size-full wp-image-17148\" src=\"https:\/\/graphimarket.com\/wp-content\/uploads\/2021\/04\/Car.jpg\" alt=\"\" width=\"2299\" height=\"1533\" srcset=\"https:\/\/graphimarket.com\/wp-content\/uploads\/2021\/04\/Car.jpg 2299w, https:\/\/graphimarket.com\/wp-content\/uploads\/2021\/04\/Car-300x200.jpg 300w, https:\/\/graphimarket.com\/wp-content\/uploads\/2021\/04\/Car-1024x683.jpg 1024w, https:\/\/graphimarket.com\/wp-content\/uploads\/2021\/04\/Car-768x512.jpg 768w, https:\/\/graphimarket.com\/wp-content\/uploads\/2021\/04\/Car-1536x1024.jpg 1536w, https:\/\/graphimarket.com\/wp-content\/uploads\/2021\/04\/Car-2048x1366.jpg 2048w, https:\/\/graphimarket.com\/wp-content\/uploads\/2021\/04\/Car-16x12.jpg 16w, https:\/\/graphimarket.com\/wp-content\/uploads\/2021\/04\/Car-1320x880.jpg 1320w, https:\/\/graphimarket.com\/wp-content\/uploads\/2021\/04\/Car-600x400.jpg 600w\" sizes=\"(max-width: 2299px) 100vw, 2299px\" \/> <img loading=\"lazy\" decoding=\"async\" class=\"alignnone size-full wp-image-17149\" src=\"https:\/\/graphimarket.com\/wp-content\/uploads\/2021\/04\/ChinaTown.jpg\" alt=\"\" width=\"2277\" height=\"1520\" srcset=\"https:\/\/graphimarket.com\/wp-content\/uploads\/2021\/04\/ChinaTown.jpg 2277w, https:\/\/graphimarket.com\/wp-content\/uploads\/2021\/04\/ChinaTown-300x200.jpg 300w, https:\/\/graphimarket.com\/wp-content\/uploads\/2021\/04\/ChinaTown-1024x684.jpg 1024w, https:\/\/graphimarket.com\/wp-content\/uploads\/2021\/04\/ChinaTown-768x513.jpg 768w, https:\/\/graphimarket.com\/wp-content\/uploads\/2021\/04\/ChinaTown-1536x1025.jpg 1536w, https:\/\/graphimarket.com\/wp-content\/uploads\/2021\/04\/ChinaTown-2048x1367.jpg 2048w, https:\/\/graphimarket.com\/wp-content\/uploads\/2021\/04\/ChinaTown-16x12.jpg 16w, https:\/\/graphimarket.com\/wp-content\/uploads\/2021\/04\/ChinaTown-1320x881.jpg 1320w, https:\/\/graphimarket.com\/wp-content\/uploads\/2021\/04\/ChinaTown-600x401.jpg 600w\" sizes=\"(max-width: 2277px) 100vw, 2277px\" \/> <img loading=\"lazy\" decoding=\"async\" class=\"alignnone size-full wp-image-17150\" src=\"https:\/\/graphimarket.com\/wp-content\/uploads\/2021\/04\/Creek.jpg\" alt=\"\" width=\"2380\" height=\"1587\" srcset=\"https:\/\/graphimarket.com\/wp-content\/uploads\/2021\/04\/Creek.jpg 2380w, https:\/\/graphimarket.com\/wp-content\/uploads\/2021\/04\/Creek-300x200.jpg 300w, https:\/\/graphimarket.com\/wp-content\/uploads\/2021\/04\/Creek-1024x683.jpg 1024w, https:\/\/graphimarket.com\/wp-content\/uploads\/2021\/04\/Creek-768x512.jpg 768w, https:\/\/graphimarket.com\/wp-content\/uploads\/2021\/04\/Creek-1536x1024.jpg 1536w, https:\/\/graphimarket.com\/wp-content\/uploads\/2021\/04\/Creek-2048x1366.jpg 2048w, https:\/\/graphimarket.com\/wp-content\/uploads\/2021\/04\/Creek-16x12.jpg 16w, https:\/\/graphimarket.com\/wp-content\/uploads\/2021\/04\/Creek-1320x880.jpg 1320w, https:\/\/graphimarket.com\/wp-content\/uploads\/2021\/04\/Creek-600x400.jpg 600w\" sizes=\"(max-width: 2380px) 100vw, 2380px\" \/> <img loading=\"lazy\" decoding=\"async\" class=\"alignnone size-full wp-image-17151\" src=\"https:\/\/graphimarket.com\/wp-content\/uploads\/2021\/04\/19-2.jpg\" alt=\"\" width=\"1530\" height=\"2299\" srcset=\"https:\/\/graphimarket.com\/wp-content\/uploads\/2021\/04\/19-2.jpg 1530w, https:\/\/graphimarket.com\/wp-content\/uploads\/2021\/04\/19-2-200x300.jpg 200w, https:\/\/graphimarket.com\/wp-content\/uploads\/2021\/04\/19-2-681x1024.jpg 681w, https:\/\/graphimarket.com\/wp-content\/uploads\/2021\/04\/19-2-768x1154.jpg 768w, https:\/\/graphimarket.com\/wp-content\/uploads\/2021\/04\/19-2-1022x1536.jpg 1022w, https:\/\/graphimarket.com\/wp-content\/uploads\/2021\/04\/19-2-1363x2048.jpg 1363w, https:\/\/graphimarket.com\/wp-content\/uploads\/2021\/04\/19-2-8x12.jpg 8w, https:\/\/graphimarket.com\/wp-content\/uploads\/2021\/04\/19-2-1320x1983.jpg 1320w, https:\/\/graphimarket.com\/wp-content\/uploads\/2021\/04\/19-2-600x902.jpg 600w\" sizes=\"(max-width: 1530px) 100vw, 1530px\" \/> <img loading=\"lazy\" decoding=\"async\" class=\"alignnone size-full wp-image-17152\" src=\"https:\/\/graphimarket.com\/wp-content\/uploads\/2021\/04\/26-2.jpg\" alt=\"\" width=\"2299\" height=\"1533\" srcset=\"https:\/\/graphimarket.com\/wp-content\/uploads\/2021\/04\/26-2.jpg 2299w, https:\/\/graphimarket.com\/wp-content\/uploads\/2021\/04\/26-2-300x200.jpg 300w, https:\/\/graphimarket.com\/wp-content\/uploads\/2021\/04\/26-2-1024x683.jpg 1024w, https:\/\/graphimarket.com\/wp-content\/uploads\/2021\/04\/26-2-768x512.jpg 768w, https:\/\/graphimarket.com\/wp-content\/uploads\/2021\/04\/26-2-1536x1024.jpg 1536w, https:\/\/graphimarket.com\/wp-content\/uploads\/2021\/04\/26-2-2048x1366.jpg 2048w, https:\/\/graphimarket.com\/wp-content\/uploads\/2021\/04\/26-2-16x12.jpg 16w, https:\/\/graphimarket.com\/wp-content\/uploads\/2021\/04\/26-2-1320x880.jpg 1320w, https:\/\/graphimarket.com\/wp-content\/uploads\/2021\/04\/26-2-600x400.jpg 600w\" sizes=\"(max-width: 2299px) 100vw, 2299px\" \/> <img loading=\"lazy\" decoding=\"async\" class=\"alignnone size-full wp-image-17153\" src=\"https:\/\/graphimarket.com\/wp-content\/uploads\/2021\/04\/28-2.jpg\" alt=\"\" width=\"2299\" height=\"1533\" srcset=\"https:\/\/graphimarket.com\/wp-content\/uploads\/2021\/04\/28-2.jpg 2299w, https:\/\/graphimarket.com\/wp-content\/uploads\/2021\/04\/28-2-300x200.jpg 300w, https:\/\/graphimarket.com\/wp-content\/uploads\/2021\/04\/28-2-1024x683.jpg 1024w, https:\/\/graphimarket.com\/wp-content\/uploads\/2021\/04\/28-2-768x512.jpg 768w, https:\/\/graphimarket.com\/wp-content\/uploads\/2021\/04\/28-2-1536x1024.jpg 1536w, https:\/\/graphimarket.com\/wp-content\/uploads\/2021\/04\/28-2-2048x1366.jpg 2048w, https:\/\/graphimarket.com\/wp-content\/uploads\/2021\/04\/28-2-16x12.jpg 16w, https:\/\/graphimarket.com\/wp-content\/uploads\/2021\/04\/28-2-1320x880.jpg 1320w, https:\/\/graphimarket.com\/wp-content\/uploads\/2021\/04\/28-2-600x400.jpg 600w\" sizes=\"(max-width: 2299px) 100vw, 2299px\" \/><\/p>","protected":false},"excerpt":{"rendered":"<p>Oil Painting PS Action\u00a0 Just install and hit the play button for awesome Portrait Oil Painting Effect. This action will support Photoshop versions (CC, CC2015.5, CC2017 &amp; CC2018, CC2019+ ). You will get dramatic oil, oily, painting oil, glamour oil, portrait oil &amp; oil retouch effect from the action. The action is very creative and [&hellip;]<\/p>\n","protected":false},"featured_media":17152,"comment_status":"open","ping_status":"closed","template":"","meta":{"site-sidebar-layout":"default","site-content-layout":"default","ast-site-content-layout":"default","site-content-style":"default","site-sidebar-style":"default","ast-global-header-display":"","ast-banner-title-visibility":"","ast-main-header-display":"","ast-hfb-above-header-display":"","ast-hfb-below-header-display":"","ast-hfb-mobile-header-display":"","site-post-title":"","ast-breadcrumbs-content":"","ast-featured-img":"","footer-sml-layout":"","ast-disable-related-posts":"","theme-transparent-header-meta":"default","adv-header-id-meta":"","stick-header-meta":"","header-above-stick-meta":"","header-main-stick-meta":"","header-below-stick-meta":"","astra-migrate-meta-layouts":"default","ast-page-background-enabled":"default","ast-page-background-meta":{"desktop":{"background-color":"","background-image":"","background-repeat":"repeat","background-position":"center center","background-size":"auto","background-attachment":"scroll","background-type":"","background-media":"","overlay-type":"","overlay-color":"","overlay-opacity":"","overlay-gradient":""},"tablet":{"background-color":"","background-image":"","background-repeat":"repeat","background-position":"center center","background-size":"auto","background-attachment":"scroll","background-type":"","background-media":"","overlay-type":"","overlay-color":"","overlay-opacity":"","overlay-gradient":""},"mobile":{"background-color":"","background-image":"","background-repeat":"repeat","background-position":"center center","background-size":"auto","background-attachment":"scroll","background-type":"","background-media":"","overlay-type":"","overlay-color":"","overlay-opacity":"","overlay-gradient":""}},"ast-content-background-meta":{"desktop":{"background-color":"var(--ast-global-color-5)","background-image":"","background-repeat":"repeat","background-position":"center center","background-size":"auto","background-attachment":"scroll","background-type":"","background-media":"","overlay-type":"","overlay-color":"","overlay-opacity":"","overlay-gradient":""},"tablet":{"background-color":"var(--ast-global-color-5)","background-image":"","background-repeat":"repeat","background-position":"center center","background-size":"auto","background-attachment":"scroll","background-type":"","background-media":"","overlay-type":"","overlay-color":"","overlay-opacity":"","overlay-gradient":""},"mobile":{"background-color":"var(--ast-global-color-5)","background-image":"","background-repeat":"repeat","background-position":"center center","background-size":"auto","background-attachment":"scroll","background-type":"","background-media":"","overlay-type":"","overlay-color":"","overlay-opacity":"","overlay-gradient":""}}},"product_brand":[],"product_cat":[196,15,144,145,195,146],"product_tag":[292,1386,531,1936,562,269,62,240],"class_list":{"0":"post-17141","1":"product","2":"type-product","3":"status-publish","4":"has-post-thumbnail","6":"product_cat-actions","7":"product_cat-photo","8":"product_cat-photo-editor","9":"product_cat-photography","10":"product_cat-photoshop","11":"product_cat-photoshop-action","12":"product_tag-action","13":"product_tag-adobe","14":"product_tag-cc","15":"product_tag-cs","16":"product_tag-oil","17":"product_tag-painting","18":"product_tag-photoshop","19":"product_tag-ps","20":"desktop-align-left","21":"tablet-align-left","22":"mobile-align-left","24":"first","25":"instock","26":"sale","27":"downloadable","28":"virtual","29":"taxable","30":"purchasable","31":"product-type-simple"},"yoast_head":"<!-- This site is optimized with the Yoast SEO plugin v27.3 - https:\/\/yoast.com\/product\/yoast-seo-wordpress\/ -->\n<title>Oil Paint Photoshop Action - Graphimarket<\/title>\n<meta name=\"description\" content=\"Oil Painting PS Action\u00a0Just install and hit the play button for awesome Portrait Oil Painting Effect. This action will support...\" \/>\n<meta name=\"robots\" content=\"index, follow, max-snippet:-1, max-image-preview:large, max-video-preview:-1\" \/>\n<link rel=\"canonical\" href=\"https:\/\/graphimarket.com\/pt\/product\/oil-paint-photoshop-action\/\" \/>\n<meta property=\"og:locale\" content=\"pt_PT\" \/>\n<meta property=\"og:type\" content=\"article\" \/>\n<meta property=\"og:title\" content=\"Oil Paint Photoshop Action - Graphimarket\" \/>\n<meta property=\"og:description\" content=\"Oil Painting PS Action\u00a0Just install and hit the play button for awesome Portrait Oil Painting Effect. This action will support...\" \/>\n<meta property=\"og:url\" content=\"https:\/\/graphimarket.com\/pt\/product\/oil-paint-photoshop-action\/\" \/>\n<meta property=\"og:site_name\" content=\"Graphimarket\" \/>\n<meta property=\"article:modified_time\" content=\"2024-02-09T18:23:54+00:00\" \/>\n<meta property=\"og:image\" content=\"https:\/\/graphimarket.com\/wp-content\/uploads\/2021\/04\/26-2.jpg\" \/>\n\t<meta property=\"og:image:width\" content=\"2299\" \/>\n\t<meta property=\"og:image:height\" content=\"1533\" \/>\n\t<meta property=\"og:image:type\" content=\"image\/jpeg\" \/>\n<meta name=\"twitter:card\" content=\"summary_large_image\" \/>\n<meta name=\"twitter:label1\" content=\"Est. reading time\" \/>\n\t<meta name=\"twitter:data1\" content=\"1 minute\" \/>\n<script type=\"application\/ld+json\" class=\"yoast-schema-graph\">{\"@context\":\"https:\\\/\\\/schema.org\",\"@graph\":[{\"@type\":\"WebPage\",\"@id\":\"https:\\\/\\\/graphimarket.com\\\/product\\\/oil-paint-photoshop-action\\\/\",\"url\":\"https:\\\/\\\/graphimarket.com\\\/product\\\/oil-paint-photoshop-action\\\/\",\"name\":\"Oil Paint Photoshop Action - Graphimarket\",\"isPartOf\":{\"@id\":\"https:\\\/\\\/graphimarket.com\\\/fr\\\/#website\"},\"primaryImageOfPage\":{\"@id\":\"https:\\\/\\\/graphimarket.com\\\/product\\\/oil-paint-photoshop-action\\\/#primaryimage\"},\"image\":{\"@id\":\"https:\\\/\\\/graphimarket.com\\\/product\\\/oil-paint-photoshop-action\\\/#primaryimage\"},\"thumbnailUrl\":\"https:\\\/\\\/graphimarket.com\\\/wp-content\\\/uploads\\\/2021\\\/04\\\/26-2.jpg\",\"datePublished\":\"2021-04-08T14:54:38+00:00\",\"dateModified\":\"2024-02-09T18:23:54+00:00\",\"description\":\"Oil Painting PS Action\u00a0Just install and hit the play button for awesome Portrait Oil Painting Effect. This action will support...\",\"breadcrumb\":{\"@id\":\"https:\\\/\\\/graphimarket.com\\\/product\\\/oil-paint-photoshop-action\\\/#breadcrumb\"},\"inLanguage\":\"pt-PT\",\"potentialAction\":[{\"@type\":\"ReadAction\",\"target\":[\"https:\\\/\\\/graphimarket.com\\\/product\\\/oil-paint-photoshop-action\\\/\"]}]},{\"@type\":\"ImageObject\",\"inLanguage\":\"pt-PT\",\"@id\":\"https:\\\/\\\/graphimarket.com\\\/product\\\/oil-paint-photoshop-action\\\/#primaryimage\",\"url\":\"https:\\\/\\\/graphimarket.com\\\/wp-content\\\/uploads\\\/2021\\\/04\\\/26-2.jpg\",\"contentUrl\":\"https:\\\/\\\/graphimarket.com\\\/wp-content\\\/uploads\\\/2021\\\/04\\\/26-2.jpg\",\"width\":2299,\"height\":1533},{\"@type\":\"BreadcrumbList\",\"@id\":\"https:\\\/\\\/graphimarket.com\\\/product\\\/oil-paint-photoshop-action\\\/#breadcrumb\",\"itemListElement\":[{\"@type\":\"ListItem\",\"position\":1,\"name\":\"Home\",\"item\":\"https:\\\/\\\/graphimarket.com\\\/es\\\/\"},{\"@type\":\"ListItem\",\"position\":2,\"name\":\"Store\",\"item\":\"https:\\\/\\\/graphimarket.com\\\/store\\\/\"},{\"@type\":\"ListItem\",\"position\":3,\"name\":\"Oil Paint Photoshop Action\"}]},{\"@type\":\"WebSite\",\"@id\":\"https:\\\/\\\/graphimarket.com\\\/fr\\\/#website\",\"url\":\"https:\\\/\\\/graphimarket.com\\\/fr\\\/\",\"name\":\"Graphimarket\",\"description\":\"Find the perfect creative asset to bring your project to life\",\"publisher\":{\"@id\":\"https:\\\/\\\/graphimarket.com\\\/fr\\\/#organization\"},\"potentialAction\":[{\"@type\":\"SearchAction\",\"target\":{\"@type\":\"EntryPoint\",\"urlTemplate\":\"https:\\\/\\\/graphimarket.com\\\/fr\\\/?s={search_term_string}\"},\"query-input\":{\"@type\":\"PropertyValueSpecification\",\"valueRequired\":true,\"valueName\":\"search_term_string\"}}],\"inLanguage\":\"pt-PT\"},{\"@type\":\"Organization\",\"@id\":\"https:\\\/\\\/graphimarket.com\\\/fr\\\/#organization\",\"name\":\"Graphimarket\",\"url\":\"https:\\\/\\\/graphimarket.com\\\/fr\\\/\",\"logo\":{\"@type\":\"ImageObject\",\"inLanguage\":\"pt-PT\",\"@id\":\"https:\\\/\\\/graphimarket.com\\\/fr\\\/#\\\/schema\\\/logo\\\/image\\\/\",\"url\":\"https:\\\/\\\/graphimarket.com\\\/wp-content\\\/uploads\\\/2020\\\/08\\\/logo-48.png\",\"contentUrl\":\"https:\\\/\\\/graphimarket.com\\\/wp-content\\\/uploads\\\/2020\\\/08\\\/logo-48.png\",\"width\":132,\"height\":48,\"caption\":\"Graphimarket\"},\"image\":{\"@id\":\"https:\\\/\\\/graphimarket.com\\\/fr\\\/#\\\/schema\\\/logo\\\/image\\\/\"}}]}<\/script>\n<!-- \/ Yoast SEO plugin. -->","yoast_head_json":{"title":"Oil Paint Photoshop Action - Graphimarket","description":"Oil Painting PS Action\u00a0Just install and hit the play button for awesome Portrait Oil Painting Effect. This action will support...","robots":{"index":"index","follow":"follow","max-snippet":"max-snippet:-1","max-image-preview":"max-image-preview:large","max-video-preview":"max-video-preview:-1"},"canonical":"https:\/\/graphimarket.com\/pt\/product\/oil-paint-photoshop-action\/","og_locale":"pt_PT","og_type":"article","og_title":"Oil Paint Photoshop Action - Graphimarket","og_description":"Oil Painting PS Action\u00a0Just install and hit the play button for awesome Portrait Oil Painting Effect. This action will support...","og_url":"https:\/\/graphimarket.com\/pt\/product\/oil-paint-photoshop-action\/","og_site_name":"Graphimarket","article_modified_time":"2024-02-09T18:23:54+00:00","og_image":[{"width":2299,"height":1533,"url":"https:\/\/graphimarket.com\/wp-content\/uploads\/2021\/04\/26-2.jpg","type":"image\/jpeg"}],"twitter_card":"summary_large_image","twitter_misc":{"Est. reading time":"1 minute"},"schema":{"@context":"https:\/\/schema.org","@graph":[{"@type":"WebPage","@id":"https:\/\/graphimarket.com\/product\/oil-paint-photoshop-action\/","url":"https:\/\/graphimarket.com\/product\/oil-paint-photoshop-action\/","name":"Oil Paint Photoshop Action - Graphimarket","isPartOf":{"@id":"https:\/\/graphimarket.com\/fr\/#website"},"primaryImageOfPage":{"@id":"https:\/\/graphimarket.com\/product\/oil-paint-photoshop-action\/#primaryimage"},"image":{"@id":"https:\/\/graphimarket.com\/product\/oil-paint-photoshop-action\/#primaryimage"},"thumbnailUrl":"https:\/\/graphimarket.com\/wp-content\/uploads\/2021\/04\/26-2.jpg","datePublished":"2021-04-08T14:54:38+00:00","dateModified":"2024-02-09T18:23:54+00:00","description":"Oil Painting PS Action\u00a0Just install and hit the play button for awesome Portrait Oil Painting Effect. This action will support...","breadcrumb":{"@id":"https:\/\/graphimarket.com\/product\/oil-paint-photoshop-action\/#breadcrumb"},"inLanguage":"pt-PT","potentialAction":[{"@type":"ReadAction","target":["https:\/\/graphimarket.com\/product\/oil-paint-photoshop-action\/"]}]},{"@type":"ImageObject","inLanguage":"pt-PT","@id":"https:\/\/graphimarket.com\/product\/oil-paint-photoshop-action\/#primaryimage","url":"https:\/\/graphimarket.com\/wp-content\/uploads\/2021\/04\/26-2.jpg","contentUrl":"https:\/\/graphimarket.com\/wp-content\/uploads\/2021\/04\/26-2.jpg","width":2299,"height":1533},{"@type":"BreadcrumbList","@id":"https:\/\/graphimarket.com\/product\/oil-paint-photoshop-action\/#breadcrumb","itemListElement":[{"@type":"ListItem","position":1,"name":"Home","item":"https:\/\/graphimarket.com\/es\/"},{"@type":"ListItem","position":2,"name":"Store","item":"https:\/\/graphimarket.com\/store\/"},{"@type":"ListItem","position":3,"name":"Oil Paint Photoshop Action"}]},{"@type":"WebSite","@id":"https:\/\/graphimarket.com\/fr\/#website","url":"https:\/\/graphimarket.com\/fr\/","name":"Graphimarket","description":"Encontre o ativo criativo perfeito para dar vida ao seu projeto","publisher":{"@id":"https:\/\/graphimarket.com\/fr\/#organization"},"potentialAction":[{"@type":"SearchAction","target":{"@type":"EntryPoint","urlTemplate":"https:\/\/graphimarket.com\/fr\/?s={search_term_string}"},"query-input":{"@type":"PropertyValueSpecification","valueRequired":true,"valueName":"search_term_string"}}],"inLanguage":"pt-PT"},{"@type":"Organization","@id":"https:\/\/graphimarket.com\/fr\/#organization","name":"Graphimarket","url":"https:\/\/graphimarket.com\/fr\/","logo":{"@type":"ImageObject","inLanguage":"pt-PT","@id":"https:\/\/graphimarket.com\/fr\/#\/schema\/logo\/image\/","url":"https:\/\/graphimarket.com\/wp-content\/uploads\/2020\/08\/logo-48.png","contentUrl":"https:\/\/graphimarket.com\/wp-content\/uploads\/2020\/08\/logo-48.png","width":132,"height":48,"caption":"Graphimarket"},"image":{"@id":"https:\/\/graphimarket.com\/fr\/#\/schema\/logo\/image\/"}}]}},"_links":{"self":[{"href":"http:\/\/graphimarket.com\/pt\/wp-json\/wp\/v2\/product\/17141","targetHints":{"allow":["GET"]}}],"collection":[{"href":"http:\/\/graphimarket.com\/pt\/wp-json\/wp\/v2\/product"}],"about":[{"href":"http:\/\/graphimarket.com\/pt\/wp-json\/wp\/v2\/types\/product"}],"replies":[{"embeddable":true,"href":"http:\/\/graphimarket.com\/pt\/wp-json\/wp\/v2\/comments?post=17141"}],"version-history":[{"count":0,"href":"http:\/\/graphimarket.com\/pt\/wp-json\/wp\/v2\/product\/17141\/revisions"}],"wp:featuredmedia":[{"embeddable":true,"href":"http:\/\/graphimarket.com\/pt\/wp-json\/wp\/v2\/media\/17152"}],"wp:attachment":[{"href":"http:\/\/graphimarket.com\/pt\/wp-json\/wp\/v2\/media?parent=17141"}],"wp:term":[{"taxonomy":"product_brand","embeddable":true,"href":"http:\/\/graphimarket.com\/pt\/wp-json\/wp\/v2\/product_brand?post=17141"},{"taxonomy":"product_cat","embeddable":true,"href":"http:\/\/graphimarket.com\/pt\/wp-json\/wp\/v2\/product_cat?post=17141"},{"taxonomy":"product_tag","embeddable":true,"href":"http:\/\/graphimarket.com\/pt\/wp-json\/wp\/v2\/product_tag?post=17141"}],"curies":[{"name":"wp","href":"https:\/\/api.w.org\/{rel}","templated":true}]}}