{"id":17445,"date":"2021-04-19T17:49:14","date_gmt":"2021-04-19T15:49:14","guid":{"rendered":"https:\/\/graphimarket.com\/?post_type=product&#038;p=17445"},"modified":"2022-12-11T13:13:26","modified_gmt":"2022-12-11T12:13:26","slug":"smarticon-generator-2-isometric-3d-icons","status":"publish","type":"product","link":"http:\/\/graphimarket.com\/pt\/product\/smarticon-generator-2-isometric-3d-icons\/","title":{"rendered":"SmartIcon Generator 2 - \u00cdcones 3D isom\u00e9tricos"},"content":{"rendered":"<h2 id=\"item-description__smarticon-generator-2-isometric\">Gerador SmartIcon 2 - Isom\u00e9trico<\/h2>\n<h5 id=\"item-description__photoshop-plugin-for-cs6-and-cc-2014-and-newer\">Plugin do Photoshop para CS6 e CC-2014 e mais recente<\/h5>\n<p><strong>\u00cdcones 3D em segundos<\/strong><br \/>\nO Gerador SmartIcon 2 \u2013 Isom\u00e9trico gera \u00edcones 3D isom\u00e9tricos a partir de uma forma plana em apenas alguns segundos. Funciona com todas as formas vetoriais, camada de pixel, objetos inteligentes ou camada de texto. Voc\u00ea n\u00e3o precisa ser um profissional para obter resultados profissionais. O SmartIcon final definitivamente se encaixa em mapas isom\u00e9tricos 3D Map.<\/p>\n<p><strong>SmartIcon Generator 2 - \u00cdcones 3D isom\u00e9tricos<\/strong><\/p>\n<ul>\n<li>3 orienta\u00e7\u00f5es isom\u00e9tricas diferentes (esquerda, frontal, direita)<\/li>\n<li>de todas as formas e de qualquer tamanho<\/li>\n<li>Funciona com camada de texto, formas vetoriais, camada de pixel, objetos inteligentes e at\u00e9 grupos<\/li>\n<li>cabe em todos os mapas 3D isom\u00e9tricos<\/li>\n<li>Fun\u00e7\u00e3o Global Shadow<\/li>\n<li>3 estilos: cor b\u00e1sica, brilhante e personalizada (somente a partir de CC-2014+)<\/li>\n<li>Adicionar e excluir profundidade (ilimitado)<\/li>\n<li>Sombras e reflexo ligado\/desligado<\/li>\n<li>Editar a forma original<\/li>\n<li>Salvar automaticamente como \u00edcone PNG e\/ou JPG transparente definido de 512 px a 32 px<\/li>\n<li>Pain\u00e9is para Photoshop CS6, CC, CC-2014 e mais recentes<\/li>\n<li>12 exemplos de formas<\/li>\n<li>PDF de ajuda de 20 p\u00e1ginas e links de tutorial<\/li>\n<\/ul>\n<div class=\"ast-oembed-container\" style=\"height: 100%;\"><iframe title=\"Gerador SmartIcon 2 - \u00cdcones 3D isom\u00e9tricos\" width=\"500\" height=\"281\" src=\"https:\/\/www.youtube.com\/embed\/Z-Xic8QAVM0?start=114&#038;feature=oembed\" frameborder=\"0\" allow=\"accelerometer; autoplay; clipboard-write; encrypted-media; gyroscope; picture-in-picture; web-share\" referrerpolicy=\"strict-origin-when-cross-origin\" allowfullscreen><\/iframe><\/div>\n<p><img fetchpriority=\"high\" decoding=\"async\" class=\"alignnone size-full wp-image-17446\" src=\"https:\/\/graphimarket.com\/wp-content\/uploads\/2021\/04\/005_sigi.jpg\" alt=\"\" width=\"1200\" height=\"768\" srcset=\"https:\/\/graphimarket.com\/wp-content\/uploads\/2021\/04\/005_sigi.jpg 1200w, https:\/\/graphimarket.com\/wp-content\/uploads\/2021\/04\/005_sigi-300x192.jpg 300w, https:\/\/graphimarket.com\/wp-content\/uploads\/2021\/04\/005_sigi-1024x655.jpg 1024w, https:\/\/graphimarket.com\/wp-content\/uploads\/2021\/04\/005_sigi-768x492.jpg 768w, https:\/\/graphimarket.com\/wp-content\/uploads\/2021\/04\/005_sigi-16x10.jpg 16w, https:\/\/graphimarket.com\/wp-content\/uploads\/2021\/04\/005_sigi-600x384.jpg 600w\" sizes=\"(max-width: 1200px) 100vw, 1200px\" \/> <img decoding=\"async\" class=\"alignnone size-full wp-image-17447\" src=\"https:\/\/graphimarket.com\/wp-content\/uploads\/2021\/04\/006_sigi.jpg\" alt=\"\" width=\"1200\" height=\"768\" srcset=\"https:\/\/graphimarket.com\/wp-content\/uploads\/2021\/04\/006_sigi.jpg 1200w, https:\/\/graphimarket.com\/wp-content\/uploads\/2021\/04\/006_sigi-300x192.jpg 300w, https:\/\/graphimarket.com\/wp-content\/uploads\/2021\/04\/006_sigi-1024x655.jpg 1024w, https:\/\/graphimarket.com\/wp-content\/uploads\/2021\/04\/006_sigi-768x492.jpg 768w, https:\/\/graphimarket.com\/wp-content\/uploads\/2021\/04\/006_sigi-16x10.jpg 16w, https:\/\/graphimarket.com\/wp-content\/uploads\/2021\/04\/006_sigi-600x384.jpg 600w\" sizes=\"(max-width: 1200px) 100vw, 1200px\" \/> <img decoding=\"async\" class=\"alignnone size-full wp-image-17448\" src=\"https:\/\/graphimarket.com\/wp-content\/uploads\/2021\/04\/007_sigi.jpg\" alt=\"\" width=\"1200\" height=\"768\" srcset=\"https:\/\/graphimarket.com\/wp-content\/uploads\/2021\/04\/007_sigi.jpg 1200w, https:\/\/graphimarket.com\/wp-content\/uploads\/2021\/04\/007_sigi-300x192.jpg 300w, https:\/\/graphimarket.com\/wp-content\/uploads\/2021\/04\/007_sigi-1024x655.jpg 1024w, https:\/\/graphimarket.com\/wp-content\/uploads\/2021\/04\/007_sigi-768x492.jpg 768w, https:\/\/graphimarket.com\/wp-content\/uploads\/2021\/04\/007_sigi-16x10.jpg 16w, https:\/\/graphimarket.com\/wp-content\/uploads\/2021\/04\/007_sigi-600x384.jpg 600w\" sizes=\"(max-width: 1200px) 100vw, 1200px\" \/> <img loading=\"lazy\" decoding=\"async\" class=\"alignnone size-full wp-image-17449\" src=\"https:\/\/graphimarket.com\/wp-content\/uploads\/2021\/04\/008_sigi.jpg\" alt=\"\" width=\"1200\" height=\"768\" srcset=\"https:\/\/graphimarket.com\/wp-content\/uploads\/2021\/04\/008_sigi.jpg 1200w, https:\/\/graphimarket.com\/wp-content\/uploads\/2021\/04\/008_sigi-300x192.jpg 300w, https:\/\/graphimarket.com\/wp-content\/uploads\/2021\/04\/008_sigi-1024x655.jpg 1024w, https:\/\/graphimarket.com\/wp-content\/uploads\/2021\/04\/008_sigi-768x492.jpg 768w, https:\/\/graphimarket.com\/wp-content\/uploads\/2021\/04\/008_sigi-16x10.jpg 16w, https:\/\/graphimarket.com\/wp-content\/uploads\/2021\/04\/008_sigi-600x384.jpg 600w\" sizes=\"(max-width: 1200px) 100vw, 1200px\" \/> <img loading=\"lazy\" decoding=\"async\" class=\"alignnone size-full wp-image-17450\" src=\"https:\/\/graphimarket.com\/wp-content\/uploads\/2021\/04\/009_sigi.jpg\" alt=\"\" width=\"1200\" height=\"768\" srcset=\"https:\/\/graphimarket.com\/wp-content\/uploads\/2021\/04\/009_sigi.jpg 1200w, https:\/\/graphimarket.com\/wp-content\/uploads\/2021\/04\/009_sigi-300x192.jpg 300w, https:\/\/graphimarket.com\/wp-content\/uploads\/2021\/04\/009_sigi-1024x655.jpg 1024w, https:\/\/graphimarket.com\/wp-content\/uploads\/2021\/04\/009_sigi-768x492.jpg 768w, https:\/\/graphimarket.com\/wp-content\/uploads\/2021\/04\/009_sigi-16x10.jpg 16w, https:\/\/graphimarket.com\/wp-content\/uploads\/2021\/04\/009_sigi-600x384.jpg 600w\" sizes=\"(max-width: 1200px) 100vw, 1200px\" \/> <img loading=\"lazy\" decoding=\"async\" class=\"alignnone size-full wp-image-17451\" src=\"https:\/\/graphimarket.com\/wp-content\/uploads\/2021\/04\/010_sigi.jpg\" alt=\"\" width=\"1200\" height=\"768\" srcset=\"https:\/\/graphimarket.com\/wp-content\/uploads\/2021\/04\/010_sigi.jpg 1200w, https:\/\/graphimarket.com\/wp-content\/uploads\/2021\/04\/010_sigi-300x192.jpg 300w, https:\/\/graphimarket.com\/wp-content\/uploads\/2021\/04\/010_sigi-1024x655.jpg 1024w, https:\/\/graphimarket.com\/wp-content\/uploads\/2021\/04\/010_sigi-768x492.jpg 768w, https:\/\/graphimarket.com\/wp-content\/uploads\/2021\/04\/010_sigi-16x10.jpg 16w, https:\/\/graphimarket.com\/wp-content\/uploads\/2021\/04\/010_sigi-600x384.jpg 600w\" sizes=\"(max-width: 1200px) 100vw, 1200px\" \/> <img loading=\"lazy\" decoding=\"async\" class=\"alignnone size-full wp-image-17452\" src=\"https:\/\/graphimarket.com\/wp-content\/uploads\/2021\/04\/vector_painting_08-1.jpg\" alt=\"\" width=\"1200\" height=\"768\" srcset=\"https:\/\/graphimarket.com\/wp-content\/uploads\/2021\/04\/vector_painting_08-1.jpg 1200w, https:\/\/graphimarket.com\/wp-content\/uploads\/2021\/04\/vector_painting_08-1-300x192.jpg 300w, https:\/\/graphimarket.com\/wp-content\/uploads\/2021\/04\/vector_painting_08-1-1024x655.jpg 1024w, https:\/\/graphimarket.com\/wp-content\/uploads\/2021\/04\/vector_painting_08-1-768x492.jpg 768w, https:\/\/graphimarket.com\/wp-content\/uploads\/2021\/04\/vector_painting_08-1-16x10.jpg 16w, https:\/\/graphimarket.com\/wp-content\/uploads\/2021\/04\/vector_painting_08-1-600x384.jpg 600w\" sizes=\"(max-width: 1200px) 100vw, 1200px\" \/> <img loading=\"lazy\" decoding=\"async\" class=\"alignnone size-full wp-image-17453\" src=\"https:\/\/graphimarket.com\/wp-content\/uploads\/2021\/04\/001_sigi.jpg\" alt=\"\" width=\"1200\" height=\"768\" srcset=\"https:\/\/graphimarket.com\/wp-content\/uploads\/2021\/04\/001_sigi.jpg 1200w, https:\/\/graphimarket.com\/wp-content\/uploads\/2021\/04\/001_sigi-300x192.jpg 300w, https:\/\/graphimarket.com\/wp-content\/uploads\/2021\/04\/001_sigi-1024x655.jpg 1024w, https:\/\/graphimarket.com\/wp-content\/uploads\/2021\/04\/001_sigi-768x492.jpg 768w, https:\/\/graphimarket.com\/wp-content\/uploads\/2021\/04\/001_sigi-16x10.jpg 16w, https:\/\/graphimarket.com\/wp-content\/uploads\/2021\/04\/001_sigi-600x384.jpg 600w\" sizes=\"(max-width: 1200px) 100vw, 1200px\" \/> <img loading=\"lazy\" decoding=\"async\" class=\"alignnone size-full wp-image-17454\" src=\"https:\/\/graphimarket.com\/wp-content\/uploads\/2021\/04\/002_sigi.jpg\" alt=\"\" width=\"1200\" height=\"768\" srcset=\"https:\/\/graphimarket.com\/wp-content\/uploads\/2021\/04\/002_sigi.jpg 1200w, https:\/\/graphimarket.com\/wp-content\/uploads\/2021\/04\/002_sigi-300x192.jpg 300w, https:\/\/graphimarket.com\/wp-content\/uploads\/2021\/04\/002_sigi-1024x655.jpg 1024w, https:\/\/graphimarket.com\/wp-content\/uploads\/2021\/04\/002_sigi-768x492.jpg 768w, https:\/\/graphimarket.com\/wp-content\/uploads\/2021\/04\/002_sigi-16x10.jpg 16w, https:\/\/graphimarket.com\/wp-content\/uploads\/2021\/04\/002_sigi-600x384.jpg 600w\" sizes=\"(max-width: 1200px) 100vw, 1200px\" \/> <img loading=\"lazy\" decoding=\"async\" class=\"alignnone size-full wp-image-17455\" src=\"https:\/\/graphimarket.com\/wp-content\/uploads\/2021\/04\/003_sigi.jpg\" alt=\"\" width=\"1200\" height=\"768\" srcset=\"https:\/\/graphimarket.com\/wp-content\/uploads\/2021\/04\/003_sigi.jpg 1200w, https:\/\/graphimarket.com\/wp-content\/uploads\/2021\/04\/003_sigi-300x192.jpg 300w, https:\/\/graphimarket.com\/wp-content\/uploads\/2021\/04\/003_sigi-1024x655.jpg 1024w, https:\/\/graphimarket.com\/wp-content\/uploads\/2021\/04\/003_sigi-768x492.jpg 768w, https:\/\/graphimarket.com\/wp-content\/uploads\/2021\/04\/003_sigi-16x10.jpg 16w, https:\/\/graphimarket.com\/wp-content\/uploads\/2021\/04\/003_sigi-600x384.jpg 600w\" sizes=\"(max-width: 1200px) 100vw, 1200px\" \/> <img loading=\"lazy\" decoding=\"async\" class=\"alignnone size-full wp-image-17456\" src=\"https:\/\/graphimarket.com\/wp-content\/uploads\/2021\/04\/004_sigi.jpg\" alt=\"\" width=\"1200\" height=\"768\" srcset=\"https:\/\/graphimarket.com\/wp-content\/uploads\/2021\/04\/004_sigi.jpg 1200w, https:\/\/graphimarket.com\/wp-content\/uploads\/2021\/04\/004_sigi-300x192.jpg 300w, https:\/\/graphimarket.com\/wp-content\/uploads\/2021\/04\/004_sigi-1024x655.jpg 1024w, https:\/\/graphimarket.com\/wp-content\/uploads\/2021\/04\/004_sigi-768x492.jpg 768w, https:\/\/graphimarket.com\/wp-content\/uploads\/2021\/04\/004_sigi-16x10.jpg 16w, https:\/\/graphimarket.com\/wp-content\/uploads\/2021\/04\/004_sigi-600x384.jpg 600w\" sizes=\"(max-width: 1200px) 100vw, 1200px\" \/><\/p>","protected":false},"excerpt":{"rendered":"<p>SmartIcon Generator 2 \u2013 Isometric Photoshop plugin for CS6 and CC-2014 and newer 3D icons in seconds The SmartIcon Generator 2 \u2013 Isometric generate isometric 3D icons from a flat shape in just a few seconds. It works with every vector shapes, pixel layer, Smart Objects or text layer. You don\u2018t have to be a [&hellip;]<\/p>\n","protected":false},"featured_media":17458,"comment_status":"open","ping_status":"closed","template":"","meta":{"site-sidebar-layout":"default","site-content-layout":"default","ast-site-content-layout":"default","site-content-style":"default","site-sidebar-style":"default","ast-global-header-display":"","ast-banner-title-visibility":"","ast-main-header-display":"","ast-hfb-above-header-display":"","ast-hfb-below-header-display":"","ast-hfb-mobile-header-display":"","site-post-title":"","ast-breadcrumbs-content":"","ast-featured-img":"","footer-sml-layout":"","ast-disable-related-posts":"","theme-transparent-header-meta":"default","adv-header-id-meta":"","stick-header-meta":"","header-above-stick-meta":"","header-main-stick-meta":"","header-below-stick-meta":"","astra-migrate-meta-layouts":"default","ast-page-background-enabled":"default","ast-page-background-meta":{"desktop":{"background-color":"","background-image":"","background-repeat":"repeat","background-position":"center center","background-size":"auto","background-attachment":"scroll","background-type":"","background-media":"","overlay-type":"","overlay-color":"","overlay-opacity":"","overlay-gradient":""},"tablet":{"background-color":"","background-image":"","background-repeat":"repeat","background-position":"center center","background-size":"auto","background-attachment":"scroll","background-type":"","background-media":"","overlay-type":"","overlay-color":"","overlay-opacity":"","overlay-gradient":""},"mobile":{"background-color":"","background-image":"","background-repeat":"repeat","background-position":"center center","background-size":"auto","background-attachment":"scroll","background-type":"","background-media":"","overlay-type":"","overlay-color":"","overlay-opacity":"","overlay-gradient":""}},"ast-content-background-meta":{"desktop":{"background-color":"var(--ast-global-color-5)","background-image":"","background-repeat":"repeat","background-position":"center center","background-size":"auto","background-attachment":"scroll","background-type":"","background-media":"","overlay-type":"","overlay-color":"","overlay-opacity":"","overlay-gradient":""},"tablet":{"background-color":"var(--ast-global-color-5)","background-image":"","background-repeat":"repeat","background-position":"center center","background-size":"auto","background-attachment":"scroll","background-type":"","background-media":"","overlay-type":"","overlay-color":"","overlay-opacity":"","overlay-gradient":""},"mobile":{"background-color":"var(--ast-global-color-5)","background-image":"","background-repeat":"repeat","background-position":"center center","background-size":"auto","background-attachment":"scroll","background-type":"","background-media":"","overlay-type":"","overlay-color":"","overlay-opacity":"","overlay-gradient":""}}},"product_brand":[],"product_cat":[96,46,188,15],"product_tag":[291,303,1062,1990,1989],"class_list":{"0":"post-17445","1":"product","2":"type-product","3":"status-publish","4":"has-post-thumbnail","6":"product_cat-3d-photo-animator","7":"product_cat-graphics","8":"product_cat-icons","9":"product_cat-photo","10":"product_tag-3d","11":"product_tag-generator","12":"product_tag-icons","13":"product_tag-isometric","14":"product_tag-smarticon","15":"desktop-align-left","16":"tablet-align-left","17":"mobile-align-left","19":"first","20":"instock","21":"sale","22":"downloadable","23":"virtual","24":"taxable","25":"purchasable","26":"product-type-simple"},"yoast_head":"<!-- This site is optimized with the Yoast SEO plugin v27.3 - https:\/\/yoast.com\/product\/yoast-seo-wordpress\/ -->\n<title>SmartIcon Generator 2 - Isometric 3D Icons - Graphimarket<\/title>\n<meta name=\"description\" content=\"The SmartIcon Generator 2 \u2013 Isometric generate isometric 3D icons from a flat shape in just a few seconds...\" \/>\n<meta name=\"robots\" content=\"index, follow, max-snippet:-1, max-image-preview:large, max-video-preview:-1\" \/>\n<link rel=\"canonical\" href=\"https:\/\/graphimarket.com\/pt\/product\/smarticon-generator-2-isometric-3d-icons\/\" \/>\n<meta property=\"og:locale\" content=\"pt_PT\" \/>\n<meta property=\"og:type\" content=\"article\" \/>\n<meta property=\"og:title\" content=\"SmartIcon Generator 2 - Isometric 3D Icons - Graphimarket\" \/>\n<meta property=\"og:description\" content=\"The SmartIcon Generator 2 \u2013 Isometric generate isometric 3D icons from a flat shape in just a few seconds...\" \/>\n<meta property=\"og:url\" content=\"https:\/\/graphimarket.com\/pt\/product\/smarticon-generator-2-isometric-3d-icons\/\" \/>\n<meta property=\"og:site_name\" content=\"Graphimarket\" \/>\n<meta property=\"article:modified_time\" content=\"2022-12-11T12:13:26+00:00\" \/>\n<meta property=\"og:image\" content=\"https:\/\/graphimarket.com\/wp-content\/uploads\/2021\/04\/icon-16.jpg\" \/>\n\t<meta property=\"og:image:width\" content=\"500\" \/>\n\t<meta property=\"og:image:height\" content=\"790\" \/>\n\t<meta property=\"og:image:type\" content=\"image\/jpeg\" \/>\n<meta name=\"twitter:card\" content=\"summary_large_image\" \/>\n<meta name=\"twitter:label1\" content=\"Est. reading time\" \/>\n\t<meta name=\"twitter:data1\" content=\"1 minute\" \/>\n<script type=\"application\/ld+json\" class=\"yoast-schema-graph\">{\"@context\":\"https:\\\/\\\/schema.org\",\"@graph\":[{\"@type\":\"WebPage\",\"@id\":\"https:\\\/\\\/graphimarket.com\\\/product\\\/smarticon-generator-2-isometric-3d-icons\\\/\",\"url\":\"https:\\\/\\\/graphimarket.com\\\/product\\\/smarticon-generator-2-isometric-3d-icons\\\/\",\"name\":\"SmartIcon Generator 2 - Isometric 3D Icons - Graphimarket\",\"isPartOf\":{\"@id\":\"https:\\\/\\\/graphimarket.com\\\/fr\\\/#website\"},\"primaryImageOfPage\":{\"@id\":\"https:\\\/\\\/graphimarket.com\\\/product\\\/smarticon-generator-2-isometric-3d-icons\\\/#primaryimage\"},\"image\":{\"@id\":\"https:\\\/\\\/graphimarket.com\\\/product\\\/smarticon-generator-2-isometric-3d-icons\\\/#primaryimage\"},\"thumbnailUrl\":\"https:\\\/\\\/graphimarket.com\\\/wp-content\\\/uploads\\\/2021\\\/04\\\/icon-16.jpg\",\"datePublished\":\"2021-04-19T15:49:14+00:00\",\"dateModified\":\"2022-12-11T12:13:26+00:00\",\"description\":\"The SmartIcon Generator 2 \u2013 Isometric generate isometric 3D icons from a flat shape in just a few seconds...\",\"breadcrumb\":{\"@id\":\"https:\\\/\\\/graphimarket.com\\\/product\\\/smarticon-generator-2-isometric-3d-icons\\\/#breadcrumb\"},\"inLanguage\":\"pt-PT\",\"potentialAction\":[{\"@type\":\"ReadAction\",\"target\":[\"https:\\\/\\\/graphimarket.com\\\/product\\\/smarticon-generator-2-isometric-3d-icons\\\/\"]}]},{\"@type\":\"ImageObject\",\"inLanguage\":\"pt-PT\",\"@id\":\"https:\\\/\\\/graphimarket.com\\\/product\\\/smarticon-generator-2-isometric-3d-icons\\\/#primaryimage\",\"url\":\"https:\\\/\\\/graphimarket.com\\\/wp-content\\\/uploads\\\/2021\\\/04\\\/icon-16.jpg\",\"contentUrl\":\"https:\\\/\\\/graphimarket.com\\\/wp-content\\\/uploads\\\/2021\\\/04\\\/icon-16.jpg\",\"width\":500,\"height\":790},{\"@type\":\"BreadcrumbList\",\"@id\":\"https:\\\/\\\/graphimarket.com\\\/product\\\/smarticon-generator-2-isometric-3d-icons\\\/#breadcrumb\",\"itemListElement\":[{\"@type\":\"ListItem\",\"position\":1,\"name\":\"Home\",\"item\":\"https:\\\/\\\/graphimarket.com\\\/es\\\/\"},{\"@type\":\"ListItem\",\"position\":2,\"name\":\"Store\",\"item\":\"https:\\\/\\\/graphimarket.com\\\/store\\\/\"},{\"@type\":\"ListItem\",\"position\":3,\"name\":\"SmartIcon Generator 2 &#8211; Isometric 3D Icons\"}]},{\"@type\":\"WebSite\",\"@id\":\"https:\\\/\\\/graphimarket.com\\\/fr\\\/#website\",\"url\":\"https:\\\/\\\/graphimarket.com\\\/fr\\\/\",\"name\":\"Graphimarket\",\"description\":\"Find the perfect creative asset to bring your project to life\",\"publisher\":{\"@id\":\"https:\\\/\\\/graphimarket.com\\\/fr\\\/#organization\"},\"potentialAction\":[{\"@type\":\"SearchAction\",\"target\":{\"@type\":\"EntryPoint\",\"urlTemplate\":\"https:\\\/\\\/graphimarket.com\\\/fr\\\/?s={search_term_string}\"},\"query-input\":{\"@type\":\"PropertyValueSpecification\",\"valueRequired\":true,\"valueName\":\"search_term_string\"}}],\"inLanguage\":\"pt-PT\"},{\"@type\":\"Organization\",\"@id\":\"https:\\\/\\\/graphimarket.com\\\/fr\\\/#organization\",\"name\":\"Graphimarket\",\"url\":\"https:\\\/\\\/graphimarket.com\\\/fr\\\/\",\"logo\":{\"@type\":\"ImageObject\",\"inLanguage\":\"pt-PT\",\"@id\":\"https:\\\/\\\/graphimarket.com\\\/fr\\\/#\\\/schema\\\/logo\\\/image\\\/\",\"url\":\"https:\\\/\\\/graphimarket.com\\\/wp-content\\\/uploads\\\/2020\\\/08\\\/logo-48.png\",\"contentUrl\":\"https:\\\/\\\/graphimarket.com\\\/wp-content\\\/uploads\\\/2020\\\/08\\\/logo-48.png\",\"width\":132,\"height\":48,\"caption\":\"Graphimarket\"},\"image\":{\"@id\":\"https:\\\/\\\/graphimarket.com\\\/fr\\\/#\\\/schema\\\/logo\\\/image\\\/\"}}]}<\/script>\n<!-- \/ Yoast SEO plugin. -->","yoast_head_json":{"title":"SmartIcon Generator 2 - Isometric 3D Icons - Graphimarket","description":"The SmartIcon Generator 2 \u2013 Isometric generate isometric 3D icons from a flat shape in just a few seconds...","robots":{"index":"index","follow":"follow","max-snippet":"max-snippet:-1","max-image-preview":"max-image-preview:large","max-video-preview":"max-video-preview:-1"},"canonical":"https:\/\/graphimarket.com\/pt\/product\/smarticon-generator-2-isometric-3d-icons\/","og_locale":"pt_PT","og_type":"article","og_title":"SmartIcon Generator 2 - Isometric 3D Icons - Graphimarket","og_description":"The SmartIcon Generator 2 \u2013 Isometric generate isometric 3D icons from a flat shape in just a few seconds...","og_url":"https:\/\/graphimarket.com\/pt\/product\/smarticon-generator-2-isometric-3d-icons\/","og_site_name":"Graphimarket","article_modified_time":"2022-12-11T12:13:26+00:00","og_image":[{"width":500,"height":790,"url":"https:\/\/graphimarket.com\/wp-content\/uploads\/2021\/04\/icon-16.jpg","type":"image\/jpeg"}],"twitter_card":"summary_large_image","twitter_misc":{"Est. reading time":"1 minute"},"schema":{"@context":"https:\/\/schema.org","@graph":[{"@type":"WebPage","@id":"https:\/\/graphimarket.com\/product\/smarticon-generator-2-isometric-3d-icons\/","url":"https:\/\/graphimarket.com\/product\/smarticon-generator-2-isometric-3d-icons\/","name":"SmartIcon Generator 2 - Isometric 3D Icons - Graphimarket","isPartOf":{"@id":"https:\/\/graphimarket.com\/fr\/#website"},"primaryImageOfPage":{"@id":"https:\/\/graphimarket.com\/product\/smarticon-generator-2-isometric-3d-icons\/#primaryimage"},"image":{"@id":"https:\/\/graphimarket.com\/product\/smarticon-generator-2-isometric-3d-icons\/#primaryimage"},"thumbnailUrl":"https:\/\/graphimarket.com\/wp-content\/uploads\/2021\/04\/icon-16.jpg","datePublished":"2021-04-19T15:49:14+00:00","dateModified":"2022-12-11T12:13:26+00:00","description":"The SmartIcon Generator 2 \u2013 Isometric generate isometric 3D icons from a flat shape in just a few seconds...","breadcrumb":{"@id":"https:\/\/graphimarket.com\/product\/smarticon-generator-2-isometric-3d-icons\/#breadcrumb"},"inLanguage":"pt-PT","potentialAction":[{"@type":"ReadAction","target":["https:\/\/graphimarket.com\/product\/smarticon-generator-2-isometric-3d-icons\/"]}]},{"@type":"ImageObject","inLanguage":"pt-PT","@id":"https:\/\/graphimarket.com\/product\/smarticon-generator-2-isometric-3d-icons\/#primaryimage","url":"https:\/\/graphimarket.com\/wp-content\/uploads\/2021\/04\/icon-16.jpg","contentUrl":"https:\/\/graphimarket.com\/wp-content\/uploads\/2021\/04\/icon-16.jpg","width":500,"height":790},{"@type":"BreadcrumbList","@id":"https:\/\/graphimarket.com\/product\/smarticon-generator-2-isometric-3d-icons\/#breadcrumb","itemListElement":[{"@type":"ListItem","position":1,"name":"Home","item":"https:\/\/graphimarket.com\/es\/"},{"@type":"ListItem","position":2,"name":"Store","item":"https:\/\/graphimarket.com\/store\/"},{"@type":"ListItem","position":3,"name":"SmartIcon Generator 2 &#8211; Isometric 3D Icons"}]},{"@type":"WebSite","@id":"https:\/\/graphimarket.com\/fr\/#website","url":"https:\/\/graphimarket.com\/fr\/","name":"Graphimarket","description":"Encontre o ativo criativo perfeito para dar vida ao seu projeto","publisher":{"@id":"https:\/\/graphimarket.com\/fr\/#organization"},"potentialAction":[{"@type":"SearchAction","target":{"@type":"EntryPoint","urlTemplate":"https:\/\/graphimarket.com\/fr\/?s={search_term_string}"},"query-input":{"@type":"PropertyValueSpecification","valueRequired":true,"valueName":"search_term_string"}}],"inLanguage":"pt-PT"},{"@type":"Organization","@id":"https:\/\/graphimarket.com\/fr\/#organization","name":"Graphimarket","url":"https:\/\/graphimarket.com\/fr\/","logo":{"@type":"ImageObject","inLanguage":"pt-PT","@id":"https:\/\/graphimarket.com\/fr\/#\/schema\/logo\/image\/","url":"https:\/\/graphimarket.com\/wp-content\/uploads\/2020\/08\/logo-48.png","contentUrl":"https:\/\/graphimarket.com\/wp-content\/uploads\/2020\/08\/logo-48.png","width":132,"height":48,"caption":"Graphimarket"},"image":{"@id":"https:\/\/graphimarket.com\/fr\/#\/schema\/logo\/image\/"}}]}},"_links":{"self":[{"href":"http:\/\/graphimarket.com\/pt\/wp-json\/wp\/v2\/product\/17445","targetHints":{"allow":["GET"]}}],"collection":[{"href":"http:\/\/graphimarket.com\/pt\/wp-json\/wp\/v2\/product"}],"about":[{"href":"http:\/\/graphimarket.com\/pt\/wp-json\/wp\/v2\/types\/product"}],"replies":[{"embeddable":true,"href":"http:\/\/graphimarket.com\/pt\/wp-json\/wp\/v2\/comments?post=17445"}],"version-history":[{"count":0,"href":"http:\/\/graphimarket.com\/pt\/wp-json\/wp\/v2\/product\/17445\/revisions"}],"wp:featuredmedia":[{"embeddable":true,"href":"http:\/\/graphimarket.com\/pt\/wp-json\/wp\/v2\/media\/17458"}],"wp:attachment":[{"href":"http:\/\/graphimarket.com\/pt\/wp-json\/wp\/v2\/media?parent=17445"}],"wp:term":[{"taxonomy":"product_brand","embeddable":true,"href":"http:\/\/graphimarket.com\/pt\/wp-json\/wp\/v2\/product_brand?post=17445"},{"taxonomy":"product_cat","embeddable":true,"href":"http:\/\/graphimarket.com\/pt\/wp-json\/wp\/v2\/product_cat?post=17445"},{"taxonomy":"product_tag","embeddable":true,"href":"http:\/\/graphimarket.com\/pt\/wp-json\/wp\/v2\/product_tag?post=17445"}],"curies":[{"name":"wp","href":"https:\/\/api.w.org\/{rel}","templated":true}]}}