{"id":17465,"date":"2021-04-19T18:29:10","date_gmt":"2021-04-19T16:29:10","guid":{"rendered":"https:\/\/graphimarket.com\/?post_type=product&#038;p=17465"},"modified":"2024-10-04T11:13:04","modified_gmt":"2024-10-04T09:13:04","slug":"pixel-artist-8-bit-retro-photoshop-action","status":"publish","type":"product","link":"http:\/\/graphimarket.com\/pt\/product\/pixel-artist-8-bit-retro-photoshop-action\/","title":{"rendered":"Artista de Pixel - 8 bits retro - Photoshop Action"},"content":{"rendered":"<p id=\"item-description__pixel-artist-8-bit-retro-photoshop-action\"><strong>Artista de Pixel - 8 bits retro - Photoshop Action<\/strong><\/p>\n<p>Transforme suas imagens em seus\u00a0<strong>vers\u00e3o pixelada<\/strong>\u00a0em poucos cliques com esta a\u00e7\u00e3o! Basta abrir a imagem e clicar em play, a a\u00e7\u00e3o ir\u00e1 gerar\u00a0<strong>25 solu\u00e7\u00f5es pixeladas diferentes<\/strong>, escolha o que melhor se adapta e personalize-o!<\/p>\n<p>Use as camadas Color Maps e Dither para criar facilmente<strong>\u00a0Efeitos retr\u00f4 de 8 bits!<\/strong><\/p>\n<p><strong>Recursos:<\/strong><\/p>\n<ul>\n<li>Muito f\u00e1cil de usar.<\/li>\n<li>Funciona com qualquer imagem, fotos, obras de arte digitais e imagens com transpar\u00eancia.<\/li>\n<li>A a\u00e7\u00e3o ir\u00e1 gerar 25 camadas de pixels, 25 camadas de pontilhamento, 10 mapas de cores e muitas outras camadas de ajuste e efeitos.<\/li>\n<li>Testado em imagens entre 150 e 5000+ pixels nas vers\u00f5es do Photoshop CS3, CS4, CS5, CS6, CC.<\/li>\n<li>Funciona com qualquer idioma.<\/li>\n<li>Guia de texto e passo a passo em v\u00eddeo detalhado.<\/li>\n<\/ul>\n<div class=\"ast-oembed-container\" style=\"height: 100%;\"><iframe title=\"Transforme uma foto em um Pixel Artwork no Photoshop automaticamente\" width=\"500\" height=\"281\" src=\"https:\/\/www.youtube.com\/embed\/OVWdcwO-Bo0?feature=oembed\" frameborder=\"0\" allow=\"accelerometer; autoplay; clipboard-write; encrypted-media; gyroscope; picture-in-picture; web-share\" referrerpolicy=\"strict-origin-when-cross-origin\" allowfullscreen><\/iframe><\/div>\n<p><img fetchpriority=\"high\" decoding=\"async\" class=\"alignnone size-full wp-image-17466\" src=\"https:\/\/graphimarket.com\/wp-content\/uploads\/2021\/04\/06_character.jpg\" alt=\"\" width=\"900\" height=\"764\" srcset=\"https:\/\/graphimarket.com\/wp-content\/uploads\/2021\/04\/06_character.jpg 900w, https:\/\/graphimarket.com\/wp-content\/uploads\/2021\/04\/06_character-300x255.jpg 300w, https:\/\/graphimarket.com\/wp-content\/uploads\/2021\/04\/06_character-768x652.jpg 768w, https:\/\/graphimarket.com\/wp-content\/uploads\/2021\/04\/06_character-14x12.jpg 14w, https:\/\/graphimarket.com\/wp-content\/uploads\/2021\/04\/06_character-600x509.jpg 600w\" sizes=\"(max-width: 900px) 100vw, 900px\" \/> <img decoding=\"async\" class=\"alignnone size-full wp-image-17467\" src=\"https:\/\/graphimarket.com\/wp-content\/uploads\/2021\/04\/07_templar.jpg\" alt=\"\" width=\"900\" height=\"581\" srcset=\"https:\/\/graphimarket.com\/wp-content\/uploads\/2021\/04\/07_templar.jpg 900w, https:\/\/graphimarket.com\/wp-content\/uploads\/2021\/04\/07_templar-300x194.jpg 300w, https:\/\/graphimarket.com\/wp-content\/uploads\/2021\/04\/07_templar-768x496.jpg 768w, https:\/\/graphimarket.com\/wp-content\/uploads\/2021\/04\/07_templar-16x10.jpg 16w, https:\/\/graphimarket.com\/wp-content\/uploads\/2021\/04\/07_templar-600x387.jpg 600w\" sizes=\"(max-width: 900px) 100vw, 900px\" \/> <img decoding=\"async\" class=\"alignnone size-full wp-image-17468\" src=\"https:\/\/graphimarket.com\/wp-content\/uploads\/2021\/04\/08_castle.jpg\" alt=\"\" width=\"900\" height=\"675\" srcset=\"https:\/\/graphimarket.com\/wp-content\/uploads\/2021\/04\/08_castle.jpg 900w, https:\/\/graphimarket.com\/wp-content\/uploads\/2021\/04\/08_castle-300x225.jpg 300w, https:\/\/graphimarket.com\/wp-content\/uploads\/2021\/04\/08_castle-768x576.jpg 768w, https:\/\/graphimarket.com\/wp-content\/uploads\/2021\/04\/08_castle-16x12.jpg 16w, https:\/\/graphimarket.com\/wp-content\/uploads\/2021\/04\/08_castle-600x450.jpg 600w\" sizes=\"(max-width: 900px) 100vw, 900px\" \/> <img loading=\"lazy\" decoding=\"async\" class=\"alignnone size-full wp-image-17469\" src=\"https:\/\/graphimarket.com\/wp-content\/uploads\/2021\/04\/09_temple.jpg\" alt=\"\" width=\"900\" height=\"793\" srcset=\"https:\/\/graphimarket.com\/wp-content\/uploads\/2021\/04\/09_temple.jpg 900w, https:\/\/graphimarket.com\/wp-content\/uploads\/2021\/04\/09_temple-300x264.jpg 300w, https:\/\/graphimarket.com\/wp-content\/uploads\/2021\/04\/09_temple-768x677.jpg 768w, https:\/\/graphimarket.com\/wp-content\/uploads\/2021\/04\/09_temple-14x12.jpg 14w, https:\/\/graphimarket.com\/wp-content\/uploads\/2021\/04\/09_temple-600x529.jpg 600w\" sizes=\"(max-width: 900px) 100vw, 900px\" \/> <img loading=\"lazy\" decoding=\"async\" class=\"alignnone size-full wp-image-17470\" src=\"https:\/\/graphimarket.com\/wp-content\/uploads\/2021\/04\/10_snow.jpg\" alt=\"\" width=\"900\" height=\"518\" srcset=\"https:\/\/graphimarket.com\/wp-content\/uploads\/2021\/04\/10_snow.jpg 900w, https:\/\/graphimarket.com\/wp-content\/uploads\/2021\/04\/10_snow-300x173.jpg 300w, https:\/\/graphimarket.com\/wp-content\/uploads\/2021\/04\/10_snow-768x442.jpg 768w, https:\/\/graphimarket.com\/wp-content\/uploads\/2021\/04\/10_snow-16x9.jpg 16w, https:\/\/graphimarket.com\/wp-content\/uploads\/2021\/04\/10_snow-600x345.jpg 600w\" sizes=\"(max-width: 900px) 100vw, 900px\" \/> <img loading=\"lazy\" decoding=\"async\" class=\"alignnone size-full wp-image-17471\" src=\"https:\/\/graphimarket.com\/wp-content\/uploads\/2021\/04\/11_sunset.jpg\" alt=\"\" width=\"900\" height=\"610\" srcset=\"https:\/\/graphimarket.com\/wp-content\/uploads\/2021\/04\/11_sunset.jpg 900w, https:\/\/graphimarket.com\/wp-content\/uploads\/2021\/04\/11_sunset-300x203.jpg 300w, https:\/\/graphimarket.com\/wp-content\/uploads\/2021\/04\/11_sunset-768x521.jpg 768w, https:\/\/graphimarket.com\/wp-content\/uploads\/2021\/04\/11_sunset-16x12.jpg 16w, https:\/\/graphimarket.com\/wp-content\/uploads\/2021\/04\/11_sunset-600x407.jpg 600w\" sizes=\"(max-width: 900px) 100vw, 900px\" \/> <img loading=\"lazy\" decoding=\"async\" class=\"alignnone size-full wp-image-17472\" src=\"https:\/\/graphimarket.com\/wp-content\/uploads\/2021\/04\/12_city.jpg\" alt=\"\" width=\"900\" height=\"704\" srcset=\"https:\/\/graphimarket.com\/wp-content\/uploads\/2021\/04\/12_city.jpg 900w, https:\/\/graphimarket.com\/wp-content\/uploads\/2021\/04\/12_city-300x235.jpg 300w, https:\/\/graphimarket.com\/wp-content\/uploads\/2021\/04\/12_city-768x601.jpg 768w, https:\/\/graphimarket.com\/wp-content\/uploads\/2021\/04\/12_city-16x12.jpg 16w, https:\/\/graphimarket.com\/wp-content\/uploads\/2021\/04\/12_city-600x469.jpg 600w\" sizes=\"(max-width: 900px) 100vw, 900px\" \/> <img loading=\"lazy\" decoding=\"async\" class=\"alignnone size-full wp-image-17473\" src=\"https:\/\/graphimarket.com\/wp-content\/uploads\/2021\/04\/13_japan.jpg\" alt=\"\" width=\"900\" height=\"813\" srcset=\"https:\/\/graphimarket.com\/wp-content\/uploads\/2021\/04\/13_japan.jpg 900w, https:\/\/graphimarket.com\/wp-content\/uploads\/2021\/04\/13_japan-300x271.jpg 300w, https:\/\/graphimarket.com\/wp-content\/uploads\/2021\/04\/13_japan-768x694.jpg 768w, https:\/\/graphimarket.com\/wp-content\/uploads\/2021\/04\/13_japan-13x12.jpg 13w, https:\/\/graphimarket.com\/wp-content\/uploads\/2021\/04\/13_japan-600x542.jpg 600w\" sizes=\"(max-width: 900px) 100vw, 900px\" \/> <img loading=\"lazy\" decoding=\"async\" class=\"alignnone size-full wp-image-17474\" src=\"https:\/\/graphimarket.com\/wp-content\/uploads\/2021\/04\/14_owl.jpg\" alt=\"\" width=\"900\" height=\"892\" srcset=\"https:\/\/graphimarket.com\/wp-content\/uploads\/2021\/04\/14_owl.jpg 900w, https:\/\/graphimarket.com\/wp-content\/uploads\/2021\/04\/14_owl-300x297.jpg 300w, https:\/\/graphimarket.com\/wp-content\/uploads\/2021\/04\/14_owl-150x150.jpg 150w, https:\/\/graphimarket.com\/wp-content\/uploads\/2021\/04\/14_owl-768x761.jpg 768w, https:\/\/graphimarket.com\/wp-content\/uploads\/2021\/04\/14_owl-12x12.jpg 12w, https:\/\/graphimarket.com\/wp-content\/uploads\/2021\/04\/14_owl-600x595.jpg 600w, https:\/\/graphimarket.com\/wp-content\/uploads\/2021\/04\/14_owl-100x100.jpg 100w\" sizes=\"(max-width: 900px) 100vw, 900px\" \/> <img loading=\"lazy\" decoding=\"async\" class=\"alignnone size-full wp-image-17475\" src=\"https:\/\/graphimarket.com\/wp-content\/uploads\/2021\/04\/01_zombie.jpg\" alt=\"\" width=\"900\" height=\"790\" srcset=\"https:\/\/graphimarket.com\/wp-content\/uploads\/2021\/04\/01_zombie.jpg 900w, https:\/\/graphimarket.com\/wp-content\/uploads\/2021\/04\/01_zombie-300x263.jpg 300w, https:\/\/graphimarket.com\/wp-content\/uploads\/2021\/04\/01_zombie-768x674.jpg 768w, https:\/\/graphimarket.com\/wp-content\/uploads\/2021\/04\/01_zombie-14x12.jpg 14w, https:\/\/graphimarket.com\/wp-content\/uploads\/2021\/04\/01_zombie-600x527.jpg 600w\" sizes=\"(max-width: 900px) 100vw, 900px\" \/> <img loading=\"lazy\" decoding=\"async\" class=\"alignnone size-full wp-image-17476\" src=\"https:\/\/graphimarket.com\/wp-content\/uploads\/2021\/04\/02_zombie.jpg\" alt=\"\" width=\"900\" height=\"790\" srcset=\"https:\/\/graphimarket.com\/wp-content\/uploads\/2021\/04\/02_zombie.jpg 900w, https:\/\/graphimarket.com\/wp-content\/uploads\/2021\/04\/02_zombie-300x263.jpg 300w, https:\/\/graphimarket.com\/wp-content\/uploads\/2021\/04\/02_zombie-768x674.jpg 768w, https:\/\/graphimarket.com\/wp-content\/uploads\/2021\/04\/02_zombie-14x12.jpg 14w, https:\/\/graphimarket.com\/wp-content\/uploads\/2021\/04\/02_zombie-600x527.jpg 600w\" sizes=\"(max-width: 900px) 100vw, 900px\" \/> <img loading=\"lazy\" decoding=\"async\" class=\"alignnone size-full wp-image-17477\" src=\"https:\/\/graphimarket.com\/wp-content\/uploads\/2021\/04\/03_girl.jpg\" alt=\"\" width=\"886\" height=\"900\" srcset=\"https:\/\/graphimarket.com\/wp-content\/uploads\/2021\/04\/03_girl.jpg 886w, https:\/\/graphimarket.com\/wp-content\/uploads\/2021\/04\/03_girl-295x300.jpg 295w, https:\/\/graphimarket.com\/wp-content\/uploads\/2021\/04\/03_girl-768x780.jpg 768w, https:\/\/graphimarket.com\/wp-content\/uploads\/2021\/04\/03_girl-12x12.jpg 12w, https:\/\/graphimarket.com\/wp-content\/uploads\/2021\/04\/03_girl-600x609.jpg 600w\" sizes=\"(max-width: 886px) 100vw, 886px\" \/> <img loading=\"lazy\" decoding=\"async\" class=\"alignnone size-full wp-image-17478\" src=\"https:\/\/graphimarket.com\/wp-content\/uploads\/2021\/04\/04_80s.jpg\" alt=\"\" width=\"674\" height=\"900\" srcset=\"https:\/\/graphimarket.com\/wp-content\/uploads\/2021\/04\/04_80s.jpg 674w, https:\/\/graphimarket.com\/wp-content\/uploads\/2021\/04\/04_80s-225x300.jpg 225w, https:\/\/graphimarket.com\/wp-content\/uploads\/2021\/04\/04_80s-9x12.jpg 9w, https:\/\/graphimarket.com\/wp-content\/uploads\/2021\/04\/04_80s-600x801.jpg 600w\" sizes=\"(max-width: 674px) 100vw, 674px\" \/> <img loading=\"lazy\" decoding=\"async\" class=\"alignnone size-full wp-image-17479\" src=\"https:\/\/graphimarket.com\/wp-content\/uploads\/2021\/04\/05_guy.jpg\" alt=\"\" width=\"499\" height=\"900\" srcset=\"https:\/\/graphimarket.com\/wp-content\/uploads\/2021\/04\/05_guy.jpg 499w, https:\/\/graphimarket.com\/wp-content\/uploads\/2021\/04\/05_guy-166x300.jpg 166w, https:\/\/graphimarket.com\/wp-content\/uploads\/2021\/04\/05_guy-7x12.jpg 7w\" sizes=\"(max-width: 499px) 100vw, 499px\" \/><\/p>","protected":false},"excerpt":{"rendered":"<p>Pixel Artist \u2013 8 Bit Retro \u2013 Photoshop Action Turn your images into their\u00a0pixeled version\u00a0in few clicks with this action! Just open the the image and click play, the action will generate\u00a025 different pixeled solutions, choose the one that fits the best and customize it! Use the Color Maps and Dither layers to easily create\u00a08 [&hellip;]<\/p>\n","protected":false},"featured_media":17477,"comment_status":"open","ping_status":"closed","template":"","meta":{"site-sidebar-layout":"default","site-content-layout":"default","ast-site-content-layout":"default","site-content-style":"default","site-sidebar-style":"default","ast-global-header-display":"","ast-banner-title-visibility":"","ast-main-header-display":"","ast-hfb-above-header-display":"","ast-hfb-below-header-display":"","ast-hfb-mobile-header-display":"","site-post-title":"","ast-breadcrumbs-content":"","ast-featured-img":"","footer-sml-layout":"","ast-disable-related-posts":"","theme-transparent-header-meta":"default","adv-header-id-meta":"","stick-header-meta":"","header-above-stick-meta":"","header-main-stick-meta":"","header-below-stick-meta":"","astra-migrate-meta-layouts":"default","ast-page-background-enabled":"default","ast-page-background-meta":{"desktop":{"background-color":"","background-image":"","background-repeat":"repeat","background-position":"center center","background-size":"auto","background-attachment":"scroll","background-type":"","background-media":"","overlay-type":"","overlay-color":"","overlay-opacity":"","overlay-gradient":""},"tablet":{"background-color":"","background-image":"","background-repeat":"repeat","background-position":"center center","background-size":"auto","background-attachment":"scroll","background-type":"","background-media":"","overlay-type":"","overlay-color":"","overlay-opacity":"","overlay-gradient":""},"mobile":{"background-color":"","background-image":"","background-repeat":"repeat","background-position":"center center","background-size":"auto","background-attachment":"scroll","background-type":"","background-media":"","overlay-type":"","overlay-color":"","overlay-opacity":"","overlay-gradient":""}},"ast-content-background-meta":{"desktop":{"background-color":"var(--ast-global-color-5)","background-image":"","background-repeat":"repeat","background-position":"center center","background-size":"auto","background-attachment":"scroll","background-type":"","background-media":"","overlay-type":"","overlay-color":"","overlay-opacity":"","overlay-gradient":""},"tablet":{"background-color":"var(--ast-global-color-5)","background-image":"","background-repeat":"repeat","background-position":"center center","background-size":"auto","background-attachment":"scroll","background-type":"","background-media":"","overlay-type":"","overlay-color":"","overlay-opacity":"","overlay-gradient":""},"mobile":{"background-color":"var(--ast-global-color-5)","background-image":"","background-repeat":"repeat","background-position":"center center","background-size":"auto","background-attachment":"scroll","background-type":"","background-media":"","overlay-type":"","overlay-color":"","overlay-opacity":"","overlay-gradient":""}}},"product_brand":[],"product_cat":[196,97,15,144,145,195,146],"product_tag":[1922,292,62,1991],"class_list":{"0":"post-17465","1":"product","2":"type-product","3":"status-publish","4":"has-post-thumbnail","6":"product_cat-actions","7":"product_cat-addons","8":"product_cat-photo","9":"product_cat-photo-editor","10":"product_cat-photography","11":"product_cat-photoshop","12":"product_cat-photoshop-action","13":"product_tag-8-bit","14":"product_tag-action","15":"product_tag-photoshop","16":"product_tag-pixeled","17":"desktop-align-left","18":"tablet-align-left","19":"mobile-align-left","21":"first","22":"instock","23":"sale","24":"downloadable","25":"virtual","26":"taxable","27":"purchasable","28":"product-type-simple"},"yoast_head":"<!-- This site is optimized with the Yoast SEO plugin v27.3 - https:\/\/yoast.com\/product\/yoast-seo-wordpress\/ -->\n<title>Pixel Artist \u2013 8 Bit Retro \u2013 Photoshop Action - Graphimarket<\/title>\n<meta name=\"description\" content=\"Pixel Artist \u2013 8 Bit Retro \u2013 Photoshop ActionTurn your images into their\u00a0pixeled version\u00a0in few clicks with this action!...\" \/>\n<meta name=\"robots\" content=\"index, follow, max-snippet:-1, max-image-preview:large, max-video-preview:-1\" \/>\n<link rel=\"canonical\" href=\"https:\/\/graphimarket.com\/pt\/product\/pixel-artist-8-bit-retro-photoshop-action\/\" \/>\n<meta property=\"og:locale\" content=\"pt_PT\" \/>\n<meta property=\"og:type\" content=\"article\" \/>\n<meta property=\"og:title\" content=\"Pixel Artist \u2013 8 Bit Retro \u2013 Photoshop Action - Graphimarket\" \/>\n<meta property=\"og:description\" content=\"Pixel Artist \u2013 8 Bit Retro \u2013 Photoshop ActionTurn your images into their\u00a0pixeled version\u00a0in few clicks with this action!...\" \/>\n<meta property=\"og:url\" content=\"https:\/\/graphimarket.com\/pt\/product\/pixel-artist-8-bit-retro-photoshop-action\/\" \/>\n<meta property=\"og:site_name\" content=\"Graphimarket\" \/>\n<meta property=\"article:modified_time\" content=\"2024-10-04T09:13:04+00:00\" \/>\n<meta property=\"og:image\" content=\"https:\/\/graphimarket.com\/wp-content\/uploads\/2021\/04\/03_girl.jpg\" \/>\n\t<meta property=\"og:image:width\" content=\"886\" \/>\n\t<meta property=\"og:image:height\" content=\"900\" \/>\n\t<meta property=\"og:image:type\" content=\"image\/jpeg\" \/>\n<meta name=\"twitter:card\" content=\"summary_large_image\" \/>\n<meta name=\"twitter:label1\" content=\"Est. reading time\" \/>\n\t<meta name=\"twitter:data1\" content=\"1 minute\" \/>\n<script type=\"application\/ld+json\" class=\"yoast-schema-graph\">{\"@context\":\"https:\\\/\\\/schema.org\",\"@graph\":[{\"@type\":\"WebPage\",\"@id\":\"https:\\\/\\\/graphimarket.com\\\/fr\\\/product\\\/pixel-artist-8-bit-retro-photoshop-action\\\/\",\"url\":\"https:\\\/\\\/graphimarket.com\\\/fr\\\/product\\\/pixel-artist-8-bit-retro-photoshop-action\\\/\",\"name\":\"Pixel Artist \u2013 8 Bit Retro \u2013 Photoshop Action - Graphimarket\",\"isPartOf\":{\"@id\":\"https:\\\/\\\/graphimarket.com\\\/fr\\\/#website\"},\"primaryImageOfPage\":{\"@id\":\"https:\\\/\\\/graphimarket.com\\\/fr\\\/product\\\/pixel-artist-8-bit-retro-photoshop-action\\\/#primaryimage\"},\"image\":{\"@id\":\"https:\\\/\\\/graphimarket.com\\\/fr\\\/product\\\/pixel-artist-8-bit-retro-photoshop-action\\\/#primaryimage\"},\"thumbnailUrl\":\"https:\\\/\\\/graphimarket.com\\\/wp-content\\\/uploads\\\/2021\\\/04\\\/03_girl.jpg\",\"datePublished\":\"2021-04-19T16:29:10+00:00\",\"dateModified\":\"2024-10-04T09:13:04+00:00\",\"description\":\"Pixel Artist \u2013 8 Bit Retro \u2013 Photoshop ActionTurn your images into their\u00a0pixeled version\u00a0in few clicks with this action!...\",\"breadcrumb\":{\"@id\":\"https:\\\/\\\/graphimarket.com\\\/fr\\\/product\\\/pixel-artist-8-bit-retro-photoshop-action\\\/#breadcrumb\"},\"inLanguage\":\"pt-PT\",\"potentialAction\":[{\"@type\":\"ReadAction\",\"target\":[\"https:\\\/\\\/graphimarket.com\\\/fr\\\/product\\\/pixel-artist-8-bit-retro-photoshop-action\\\/\"]}]},{\"@type\":\"ImageObject\",\"inLanguage\":\"pt-PT\",\"@id\":\"https:\\\/\\\/graphimarket.com\\\/fr\\\/product\\\/pixel-artist-8-bit-retro-photoshop-action\\\/#primaryimage\",\"url\":\"https:\\\/\\\/graphimarket.com\\\/wp-content\\\/uploads\\\/2021\\\/04\\\/03_girl.jpg\",\"contentUrl\":\"https:\\\/\\\/graphimarket.com\\\/wp-content\\\/uploads\\\/2021\\\/04\\\/03_girl.jpg\",\"width\":886,\"height\":900},{\"@type\":\"BreadcrumbList\",\"@id\":\"https:\\\/\\\/graphimarket.com\\\/fr\\\/product\\\/pixel-artist-8-bit-retro-photoshop-action\\\/#breadcrumb\",\"itemListElement\":[{\"@type\":\"ListItem\",\"position\":1,\"name\":\"Home\",\"item\":\"https:\\\/\\\/graphimarket.com\\\/es\\\/\"},{\"@type\":\"ListItem\",\"position\":2,\"name\":\"Store\",\"item\":\"https:\\\/\\\/graphimarket.com\\\/store\\\/\"},{\"@type\":\"ListItem\",\"position\":3,\"name\":\"Pixel Artist \u2013 8 Bit Retro \u2013 Photoshop Action\"}]},{\"@type\":\"WebSite\",\"@id\":\"https:\\\/\\\/graphimarket.com\\\/fr\\\/#website\",\"url\":\"https:\\\/\\\/graphimarket.com\\\/fr\\\/\",\"name\":\"Graphimarket\",\"description\":\"Find the perfect creative asset to bring your project to life\",\"publisher\":{\"@id\":\"https:\\\/\\\/graphimarket.com\\\/fr\\\/#organization\"},\"potentialAction\":[{\"@type\":\"SearchAction\",\"target\":{\"@type\":\"EntryPoint\",\"urlTemplate\":\"https:\\\/\\\/graphimarket.com\\\/fr\\\/?s={search_term_string}\"},\"query-input\":{\"@type\":\"PropertyValueSpecification\",\"valueRequired\":true,\"valueName\":\"search_term_string\"}}],\"inLanguage\":\"pt-PT\"},{\"@type\":\"Organization\",\"@id\":\"https:\\\/\\\/graphimarket.com\\\/fr\\\/#organization\",\"name\":\"Graphimarket\",\"url\":\"https:\\\/\\\/graphimarket.com\\\/fr\\\/\",\"logo\":{\"@type\":\"ImageObject\",\"inLanguage\":\"pt-PT\",\"@id\":\"https:\\\/\\\/graphimarket.com\\\/fr\\\/#\\\/schema\\\/logo\\\/image\\\/\",\"url\":\"https:\\\/\\\/graphimarket.com\\\/wp-content\\\/uploads\\\/2020\\\/08\\\/logo-48.png\",\"contentUrl\":\"https:\\\/\\\/graphimarket.com\\\/wp-content\\\/uploads\\\/2020\\\/08\\\/logo-48.png\",\"width\":132,\"height\":48,\"caption\":\"Graphimarket\"},\"image\":{\"@id\":\"https:\\\/\\\/graphimarket.com\\\/fr\\\/#\\\/schema\\\/logo\\\/image\\\/\"}}]}<\/script>\n<!-- \/ Yoast SEO plugin. -->","yoast_head_json":{"title":"Pixel Artist \u2013 8 Bit Retro \u2013 Photoshop Action - Graphimarket","description":"Pixel Artist \u2013 8 Bit Retro \u2013 Photoshop ActionTurn your images into their\u00a0pixeled version\u00a0in few clicks with this action!...","robots":{"index":"index","follow":"follow","max-snippet":"max-snippet:-1","max-image-preview":"max-image-preview:large","max-video-preview":"max-video-preview:-1"},"canonical":"https:\/\/graphimarket.com\/pt\/product\/pixel-artist-8-bit-retro-photoshop-action\/","og_locale":"pt_PT","og_type":"article","og_title":"Pixel Artist \u2013 8 Bit Retro \u2013 Photoshop Action - Graphimarket","og_description":"Pixel Artist \u2013 8 Bit Retro \u2013 Photoshop ActionTurn your images into their\u00a0pixeled version\u00a0in few clicks with this action!...","og_url":"https:\/\/graphimarket.com\/pt\/product\/pixel-artist-8-bit-retro-photoshop-action\/","og_site_name":"Graphimarket","article_modified_time":"2024-10-04T09:13:04+00:00","og_image":[{"width":886,"height":900,"url":"https:\/\/graphimarket.com\/wp-content\/uploads\/2021\/04\/03_girl.jpg","type":"image\/jpeg"}],"twitter_card":"summary_large_image","twitter_misc":{"Est. reading time":"1 minute"},"schema":{"@context":"https:\/\/schema.org","@graph":[{"@type":"WebPage","@id":"https:\/\/graphimarket.com\/fr\/product\/pixel-artist-8-bit-retro-photoshop-action\/","url":"https:\/\/graphimarket.com\/fr\/product\/pixel-artist-8-bit-retro-photoshop-action\/","name":"Pixel Artist \u2013 8 Bit Retro \u2013 Photoshop Action - Graphimarket","isPartOf":{"@id":"https:\/\/graphimarket.com\/fr\/#website"},"primaryImageOfPage":{"@id":"https:\/\/graphimarket.com\/fr\/product\/pixel-artist-8-bit-retro-photoshop-action\/#primaryimage"},"image":{"@id":"https:\/\/graphimarket.com\/fr\/product\/pixel-artist-8-bit-retro-photoshop-action\/#primaryimage"},"thumbnailUrl":"https:\/\/graphimarket.com\/wp-content\/uploads\/2021\/04\/03_girl.jpg","datePublished":"2021-04-19T16:29:10+00:00","dateModified":"2024-10-04T09:13:04+00:00","description":"Pixel Artist \u2013 8 Bit Retro \u2013 Photoshop ActionTurn your images into their\u00a0pixeled version\u00a0in few clicks with this action!...","breadcrumb":{"@id":"https:\/\/graphimarket.com\/fr\/product\/pixel-artist-8-bit-retro-photoshop-action\/#breadcrumb"},"inLanguage":"pt-PT","potentialAction":[{"@type":"ReadAction","target":["https:\/\/graphimarket.com\/fr\/product\/pixel-artist-8-bit-retro-photoshop-action\/"]}]},{"@type":"ImageObject","inLanguage":"pt-PT","@id":"https:\/\/graphimarket.com\/fr\/product\/pixel-artist-8-bit-retro-photoshop-action\/#primaryimage","url":"https:\/\/graphimarket.com\/wp-content\/uploads\/2021\/04\/03_girl.jpg","contentUrl":"https:\/\/graphimarket.com\/wp-content\/uploads\/2021\/04\/03_girl.jpg","width":886,"height":900},{"@type":"BreadcrumbList","@id":"https:\/\/graphimarket.com\/fr\/product\/pixel-artist-8-bit-retro-photoshop-action\/#breadcrumb","itemListElement":[{"@type":"ListItem","position":1,"name":"Home","item":"https:\/\/graphimarket.com\/es\/"},{"@type":"ListItem","position":2,"name":"Store","item":"https:\/\/graphimarket.com\/store\/"},{"@type":"ListItem","position":3,"name":"Pixel Artist \u2013 8 Bit Retro \u2013 Photoshop Action"}]},{"@type":"WebSite","@id":"https:\/\/graphimarket.com\/fr\/#website","url":"https:\/\/graphimarket.com\/fr\/","name":"Graphimarket","description":"Encontre o ativo criativo perfeito para dar vida ao seu projeto","publisher":{"@id":"https:\/\/graphimarket.com\/fr\/#organization"},"potentialAction":[{"@type":"SearchAction","target":{"@type":"EntryPoint","urlTemplate":"https:\/\/graphimarket.com\/fr\/?s={search_term_string}"},"query-input":{"@type":"PropertyValueSpecification","valueRequired":true,"valueName":"search_term_string"}}],"inLanguage":"pt-PT"},{"@type":"Organization","@id":"https:\/\/graphimarket.com\/fr\/#organization","name":"Graphimarket","url":"https:\/\/graphimarket.com\/fr\/","logo":{"@type":"ImageObject","inLanguage":"pt-PT","@id":"https:\/\/graphimarket.com\/fr\/#\/schema\/logo\/image\/","url":"https:\/\/graphimarket.com\/wp-content\/uploads\/2020\/08\/logo-48.png","contentUrl":"https:\/\/graphimarket.com\/wp-content\/uploads\/2020\/08\/logo-48.png","width":132,"height":48,"caption":"Graphimarket"},"image":{"@id":"https:\/\/graphimarket.com\/fr\/#\/schema\/logo\/image\/"}}]}},"_links":{"self":[{"href":"http:\/\/graphimarket.com\/pt\/wp-json\/wp\/v2\/product\/17465","targetHints":{"allow":["GET"]}}],"collection":[{"href":"http:\/\/graphimarket.com\/pt\/wp-json\/wp\/v2\/product"}],"about":[{"href":"http:\/\/graphimarket.com\/pt\/wp-json\/wp\/v2\/types\/product"}],"replies":[{"embeddable":true,"href":"http:\/\/graphimarket.com\/pt\/wp-json\/wp\/v2\/comments?post=17465"}],"version-history":[{"count":0,"href":"http:\/\/graphimarket.com\/pt\/wp-json\/wp\/v2\/product\/17465\/revisions"}],"wp:featuredmedia":[{"embeddable":true,"href":"http:\/\/graphimarket.com\/pt\/wp-json\/wp\/v2\/media\/17477"}],"wp:attachment":[{"href":"http:\/\/graphimarket.com\/pt\/wp-json\/wp\/v2\/media?parent=17465"}],"wp:term":[{"taxonomy":"product_brand","embeddable":true,"href":"http:\/\/graphimarket.com\/pt\/wp-json\/wp\/v2\/product_brand?post=17465"},{"taxonomy":"product_cat","embeddable":true,"href":"http:\/\/graphimarket.com\/pt\/wp-json\/wp\/v2\/product_cat?post=17465"},{"taxonomy":"product_tag","embeddable":true,"href":"http:\/\/graphimarket.com\/pt\/wp-json\/wp\/v2\/product_tag?post=17465"}],"curies":[{"name":"wp","href":"https:\/\/api.w.org\/{rel}","templated":true}]}}