{"id":7606,"date":"2020-09-07T10:28:56","date_gmt":"2020-09-07T08:28:56","guid":{"rendered":"https:\/\/graphimarket.com\/?post_type=product&#038;p=7606"},"modified":"2022-12-19T23:29:09","modified_gmt":"2022-12-19T22:29:09","slug":"get-76-worth-of-super-premium-resources-for-free","status":"publish","type":"product","link":"http:\/\/graphimarket.com\/pt\/product\/get-76-worth-of-super-premium-resources-for-free\/","title":{"rendered":"Obtenha $76 de recursos Super Premium gratuitamente"},"content":{"rendered":"<p>Obtenha $76 de recursos Super Premium gratuitamente<\/p>\n<p>N\u00f3s sabemos o quanto voc\u00ea adora brindes; n\u00f3s os amamos tamb\u00e9m. E vamos ser honestos - o que n\u00e3o amar? Recursos de design incr\u00edveis que voc\u00ea pode usar como quiser, mas sem ter que pagar nada!<\/p>\n<p>Hoje temos um novo brinde preparado s\u00f3 para voc\u00ea! \u00c9 uma amostra do JumboZilla, nosso pacote enorme, recheado com\u00a0<strong>26 pacotes Super Premium diferentes<\/strong>!<\/p>\n<p>Neste brinde voc\u00ea encontrar\u00e1 infogr\u00e1ficos, ilustra\u00e7\u00f5es premium, elementos tipogr\u00e1ficos, vetores vintage, maquetes e muito mais!<\/p>\n<p>Basicamente, este brinde \u00e9 um pacote, apenas um pouco menor. E a parte legal \u00e9 que esses recursos v\u00eam com\u00a0<strong>uma licen\u00e7a de royalties estendida<\/strong>, dando-lhe a oportunidade de os utilizar para fins comerciais ilimitados, sem quaisquer taxas ou necessidade de atribui\u00e7\u00e3o!<\/p>\n<p>Aqui est\u00e1 o que voc\u00ea obt\u00e9m:<\/p>\n<p>&nbsp;<\/p>\n<p><img fetchpriority=\"high\" decoding=\"async\" class=\"aligncenter wp-image-7608 size-full\" src=\"https:\/\/graphimarket.com\/wp-content\/uploads\/2020\/09\/preview-big-scaled.jpg\" alt=\"\" width=\"289\" height=\"2560\" srcset=\"https:\/\/graphimarket.com\/wp-content\/uploads\/2020\/09\/preview-big-scaled.jpg 289w, https:\/\/graphimarket.com\/wp-content\/uploads\/2020\/09\/preview-big-34x300.jpg 34w, https:\/\/graphimarket.com\/wp-content\/uploads\/2020\/09\/preview-big-600x5312.jpg 600w\" sizes=\"(max-width: 289px) 100vw, 289px\" \/><\/p>\n<p>&nbsp;<\/p>\n<p>&nbsp;<\/p>\n<p>&nbsp;<\/p>","protected":false},"excerpt":{"rendered":"<p>Get $76 worth of Super Premium Resources for Free We know how much you love freebies; we love them too. And let\u2019s be honest \u2013 what\u2019s not to love? Awesome design resources that you can use however you want, but without having to pay anything! Today we have a new freebie prepared just for you! [&hellip;]<\/p>\n","protected":false},"featured_media":7630,"comment_status":"open","ping_status":"closed","template":"","meta":{"site-sidebar-layout":"default","site-content-layout":"default","ast-site-content-layout":"default","site-content-style":"default","site-sidebar-style":"default","ast-global-header-display":"","ast-banner-title-visibility":"","ast-main-header-display":"","ast-hfb-above-header-display":"","ast-hfb-below-header-display":"","ast-hfb-mobile-header-display":"","site-post-title":"","ast-breadcrumbs-content":"","ast-featured-img":"","footer-sml-layout":"","ast-disable-related-posts":"","theme-transparent-header-meta":"default","adv-header-id-meta":"","stick-header-meta":"","header-above-stick-meta":"","header-main-stick-meta":"","header-below-stick-meta":"","astra-migrate-meta-layouts":"default","ast-page-background-enabled":"default","ast-page-background-meta":{"desktop":{"background-color":"","background-image":"","background-repeat":"repeat","background-position":"center center","background-size":"auto","background-attachment":"scroll","background-type":"","background-media":"","overlay-type":"","overlay-color":"","overlay-opacity":"","overlay-gradient":""},"tablet":{"background-color":"","background-image":"","background-repeat":"repeat","background-position":"center center","background-size":"auto","background-attachment":"scroll","background-type":"","background-media":"","overlay-type":"","overlay-color":"","overlay-opacity":"","overlay-gradient":""},"mobile":{"background-color":"","background-image":"","background-repeat":"repeat","background-position":"center center","background-size":"auto","background-attachment":"scroll","background-type":"","background-media":"","overlay-type":"","overlay-color":"","overlay-opacity":"","overlay-gradient":""}},"ast-content-background-meta":{"desktop":{"background-color":"var(--ast-global-color-5)","background-image":"","background-repeat":"repeat","background-position":"center center","background-size":"auto","background-attachment":"scroll","background-type":"","background-media":"","overlay-type":"","overlay-color":"","overlay-opacity":"","overlay-gradient":""},"tablet":{"background-color":"var(--ast-global-color-5)","background-image":"","background-repeat":"repeat","background-position":"center center","background-size":"auto","background-attachment":"scroll","background-type":"","background-media":"","overlay-type":"","overlay-color":"","overlay-opacity":"","overlay-gradient":""},"mobile":{"background-color":"var(--ast-global-color-5)","background-image":"","background-repeat":"repeat","background-position":"center center","background-size":"auto","background-attachment":"scroll","background-type":"","background-media":"","overlay-type":"","overlay-color":"","overlay-opacity":"","overlay-gradient":""}}},"product_brand":[],"product_cat":[119,191,46,122,15,195,164,168,169],"product_tag":[],"class_list":{"0":"post-7606","1":"product","2":"type-product","3":"status-publish","4":"has-post-thumbnail","6":"product_cat-expired-deals","7":"product_cat-free","8":"product_cat-graphics","9":"product_cat-illustrations","10":"product_cat-photo","11":"product_cat-photoshop","12":"product_cat-software","13":"product_cat-templates","14":"product_cat-text-effects","15":"desktop-align-left","16":"tablet-align-left","17":"mobile-align-left","19":"first","20":"instock","21":"sale","22":"downloadable","23":"virtual","24":"taxable","25":"purchasable","26":"product-type-simple"},"yoast_head":"<!-- This site is optimized with the Yoast SEO plugin v27.3 - https:\/\/yoast.com\/product\/yoast-seo-wordpress\/ -->\n<title>Get $76 worth of Super Premium Resources for Free - Graphimarket<\/title>\n<meta name=\"description\" content=\"Get $76 worth of Super Premium Resources for FreeWe know how much you love freebies; we love them too. And let\u2019s be honest...\" \/>\n<meta name=\"robots\" content=\"index, follow, max-snippet:-1, max-image-preview:large, max-video-preview:-1\" \/>\n<link rel=\"canonical\" href=\"https:\/\/graphimarket.com\/pt\/product\/get-76-worth-of-super-premium-resources-for-free\/\" \/>\n<meta property=\"og:locale\" content=\"pt_PT\" \/>\n<meta property=\"og:type\" content=\"article\" \/>\n<meta property=\"og:title\" content=\"Get $76 worth of Super Premium Resources for Free - Graphimarket\" \/>\n<meta property=\"og:description\" content=\"Get $76 worth of Super Premium Resources for FreeWe know how much you love freebies; we love them too. And let\u2019s be honest...\" \/>\n<meta property=\"og:url\" content=\"https:\/\/graphimarket.com\/pt\/product\/get-76-worth-of-super-premium-resources-for-free\/\" \/>\n<meta property=\"og:site_name\" content=\"Graphimarket\" \/>\n<meta property=\"article:modified_time\" content=\"2022-12-19T22:29:09+00:00\" \/>\n<meta property=\"og:image\" content=\"https:\/\/graphimarket.com\/wp-content\/uploads\/2020\/09\/preview7-2.jpg\" \/>\n\t<meta property=\"og:image:width\" content=\"520\" \/>\n\t<meta property=\"og:image:height\" content=\"360\" \/>\n\t<meta property=\"og:image:type\" content=\"image\/jpeg\" \/>\n<meta name=\"twitter:card\" content=\"summary_large_image\" \/>\n<meta name=\"twitter:label1\" content=\"Est. reading time\" \/>\n\t<meta name=\"twitter:data1\" content=\"1 minute\" \/>\n<script type=\"application\/ld+json\" class=\"yoast-schema-graph\">{\"@context\":\"https:\\\/\\\/schema.org\",\"@graph\":[{\"@type\":\"WebPage\",\"@id\":\"https:\\\/\\\/graphimarket.com\\\/product\\\/get-76-worth-of-super-premium-resources-for-free\\\/\",\"url\":\"https:\\\/\\\/graphimarket.com\\\/product\\\/get-76-worth-of-super-premium-resources-for-free\\\/\",\"name\":\"Get $76 worth of Super Premium Resources for Free - Graphimarket\",\"isPartOf\":{\"@id\":\"https:\\\/\\\/graphimarket.com\\\/fr\\\/#website\"},\"primaryImageOfPage\":{\"@id\":\"https:\\\/\\\/graphimarket.com\\\/product\\\/get-76-worth-of-super-premium-resources-for-free\\\/#primaryimage\"},\"image\":{\"@id\":\"https:\\\/\\\/graphimarket.com\\\/product\\\/get-76-worth-of-super-premium-resources-for-free\\\/#primaryimage\"},\"thumbnailUrl\":\"https:\\\/\\\/graphimarket.com\\\/wp-content\\\/uploads\\\/2020\\\/09\\\/preview7-2.jpg\",\"datePublished\":\"2020-09-07T08:28:56+00:00\",\"dateModified\":\"2022-12-19T22:29:09+00:00\",\"description\":\"Get $76 worth of Super Premium Resources for FreeWe know how much you love freebies; we love them too. And let\u2019s be honest...\",\"breadcrumb\":{\"@id\":\"https:\\\/\\\/graphimarket.com\\\/product\\\/get-76-worth-of-super-premium-resources-for-free\\\/#breadcrumb\"},\"inLanguage\":\"pt-PT\",\"potentialAction\":[{\"@type\":\"ReadAction\",\"target\":[\"https:\\\/\\\/graphimarket.com\\\/product\\\/get-76-worth-of-super-premium-resources-for-free\\\/\"]}]},{\"@type\":\"ImageObject\",\"inLanguage\":\"pt-PT\",\"@id\":\"https:\\\/\\\/graphimarket.com\\\/product\\\/get-76-worth-of-super-premium-resources-for-free\\\/#primaryimage\",\"url\":\"https:\\\/\\\/graphimarket.com\\\/wp-content\\\/uploads\\\/2020\\\/09\\\/preview7-2.jpg\",\"contentUrl\":\"https:\\\/\\\/graphimarket.com\\\/wp-content\\\/uploads\\\/2020\\\/09\\\/preview7-2.jpg\",\"width\":520,\"height\":360},{\"@type\":\"BreadcrumbList\",\"@id\":\"https:\\\/\\\/graphimarket.com\\\/product\\\/get-76-worth-of-super-premium-resources-for-free\\\/#breadcrumb\",\"itemListElement\":[{\"@type\":\"ListItem\",\"position\":1,\"name\":\"Home\",\"item\":\"https:\\\/\\\/graphimarket.com\\\/es\\\/\"},{\"@type\":\"ListItem\",\"position\":2,\"name\":\"Store\",\"item\":\"https:\\\/\\\/graphimarket.com\\\/store\\\/\"},{\"@type\":\"ListItem\",\"position\":3,\"name\":\"Get $76 worth of Super Premium Resources for Free\"}]},{\"@type\":\"WebSite\",\"@id\":\"https:\\\/\\\/graphimarket.com\\\/fr\\\/#website\",\"url\":\"https:\\\/\\\/graphimarket.com\\\/fr\\\/\",\"name\":\"Graphimarket\",\"description\":\"Find the perfect creative asset to bring your project to life\",\"publisher\":{\"@id\":\"https:\\\/\\\/graphimarket.com\\\/fr\\\/#organization\"},\"potentialAction\":[{\"@type\":\"SearchAction\",\"target\":{\"@type\":\"EntryPoint\",\"urlTemplate\":\"https:\\\/\\\/graphimarket.com\\\/fr\\\/?s={search_term_string}\"},\"query-input\":{\"@type\":\"PropertyValueSpecification\",\"valueRequired\":true,\"valueName\":\"search_term_string\"}}],\"inLanguage\":\"pt-PT\"},{\"@type\":\"Organization\",\"@id\":\"https:\\\/\\\/graphimarket.com\\\/fr\\\/#organization\",\"name\":\"Graphimarket\",\"url\":\"https:\\\/\\\/graphimarket.com\\\/fr\\\/\",\"logo\":{\"@type\":\"ImageObject\",\"inLanguage\":\"pt-PT\",\"@id\":\"https:\\\/\\\/graphimarket.com\\\/fr\\\/#\\\/schema\\\/logo\\\/image\\\/\",\"url\":\"https:\\\/\\\/graphimarket.com\\\/wp-content\\\/uploads\\\/2020\\\/08\\\/logo-48.png\",\"contentUrl\":\"https:\\\/\\\/graphimarket.com\\\/wp-content\\\/uploads\\\/2020\\\/08\\\/logo-48.png\",\"width\":132,\"height\":48,\"caption\":\"Graphimarket\"},\"image\":{\"@id\":\"https:\\\/\\\/graphimarket.com\\\/fr\\\/#\\\/schema\\\/logo\\\/image\\\/\"}}]}<\/script>\n<!-- \/ Yoast SEO plugin. -->","yoast_head_json":{"title":"Obtenha $76 de recursos Super Premium gratuitamente - Graphimarket","description":"Obtenha $76 em Recursos Super Premium de gra\u00e7a; sabemos o quanto voc\u00ea adora brindes; n\u00f3s os amamos tamb\u00e9m. E vamos ser honestos ...","robots":{"index":"index","follow":"follow","max-snippet":"max-snippet:-1","max-image-preview":"max-image-preview:large","max-video-preview":"max-video-preview:-1"},"canonical":"https:\/\/graphimarket.com\/pt\/product\/get-76-worth-of-super-premium-resources-for-free\/","og_locale":"pt_PT","og_type":"article","og_title":"Get $76 worth of Super Premium Resources for Free - Graphimarket","og_description":"Get $76 worth of Super Premium Resources for FreeWe know how much you love freebies; we love them too. And let\u2019s be honest...","og_url":"https:\/\/graphimarket.com\/pt\/product\/get-76-worth-of-super-premium-resources-for-free\/","og_site_name":"Graphimarket","article_modified_time":"2022-12-19T22:29:09+00:00","og_image":[{"width":520,"height":360,"url":"https:\/\/graphimarket.com\/wp-content\/uploads\/2020\/09\/preview7-2.jpg","type":"image\/jpeg"}],"twitter_card":"summary_large_image","twitter_misc":{"Est. reading time":"1 minute"},"schema":{"@context":"https:\/\/schema.org","@graph":[{"@type":"WebPage","@id":"https:\/\/graphimarket.com\/product\/get-76-worth-of-super-premium-resources-for-free\/","url":"https:\/\/graphimarket.com\/product\/get-76-worth-of-super-premium-resources-for-free\/","name":"Obtenha $76 de recursos Super Premium gratuitamente - Graphimarket","isPartOf":{"@id":"https:\/\/graphimarket.com\/fr\/#website"},"primaryImageOfPage":{"@id":"https:\/\/graphimarket.com\/product\/get-76-worth-of-super-premium-resources-for-free\/#primaryimage"},"image":{"@id":"https:\/\/graphimarket.com\/product\/get-76-worth-of-super-premium-resources-for-free\/#primaryimage"},"thumbnailUrl":"https:\/\/graphimarket.com\/wp-content\/uploads\/2020\/09\/preview7-2.jpg","datePublished":"2020-09-07T08:28:56+00:00","dateModified":"2022-12-19T22:29:09+00:00","description":"Obtenha $76 em Recursos Super Premium de gra\u00e7a; sabemos o quanto voc\u00ea adora brindes; n\u00f3s os amamos tamb\u00e9m. E vamos ser honestos ...","breadcrumb":{"@id":"https:\/\/graphimarket.com\/product\/get-76-worth-of-super-premium-resources-for-free\/#breadcrumb"},"inLanguage":"pt-PT","potentialAction":[{"@type":"ReadAction","target":["https:\/\/graphimarket.com\/product\/get-76-worth-of-super-premium-resources-for-free\/"]}]},{"@type":"ImageObject","inLanguage":"pt-PT","@id":"https:\/\/graphimarket.com\/product\/get-76-worth-of-super-premium-resources-for-free\/#primaryimage","url":"https:\/\/graphimarket.com\/wp-content\/uploads\/2020\/09\/preview7-2.jpg","contentUrl":"https:\/\/graphimarket.com\/wp-content\/uploads\/2020\/09\/preview7-2.jpg","width":520,"height":360},{"@type":"BreadcrumbList","@id":"https:\/\/graphimarket.com\/product\/get-76-worth-of-super-premium-resources-for-free\/#breadcrumb","itemListElement":[{"@type":"ListItem","position":1,"name":"Home","item":"https:\/\/graphimarket.com\/es\/"},{"@type":"ListItem","position":2,"name":"Store","item":"https:\/\/graphimarket.com\/store\/"},{"@type":"ListItem","position":3,"name":"Get $76 worth of Super Premium Resources for Free"}]},{"@type":"WebSite","@id":"https:\/\/graphimarket.com\/fr\/#website","url":"https:\/\/graphimarket.com\/fr\/","name":"Graphimarket","description":"Encontre o ativo criativo perfeito para dar vida ao seu projeto","publisher":{"@id":"https:\/\/graphimarket.com\/fr\/#organization"},"potentialAction":[{"@type":"SearchAction","target":{"@type":"EntryPoint","urlTemplate":"https:\/\/graphimarket.com\/fr\/?s={search_term_string}"},"query-input":{"@type":"PropertyValueSpecification","valueRequired":true,"valueName":"search_term_string"}}],"inLanguage":"pt-PT"},{"@type":"Organization","@id":"https:\/\/graphimarket.com\/fr\/#organization","name":"Graphimarket","url":"https:\/\/graphimarket.com\/fr\/","logo":{"@type":"ImageObject","inLanguage":"pt-PT","@id":"https:\/\/graphimarket.com\/fr\/#\/schema\/logo\/image\/","url":"https:\/\/graphimarket.com\/wp-content\/uploads\/2020\/08\/logo-48.png","contentUrl":"https:\/\/graphimarket.com\/wp-content\/uploads\/2020\/08\/logo-48.png","width":132,"height":48,"caption":"Graphimarket"},"image":{"@id":"https:\/\/graphimarket.com\/fr\/#\/schema\/logo\/image\/"}}]}},"_links":{"self":[{"href":"http:\/\/graphimarket.com\/pt\/wp-json\/wp\/v2\/product\/7606","targetHints":{"allow":["GET"]}}],"collection":[{"href":"http:\/\/graphimarket.com\/pt\/wp-json\/wp\/v2\/product"}],"about":[{"href":"http:\/\/graphimarket.com\/pt\/wp-json\/wp\/v2\/types\/product"}],"replies":[{"embeddable":true,"href":"http:\/\/graphimarket.com\/pt\/wp-json\/wp\/v2\/comments?post=7606"}],"version-history":[{"count":0,"href":"http:\/\/graphimarket.com\/pt\/wp-json\/wp\/v2\/product\/7606\/revisions"}],"wp:featuredmedia":[{"embeddable":true,"href":"http:\/\/graphimarket.com\/pt\/wp-json\/wp\/v2\/media\/7630"}],"wp:attachment":[{"href":"http:\/\/graphimarket.com\/pt\/wp-json\/wp\/v2\/media?parent=7606"}],"wp:term":[{"taxonomy":"product_brand","embeddable":true,"href":"http:\/\/graphimarket.com\/pt\/wp-json\/wp\/v2\/product_brand?post=7606"},{"taxonomy":"product_cat","embeddable":true,"href":"http:\/\/graphimarket.com\/pt\/wp-json\/wp\/v2\/product_cat?post=7606"},{"taxonomy":"product_tag","embeddable":true,"href":"http:\/\/graphimarket.com\/pt\/wp-json\/wp\/v2\/product_tag?post=7606"}],"curies":[{"name":"wp","href":"https:\/\/api.w.org\/{rel}","templated":true}]}}