{"id":8390,"date":"2020-09-11T18:48:28","date_gmt":"2020-09-11T16:48:28","guid":{"rendered":"https:\/\/graphimarket.com\/?post_type=product&#038;p=8390"},"modified":"2022-12-19T23:17:46","modified_gmt":"2022-12-19T22:17:46","slug":"50-vintage-woodblock-brushes","status":"publish","type":"product","link":"http:\/\/graphimarket.com\/pt\/product\/50-vintage-woodblock-brushes\/","title":{"rendered":"50 pinc\u00e9is vintage xilogravura"},"content":{"rendered":"<p>50 pinc\u00e9is vintage xilogravura<\/p>\n<p>Hora de outro conjunto de pinc\u00e9is fenomenal!<\/p>\n<p>A Layerform tem o orgulho de apresentar seu mais recente e melhor produto para Adobe Photoshop, na forma de um conjunto de 50 pinc\u00e9is Vintage Woodblock, feitos do zero com a boa e velha tinta, papel e um bloco de madeira.<\/p>\n<p>Apesar do que voc\u00ea pode pensar sobre os pinc\u00e9is do Photoshop, este conjunto \u00e9 realmente um conjunto muito poderoso para ter em sua cole\u00e7\u00e3o, permite que voc\u00ea crie quase instantaneamente efeitos sombrios, atmosf\u00e9ricos e sujos para suas imagens sem ter que quebrar a tinta e come\u00e7ar a ficar muito. bagun\u00e7ado!<\/p>\n<p>Com o simples clique de um bot\u00e3o, voc\u00ea pode aplicar esses pinc\u00e9is sobre suas imagens para criar alguns efeitos simplesmente impressionantes!<\/p>\n<p>Neste conjunto voc\u00ea receber\u00e1 o seguinte:<\/p>\n<ul>\n<li>50 pinc\u00e9is de xilogravura vintage em formato .abr<\/li>\n<li>Arquivo Leiame<\/li>\n<\/ul>\n<p>Esperamos que voc\u00ea goste de us\u00e1-los, n\u00f3s nos divertimos criando-os!<\/p>\n<p>Eddy @ Layerform<\/p>\n<p>&nbsp;<\/p>\n<p><img fetchpriority=\"high\" decoding=\"async\" class=\"aligncenter wp-image-8391 size-full\" src=\"https:\/\/graphimarket.com\/wp-content\/uploads\/2020\/09\/034a880a-5094-4e5a-905b-02d217c2dd3e.jpg\" alt=\"\" width=\"900\" height=\"600\" srcset=\"https:\/\/graphimarket.com\/wp-content\/uploads\/2020\/09\/034a880a-5094-4e5a-905b-02d217c2dd3e.jpg 900w, https:\/\/graphimarket.com\/wp-content\/uploads\/2020\/09\/034a880a-5094-4e5a-905b-02d217c2dd3e-600x400.jpg 600w, https:\/\/graphimarket.com\/wp-content\/uploads\/2020\/09\/034a880a-5094-4e5a-905b-02d217c2dd3e-300x200.jpg 300w, https:\/\/graphimarket.com\/wp-content\/uploads\/2020\/09\/034a880a-5094-4e5a-905b-02d217c2dd3e-768x512.jpg 768w\" sizes=\"(max-width: 900px) 100vw, 900px\" \/> <img decoding=\"async\" class=\"aligncenter wp-image-8392 size-full\" src=\"https:\/\/graphimarket.com\/wp-content\/uploads\/2020\/09\/45bba5e0-2127-465b-8f03-dd6b17225b0d.jpg\" alt=\"\" width=\"900\" height=\"600\" srcset=\"https:\/\/graphimarket.com\/wp-content\/uploads\/2020\/09\/45bba5e0-2127-465b-8f03-dd6b17225b0d.jpg 900w, https:\/\/graphimarket.com\/wp-content\/uploads\/2020\/09\/45bba5e0-2127-465b-8f03-dd6b17225b0d-600x400.jpg 600w, https:\/\/graphimarket.com\/wp-content\/uploads\/2020\/09\/45bba5e0-2127-465b-8f03-dd6b17225b0d-300x200.jpg 300w, https:\/\/graphimarket.com\/wp-content\/uploads\/2020\/09\/45bba5e0-2127-465b-8f03-dd6b17225b0d-768x512.jpg 768w\" sizes=\"(max-width: 900px) 100vw, 900px\" \/> <img decoding=\"async\" class=\"aligncenter wp-image-8393 size-full\" src=\"https:\/\/graphimarket.com\/wp-content\/uploads\/2020\/09\/9421a52d-1437-4f0e-be99-4e9b22fedb01.jpg\" alt=\"\" width=\"900\" height=\"600\" srcset=\"https:\/\/graphimarket.com\/wp-content\/uploads\/2020\/09\/9421a52d-1437-4f0e-be99-4e9b22fedb01.jpg 900w, https:\/\/graphimarket.com\/wp-content\/uploads\/2020\/09\/9421a52d-1437-4f0e-be99-4e9b22fedb01-600x400.jpg 600w, https:\/\/graphimarket.com\/wp-content\/uploads\/2020\/09\/9421a52d-1437-4f0e-be99-4e9b22fedb01-300x200.jpg 300w, https:\/\/graphimarket.com\/wp-content\/uploads\/2020\/09\/9421a52d-1437-4f0e-be99-4e9b22fedb01-768x512.jpg 768w\" sizes=\"(max-width: 900px) 100vw, 900px\" \/> <img loading=\"lazy\" decoding=\"async\" class=\"aligncenter wp-image-8394 size-full\" src=\"https:\/\/graphimarket.com\/wp-content\/uploads\/2020\/09\/03ef4bef-7cc4-4b48-b97f-0213b73b0eac.jpg\" alt=\"\" width=\"900\" height=\"600\" srcset=\"https:\/\/graphimarket.com\/wp-content\/uploads\/2020\/09\/03ef4bef-7cc4-4b48-b97f-0213b73b0eac.jpg 900w, https:\/\/graphimarket.com\/wp-content\/uploads\/2020\/09\/03ef4bef-7cc4-4b48-b97f-0213b73b0eac-600x400.jpg 600w, https:\/\/graphimarket.com\/wp-content\/uploads\/2020\/09\/03ef4bef-7cc4-4b48-b97f-0213b73b0eac-300x200.jpg 300w, https:\/\/graphimarket.com\/wp-content\/uploads\/2020\/09\/03ef4bef-7cc4-4b48-b97f-0213b73b0eac-768x512.jpg 768w\" sizes=\"(max-width: 900px) 100vw, 900px\" \/><\/p>\n<p>&nbsp;<\/p>\n<p>&nbsp;<\/p>","protected":false},"excerpt":{"rendered":"<p>50 Vintage Woodblock Brushes Time for another Phenomenal Brush Set! Layerform is proud to present its latest and greatest product for Adobe Photoshop, in the form of a set of 50 Vintage Woodblock Brushes, made from scratch with good old Ink, Paper and a Block of Wood. Despite what you may think about Photoshop Brushes, [&hellip;]<\/p>\n","protected":false},"featured_media":8395,"comment_status":"open","ping_status":"closed","template":"","meta":{"site-sidebar-layout":"default","site-content-layout":"default","ast-site-content-layout":"default","site-content-style":"default","site-sidebar-style":"default","ast-global-header-display":"","ast-banner-title-visibility":"","ast-main-header-display":"","ast-hfb-above-header-display":"","ast-hfb-below-header-display":"","ast-hfb-mobile-header-display":"","site-post-title":"","ast-breadcrumbs-content":"","ast-featured-img":"","footer-sml-layout":"","ast-disable-related-posts":"","theme-transparent-header-meta":"default","adv-header-id-meta":"","stick-header-meta":"","header-above-stick-meta":"","header-main-stick-meta":"","header-below-stick-meta":"","astra-migrate-meta-layouts":"default","ast-page-background-enabled":"default","ast-page-background-meta":{"desktop":{"background-color":"","background-image":"","background-repeat":"repeat","background-position":"center center","background-size":"auto","background-attachment":"scroll","background-type":"","background-media":"","overlay-type":"","overlay-color":"","overlay-opacity":"","overlay-gradient":""},"tablet":{"background-color":"","background-image":"","background-repeat":"repeat","background-position":"center center","background-size":"auto","background-attachment":"scroll","background-type":"","background-media":"","overlay-type":"","overlay-color":"","overlay-opacity":"","overlay-gradient":""},"mobile":{"background-color":"","background-image":"","background-repeat":"repeat","background-position":"center center","background-size":"auto","background-attachment":"scroll","background-type":"","background-media":"","overlay-type":"","overlay-color":"","overlay-opacity":"","overlay-gradient":""}},"ast-content-background-meta":{"desktop":{"background-color":"var(--ast-global-color-5)","background-image":"","background-repeat":"repeat","background-position":"center center","background-size":"auto","background-attachment":"scroll","background-type":"","background-media":"","overlay-type":"","overlay-color":"","overlay-opacity":"","overlay-gradient":""},"tablet":{"background-color":"var(--ast-global-color-5)","background-image":"","background-repeat":"repeat","background-position":"center center","background-size":"auto","background-attachment":"scroll","background-type":"","background-media":"","overlay-type":"","overlay-color":"","overlay-opacity":"","overlay-gradient":""},"mobile":{"background-color":"var(--ast-global-color-5)","background-image":"","background-repeat":"repeat","background-position":"center center","background-size":"auto","background-attachment":"scroll","background-type":"","background-media":"","overlay-type":"","overlay-color":"","overlay-opacity":"","overlay-gradient":""}}},"product_brand":[],"product_cat":[197,195],"product_tag":[389,516,231,515,513,512,277,276,514],"class_list":{"0":"post-8390","1":"product","2":"type-product","3":"status-publish","4":"has-post-thumbnail","6":"product_cat-brushes","7":"product_cat-photoshop","8":"product_tag-brush","9":"product_tag-brushed","10":"product_tag-brushes","11":"product_tag-brushphotoshop","12":"product_tag-photoshopbrush","13":"product_tag-photoshopbrushes","14":"product_tag-retro","15":"product_tag-vintage","16":"product_tag-vintagebrush","17":"desktop-align-left","18":"tablet-align-left","19":"mobile-align-left","21":"first","22":"instock","23":"downloadable","24":"virtual","25":"taxable","26":"purchasable","27":"product-type-simple"},"yoast_head":"<!-- This site is optimized with the Yoast SEO plugin v27.3 - https:\/\/yoast.com\/product\/yoast-seo-wordpress\/ -->\n<title>50 Vintage Woodblock Brushes - Graphimarket<\/title>\n<meta name=\"description\" content=\"50 Vintage Woodblock Brushes\u00a0Time for another Phenomenal Brush Set!Layerform is proud to present its latest and greatest product for Adobe...\" \/>\n<meta name=\"robots\" content=\"index, follow, max-snippet:-1, max-image-preview:large, max-video-preview:-1\" \/>\n<link rel=\"canonical\" href=\"https:\/\/graphimarket.com\/pt\/product\/50-vintage-woodblock-brushes\/\" \/>\n<meta property=\"og:locale\" content=\"pt_PT\" \/>\n<meta property=\"og:type\" content=\"article\" \/>\n<meta property=\"og:title\" content=\"50 Vintage Woodblock Brushes - Graphimarket\" \/>\n<meta property=\"og:description\" content=\"50 Vintage Woodblock Brushes\u00a0Time for another Phenomenal Brush Set!Layerform is proud to present its latest and greatest product for Adobe...\" \/>\n<meta property=\"og:url\" content=\"https:\/\/graphimarket.com\/pt\/product\/50-vintage-woodblock-brushes\/\" \/>\n<meta property=\"og:site_name\" content=\"Graphimarket\" \/>\n<meta property=\"article:modified_time\" content=\"2022-12-19T22:17:46+00:00\" \/>\n<meta property=\"og:image\" content=\"https:\/\/graphimarket.com\/wp-content\/uploads\/2020\/09\/9bdeaf3b-a5f8-4e24-a786-8cfb46c45b58.jpg\" \/>\n\t<meta property=\"og:image:width\" content=\"866\" \/>\n\t<meta property=\"og:image:height\" content=\"577\" \/>\n\t<meta property=\"og:image:type\" content=\"image\/jpeg\" \/>\n<meta name=\"twitter:card\" content=\"summary_large_image\" \/>\n<meta name=\"twitter:label1\" content=\"Est. reading time\" \/>\n\t<meta name=\"twitter:data1\" content=\"1 minute\" \/>\n<script type=\"application\/ld+json\" class=\"yoast-schema-graph\">{\"@context\":\"https:\\\/\\\/schema.org\",\"@graph\":[{\"@type\":\"WebPage\",\"@id\":\"https:\\\/\\\/graphimarket.com\\\/product\\\/50-vintage-woodblock-brushes\\\/\",\"url\":\"https:\\\/\\\/graphimarket.com\\\/product\\\/50-vintage-woodblock-brushes\\\/\",\"name\":\"50 Vintage Woodblock Brushes - Graphimarket\",\"isPartOf\":{\"@id\":\"https:\\\/\\\/graphimarket.com\\\/fr\\\/#website\"},\"primaryImageOfPage\":{\"@id\":\"https:\\\/\\\/graphimarket.com\\\/product\\\/50-vintage-woodblock-brushes\\\/#primaryimage\"},\"image\":{\"@id\":\"https:\\\/\\\/graphimarket.com\\\/product\\\/50-vintage-woodblock-brushes\\\/#primaryimage\"},\"thumbnailUrl\":\"https:\\\/\\\/graphimarket.com\\\/wp-content\\\/uploads\\\/2020\\\/09\\\/9bdeaf3b-a5f8-4e24-a786-8cfb46c45b58.jpg\",\"datePublished\":\"2020-09-11T16:48:28+00:00\",\"dateModified\":\"2022-12-19T22:17:46+00:00\",\"description\":\"50 Vintage Woodblock Brushes\u00a0Time for another Phenomenal Brush Set!Layerform is proud to present its latest and greatest product for Adobe...\",\"breadcrumb\":{\"@id\":\"https:\\\/\\\/graphimarket.com\\\/product\\\/50-vintage-woodblock-brushes\\\/#breadcrumb\"},\"inLanguage\":\"pt-PT\",\"potentialAction\":[{\"@type\":\"ReadAction\",\"target\":[\"https:\\\/\\\/graphimarket.com\\\/product\\\/50-vintage-woodblock-brushes\\\/\"]}]},{\"@type\":\"ImageObject\",\"inLanguage\":\"pt-PT\",\"@id\":\"https:\\\/\\\/graphimarket.com\\\/product\\\/50-vintage-woodblock-brushes\\\/#primaryimage\",\"url\":\"https:\\\/\\\/graphimarket.com\\\/wp-content\\\/uploads\\\/2020\\\/09\\\/9bdeaf3b-a5f8-4e24-a786-8cfb46c45b58.jpg\",\"contentUrl\":\"https:\\\/\\\/graphimarket.com\\\/wp-content\\\/uploads\\\/2020\\\/09\\\/9bdeaf3b-a5f8-4e24-a786-8cfb46c45b58.jpg\",\"width\":866,\"height\":577},{\"@type\":\"BreadcrumbList\",\"@id\":\"https:\\\/\\\/graphimarket.com\\\/product\\\/50-vintage-woodblock-brushes\\\/#breadcrumb\",\"itemListElement\":[{\"@type\":\"ListItem\",\"position\":1,\"name\":\"Home\",\"item\":\"https:\\\/\\\/graphimarket.com\\\/es\\\/\"},{\"@type\":\"ListItem\",\"position\":2,\"name\":\"Store\",\"item\":\"https:\\\/\\\/graphimarket.com\\\/store\\\/\"},{\"@type\":\"ListItem\",\"position\":3,\"name\":\"50 Vintage Woodblock Brushes\"}]},{\"@type\":\"WebSite\",\"@id\":\"https:\\\/\\\/graphimarket.com\\\/fr\\\/#website\",\"url\":\"https:\\\/\\\/graphimarket.com\\\/fr\\\/\",\"name\":\"Graphimarket\",\"description\":\"Find the perfect creative asset to bring your project to life\",\"publisher\":{\"@id\":\"https:\\\/\\\/graphimarket.com\\\/fr\\\/#organization\"},\"potentialAction\":[{\"@type\":\"SearchAction\",\"target\":{\"@type\":\"EntryPoint\",\"urlTemplate\":\"https:\\\/\\\/graphimarket.com\\\/fr\\\/?s={search_term_string}\"},\"query-input\":{\"@type\":\"PropertyValueSpecification\",\"valueRequired\":true,\"valueName\":\"search_term_string\"}}],\"inLanguage\":\"pt-PT\"},{\"@type\":\"Organization\",\"@id\":\"https:\\\/\\\/graphimarket.com\\\/fr\\\/#organization\",\"name\":\"Graphimarket\",\"url\":\"https:\\\/\\\/graphimarket.com\\\/fr\\\/\",\"logo\":{\"@type\":\"ImageObject\",\"inLanguage\":\"pt-PT\",\"@id\":\"https:\\\/\\\/graphimarket.com\\\/fr\\\/#\\\/schema\\\/logo\\\/image\\\/\",\"url\":\"https:\\\/\\\/graphimarket.com\\\/wp-content\\\/uploads\\\/2020\\\/08\\\/logo-48.png\",\"contentUrl\":\"https:\\\/\\\/graphimarket.com\\\/wp-content\\\/uploads\\\/2020\\\/08\\\/logo-48.png\",\"width\":132,\"height\":48,\"caption\":\"Graphimarket\"},\"image\":{\"@id\":\"https:\\\/\\\/graphimarket.com\\\/fr\\\/#\\\/schema\\\/logo\\\/image\\\/\"}}]}<\/script>\n<!-- \/ Yoast SEO plugin. -->","yoast_head_json":{"title":"50 Vintage Woodblock Brushes - Graphimarket","description":"50 Vintage Woodblock Brushes\u00a0Time for another Phenomenal Brush Set!Layerform is proud to present its latest and greatest product for Adobe...","robots":{"index":"index","follow":"follow","max-snippet":"max-snippet:-1","max-image-preview":"max-image-preview:large","max-video-preview":"max-video-preview:-1"},"canonical":"https:\/\/graphimarket.com\/pt\/product\/50-vintage-woodblock-brushes\/","og_locale":"pt_PT","og_type":"article","og_title":"50 Vintage Woodblock Brushes - Graphimarket","og_description":"50 Vintage Woodblock Brushes\u00a0Time for another Phenomenal Brush Set!Layerform is proud to present its latest and greatest product for Adobe...","og_url":"https:\/\/graphimarket.com\/pt\/product\/50-vintage-woodblock-brushes\/","og_site_name":"Graphimarket","article_modified_time":"2022-12-19T22:17:46+00:00","og_image":[{"width":866,"height":577,"url":"https:\/\/graphimarket.com\/wp-content\/uploads\/2020\/09\/9bdeaf3b-a5f8-4e24-a786-8cfb46c45b58.jpg","type":"image\/jpeg"}],"twitter_card":"summary_large_image","twitter_misc":{"Est. reading time":"1 minute"},"schema":{"@context":"https:\/\/schema.org","@graph":[{"@type":"WebPage","@id":"https:\/\/graphimarket.com\/product\/50-vintage-woodblock-brushes\/","url":"https:\/\/graphimarket.com\/product\/50-vintage-woodblock-brushes\/","name":"50 Vintage Woodblock Brushes - Graphimarket","isPartOf":{"@id":"https:\/\/graphimarket.com\/fr\/#website"},"primaryImageOfPage":{"@id":"https:\/\/graphimarket.com\/product\/50-vintage-woodblock-brushes\/#primaryimage"},"image":{"@id":"https:\/\/graphimarket.com\/product\/50-vintage-woodblock-brushes\/#primaryimage"},"thumbnailUrl":"https:\/\/graphimarket.com\/wp-content\/uploads\/2020\/09\/9bdeaf3b-a5f8-4e24-a786-8cfb46c45b58.jpg","datePublished":"2020-09-11T16:48:28+00:00","dateModified":"2022-12-19T22:17:46+00:00","description":"50 Vintage Woodblock Brushes\u00a0Time for another Phenomenal Brush Set!Layerform is proud to present its latest and greatest product for Adobe...","breadcrumb":{"@id":"https:\/\/graphimarket.com\/product\/50-vintage-woodblock-brushes\/#breadcrumb"},"inLanguage":"pt-PT","potentialAction":[{"@type":"ReadAction","target":["https:\/\/graphimarket.com\/product\/50-vintage-woodblock-brushes\/"]}]},{"@type":"ImageObject","inLanguage":"pt-PT","@id":"https:\/\/graphimarket.com\/product\/50-vintage-woodblock-brushes\/#primaryimage","url":"https:\/\/graphimarket.com\/wp-content\/uploads\/2020\/09\/9bdeaf3b-a5f8-4e24-a786-8cfb46c45b58.jpg","contentUrl":"https:\/\/graphimarket.com\/wp-content\/uploads\/2020\/09\/9bdeaf3b-a5f8-4e24-a786-8cfb46c45b58.jpg","width":866,"height":577},{"@type":"BreadcrumbList","@id":"https:\/\/graphimarket.com\/product\/50-vintage-woodblock-brushes\/#breadcrumb","itemListElement":[{"@type":"ListItem","position":1,"name":"Home","item":"https:\/\/graphimarket.com\/es\/"},{"@type":"ListItem","position":2,"name":"Store","item":"https:\/\/graphimarket.com\/store\/"},{"@type":"ListItem","position":3,"name":"50 Vintage Woodblock Brushes"}]},{"@type":"WebSite","@id":"https:\/\/graphimarket.com\/fr\/#website","url":"https:\/\/graphimarket.com\/fr\/","name":"Graphimarket","description":"Encontre o ativo criativo perfeito para dar vida ao seu projeto","publisher":{"@id":"https:\/\/graphimarket.com\/fr\/#organization"},"potentialAction":[{"@type":"SearchAction","target":{"@type":"EntryPoint","urlTemplate":"https:\/\/graphimarket.com\/fr\/?s={search_term_string}"},"query-input":{"@type":"PropertyValueSpecification","valueRequired":true,"valueName":"search_term_string"}}],"inLanguage":"pt-PT"},{"@type":"Organization","@id":"https:\/\/graphimarket.com\/fr\/#organization","name":"Graphimarket","url":"https:\/\/graphimarket.com\/fr\/","logo":{"@type":"ImageObject","inLanguage":"pt-PT","@id":"https:\/\/graphimarket.com\/fr\/#\/schema\/logo\/image\/","url":"https:\/\/graphimarket.com\/wp-content\/uploads\/2020\/08\/logo-48.png","contentUrl":"https:\/\/graphimarket.com\/wp-content\/uploads\/2020\/08\/logo-48.png","width":132,"height":48,"caption":"Graphimarket"},"image":{"@id":"https:\/\/graphimarket.com\/fr\/#\/schema\/logo\/image\/"}}]}},"_links":{"self":[{"href":"http:\/\/graphimarket.com\/pt\/wp-json\/wp\/v2\/product\/8390","targetHints":{"allow":["GET"]}}],"collection":[{"href":"http:\/\/graphimarket.com\/pt\/wp-json\/wp\/v2\/product"}],"about":[{"href":"http:\/\/graphimarket.com\/pt\/wp-json\/wp\/v2\/types\/product"}],"replies":[{"embeddable":true,"href":"http:\/\/graphimarket.com\/pt\/wp-json\/wp\/v2\/comments?post=8390"}],"version-history":[{"count":0,"href":"http:\/\/graphimarket.com\/pt\/wp-json\/wp\/v2\/product\/8390\/revisions"}],"wp:featuredmedia":[{"embeddable":true,"href":"http:\/\/graphimarket.com\/pt\/wp-json\/wp\/v2\/media\/8395"}],"wp:attachment":[{"href":"http:\/\/graphimarket.com\/pt\/wp-json\/wp\/v2\/media?parent=8390"}],"wp:term":[{"taxonomy":"product_brand","embeddable":true,"href":"http:\/\/graphimarket.com\/pt\/wp-json\/wp\/v2\/product_brand?post=8390"},{"taxonomy":"product_cat","embeddable":true,"href":"http:\/\/graphimarket.com\/pt\/wp-json\/wp\/v2\/product_cat?post=8390"},{"taxonomy":"product_tag","embeddable":true,"href":"http:\/\/graphimarket.com\/pt\/wp-json\/wp\/v2\/product_tag?post=8390"}],"curies":[{"name":"wp","href":"https:\/\/api.w.org\/{rel}","templated":true}]}}