{"id":8960,"date":"2020-09-13T15:49:30","date_gmt":"2020-09-13T13:49:30","guid":{"rendered":"https:\/\/graphimarket.com\/?post_type=product&#038;p=8960"},"modified":"2022-12-19T11:03:51","modified_gmt":"2022-12-19T10:03:51","slug":"umbrella-mockup","status":"publish","type":"product","link":"http:\/\/graphimarket.com\/pt\/product\/umbrella-mockup\/","title":{"rendered":"Maquete de guarda-chuva"},"content":{"rendered":"<div class=\"_2Masz2rr\">\n<p><strong>Mockup de guarda-chuva avan\u00e7ado de alta resolu\u00e7\u00e3o.<\/strong>\u00a0Facilmente personaliz\u00e1vel com camadas organizadas e nomeadas. Ajuste os detalhes como a cor da al\u00e7a por meio da camada de preenchimento de cor. \u00d3timo para design de impress\u00e3o, portf\u00f3lio, vitrine, an\u00fancios, banner e muito mais. Varia\u00e7\u00f5es ilimitadas r\u00e1pidas e f\u00e1ceis com apenas alguns cliques.<\/p>\n<p>Caracter\u00edsticas<\/p>\n<ul>\n<li>Alta resolu\u00e7\u00e3o\u00a0<strong>3800x2800px<\/strong><\/li>\n<li>Design de guarda-chuva mut\u00e1vel via\u00a0<strong>Objetos inteligentes<\/strong><\/li>\n<li>Textura e cor de fundo alter\u00e1veis<\/li>\n<li><strong>Funciona muito bem para designs claros, coloridos e escuros<\/strong><\/li>\n<li>Depth of Field PS Action: Concentre-se nos detalhes do seu projeto<\/li>\n<li>F\u00e1cil de usar: Camadas organizadas e nomeadas<\/li>\n<li>Cor da Al\u00e7a Mut\u00e1vel<\/li>\n<li><strong>Grade inclu\u00edda dentro do objeto inteligente<\/strong>\u00a0(Veja imagens de visualiza\u00e7\u00e3o)<\/li>\n<li>Design de amostra inclu\u00eddo dentro do objeto inteligente (consulte as imagens de visualiza\u00e7\u00e3o)<\/li>\n<li>Sombras Separadas \/ Objetos M\u00f3veis<\/li>\n<li><strong>Totalmente personaliz\u00e1vel<\/strong>\u00a0\/ Varia\u00e7\u00f5es Ilimitadas<\/li>\n<li>Cadernos com e sem banda inclu\u00eddos<\/li>\n<li><strong>6 arquivos do Photoshop com diferentes visualiza\u00e7\u00f5es \/ PSD Mockup<\/strong><\/li>\n<li>8 texturas inclu\u00eddas<\/li>\n<li>Guia do Usu\u00e1rio\/Arquivo de Ajuda (PDF ilustrado)<\/li>\n<\/ul>\n<p>Necess\u00e1rio: Adobe CS6+<\/p>\n<\/div>\n<div class=\"_3KAa4-GZ frEFeDSS\"><\/div>\n<div><img fetchpriority=\"high\" decoding=\"async\" class=\"aligncenter wp-image-8971 size-full\" src=\"https:\/\/graphimarket.com\/wp-content\/uploads\/2020\/09\/9e4b058b-f998-4057-82af-dfb443042aa1.jpg\" alt=\"\" width=\"900\" height=\"663\" srcset=\"https:\/\/graphimarket.com\/wp-content\/uploads\/2020\/09\/9e4b058b-f998-4057-82af-dfb443042aa1.jpg 900w, https:\/\/graphimarket.com\/wp-content\/uploads\/2020\/09\/9e4b058b-f998-4057-82af-dfb443042aa1-600x442.jpg 600w, https:\/\/graphimarket.com\/wp-content\/uploads\/2020\/09\/9e4b058b-f998-4057-82af-dfb443042aa1-300x221.jpg 300w, https:\/\/graphimarket.com\/wp-content\/uploads\/2020\/09\/9e4b058b-f998-4057-82af-dfb443042aa1-768x566.jpg 768w\" sizes=\"(max-width: 900px) 100vw, 900px\" \/> <img decoding=\"async\" class=\"aligncenter wp-image-8972 size-full\" src=\"https:\/\/graphimarket.com\/wp-content\/uploads\/2020\/09\/034a2109-372b-4fa3-832e-0f81ba2be86b.jpg\" alt=\"\" width=\"900\" height=\"663\" srcset=\"https:\/\/graphimarket.com\/wp-content\/uploads\/2020\/09\/034a2109-372b-4fa3-832e-0f81ba2be86b.jpg 900w, https:\/\/graphimarket.com\/wp-content\/uploads\/2020\/09\/034a2109-372b-4fa3-832e-0f81ba2be86b-600x442.jpg 600w, https:\/\/graphimarket.com\/wp-content\/uploads\/2020\/09\/034a2109-372b-4fa3-832e-0f81ba2be86b-300x221.jpg 300w, https:\/\/graphimarket.com\/wp-content\/uploads\/2020\/09\/034a2109-372b-4fa3-832e-0f81ba2be86b-768x566.jpg 768w\" sizes=\"(max-width: 900px) 100vw, 900px\" \/> <img decoding=\"async\" class=\"aligncenter wp-image-8973 size-full\" src=\"https:\/\/graphimarket.com\/wp-content\/uploads\/2020\/09\/90124b85-0135-4ca2-8d0a-8e29aa9b9b76.jpg\" alt=\"\" width=\"900\" height=\"663\" srcset=\"https:\/\/graphimarket.com\/wp-content\/uploads\/2020\/09\/90124b85-0135-4ca2-8d0a-8e29aa9b9b76.jpg 900w, https:\/\/graphimarket.com\/wp-content\/uploads\/2020\/09\/90124b85-0135-4ca2-8d0a-8e29aa9b9b76-600x442.jpg 600w, https:\/\/graphimarket.com\/wp-content\/uploads\/2020\/09\/90124b85-0135-4ca2-8d0a-8e29aa9b9b76-300x221.jpg 300w, https:\/\/graphimarket.com\/wp-content\/uploads\/2020\/09\/90124b85-0135-4ca2-8d0a-8e29aa9b9b76-768x566.jpg 768w\" sizes=\"(max-width: 900px) 100vw, 900px\" \/> <img loading=\"lazy\" decoding=\"async\" class=\"aligncenter wp-image-8974 size-full\" src=\"https:\/\/graphimarket.com\/wp-content\/uploads\/2020\/09\/792495bb-c2f7-4b5f-88ce-3aced487381a.jpg\" alt=\"\" width=\"900\" height=\"663\" srcset=\"https:\/\/graphimarket.com\/wp-content\/uploads\/2020\/09\/792495bb-c2f7-4b5f-88ce-3aced487381a.jpg 900w, https:\/\/graphimarket.com\/wp-content\/uploads\/2020\/09\/792495bb-c2f7-4b5f-88ce-3aced487381a-600x442.jpg 600w, https:\/\/graphimarket.com\/wp-content\/uploads\/2020\/09\/792495bb-c2f7-4b5f-88ce-3aced487381a-300x221.jpg 300w, https:\/\/graphimarket.com\/wp-content\/uploads\/2020\/09\/792495bb-c2f7-4b5f-88ce-3aced487381a-768x566.jpg 768w\" sizes=\"(max-width: 900px) 100vw, 900px\" \/> <img loading=\"lazy\" decoding=\"async\" class=\"aligncenter wp-image-8976 size-full\" src=\"https:\/\/graphimarket.com\/wp-content\/uploads\/2020\/09\/baf64830-9699-449a-96ba-9095d82ba567.jpg\" alt=\"\" width=\"900\" height=\"663\" srcset=\"https:\/\/graphimarket.com\/wp-content\/uploads\/2020\/09\/baf64830-9699-449a-96ba-9095d82ba567.jpg 900w, https:\/\/graphimarket.com\/wp-content\/uploads\/2020\/09\/baf64830-9699-449a-96ba-9095d82ba567-600x442.jpg 600w, https:\/\/graphimarket.com\/wp-content\/uploads\/2020\/09\/baf64830-9699-449a-96ba-9095d82ba567-300x221.jpg 300w, https:\/\/graphimarket.com\/wp-content\/uploads\/2020\/09\/baf64830-9699-449a-96ba-9095d82ba567-768x566.jpg 768w\" sizes=\"(max-width: 900px) 100vw, 900px\" \/> <img loading=\"lazy\" decoding=\"async\" class=\"aligncenter wp-image-8977 size-full\" src=\"https:\/\/graphimarket.com\/wp-content\/uploads\/2020\/09\/c8a1306e-a6cf-4d79-adfc-987107dc562b.jpg\" alt=\"\" width=\"900\" height=\"663\" srcset=\"https:\/\/graphimarket.com\/wp-content\/uploads\/2020\/09\/c8a1306e-a6cf-4d79-adfc-987107dc562b.jpg 900w, https:\/\/graphimarket.com\/wp-content\/uploads\/2020\/09\/c8a1306e-a6cf-4d79-adfc-987107dc562b-600x442.jpg 600w, https:\/\/graphimarket.com\/wp-content\/uploads\/2020\/09\/c8a1306e-a6cf-4d79-adfc-987107dc562b-300x221.jpg 300w, https:\/\/graphimarket.com\/wp-content\/uploads\/2020\/09\/c8a1306e-a6cf-4d79-adfc-987107dc562b-768x566.jpg 768w\" sizes=\"(max-width: 900px) 100vw, 900px\" \/> <img loading=\"lazy\" decoding=\"async\" class=\"aligncenter wp-image-8978 size-full\" src=\"https:\/\/graphimarket.com\/wp-content\/uploads\/2020\/09\/c1474c06-afe4-4dd1-9370-1b4374db7e00.jpg\" alt=\"\" width=\"900\" height=\"663\" srcset=\"https:\/\/graphimarket.com\/wp-content\/uploads\/2020\/09\/c1474c06-afe4-4dd1-9370-1b4374db7e00.jpg 900w, https:\/\/graphimarket.com\/wp-content\/uploads\/2020\/09\/c1474c06-afe4-4dd1-9370-1b4374db7e00-600x442.jpg 600w, https:\/\/graphimarket.com\/wp-content\/uploads\/2020\/09\/c1474c06-afe4-4dd1-9370-1b4374db7e00-300x221.jpg 300w, https:\/\/graphimarket.com\/wp-content\/uploads\/2020\/09\/c1474c06-afe4-4dd1-9370-1b4374db7e00-768x566.jpg 768w\" sizes=\"(max-width: 900px) 100vw, 900px\" \/> <img loading=\"lazy\" decoding=\"async\" class=\"aligncenter wp-image-8979 size-full\" src=\"https:\/\/graphimarket.com\/wp-content\/uploads\/2020\/09\/de948a49-6ed9-4433-8e8f-705f38112b6f.jpg\" alt=\"\" width=\"900\" height=\"663\" srcset=\"https:\/\/graphimarket.com\/wp-content\/uploads\/2020\/09\/de948a49-6ed9-4433-8e8f-705f38112b6f.jpg 900w, https:\/\/graphimarket.com\/wp-content\/uploads\/2020\/09\/de948a49-6ed9-4433-8e8f-705f38112b6f-600x442.jpg 600w, https:\/\/graphimarket.com\/wp-content\/uploads\/2020\/09\/de948a49-6ed9-4433-8e8f-705f38112b6f-300x221.jpg 300w, https:\/\/graphimarket.com\/wp-content\/uploads\/2020\/09\/de948a49-6ed9-4433-8e8f-705f38112b6f-768x566.jpg 768w\" sizes=\"(max-width: 900px) 100vw, 900px\" \/> <img loading=\"lazy\" decoding=\"async\" class=\"aligncenter wp-image-8980 size-full\" src=\"https:\/\/graphimarket.com\/wp-content\/uploads\/2020\/09\/ef3a7537-d22f-4c51-8007-c9a1eb4cb74e.jpg\" alt=\"\" width=\"1169\" height=\"648\" srcset=\"https:\/\/graphimarket.com\/wp-content\/uploads\/2020\/09\/ef3a7537-d22f-4c51-8007-c9a1eb4cb74e.jpg 1169w, https:\/\/graphimarket.com\/wp-content\/uploads\/2020\/09\/ef3a7537-d22f-4c51-8007-c9a1eb4cb74e-600x333.jpg 600w, https:\/\/graphimarket.com\/wp-content\/uploads\/2020\/09\/ef3a7537-d22f-4c51-8007-c9a1eb4cb74e-300x166.jpg 300w, https:\/\/graphimarket.com\/wp-content\/uploads\/2020\/09\/ef3a7537-d22f-4c51-8007-c9a1eb4cb74e-1024x568.jpg 1024w, https:\/\/graphimarket.com\/wp-content\/uploads\/2020\/09\/ef3a7537-d22f-4c51-8007-c9a1eb4cb74e-768x426.jpg 768w\" sizes=\"(max-width: 1169px) 100vw, 1169px\" \/> <img loading=\"lazy\" decoding=\"async\" class=\"aligncenter wp-image-8981 size-full\" src=\"https:\/\/graphimarket.com\/wp-content\/uploads\/2020\/09\/e28a9fe4-7ea6-40fd-bf38-c911b1329b1b.jpg\" alt=\"\" width=\"1169\" height=\"648\" srcset=\"https:\/\/graphimarket.com\/wp-content\/uploads\/2020\/09\/e28a9fe4-7ea6-40fd-bf38-c911b1329b1b.jpg 1169w, https:\/\/graphimarket.com\/wp-content\/uploads\/2020\/09\/e28a9fe4-7ea6-40fd-bf38-c911b1329b1b-600x333.jpg 600w, https:\/\/graphimarket.com\/wp-content\/uploads\/2020\/09\/e28a9fe4-7ea6-40fd-bf38-c911b1329b1b-300x166.jpg 300w, https:\/\/graphimarket.com\/wp-content\/uploads\/2020\/09\/e28a9fe4-7ea6-40fd-bf38-c911b1329b1b-1024x568.jpg 1024w, https:\/\/graphimarket.com\/wp-content\/uploads\/2020\/09\/e28a9fe4-7ea6-40fd-bf38-c911b1329b1b-768x426.jpg 768w\" sizes=\"(max-width: 1169px) 100vw, 1169px\" \/> <img loading=\"lazy\" decoding=\"async\" class=\"aligncenter wp-image-8982 size-full\" src=\"https:\/\/graphimarket.com\/wp-content\/uploads\/2020\/09\/2a15b56f-ddb6-4bd8-8ec8-63c75b561a80.jpg\" alt=\"\" width=\"900\" height=\"663\" srcset=\"https:\/\/graphimarket.com\/wp-content\/uploads\/2020\/09\/2a15b56f-ddb6-4bd8-8ec8-63c75b561a80.jpg 900w, https:\/\/graphimarket.com\/wp-content\/uploads\/2020\/09\/2a15b56f-ddb6-4bd8-8ec8-63c75b561a80-600x442.jpg 600w, https:\/\/graphimarket.com\/wp-content\/uploads\/2020\/09\/2a15b56f-ddb6-4bd8-8ec8-63c75b561a80-300x221.jpg 300w, https:\/\/graphimarket.com\/wp-content\/uploads\/2020\/09\/2a15b56f-ddb6-4bd8-8ec8-63c75b561a80-768x566.jpg 768w\" sizes=\"(max-width: 900px) 100vw, 900px\" \/> <img loading=\"lazy\" decoding=\"async\" class=\"aligncenter wp-image-8983 size-full\" src=\"https:\/\/graphimarket.com\/wp-content\/uploads\/2020\/09\/3acdb4db-0313-4fe7-bf9e-2f19a3d898e0.jpg\" alt=\"\" width=\"900\" height=\"663\" srcset=\"https:\/\/graphimarket.com\/wp-content\/uploads\/2020\/09\/3acdb4db-0313-4fe7-bf9e-2f19a3d898e0.jpg 900w, https:\/\/graphimarket.com\/wp-content\/uploads\/2020\/09\/3acdb4db-0313-4fe7-bf9e-2f19a3d898e0-600x442.jpg 600w, https:\/\/graphimarket.com\/wp-content\/uploads\/2020\/09\/3acdb4db-0313-4fe7-bf9e-2f19a3d898e0-300x221.jpg 300w, https:\/\/graphimarket.com\/wp-content\/uploads\/2020\/09\/3acdb4db-0313-4fe7-bf9e-2f19a3d898e0-768x566.jpg 768w\" sizes=\"(max-width: 900px) 100vw, 900px\" \/> <img loading=\"lazy\" decoding=\"async\" class=\"aligncenter wp-image-8984 size-full\" src=\"https:\/\/graphimarket.com\/wp-content\/uploads\/2020\/09\/3ba05474-0618-4e02-8612-39690179a488.jpg\" alt=\"\" width=\"1170\" height=\"862\" srcset=\"https:\/\/graphimarket.com\/wp-content\/uploads\/2020\/09\/3ba05474-0618-4e02-8612-39690179a488.jpg 1170w, https:\/\/graphimarket.com\/wp-content\/uploads\/2020\/09\/3ba05474-0618-4e02-8612-39690179a488-600x442.jpg 600w, https:\/\/graphimarket.com\/wp-content\/uploads\/2020\/09\/3ba05474-0618-4e02-8612-39690179a488-300x221.jpg 300w, https:\/\/graphimarket.com\/wp-content\/uploads\/2020\/09\/3ba05474-0618-4e02-8612-39690179a488-1024x754.jpg 1024w, https:\/\/graphimarket.com\/wp-content\/uploads\/2020\/09\/3ba05474-0618-4e02-8612-39690179a488-768x566.jpg 768w\" sizes=\"(max-width: 1170px) 100vw, 1170px\" \/><\/div>","protected":false},"excerpt":{"rendered":"<p>High-resolution advanced Umbrella Mockup.\u00a0Easily customizable with organized and named layers. Adjust details like handle color via color fill layer. Great for print design, portfolio, showcase, ads, banner and more. Unlimited variations fast and easy with a few clicks. Features High Resolution\u00a03800x2800px Changeable Umbrella Design via\u00a0Smart Objects Changeable Background Texture &amp; Color Works great for Light, [&hellip;]<\/p>\n","protected":false},"featured_media":8979,"comment_status":"open","ping_status":"closed","template":"","meta":{"site-sidebar-layout":"default","site-content-layout":"default","ast-site-content-layout":"default","site-content-style":"default","site-sidebar-style":"default","ast-global-header-display":"","ast-banner-title-visibility":"","ast-main-header-display":"","ast-hfb-above-header-display":"","ast-hfb-below-header-display":"","ast-hfb-mobile-header-display":"","site-post-title":"","ast-breadcrumbs-content":"","ast-featured-img":"","footer-sml-layout":"","ast-disable-related-posts":"","theme-transparent-header-meta":"default","adv-header-id-meta":"","stick-header-meta":"","header-above-stick-meta":"","header-main-stick-meta":"","header-below-stick-meta":"","astra-migrate-meta-layouts":"default","ast-page-background-enabled":"default","ast-page-background-meta":{"desktop":{"background-color":"","background-image":"","background-repeat":"repeat","background-position":"center center","background-size":"auto","background-attachment":"scroll","background-type":"","background-media":"","overlay-type":"","overlay-color":"","overlay-opacity":"","overlay-gradient":""},"tablet":{"background-color":"","background-image":"","background-repeat":"repeat","background-position":"center center","background-size":"auto","background-attachment":"scroll","background-type":"","background-media":"","overlay-type":"","overlay-color":"","overlay-opacity":"","overlay-gradient":""},"mobile":{"background-color":"","background-image":"","background-repeat":"repeat","background-position":"center center","background-size":"auto","background-attachment":"scroll","background-type":"","background-media":"","overlay-type":"","overlay-color":"","overlay-opacity":"","overlay-gradient":""}},"ast-content-background-meta":{"desktop":{"background-color":"var(--ast-global-color-5)","background-image":"","background-repeat":"repeat","background-position":"center center","background-size":"auto","background-attachment":"scroll","background-type":"","background-media":"","overlay-type":"","overlay-color":"","overlay-opacity":"","overlay-gradient":""},"tablet":{"background-color":"var(--ast-global-color-5)","background-image":"","background-repeat":"repeat","background-position":"center center","background-size":"auto","background-attachment":"scroll","background-type":"","background-media":"","overlay-type":"","overlay-color":"","overlay-opacity":"","overlay-gradient":""},"mobile":{"background-color":"var(--ast-global-color-5)","background-image":"","background-repeat":"repeat","background-position":"center center","background-size":"auto","background-attachment":"scroll","background-type":"","background-media":"","overlay-type":"","overlay-color":"","overlay-opacity":"","overlay-gradient":""}}},"product_brand":[],"product_cat":[698],"product_tag":[253,702,717,721,59,718,536,297,720,589,719,491,716,60,715],"class_list":{"0":"post-8960","1":"product","2":"type-product","3":"status-publish","4":"has-post-thumbnail","6":"product_cat-mockup","7":"product_tag-artwork","8":"product_tag-branding","9":"product_tag-cloth","10":"product_tag-company","11":"product_tag-design","12":"product_tag-handle","13":"product_tag-isolated","14":"product_tag-logo","15":"product_tag-merchandize","16":"product_tag-mockup","17":"product_tag-octagon","18":"product_tag-print","19":"product_tag-sun","20":"product_tag-template","21":"product_tag-umbrella","22":"desktop-align-left","23":"tablet-align-left","24":"mobile-align-left","26":"first","27":"instock","28":"downloadable","29":"virtual","30":"taxable","31":"purchasable","32":"product-type-simple"},"yoast_head":"<!-- This site is optimized with the Yoast SEO plugin v27.3 - https:\/\/yoast.com\/product\/yoast-seo-wordpress\/ -->\n<title>Umbrella Mockup - Graphimarket<\/title>\n<meta name=\"description\" content=\"High-resolution advanced Umbrella Mockup.\u00a0Easily customizable with organized and named layers. Adjust details like handle colo...\" \/>\n<meta name=\"robots\" content=\"index, follow, max-snippet:-1, max-image-preview:large, max-video-preview:-1\" \/>\n<link rel=\"canonical\" href=\"https:\/\/graphimarket.com\/pt\/product\/umbrella-mockup\/\" \/>\n<meta property=\"og:locale\" content=\"pt_PT\" \/>\n<meta property=\"og:type\" content=\"article\" \/>\n<meta property=\"og:title\" content=\"Umbrella Mockup - Graphimarket\" \/>\n<meta property=\"og:description\" content=\"High-resolution advanced Umbrella Mockup.\u00a0Easily customizable with organized and named layers. Adjust details like handle colo...\" \/>\n<meta property=\"og:url\" content=\"https:\/\/graphimarket.com\/pt\/product\/umbrella-mockup\/\" \/>\n<meta property=\"og:site_name\" content=\"Graphimarket\" \/>\n<meta property=\"article:modified_time\" content=\"2022-12-19T10:03:51+00:00\" \/>\n<meta property=\"og:image\" content=\"https:\/\/graphimarket.com\/wp-content\/uploads\/2020\/09\/de948a49-6ed9-4433-8e8f-705f38112b6f.jpg\" \/>\n\t<meta property=\"og:image:width\" content=\"900\" \/>\n\t<meta property=\"og:image:height\" content=\"663\" \/>\n\t<meta property=\"og:image:type\" content=\"image\/jpeg\" \/>\n<meta name=\"twitter:card\" content=\"summary_large_image\" \/>\n<meta name=\"twitter:label1\" content=\"Est. reading time\" \/>\n\t<meta name=\"twitter:data1\" content=\"1 minute\" \/>\n<script type=\"application\/ld+json\" class=\"yoast-schema-graph\">{\"@context\":\"https:\\\/\\\/schema.org\",\"@graph\":[{\"@type\":\"WebPage\",\"@id\":\"https:\\\/\\\/graphimarket.com\\\/product\\\/umbrella-mockup\\\/\",\"url\":\"https:\\\/\\\/graphimarket.com\\\/product\\\/umbrella-mockup\\\/\",\"name\":\"Umbrella Mockup - Graphimarket\",\"isPartOf\":{\"@id\":\"https:\\\/\\\/graphimarket.com\\\/fr\\\/#website\"},\"primaryImageOfPage\":{\"@id\":\"https:\\\/\\\/graphimarket.com\\\/product\\\/umbrella-mockup\\\/#primaryimage\"},\"image\":{\"@id\":\"https:\\\/\\\/graphimarket.com\\\/product\\\/umbrella-mockup\\\/#primaryimage\"},\"thumbnailUrl\":\"https:\\\/\\\/graphimarket.com\\\/wp-content\\\/uploads\\\/2020\\\/09\\\/de948a49-6ed9-4433-8e8f-705f38112b6f.jpg\",\"datePublished\":\"2020-09-13T13:49:30+00:00\",\"dateModified\":\"2022-12-19T10:03:51+00:00\",\"description\":\"High-resolution advanced Umbrella Mockup.\u00a0Easily customizable with organized and named layers. Adjust details like handle colo...\",\"breadcrumb\":{\"@id\":\"https:\\\/\\\/graphimarket.com\\\/product\\\/umbrella-mockup\\\/#breadcrumb\"},\"inLanguage\":\"pt-PT\",\"potentialAction\":[{\"@type\":\"ReadAction\",\"target\":[\"https:\\\/\\\/graphimarket.com\\\/product\\\/umbrella-mockup\\\/\"]}]},{\"@type\":\"ImageObject\",\"inLanguage\":\"pt-PT\",\"@id\":\"https:\\\/\\\/graphimarket.com\\\/product\\\/umbrella-mockup\\\/#primaryimage\",\"url\":\"https:\\\/\\\/graphimarket.com\\\/wp-content\\\/uploads\\\/2020\\\/09\\\/de948a49-6ed9-4433-8e8f-705f38112b6f.jpg\",\"contentUrl\":\"https:\\\/\\\/graphimarket.com\\\/wp-content\\\/uploads\\\/2020\\\/09\\\/de948a49-6ed9-4433-8e8f-705f38112b6f.jpg\",\"width\":900,\"height\":663},{\"@type\":\"BreadcrumbList\",\"@id\":\"https:\\\/\\\/graphimarket.com\\\/product\\\/umbrella-mockup\\\/#breadcrumb\",\"itemListElement\":[{\"@type\":\"ListItem\",\"position\":1,\"name\":\"Home\",\"item\":\"https:\\\/\\\/graphimarket.com\\\/es\\\/\"},{\"@type\":\"ListItem\",\"position\":2,\"name\":\"Store\",\"item\":\"https:\\\/\\\/graphimarket.com\\\/store\\\/\"},{\"@type\":\"ListItem\",\"position\":3,\"name\":\"Umbrella Mockup\"}]},{\"@type\":\"WebSite\",\"@id\":\"https:\\\/\\\/graphimarket.com\\\/fr\\\/#website\",\"url\":\"https:\\\/\\\/graphimarket.com\\\/fr\\\/\",\"name\":\"Graphimarket\",\"description\":\"Find the perfect creative asset to bring your project to life\",\"publisher\":{\"@id\":\"https:\\\/\\\/graphimarket.com\\\/fr\\\/#organization\"},\"potentialAction\":[{\"@type\":\"SearchAction\",\"target\":{\"@type\":\"EntryPoint\",\"urlTemplate\":\"https:\\\/\\\/graphimarket.com\\\/fr\\\/?s={search_term_string}\"},\"query-input\":{\"@type\":\"PropertyValueSpecification\",\"valueRequired\":true,\"valueName\":\"search_term_string\"}}],\"inLanguage\":\"pt-PT\"},{\"@type\":\"Organization\",\"@id\":\"https:\\\/\\\/graphimarket.com\\\/fr\\\/#organization\",\"name\":\"Graphimarket\",\"url\":\"https:\\\/\\\/graphimarket.com\\\/fr\\\/\",\"logo\":{\"@type\":\"ImageObject\",\"inLanguage\":\"pt-PT\",\"@id\":\"https:\\\/\\\/graphimarket.com\\\/fr\\\/#\\\/schema\\\/logo\\\/image\\\/\",\"url\":\"https:\\\/\\\/graphimarket.com\\\/wp-content\\\/uploads\\\/2020\\\/08\\\/logo-48.png\",\"contentUrl\":\"https:\\\/\\\/graphimarket.com\\\/wp-content\\\/uploads\\\/2020\\\/08\\\/logo-48.png\",\"width\":132,\"height\":48,\"caption\":\"Graphimarket\"},\"image\":{\"@id\":\"https:\\\/\\\/graphimarket.com\\\/fr\\\/#\\\/schema\\\/logo\\\/image\\\/\"}}]}<\/script>\n<!-- \/ Yoast SEO plugin. -->","yoast_head_json":{"title":"Modelo de guarda-chuva - Graphimarket","description":"Mockup de guarda-chuva avan\u00e7ado de alta resolu\u00e7\u00e3o. Facilmente personaliz\u00e1vel com camadas organizadas e nomeadas. Ajuste os detalhes como a cor da al\u00e7a...","robots":{"index":"index","follow":"follow","max-snippet":"max-snippet:-1","max-image-preview":"max-image-preview:large","max-video-preview":"max-video-preview:-1"},"canonical":"https:\/\/graphimarket.com\/pt\/product\/umbrella-mockup\/","og_locale":"pt_PT","og_type":"article","og_title":"Umbrella Mockup - Graphimarket","og_description":"High-resolution advanced Umbrella Mockup.\u00a0Easily customizable with organized and named layers. Adjust details like handle colo...","og_url":"https:\/\/graphimarket.com\/pt\/product\/umbrella-mockup\/","og_site_name":"Graphimarket","article_modified_time":"2022-12-19T10:03:51+00:00","og_image":[{"width":900,"height":663,"url":"https:\/\/graphimarket.com\/wp-content\/uploads\/2020\/09\/de948a49-6ed9-4433-8e8f-705f38112b6f.jpg","type":"image\/jpeg"}],"twitter_card":"summary_large_image","twitter_misc":{"Est. reading time":"1 minute"},"schema":{"@context":"https:\/\/schema.org","@graph":[{"@type":"WebPage","@id":"https:\/\/graphimarket.com\/product\/umbrella-mockup\/","url":"https:\/\/graphimarket.com\/product\/umbrella-mockup\/","name":"Modelo de guarda-chuva - Graphimarket","isPartOf":{"@id":"https:\/\/graphimarket.com\/fr\/#website"},"primaryImageOfPage":{"@id":"https:\/\/graphimarket.com\/product\/umbrella-mockup\/#primaryimage"},"image":{"@id":"https:\/\/graphimarket.com\/product\/umbrella-mockup\/#primaryimage"},"thumbnailUrl":"https:\/\/graphimarket.com\/wp-content\/uploads\/2020\/09\/de948a49-6ed9-4433-8e8f-705f38112b6f.jpg","datePublished":"2020-09-13T13:49:30+00:00","dateModified":"2022-12-19T10:03:51+00:00","description":"Mockup de guarda-chuva avan\u00e7ado de alta resolu\u00e7\u00e3o. Facilmente personaliz\u00e1vel com camadas organizadas e nomeadas. Ajuste os detalhes como a cor da al\u00e7a...","breadcrumb":{"@id":"https:\/\/graphimarket.com\/product\/umbrella-mockup\/#breadcrumb"},"inLanguage":"pt-PT","potentialAction":[{"@type":"ReadAction","target":["https:\/\/graphimarket.com\/product\/umbrella-mockup\/"]}]},{"@type":"ImageObject","inLanguage":"pt-PT","@id":"https:\/\/graphimarket.com\/product\/umbrella-mockup\/#primaryimage","url":"https:\/\/graphimarket.com\/wp-content\/uploads\/2020\/09\/de948a49-6ed9-4433-8e8f-705f38112b6f.jpg","contentUrl":"https:\/\/graphimarket.com\/wp-content\/uploads\/2020\/09\/de948a49-6ed9-4433-8e8f-705f38112b6f.jpg","width":900,"height":663},{"@type":"BreadcrumbList","@id":"https:\/\/graphimarket.com\/product\/umbrella-mockup\/#breadcrumb","itemListElement":[{"@type":"ListItem","position":1,"name":"Home","item":"https:\/\/graphimarket.com\/es\/"},{"@type":"ListItem","position":2,"name":"Store","item":"https:\/\/graphimarket.com\/store\/"},{"@type":"ListItem","position":3,"name":"Umbrella Mockup"}]},{"@type":"WebSite","@id":"https:\/\/graphimarket.com\/fr\/#website","url":"https:\/\/graphimarket.com\/fr\/","name":"Graphimarket","description":"Encontre o ativo criativo perfeito para dar vida ao seu projeto","publisher":{"@id":"https:\/\/graphimarket.com\/fr\/#organization"},"potentialAction":[{"@type":"SearchAction","target":{"@type":"EntryPoint","urlTemplate":"https:\/\/graphimarket.com\/fr\/?s={search_term_string}"},"query-input":{"@type":"PropertyValueSpecification","valueRequired":true,"valueName":"search_term_string"}}],"inLanguage":"pt-PT"},{"@type":"Organization","@id":"https:\/\/graphimarket.com\/fr\/#organization","name":"Graphimarket","url":"https:\/\/graphimarket.com\/fr\/","logo":{"@type":"ImageObject","inLanguage":"pt-PT","@id":"https:\/\/graphimarket.com\/fr\/#\/schema\/logo\/image\/","url":"https:\/\/graphimarket.com\/wp-content\/uploads\/2020\/08\/logo-48.png","contentUrl":"https:\/\/graphimarket.com\/wp-content\/uploads\/2020\/08\/logo-48.png","width":132,"height":48,"caption":"Graphimarket"},"image":{"@id":"https:\/\/graphimarket.com\/fr\/#\/schema\/logo\/image\/"}}]}},"_links":{"self":[{"href":"http:\/\/graphimarket.com\/pt\/wp-json\/wp\/v2\/product\/8960","targetHints":{"allow":["GET"]}}],"collection":[{"href":"http:\/\/graphimarket.com\/pt\/wp-json\/wp\/v2\/product"}],"about":[{"href":"http:\/\/graphimarket.com\/pt\/wp-json\/wp\/v2\/types\/product"}],"replies":[{"embeddable":true,"href":"http:\/\/graphimarket.com\/pt\/wp-json\/wp\/v2\/comments?post=8960"}],"version-history":[{"count":0,"href":"http:\/\/graphimarket.com\/pt\/wp-json\/wp\/v2\/product\/8960\/revisions"}],"wp:featuredmedia":[{"embeddable":true,"href":"http:\/\/graphimarket.com\/pt\/wp-json\/wp\/v2\/media\/8979"}],"wp:attachment":[{"href":"http:\/\/graphimarket.com\/pt\/wp-json\/wp\/v2\/media?parent=8960"}],"wp:term":[{"taxonomy":"product_brand","embeddable":true,"href":"http:\/\/graphimarket.com\/pt\/wp-json\/wp\/v2\/product_brand?post=8960"},{"taxonomy":"product_cat","embeddable":true,"href":"http:\/\/graphimarket.com\/pt\/wp-json\/wp\/v2\/product_cat?post=8960"},{"taxonomy":"product_tag","embeddable":true,"href":"http:\/\/graphimarket.com\/pt\/wp-json\/wp\/v2\/product_tag?post=8960"}],"curies":[{"name":"wp","href":"https:\/\/api.w.org\/{rel}","templated":true}]}}