{"id":9033,"date":"2020-09-13T17:23:10","date_gmt":"2020-09-13T15:23:10","guid":{"rendered":"https:\/\/graphimarket.com\/?post_type=product&#038;p=9033"},"modified":"2022-12-19T11:03:08","modified_gmt":"2022-12-19T10:03:08","slug":"keychain-mockup","status":"publish","type":"product","link":"http:\/\/graphimarket.com\/pt\/product\/keychain-mockup\/","title":{"rendered":"Maquete de chaveiro"},"content":{"rendered":"<div class=\"_2Masz2rr\">\n<p><strong>Maquete de chaveiro<\/strong><\/p>\n<p><strong>Recursos:<\/strong><\/p>\n<ul>\n<li>7 estilos de PSD<\/li>\n<li>Alta resolu\u00e7\u00e3o. Tamanho de 3000\u00d72000 pixels, 300dpi<\/li>\n<li>Edi\u00e7\u00e3o f\u00e1cil e r\u00e1pida atrav\u00e9s de objetos inteligentes<\/li>\n<li>Camadas e pastas organizadas<\/li>\n<li>Cor de fundo alter\u00e1vel<\/li>\n<li>Imagens n\u00e3o inclu\u00eddas<\/li>\n<\/ul>\n<p><strong>Arquivos inclu\u00eddos:<\/strong><\/p>\n<ul>\n<li>7 arquivos PSD<\/li>\n<li>Arquivo de ajuda.pdf<\/li>\n<\/ul>\n<\/div>\n<div class=\"_3KAa4-GZ frEFeDSS\"><\/div>\n<div><img fetchpriority=\"high\" decoding=\"async\" class=\"aligncenter wp-image-9034 size-full\" src=\"https:\/\/graphimarket.com\/wp-content\/uploads\/2020\/09\/988fcf3f-6ffe-450a-9b60-ab6d62d74bba.jpg\" alt=\"\" width=\"1170\" height=\"780\" srcset=\"https:\/\/graphimarket.com\/wp-content\/uploads\/2020\/09\/988fcf3f-6ffe-450a-9b60-ab6d62d74bba.jpg 1170w, https:\/\/graphimarket.com\/wp-content\/uploads\/2020\/09\/988fcf3f-6ffe-450a-9b60-ab6d62d74bba-600x400.jpg 600w, https:\/\/graphimarket.com\/wp-content\/uploads\/2020\/09\/988fcf3f-6ffe-450a-9b60-ab6d62d74bba-300x200.jpg 300w, https:\/\/graphimarket.com\/wp-content\/uploads\/2020\/09\/988fcf3f-6ffe-450a-9b60-ab6d62d74bba-1024x683.jpg 1024w, https:\/\/graphimarket.com\/wp-content\/uploads\/2020\/09\/988fcf3f-6ffe-450a-9b60-ab6d62d74bba-768x512.jpg 768w\" sizes=\"(max-width: 1170px) 100vw, 1170px\" \/> <img decoding=\"async\" class=\"aligncenter wp-image-9035 size-full\" src=\"https:\/\/graphimarket.com\/wp-content\/uploads\/2020\/09\/2814270e-c798-4243-93d1-2f0e7e9bec2c.jpg\" alt=\"\" width=\"1170\" height=\"780\" srcset=\"https:\/\/graphimarket.com\/wp-content\/uploads\/2020\/09\/2814270e-c798-4243-93d1-2f0e7e9bec2c.jpg 1170w, https:\/\/graphimarket.com\/wp-content\/uploads\/2020\/09\/2814270e-c798-4243-93d1-2f0e7e9bec2c-600x400.jpg 600w, https:\/\/graphimarket.com\/wp-content\/uploads\/2020\/09\/2814270e-c798-4243-93d1-2f0e7e9bec2c-300x200.jpg 300w, https:\/\/graphimarket.com\/wp-content\/uploads\/2020\/09\/2814270e-c798-4243-93d1-2f0e7e9bec2c-1024x683.jpg 1024w, https:\/\/graphimarket.com\/wp-content\/uploads\/2020\/09\/2814270e-c798-4243-93d1-2f0e7e9bec2c-768x512.jpg 768w\" sizes=\"(max-width: 1170px) 100vw, 1170px\" \/> <img decoding=\"async\" class=\"aligncenter wp-image-9036 size-full\" src=\"https:\/\/graphimarket.com\/wp-content\/uploads\/2020\/09\/f3e70d7f-0d3f-4d6f-a19d-40ae71c374d3.jpg\" alt=\"\" width=\"1170\" height=\"780\" srcset=\"https:\/\/graphimarket.com\/wp-content\/uploads\/2020\/09\/f3e70d7f-0d3f-4d6f-a19d-40ae71c374d3.jpg 1170w, https:\/\/graphimarket.com\/wp-content\/uploads\/2020\/09\/f3e70d7f-0d3f-4d6f-a19d-40ae71c374d3-600x400.jpg 600w, https:\/\/graphimarket.com\/wp-content\/uploads\/2020\/09\/f3e70d7f-0d3f-4d6f-a19d-40ae71c374d3-300x200.jpg 300w, https:\/\/graphimarket.com\/wp-content\/uploads\/2020\/09\/f3e70d7f-0d3f-4d6f-a19d-40ae71c374d3-1024x683.jpg 1024w, https:\/\/graphimarket.com\/wp-content\/uploads\/2020\/09\/f3e70d7f-0d3f-4d6f-a19d-40ae71c374d3-768x512.jpg 768w\" sizes=\"(max-width: 1170px) 100vw, 1170px\" \/> <img loading=\"lazy\" decoding=\"async\" class=\"aligncenter wp-image-9037 size-full\" src=\"https:\/\/graphimarket.com\/wp-content\/uploads\/2020\/09\/5ec4c14e-8cd7-49c9-9755-7ecbaa6c31e7.jpg\" alt=\"\" width=\"1170\" height=\"780\" srcset=\"https:\/\/graphimarket.com\/wp-content\/uploads\/2020\/09\/5ec4c14e-8cd7-49c9-9755-7ecbaa6c31e7.jpg 1170w, https:\/\/graphimarket.com\/wp-content\/uploads\/2020\/09\/5ec4c14e-8cd7-49c9-9755-7ecbaa6c31e7-600x400.jpg 600w, https:\/\/graphimarket.com\/wp-content\/uploads\/2020\/09\/5ec4c14e-8cd7-49c9-9755-7ecbaa6c31e7-300x200.jpg 300w, https:\/\/graphimarket.com\/wp-content\/uploads\/2020\/09\/5ec4c14e-8cd7-49c9-9755-7ecbaa6c31e7-1024x683.jpg 1024w, https:\/\/graphimarket.com\/wp-content\/uploads\/2020\/09\/5ec4c14e-8cd7-49c9-9755-7ecbaa6c31e7-768x512.jpg 768w\" sizes=\"(max-width: 1170px) 100vw, 1170px\" \/> <img loading=\"lazy\" decoding=\"async\" class=\"aligncenter wp-image-9038 size-full\" src=\"https:\/\/graphimarket.com\/wp-content\/uploads\/2020\/09\/1f7faf63-dc86-411c-af60-f641b00ed1f9.jpg\" alt=\"\" width=\"1170\" height=\"780\" srcset=\"https:\/\/graphimarket.com\/wp-content\/uploads\/2020\/09\/1f7faf63-dc86-411c-af60-f641b00ed1f9.jpg 1170w, https:\/\/graphimarket.com\/wp-content\/uploads\/2020\/09\/1f7faf63-dc86-411c-af60-f641b00ed1f9-600x400.jpg 600w, https:\/\/graphimarket.com\/wp-content\/uploads\/2020\/09\/1f7faf63-dc86-411c-af60-f641b00ed1f9-300x200.jpg 300w, https:\/\/graphimarket.com\/wp-content\/uploads\/2020\/09\/1f7faf63-dc86-411c-af60-f641b00ed1f9-1024x683.jpg 1024w, https:\/\/graphimarket.com\/wp-content\/uploads\/2020\/09\/1f7faf63-dc86-411c-af60-f641b00ed1f9-768x512.jpg 768w\" sizes=\"(max-width: 1170px) 100vw, 1170px\" \/> <img loading=\"lazy\" decoding=\"async\" class=\"aligncenter wp-image-9039 size-full\" src=\"https:\/\/graphimarket.com\/wp-content\/uploads\/2020\/09\/7b00f4aa-10aa-4ecb-b4c6-4e17922c0a95.jpg\" alt=\"\" width=\"1170\" height=\"780\" srcset=\"https:\/\/graphimarket.com\/wp-content\/uploads\/2020\/09\/7b00f4aa-10aa-4ecb-b4c6-4e17922c0a95.jpg 1170w, https:\/\/graphimarket.com\/wp-content\/uploads\/2020\/09\/7b00f4aa-10aa-4ecb-b4c6-4e17922c0a95-600x400.jpg 600w, https:\/\/graphimarket.com\/wp-content\/uploads\/2020\/09\/7b00f4aa-10aa-4ecb-b4c6-4e17922c0a95-300x200.jpg 300w, https:\/\/graphimarket.com\/wp-content\/uploads\/2020\/09\/7b00f4aa-10aa-4ecb-b4c6-4e17922c0a95-1024x683.jpg 1024w, https:\/\/graphimarket.com\/wp-content\/uploads\/2020\/09\/7b00f4aa-10aa-4ecb-b4c6-4e17922c0a95-768x512.jpg 768w\" sizes=\"(max-width: 1170px) 100vw, 1170px\" \/><\/div>","protected":false},"excerpt":{"rendered":"<p>Keychain Mockup Features: 7 psd styles High Resolution. 3000&#215;2000 pixel size, 300dpi Easy and fast editing via smart objects Organized layers and folders Changeable background color Images not included Files Included: 7 PSD files Help file.pdf<\/p>","protected":false},"featured_media":9040,"comment_status":"open","ping_status":"closed","template":"","meta":{"site-sidebar-layout":"default","site-content-layout":"default","ast-site-content-layout":"default","site-content-style":"default","site-sidebar-style":"default","ast-global-header-display":"","ast-banner-title-visibility":"","ast-main-header-display":"","ast-hfb-above-header-display":"","ast-hfb-below-header-display":"","ast-hfb-mobile-header-display":"","site-post-title":"","ast-breadcrumbs-content":"","ast-featured-img":"","footer-sml-layout":"","ast-disable-related-posts":"","theme-transparent-header-meta":"default","adv-header-id-meta":"","stick-header-meta":"","header-above-stick-meta":"","header-main-stick-meta":"","header-below-stick-meta":"","astra-migrate-meta-layouts":"default","ast-page-background-enabled":"default","ast-page-background-meta":{"desktop":{"background-color":"","background-image":"","background-repeat":"repeat","background-position":"center center","background-size":"auto","background-attachment":"scroll","background-type":"","background-media":"","overlay-type":"","overlay-color":"","overlay-opacity":"","overlay-gradient":""},"tablet":{"background-color":"","background-image":"","background-repeat":"repeat","background-position":"center center","background-size":"auto","background-attachment":"scroll","background-type":"","background-media":"","overlay-type":"","overlay-color":"","overlay-opacity":"","overlay-gradient":""},"mobile":{"background-color":"","background-image":"","background-repeat":"repeat","background-position":"center center","background-size":"auto","background-attachment":"scroll","background-type":"","background-media":"","overlay-type":"","overlay-color":"","overlay-opacity":"","overlay-gradient":""}},"ast-content-background-meta":{"desktop":{"background-color":"var(--ast-global-color-5)","background-image":"","background-repeat":"repeat","background-position":"center center","background-size":"auto","background-attachment":"scroll","background-type":"","background-media":"","overlay-type":"","overlay-color":"","overlay-opacity":"","overlay-gradient":""},"tablet":{"background-color":"var(--ast-global-color-5)","background-image":"","background-repeat":"repeat","background-position":"center center","background-size":"auto","background-attachment":"scroll","background-type":"","background-media":"","overlay-type":"","overlay-color":"","overlay-opacity":"","overlay-gradient":""},"mobile":{"background-color":"var(--ast-global-color-5)","background-image":"","background-repeat":"repeat","background-position":"center center","background-size":"auto","background-attachment":"scroll","background-type":"","background-media":"","overlay-type":"","overlay-color":"","overlay-opacity":"","overlay-gradient":""}}},"product_brand":[],"product_cat":[195],"product_tag":[750,746,733,745,744,753,589,748,749,747,229,751,752],"class_list":{"0":"post-9033","1":"product","2":"type-product","3":"status-publish","4":"has-post-thumbnail","6":"product_cat-photoshop","7":"product_tag-accessory","8":"product_tag-advertising","9":"product_tag-business","10":"product_tag-key","11":"product_tag-keychain","12":"product_tag-keyring","13":"product_tag-mockup","14":"product_tag-plastic","15":"product_tag-ring","16":"product_tag-showing","17":"product_tag-silver","18":"product_tag-souvenir","19":"product_tag-trinket","20":"desktop-align-left","21":"tablet-align-left","22":"mobile-align-left","24":"first","25":"instock","26":"downloadable","27":"virtual","28":"taxable","29":"purchasable","30":"product-type-simple"},"yoast_head":"<!-- This site is optimized with the Yoast SEO plugin v27.3 - https:\/\/yoast.com\/product\/yoast-seo-wordpress\/ -->\n<title>Keychain Mockup - Graphimarket<\/title>\n<meta name=\"description\" content=\"Keychain Mockup Features:7 psd stylesHigh Resolution. 3000x2000 pixel size, 300dpiEasy and fast editing via smart...\" \/>\n<meta name=\"robots\" content=\"index, follow, max-snippet:-1, max-image-preview:large, max-video-preview:-1\" \/>\n<link rel=\"canonical\" href=\"https:\/\/graphimarket.com\/pt\/product\/keychain-mockup\/\" \/>\n<meta property=\"og:locale\" content=\"pt_PT\" \/>\n<meta property=\"og:type\" content=\"article\" \/>\n<meta property=\"og:title\" content=\"Keychain Mockup - Graphimarket\" \/>\n<meta property=\"og:description\" content=\"Keychain Mockup Features:7 psd stylesHigh Resolution. 3000x2000 pixel size, 300dpiEasy and fast editing via smart...\" \/>\n<meta property=\"og:url\" content=\"https:\/\/graphimarket.com\/pt\/product\/keychain-mockup\/\" \/>\n<meta property=\"og:site_name\" content=\"Graphimarket\" \/>\n<meta property=\"article:modified_time\" content=\"2022-12-19T10:03:08+00:00\" \/>\n<meta property=\"og:image\" content=\"https:\/\/graphimarket.com\/wp-content\/uploads\/2020\/09\/b9d8cc42-f10a-4fee-8fa7-cda15a565c62.jpg\" \/>\n\t<meta property=\"og:image:width\" content=\"1019\" \/>\n\t<meta property=\"og:image:height\" content=\"679\" \/>\n\t<meta property=\"og:image:type\" content=\"image\/jpeg\" \/>\n<meta name=\"twitter:card\" content=\"summary_large_image\" \/>\n<script type=\"application\/ld+json\" class=\"yoast-schema-graph\">{\"@context\":\"https:\\\/\\\/schema.org\",\"@graph\":[{\"@type\":\"WebPage\",\"@id\":\"https:\\\/\\\/graphimarket.com\\\/product\\\/keychain-mockup\\\/\",\"url\":\"https:\\\/\\\/graphimarket.com\\\/product\\\/keychain-mockup\\\/\",\"name\":\"Keychain Mockup - Graphimarket\",\"isPartOf\":{\"@id\":\"https:\\\/\\\/graphimarket.com\\\/fr\\\/#website\"},\"primaryImageOfPage\":{\"@id\":\"https:\\\/\\\/graphimarket.com\\\/product\\\/keychain-mockup\\\/#primaryimage\"},\"image\":{\"@id\":\"https:\\\/\\\/graphimarket.com\\\/product\\\/keychain-mockup\\\/#primaryimage\"},\"thumbnailUrl\":\"https:\\\/\\\/graphimarket.com\\\/wp-content\\\/uploads\\\/2020\\\/09\\\/b9d8cc42-f10a-4fee-8fa7-cda15a565c62.jpg\",\"datePublished\":\"2020-09-13T15:23:10+00:00\",\"dateModified\":\"2022-12-19T10:03:08+00:00\",\"description\":\"Keychain Mockup Features:7 psd stylesHigh Resolution. 3000x2000 pixel size, 300dpiEasy and fast editing via smart...\",\"breadcrumb\":{\"@id\":\"https:\\\/\\\/graphimarket.com\\\/product\\\/keychain-mockup\\\/#breadcrumb\"},\"inLanguage\":\"pt-PT\",\"potentialAction\":[{\"@type\":\"ReadAction\",\"target\":[\"https:\\\/\\\/graphimarket.com\\\/product\\\/keychain-mockup\\\/\"]}]},{\"@type\":\"ImageObject\",\"inLanguage\":\"pt-PT\",\"@id\":\"https:\\\/\\\/graphimarket.com\\\/product\\\/keychain-mockup\\\/#primaryimage\",\"url\":\"https:\\\/\\\/graphimarket.com\\\/wp-content\\\/uploads\\\/2020\\\/09\\\/b9d8cc42-f10a-4fee-8fa7-cda15a565c62.jpg\",\"contentUrl\":\"https:\\\/\\\/graphimarket.com\\\/wp-content\\\/uploads\\\/2020\\\/09\\\/b9d8cc42-f10a-4fee-8fa7-cda15a565c62.jpg\",\"width\":1019,\"height\":679},{\"@type\":\"BreadcrumbList\",\"@id\":\"https:\\\/\\\/graphimarket.com\\\/product\\\/keychain-mockup\\\/#breadcrumb\",\"itemListElement\":[{\"@type\":\"ListItem\",\"position\":1,\"name\":\"Home\",\"item\":\"https:\\\/\\\/graphimarket.com\\\/es\\\/\"},{\"@type\":\"ListItem\",\"position\":2,\"name\":\"Store\",\"item\":\"https:\\\/\\\/graphimarket.com\\\/store\\\/\"},{\"@type\":\"ListItem\",\"position\":3,\"name\":\"Keychain Mockup\"}]},{\"@type\":\"WebSite\",\"@id\":\"https:\\\/\\\/graphimarket.com\\\/fr\\\/#website\",\"url\":\"https:\\\/\\\/graphimarket.com\\\/fr\\\/\",\"name\":\"Graphimarket\",\"description\":\"Find the perfect creative asset to bring your project to life\",\"publisher\":{\"@id\":\"https:\\\/\\\/graphimarket.com\\\/fr\\\/#organization\"},\"potentialAction\":[{\"@type\":\"SearchAction\",\"target\":{\"@type\":\"EntryPoint\",\"urlTemplate\":\"https:\\\/\\\/graphimarket.com\\\/fr\\\/?s={search_term_string}\"},\"query-input\":{\"@type\":\"PropertyValueSpecification\",\"valueRequired\":true,\"valueName\":\"search_term_string\"}}],\"inLanguage\":\"pt-PT\"},{\"@type\":\"Organization\",\"@id\":\"https:\\\/\\\/graphimarket.com\\\/fr\\\/#organization\",\"name\":\"Graphimarket\",\"url\":\"https:\\\/\\\/graphimarket.com\\\/fr\\\/\",\"logo\":{\"@type\":\"ImageObject\",\"inLanguage\":\"pt-PT\",\"@id\":\"https:\\\/\\\/graphimarket.com\\\/fr\\\/#\\\/schema\\\/logo\\\/image\\\/\",\"url\":\"https:\\\/\\\/graphimarket.com\\\/wp-content\\\/uploads\\\/2020\\\/08\\\/logo-48.png\",\"contentUrl\":\"https:\\\/\\\/graphimarket.com\\\/wp-content\\\/uploads\\\/2020\\\/08\\\/logo-48.png\",\"width\":132,\"height\":48,\"caption\":\"Graphimarket\"},\"image\":{\"@id\":\"https:\\\/\\\/graphimarket.com\\\/fr\\\/#\\\/schema\\\/logo\\\/image\\\/\"}}]}<\/script>\n<!-- \/ Yoast SEO plugin. -->","yoast_head_json":{"title":"Maquete de Chaveiro - Graphimarket","description":"Recursos de maquete de chaveiro: 7 estilos PSD de alta resolu\u00e7\u00e3o. Tamanho de 3000 x 2000 pixels, 300 dpi Edi\u00e7\u00e3o f\u00e1cil e r\u00e1pida via smart...","robots":{"index":"index","follow":"follow","max-snippet":"max-snippet:-1","max-image-preview":"max-image-preview:large","max-video-preview":"max-video-preview:-1"},"canonical":"https:\/\/graphimarket.com\/pt\/product\/keychain-mockup\/","og_locale":"pt_PT","og_type":"article","og_title":"Keychain Mockup - Graphimarket","og_description":"Keychain Mockup Features:7 psd stylesHigh Resolution. 3000x2000 pixel size, 300dpiEasy and fast editing via smart...","og_url":"https:\/\/graphimarket.com\/pt\/product\/keychain-mockup\/","og_site_name":"Graphimarket","article_modified_time":"2022-12-19T10:03:08+00:00","og_image":[{"width":1019,"height":679,"url":"https:\/\/graphimarket.com\/wp-content\/uploads\/2020\/09\/b9d8cc42-f10a-4fee-8fa7-cda15a565c62.jpg","type":"image\/jpeg"}],"twitter_card":"summary_large_image","schema":{"@context":"https:\/\/schema.org","@graph":[{"@type":"WebPage","@id":"https:\/\/graphimarket.com\/product\/keychain-mockup\/","url":"https:\/\/graphimarket.com\/product\/keychain-mockup\/","name":"Maquete de Chaveiro - Graphimarket","isPartOf":{"@id":"https:\/\/graphimarket.com\/fr\/#website"},"primaryImageOfPage":{"@id":"https:\/\/graphimarket.com\/product\/keychain-mockup\/#primaryimage"},"image":{"@id":"https:\/\/graphimarket.com\/product\/keychain-mockup\/#primaryimage"},"thumbnailUrl":"https:\/\/graphimarket.com\/wp-content\/uploads\/2020\/09\/b9d8cc42-f10a-4fee-8fa7-cda15a565c62.jpg","datePublished":"2020-09-13T15:23:10+00:00","dateModified":"2022-12-19T10:03:08+00:00","description":"Recursos de maquete de chaveiro: 7 estilos PSD de alta resolu\u00e7\u00e3o. Tamanho de 3000 x 2000 pixels, 300 dpi Edi\u00e7\u00e3o f\u00e1cil e r\u00e1pida via smart...","breadcrumb":{"@id":"https:\/\/graphimarket.com\/product\/keychain-mockup\/#breadcrumb"},"inLanguage":"pt-PT","potentialAction":[{"@type":"ReadAction","target":["https:\/\/graphimarket.com\/product\/keychain-mockup\/"]}]},{"@type":"ImageObject","inLanguage":"pt-PT","@id":"https:\/\/graphimarket.com\/product\/keychain-mockup\/#primaryimage","url":"https:\/\/graphimarket.com\/wp-content\/uploads\/2020\/09\/b9d8cc42-f10a-4fee-8fa7-cda15a565c62.jpg","contentUrl":"https:\/\/graphimarket.com\/wp-content\/uploads\/2020\/09\/b9d8cc42-f10a-4fee-8fa7-cda15a565c62.jpg","width":1019,"height":679},{"@type":"BreadcrumbList","@id":"https:\/\/graphimarket.com\/product\/keychain-mockup\/#breadcrumb","itemListElement":[{"@type":"ListItem","position":1,"name":"Home","item":"https:\/\/graphimarket.com\/es\/"},{"@type":"ListItem","position":2,"name":"Store","item":"https:\/\/graphimarket.com\/store\/"},{"@type":"ListItem","position":3,"name":"Keychain Mockup"}]},{"@type":"WebSite","@id":"https:\/\/graphimarket.com\/fr\/#website","url":"https:\/\/graphimarket.com\/fr\/","name":"Graphimarket","description":"Encontre o ativo criativo perfeito para dar vida ao seu projeto","publisher":{"@id":"https:\/\/graphimarket.com\/fr\/#organization"},"potentialAction":[{"@type":"SearchAction","target":{"@type":"EntryPoint","urlTemplate":"https:\/\/graphimarket.com\/fr\/?s={search_term_string}"},"query-input":{"@type":"PropertyValueSpecification","valueRequired":true,"valueName":"search_term_string"}}],"inLanguage":"pt-PT"},{"@type":"Organization","@id":"https:\/\/graphimarket.com\/fr\/#organization","name":"Graphimarket","url":"https:\/\/graphimarket.com\/fr\/","logo":{"@type":"ImageObject","inLanguage":"pt-PT","@id":"https:\/\/graphimarket.com\/fr\/#\/schema\/logo\/image\/","url":"https:\/\/graphimarket.com\/wp-content\/uploads\/2020\/08\/logo-48.png","contentUrl":"https:\/\/graphimarket.com\/wp-content\/uploads\/2020\/08\/logo-48.png","width":132,"height":48,"caption":"Graphimarket"},"image":{"@id":"https:\/\/graphimarket.com\/fr\/#\/schema\/logo\/image\/"}}]}},"_links":{"self":[{"href":"http:\/\/graphimarket.com\/pt\/wp-json\/wp\/v2\/product\/9033","targetHints":{"allow":["GET"]}}],"collection":[{"href":"http:\/\/graphimarket.com\/pt\/wp-json\/wp\/v2\/product"}],"about":[{"href":"http:\/\/graphimarket.com\/pt\/wp-json\/wp\/v2\/types\/product"}],"replies":[{"embeddable":true,"href":"http:\/\/graphimarket.com\/pt\/wp-json\/wp\/v2\/comments?post=9033"}],"version-history":[{"count":0,"href":"http:\/\/graphimarket.com\/pt\/wp-json\/wp\/v2\/product\/9033\/revisions"}],"wp:featuredmedia":[{"embeddable":true,"href":"http:\/\/graphimarket.com\/pt\/wp-json\/wp\/v2\/media\/9040"}],"wp:attachment":[{"href":"http:\/\/graphimarket.com\/pt\/wp-json\/wp\/v2\/media?parent=9033"}],"wp:term":[{"taxonomy":"product_brand","embeddable":true,"href":"http:\/\/graphimarket.com\/pt\/wp-json\/wp\/v2\/product_brand?post=9033"},{"taxonomy":"product_cat","embeddable":true,"href":"http:\/\/graphimarket.com\/pt\/wp-json\/wp\/v2\/product_cat?post=9033"},{"taxonomy":"product_tag","embeddable":true,"href":"http:\/\/graphimarket.com\/pt\/wp-json\/wp\/v2\/product_tag?post=9033"}],"curies":[{"name":"wp","href":"https:\/\/api.w.org\/{rel}","templated":true}]}}