{"id":10569,"date":"2020-09-18T15:28:09","date_gmt":"2020-09-18T13:28:09","guid":{"rendered":"https:\/\/graphimarket.com\/?post_type=product&#038;p=10569"},"modified":"2022-12-19T10:12:39","modified_gmt":"2022-12-19T09:12:39","slug":"cavatelo-font","status":"publish","type":"product","link":"https:\/\/graphimarket.com\/de\/product\/cavatelo-font\/","title":{"rendered":"Cavatelo Schriftart"},"content":{"rendered":"<p>Das\u00a0<strong>Cavatelo<\/strong>\u00a0ist ein neuer handgeschriebener Schriftpinsel mit elegantem und Vintage-Charakter. Die Cavatelo-Schriftart setzt nur Gro\u00dfbuchstaben sowie mehrsprachige Unterst\u00fctzung, Ziffern, Interpunktion und Swashes.<\/p>\n<p><strong>Datei enthalten:<\/strong><\/p>\n<ul>\n<li>Cavatelo (ttf &amp; otf)<\/li>\n<li>Cavatelo Swash (ttf &amp; otf)<\/li>\n<\/ul>\n<p><strong>Eigenschaften:<\/strong><\/p>\n<ul>\n<li>Gro\u00dfbuchstaben<\/li>\n<li>Ziffern &amp; Interpunktionen<\/li>\n<li>Mehrsprachig<\/li>\n<li>Swash<\/li>\n<\/ul>\n<p>Vielen Dank f\u00fcr die \u00dcberpr\u00fcfung und ich hoffe, es gef\u00e4llt Ihnen. Legen Sie immer Ihr Herz hinein und machen Sie sich keine Sorgen, es zu versuchen. Ich hoffe, Sie haben genauso viel Spa\u00df damit wie ich.<\/p>\n<p>&nbsp;<\/p>\n<p><img fetchpriority=\"high\" decoding=\"async\" class=\"aligncenter wp-image-10570 size-full\" src=\"https:\/\/graphimarket.com\/wp-content\/uploads\/2020\/09\/8f880fe6-ccb4-4a06-be11-13d7276f86bf.jpg\" alt=\"\" width=\"1160\" height=\"774\" srcset=\"https:\/\/graphimarket.com\/wp-content\/uploads\/2020\/09\/8f880fe6-ccb4-4a06-be11-13d7276f86bf.jpg 1160w, https:\/\/graphimarket.com\/wp-content\/uploads\/2020\/09\/8f880fe6-ccb4-4a06-be11-13d7276f86bf-300x200.jpg 300w, https:\/\/graphimarket.com\/wp-content\/uploads\/2020\/09\/8f880fe6-ccb4-4a06-be11-13d7276f86bf-1024x683.jpg 1024w, https:\/\/graphimarket.com\/wp-content\/uploads\/2020\/09\/8f880fe6-ccb4-4a06-be11-13d7276f86bf-768x512.jpg 768w, https:\/\/graphimarket.com\/wp-content\/uploads\/2020\/09\/8f880fe6-ccb4-4a06-be11-13d7276f86bf-600x400.jpg 600w\" sizes=\"(max-width: 1160px) 100vw, 1160px\" \/> <img decoding=\"async\" class=\"aligncenter wp-image-10571 size-full\" src=\"https:\/\/graphimarket.com\/wp-content\/uploads\/2020\/09\/45cf6f6c-dc5d-4276-b579-853b591c0401.jpg\" alt=\"\" width=\"1160\" height=\"774\" srcset=\"https:\/\/graphimarket.com\/wp-content\/uploads\/2020\/09\/45cf6f6c-dc5d-4276-b579-853b591c0401.jpg 1160w, https:\/\/graphimarket.com\/wp-content\/uploads\/2020\/09\/45cf6f6c-dc5d-4276-b579-853b591c0401-300x200.jpg 300w, https:\/\/graphimarket.com\/wp-content\/uploads\/2020\/09\/45cf6f6c-dc5d-4276-b579-853b591c0401-1024x683.jpg 1024w, https:\/\/graphimarket.com\/wp-content\/uploads\/2020\/09\/45cf6f6c-dc5d-4276-b579-853b591c0401-768x512.jpg 768w, https:\/\/graphimarket.com\/wp-content\/uploads\/2020\/09\/45cf6f6c-dc5d-4276-b579-853b591c0401-600x400.jpg 600w\" sizes=\"(max-width: 1160px) 100vw, 1160px\" \/> <img decoding=\"async\" class=\"aligncenter wp-image-10572 size-full\" src=\"https:\/\/graphimarket.com\/wp-content\/uploads\/2020\/09\/a2f4bdb4-fc2d-4fd2-92dc-527ee8814f53.jpg\" alt=\"\" width=\"1160\" height=\"774\" srcset=\"https:\/\/graphimarket.com\/wp-content\/uploads\/2020\/09\/a2f4bdb4-fc2d-4fd2-92dc-527ee8814f53.jpg 1160w, https:\/\/graphimarket.com\/wp-content\/uploads\/2020\/09\/a2f4bdb4-fc2d-4fd2-92dc-527ee8814f53-300x200.jpg 300w, https:\/\/graphimarket.com\/wp-content\/uploads\/2020\/09\/a2f4bdb4-fc2d-4fd2-92dc-527ee8814f53-1024x683.jpg 1024w, https:\/\/graphimarket.com\/wp-content\/uploads\/2020\/09\/a2f4bdb4-fc2d-4fd2-92dc-527ee8814f53-768x512.jpg 768w, https:\/\/graphimarket.com\/wp-content\/uploads\/2020\/09\/a2f4bdb4-fc2d-4fd2-92dc-527ee8814f53-600x400.jpg 600w\" sizes=\"(max-width: 1160px) 100vw, 1160px\" \/> <img loading=\"lazy\" decoding=\"async\" class=\"aligncenter wp-image-10573 size-full\" src=\"https:\/\/graphimarket.com\/wp-content\/uploads\/2020\/09\/b87b17c4-4eca-4f29-ae86-06a94fe8a968.jpg\" alt=\"\" width=\"1160\" height=\"774\" srcset=\"https:\/\/graphimarket.com\/wp-content\/uploads\/2020\/09\/b87b17c4-4eca-4f29-ae86-06a94fe8a968.jpg 1160w, https:\/\/graphimarket.com\/wp-content\/uploads\/2020\/09\/b87b17c4-4eca-4f29-ae86-06a94fe8a968-300x200.jpg 300w, https:\/\/graphimarket.com\/wp-content\/uploads\/2020\/09\/b87b17c4-4eca-4f29-ae86-06a94fe8a968-1024x683.jpg 1024w, https:\/\/graphimarket.com\/wp-content\/uploads\/2020\/09\/b87b17c4-4eca-4f29-ae86-06a94fe8a968-768x512.jpg 768w, https:\/\/graphimarket.com\/wp-content\/uploads\/2020\/09\/b87b17c4-4eca-4f29-ae86-06a94fe8a968-600x400.jpg 600w\" sizes=\"(max-width: 1160px) 100vw, 1160px\" \/> <img loading=\"lazy\" decoding=\"async\" class=\"aligncenter wp-image-10574 size-full\" src=\"https:\/\/graphimarket.com\/wp-content\/uploads\/2020\/09\/531cbf44-993f-42e7-b235-567fa4c6b975.jpg\" alt=\"\" width=\"1019\" height=\"679\" srcset=\"https:\/\/graphimarket.com\/wp-content\/uploads\/2020\/09\/531cbf44-993f-42e7-b235-567fa4c6b975.jpg 1019w, https:\/\/graphimarket.com\/wp-content\/uploads\/2020\/09\/531cbf44-993f-42e7-b235-567fa4c6b975-300x200.jpg 300w, https:\/\/graphimarket.com\/wp-content\/uploads\/2020\/09\/531cbf44-993f-42e7-b235-567fa4c6b975-768x512.jpg 768w, https:\/\/graphimarket.com\/wp-content\/uploads\/2020\/09\/531cbf44-993f-42e7-b235-567fa4c6b975-600x400.jpg 600w\" sizes=\"(max-width: 1019px) 100vw, 1019px\" \/> <img loading=\"lazy\" decoding=\"async\" class=\"aligncenter wp-image-10575 size-full\" src=\"https:\/\/graphimarket.com\/wp-content\/uploads\/2020\/09\/00cf94dd-505a-4f61-a25c-a771bdb7338d.jpg\" alt=\"\" width=\"1160\" height=\"774\" srcset=\"https:\/\/graphimarket.com\/wp-content\/uploads\/2020\/09\/00cf94dd-505a-4f61-a25c-a771bdb7338d.jpg 1160w, https:\/\/graphimarket.com\/wp-content\/uploads\/2020\/09\/00cf94dd-505a-4f61-a25c-a771bdb7338d-300x200.jpg 300w, https:\/\/graphimarket.com\/wp-content\/uploads\/2020\/09\/00cf94dd-505a-4f61-a25c-a771bdb7338d-1024x683.jpg 1024w, https:\/\/graphimarket.com\/wp-content\/uploads\/2020\/09\/00cf94dd-505a-4f61-a25c-a771bdb7338d-768x512.jpg 768w, https:\/\/graphimarket.com\/wp-content\/uploads\/2020\/09\/00cf94dd-505a-4f61-a25c-a771bdb7338d-600x400.jpg 600w\" sizes=\"(max-width: 1160px) 100vw, 1160px\" \/> <img loading=\"lazy\" decoding=\"async\" class=\"aligncenter wp-image-10576 size-full\" src=\"https:\/\/graphimarket.com\/wp-content\/uploads\/2020\/09\/1d01ac42-0785-4b20-82ec-9bfec78adc6c.jpg\" alt=\"\" width=\"1160\" height=\"774\" srcset=\"https:\/\/graphimarket.com\/wp-content\/uploads\/2020\/09\/1d01ac42-0785-4b20-82ec-9bfec78adc6c.jpg 1160w, https:\/\/graphimarket.com\/wp-content\/uploads\/2020\/09\/1d01ac42-0785-4b20-82ec-9bfec78adc6c-300x200.jpg 300w, https:\/\/graphimarket.com\/wp-content\/uploads\/2020\/09\/1d01ac42-0785-4b20-82ec-9bfec78adc6c-1024x683.jpg 1024w, https:\/\/graphimarket.com\/wp-content\/uploads\/2020\/09\/1d01ac42-0785-4b20-82ec-9bfec78adc6c-768x512.jpg 768w, https:\/\/graphimarket.com\/wp-content\/uploads\/2020\/09\/1d01ac42-0785-4b20-82ec-9bfec78adc6c-600x400.jpg 600w\" sizes=\"(max-width: 1160px) 100vw, 1160px\" \/><\/p>","protected":false},"excerpt":{"rendered":"<p>The\u00a0Cavatelo\u00a0is new handwritten font brush, elegant and vintage feel character set. The Cavatelo font only set capital letters, as well as multi-lingual support, ,numerals, punctuation &amp; swashes. File Included: Cavatelo (ttf &amp; otf) Cavatelo Swash (ttf &amp; otf) Features: Uppercase Numerals &amp; Punctuations Multilingual Swash Thank you for checking and i hope you enjoy it. [&hellip;]<\/p>\n","protected":false},"featured_media":10574,"comment_status":"open","ping_status":"closed","template":"","meta":{"site-sidebar-layout":"default","site-content-layout":"default","ast-site-content-layout":"default","site-content-style":"default","site-sidebar-style":"default","ast-global-header-display":"","ast-banner-title-visibility":"","ast-main-header-display":"","ast-hfb-above-header-display":"","ast-hfb-below-header-display":"","ast-hfb-mobile-header-display":"","site-post-title":"","ast-breadcrumbs-content":"","ast-featured-img":"","footer-sml-layout":"","ast-disable-related-posts":"","theme-transparent-header-meta":"default","adv-header-id-meta":"","stick-header-meta":"","header-above-stick-meta":"","header-main-stick-meta":"","header-below-stick-meta":"","astra-migrate-meta-layouts":"default","ast-page-background-enabled":"default","ast-page-background-meta":{"desktop":{"background-color":"","background-image":"","background-repeat":"repeat","background-position":"center center","background-size":"auto","background-attachment":"scroll","background-type":"","background-media":"","overlay-type":"","overlay-color":"","overlay-opacity":"","overlay-gradient":""},"tablet":{"background-color":"","background-image":"","background-repeat":"repeat","background-position":"center center","background-size":"auto","background-attachment":"scroll","background-type":"","background-media":"","overlay-type":"","overlay-color":"","overlay-opacity":"","overlay-gradient":""},"mobile":{"background-color":"","background-image":"","background-repeat":"repeat","background-position":"center center","background-size":"auto","background-attachment":"scroll","background-type":"","background-media":"","overlay-type":"","overlay-color":"","overlay-opacity":"","overlay-gradient":""}},"ast-content-background-meta":{"desktop":{"background-color":"var(--ast-global-color-5)","background-image":"","background-repeat":"repeat","background-position":"center center","background-size":"auto","background-attachment":"scroll","background-type":"","background-media":"","overlay-type":"","overlay-color":"","overlay-opacity":"","overlay-gradient":""},"tablet":{"background-color":"var(--ast-global-color-5)","background-image":"","background-repeat":"repeat","background-position":"center center","background-size":"auto","background-attachment":"scroll","background-type":"","background-media":"","overlay-type":"","overlay-color":"","overlay-opacity":"","overlay-gradient":""},"mobile":{"background-color":"var(--ast-global-color-5)","background-image":"","background-repeat":"repeat","background-position":"center center","background-size":"auto","background-attachment":"scroll","background-type":"","background-media":"","overlay-type":"","overlay-color":"","overlay-opacity":"","overlay-gradient":""}}},"product_brand":[],"product_cat":[187],"product_tag":[389,856,577,1070,1085,832,262,631,1107,1108,266,1109,1069,1079,276],"class_list":{"0":"post-10569","1":"product","2":"type-product","3":"status-publish","4":"has-post-thumbnail","6":"product_cat-fonts","7":"product_tag-brush","8":"product_tag-corporate","9":"product_tag-display","10":"product_tag-handlettering","11":"product_tag-invitation","12":"product_tag-letter","13":"product_tag-modern","14":"product_tag-rough","15":"product_tag-sans","16":"product_tag-serif","17":"product_tag-simple","18":"product_tag-stylish","19":"product_tag-swash","20":"product_tag-typeface","21":"product_tag-vintage","22":"desktop-align-left","23":"tablet-align-left","24":"mobile-align-left","26":"first","27":"instock","28":"downloadable","29":"virtual","30":"taxable","31":"purchasable","32":"product-type-simple"},"yoast_head":"<!-- This site is optimized with the Yoast SEO plugin v27.3 - https:\/\/yoast.com\/product\/yoast-seo-wordpress\/ -->\n<title>Cavatelo Font - Graphimarket<\/title>\n<meta name=\"description\" content=\"The\u00a0Cavatelo\u00a0is new handwritten font brush, elegant and vintage feel character set. The Cavatelo font only set capital letters...\" \/>\n<meta name=\"robots\" content=\"index, follow, max-snippet:-1, max-image-preview:large, max-video-preview:-1\" \/>\n<link rel=\"canonical\" href=\"https:\/\/graphimarket.com\/de\/product\/cavatelo-font\/\" \/>\n<meta property=\"og:locale\" content=\"de_DE\" \/>\n<meta property=\"og:type\" content=\"article\" \/>\n<meta property=\"og:title\" content=\"Cavatelo Font - Graphimarket\" \/>\n<meta property=\"og:description\" content=\"The\u00a0Cavatelo\u00a0is new handwritten font brush, elegant and vintage feel character set. The Cavatelo font only set capital letters...\" \/>\n<meta property=\"og:url\" content=\"https:\/\/graphimarket.com\/de\/product\/cavatelo-font\/\" \/>\n<meta property=\"og:site_name\" content=\"Graphimarket\" \/>\n<meta property=\"article:modified_time\" content=\"2022-12-19T09:12:39+00:00\" \/>\n<meta property=\"og:image\" content=\"https:\/\/graphimarket.com\/wp-content\/uploads\/2020\/09\/531cbf44-993f-42e7-b235-567fa4c6b975.jpg\" \/>\n\t<meta property=\"og:image:width\" content=\"1019\" \/>\n\t<meta property=\"og:image:height\" content=\"679\" \/>\n\t<meta property=\"og:image:type\" content=\"image\/jpeg\" \/>\n<meta name=\"twitter:card\" content=\"summary_large_image\" \/>\n<script type=\"application\/ld+json\" class=\"yoast-schema-graph\">{\"@context\":\"https:\\\/\\\/schema.org\",\"@graph\":[{\"@type\":\"WebPage\",\"@id\":\"https:\\\/\\\/graphimarket.com\\\/product\\\/cavatelo-font\\\/\",\"url\":\"https:\\\/\\\/graphimarket.com\\\/product\\\/cavatelo-font\\\/\",\"name\":\"Cavatelo Font - Graphimarket\",\"isPartOf\":{\"@id\":\"https:\\\/\\\/graphimarket.com\\\/fr\\\/#website\"},\"primaryImageOfPage\":{\"@id\":\"https:\\\/\\\/graphimarket.com\\\/product\\\/cavatelo-font\\\/#primaryimage\"},\"image\":{\"@id\":\"https:\\\/\\\/graphimarket.com\\\/product\\\/cavatelo-font\\\/#primaryimage\"},\"thumbnailUrl\":\"https:\\\/\\\/graphimarket.com\\\/wp-content\\\/uploads\\\/2020\\\/09\\\/531cbf44-993f-42e7-b235-567fa4c6b975.jpg\",\"datePublished\":\"2020-09-18T13:28:09+00:00\",\"dateModified\":\"2022-12-19T09:12:39+00:00\",\"description\":\"The\u00a0Cavatelo\u00a0is new handwritten font brush, elegant and vintage feel character set. The Cavatelo font only set capital letters...\",\"breadcrumb\":{\"@id\":\"https:\\\/\\\/graphimarket.com\\\/product\\\/cavatelo-font\\\/#breadcrumb\"},\"inLanguage\":\"de-DE\",\"potentialAction\":[{\"@type\":\"ReadAction\",\"target\":[\"https:\\\/\\\/graphimarket.com\\\/product\\\/cavatelo-font\\\/\"]}]},{\"@type\":\"ImageObject\",\"inLanguage\":\"de-DE\",\"@id\":\"https:\\\/\\\/graphimarket.com\\\/product\\\/cavatelo-font\\\/#primaryimage\",\"url\":\"https:\\\/\\\/graphimarket.com\\\/wp-content\\\/uploads\\\/2020\\\/09\\\/531cbf44-993f-42e7-b235-567fa4c6b975.jpg\",\"contentUrl\":\"https:\\\/\\\/graphimarket.com\\\/wp-content\\\/uploads\\\/2020\\\/09\\\/531cbf44-993f-42e7-b235-567fa4c6b975.jpg\",\"width\":1019,\"height\":679},{\"@type\":\"BreadcrumbList\",\"@id\":\"https:\\\/\\\/graphimarket.com\\\/product\\\/cavatelo-font\\\/#breadcrumb\",\"itemListElement\":[{\"@type\":\"ListItem\",\"position\":1,\"name\":\"Home\",\"item\":\"https:\\\/\\\/graphimarket.com\\\/es\\\/\"},{\"@type\":\"ListItem\",\"position\":2,\"name\":\"Store\",\"item\":\"https:\\\/\\\/graphimarket.com\\\/store\\\/\"},{\"@type\":\"ListItem\",\"position\":3,\"name\":\"Cavatelo Font\"}]},{\"@type\":\"WebSite\",\"@id\":\"https:\\\/\\\/graphimarket.com\\\/fr\\\/#website\",\"url\":\"https:\\\/\\\/graphimarket.com\\\/fr\\\/\",\"name\":\"Graphimarket\",\"description\":\"Find the perfect creative asset to bring your project to life\",\"publisher\":{\"@id\":\"https:\\\/\\\/graphimarket.com\\\/fr\\\/#organization\"},\"potentialAction\":[{\"@type\":\"SearchAction\",\"target\":{\"@type\":\"EntryPoint\",\"urlTemplate\":\"https:\\\/\\\/graphimarket.com\\\/fr\\\/?s={search_term_string}\"},\"query-input\":{\"@type\":\"PropertyValueSpecification\",\"valueRequired\":true,\"valueName\":\"search_term_string\"}}],\"inLanguage\":\"de-DE\"},{\"@type\":\"Organization\",\"@id\":\"https:\\\/\\\/graphimarket.com\\\/fr\\\/#organization\",\"name\":\"Graphimarket\",\"url\":\"https:\\\/\\\/graphimarket.com\\\/fr\\\/\",\"logo\":{\"@type\":\"ImageObject\",\"inLanguage\":\"de-DE\",\"@id\":\"https:\\\/\\\/graphimarket.com\\\/fr\\\/#\\\/schema\\\/logo\\\/image\\\/\",\"url\":\"https:\\\/\\\/graphimarket.com\\\/wp-content\\\/uploads\\\/2020\\\/08\\\/logo-48.png\",\"contentUrl\":\"https:\\\/\\\/graphimarket.com\\\/wp-content\\\/uploads\\\/2020\\\/08\\\/logo-48.png\",\"width\":132,\"height\":48,\"caption\":\"Graphimarket\"},\"image\":{\"@id\":\"https:\\\/\\\/graphimarket.com\\\/fr\\\/#\\\/schema\\\/logo\\\/image\\\/\"}}]}<\/script>\n<!-- \/ Yoast SEO plugin. -->","yoast_head_json":{"title":"Cavatelo Schriftart - Graphimarket","description":"Der Cavatelo ist ein neuer handgeschriebener Schriftpinsel mit elegantem und Vintage-Charakter. Die Cavatelo-Schriftart setzt nur Gro\u00dfbuchstaben ...","robots":{"index":"index","follow":"follow","max-snippet":"max-snippet:-1","max-image-preview":"max-image-preview:large","max-video-preview":"max-video-preview:-1"},"canonical":"https:\/\/graphimarket.com\/de\/product\/cavatelo-font\/","og_locale":"de_DE","og_type":"article","og_title":"Cavatelo Font - Graphimarket","og_description":"The\u00a0Cavatelo\u00a0is new handwritten font brush, elegant and vintage feel character set. The Cavatelo font only set capital letters...","og_url":"https:\/\/graphimarket.com\/de\/product\/cavatelo-font\/","og_site_name":"Graphimarket","article_modified_time":"2022-12-19T09:12:39+00:00","og_image":[{"width":1019,"height":679,"url":"https:\/\/graphimarket.com\/wp-content\/uploads\/2020\/09\/531cbf44-993f-42e7-b235-567fa4c6b975.jpg","type":"image\/jpeg"}],"twitter_card":"summary_large_image","schema":{"@context":"https:\/\/schema.org","@graph":[{"@type":"WebPage","@id":"https:\/\/graphimarket.com\/product\/cavatelo-font\/","url":"https:\/\/graphimarket.com\/product\/cavatelo-font\/","name":"Cavatelo Schriftart - Graphimarket","isPartOf":{"@id":"https:\/\/graphimarket.com\/fr\/#website"},"primaryImageOfPage":{"@id":"https:\/\/graphimarket.com\/product\/cavatelo-font\/#primaryimage"},"image":{"@id":"https:\/\/graphimarket.com\/product\/cavatelo-font\/#primaryimage"},"thumbnailUrl":"https:\/\/graphimarket.com\/wp-content\/uploads\/2020\/09\/531cbf44-993f-42e7-b235-567fa4c6b975.jpg","datePublished":"2020-09-18T13:28:09+00:00","dateModified":"2022-12-19T09:12:39+00:00","description":"Der Cavatelo ist ein neuer handgeschriebener Schriftpinsel mit elegantem und Vintage-Charakter. Die Cavatelo-Schriftart setzt nur Gro\u00dfbuchstaben ...","breadcrumb":{"@id":"https:\/\/graphimarket.com\/product\/cavatelo-font\/#breadcrumb"},"inLanguage":"de-DE","potentialAction":[{"@type":"ReadAction","target":["https:\/\/graphimarket.com\/product\/cavatelo-font\/"]}]},{"@type":"ImageObject","inLanguage":"de-DE","@id":"https:\/\/graphimarket.com\/product\/cavatelo-font\/#primaryimage","url":"https:\/\/graphimarket.com\/wp-content\/uploads\/2020\/09\/531cbf44-993f-42e7-b235-567fa4c6b975.jpg","contentUrl":"https:\/\/graphimarket.com\/wp-content\/uploads\/2020\/09\/531cbf44-993f-42e7-b235-567fa4c6b975.jpg","width":1019,"height":679},{"@type":"BreadcrumbList","@id":"https:\/\/graphimarket.com\/product\/cavatelo-font\/#breadcrumb","itemListElement":[{"@type":"ListItem","position":1,"name":"Home","item":"https:\/\/graphimarket.com\/es\/"},{"@type":"ListItem","position":2,"name":"Store","item":"https:\/\/graphimarket.com\/store\/"},{"@type":"ListItem","position":3,"name":"Cavatelo Font"}]},{"@type":"WebSite","@id":"https:\/\/graphimarket.com\/fr\/#website","url":"https:\/\/graphimarket.com\/fr\/","name":"Graphimarket","description":"Finden Sie das perfekte kreative Kapital, um Ihr Projekt zum Leben zu erwecken","publisher":{"@id":"https:\/\/graphimarket.com\/fr\/#organization"},"potentialAction":[{"@type":"SearchAction","target":{"@type":"EntryPoint","urlTemplate":"https:\/\/graphimarket.com\/fr\/?s={search_term_string}"},"query-input":{"@type":"PropertyValueSpecification","valueRequired":true,"valueName":"search_term_string"}}],"inLanguage":"de-DE"},{"@type":"Organization","@id":"https:\/\/graphimarket.com\/fr\/#organization","name":"Graphimarket","url":"https:\/\/graphimarket.com\/fr\/","logo":{"@type":"ImageObject","inLanguage":"de-DE","@id":"https:\/\/graphimarket.com\/fr\/#\/schema\/logo\/image\/","url":"https:\/\/graphimarket.com\/wp-content\/uploads\/2020\/08\/logo-48.png","contentUrl":"https:\/\/graphimarket.com\/wp-content\/uploads\/2020\/08\/logo-48.png","width":132,"height":48,"caption":"Graphimarket"},"image":{"@id":"https:\/\/graphimarket.com\/fr\/#\/schema\/logo\/image\/"}}]}},"_links":{"self":[{"href":"https:\/\/graphimarket.com\/de\/wp-json\/wp\/v2\/product\/10569","targetHints":{"allow":["GET"]}}],"collection":[{"href":"https:\/\/graphimarket.com\/de\/wp-json\/wp\/v2\/product"}],"about":[{"href":"https:\/\/graphimarket.com\/de\/wp-json\/wp\/v2\/types\/product"}],"replies":[{"embeddable":true,"href":"https:\/\/graphimarket.com\/de\/wp-json\/wp\/v2\/comments?post=10569"}],"version-history":[{"count":0,"href":"https:\/\/graphimarket.com\/de\/wp-json\/wp\/v2\/product\/10569\/revisions"}],"wp:featuredmedia":[{"embeddable":true,"href":"https:\/\/graphimarket.com\/de\/wp-json\/wp\/v2\/media\/10574"}],"wp:attachment":[{"href":"https:\/\/graphimarket.com\/de\/wp-json\/wp\/v2\/media?parent=10569"}],"wp:term":[{"taxonomy":"product_brand","embeddable":true,"href":"https:\/\/graphimarket.com\/de\/wp-json\/wp\/v2\/product_brand?post=10569"},{"taxonomy":"product_cat","embeddable":true,"href":"https:\/\/graphimarket.com\/de\/wp-json\/wp\/v2\/product_cat?post=10569"},{"taxonomy":"product_tag","embeddable":true,"href":"https:\/\/graphimarket.com\/de\/wp-json\/wp\/v2\/product_tag?post=10569"}],"curies":[{"name":"wp","href":"https:\/\/api.w.org\/{rel}","templated":true}]}}