{"id":11105,"date":"2020-09-25T10:11:55","date_gmt":"2020-09-25T08:11:55","guid":{"rendered":"https:\/\/graphimarket.com\/?post_type=product&#038;p=11105"},"modified":"2022-12-19T10:02:09","modified_gmt":"2022-12-19T09:02:09","slug":"cambridge-bold-decorative-gothic-font","status":"publish","type":"product","link":"https:\/\/graphimarket.com\/de\/product\/cambridge-bold-decorative-gothic-font\/","title":{"rendered":"Cambridge - Mutige dekorative gotische Schrift"},"content":{"rendered":"<div class=\"_2Masz2rr\">\n<p>Einf\u00fchrung in die Cambridge-Schriftart. Suchen Sie nach einer k\u00fchnen Handlettering-Dekorationsschrift, die ein mittelalterliches Gothic-Feeling hat? Wir k\u00f6nnen helfen! Versuchen Sie, unsere Cambridge-Schriftart herunterzuladen. Geeignet f\u00fcr jeden Anlass wie Buch, Logo, Druck, Spiel, Event, Musik, Einladung und andere \ud83d\ude42<\/p>\n<p><strong>Was ist inbegriffen :<\/strong><\/p>\n<ul>\n<li>Cambridge-OTF<\/li>\n<li>Cambridge-TTF<\/li>\n<li>Cambridge WOFF<\/li>\n<li>Grundlegendes Latein AZ, az,<\/li>\n<li>Zahlen<\/li>\n<li>Interpunktion<\/li>\n<li>Alternative Charaktere<\/li>\n<\/ul>\n<p>Vielen Dank!<\/p>\n<\/div>\n<p>&nbsp;<\/p>\n<p><img fetchpriority=\"high\" decoding=\"async\" class=\"aligncenter wp-image-11106 size-full\" src=\"https:\/\/graphimarket.com\/wp-content\/uploads\/2020\/09\/9133f75f-a2ec-4e8e-ad33-1b7d2d8f6612.jpg\" alt=\"\" width=\"1170\" height=\"780\" srcset=\"https:\/\/graphimarket.com\/wp-content\/uploads\/2020\/09\/9133f75f-a2ec-4e8e-ad33-1b7d2d8f6612.jpg 1170w, https:\/\/graphimarket.com\/wp-content\/uploads\/2020\/09\/9133f75f-a2ec-4e8e-ad33-1b7d2d8f6612-300x200.jpg 300w, https:\/\/graphimarket.com\/wp-content\/uploads\/2020\/09\/9133f75f-a2ec-4e8e-ad33-1b7d2d8f6612-1024x683.jpg 1024w, https:\/\/graphimarket.com\/wp-content\/uploads\/2020\/09\/9133f75f-a2ec-4e8e-ad33-1b7d2d8f6612-768x512.jpg 768w, https:\/\/graphimarket.com\/wp-content\/uploads\/2020\/09\/9133f75f-a2ec-4e8e-ad33-1b7d2d8f6612-600x400.jpg 600w\" sizes=\"(max-width: 1170px) 100vw, 1170px\" \/> <img decoding=\"async\" class=\"aligncenter wp-image-11107 size-full\" src=\"https:\/\/graphimarket.com\/wp-content\/uploads\/2020\/09\/88385ac0-2b5f-45e6-ad87-59ed4637b9ac.jpg\" alt=\"\" width=\"1170\" height=\"780\" srcset=\"https:\/\/graphimarket.com\/wp-content\/uploads\/2020\/09\/88385ac0-2b5f-45e6-ad87-59ed4637b9ac.jpg 1170w, https:\/\/graphimarket.com\/wp-content\/uploads\/2020\/09\/88385ac0-2b5f-45e6-ad87-59ed4637b9ac-300x200.jpg 300w, https:\/\/graphimarket.com\/wp-content\/uploads\/2020\/09\/88385ac0-2b5f-45e6-ad87-59ed4637b9ac-1024x683.jpg 1024w, https:\/\/graphimarket.com\/wp-content\/uploads\/2020\/09\/88385ac0-2b5f-45e6-ad87-59ed4637b9ac-768x512.jpg 768w, https:\/\/graphimarket.com\/wp-content\/uploads\/2020\/09\/88385ac0-2b5f-45e6-ad87-59ed4637b9ac-600x400.jpg 600w\" sizes=\"(max-width: 1170px) 100vw, 1170px\" \/> <img decoding=\"async\" class=\"aligncenter wp-image-11108 size-full\" src=\"https:\/\/graphimarket.com\/wp-content\/uploads\/2020\/09\/e688ff8a-f026-4047-a6d0-341c493e3c53.jpg\" alt=\"\" width=\"1170\" height=\"780\" srcset=\"https:\/\/graphimarket.com\/wp-content\/uploads\/2020\/09\/e688ff8a-f026-4047-a6d0-341c493e3c53.jpg 1170w, https:\/\/graphimarket.com\/wp-content\/uploads\/2020\/09\/e688ff8a-f026-4047-a6d0-341c493e3c53-300x200.jpg 300w, https:\/\/graphimarket.com\/wp-content\/uploads\/2020\/09\/e688ff8a-f026-4047-a6d0-341c493e3c53-1024x683.jpg 1024w, https:\/\/graphimarket.com\/wp-content\/uploads\/2020\/09\/e688ff8a-f026-4047-a6d0-341c493e3c53-768x512.jpg 768w, https:\/\/graphimarket.com\/wp-content\/uploads\/2020\/09\/e688ff8a-f026-4047-a6d0-341c493e3c53-600x400.jpg 600w\" sizes=\"(max-width: 1170px) 100vw, 1170px\" \/> <img loading=\"lazy\" decoding=\"async\" class=\"aligncenter wp-image-11109 size-full\" src=\"https:\/\/graphimarket.com\/wp-content\/uploads\/2020\/09\/ef985330-7884-492a-b2c9-4620794cc4b3.jpg\" alt=\"\" width=\"1170\" height=\"780\" srcset=\"https:\/\/graphimarket.com\/wp-content\/uploads\/2020\/09\/ef985330-7884-492a-b2c9-4620794cc4b3.jpg 1170w, https:\/\/graphimarket.com\/wp-content\/uploads\/2020\/09\/ef985330-7884-492a-b2c9-4620794cc4b3-300x200.jpg 300w, https:\/\/graphimarket.com\/wp-content\/uploads\/2020\/09\/ef985330-7884-492a-b2c9-4620794cc4b3-1024x683.jpg 1024w, https:\/\/graphimarket.com\/wp-content\/uploads\/2020\/09\/ef985330-7884-492a-b2c9-4620794cc4b3-768x512.jpg 768w, https:\/\/graphimarket.com\/wp-content\/uploads\/2020\/09\/ef985330-7884-492a-b2c9-4620794cc4b3-600x400.jpg 600w\" sizes=\"(max-width: 1170px) 100vw, 1170px\" \/> <img loading=\"lazy\" decoding=\"async\" class=\"aligncenter wp-image-11110 size-full\" src=\"https:\/\/graphimarket.com\/wp-content\/uploads\/2020\/09\/fc6a9de9-f264-47e9-9ef9-a71dc411dd7b.jpg\" alt=\"\" width=\"1170\" height=\"780\" srcset=\"https:\/\/graphimarket.com\/wp-content\/uploads\/2020\/09\/fc6a9de9-f264-47e9-9ef9-a71dc411dd7b.jpg 1170w, https:\/\/graphimarket.com\/wp-content\/uploads\/2020\/09\/fc6a9de9-f264-47e9-9ef9-a71dc411dd7b-300x200.jpg 300w, https:\/\/graphimarket.com\/wp-content\/uploads\/2020\/09\/fc6a9de9-f264-47e9-9ef9-a71dc411dd7b-1024x683.jpg 1024w, https:\/\/graphimarket.com\/wp-content\/uploads\/2020\/09\/fc6a9de9-f264-47e9-9ef9-a71dc411dd7b-768x512.jpg 768w, https:\/\/graphimarket.com\/wp-content\/uploads\/2020\/09\/fc6a9de9-f264-47e9-9ef9-a71dc411dd7b-600x400.jpg 600w\" sizes=\"(max-width: 1170px) 100vw, 1170px\" \/> <img loading=\"lazy\" decoding=\"async\" class=\"aligncenter wp-image-11111 size-full\" src=\"https:\/\/graphimarket.com\/wp-content\/uploads\/2020\/09\/9165a0bb-d318-4252-977e-9b0c75dd79d6.jpg\" alt=\"\" width=\"1019\" height=\"679\" srcset=\"https:\/\/graphimarket.com\/wp-content\/uploads\/2020\/09\/9165a0bb-d318-4252-977e-9b0c75dd79d6.jpg 1019w, https:\/\/graphimarket.com\/wp-content\/uploads\/2020\/09\/9165a0bb-d318-4252-977e-9b0c75dd79d6-300x200.jpg 300w, https:\/\/graphimarket.com\/wp-content\/uploads\/2020\/09\/9165a0bb-d318-4252-977e-9b0c75dd79d6-768x512.jpg 768w, https:\/\/graphimarket.com\/wp-content\/uploads\/2020\/09\/9165a0bb-d318-4252-977e-9b0c75dd79d6-600x400.jpg 600w\" sizes=\"(max-width: 1019px) 100vw, 1019px\" \/> <img loading=\"lazy\" decoding=\"async\" class=\"aligncenter wp-image-11112 size-full\" src=\"https:\/\/graphimarket.com\/wp-content\/uploads\/2020\/09\/2b1b1f3a-aa0f-4048-9499-26b4b7d09e94.jpg\" alt=\"\" width=\"1170\" height=\"780\" srcset=\"https:\/\/graphimarket.com\/wp-content\/uploads\/2020\/09\/2b1b1f3a-aa0f-4048-9499-26b4b7d09e94.jpg 1170w, https:\/\/graphimarket.com\/wp-content\/uploads\/2020\/09\/2b1b1f3a-aa0f-4048-9499-26b4b7d09e94-300x200.jpg 300w, https:\/\/graphimarket.com\/wp-content\/uploads\/2020\/09\/2b1b1f3a-aa0f-4048-9499-26b4b7d09e94-1024x683.jpg 1024w, https:\/\/graphimarket.com\/wp-content\/uploads\/2020\/09\/2b1b1f3a-aa0f-4048-9499-26b4b7d09e94-768x512.jpg 768w, https:\/\/graphimarket.com\/wp-content\/uploads\/2020\/09\/2b1b1f3a-aa0f-4048-9499-26b4b7d09e94-600x400.jpg 600w\" sizes=\"(max-width: 1170px) 100vw, 1170px\" \/> <img loading=\"lazy\" decoding=\"async\" class=\"aligncenter wp-image-11113 size-full\" src=\"https:\/\/graphimarket.com\/wp-content\/uploads\/2020\/09\/3ffa1e39-d4ef-4a87-9f9d-4ff1e9df9888.jpg\" alt=\"\" width=\"1170\" height=\"780\" srcset=\"https:\/\/graphimarket.com\/wp-content\/uploads\/2020\/09\/3ffa1e39-d4ef-4a87-9f9d-4ff1e9df9888.jpg 1170w, https:\/\/graphimarket.com\/wp-content\/uploads\/2020\/09\/3ffa1e39-d4ef-4a87-9f9d-4ff1e9df9888-300x200.jpg 300w, https:\/\/graphimarket.com\/wp-content\/uploads\/2020\/09\/3ffa1e39-d4ef-4a87-9f9d-4ff1e9df9888-1024x683.jpg 1024w, https:\/\/graphimarket.com\/wp-content\/uploads\/2020\/09\/3ffa1e39-d4ef-4a87-9f9d-4ff1e9df9888-768x512.jpg 768w, https:\/\/graphimarket.com\/wp-content\/uploads\/2020\/09\/3ffa1e39-d4ef-4a87-9f9d-4ff1e9df9888-600x400.jpg 600w\" sizes=\"(max-width: 1170px) 100vw, 1170px\" \/> <img loading=\"lazy\" decoding=\"async\" class=\"aligncenter wp-image-11114 size-full\" src=\"https:\/\/graphimarket.com\/wp-content\/uploads\/2020\/09\/5f8b2602-30c7-41a2-8dd9-7ca625d52e36.jpg\" alt=\"\" width=\"1170\" height=\"780\" srcset=\"https:\/\/graphimarket.com\/wp-content\/uploads\/2020\/09\/5f8b2602-30c7-41a2-8dd9-7ca625d52e36.jpg 1170w, https:\/\/graphimarket.com\/wp-content\/uploads\/2020\/09\/5f8b2602-30c7-41a2-8dd9-7ca625d52e36-300x200.jpg 300w, https:\/\/graphimarket.com\/wp-content\/uploads\/2020\/09\/5f8b2602-30c7-41a2-8dd9-7ca625d52e36-1024x683.jpg 1024w, https:\/\/graphimarket.com\/wp-content\/uploads\/2020\/09\/5f8b2602-30c7-41a2-8dd9-7ca625d52e36-768x512.jpg 768w, https:\/\/graphimarket.com\/wp-content\/uploads\/2020\/09\/5f8b2602-30c7-41a2-8dd9-7ca625d52e36-600x400.jpg 600w\" sizes=\"(max-width: 1170px) 100vw, 1170px\" \/><\/p>\n<p>&nbsp;<\/p>\n<p>&nbsp;<\/p>\n<div class=\"_3YqMOf9R\">\n<div class=\"_3KAa4-GZ frEFeDSS\"><\/div>\n<\/div>","protected":false},"excerpt":{"rendered":"<p>Introducing Cambridge font. Are you looking for a bold handlettering decorative font that has a medieval gothic feeling? We can help! Try to download our Cambridge font. Suitable to use for any occasion such as book, logo, print, game, event, music, invitation and others \ud83d\ude42 What\u2019s Included : Cambridge OTF Cambridge TTF Cambridge WOFF Basic [&hellip;]<\/p>\n","protected":false},"featured_media":11115,"comment_status":"open","ping_status":"closed","template":"","meta":{"site-sidebar-layout":"default","site-content-layout":"default","ast-site-content-layout":"default","site-content-style":"default","site-sidebar-style":"default","ast-global-header-display":"","ast-banner-title-visibility":"","ast-main-header-display":"","ast-hfb-above-header-display":"","ast-hfb-below-header-display":"","ast-hfb-mobile-header-display":"","site-post-title":"","ast-breadcrumbs-content":"","ast-featured-img":"","footer-sml-layout":"","ast-disable-related-posts":"","theme-transparent-header-meta":"default","adv-header-id-meta":"","stick-header-meta":"","header-above-stick-meta":"","header-main-stick-meta":"","header-below-stick-meta":"","astra-migrate-meta-layouts":"default","ast-page-background-enabled":"default","ast-page-background-meta":{"desktop":{"background-color":"","background-image":"","background-repeat":"repeat","background-position":"center center","background-size":"auto","background-attachment":"scroll","background-type":"","background-media":"","overlay-type":"","overlay-color":"","overlay-opacity":"","overlay-gradient":""},"tablet":{"background-color":"","background-image":"","background-repeat":"repeat","background-position":"center center","background-size":"auto","background-attachment":"scroll","background-type":"","background-media":"","overlay-type":"","overlay-color":"","overlay-opacity":"","overlay-gradient":""},"mobile":{"background-color":"","background-image":"","background-repeat":"repeat","background-position":"center center","background-size":"auto","background-attachment":"scroll","background-type":"","background-media":"","overlay-type":"","overlay-color":"","overlay-opacity":"","overlay-gradient":""}},"ast-content-background-meta":{"desktop":{"background-color":"var(--ast-global-color-5)","background-image":"","background-repeat":"repeat","background-position":"center center","background-size":"auto","background-attachment":"scroll","background-type":"","background-media":"","overlay-type":"","overlay-color":"","overlay-opacity":"","overlay-gradient":""},"tablet":{"background-color":"var(--ast-global-color-5)","background-image":"","background-repeat":"repeat","background-position":"center center","background-size":"auto","background-attachment":"scroll","background-type":"","background-media":"","overlay-type":"","overlay-color":"","overlay-opacity":"","overlay-gradient":""},"mobile":{"background-color":"var(--ast-global-color-5)","background-image":"","background-repeat":"repeat","background-position":"center center","background-size":"auto","background-attachment":"scroll","background-type":"","background-media":"","overlay-type":"","overlay-color":"","overlay-opacity":"","overlay-gradient":""}}},"product_brand":[],"product_cat":[187],"product_tag":[],"class_list":{"0":"post-11105","1":"product","2":"type-product","3":"status-publish","4":"has-post-thumbnail","6":"product_cat-fonts","7":"desktop-align-left","8":"tablet-align-left","9":"mobile-align-left","11":"first","12":"instock","13":"downloadable","14":"virtual","15":"taxable","16":"purchasable","17":"product-type-simple"},"yoast_head":"<!-- This site is optimized with the Yoast SEO plugin v27.3 - https:\/\/yoast.com\/product\/yoast-seo-wordpress\/ -->\n<title>Cambridge - Bold Decorative Gothic Font - Graphimarket<\/title>\n<meta name=\"description\" content=\"Introducing Cambridge font. Are you looking for a bold handlettering decorative font that has a medieval gothic feeling?\" \/>\n<meta name=\"robots\" content=\"index, follow, max-snippet:-1, max-image-preview:large, max-video-preview:-1\" \/>\n<link rel=\"canonical\" href=\"https:\/\/graphimarket.com\/de\/product\/cambridge-bold-decorative-gothic-font\/\" \/>\n<meta property=\"og:locale\" content=\"de_DE\" \/>\n<meta property=\"og:type\" content=\"article\" \/>\n<meta property=\"og:title\" content=\"Cambridge - Bold Decorative Gothic Font - Graphimarket\" \/>\n<meta property=\"og:description\" content=\"Introducing Cambridge font. Are you looking for a bold handlettering decorative font that has a medieval gothic feeling?\" \/>\n<meta property=\"og:url\" content=\"https:\/\/graphimarket.com\/de\/product\/cambridge-bold-decorative-gothic-font\/\" \/>\n<meta property=\"og:site_name\" content=\"Graphimarket\" \/>\n<meta property=\"article:modified_time\" content=\"2022-12-19T09:02:09+00:00\" \/>\n<meta property=\"og:image\" content=\"https:\/\/graphimarket.com\/wp-content\/uploads\/2020\/09\/9165a0bb-d318-4252-977e-9b0c75dd79d6-1.jpg\" \/>\n\t<meta property=\"og:image:width\" content=\"1019\" \/>\n\t<meta property=\"og:image:height\" content=\"679\" \/>\n\t<meta property=\"og:image:type\" content=\"image\/jpeg\" \/>\n<meta name=\"twitter:card\" content=\"summary_large_image\" \/>\n<script type=\"application\/ld+json\" class=\"yoast-schema-graph\">{\"@context\":\"https:\\\/\\\/schema.org\",\"@graph\":[{\"@type\":\"WebPage\",\"@id\":\"https:\\\/\\\/graphimarket.com\\\/product\\\/cambridge-bold-decorative-gothic-font\\\/\",\"url\":\"https:\\\/\\\/graphimarket.com\\\/product\\\/cambridge-bold-decorative-gothic-font\\\/\",\"name\":\"Cambridge - Bold Decorative Gothic Font - Graphimarket\",\"isPartOf\":{\"@id\":\"https:\\\/\\\/graphimarket.com\\\/fr\\\/#website\"},\"primaryImageOfPage\":{\"@id\":\"https:\\\/\\\/graphimarket.com\\\/product\\\/cambridge-bold-decorative-gothic-font\\\/#primaryimage\"},\"image\":{\"@id\":\"https:\\\/\\\/graphimarket.com\\\/product\\\/cambridge-bold-decorative-gothic-font\\\/#primaryimage\"},\"thumbnailUrl\":\"https:\\\/\\\/graphimarket.com\\\/wp-content\\\/uploads\\\/2020\\\/09\\\/9165a0bb-d318-4252-977e-9b0c75dd79d6-1.jpg\",\"datePublished\":\"2020-09-25T08:11:55+00:00\",\"dateModified\":\"2022-12-19T09:02:09+00:00\",\"description\":\"Introducing Cambridge font. Are you looking for a bold handlettering decorative font that has a medieval gothic feeling?\",\"breadcrumb\":{\"@id\":\"https:\\\/\\\/graphimarket.com\\\/product\\\/cambridge-bold-decorative-gothic-font\\\/#breadcrumb\"},\"inLanguage\":\"de-DE\",\"potentialAction\":[{\"@type\":\"ReadAction\",\"target\":[\"https:\\\/\\\/graphimarket.com\\\/product\\\/cambridge-bold-decorative-gothic-font\\\/\"]}]},{\"@type\":\"ImageObject\",\"inLanguage\":\"de-DE\",\"@id\":\"https:\\\/\\\/graphimarket.com\\\/product\\\/cambridge-bold-decorative-gothic-font\\\/#primaryimage\",\"url\":\"https:\\\/\\\/graphimarket.com\\\/wp-content\\\/uploads\\\/2020\\\/09\\\/9165a0bb-d318-4252-977e-9b0c75dd79d6-1.jpg\",\"contentUrl\":\"https:\\\/\\\/graphimarket.com\\\/wp-content\\\/uploads\\\/2020\\\/09\\\/9165a0bb-d318-4252-977e-9b0c75dd79d6-1.jpg\",\"width\":1019,\"height\":679},{\"@type\":\"BreadcrumbList\",\"@id\":\"https:\\\/\\\/graphimarket.com\\\/product\\\/cambridge-bold-decorative-gothic-font\\\/#breadcrumb\",\"itemListElement\":[{\"@type\":\"ListItem\",\"position\":1,\"name\":\"Home\",\"item\":\"https:\\\/\\\/graphimarket.com\\\/es\\\/\"},{\"@type\":\"ListItem\",\"position\":2,\"name\":\"Store\",\"item\":\"https:\\\/\\\/graphimarket.com\\\/store\\\/\"},{\"@type\":\"ListItem\",\"position\":3,\"name\":\"Cambridge &#8211; Bold Decorative Gothic Font\"}]},{\"@type\":\"WebSite\",\"@id\":\"https:\\\/\\\/graphimarket.com\\\/fr\\\/#website\",\"url\":\"https:\\\/\\\/graphimarket.com\\\/fr\\\/\",\"name\":\"Graphimarket\",\"description\":\"Find the perfect creative asset to bring your project to life\",\"publisher\":{\"@id\":\"https:\\\/\\\/graphimarket.com\\\/fr\\\/#organization\"},\"potentialAction\":[{\"@type\":\"SearchAction\",\"target\":{\"@type\":\"EntryPoint\",\"urlTemplate\":\"https:\\\/\\\/graphimarket.com\\\/fr\\\/?s={search_term_string}\"},\"query-input\":{\"@type\":\"PropertyValueSpecification\",\"valueRequired\":true,\"valueName\":\"search_term_string\"}}],\"inLanguage\":\"de-DE\"},{\"@type\":\"Organization\",\"@id\":\"https:\\\/\\\/graphimarket.com\\\/fr\\\/#organization\",\"name\":\"Graphimarket\",\"url\":\"https:\\\/\\\/graphimarket.com\\\/fr\\\/\",\"logo\":{\"@type\":\"ImageObject\",\"inLanguage\":\"de-DE\",\"@id\":\"https:\\\/\\\/graphimarket.com\\\/fr\\\/#\\\/schema\\\/logo\\\/image\\\/\",\"url\":\"https:\\\/\\\/graphimarket.com\\\/wp-content\\\/uploads\\\/2020\\\/08\\\/logo-48.png\",\"contentUrl\":\"https:\\\/\\\/graphimarket.com\\\/wp-content\\\/uploads\\\/2020\\\/08\\\/logo-48.png\",\"width\":132,\"height\":48,\"caption\":\"Graphimarket\"},\"image\":{\"@id\":\"https:\\\/\\\/graphimarket.com\\\/fr\\\/#\\\/schema\\\/logo\\\/image\\\/\"}}]}<\/script>\n<!-- \/ Yoast SEO plugin. -->","yoast_head_json":{"title":"Cambridge - Bold Decorative Gothic Font - Graphimarket","description":"Introducing Cambridge font. Are you looking for a bold handlettering decorative font that has a medieval gothic feeling?","robots":{"index":"index","follow":"follow","max-snippet":"max-snippet:-1","max-image-preview":"max-image-preview:large","max-video-preview":"max-video-preview:-1"},"canonical":"https:\/\/graphimarket.com\/de\/product\/cambridge-bold-decorative-gothic-font\/","og_locale":"de_DE","og_type":"article","og_title":"Cambridge - Bold Decorative Gothic Font - Graphimarket","og_description":"Introducing Cambridge font. Are you looking for a bold handlettering decorative font that has a medieval gothic feeling?","og_url":"https:\/\/graphimarket.com\/de\/product\/cambridge-bold-decorative-gothic-font\/","og_site_name":"Graphimarket","article_modified_time":"2022-12-19T09:02:09+00:00","og_image":[{"width":1019,"height":679,"url":"https:\/\/graphimarket.com\/wp-content\/uploads\/2020\/09\/9165a0bb-d318-4252-977e-9b0c75dd79d6-1.jpg","type":"image\/jpeg"}],"twitter_card":"summary_large_image","schema":{"@context":"https:\/\/schema.org","@graph":[{"@type":"WebPage","@id":"https:\/\/graphimarket.com\/product\/cambridge-bold-decorative-gothic-font\/","url":"https:\/\/graphimarket.com\/product\/cambridge-bold-decorative-gothic-font\/","name":"Cambridge - Bold Decorative Gothic Font - Graphimarket","isPartOf":{"@id":"https:\/\/graphimarket.com\/fr\/#website"},"primaryImageOfPage":{"@id":"https:\/\/graphimarket.com\/product\/cambridge-bold-decorative-gothic-font\/#primaryimage"},"image":{"@id":"https:\/\/graphimarket.com\/product\/cambridge-bold-decorative-gothic-font\/#primaryimage"},"thumbnailUrl":"https:\/\/graphimarket.com\/wp-content\/uploads\/2020\/09\/9165a0bb-d318-4252-977e-9b0c75dd79d6-1.jpg","datePublished":"2020-09-25T08:11:55+00:00","dateModified":"2022-12-19T09:02:09+00:00","description":"Introducing Cambridge font. Are you looking for a bold handlettering decorative font that has a medieval gothic feeling?","breadcrumb":{"@id":"https:\/\/graphimarket.com\/product\/cambridge-bold-decorative-gothic-font\/#breadcrumb"},"inLanguage":"de-DE","potentialAction":[{"@type":"ReadAction","target":["https:\/\/graphimarket.com\/product\/cambridge-bold-decorative-gothic-font\/"]}]},{"@type":"ImageObject","inLanguage":"de-DE","@id":"https:\/\/graphimarket.com\/product\/cambridge-bold-decorative-gothic-font\/#primaryimage","url":"https:\/\/graphimarket.com\/wp-content\/uploads\/2020\/09\/9165a0bb-d318-4252-977e-9b0c75dd79d6-1.jpg","contentUrl":"https:\/\/graphimarket.com\/wp-content\/uploads\/2020\/09\/9165a0bb-d318-4252-977e-9b0c75dd79d6-1.jpg","width":1019,"height":679},{"@type":"BreadcrumbList","@id":"https:\/\/graphimarket.com\/product\/cambridge-bold-decorative-gothic-font\/#breadcrumb","itemListElement":[{"@type":"ListItem","position":1,"name":"Home","item":"https:\/\/graphimarket.com\/es\/"},{"@type":"ListItem","position":2,"name":"Store","item":"https:\/\/graphimarket.com\/store\/"},{"@type":"ListItem","position":3,"name":"Cambridge &#8211; Bold Decorative Gothic Font"}]},{"@type":"WebSite","@id":"https:\/\/graphimarket.com\/fr\/#website","url":"https:\/\/graphimarket.com\/fr\/","name":"Graphimarket","description":"Finden Sie das perfekte kreative Kapital, um Ihr Projekt zum Leben zu erwecken","publisher":{"@id":"https:\/\/graphimarket.com\/fr\/#organization"},"potentialAction":[{"@type":"SearchAction","target":{"@type":"EntryPoint","urlTemplate":"https:\/\/graphimarket.com\/fr\/?s={search_term_string}"},"query-input":{"@type":"PropertyValueSpecification","valueRequired":true,"valueName":"search_term_string"}}],"inLanguage":"de-DE"},{"@type":"Organization","@id":"https:\/\/graphimarket.com\/fr\/#organization","name":"Graphimarket","url":"https:\/\/graphimarket.com\/fr\/","logo":{"@type":"ImageObject","inLanguage":"de-DE","@id":"https:\/\/graphimarket.com\/fr\/#\/schema\/logo\/image\/","url":"https:\/\/graphimarket.com\/wp-content\/uploads\/2020\/08\/logo-48.png","contentUrl":"https:\/\/graphimarket.com\/wp-content\/uploads\/2020\/08\/logo-48.png","width":132,"height":48,"caption":"Graphimarket"},"image":{"@id":"https:\/\/graphimarket.com\/fr\/#\/schema\/logo\/image\/"}}]}},"_links":{"self":[{"href":"https:\/\/graphimarket.com\/de\/wp-json\/wp\/v2\/product\/11105","targetHints":{"allow":["GET"]}}],"collection":[{"href":"https:\/\/graphimarket.com\/de\/wp-json\/wp\/v2\/product"}],"about":[{"href":"https:\/\/graphimarket.com\/de\/wp-json\/wp\/v2\/types\/product"}],"replies":[{"embeddable":true,"href":"https:\/\/graphimarket.com\/de\/wp-json\/wp\/v2\/comments?post=11105"}],"version-history":[{"count":0,"href":"https:\/\/graphimarket.com\/de\/wp-json\/wp\/v2\/product\/11105\/revisions"}],"wp:featuredmedia":[{"embeddable":true,"href":"https:\/\/graphimarket.com\/de\/wp-json\/wp\/v2\/media\/11115"}],"wp:attachment":[{"href":"https:\/\/graphimarket.com\/de\/wp-json\/wp\/v2\/media?parent=11105"}],"wp:term":[{"taxonomy":"product_brand","embeddable":true,"href":"https:\/\/graphimarket.com\/de\/wp-json\/wp\/v2\/product_brand?post=11105"},{"taxonomy":"product_cat","embeddable":true,"href":"https:\/\/graphimarket.com\/de\/wp-json\/wp\/v2\/product_cat?post=11105"},{"taxonomy":"product_tag","embeddable":true,"href":"https:\/\/graphimarket.com\/de\/wp-json\/wp\/v2\/product_tag?post=11105"}],"curies":[{"name":"wp","href":"https:\/\/api.w.org\/{rel}","templated":true}]}}