{"id":11168,"date":"2020-09-25T11:31:00","date_gmt":"2020-09-25T09:31:00","guid":{"rendered":"https:\/\/graphimarket.com\/?post_type=product&#038;p=11168"},"modified":"2022-12-19T10:01:08","modified_gmt":"2022-12-19T09:01:08","slug":"santoy-hand-lettering-font","status":"publish","type":"product","link":"https:\/\/graphimarket.com\/de\/product\/santoy-hand-lettering-font\/","title":{"rendered":"Santoy | Handschrift Schrift"},"content":{"rendered":"<div class=\"_2Masz2rr\">\n<p><strong>Santoy &#8211; Hand Lettering Font<\/strong>\u00a0mit einem Kalligraphiestil, so sch\u00f6n auf Einladung wie Gru\u00dfkarten, Markenmaterialien, Visitenkarten, Zitate, Plakate und mehr!<\/p>\n<p>Die alternativen Zeichen wurden in verschiedene Open Type-Funktionen unterteilt, z. B. Stils\u00e4tze, Stilalternativen, Kontextalternativen, SWASH und Ligatur. Auf die Open Type-Funktionen kann mit Open Type-Programmen wie Adobe Illustrator, Adobe InDesign, der Adobe Photoshop Corel Draw X-Version und Microsoft Word zugegriffen werden. Und diese Schriftart hat PUA-Unicode (speziell codierte Schriftarten) gegeben. so dass auf alle alternativen Zeichen leicht vollst\u00e4ndig zugegriffen werden kann<\/p>\n<p>Was ist inbegriffen :<\/p>\n<ul>\n<li><strong>Santoy &#8211; Hand Lettering Font<\/strong>\u00a0OTF &amp; TTF<\/li>\n<li>Tonnenweise Glyphen<\/li>\n<li>Alternativen und Ligaturen<\/li>\n<li>Punctional<\/li>\n<li>Funktioniert auf PC &amp; Mac<\/li>\n<li><strong>PUA-codierte Zeichen<\/strong>\u00a0- Vollst\u00e4ndig zug\u00e4nglich ohne zus\u00e4tzliche Konstruktionssoftware.<\/li>\n<li>Einfache Installationen<\/li>\n<li>Der Zugriff in Adobe Illustrator, Adobe Photoshop und Adobe InDesign funktioniert sogar mit Microsoft Word.<\/li>\n<li>Schriftarten enthalten\u00a0<strong>Mehrsprachige Unterst\u00fctzung<\/strong><\/li>\n<\/ul>\n<p>Vielen Dank f\u00fcr Ihren Besuch und bitte sagen Sie mir, wenn Sie Fragen haben. Hoffentlich gef\u00e4llt Ihnen unser Artikel \ud83d\ude42<\/p>\n<\/div>\n<p>&nbsp;<\/p>\n<p><img fetchpriority=\"high\" decoding=\"async\" class=\"aligncenter wp-image-11169 size-full\" src=\"https:\/\/graphimarket.com\/wp-content\/uploads\/2020\/09\/8f6654fb-5f93-4e26-a595-498ee6111881.jpg\" alt=\"\" width=\"1019\" height=\"679\" srcset=\"https:\/\/graphimarket.com\/wp-content\/uploads\/2020\/09\/8f6654fb-5f93-4e26-a595-498ee6111881.jpg 1019w, https:\/\/graphimarket.com\/wp-content\/uploads\/2020\/09\/8f6654fb-5f93-4e26-a595-498ee6111881-300x200.jpg 300w, https:\/\/graphimarket.com\/wp-content\/uploads\/2020\/09\/8f6654fb-5f93-4e26-a595-498ee6111881-768x512.jpg 768w, https:\/\/graphimarket.com\/wp-content\/uploads\/2020\/09\/8f6654fb-5f93-4e26-a595-498ee6111881-600x400.jpg 600w\" sizes=\"(max-width: 1019px) 100vw, 1019px\" \/> <img decoding=\"async\" class=\"aligncenter wp-image-11170 size-full\" src=\"https:\/\/graphimarket.com\/wp-content\/uploads\/2020\/09\/ba57b63c-d053-45d7-9174-fb2216fd8208.jpg\" alt=\"\" width=\"1170\" height=\"836\" srcset=\"https:\/\/graphimarket.com\/wp-content\/uploads\/2020\/09\/ba57b63c-d053-45d7-9174-fb2216fd8208.jpg 1170w, https:\/\/graphimarket.com\/wp-content\/uploads\/2020\/09\/ba57b63c-d053-45d7-9174-fb2216fd8208-300x214.jpg 300w, https:\/\/graphimarket.com\/wp-content\/uploads\/2020\/09\/ba57b63c-d053-45d7-9174-fb2216fd8208-1024x732.jpg 1024w, https:\/\/graphimarket.com\/wp-content\/uploads\/2020\/09\/ba57b63c-d053-45d7-9174-fb2216fd8208-768x549.jpg 768w, https:\/\/graphimarket.com\/wp-content\/uploads\/2020\/09\/ba57b63c-d053-45d7-9174-fb2216fd8208-600x429.jpg 600w\" sizes=\"(max-width: 1170px) 100vw, 1170px\" \/> <img decoding=\"async\" class=\"aligncenter wp-image-11171 size-full\" src=\"https:\/\/graphimarket.com\/wp-content\/uploads\/2020\/09\/cc6bdd35-046c-41cc-b685-db1cbba2167e.jpg\" alt=\"\" width=\"1170\" height=\"836\" srcset=\"https:\/\/graphimarket.com\/wp-content\/uploads\/2020\/09\/cc6bdd35-046c-41cc-b685-db1cbba2167e.jpg 1170w, https:\/\/graphimarket.com\/wp-content\/uploads\/2020\/09\/cc6bdd35-046c-41cc-b685-db1cbba2167e-300x214.jpg 300w, https:\/\/graphimarket.com\/wp-content\/uploads\/2020\/09\/cc6bdd35-046c-41cc-b685-db1cbba2167e-1024x732.jpg 1024w, https:\/\/graphimarket.com\/wp-content\/uploads\/2020\/09\/cc6bdd35-046c-41cc-b685-db1cbba2167e-768x549.jpg 768w, https:\/\/graphimarket.com\/wp-content\/uploads\/2020\/09\/cc6bdd35-046c-41cc-b685-db1cbba2167e-600x429.jpg 600w\" sizes=\"(max-width: 1170px) 100vw, 1170px\" \/> <img loading=\"lazy\" decoding=\"async\" class=\"aligncenter wp-image-11172 size-full\" src=\"https:\/\/graphimarket.com\/wp-content\/uploads\/2020\/09\/d0ea04b1-dd38-4142-a126-74f9536396e1.jpg\" alt=\"\" width=\"1170\" height=\"836\" srcset=\"https:\/\/graphimarket.com\/wp-content\/uploads\/2020\/09\/d0ea04b1-dd38-4142-a126-74f9536396e1.jpg 1170w, https:\/\/graphimarket.com\/wp-content\/uploads\/2020\/09\/d0ea04b1-dd38-4142-a126-74f9536396e1-300x214.jpg 300w, https:\/\/graphimarket.com\/wp-content\/uploads\/2020\/09\/d0ea04b1-dd38-4142-a126-74f9536396e1-1024x732.jpg 1024w, https:\/\/graphimarket.com\/wp-content\/uploads\/2020\/09\/d0ea04b1-dd38-4142-a126-74f9536396e1-768x549.jpg 768w, https:\/\/graphimarket.com\/wp-content\/uploads\/2020\/09\/d0ea04b1-dd38-4142-a126-74f9536396e1-600x429.jpg 600w\" sizes=\"(max-width: 1170px) 100vw, 1170px\" \/><\/p>\n<div class=\"_3YqMOf9R\">\n<div class=\"_3KAa4-GZ frEFeDSS\"><\/div>\n<\/div>","protected":false},"excerpt":{"rendered":"<p>Santoy &#8211; Hand Lettering Font\u00a0with a calligraphy style, So beautiful on invitation like greeting cards, branding materials, business cards, quotes, posters, and more! The alternative characters were divided into several Open Type features such as Stylistic Sets, Stylistic Alternates, Contextual Alternate, SWASH and Ligature. The Open Type features can be accessed by using Open Type [&hellip;]<\/p>\n","protected":false},"featured_media":11169,"comment_status":"open","ping_status":"closed","template":"","meta":{"site-sidebar-layout":"default","site-content-layout":"default","ast-site-content-layout":"default","site-content-style":"default","site-sidebar-style":"default","ast-global-header-display":"","ast-banner-title-visibility":"","ast-main-header-display":"","ast-hfb-above-header-display":"","ast-hfb-below-header-display":"","ast-hfb-mobile-header-display":"","site-post-title":"","ast-breadcrumbs-content":"","ast-featured-img":"","footer-sml-layout":"","ast-disable-related-posts":"","theme-transparent-header-meta":"default","adv-header-id-meta":"","stick-header-meta":"","header-above-stick-meta":"","header-main-stick-meta":"","header-below-stick-meta":"","astra-migrate-meta-layouts":"default","ast-page-background-enabled":"default","ast-page-background-meta":{"desktop":{"background-color":"","background-image":"","background-repeat":"repeat","background-position":"center center","background-size":"auto","background-attachment":"scroll","background-type":"","background-media":"","overlay-type":"","overlay-color":"","overlay-opacity":"","overlay-gradient":""},"tablet":{"background-color":"","background-image":"","background-repeat":"repeat","background-position":"center center","background-size":"auto","background-attachment":"scroll","background-type":"","background-media":"","overlay-type":"","overlay-color":"","overlay-opacity":"","overlay-gradient":""},"mobile":{"background-color":"","background-image":"","background-repeat":"repeat","background-position":"center center","background-size":"auto","background-attachment":"scroll","background-type":"","background-media":"","overlay-type":"","overlay-color":"","overlay-opacity":"","overlay-gradient":""}},"ast-content-background-meta":{"desktop":{"background-color":"var(--ast-global-color-5)","background-image":"","background-repeat":"repeat","background-position":"center center","background-size":"auto","background-attachment":"scroll","background-type":"","background-media":"","overlay-type":"","overlay-color":"","overlay-opacity":"","overlay-gradient":""},"tablet":{"background-color":"var(--ast-global-color-5)","background-image":"","background-repeat":"repeat","background-position":"center center","background-size":"auto","background-attachment":"scroll","background-type":"","background-media":"","overlay-type":"","overlay-color":"","overlay-opacity":"","overlay-gradient":""},"mobile":{"background-color":"var(--ast-global-color-5)","background-image":"","background-repeat":"repeat","background-position":"center center","background-size":"auto","background-attachment":"scroll","background-type":"","background-media":"","overlay-type":"","overlay-color":"","overlay-opacity":"","overlay-gradient":""}}},"product_brand":[],"product_cat":[187],"product_tag":[734,225,59,415,572,1281,278,826,296,1280,298,1282,230,276,326],"class_list":{"0":"post-11168","1":"product","2":"type-product","3":"status-publish","4":"has-post-thumbnail","6":"product_cat-fonts","7":"product_tag-card","8":"product_tag-decoration","9":"product_tag-design","10":"product_tag-floral","11":"product_tag-flower","12":"product_tag-heart","13":"product_tag-illustration","14":"product_tag-label","15":"product_tag-lettering","16":"product_tag-love","17":"product_tag-typography","18":"product_tag-valentine","19":"product_tag-vector","20":"product_tag-vintage","21":"product_tag-wedding","22":"desktop-align-left","23":"tablet-align-left","24":"mobile-align-left","26":"first","27":"instock","28":"downloadable","29":"virtual","30":"taxable","31":"purchasable","32":"product-type-simple"},"yoast_head":"<!-- This site is optimized with the Yoast SEO plugin v27.3 - https:\/\/yoast.com\/product\/yoast-seo-wordpress\/ -->\n<title>Santoy | Hand Lettering Font - Graphimarket<\/title>\n<meta name=\"description\" content=\"Santoy - Hand Lettering Font\u00a0with a calligraphy style, So beautiful on invitation like greeting cards, branding materials, business cards...\" \/>\n<meta name=\"robots\" content=\"index, follow, max-snippet:-1, max-image-preview:large, max-video-preview:-1\" \/>\n<link rel=\"canonical\" href=\"https:\/\/graphimarket.com\/de\/product\/santoy-hand-lettering-font\/\" \/>\n<meta property=\"og:locale\" content=\"de_DE\" \/>\n<meta property=\"og:type\" content=\"article\" \/>\n<meta property=\"og:title\" content=\"Santoy | Hand Lettering Font - Graphimarket\" \/>\n<meta property=\"og:description\" content=\"Santoy - Hand Lettering Font\u00a0with a calligraphy style, So beautiful on invitation like greeting cards, branding materials, business cards...\" \/>\n<meta property=\"og:url\" content=\"https:\/\/graphimarket.com\/de\/product\/santoy-hand-lettering-font\/\" \/>\n<meta property=\"og:site_name\" content=\"Graphimarket\" \/>\n<meta property=\"article:modified_time\" content=\"2022-12-19T09:01:08+00:00\" \/>\n<meta property=\"og:image\" content=\"https:\/\/graphimarket.com\/wp-content\/uploads\/2020\/09\/8f6654fb-5f93-4e26-a595-498ee6111881.jpg\" \/>\n\t<meta property=\"og:image:width\" content=\"1019\" \/>\n\t<meta property=\"og:image:height\" content=\"679\" \/>\n\t<meta property=\"og:image:type\" content=\"image\/jpeg\" \/>\n<meta name=\"twitter:card\" content=\"summary_large_image\" \/>\n<meta name=\"twitter:label1\" content=\"Est. reading time\" \/>\n\t<meta name=\"twitter:data1\" content=\"1 minute\" \/>\n<script type=\"application\/ld+json\" class=\"yoast-schema-graph\">{\"@context\":\"https:\\\/\\\/schema.org\",\"@graph\":[{\"@type\":\"WebPage\",\"@id\":\"https:\\\/\\\/graphimarket.com\\\/product\\\/santoy-hand-lettering-font\\\/\",\"url\":\"https:\\\/\\\/graphimarket.com\\\/product\\\/santoy-hand-lettering-font\\\/\",\"name\":\"Santoy | Hand Lettering Font - Graphimarket\",\"isPartOf\":{\"@id\":\"https:\\\/\\\/graphimarket.com\\\/fr\\\/#website\"},\"primaryImageOfPage\":{\"@id\":\"https:\\\/\\\/graphimarket.com\\\/product\\\/santoy-hand-lettering-font\\\/#primaryimage\"},\"image\":{\"@id\":\"https:\\\/\\\/graphimarket.com\\\/product\\\/santoy-hand-lettering-font\\\/#primaryimage\"},\"thumbnailUrl\":\"https:\\\/\\\/graphimarket.com\\\/wp-content\\\/uploads\\\/2020\\\/09\\\/8f6654fb-5f93-4e26-a595-498ee6111881.jpg\",\"datePublished\":\"2020-09-25T09:31:00+00:00\",\"dateModified\":\"2022-12-19T09:01:08+00:00\",\"description\":\"Santoy - Hand Lettering Font\u00a0with a calligraphy style, So beautiful on invitation like greeting cards, branding materials, business cards...\",\"breadcrumb\":{\"@id\":\"https:\\\/\\\/graphimarket.com\\\/product\\\/santoy-hand-lettering-font\\\/#breadcrumb\"},\"inLanguage\":\"de-DE\",\"potentialAction\":[{\"@type\":\"ReadAction\",\"target\":[\"https:\\\/\\\/graphimarket.com\\\/product\\\/santoy-hand-lettering-font\\\/\"]}]},{\"@type\":\"ImageObject\",\"inLanguage\":\"de-DE\",\"@id\":\"https:\\\/\\\/graphimarket.com\\\/product\\\/santoy-hand-lettering-font\\\/#primaryimage\",\"url\":\"https:\\\/\\\/graphimarket.com\\\/wp-content\\\/uploads\\\/2020\\\/09\\\/8f6654fb-5f93-4e26-a595-498ee6111881.jpg\",\"contentUrl\":\"https:\\\/\\\/graphimarket.com\\\/wp-content\\\/uploads\\\/2020\\\/09\\\/8f6654fb-5f93-4e26-a595-498ee6111881.jpg\",\"width\":1019,\"height\":679},{\"@type\":\"BreadcrumbList\",\"@id\":\"https:\\\/\\\/graphimarket.com\\\/product\\\/santoy-hand-lettering-font\\\/#breadcrumb\",\"itemListElement\":[{\"@type\":\"ListItem\",\"position\":1,\"name\":\"Home\",\"item\":\"https:\\\/\\\/graphimarket.com\\\/es\\\/\"},{\"@type\":\"ListItem\",\"position\":2,\"name\":\"Store\",\"item\":\"https:\\\/\\\/graphimarket.com\\\/store\\\/\"},{\"@type\":\"ListItem\",\"position\":3,\"name\":\"Santoy | Hand Lettering Font\"}]},{\"@type\":\"WebSite\",\"@id\":\"https:\\\/\\\/graphimarket.com\\\/fr\\\/#website\",\"url\":\"https:\\\/\\\/graphimarket.com\\\/fr\\\/\",\"name\":\"Graphimarket\",\"description\":\"Find the perfect creative asset to bring your project to life\",\"publisher\":{\"@id\":\"https:\\\/\\\/graphimarket.com\\\/fr\\\/#organization\"},\"potentialAction\":[{\"@type\":\"SearchAction\",\"target\":{\"@type\":\"EntryPoint\",\"urlTemplate\":\"https:\\\/\\\/graphimarket.com\\\/fr\\\/?s={search_term_string}\"},\"query-input\":{\"@type\":\"PropertyValueSpecification\",\"valueRequired\":true,\"valueName\":\"search_term_string\"}}],\"inLanguage\":\"de-DE\"},{\"@type\":\"Organization\",\"@id\":\"https:\\\/\\\/graphimarket.com\\\/fr\\\/#organization\",\"name\":\"Graphimarket\",\"url\":\"https:\\\/\\\/graphimarket.com\\\/fr\\\/\",\"logo\":{\"@type\":\"ImageObject\",\"inLanguage\":\"de-DE\",\"@id\":\"https:\\\/\\\/graphimarket.com\\\/fr\\\/#\\\/schema\\\/logo\\\/image\\\/\",\"url\":\"https:\\\/\\\/graphimarket.com\\\/wp-content\\\/uploads\\\/2020\\\/08\\\/logo-48.png\",\"contentUrl\":\"https:\\\/\\\/graphimarket.com\\\/wp-content\\\/uploads\\\/2020\\\/08\\\/logo-48.png\",\"width\":132,\"height\":48,\"caption\":\"Graphimarket\"},\"image\":{\"@id\":\"https:\\\/\\\/graphimarket.com\\\/fr\\\/#\\\/schema\\\/logo\\\/image\\\/\"}}]}<\/script>\n<!-- \/ Yoast SEO plugin. -->","yoast_head_json":{"title":"Santoy | Hand Lettering Font - Graphimarket","description":"Santoy - Hand Lettering Font\u00a0with a calligraphy style, So beautiful on invitation like greeting cards, branding materials, business cards...","robots":{"index":"index","follow":"follow","max-snippet":"max-snippet:-1","max-image-preview":"max-image-preview:large","max-video-preview":"max-video-preview:-1"},"canonical":"https:\/\/graphimarket.com\/de\/product\/santoy-hand-lettering-font\/","og_locale":"de_DE","og_type":"article","og_title":"Santoy | Hand Lettering Font - Graphimarket","og_description":"Santoy - Hand Lettering Font\u00a0with a calligraphy style, So beautiful on invitation like greeting cards, branding materials, business cards...","og_url":"https:\/\/graphimarket.com\/de\/product\/santoy-hand-lettering-font\/","og_site_name":"Graphimarket","article_modified_time":"2022-12-19T09:01:08+00:00","og_image":[{"width":1019,"height":679,"url":"https:\/\/graphimarket.com\/wp-content\/uploads\/2020\/09\/8f6654fb-5f93-4e26-a595-498ee6111881.jpg","type":"image\/jpeg"}],"twitter_card":"summary_large_image","twitter_misc":{"Est. reading time":"1 minute"},"schema":{"@context":"https:\/\/schema.org","@graph":[{"@type":"WebPage","@id":"https:\/\/graphimarket.com\/product\/santoy-hand-lettering-font\/","url":"https:\/\/graphimarket.com\/product\/santoy-hand-lettering-font\/","name":"Santoy | Hand Lettering Font - Graphimarket","isPartOf":{"@id":"https:\/\/graphimarket.com\/fr\/#website"},"primaryImageOfPage":{"@id":"https:\/\/graphimarket.com\/product\/santoy-hand-lettering-font\/#primaryimage"},"image":{"@id":"https:\/\/graphimarket.com\/product\/santoy-hand-lettering-font\/#primaryimage"},"thumbnailUrl":"https:\/\/graphimarket.com\/wp-content\/uploads\/2020\/09\/8f6654fb-5f93-4e26-a595-498ee6111881.jpg","datePublished":"2020-09-25T09:31:00+00:00","dateModified":"2022-12-19T09:01:08+00:00","description":"Santoy - Hand Lettering Font\u00a0with a calligraphy style, So beautiful on invitation like greeting cards, branding materials, business cards...","breadcrumb":{"@id":"https:\/\/graphimarket.com\/product\/santoy-hand-lettering-font\/#breadcrumb"},"inLanguage":"de-DE","potentialAction":[{"@type":"ReadAction","target":["https:\/\/graphimarket.com\/product\/santoy-hand-lettering-font\/"]}]},{"@type":"ImageObject","inLanguage":"de-DE","@id":"https:\/\/graphimarket.com\/product\/santoy-hand-lettering-font\/#primaryimage","url":"https:\/\/graphimarket.com\/wp-content\/uploads\/2020\/09\/8f6654fb-5f93-4e26-a595-498ee6111881.jpg","contentUrl":"https:\/\/graphimarket.com\/wp-content\/uploads\/2020\/09\/8f6654fb-5f93-4e26-a595-498ee6111881.jpg","width":1019,"height":679},{"@type":"BreadcrumbList","@id":"https:\/\/graphimarket.com\/product\/santoy-hand-lettering-font\/#breadcrumb","itemListElement":[{"@type":"ListItem","position":1,"name":"Home","item":"https:\/\/graphimarket.com\/es\/"},{"@type":"ListItem","position":2,"name":"Store","item":"https:\/\/graphimarket.com\/store\/"},{"@type":"ListItem","position":3,"name":"Santoy | Hand Lettering Font"}]},{"@type":"WebSite","@id":"https:\/\/graphimarket.com\/fr\/#website","url":"https:\/\/graphimarket.com\/fr\/","name":"Graphimarket","description":"Finden Sie das perfekte kreative Kapital, um Ihr Projekt zum Leben zu erwecken","publisher":{"@id":"https:\/\/graphimarket.com\/fr\/#organization"},"potentialAction":[{"@type":"SearchAction","target":{"@type":"EntryPoint","urlTemplate":"https:\/\/graphimarket.com\/fr\/?s={search_term_string}"},"query-input":{"@type":"PropertyValueSpecification","valueRequired":true,"valueName":"search_term_string"}}],"inLanguage":"de-DE"},{"@type":"Organization","@id":"https:\/\/graphimarket.com\/fr\/#organization","name":"Graphimarket","url":"https:\/\/graphimarket.com\/fr\/","logo":{"@type":"ImageObject","inLanguage":"de-DE","@id":"https:\/\/graphimarket.com\/fr\/#\/schema\/logo\/image\/","url":"https:\/\/graphimarket.com\/wp-content\/uploads\/2020\/08\/logo-48.png","contentUrl":"https:\/\/graphimarket.com\/wp-content\/uploads\/2020\/08\/logo-48.png","width":132,"height":48,"caption":"Graphimarket"},"image":{"@id":"https:\/\/graphimarket.com\/fr\/#\/schema\/logo\/image\/"}}]}},"_links":{"self":[{"href":"https:\/\/graphimarket.com\/de\/wp-json\/wp\/v2\/product\/11168","targetHints":{"allow":["GET"]}}],"collection":[{"href":"https:\/\/graphimarket.com\/de\/wp-json\/wp\/v2\/product"}],"about":[{"href":"https:\/\/graphimarket.com\/de\/wp-json\/wp\/v2\/types\/product"}],"replies":[{"embeddable":true,"href":"https:\/\/graphimarket.com\/de\/wp-json\/wp\/v2\/comments?post=11168"}],"version-history":[{"count":0,"href":"https:\/\/graphimarket.com\/de\/wp-json\/wp\/v2\/product\/11168\/revisions"}],"wp:featuredmedia":[{"embeddable":true,"href":"https:\/\/graphimarket.com\/de\/wp-json\/wp\/v2\/media\/11169"}],"wp:attachment":[{"href":"https:\/\/graphimarket.com\/de\/wp-json\/wp\/v2\/media?parent=11168"}],"wp:term":[{"taxonomy":"product_brand","embeddable":true,"href":"https:\/\/graphimarket.com\/de\/wp-json\/wp\/v2\/product_brand?post=11168"},{"taxonomy":"product_cat","embeddable":true,"href":"https:\/\/graphimarket.com\/de\/wp-json\/wp\/v2\/product_cat?post=11168"},{"taxonomy":"product_tag","embeddable":true,"href":"https:\/\/graphimarket.com\/de\/wp-json\/wp\/v2\/product_tag?post=11168"}],"curies":[{"name":"wp","href":"https:\/\/api.w.org\/{rel}","templated":true}]}}