{"id":11195,"date":"2020-09-25T12:32:09","date_gmt":"2020-09-25T10:32:09","guid":{"rendered":"https:\/\/graphimarket.com\/?post_type=product&#038;p=11195"},"modified":"2022-12-19T10:00:34","modified_gmt":"2022-12-19T09:00:34","slug":"mightwell-brush-font","status":"publish","type":"product","link":"https:\/\/graphimarket.com\/de\/product\/mightwell-brush-font\/","title":{"rendered":"Mightwell - Pinselschrift"},"content":{"rendered":"<div class=\"_2Masz2rr\">\n<p>Mightwell is a modern Brush font. With a classy and natural handwritten style, it brings a classy and chic typeface. Mightwell is best used for weddings, branding, logotype, and quotes.<\/p>\n<p><strong>Includes:<\/strong><\/p>\n<ul>\n<li>Mightwell (OTF\/TTF)<\/li>\n<li>Mightwell Brush (OTF\/TTF)<\/li>\n<\/ul>\n<p><strong>Eigenschaften:<\/strong><\/p>\n<ul>\n<li>Beautiful Ligatures<\/li>\n<li>PUA Encoded<\/li>\n<li>Mehrsprachige Unterst\u00fctzung<\/li>\n<li>Numerals and Punctuation<\/li>\n<\/ul>\n<p><img fetchpriority=\"high\" decoding=\"async\" class=\"aligncenter wp-image-11196 size-full\" src=\"https:\/\/graphimarket.com\/wp-content\/uploads\/2020\/09\/be480292-6623-4cde-adc3-99b0eebae15a.jpg\" alt=\"\" width=\"1170\" height=\"780\" srcset=\"https:\/\/graphimarket.com\/wp-content\/uploads\/2020\/09\/be480292-6623-4cde-adc3-99b0eebae15a.jpg 1170w, https:\/\/graphimarket.com\/wp-content\/uploads\/2020\/09\/be480292-6623-4cde-adc3-99b0eebae15a-300x200.jpg 300w, https:\/\/graphimarket.com\/wp-content\/uploads\/2020\/09\/be480292-6623-4cde-adc3-99b0eebae15a-1024x683.jpg 1024w, https:\/\/graphimarket.com\/wp-content\/uploads\/2020\/09\/be480292-6623-4cde-adc3-99b0eebae15a-768x512.jpg 768w, https:\/\/graphimarket.com\/wp-content\/uploads\/2020\/09\/be480292-6623-4cde-adc3-99b0eebae15a-600x400.jpg 600w\" sizes=\"(max-width: 1170px) 100vw, 1170px\" \/> <img decoding=\"async\" class=\"aligncenter wp-image-11197 size-full\" src=\"https:\/\/graphimarket.com\/wp-content\/uploads\/2020\/09\/d938f620-e705-4431-817e-d79d0460601d.jpg\" alt=\"\" width=\"1170\" height=\"780\" srcset=\"https:\/\/graphimarket.com\/wp-content\/uploads\/2020\/09\/d938f620-e705-4431-817e-d79d0460601d.jpg 1170w, https:\/\/graphimarket.com\/wp-content\/uploads\/2020\/09\/d938f620-e705-4431-817e-d79d0460601d-300x200.jpg 300w, https:\/\/graphimarket.com\/wp-content\/uploads\/2020\/09\/d938f620-e705-4431-817e-d79d0460601d-1024x683.jpg 1024w, https:\/\/graphimarket.com\/wp-content\/uploads\/2020\/09\/d938f620-e705-4431-817e-d79d0460601d-768x512.jpg 768w, https:\/\/graphimarket.com\/wp-content\/uploads\/2020\/09\/d938f620-e705-4431-817e-d79d0460601d-600x400.jpg 600w\" sizes=\"(max-width: 1170px) 100vw, 1170px\" \/> <img decoding=\"async\" class=\"aligncenter wp-image-11198 size-full\" src=\"https:\/\/graphimarket.com\/wp-content\/uploads\/2020\/09\/d10730aa-f4ab-4c32-ac1b-643e934db413.jpg\" alt=\"\" width=\"1170\" height=\"780\" srcset=\"https:\/\/graphimarket.com\/wp-content\/uploads\/2020\/09\/d10730aa-f4ab-4c32-ac1b-643e934db413.jpg 1170w, https:\/\/graphimarket.com\/wp-content\/uploads\/2020\/09\/d10730aa-f4ab-4c32-ac1b-643e934db413-300x200.jpg 300w, https:\/\/graphimarket.com\/wp-content\/uploads\/2020\/09\/d10730aa-f4ab-4c32-ac1b-643e934db413-1024x683.jpg 1024w, https:\/\/graphimarket.com\/wp-content\/uploads\/2020\/09\/d10730aa-f4ab-4c32-ac1b-643e934db413-768x512.jpg 768w, https:\/\/graphimarket.com\/wp-content\/uploads\/2020\/09\/d10730aa-f4ab-4c32-ac1b-643e934db413-600x400.jpg 600w\" sizes=\"(max-width: 1170px) 100vw, 1170px\" \/> <img loading=\"lazy\" decoding=\"async\" class=\"aligncenter wp-image-11199 size-full\" src=\"https:\/\/graphimarket.com\/wp-content\/uploads\/2020\/09\/e9f95525-c9bd-449d-bf96-b27b4225dcb3.jpg\" alt=\"\" width=\"1019\" height=\"679\" srcset=\"https:\/\/graphimarket.com\/wp-content\/uploads\/2020\/09\/e9f95525-c9bd-449d-bf96-b27b4225dcb3.jpg 1019w, https:\/\/graphimarket.com\/wp-content\/uploads\/2020\/09\/e9f95525-c9bd-449d-bf96-b27b4225dcb3-300x200.jpg 300w, https:\/\/graphimarket.com\/wp-content\/uploads\/2020\/09\/e9f95525-c9bd-449d-bf96-b27b4225dcb3-768x512.jpg 768w, https:\/\/graphimarket.com\/wp-content\/uploads\/2020\/09\/e9f95525-c9bd-449d-bf96-b27b4225dcb3-600x400.jpg 600w\" sizes=\"(max-width: 1019px) 100vw, 1019px\" \/> <img loading=\"lazy\" decoding=\"async\" class=\"aligncenter wp-image-11200 size-full\" src=\"https:\/\/graphimarket.com\/wp-content\/uploads\/2020\/09\/4bbad2fe-10c9-4b38-9037-4faa0ae60874.jpg\" alt=\"\" width=\"1170\" height=\"780\" srcset=\"https:\/\/graphimarket.com\/wp-content\/uploads\/2020\/09\/4bbad2fe-10c9-4b38-9037-4faa0ae60874.jpg 1170w, https:\/\/graphimarket.com\/wp-content\/uploads\/2020\/09\/4bbad2fe-10c9-4b38-9037-4faa0ae60874-300x200.jpg 300w, https:\/\/graphimarket.com\/wp-content\/uploads\/2020\/09\/4bbad2fe-10c9-4b38-9037-4faa0ae60874-1024x683.jpg 1024w, https:\/\/graphimarket.com\/wp-content\/uploads\/2020\/09\/4bbad2fe-10c9-4b38-9037-4faa0ae60874-768x512.jpg 768w, https:\/\/graphimarket.com\/wp-content\/uploads\/2020\/09\/4bbad2fe-10c9-4b38-9037-4faa0ae60874-600x400.jpg 600w\" sizes=\"(max-width: 1170px) 100vw, 1170px\" \/> <img loading=\"lazy\" decoding=\"async\" class=\"aligncenter wp-image-11201 size-full\" src=\"https:\/\/graphimarket.com\/wp-content\/uploads\/2020\/09\/8d59ef30-5c3f-4adc-b19e-7e81cff137d3.jpg\" alt=\"\" width=\"1170\" height=\"780\" srcset=\"https:\/\/graphimarket.com\/wp-content\/uploads\/2020\/09\/8d59ef30-5c3f-4adc-b19e-7e81cff137d3.jpg 1170w, https:\/\/graphimarket.com\/wp-content\/uploads\/2020\/09\/8d59ef30-5c3f-4adc-b19e-7e81cff137d3-300x200.jpg 300w, https:\/\/graphimarket.com\/wp-content\/uploads\/2020\/09\/8d59ef30-5c3f-4adc-b19e-7e81cff137d3-1024x683.jpg 1024w, https:\/\/graphimarket.com\/wp-content\/uploads\/2020\/09\/8d59ef30-5c3f-4adc-b19e-7e81cff137d3-768x512.jpg 768w, https:\/\/graphimarket.com\/wp-content\/uploads\/2020\/09\/8d59ef30-5c3f-4adc-b19e-7e81cff137d3-600x400.jpg 600w\" sizes=\"(max-width: 1170px) 100vw, 1170px\" \/> <img loading=\"lazy\" decoding=\"async\" class=\"aligncenter wp-image-11202 size-full\" src=\"https:\/\/graphimarket.com\/wp-content\/uploads\/2020\/09\/9de4950d-30b4-463b-8743-842133a37098.jpg\" alt=\"\" width=\"1170\" height=\"780\" srcset=\"https:\/\/graphimarket.com\/wp-content\/uploads\/2020\/09\/9de4950d-30b4-463b-8743-842133a37098.jpg 1170w, https:\/\/graphimarket.com\/wp-content\/uploads\/2020\/09\/9de4950d-30b4-463b-8743-842133a37098-300x200.jpg 300w, https:\/\/graphimarket.com\/wp-content\/uploads\/2020\/09\/9de4950d-30b4-463b-8743-842133a37098-1024x683.jpg 1024w, https:\/\/graphimarket.com\/wp-content\/uploads\/2020\/09\/9de4950d-30b4-463b-8743-842133a37098-768x512.jpg 768w, https:\/\/graphimarket.com\/wp-content\/uploads\/2020\/09\/9de4950d-30b4-463b-8743-842133a37098-600x400.jpg 600w\" sizes=\"(max-width: 1170px) 100vw, 1170px\" \/> <img loading=\"lazy\" decoding=\"async\" class=\"aligncenter wp-image-11203 size-full\" src=\"https:\/\/graphimarket.com\/wp-content\/uploads\/2020\/09\/35c25d59-f22d-4502-a657-ce66bf2a3007.jpg\" alt=\"\" width=\"1170\" height=\"780\" srcset=\"https:\/\/graphimarket.com\/wp-content\/uploads\/2020\/09\/35c25d59-f22d-4502-a657-ce66bf2a3007.jpg 1170w, https:\/\/graphimarket.com\/wp-content\/uploads\/2020\/09\/35c25d59-f22d-4502-a657-ce66bf2a3007-300x200.jpg 300w, https:\/\/graphimarket.com\/wp-content\/uploads\/2020\/09\/35c25d59-f22d-4502-a657-ce66bf2a3007-1024x683.jpg 1024w, https:\/\/graphimarket.com\/wp-content\/uploads\/2020\/09\/35c25d59-f22d-4502-a657-ce66bf2a3007-768x512.jpg 768w, https:\/\/graphimarket.com\/wp-content\/uploads\/2020\/09\/35c25d59-f22d-4502-a657-ce66bf2a3007-600x400.jpg 600w\" sizes=\"(max-width: 1170px) 100vw, 1170px\" \/> <img loading=\"lazy\" decoding=\"async\" class=\"aligncenter wp-image-11204 size-full\" src=\"https:\/\/graphimarket.com\/wp-content\/uploads\/2020\/09\/ab623894-6e41-4fae-998c-98e56df4f170.jpg\" alt=\"\" width=\"1170\" height=\"780\" srcset=\"https:\/\/graphimarket.com\/wp-content\/uploads\/2020\/09\/ab623894-6e41-4fae-998c-98e56df4f170.jpg 1170w, https:\/\/graphimarket.com\/wp-content\/uploads\/2020\/09\/ab623894-6e41-4fae-998c-98e56df4f170-300x200.jpg 300w, https:\/\/graphimarket.com\/wp-content\/uploads\/2020\/09\/ab623894-6e41-4fae-998c-98e56df4f170-1024x683.jpg 1024w, https:\/\/graphimarket.com\/wp-content\/uploads\/2020\/09\/ab623894-6e41-4fae-998c-98e56df4f170-768x512.jpg 768w, https:\/\/graphimarket.com\/wp-content\/uploads\/2020\/09\/ab623894-6e41-4fae-998c-98e56df4f170-600x400.jpg 600w\" sizes=\"(max-width: 1170px) 100vw, 1170px\" \/><\/p>\n<\/div>\n<div class=\"_3YqMOf9R\">\n<div class=\"_3KAa4-GZ frEFeDSS\"><\/div>\n<\/div>","protected":false},"excerpt":{"rendered":"<p>Mightwell ist eine moderne Pinselschrift. Mit einem edlen und nat\u00fcrlichen handgeschriebenen Stil bringt es eine edle und schicke Schrift. Mightwell eignet sich am besten f\u00fcr Hochzeiten, Branding, Logos und Zitate. Enth\u00e4lt: Mightwell (OTF \/ TTF) Mightwell Brush (OTF \/ TTF) Merkmale: Sch\u00f6ne Ligaturen PUA-codierte mehrsprachige Unterst\u00fctzungsnummern und Interpunktion<\/p>","protected":false},"featured_media":11202,"comment_status":"open","ping_status":"closed","template":"","meta":{"site-sidebar-layout":"default","site-content-layout":"default","ast-site-content-layout":"default","site-content-style":"default","site-sidebar-style":"default","ast-global-header-display":"","ast-banner-title-visibility":"","ast-main-header-display":"","ast-hfb-above-header-display":"","ast-hfb-below-header-display":"","ast-hfb-mobile-header-display":"","site-post-title":"","ast-breadcrumbs-content":"","ast-featured-img":"","footer-sml-layout":"","ast-disable-related-posts":"","theme-transparent-header-meta":"default","adv-header-id-meta":"","stick-header-meta":"","header-above-stick-meta":"","header-main-stick-meta":"","header-below-stick-meta":"","astra-migrate-meta-layouts":"default","ast-page-background-enabled":"default","ast-page-background-meta":{"desktop":{"background-color":"","background-image":"","background-repeat":"repeat","background-position":"center center","background-size":"auto","background-attachment":"scroll","background-type":"","background-media":"","overlay-type":"","overlay-color":"","overlay-opacity":"","overlay-gradient":""},"tablet":{"background-color":"","background-image":"","background-repeat":"repeat","background-position":"center center","background-size":"auto","background-attachment":"scroll","background-type":"","background-media":"","overlay-type":"","overlay-color":"","overlay-opacity":"","overlay-gradient":""},"mobile":{"background-color":"","background-image":"","background-repeat":"repeat","background-position":"center center","background-size":"auto","background-attachment":"scroll","background-type":"","background-media":"","overlay-type":"","overlay-color":"","overlay-opacity":"","overlay-gradient":""}},"ast-content-background-meta":{"desktop":{"background-color":"var(--ast-global-color-5)","background-image":"","background-repeat":"repeat","background-position":"center center","background-size":"auto","background-attachment":"scroll","background-type":"","background-media":"","overlay-type":"","overlay-color":"","overlay-opacity":"","overlay-gradient":""},"tablet":{"background-color":"var(--ast-global-color-5)","background-image":"","background-repeat":"repeat","background-position":"center center","background-size":"auto","background-attachment":"scroll","background-type":"","background-media":"","overlay-type":"","overlay-color":"","overlay-opacity":"","overlay-gradient":""},"mobile":{"background-color":"var(--ast-global-color-5)","background-image":"","background-repeat":"repeat","background-position":"center center","background-size":"auto","background-attachment":"scroll","background-type":"","background-media":"","overlay-type":"","overlay-color":"","overlay-opacity":"","overlay-gradient":""}}},"product_brand":[],"product_cat":[187],"product_tag":[1178,1163,819,1076,59,351,1099,278,832,296,1073,294,507,298,230],"class_list":{"0":"post-11195","1":"product","2":"type-product","3":"status-publish","4":"has-post-thumbnail","6":"product_cat-fonts","7":"product_tag-abc","8":"product_tag-alphabet","9":"product_tag-beautiful","10":"product_tag-calligraphy","11":"product_tag-design","12":"product_tag-font","13":"product_tag-handwritten","14":"product_tag-illustration","15":"product_tag-letter","16":"product_tag-lettering","17":"product_tag-script","18":"product_tag-text","19":"product_tag-type","20":"product_tag-typography","21":"product_tag-vector","22":"desktop-align-left","23":"tablet-align-left","24":"mobile-align-left","26":"first","27":"instock","28":"downloadable","29":"virtual","30":"taxable","31":"purchasable","32":"product-type-simple"},"yoast_head":"<!-- This site is optimized with the Yoast SEO plugin v27.3 - https:\/\/yoast.com\/product\/yoast-seo-wordpress\/ -->\n<title>Mightwell - Brush Font - Graphimarket<\/title>\n<meta name=\"description\" content=\"Mightwell is a modern Brush font. With a classy and natural handwritten style, it brings a classy and chic typeface. Mightwell is best used\" \/>\n<meta name=\"robots\" content=\"index, follow, max-snippet:-1, max-image-preview:large, max-video-preview:-1\" \/>\n<link rel=\"canonical\" href=\"https:\/\/graphimarket.com\/de\/product\/mightwell-brush-font\/\" \/>\n<meta property=\"og:locale\" content=\"de_DE\" \/>\n<meta property=\"og:type\" content=\"article\" \/>\n<meta property=\"og:title\" content=\"Mightwell - Brush Font - Graphimarket\" \/>\n<meta property=\"og:description\" content=\"Mightwell is a modern Brush font. With a classy and natural handwritten style, it brings a classy and chic typeface. Mightwell is best used\" \/>\n<meta property=\"og:url\" content=\"https:\/\/graphimarket.com\/de\/product\/mightwell-brush-font\/\" \/>\n<meta property=\"og:site_name\" content=\"Graphimarket\" \/>\n<meta property=\"article:modified_time\" content=\"2022-12-19T09:00:34+00:00\" \/>\n<meta property=\"og:image\" content=\"https:\/\/graphimarket.com\/wp-content\/uploads\/2020\/09\/9de4950d-30b4-463b-8743-842133a37098.jpg\" \/>\n\t<meta property=\"og:image:width\" content=\"1170\" \/>\n\t<meta property=\"og:image:height\" content=\"780\" \/>\n\t<meta property=\"og:image:type\" content=\"image\/jpeg\" \/>\n<meta name=\"twitter:card\" content=\"summary_large_image\" \/>\n<script type=\"application\/ld+json\" class=\"yoast-schema-graph\">{\"@context\":\"https:\\\/\\\/schema.org\",\"@graph\":[{\"@type\":\"WebPage\",\"@id\":\"https:\\\/\\\/graphimarket.com\\\/product\\\/mightwell-brush-font\\\/\",\"url\":\"https:\\\/\\\/graphimarket.com\\\/product\\\/mightwell-brush-font\\\/\",\"name\":\"Mightwell - Brush Font - Graphimarket\",\"isPartOf\":{\"@id\":\"https:\\\/\\\/graphimarket.com\\\/fr\\\/#website\"},\"primaryImageOfPage\":{\"@id\":\"https:\\\/\\\/graphimarket.com\\\/product\\\/mightwell-brush-font\\\/#primaryimage\"},\"image\":{\"@id\":\"https:\\\/\\\/graphimarket.com\\\/product\\\/mightwell-brush-font\\\/#primaryimage\"},\"thumbnailUrl\":\"https:\\\/\\\/graphimarket.com\\\/wp-content\\\/uploads\\\/2020\\\/09\\\/9de4950d-30b4-463b-8743-842133a37098.jpg\",\"datePublished\":\"2020-09-25T10:32:09+00:00\",\"dateModified\":\"2022-12-19T09:00:34+00:00\",\"description\":\"Mightwell is a modern Brush font. With a classy and natural handwritten style, it brings a classy and chic typeface. Mightwell is best used\",\"breadcrumb\":{\"@id\":\"https:\\\/\\\/graphimarket.com\\\/product\\\/mightwell-brush-font\\\/#breadcrumb\"},\"inLanguage\":\"de-DE\",\"potentialAction\":[{\"@type\":\"ReadAction\",\"target\":[\"https:\\\/\\\/graphimarket.com\\\/product\\\/mightwell-brush-font\\\/\"]}]},{\"@type\":\"ImageObject\",\"inLanguage\":\"de-DE\",\"@id\":\"https:\\\/\\\/graphimarket.com\\\/product\\\/mightwell-brush-font\\\/#primaryimage\",\"url\":\"https:\\\/\\\/graphimarket.com\\\/wp-content\\\/uploads\\\/2020\\\/09\\\/9de4950d-30b4-463b-8743-842133a37098.jpg\",\"contentUrl\":\"https:\\\/\\\/graphimarket.com\\\/wp-content\\\/uploads\\\/2020\\\/09\\\/9de4950d-30b4-463b-8743-842133a37098.jpg\",\"width\":1170,\"height\":780},{\"@type\":\"BreadcrumbList\",\"@id\":\"https:\\\/\\\/graphimarket.com\\\/product\\\/mightwell-brush-font\\\/#breadcrumb\",\"itemListElement\":[{\"@type\":\"ListItem\",\"position\":1,\"name\":\"Home\",\"item\":\"https:\\\/\\\/graphimarket.com\\\/es\\\/\"},{\"@type\":\"ListItem\",\"position\":2,\"name\":\"Store\",\"item\":\"https:\\\/\\\/graphimarket.com\\\/store\\\/\"},{\"@type\":\"ListItem\",\"position\":3,\"name\":\"Mightwell &#8211; Brush Font\"}]},{\"@type\":\"WebSite\",\"@id\":\"https:\\\/\\\/graphimarket.com\\\/fr\\\/#website\",\"url\":\"https:\\\/\\\/graphimarket.com\\\/fr\\\/\",\"name\":\"Graphimarket\",\"description\":\"Find the perfect creative asset to bring your project to life\",\"publisher\":{\"@id\":\"https:\\\/\\\/graphimarket.com\\\/fr\\\/#organization\"},\"potentialAction\":[{\"@type\":\"SearchAction\",\"target\":{\"@type\":\"EntryPoint\",\"urlTemplate\":\"https:\\\/\\\/graphimarket.com\\\/fr\\\/?s={search_term_string}\"},\"query-input\":{\"@type\":\"PropertyValueSpecification\",\"valueRequired\":true,\"valueName\":\"search_term_string\"}}],\"inLanguage\":\"de-DE\"},{\"@type\":\"Organization\",\"@id\":\"https:\\\/\\\/graphimarket.com\\\/fr\\\/#organization\",\"name\":\"Graphimarket\",\"url\":\"https:\\\/\\\/graphimarket.com\\\/fr\\\/\",\"logo\":{\"@type\":\"ImageObject\",\"inLanguage\":\"de-DE\",\"@id\":\"https:\\\/\\\/graphimarket.com\\\/fr\\\/#\\\/schema\\\/logo\\\/image\\\/\",\"url\":\"https:\\\/\\\/graphimarket.com\\\/wp-content\\\/uploads\\\/2020\\\/08\\\/logo-48.png\",\"contentUrl\":\"https:\\\/\\\/graphimarket.com\\\/wp-content\\\/uploads\\\/2020\\\/08\\\/logo-48.png\",\"width\":132,\"height\":48,\"caption\":\"Graphimarket\"},\"image\":{\"@id\":\"https:\\\/\\\/graphimarket.com\\\/fr\\\/#\\\/schema\\\/logo\\\/image\\\/\"}}]}<\/script>\n<!-- \/ Yoast SEO plugin. -->","yoast_head_json":{"title":"Mightwell - Brush Font - Graphimarket","description":"Mightwell is a modern Brush font. With a classy and natural handwritten style, it brings a classy and chic typeface. Mightwell is best used","robots":{"index":"index","follow":"follow","max-snippet":"max-snippet:-1","max-image-preview":"max-image-preview:large","max-video-preview":"max-video-preview:-1"},"canonical":"https:\/\/graphimarket.com\/de\/product\/mightwell-brush-font\/","og_locale":"de_DE","og_type":"article","og_title":"Mightwell - Brush Font - Graphimarket","og_description":"Mightwell is a modern Brush font. With a classy and natural handwritten style, it brings a classy and chic typeface. Mightwell is best used","og_url":"https:\/\/graphimarket.com\/de\/product\/mightwell-brush-font\/","og_site_name":"Graphimarket","article_modified_time":"2022-12-19T09:00:34+00:00","og_image":[{"width":1170,"height":780,"url":"https:\/\/graphimarket.com\/wp-content\/uploads\/2020\/09\/9de4950d-30b4-463b-8743-842133a37098.jpg","type":"image\/jpeg"}],"twitter_card":"summary_large_image","schema":{"@context":"https:\/\/schema.org","@graph":[{"@type":"WebPage","@id":"https:\/\/graphimarket.com\/product\/mightwell-brush-font\/","url":"https:\/\/graphimarket.com\/product\/mightwell-brush-font\/","name":"Mightwell - Brush Font - Graphimarket","isPartOf":{"@id":"https:\/\/graphimarket.com\/fr\/#website"},"primaryImageOfPage":{"@id":"https:\/\/graphimarket.com\/product\/mightwell-brush-font\/#primaryimage"},"image":{"@id":"https:\/\/graphimarket.com\/product\/mightwell-brush-font\/#primaryimage"},"thumbnailUrl":"https:\/\/graphimarket.com\/wp-content\/uploads\/2020\/09\/9de4950d-30b4-463b-8743-842133a37098.jpg","datePublished":"2020-09-25T10:32:09+00:00","dateModified":"2022-12-19T09:00:34+00:00","description":"Mightwell is a modern Brush font. With a classy and natural handwritten style, it brings a classy and chic typeface. Mightwell is best used","breadcrumb":{"@id":"https:\/\/graphimarket.com\/product\/mightwell-brush-font\/#breadcrumb"},"inLanguage":"de-DE","potentialAction":[{"@type":"ReadAction","target":["https:\/\/graphimarket.com\/product\/mightwell-brush-font\/"]}]},{"@type":"ImageObject","inLanguage":"de-DE","@id":"https:\/\/graphimarket.com\/product\/mightwell-brush-font\/#primaryimage","url":"https:\/\/graphimarket.com\/wp-content\/uploads\/2020\/09\/9de4950d-30b4-463b-8743-842133a37098.jpg","contentUrl":"https:\/\/graphimarket.com\/wp-content\/uploads\/2020\/09\/9de4950d-30b4-463b-8743-842133a37098.jpg","width":1170,"height":780},{"@type":"BreadcrumbList","@id":"https:\/\/graphimarket.com\/product\/mightwell-brush-font\/#breadcrumb","itemListElement":[{"@type":"ListItem","position":1,"name":"Home","item":"https:\/\/graphimarket.com\/es\/"},{"@type":"ListItem","position":2,"name":"Store","item":"https:\/\/graphimarket.com\/store\/"},{"@type":"ListItem","position":3,"name":"Mightwell &#8211; Brush Font"}]},{"@type":"WebSite","@id":"https:\/\/graphimarket.com\/fr\/#website","url":"https:\/\/graphimarket.com\/fr\/","name":"Graphimarket","description":"Finden Sie das perfekte kreative Kapital, um Ihr Projekt zum Leben zu erwecken","publisher":{"@id":"https:\/\/graphimarket.com\/fr\/#organization"},"potentialAction":[{"@type":"SearchAction","target":{"@type":"EntryPoint","urlTemplate":"https:\/\/graphimarket.com\/fr\/?s={search_term_string}"},"query-input":{"@type":"PropertyValueSpecification","valueRequired":true,"valueName":"search_term_string"}}],"inLanguage":"de-DE"},{"@type":"Organization","@id":"https:\/\/graphimarket.com\/fr\/#organization","name":"Graphimarket","url":"https:\/\/graphimarket.com\/fr\/","logo":{"@type":"ImageObject","inLanguage":"de-DE","@id":"https:\/\/graphimarket.com\/fr\/#\/schema\/logo\/image\/","url":"https:\/\/graphimarket.com\/wp-content\/uploads\/2020\/08\/logo-48.png","contentUrl":"https:\/\/graphimarket.com\/wp-content\/uploads\/2020\/08\/logo-48.png","width":132,"height":48,"caption":"Graphimarket"},"image":{"@id":"https:\/\/graphimarket.com\/fr\/#\/schema\/logo\/image\/"}}]}},"_links":{"self":[{"href":"https:\/\/graphimarket.com\/de\/wp-json\/wp\/v2\/product\/11195","targetHints":{"allow":["GET"]}}],"collection":[{"href":"https:\/\/graphimarket.com\/de\/wp-json\/wp\/v2\/product"}],"about":[{"href":"https:\/\/graphimarket.com\/de\/wp-json\/wp\/v2\/types\/product"}],"replies":[{"embeddable":true,"href":"https:\/\/graphimarket.com\/de\/wp-json\/wp\/v2\/comments?post=11195"}],"version-history":[{"count":0,"href":"https:\/\/graphimarket.com\/de\/wp-json\/wp\/v2\/product\/11195\/revisions"}],"wp:featuredmedia":[{"embeddable":true,"href":"https:\/\/graphimarket.com\/de\/wp-json\/wp\/v2\/media\/11202"}],"wp:attachment":[{"href":"https:\/\/graphimarket.com\/de\/wp-json\/wp\/v2\/media?parent=11195"}],"wp:term":[{"taxonomy":"product_brand","embeddable":true,"href":"https:\/\/graphimarket.com\/de\/wp-json\/wp\/v2\/product_brand?post=11195"},{"taxonomy":"product_cat","embeddable":true,"href":"https:\/\/graphimarket.com\/de\/wp-json\/wp\/v2\/product_cat?post=11195"},{"taxonomy":"product_tag","embeddable":true,"href":"https:\/\/graphimarket.com\/de\/wp-json\/wp\/v2\/product_tag?post=11195"}],"curies":[{"name":"wp","href":"https:\/\/api.w.org\/{rel}","templated":true}]}}