{"id":11432,"date":"2020-09-28T17:16:22","date_gmt":"2020-09-28T15:16:22","guid":{"rendered":"https:\/\/graphimarket.com\/?post_type=product&#038;p=11432"},"modified":"2022-12-19T09:53:20","modified_gmt":"2022-12-19T08:53:20","slug":"editorial-lightroom-presets","status":"publish","type":"product","link":"https:\/\/graphimarket.com\/de\/product\/editorial-lightroom-presets\/","title":{"rendered":"Editorial Lightroom Presets"},"content":{"rendered":"<div class=\"_2Masz2rr\">\n<p>Diese Lightroom-Voreinstellungen sind einfach zu verwenden und eignen sich hervorragend, um Ihren Fotos einen Look zu verleihen, der f\u00fcr die Titelseiten der weltweit gr\u00f6\u00dften Redaktionsmagazine geeignet ist. Denken Sie an Vogue, denken Sie an GQ.<\/p>\n<p>Diese redaktionellen Lightroom-Voreinstellungen eignen sich hervorragend f\u00fcr jede Art von Fotograf, sei es ein Blogging-K\u00f6nig oder eine Bloggerin, ein Student, ein Vollzeitfotograf oder sogar ein interner Fotograf f\u00fcr Vouge.<\/p>\n<p>* Enth\u00e4lt 20 benutzerfreundliche, redaktionelle Voreinstellungen. * Kompatibel mit Lightroom 4-CC * Verwendung mit JPEGs und RAW-Dateien * Funktioniert auf Mac und PC<\/p>\n<\/div>\n<div class=\"_3YqMOf9R\">\n<div class=\"_3KAa4-GZ frEFeDSS\"><img fetchpriority=\"high\" decoding=\"async\" class=\"aligncenter wp-image-11433 size-full\" src=\"https:\/\/graphimarket.com\/wp-content\/uploads\/2020\/09\/a22285b0-8d8f-4b21-83b5-e736915790f7.jpg\" alt=\"\" width=\"1160\" height=\"772\" srcset=\"https:\/\/graphimarket.com\/wp-content\/uploads\/2020\/09\/a22285b0-8d8f-4b21-83b5-e736915790f7.jpg 1160w, https:\/\/graphimarket.com\/wp-content\/uploads\/2020\/09\/a22285b0-8d8f-4b21-83b5-e736915790f7-300x200.jpg 300w, https:\/\/graphimarket.com\/wp-content\/uploads\/2020\/09\/a22285b0-8d8f-4b21-83b5-e736915790f7-1024x681.jpg 1024w, https:\/\/graphimarket.com\/wp-content\/uploads\/2020\/09\/a22285b0-8d8f-4b21-83b5-e736915790f7-768x511.jpg 768w, https:\/\/graphimarket.com\/wp-content\/uploads\/2020\/09\/a22285b0-8d8f-4b21-83b5-e736915790f7-600x399.jpg 600w\" sizes=\"(max-width: 1160px) 100vw, 1160px\" \/> <img decoding=\"async\" class=\"aligncenter wp-image-11434 size-full\" src=\"https:\/\/graphimarket.com\/wp-content\/uploads\/2020\/09\/bbee4ea5-a87d-498a-8b57-6e9eb25a01d9.jpg\" alt=\"\" width=\"1160\" height=\"772\" srcset=\"https:\/\/graphimarket.com\/wp-content\/uploads\/2020\/09\/bbee4ea5-a87d-498a-8b57-6e9eb25a01d9.jpg 1160w, https:\/\/graphimarket.com\/wp-content\/uploads\/2020\/09\/bbee4ea5-a87d-498a-8b57-6e9eb25a01d9-300x200.jpg 300w, https:\/\/graphimarket.com\/wp-content\/uploads\/2020\/09\/bbee4ea5-a87d-498a-8b57-6e9eb25a01d9-1024x681.jpg 1024w, https:\/\/graphimarket.com\/wp-content\/uploads\/2020\/09\/bbee4ea5-a87d-498a-8b57-6e9eb25a01d9-768x511.jpg 768w, https:\/\/graphimarket.com\/wp-content\/uploads\/2020\/09\/bbee4ea5-a87d-498a-8b57-6e9eb25a01d9-600x399.jpg 600w\" sizes=\"(max-width: 1160px) 100vw, 1160px\" \/> <img decoding=\"async\" class=\"aligncenter wp-image-11435 size-full\" src=\"https:\/\/graphimarket.com\/wp-content\/uploads\/2020\/09\/6d8ec2f6-efb7-4aa6-ba6f-ac8b72cd278b.jpg\" alt=\"\" width=\"1170\" height=\"780\" srcset=\"https:\/\/graphimarket.com\/wp-content\/uploads\/2020\/09\/6d8ec2f6-efb7-4aa6-ba6f-ac8b72cd278b.jpg 1170w, https:\/\/graphimarket.com\/wp-content\/uploads\/2020\/09\/6d8ec2f6-efb7-4aa6-ba6f-ac8b72cd278b-300x200.jpg 300w, https:\/\/graphimarket.com\/wp-content\/uploads\/2020\/09\/6d8ec2f6-efb7-4aa6-ba6f-ac8b72cd278b-1024x683.jpg 1024w, https:\/\/graphimarket.com\/wp-content\/uploads\/2020\/09\/6d8ec2f6-efb7-4aa6-ba6f-ac8b72cd278b-768x512.jpg 768w, https:\/\/graphimarket.com\/wp-content\/uploads\/2020\/09\/6d8ec2f6-efb7-4aa6-ba6f-ac8b72cd278b-600x400.jpg 600w\" sizes=\"(max-width: 1170px) 100vw, 1170px\" \/> <img loading=\"lazy\" decoding=\"async\" class=\"aligncenter wp-image-11436 size-full\" src=\"https:\/\/graphimarket.com\/wp-content\/uploads\/2020\/09\/2fdd2e09-2d49-494f-afc4-a9d3da4bfb9c.jpg\" alt=\"\" width=\"1160\" height=\"772\" srcset=\"https:\/\/graphimarket.com\/wp-content\/uploads\/2020\/09\/2fdd2e09-2d49-494f-afc4-a9d3da4bfb9c.jpg 1160w, https:\/\/graphimarket.com\/wp-content\/uploads\/2020\/09\/2fdd2e09-2d49-494f-afc4-a9d3da4bfb9c-300x200.jpg 300w, https:\/\/graphimarket.com\/wp-content\/uploads\/2020\/09\/2fdd2e09-2d49-494f-afc4-a9d3da4bfb9c-1024x681.jpg 1024w, https:\/\/graphimarket.com\/wp-content\/uploads\/2020\/09\/2fdd2e09-2d49-494f-afc4-a9d3da4bfb9c-768x511.jpg 768w, https:\/\/graphimarket.com\/wp-content\/uploads\/2020\/09\/2fdd2e09-2d49-494f-afc4-a9d3da4bfb9c-600x399.jpg 600w\" sizes=\"(max-width: 1160px) 100vw, 1160px\" \/> <img loading=\"lazy\" decoding=\"async\" class=\"aligncenter wp-image-11437 size-full\" src=\"https:\/\/graphimarket.com\/wp-content\/uploads\/2020\/09\/28add7e4-f978-406e-b936-b875eee4fed9.jpg\" alt=\"\" width=\"1160\" height=\"772\" srcset=\"https:\/\/graphimarket.com\/wp-content\/uploads\/2020\/09\/28add7e4-f978-406e-b936-b875eee4fed9.jpg 1160w, https:\/\/graphimarket.com\/wp-content\/uploads\/2020\/09\/28add7e4-f978-406e-b936-b875eee4fed9-300x200.jpg 300w, https:\/\/graphimarket.com\/wp-content\/uploads\/2020\/09\/28add7e4-f978-406e-b936-b875eee4fed9-1024x681.jpg 1024w, https:\/\/graphimarket.com\/wp-content\/uploads\/2020\/09\/28add7e4-f978-406e-b936-b875eee4fed9-768x511.jpg 768w, https:\/\/graphimarket.com\/wp-content\/uploads\/2020\/09\/28add7e4-f978-406e-b936-b875eee4fed9-600x399.jpg 600w\" sizes=\"(max-width: 1160px) 100vw, 1160px\" \/> <img loading=\"lazy\" decoding=\"async\" class=\"aligncenter wp-image-11438 size-full\" src=\"https:\/\/graphimarket.com\/wp-content\/uploads\/2020\/09\/6836e81a-caf7-41dc-87fc-ef8c6a9298c3.jpg\" alt=\"\" width=\"1160\" height=\"772\" srcset=\"https:\/\/graphimarket.com\/wp-content\/uploads\/2020\/09\/6836e81a-caf7-41dc-87fc-ef8c6a9298c3.jpg 1160w, https:\/\/graphimarket.com\/wp-content\/uploads\/2020\/09\/6836e81a-caf7-41dc-87fc-ef8c6a9298c3-300x200.jpg 300w, https:\/\/graphimarket.com\/wp-content\/uploads\/2020\/09\/6836e81a-caf7-41dc-87fc-ef8c6a9298c3-1024x681.jpg 1024w, https:\/\/graphimarket.com\/wp-content\/uploads\/2020\/09\/6836e81a-caf7-41dc-87fc-ef8c6a9298c3-768x511.jpg 768w, https:\/\/graphimarket.com\/wp-content\/uploads\/2020\/09\/6836e81a-caf7-41dc-87fc-ef8c6a9298c3-600x399.jpg 600w\" sizes=\"(max-width: 1160px) 100vw, 1160px\" \/><\/div>\n<\/div>","protected":false},"excerpt":{"rendered":"<p>These Lightroom presets are easy to use and are great for giving your photos a look that would be fit to grace the front pages of the world biggest editorial magazines. Think Vogue, think GQ. These Editorial Lightroom Presets are great for every type of photographer, be it a blogging king or queen, student, full [&hellip;]<\/p>\n","protected":false},"featured_media":11435,"comment_status":"open","ping_status":"closed","template":"","meta":{"site-sidebar-layout":"default","site-content-layout":"default","ast-site-content-layout":"default","site-content-style":"default","site-sidebar-style":"default","ast-global-header-display":"","ast-banner-title-visibility":"","ast-main-header-display":"","ast-hfb-above-header-display":"","ast-hfb-below-header-display":"","ast-hfb-mobile-header-display":"","site-post-title":"","ast-breadcrumbs-content":"","ast-featured-img":"","footer-sml-layout":"","ast-disable-related-posts":"","theme-transparent-header-meta":"default","adv-header-id-meta":"","stick-header-meta":"","header-above-stick-meta":"","header-main-stick-meta":"","header-below-stick-meta":"","astra-migrate-meta-layouts":"default","ast-page-background-enabled":"default","ast-page-background-meta":{"desktop":{"background-color":"","background-image":"","background-repeat":"repeat","background-position":"center center","background-size":"auto","background-attachment":"scroll","background-type":"","background-media":"","overlay-type":"","overlay-color":"","overlay-opacity":"","overlay-gradient":""},"tablet":{"background-color":"","background-image":"","background-repeat":"repeat","background-position":"center center","background-size":"auto","background-attachment":"scroll","background-type":"","background-media":"","overlay-type":"","overlay-color":"","overlay-opacity":"","overlay-gradient":""},"mobile":{"background-color":"","background-image":"","background-repeat":"repeat","background-position":"center center","background-size":"auto","background-attachment":"scroll","background-type":"","background-media":"","overlay-type":"","overlay-color":"","overlay-opacity":"","overlay-gradient":""}},"ast-content-background-meta":{"desktop":{"background-color":"var(--ast-global-color-5)","background-image":"","background-repeat":"repeat","background-position":"center center","background-size":"auto","background-attachment":"scroll","background-type":"","background-media":"","overlay-type":"","overlay-color":"","overlay-opacity":"","overlay-gradient":""},"tablet":{"background-color":"var(--ast-global-color-5)","background-image":"","background-repeat":"repeat","background-position":"center center","background-size":"auto","background-attachment":"scroll","background-type":"","background-media":"","overlay-type":"","overlay-color":"","overlay-opacity":"","overlay-gradient":""},"mobile":{"background-color":"var(--ast-global-color-5)","background-image":"","background-repeat":"repeat","background-position":"center center","background-size":"auto","background-attachment":"scroll","background-type":"","background-media":"","overlay-type":"","overlay-color":"","overlay-opacity":"","overlay-gradient":""}}},"product_brand":[],"product_cat":[131],"product_tag":[317,335,1387,316,376,421,318],"class_list":{"0":"post-11432","1":"product","2":"type-product","3":"status-publish","4":"has-post-thumbnail","6":"product_cat-lightroom-preset","7":"product_tag-editorial","8":"product_tag-lightroom","9":"product_tag-lrtemplate","10":"product_tag-magazine","11":"product_tag-matte","12":"product_tag-premium","13":"product_tag-presets","14":"desktop-align-left","15":"tablet-align-left","16":"mobile-align-left","18":"first","19":"instock","20":"downloadable","21":"virtual","22":"taxable","23":"purchasable","24":"product-type-simple"},"yoast_head":"<!-- This site is optimized with the Yoast SEO plugin v27.3 - https:\/\/yoast.com\/product\/yoast-seo-wordpress\/ -->\n<title>Editorial Lightroom Presets - Graphimarket<\/title>\n<meta name=\"description\" content=\"These Lightroom presets are easy to use and are great for giving your photos a look that would be fit to grace the front pages\" \/>\n<meta name=\"robots\" content=\"index, follow, max-snippet:-1, max-image-preview:large, max-video-preview:-1\" \/>\n<link rel=\"canonical\" href=\"https:\/\/graphimarket.com\/de\/product\/editorial-lightroom-presets\/\" \/>\n<meta property=\"og:locale\" content=\"de_DE\" \/>\n<meta property=\"og:type\" content=\"article\" \/>\n<meta property=\"og:title\" content=\"Editorial Lightroom Presets - Graphimarket\" \/>\n<meta property=\"og:description\" content=\"These Lightroom presets are easy to use and are great for giving your photos a look that would be fit to grace the front pages\" \/>\n<meta property=\"og:url\" content=\"https:\/\/graphimarket.com\/de\/product\/editorial-lightroom-presets\/\" \/>\n<meta property=\"og:site_name\" content=\"Graphimarket\" \/>\n<meta property=\"article:modified_time\" content=\"2022-12-19T08:53:20+00:00\" \/>\n<meta property=\"og:image\" content=\"https:\/\/graphimarket.com\/wp-content\/uploads\/2020\/09\/6d8ec2f6-efb7-4aa6-ba6f-ac8b72cd278b.jpg\" \/>\n\t<meta property=\"og:image:width\" content=\"1170\" \/>\n\t<meta property=\"og:image:height\" content=\"780\" \/>\n\t<meta property=\"og:image:type\" content=\"image\/jpeg\" \/>\n<meta name=\"twitter:card\" content=\"summary_large_image\" \/>\n<script type=\"application\/ld+json\" class=\"yoast-schema-graph\">{\"@context\":\"https:\\\/\\\/schema.org\",\"@graph\":[{\"@type\":\"WebPage\",\"@id\":\"https:\\\/\\\/graphimarket.com\\\/product\\\/editorial-lightroom-presets\\\/\",\"url\":\"https:\\\/\\\/graphimarket.com\\\/product\\\/editorial-lightroom-presets\\\/\",\"name\":\"Editorial Lightroom Presets - Graphimarket\",\"isPartOf\":{\"@id\":\"https:\\\/\\\/graphimarket.com\\\/fr\\\/#website\"},\"primaryImageOfPage\":{\"@id\":\"https:\\\/\\\/graphimarket.com\\\/product\\\/editorial-lightroom-presets\\\/#primaryimage\"},\"image\":{\"@id\":\"https:\\\/\\\/graphimarket.com\\\/product\\\/editorial-lightroom-presets\\\/#primaryimage\"},\"thumbnailUrl\":\"https:\\\/\\\/graphimarket.com\\\/wp-content\\\/uploads\\\/2020\\\/09\\\/6d8ec2f6-efb7-4aa6-ba6f-ac8b72cd278b.jpg\",\"datePublished\":\"2020-09-28T15:16:22+00:00\",\"dateModified\":\"2022-12-19T08:53:20+00:00\",\"description\":\"These Lightroom presets are easy to use and are great for giving your photos a look that would be fit to grace the front pages\",\"breadcrumb\":{\"@id\":\"https:\\\/\\\/graphimarket.com\\\/product\\\/editorial-lightroom-presets\\\/#breadcrumb\"},\"inLanguage\":\"de-DE\",\"potentialAction\":[{\"@type\":\"ReadAction\",\"target\":[\"https:\\\/\\\/graphimarket.com\\\/product\\\/editorial-lightroom-presets\\\/\"]}]},{\"@type\":\"ImageObject\",\"inLanguage\":\"de-DE\",\"@id\":\"https:\\\/\\\/graphimarket.com\\\/product\\\/editorial-lightroom-presets\\\/#primaryimage\",\"url\":\"https:\\\/\\\/graphimarket.com\\\/wp-content\\\/uploads\\\/2020\\\/09\\\/6d8ec2f6-efb7-4aa6-ba6f-ac8b72cd278b.jpg\",\"contentUrl\":\"https:\\\/\\\/graphimarket.com\\\/wp-content\\\/uploads\\\/2020\\\/09\\\/6d8ec2f6-efb7-4aa6-ba6f-ac8b72cd278b.jpg\",\"width\":1170,\"height\":780},{\"@type\":\"BreadcrumbList\",\"@id\":\"https:\\\/\\\/graphimarket.com\\\/product\\\/editorial-lightroom-presets\\\/#breadcrumb\",\"itemListElement\":[{\"@type\":\"ListItem\",\"position\":1,\"name\":\"Home\",\"item\":\"https:\\\/\\\/graphimarket.com\\\/es\\\/\"},{\"@type\":\"ListItem\",\"position\":2,\"name\":\"Store\",\"item\":\"https:\\\/\\\/graphimarket.com\\\/store\\\/\"},{\"@type\":\"ListItem\",\"position\":3,\"name\":\"Editorial Lightroom Presets\"}]},{\"@type\":\"WebSite\",\"@id\":\"https:\\\/\\\/graphimarket.com\\\/fr\\\/#website\",\"url\":\"https:\\\/\\\/graphimarket.com\\\/fr\\\/\",\"name\":\"Graphimarket\",\"description\":\"Find the perfect creative asset to bring your project to life\",\"publisher\":{\"@id\":\"https:\\\/\\\/graphimarket.com\\\/fr\\\/#organization\"},\"potentialAction\":[{\"@type\":\"SearchAction\",\"target\":{\"@type\":\"EntryPoint\",\"urlTemplate\":\"https:\\\/\\\/graphimarket.com\\\/fr\\\/?s={search_term_string}\"},\"query-input\":{\"@type\":\"PropertyValueSpecification\",\"valueRequired\":true,\"valueName\":\"search_term_string\"}}],\"inLanguage\":\"de-DE\"},{\"@type\":\"Organization\",\"@id\":\"https:\\\/\\\/graphimarket.com\\\/fr\\\/#organization\",\"name\":\"Graphimarket\",\"url\":\"https:\\\/\\\/graphimarket.com\\\/fr\\\/\",\"logo\":{\"@type\":\"ImageObject\",\"inLanguage\":\"de-DE\",\"@id\":\"https:\\\/\\\/graphimarket.com\\\/fr\\\/#\\\/schema\\\/logo\\\/image\\\/\",\"url\":\"https:\\\/\\\/graphimarket.com\\\/wp-content\\\/uploads\\\/2020\\\/08\\\/logo-48.png\",\"contentUrl\":\"https:\\\/\\\/graphimarket.com\\\/wp-content\\\/uploads\\\/2020\\\/08\\\/logo-48.png\",\"width\":132,\"height\":48,\"caption\":\"Graphimarket\"},\"image\":{\"@id\":\"https:\\\/\\\/graphimarket.com\\\/fr\\\/#\\\/schema\\\/logo\\\/image\\\/\"}}]}<\/script>\n<!-- \/ Yoast SEO plugin. -->","yoast_head_json":{"title":"Editorial Lightroom Presets - Graphimarket","description":"Diese Lightroom-Voreinstellungen sind einfach zu verwenden und eignen sich hervorragend, um Ihren Fotos ein Aussehen zu verleihen, das f\u00fcr die Titelseiten geeignet ist","robots":{"index":"index","follow":"follow","max-snippet":"max-snippet:-1","max-image-preview":"max-image-preview:large","max-video-preview":"max-video-preview:-1"},"canonical":"https:\/\/graphimarket.com\/de\/product\/editorial-lightroom-presets\/","og_locale":"de_DE","og_type":"article","og_title":"Editorial Lightroom Presets - Graphimarket","og_description":"These Lightroom presets are easy to use and are great for giving your photos a look that would be fit to grace the front pages","og_url":"https:\/\/graphimarket.com\/de\/product\/editorial-lightroom-presets\/","og_site_name":"Graphimarket","article_modified_time":"2022-12-19T08:53:20+00:00","og_image":[{"width":1170,"height":780,"url":"https:\/\/graphimarket.com\/wp-content\/uploads\/2020\/09\/6d8ec2f6-efb7-4aa6-ba6f-ac8b72cd278b.jpg","type":"image\/jpeg"}],"twitter_card":"summary_large_image","schema":{"@context":"https:\/\/schema.org","@graph":[{"@type":"WebPage","@id":"https:\/\/graphimarket.com\/product\/editorial-lightroom-presets\/","url":"https:\/\/graphimarket.com\/product\/editorial-lightroom-presets\/","name":"Editorial Lightroom Presets - Graphimarket","isPartOf":{"@id":"https:\/\/graphimarket.com\/fr\/#website"},"primaryImageOfPage":{"@id":"https:\/\/graphimarket.com\/product\/editorial-lightroom-presets\/#primaryimage"},"image":{"@id":"https:\/\/graphimarket.com\/product\/editorial-lightroom-presets\/#primaryimage"},"thumbnailUrl":"https:\/\/graphimarket.com\/wp-content\/uploads\/2020\/09\/6d8ec2f6-efb7-4aa6-ba6f-ac8b72cd278b.jpg","datePublished":"2020-09-28T15:16:22+00:00","dateModified":"2022-12-19T08:53:20+00:00","description":"Diese Lightroom-Voreinstellungen sind einfach zu verwenden und eignen sich hervorragend, um Ihren Fotos ein Aussehen zu verleihen, das f\u00fcr die Titelseiten geeignet ist","breadcrumb":{"@id":"https:\/\/graphimarket.com\/product\/editorial-lightroom-presets\/#breadcrumb"},"inLanguage":"de-DE","potentialAction":[{"@type":"ReadAction","target":["https:\/\/graphimarket.com\/product\/editorial-lightroom-presets\/"]}]},{"@type":"ImageObject","inLanguage":"de-DE","@id":"https:\/\/graphimarket.com\/product\/editorial-lightroom-presets\/#primaryimage","url":"https:\/\/graphimarket.com\/wp-content\/uploads\/2020\/09\/6d8ec2f6-efb7-4aa6-ba6f-ac8b72cd278b.jpg","contentUrl":"https:\/\/graphimarket.com\/wp-content\/uploads\/2020\/09\/6d8ec2f6-efb7-4aa6-ba6f-ac8b72cd278b.jpg","width":1170,"height":780},{"@type":"BreadcrumbList","@id":"https:\/\/graphimarket.com\/product\/editorial-lightroom-presets\/#breadcrumb","itemListElement":[{"@type":"ListItem","position":1,"name":"Home","item":"https:\/\/graphimarket.com\/es\/"},{"@type":"ListItem","position":2,"name":"Store","item":"https:\/\/graphimarket.com\/store\/"},{"@type":"ListItem","position":3,"name":"Editorial Lightroom Presets"}]},{"@type":"WebSite","@id":"https:\/\/graphimarket.com\/fr\/#website","url":"https:\/\/graphimarket.com\/fr\/","name":"Graphimarket","description":"Finden Sie das perfekte kreative Kapital, um Ihr Projekt zum Leben zu erwecken","publisher":{"@id":"https:\/\/graphimarket.com\/fr\/#organization"},"potentialAction":[{"@type":"SearchAction","target":{"@type":"EntryPoint","urlTemplate":"https:\/\/graphimarket.com\/fr\/?s={search_term_string}"},"query-input":{"@type":"PropertyValueSpecification","valueRequired":true,"valueName":"search_term_string"}}],"inLanguage":"de-DE"},{"@type":"Organization","@id":"https:\/\/graphimarket.com\/fr\/#organization","name":"Graphimarket","url":"https:\/\/graphimarket.com\/fr\/","logo":{"@type":"ImageObject","inLanguage":"de-DE","@id":"https:\/\/graphimarket.com\/fr\/#\/schema\/logo\/image\/","url":"https:\/\/graphimarket.com\/wp-content\/uploads\/2020\/08\/logo-48.png","contentUrl":"https:\/\/graphimarket.com\/wp-content\/uploads\/2020\/08\/logo-48.png","width":132,"height":48,"caption":"Graphimarket"},"image":{"@id":"https:\/\/graphimarket.com\/fr\/#\/schema\/logo\/image\/"}}]}},"_links":{"self":[{"href":"https:\/\/graphimarket.com\/de\/wp-json\/wp\/v2\/product\/11432","targetHints":{"allow":["GET"]}}],"collection":[{"href":"https:\/\/graphimarket.com\/de\/wp-json\/wp\/v2\/product"}],"about":[{"href":"https:\/\/graphimarket.com\/de\/wp-json\/wp\/v2\/types\/product"}],"replies":[{"embeddable":true,"href":"https:\/\/graphimarket.com\/de\/wp-json\/wp\/v2\/comments?post=11432"}],"version-history":[{"count":0,"href":"https:\/\/graphimarket.com\/de\/wp-json\/wp\/v2\/product\/11432\/revisions"}],"wp:featuredmedia":[{"embeddable":true,"href":"https:\/\/graphimarket.com\/de\/wp-json\/wp\/v2\/media\/11435"}],"wp:attachment":[{"href":"https:\/\/graphimarket.com\/de\/wp-json\/wp\/v2\/media?parent=11432"}],"wp:term":[{"taxonomy":"product_brand","embeddable":true,"href":"https:\/\/graphimarket.com\/de\/wp-json\/wp\/v2\/product_brand?post=11432"},{"taxonomy":"product_cat","embeddable":true,"href":"https:\/\/graphimarket.com\/de\/wp-json\/wp\/v2\/product_cat?post=11432"},{"taxonomy":"product_tag","embeddable":true,"href":"https:\/\/graphimarket.com\/de\/wp-json\/wp\/v2\/product_tag?post=11432"}],"curies":[{"name":"wp","href":"https:\/\/api.w.org\/{rel}","templated":true}]}}