{"id":11482,"date":"2020-09-28T17:53:10","date_gmt":"2020-09-28T15:53:10","guid":{"rendered":"https:\/\/graphimarket.com\/?post_type=product&#038;p=11482"},"modified":"2022-12-19T09:52:23","modified_gmt":"2022-12-19T08:52:23","slug":"10-hq-lightroom-presets","status":"publish","type":"product","link":"https:\/\/graphimarket.com\/de\/product\/10-hq-lightroom-presets\/","title":{"rendered":"10 HQ Lightroom-Voreinstellungen"},"content":{"rendered":"<p><strong>\u00dcBER 10 HQ Lightroom-Voreinstellungen:<\/strong><\/p>\n<p>Dieses Paket ist perfekt f\u00fcr Blogger, Instagram-, Facebook- und Lifestyle-Fotografie. Modern, matt, k\u00f6rnig, dramatisch, warm, weich und tief - alles dreht sich um diese Voreinstellungen. Diese professionellen Voreinstellungen verbessern den Workflow f\u00fcr die Verarbeitung und Bearbeitung von Fotos meist mit einem Klick. Sie wurden auf verschiedenen Fotos getestet und funktionieren sehr gut. Die Einstellungen sind sehr intelligent, sauber und einfach anzupassen. Sie k\u00f6nnen diese Voreinstellungen auch f\u00fcr jedes Foto verwenden, das Sie m\u00f6gen. Sie k\u00f6nnen auch als Mehrzweck bezeichnet werden.<\/p>\n<p><strong>SEHR WICHTIGE MERKMALE:<\/strong><\/p>\n<ul>\n<li>Professionelles und einzigartiges Ergebnis mit einem Klick<\/li>\n<li>100% zerst\u00f6rungsfrei, wir haben sie auf verschiedenen Fotos getestet<\/li>\n<li>F\u00fcr Fotografen, Designer, Blogger und Instagrammer, sowohl Profis als auch Amateure<\/li>\n<li>Qualit\u00e4t \u00fcber Quantit\u00e4t. Sie werden von unserem Team niemals 100-in-1-Voreinstellungen mit sehr geringf\u00fcgigen \u00c4nderungen untereinander sehen, mit Ausnahme von Bundles. Wir respektieren unsere Kunden und versuchen unser Bestes, um Produkte von besonders hoher Qualit\u00e4t anzubieten.<\/li>\n<li>Diese Voreinstellungen \u00e4ndern nicht den Wei\u00dfabgleich (WB) Ihres Bildes, sondern funktionieren mit Farbe, Belichtung, Kontrast, Wei\u00df, Schwarz, HSL, Farben usw. Wenn Ihr Wei\u00dfabgleich \u201eOK\u201c ist, tun sie fast dasselbe Effekt wie auf dem Vorschaubild, und das ist fantastisch<\/li>\n<li>Einfach zu bedienen, nur ein Klick + FAQ-Datei + KOSTENLOSER Support<\/li>\n<li>Einfach anpassbar<\/li>\n<li>Sowohl MAC als auch PC<\/li>\n<li>Entwarf, mit jeder Aufl\u00f6sung verwendet zu werden<\/li>\n<li>Keine Kamerakalibrierungsprofile erforderlich<\/li>\n<li>Ben\u00f6tigen Sie einige \u00c4nderungen bei \u00fcber- und unterbelichteten Fotos<\/li>\n<li>Der Dateityp: .lrtemplate<\/li>\n<li>Unterst\u00fctzt: .jpg, .tiff und RAW (.arw, .srf, .sr2, .crw, .cr2, .dng, .3fr, .mef, .nef, .nrw, .ptx, .pef, .raf ,. rw1, .rw2, .srw und etc.)<\/li>\n<li>Ben\u00f6tigt Adobe Lightroom von 3.x bis CC<\/li>\n<\/ul>\n<p><strong>INBEGRIFFEN:<\/strong><\/p>\n<ul>\n<li>10 Lightroom-Voreinstellungen<\/li>\n<li>FAQ-Datei<\/li>\n<\/ul>\n<p><strong>KREDITE<\/strong><\/p>\n<p>Fotos in der Vorschau werden nur zu Demonstrationszwecken verwendet. Alle verwendeten Fotos haben eine Creative Commons-Lizenz und stammen von Pexels, Unsplash, unserem Teamportfolio usw.<\/p>\n<p>&nbsp;<\/p>\n<p><img fetchpriority=\"high\" decoding=\"async\" class=\"aligncenter wp-image-11483 size-full\" src=\"https:\/\/graphimarket.com\/wp-content\/uploads\/2020\/09\/44a96b13-c7bb-46fa-8046-b2b1c776f893.jpg\" alt=\"\" width=\"590\" height=\"442\" srcset=\"https:\/\/graphimarket.com\/wp-content\/uploads\/2020\/09\/44a96b13-c7bb-46fa-8046-b2b1c776f893.jpg 590w, https:\/\/graphimarket.com\/wp-content\/uploads\/2020\/09\/44a96b13-c7bb-46fa-8046-b2b1c776f893-300x225.jpg 300w\" sizes=\"(max-width: 590px) 100vw, 590px\" \/> <img decoding=\"async\" class=\"aligncenter wp-image-11484 size-full\" src=\"https:\/\/graphimarket.com\/wp-content\/uploads\/2020\/09\/844a7073-3ca6-4266-9c3c-ea280d2abc70.jpg\" alt=\"\" width=\"590\" height=\"788\" srcset=\"https:\/\/graphimarket.com\/wp-content\/uploads\/2020\/09\/844a7073-3ca6-4266-9c3c-ea280d2abc70.jpg 590w, https:\/\/graphimarket.com\/wp-content\/uploads\/2020\/09\/844a7073-3ca6-4266-9c3c-ea280d2abc70-225x300.jpg 225w\" sizes=\"(max-width: 590px) 100vw, 590px\" \/> <img decoding=\"async\" class=\"aligncenter wp-image-11485 size-full\" src=\"https:\/\/graphimarket.com\/wp-content\/uploads\/2020\/09\/1931c6bf-5a1b-411b-a46a-029c42c21b23.jpg\" alt=\"\" width=\"590\" height=\"788\" srcset=\"https:\/\/graphimarket.com\/wp-content\/uploads\/2020\/09\/1931c6bf-5a1b-411b-a46a-029c42c21b23.jpg 590w, https:\/\/graphimarket.com\/wp-content\/uploads\/2020\/09\/1931c6bf-5a1b-411b-a46a-029c42c21b23-225x300.jpg 225w\" sizes=\"(max-width: 590px) 100vw, 590px\" \/> <img loading=\"lazy\" decoding=\"async\" class=\"aligncenter wp-image-11486 size-full\" src=\"https:\/\/graphimarket.com\/wp-content\/uploads\/2020\/09\/a37bf5ee-2667-4a88-a42f-da30f0a33964.jpg\" alt=\"\" width=\"590\" height=\"788\" srcset=\"https:\/\/graphimarket.com\/wp-content\/uploads\/2020\/09\/a37bf5ee-2667-4a88-a42f-da30f0a33964.jpg 590w, https:\/\/graphimarket.com\/wp-content\/uploads\/2020\/09\/a37bf5ee-2667-4a88-a42f-da30f0a33964-225x300.jpg 225w\" sizes=\"(max-width: 590px) 100vw, 590px\" \/> <img loading=\"lazy\" decoding=\"async\" class=\"aligncenter wp-image-11487 size-full\" src=\"https:\/\/graphimarket.com\/wp-content\/uploads\/2020\/09\/59c01feb-167f-443b-90c4-8c5989f49bca.jpg\" alt=\"\" width=\"1170\" height=\"780\" srcset=\"https:\/\/graphimarket.com\/wp-content\/uploads\/2020\/09\/59c01feb-167f-443b-90c4-8c5989f49bca.jpg 1170w, https:\/\/graphimarket.com\/wp-content\/uploads\/2020\/09\/59c01feb-167f-443b-90c4-8c5989f49bca-300x200.jpg 300w, https:\/\/graphimarket.com\/wp-content\/uploads\/2020\/09\/59c01feb-167f-443b-90c4-8c5989f49bca-1024x683.jpg 1024w, https:\/\/graphimarket.com\/wp-content\/uploads\/2020\/09\/59c01feb-167f-443b-90c4-8c5989f49bca-768x512.jpg 768w, https:\/\/graphimarket.com\/wp-content\/uploads\/2020\/09\/59c01feb-167f-443b-90c4-8c5989f49bca-600x400.jpg 600w\" sizes=\"(max-width: 1170px) 100vw, 1170px\" \/> <img loading=\"lazy\" decoding=\"async\" class=\"aligncenter wp-image-11488 size-full\" src=\"https:\/\/graphimarket.com\/wp-content\/uploads\/2020\/09\/2de670bd-af50-47c3-b483-32d52c8361af.jpg\" alt=\"\" width=\"590\" height=\"788\" srcset=\"https:\/\/graphimarket.com\/wp-content\/uploads\/2020\/09\/2de670bd-af50-47c3-b483-32d52c8361af.jpg 590w, https:\/\/graphimarket.com\/wp-content\/uploads\/2020\/09\/2de670bd-af50-47c3-b483-32d52c8361af-225x300.jpg 225w\" sizes=\"(max-width: 590px) 100vw, 590px\" \/> <img loading=\"lazy\" decoding=\"async\" class=\"aligncenter wp-image-11489 size-full\" src=\"https:\/\/graphimarket.com\/wp-content\/uploads\/2020\/09\/3a934b51-f06c-4a81-9ff9-d5e6e1414066.jpg\" alt=\"\" width=\"590\" height=\"788\" srcset=\"https:\/\/graphimarket.com\/wp-content\/uploads\/2020\/09\/3a934b51-f06c-4a81-9ff9-d5e6e1414066.jpg 590w, https:\/\/graphimarket.com\/wp-content\/uploads\/2020\/09\/3a934b51-f06c-4a81-9ff9-d5e6e1414066-225x300.jpg 225w\" sizes=\"(max-width: 590px) 100vw, 590px\" \/> <img loading=\"lazy\" decoding=\"async\" class=\"aligncenter wp-image-11490 size-full\" src=\"https:\/\/graphimarket.com\/wp-content\/uploads\/2020\/09\/5c8789da-b909-4668-801b-fbb8e8656418.jpg\" alt=\"\" width=\"590\" height=\"788\" srcset=\"https:\/\/graphimarket.com\/wp-content\/uploads\/2020\/09\/5c8789da-b909-4668-801b-fbb8e8656418.jpg 590w, https:\/\/graphimarket.com\/wp-content\/uploads\/2020\/09\/5c8789da-b909-4668-801b-fbb8e8656418-225x300.jpg 225w\" sizes=\"(max-width: 590px) 100vw, 590px\" \/> <img loading=\"lazy\" decoding=\"async\" class=\"aligncenter wp-image-11491 size-full\" src=\"https:\/\/graphimarket.com\/wp-content\/uploads\/2020\/09\/7d338231-8c60-4a4c-a976-ad7dffb7d594.jpg\" alt=\"\" width=\"590\" height=\"788\" srcset=\"https:\/\/graphimarket.com\/wp-content\/uploads\/2020\/09\/7d338231-8c60-4a4c-a976-ad7dffb7d594.jpg 590w, https:\/\/graphimarket.com\/wp-content\/uploads\/2020\/09\/7d338231-8c60-4a4c-a976-ad7dffb7d594-225x300.jpg 225w\" sizes=\"(max-width: 590px) 100vw, 590px\" \/> <img loading=\"lazy\" decoding=\"async\" class=\"aligncenter wp-image-11492 size-full\" src=\"https:\/\/graphimarket.com\/wp-content\/uploads\/2020\/09\/37c09053-8241-4f0e-a3e4-7381eb4f13ac.jpg\" alt=\"\" width=\"590\" height=\"788\" srcset=\"https:\/\/graphimarket.com\/wp-content\/uploads\/2020\/09\/37c09053-8241-4f0e-a3e4-7381eb4f13ac.jpg 590w, https:\/\/graphimarket.com\/wp-content\/uploads\/2020\/09\/37c09053-8241-4f0e-a3e4-7381eb4f13ac-225x300.jpg 225w\" sizes=\"(max-width: 590px) 100vw, 590px\" \/> <img loading=\"lazy\" decoding=\"async\" class=\"aligncenter wp-image-11493 size-full\" src=\"https:\/\/graphimarket.com\/wp-content\/uploads\/2020\/09\/38a8ad19-cb04-4805-8f75-3930f3529a99.jpg\" alt=\"\" width=\"590\" height=\"788\" srcset=\"https:\/\/graphimarket.com\/wp-content\/uploads\/2020\/09\/38a8ad19-cb04-4805-8f75-3930f3529a99.jpg 590w, https:\/\/graphimarket.com\/wp-content\/uploads\/2020\/09\/38a8ad19-cb04-4805-8f75-3930f3529a99-225x300.jpg 225w\" sizes=\"(max-width: 590px) 100vw, 590px\" \/><\/p>\n<p>&nbsp;<\/p>","protected":false},"excerpt":{"rendered":"<p>ABOUT 10 HQ Lightroom Presets: This pack is perfect for bloggers, instagram, facebook and lifestyle photography. Modern, matte, grainy, dramatic, warm, soft and deep \u2013 it\u2019s all about this presets. This professional presets are designed to improve workflow for processing and editing photos mostly in one click. They have been tested on different photos and [&hellip;]<\/p>\n","protected":false},"featured_media":11487,"comment_status":"open","ping_status":"closed","template":"","meta":{"site-sidebar-layout":"default","site-content-layout":"default","ast-site-content-layout":"default","site-content-style":"default","site-sidebar-style":"default","ast-global-header-display":"","ast-banner-title-visibility":"","ast-main-header-display":"","ast-hfb-above-header-display":"","ast-hfb-below-header-display":"","ast-hfb-mobile-header-display":"","site-post-title":"","ast-breadcrumbs-content":"","ast-featured-img":"","footer-sml-layout":"","ast-disable-related-posts":"","theme-transparent-header-meta":"default","adv-header-id-meta":"","stick-header-meta":"","header-above-stick-meta":"","header-main-stick-meta":"","header-below-stick-meta":"","astra-migrate-meta-layouts":"default","ast-page-background-enabled":"default","ast-page-background-meta":{"desktop":{"background-color":"","background-image":"","background-repeat":"repeat","background-position":"center center","background-size":"auto","background-attachment":"scroll","background-type":"","background-media":"","overlay-type":"","overlay-color":"","overlay-opacity":"","overlay-gradient":""},"tablet":{"background-color":"","background-image":"","background-repeat":"repeat","background-position":"center center","background-size":"auto","background-attachment":"scroll","background-type":"","background-media":"","overlay-type":"","overlay-color":"","overlay-opacity":"","overlay-gradient":""},"mobile":{"background-color":"","background-image":"","background-repeat":"repeat","background-position":"center center","background-size":"auto","background-attachment":"scroll","background-type":"","background-media":"","overlay-type":"","overlay-color":"","overlay-opacity":"","overlay-gradient":""}},"ast-content-background-meta":{"desktop":{"background-color":"var(--ast-global-color-5)","background-image":"","background-repeat":"repeat","background-position":"center center","background-size":"auto","background-attachment":"scroll","background-type":"","background-media":"","overlay-type":"","overlay-color":"","overlay-opacity":"","overlay-gradient":""},"tablet":{"background-color":"var(--ast-global-color-5)","background-image":"","background-repeat":"repeat","background-position":"center center","background-size":"auto","background-attachment":"scroll","background-type":"","background-media":"","overlay-type":"","overlay-color":"","overlay-opacity":"","overlay-gradient":""},"mobile":{"background-color":"var(--ast-global-color-5)","background-image":"","background-repeat":"repeat","background-position":"center center","background-size":"auto","background-attachment":"scroll","background-type":"","background-media":"","overlay-type":"","overlay-color":"","overlay-opacity":"","overlay-gradient":""}}},"product_brand":[],"product_cat":[131],"product_tag":[370,320,378,371,372,377,335,373,376,564,412,318,374,375,323,1401],"class_list":{"0":"post-11482","1":"product","2":"type-product","3":"status-publish","4":"has-post-thumbnail","6":"product_cat-lightroom-preset","7":"product_tag-blogger","8":"product_tag-film","9":"product_tag-fuji","10":"product_tag-insta","11":"product_tag-instagram","12":"product_tag-kodak","13":"product_tag-lightroom","14":"product_tag-lut","15":"product_tag-matte","16":"product_tag-portait","17":"product_tag-preset","18":"product_tag-presets","19":"product_tag-pro","20":"product_tag-skintone","21":"product_tag-trendy","22":"product_tag-vsc","23":"desktop-align-left","24":"tablet-align-left","25":"mobile-align-left","27":"first","28":"instock","29":"downloadable","30":"virtual","31":"taxable","32":"purchasable","33":"product-type-simple"},"yoast_head":"<!-- This site is optimized with the Yoast SEO plugin v27.3 - https:\/\/yoast.com\/product\/yoast-seo-wordpress\/ -->\n<title>10 HQ Lightroom Presets - Graphimarket<\/title>\n<meta name=\"description\" content=\"his pack is perfect for bloggers, instagram, facebook and lifestyle photography. Modern, matte, grainy, dramatic, warm, soft and deep\" \/>\n<meta name=\"robots\" content=\"index, follow, max-snippet:-1, max-image-preview:large, max-video-preview:-1\" \/>\n<link rel=\"canonical\" href=\"https:\/\/graphimarket.com\/de\/product\/10-hq-lightroom-presets\/\" \/>\n<meta property=\"og:locale\" content=\"de_DE\" \/>\n<meta property=\"og:type\" content=\"article\" \/>\n<meta property=\"og:title\" content=\"10 HQ Lightroom Presets - Graphimarket\" \/>\n<meta property=\"og:description\" content=\"his pack is perfect for bloggers, instagram, facebook and lifestyle photography. Modern, matte, grainy, dramatic, warm, soft and deep\" \/>\n<meta property=\"og:url\" content=\"https:\/\/graphimarket.com\/de\/product\/10-hq-lightroom-presets\/\" \/>\n<meta property=\"og:site_name\" content=\"Graphimarket\" \/>\n<meta property=\"article:modified_time\" content=\"2022-12-19T08:52:23+00:00\" \/>\n<meta property=\"og:image\" content=\"https:\/\/graphimarket.com\/wp-content\/uploads\/2020\/09\/59c01feb-167f-443b-90c4-8c5989f49bca.jpg\" \/>\n\t<meta property=\"og:image:width\" content=\"1170\" \/>\n\t<meta property=\"og:image:height\" content=\"780\" \/>\n\t<meta property=\"og:image:type\" content=\"image\/jpeg\" \/>\n<meta name=\"twitter:card\" content=\"summary_large_image\" \/>\n<meta name=\"twitter:label1\" content=\"Est. reading time\" \/>\n\t<meta name=\"twitter:data1\" content=\"2 minutes\" \/>\n<script type=\"application\/ld+json\" class=\"yoast-schema-graph\">{\"@context\":\"https:\\\/\\\/schema.org\",\"@graph\":[{\"@type\":\"WebPage\",\"@id\":\"https:\\\/\\\/graphimarket.com\\\/product\\\/10-hq-lightroom-presets\\\/\",\"url\":\"https:\\\/\\\/graphimarket.com\\\/product\\\/10-hq-lightroom-presets\\\/\",\"name\":\"10 HQ Lightroom Presets - Graphimarket\",\"isPartOf\":{\"@id\":\"https:\\\/\\\/graphimarket.com\\\/fr\\\/#website\"},\"primaryImageOfPage\":{\"@id\":\"https:\\\/\\\/graphimarket.com\\\/product\\\/10-hq-lightroom-presets\\\/#primaryimage\"},\"image\":{\"@id\":\"https:\\\/\\\/graphimarket.com\\\/product\\\/10-hq-lightroom-presets\\\/#primaryimage\"},\"thumbnailUrl\":\"https:\\\/\\\/graphimarket.com\\\/wp-content\\\/uploads\\\/2020\\\/09\\\/59c01feb-167f-443b-90c4-8c5989f49bca.jpg\",\"datePublished\":\"2020-09-28T15:53:10+00:00\",\"dateModified\":\"2022-12-19T08:52:23+00:00\",\"description\":\"his pack is perfect for bloggers, instagram, facebook and lifestyle photography. Modern, matte, grainy, dramatic, warm, soft and deep\",\"breadcrumb\":{\"@id\":\"https:\\\/\\\/graphimarket.com\\\/product\\\/10-hq-lightroom-presets\\\/#breadcrumb\"},\"inLanguage\":\"de-DE\",\"potentialAction\":[{\"@type\":\"ReadAction\",\"target\":[\"https:\\\/\\\/graphimarket.com\\\/product\\\/10-hq-lightroom-presets\\\/\"]}]},{\"@type\":\"ImageObject\",\"inLanguage\":\"de-DE\",\"@id\":\"https:\\\/\\\/graphimarket.com\\\/product\\\/10-hq-lightroom-presets\\\/#primaryimage\",\"url\":\"https:\\\/\\\/graphimarket.com\\\/wp-content\\\/uploads\\\/2020\\\/09\\\/59c01feb-167f-443b-90c4-8c5989f49bca.jpg\",\"contentUrl\":\"https:\\\/\\\/graphimarket.com\\\/wp-content\\\/uploads\\\/2020\\\/09\\\/59c01feb-167f-443b-90c4-8c5989f49bca.jpg\",\"width\":1170,\"height\":780},{\"@type\":\"BreadcrumbList\",\"@id\":\"https:\\\/\\\/graphimarket.com\\\/product\\\/10-hq-lightroom-presets\\\/#breadcrumb\",\"itemListElement\":[{\"@type\":\"ListItem\",\"position\":1,\"name\":\"Home\",\"item\":\"https:\\\/\\\/graphimarket.com\\\/es\\\/\"},{\"@type\":\"ListItem\",\"position\":2,\"name\":\"Store\",\"item\":\"https:\\\/\\\/graphimarket.com\\\/store\\\/\"},{\"@type\":\"ListItem\",\"position\":3,\"name\":\"10 HQ Lightroom Presets\"}]},{\"@type\":\"WebSite\",\"@id\":\"https:\\\/\\\/graphimarket.com\\\/fr\\\/#website\",\"url\":\"https:\\\/\\\/graphimarket.com\\\/fr\\\/\",\"name\":\"Graphimarket\",\"description\":\"Find the perfect creative asset to bring your project to life\",\"publisher\":{\"@id\":\"https:\\\/\\\/graphimarket.com\\\/fr\\\/#organization\"},\"potentialAction\":[{\"@type\":\"SearchAction\",\"target\":{\"@type\":\"EntryPoint\",\"urlTemplate\":\"https:\\\/\\\/graphimarket.com\\\/fr\\\/?s={search_term_string}\"},\"query-input\":{\"@type\":\"PropertyValueSpecification\",\"valueRequired\":true,\"valueName\":\"search_term_string\"}}],\"inLanguage\":\"de-DE\"},{\"@type\":\"Organization\",\"@id\":\"https:\\\/\\\/graphimarket.com\\\/fr\\\/#organization\",\"name\":\"Graphimarket\",\"url\":\"https:\\\/\\\/graphimarket.com\\\/fr\\\/\",\"logo\":{\"@type\":\"ImageObject\",\"inLanguage\":\"de-DE\",\"@id\":\"https:\\\/\\\/graphimarket.com\\\/fr\\\/#\\\/schema\\\/logo\\\/image\\\/\",\"url\":\"https:\\\/\\\/graphimarket.com\\\/wp-content\\\/uploads\\\/2020\\\/08\\\/logo-48.png\",\"contentUrl\":\"https:\\\/\\\/graphimarket.com\\\/wp-content\\\/uploads\\\/2020\\\/08\\\/logo-48.png\",\"width\":132,\"height\":48,\"caption\":\"Graphimarket\"},\"image\":{\"@id\":\"https:\\\/\\\/graphimarket.com\\\/fr\\\/#\\\/schema\\\/logo\\\/image\\\/\"}}]}<\/script>\n<!-- \/ Yoast SEO plugin. -->","yoast_head_json":{"title":"10 HQ Lightroom-Voreinstellungen - Graphimarket","description":"Sein Paket ist perfekt f\u00fcr Blogger, Instagram-, Facebook- und Lifestyle-Fotografie. Modern, matt, k\u00f6rnig, dramatisch, warm, weich und tief","robots":{"index":"index","follow":"follow","max-snippet":"max-snippet:-1","max-image-preview":"max-image-preview:large","max-video-preview":"max-video-preview:-1"},"canonical":"https:\/\/graphimarket.com\/de\/product\/10-hq-lightroom-presets\/","og_locale":"de_DE","og_type":"article","og_title":"10 HQ Lightroom Presets - Graphimarket","og_description":"his pack is perfect for bloggers, instagram, facebook and lifestyle photography. Modern, matte, grainy, dramatic, warm, soft and deep","og_url":"https:\/\/graphimarket.com\/de\/product\/10-hq-lightroom-presets\/","og_site_name":"Graphimarket","article_modified_time":"2022-12-19T08:52:23+00:00","og_image":[{"width":1170,"height":780,"url":"https:\/\/graphimarket.com\/wp-content\/uploads\/2020\/09\/59c01feb-167f-443b-90c4-8c5989f49bca.jpg","type":"image\/jpeg"}],"twitter_card":"summary_large_image","twitter_misc":{"Est. reading time":"2 minutes"},"schema":{"@context":"https:\/\/schema.org","@graph":[{"@type":"WebPage","@id":"https:\/\/graphimarket.com\/product\/10-hq-lightroom-presets\/","url":"https:\/\/graphimarket.com\/product\/10-hq-lightroom-presets\/","name":"10 HQ Lightroom-Voreinstellungen - Graphimarket","isPartOf":{"@id":"https:\/\/graphimarket.com\/fr\/#website"},"primaryImageOfPage":{"@id":"https:\/\/graphimarket.com\/product\/10-hq-lightroom-presets\/#primaryimage"},"image":{"@id":"https:\/\/graphimarket.com\/product\/10-hq-lightroom-presets\/#primaryimage"},"thumbnailUrl":"https:\/\/graphimarket.com\/wp-content\/uploads\/2020\/09\/59c01feb-167f-443b-90c4-8c5989f49bca.jpg","datePublished":"2020-09-28T15:53:10+00:00","dateModified":"2022-12-19T08:52:23+00:00","description":"Sein Paket ist perfekt f\u00fcr Blogger, Instagram-, Facebook- und Lifestyle-Fotografie. Modern, matt, k\u00f6rnig, dramatisch, warm, weich und tief","breadcrumb":{"@id":"https:\/\/graphimarket.com\/product\/10-hq-lightroom-presets\/#breadcrumb"},"inLanguage":"de-DE","potentialAction":[{"@type":"ReadAction","target":["https:\/\/graphimarket.com\/product\/10-hq-lightroom-presets\/"]}]},{"@type":"ImageObject","inLanguage":"de-DE","@id":"https:\/\/graphimarket.com\/product\/10-hq-lightroom-presets\/#primaryimage","url":"https:\/\/graphimarket.com\/wp-content\/uploads\/2020\/09\/59c01feb-167f-443b-90c4-8c5989f49bca.jpg","contentUrl":"https:\/\/graphimarket.com\/wp-content\/uploads\/2020\/09\/59c01feb-167f-443b-90c4-8c5989f49bca.jpg","width":1170,"height":780},{"@type":"BreadcrumbList","@id":"https:\/\/graphimarket.com\/product\/10-hq-lightroom-presets\/#breadcrumb","itemListElement":[{"@type":"ListItem","position":1,"name":"Home","item":"https:\/\/graphimarket.com\/es\/"},{"@type":"ListItem","position":2,"name":"Store","item":"https:\/\/graphimarket.com\/store\/"},{"@type":"ListItem","position":3,"name":"10 HQ Lightroom Presets"}]},{"@type":"WebSite","@id":"https:\/\/graphimarket.com\/fr\/#website","url":"https:\/\/graphimarket.com\/fr\/","name":"Graphimarket","description":"Finden Sie das perfekte kreative Kapital, um Ihr Projekt zum Leben zu erwecken","publisher":{"@id":"https:\/\/graphimarket.com\/fr\/#organization"},"potentialAction":[{"@type":"SearchAction","target":{"@type":"EntryPoint","urlTemplate":"https:\/\/graphimarket.com\/fr\/?s={search_term_string}"},"query-input":{"@type":"PropertyValueSpecification","valueRequired":true,"valueName":"search_term_string"}}],"inLanguage":"de-DE"},{"@type":"Organization","@id":"https:\/\/graphimarket.com\/fr\/#organization","name":"Graphimarket","url":"https:\/\/graphimarket.com\/fr\/","logo":{"@type":"ImageObject","inLanguage":"de-DE","@id":"https:\/\/graphimarket.com\/fr\/#\/schema\/logo\/image\/","url":"https:\/\/graphimarket.com\/wp-content\/uploads\/2020\/08\/logo-48.png","contentUrl":"https:\/\/graphimarket.com\/wp-content\/uploads\/2020\/08\/logo-48.png","width":132,"height":48,"caption":"Graphimarket"},"image":{"@id":"https:\/\/graphimarket.com\/fr\/#\/schema\/logo\/image\/"}}]}},"_links":{"self":[{"href":"https:\/\/graphimarket.com\/de\/wp-json\/wp\/v2\/product\/11482","targetHints":{"allow":["GET"]}}],"collection":[{"href":"https:\/\/graphimarket.com\/de\/wp-json\/wp\/v2\/product"}],"about":[{"href":"https:\/\/graphimarket.com\/de\/wp-json\/wp\/v2\/types\/product"}],"replies":[{"embeddable":true,"href":"https:\/\/graphimarket.com\/de\/wp-json\/wp\/v2\/comments?post=11482"}],"version-history":[{"count":0,"href":"https:\/\/graphimarket.com\/de\/wp-json\/wp\/v2\/product\/11482\/revisions"}],"wp:featuredmedia":[{"embeddable":true,"href":"https:\/\/graphimarket.com\/de\/wp-json\/wp\/v2\/media\/11487"}],"wp:attachment":[{"href":"https:\/\/graphimarket.com\/de\/wp-json\/wp\/v2\/media?parent=11482"}],"wp:term":[{"taxonomy":"product_brand","embeddable":true,"href":"https:\/\/graphimarket.com\/de\/wp-json\/wp\/v2\/product_brand?post=11482"},{"taxonomy":"product_cat","embeddable":true,"href":"https:\/\/graphimarket.com\/de\/wp-json\/wp\/v2\/product_cat?post=11482"},{"taxonomy":"product_tag","embeddable":true,"href":"https:\/\/graphimarket.com\/de\/wp-json\/wp\/v2\/product_tag?post=11482"}],"curies":[{"name":"wp","href":"https:\/\/api.w.org\/{rel}","templated":true}]}}