{"id":12473,"date":"2020-10-15T15:08:16","date_gmt":"2020-10-15T13:08:16","guid":{"rendered":"https:\/\/graphimarket.com\/?post_type=product&#038;p=12473"},"modified":"2022-12-19T09:32:12","modified_gmt":"2022-12-19T08:32:12","slug":"strategy-toolbox-keynote-template","status":"publish","type":"product","link":"https:\/\/graphimarket.com\/de\/product\/strategy-toolbox-keynote-template\/","title":{"rendered":"Strategie-ToolBox-Keynote-Vorlage"},"content":{"rendered":"<p>This Strategy Toolbox is made to help you create business strategies, marketing and business plans. Strategy Toolbox helps to coordinate the activities of the various areas of a business in order to achieve organizational objectives. Template includes useful strategy models to evaluate the business.<\/p>\n<p><strong>CONTENT:<\/strong><\/p>\n<p>Welcome<br \/>\nStrategy Principles<br \/>\nGrowth Strategy<br \/>\nKPI<br \/>\nAction Plan<br \/>\nBusiness Model<br \/>\nCompetition Review<br \/>\n4PS Model<br \/>\nPEST Analysis<br \/>\nFive Forces Model<br \/>\nValue Chain Analysis<br \/>\nBCG Model<br \/>\n5\u2019S Strategy Model<br \/>\nStrategy Diamond<br \/>\nSOAR Analysis<br \/>\nS.W.O.T Analysis<br \/>\nTOWS Matrix<br \/>\nBuild-Measure-Learn Feedback Loop<br \/>\nCritical Success Factors<br \/>\nPorters Diamond<br \/>\nKaizen Strategy Model<br \/>\nInnovation Circle<br \/>\nKeller\u2019s Brand Equity Model<br \/>\nThe McKinsey 7-S Framework<br \/>\nThe Ansoff Matrix<br \/>\nThe GE-McKinsey Matrix<br \/>\nThe Value Disciplines Model<br \/>\nBlue Ocean Strategy<br \/>\nMintzberg\u2019s 5\u2019s Strategy<br \/>\n5 steps of Social Media Strategy<br \/>\nBowman\u2019s Strategy Clock<br \/>\nThe Technology Life Cycle<br \/>\nKotler\u2019s Five Product Levels<br \/>\nWeisbord Six-Box Model<br \/>\nVRIO Model<br \/>\nOhmae\u2019s 3C Model<br \/>\nPorter\u2019s Four Corners Model<br \/>\nCompany Overview<br \/>\nMission<br \/>\nVision<br \/>\nStrategic Goals and Objectives<br \/>\nCompany History<br \/>\nManagement Team<br \/>\nKey Personnel<br \/>\nCompany Structure<br \/>\nOur Brands<br \/>\nPrice Plans<br \/>\nProdukt<br \/>\nGallery slides<br \/>\nMaps<br \/>\nContacts<\/p>\n<p><strong>EIGENSCHAFTEN:<\/strong><\/p>\n<p>Transitions Only (Not over-animated)<br \/>\n16:9 (1920\u00d71080) Screen Size<br \/>\nKostenlose Schriftarten<br \/>\nUser Guide PDF<br \/>\nFull editable in Apple Keynote<br \/>\nEasy editable charts and tables<br \/>\nHandcrafted Infographic<br \/>\nPixel-perfect illustrations<br \/>\nEditable World map<br \/>\n800 vector icons set (download link)<\/p>\n<p><strong>TEMPLATE INCLUDES:<\/strong><\/p>\n<p>8 PowerPoint (KEY) files (8 color versions)<br \/>\nWorld Map (KEY) file<br \/>\nHilfedatei<br \/>\nUser Guide (PDF) file<br \/>\nIcon Set (download link)<\/p>\n<p>&nbsp;<\/p>\n<p><img fetchpriority=\"high\" decoding=\"async\" class=\"aligncenter wp-image-12474 size-full\" src=\"https:\/\/graphimarket.com\/wp-content\/uploads\/2020\/10\/9a1513ed-fd0c-4847-b7ca-7fb5b899126b.jpg\" alt=\"\" width=\"1170\" height=\"780\" srcset=\"https:\/\/graphimarket.com\/wp-content\/uploads\/2020\/10\/9a1513ed-fd0c-4847-b7ca-7fb5b899126b.jpg 1170w, https:\/\/graphimarket.com\/wp-content\/uploads\/2020\/10\/9a1513ed-fd0c-4847-b7ca-7fb5b899126b-300x200.jpg 300w, https:\/\/graphimarket.com\/wp-content\/uploads\/2020\/10\/9a1513ed-fd0c-4847-b7ca-7fb5b899126b-1024x683.jpg 1024w, https:\/\/graphimarket.com\/wp-content\/uploads\/2020\/10\/9a1513ed-fd0c-4847-b7ca-7fb5b899126b-768x512.jpg 768w, https:\/\/graphimarket.com\/wp-content\/uploads\/2020\/10\/9a1513ed-fd0c-4847-b7ca-7fb5b899126b-16x12.jpg 16w, https:\/\/graphimarket.com\/wp-content\/uploads\/2020\/10\/9a1513ed-fd0c-4847-b7ca-7fb5b899126b-600x400.jpg 600w\" sizes=\"(max-width: 1170px) 100vw, 1170px\" \/><\/p>","protected":false},"excerpt":{"rendered":"<p>This Strategy Toolbox is made to help you create business strategies, marketing and business plans. Strategy Toolbox helps to coordinate the activities of the various areas of a business in order to achieve organizational objectives. Template includes useful strategy models to evaluate the business. CONTENT: Welcome Strategy Principles Growth Strategy KPI Action Plan Business Model [&hellip;]<\/p>\n","protected":false},"featured_media":12474,"comment_status":"open","ping_status":"closed","template":"","meta":{"site-sidebar-layout":"default","site-content-layout":"default","ast-site-content-layout":"default","site-content-style":"default","site-sidebar-style":"default","ast-global-header-display":"","ast-banner-title-visibility":"","ast-main-header-display":"","ast-hfb-above-header-display":"","ast-hfb-below-header-display":"","ast-hfb-mobile-header-display":"","site-post-title":"","ast-breadcrumbs-content":"","ast-featured-img":"","footer-sml-layout":"","ast-disable-related-posts":"","theme-transparent-header-meta":"default","adv-header-id-meta":"","stick-header-meta":"","header-above-stick-meta":"","header-main-stick-meta":"","header-below-stick-meta":"","astra-migrate-meta-layouts":"default","ast-page-background-enabled":"default","ast-page-background-meta":{"desktop":{"background-color":"","background-image":"","background-repeat":"repeat","background-position":"center center","background-size":"auto","background-attachment":"scroll","background-type":"","background-media":"","overlay-type":"","overlay-color":"","overlay-opacity":"","overlay-gradient":""},"tablet":{"background-color":"","background-image":"","background-repeat":"repeat","background-position":"center center","background-size":"auto","background-attachment":"scroll","background-type":"","background-media":"","overlay-type":"","overlay-color":"","overlay-opacity":"","overlay-gradient":""},"mobile":{"background-color":"","background-image":"","background-repeat":"repeat","background-position":"center center","background-size":"auto","background-attachment":"scroll","background-type":"","background-media":"","overlay-type":"","overlay-color":"","overlay-opacity":"","overlay-gradient":""}},"ast-content-background-meta":{"desktop":{"background-color":"var(--ast-global-color-5)","background-image":"","background-repeat":"repeat","background-position":"center center","background-size":"auto","background-attachment":"scroll","background-type":"","background-media":"","overlay-type":"","overlay-color":"","overlay-opacity":"","overlay-gradient":""},"tablet":{"background-color":"var(--ast-global-color-5)","background-image":"","background-repeat":"repeat","background-position":"center center","background-size":"auto","background-attachment":"scroll","background-type":"","background-media":"","overlay-type":"","overlay-color":"","overlay-opacity":"","overlay-gradient":""},"mobile":{"background-color":"var(--ast-global-color-5)","background-image":"","background-repeat":"repeat","background-position":"center center","background-size":"auto","background-attachment":"scroll","background-type":"","background-media":"","overlay-type":"","overlay-color":"","overlay-opacity":"","overlay-gradient":""}}},"product_brand":[],"product_cat":[1609,128],"product_tag":[1258,733,721,856,1160,1675,1674,1676,1672,1673,1663,1670,1671,1059,424],"class_list":{"0":"post-12473","1":"product","2":"type-product","3":"status-publish","4":"has-post-thumbnail","6":"product_cat-bundle","7":"product_cat-key-note-templates","8":"product_tag-best","9":"product_tag-business","10":"product_tag-company","11":"product_tag-corporate","12":"product_tag-marketing","13":"product_tag-model","14":"product_tag-plan","15":"product_tag-profile","16":"product_tag-project","17":"product_tag-proposal","18":"product_tag-report","19":"product_tag-strat","20":"product_tag-strategic","21":"product_tag-strategy","22":"product_tag-tool","23":"desktop-align-left","24":"tablet-align-left","25":"mobile-align-left","27":"first","28":"instock","29":"sale","30":"downloadable","31":"virtual","32":"taxable","33":"purchasable","34":"product-type-simple"},"yoast_head":"<!-- This site is optimized with the Yoast SEO plugin v27.3 - https:\/\/yoast.com\/product\/yoast-seo-wordpress\/ -->\n<title>Strategy ToolBox Keynote Template - Graphimarket<\/title>\n<meta name=\"description\" content=\"This Strategy Toolbox is made to help you create business strategies, marketing and business plans. Strategy Toolbox helps to coordinate...\" \/>\n<meta name=\"robots\" content=\"index, follow, max-snippet:-1, max-image-preview:large, max-video-preview:-1\" \/>\n<link rel=\"canonical\" href=\"https:\/\/graphimarket.com\/de\/product\/strategy-toolbox-keynote-template\/\" \/>\n<meta property=\"og:locale\" content=\"de_DE\" \/>\n<meta property=\"og:type\" content=\"article\" \/>\n<meta property=\"og:title\" content=\"Strategy ToolBox Keynote Template - Graphimarket\" \/>\n<meta property=\"og:description\" content=\"This Strategy Toolbox is made to help you create business strategies, marketing and business plans. Strategy Toolbox helps to coordinate...\" \/>\n<meta property=\"og:url\" content=\"https:\/\/graphimarket.com\/de\/product\/strategy-toolbox-keynote-template\/\" \/>\n<meta property=\"og:site_name\" content=\"Graphimarket\" \/>\n<meta property=\"article:modified_time\" content=\"2022-12-19T08:32:12+00:00\" \/>\n<meta property=\"og:image\" content=\"https:\/\/graphimarket.com\/wp-content\/uploads\/2020\/10\/9a1513ed-fd0c-4847-b7ca-7fb5b899126b.jpg\" \/>\n\t<meta property=\"og:image:width\" content=\"1170\" \/>\n\t<meta property=\"og:image:height\" content=\"780\" \/>\n\t<meta property=\"og:image:type\" content=\"image\/jpeg\" \/>\n<meta name=\"twitter:card\" content=\"summary_large_image\" \/>\n<meta name=\"twitter:label1\" content=\"Est. reading time\" \/>\n\t<meta name=\"twitter:data1\" content=\"1 minute\" \/>\n<script type=\"application\/ld+json\" class=\"yoast-schema-graph\">{\"@context\":\"https:\\\/\\\/schema.org\",\"@graph\":[{\"@type\":\"WebPage\",\"@id\":\"https:\\\/\\\/graphimarket.com\\\/product\\\/strategy-toolbox-keynote-template\\\/\",\"url\":\"https:\\\/\\\/graphimarket.com\\\/product\\\/strategy-toolbox-keynote-template\\\/\",\"name\":\"Strategy ToolBox Keynote Template - Graphimarket\",\"isPartOf\":{\"@id\":\"https:\\\/\\\/graphimarket.com\\\/fr\\\/#website\"},\"primaryImageOfPage\":{\"@id\":\"https:\\\/\\\/graphimarket.com\\\/product\\\/strategy-toolbox-keynote-template\\\/#primaryimage\"},\"image\":{\"@id\":\"https:\\\/\\\/graphimarket.com\\\/product\\\/strategy-toolbox-keynote-template\\\/#primaryimage\"},\"thumbnailUrl\":\"https:\\\/\\\/graphimarket.com\\\/wp-content\\\/uploads\\\/2020\\\/10\\\/9a1513ed-fd0c-4847-b7ca-7fb5b899126b.jpg\",\"datePublished\":\"2020-10-15T13:08:16+00:00\",\"dateModified\":\"2022-12-19T08:32:12+00:00\",\"description\":\"This Strategy Toolbox is made to help you create business strategies, marketing and business plans. Strategy Toolbox helps to coordinate...\",\"breadcrumb\":{\"@id\":\"https:\\\/\\\/graphimarket.com\\\/product\\\/strategy-toolbox-keynote-template\\\/#breadcrumb\"},\"inLanguage\":\"de-DE\",\"potentialAction\":[{\"@type\":\"ReadAction\",\"target\":[\"https:\\\/\\\/graphimarket.com\\\/product\\\/strategy-toolbox-keynote-template\\\/\"]}]},{\"@type\":\"ImageObject\",\"inLanguage\":\"de-DE\",\"@id\":\"https:\\\/\\\/graphimarket.com\\\/product\\\/strategy-toolbox-keynote-template\\\/#primaryimage\",\"url\":\"https:\\\/\\\/graphimarket.com\\\/wp-content\\\/uploads\\\/2020\\\/10\\\/9a1513ed-fd0c-4847-b7ca-7fb5b899126b.jpg\",\"contentUrl\":\"https:\\\/\\\/graphimarket.com\\\/wp-content\\\/uploads\\\/2020\\\/10\\\/9a1513ed-fd0c-4847-b7ca-7fb5b899126b.jpg\",\"width\":1170,\"height\":780},{\"@type\":\"BreadcrumbList\",\"@id\":\"https:\\\/\\\/graphimarket.com\\\/product\\\/strategy-toolbox-keynote-template\\\/#breadcrumb\",\"itemListElement\":[{\"@type\":\"ListItem\",\"position\":1,\"name\":\"Home\",\"item\":\"https:\\\/\\\/graphimarket.com\\\/es\\\/\"},{\"@type\":\"ListItem\",\"position\":2,\"name\":\"Store\",\"item\":\"https:\\\/\\\/graphimarket.com\\\/store\\\/\"},{\"@type\":\"ListItem\",\"position\":3,\"name\":\"Strategy ToolBox Keynote Template\"}]},{\"@type\":\"WebSite\",\"@id\":\"https:\\\/\\\/graphimarket.com\\\/fr\\\/#website\",\"url\":\"https:\\\/\\\/graphimarket.com\\\/fr\\\/\",\"name\":\"Graphimarket\",\"description\":\"Find the perfect creative asset to bring your project to life\",\"publisher\":{\"@id\":\"https:\\\/\\\/graphimarket.com\\\/fr\\\/#organization\"},\"potentialAction\":[{\"@type\":\"SearchAction\",\"target\":{\"@type\":\"EntryPoint\",\"urlTemplate\":\"https:\\\/\\\/graphimarket.com\\\/fr\\\/?s={search_term_string}\"},\"query-input\":{\"@type\":\"PropertyValueSpecification\",\"valueRequired\":true,\"valueName\":\"search_term_string\"}}],\"inLanguage\":\"de-DE\"},{\"@type\":\"Organization\",\"@id\":\"https:\\\/\\\/graphimarket.com\\\/fr\\\/#organization\",\"name\":\"Graphimarket\",\"url\":\"https:\\\/\\\/graphimarket.com\\\/fr\\\/\",\"logo\":{\"@type\":\"ImageObject\",\"inLanguage\":\"de-DE\",\"@id\":\"https:\\\/\\\/graphimarket.com\\\/fr\\\/#\\\/schema\\\/logo\\\/image\\\/\",\"url\":\"https:\\\/\\\/graphimarket.com\\\/wp-content\\\/uploads\\\/2020\\\/08\\\/logo-48.png\",\"contentUrl\":\"https:\\\/\\\/graphimarket.com\\\/wp-content\\\/uploads\\\/2020\\\/08\\\/logo-48.png\",\"width\":132,\"height\":48,\"caption\":\"Graphimarket\"},\"image\":{\"@id\":\"https:\\\/\\\/graphimarket.com\\\/fr\\\/#\\\/schema\\\/logo\\\/image\\\/\"}}]}<\/script>\n<!-- \/ Yoast SEO plugin. -->","yoast_head_json":{"title":"Strategy ToolBox Keynote Template - Graphimarket","description":"Diese Strategie-Toolbox hilft Ihnen bei der Erstellung von Gesch\u00e4ftsstrategien, Marketing- und Gesch\u00e4ftspl\u00e4nen. Strategy Toolbox hilft zu koordinieren ...","robots":{"index":"index","follow":"follow","max-snippet":"max-snippet:-1","max-image-preview":"max-image-preview:large","max-video-preview":"max-video-preview:-1"},"canonical":"https:\/\/graphimarket.com\/de\/product\/strategy-toolbox-keynote-template\/","og_locale":"de_DE","og_type":"article","og_title":"Strategy ToolBox Keynote Template - Graphimarket","og_description":"This Strategy Toolbox is made to help you create business strategies, marketing and business plans. Strategy Toolbox helps to coordinate...","og_url":"https:\/\/graphimarket.com\/de\/product\/strategy-toolbox-keynote-template\/","og_site_name":"Graphimarket","article_modified_time":"2022-12-19T08:32:12+00:00","og_image":[{"width":1170,"height":780,"url":"https:\/\/graphimarket.com\/wp-content\/uploads\/2020\/10\/9a1513ed-fd0c-4847-b7ca-7fb5b899126b.jpg","type":"image\/jpeg"}],"twitter_card":"summary_large_image","twitter_misc":{"Est. reading time":"1 minute"},"schema":{"@context":"https:\/\/schema.org","@graph":[{"@type":"WebPage","@id":"https:\/\/graphimarket.com\/product\/strategy-toolbox-keynote-template\/","url":"https:\/\/graphimarket.com\/product\/strategy-toolbox-keynote-template\/","name":"Strategy ToolBox Keynote Template - Graphimarket","isPartOf":{"@id":"https:\/\/graphimarket.com\/fr\/#website"},"primaryImageOfPage":{"@id":"https:\/\/graphimarket.com\/product\/strategy-toolbox-keynote-template\/#primaryimage"},"image":{"@id":"https:\/\/graphimarket.com\/product\/strategy-toolbox-keynote-template\/#primaryimage"},"thumbnailUrl":"https:\/\/graphimarket.com\/wp-content\/uploads\/2020\/10\/9a1513ed-fd0c-4847-b7ca-7fb5b899126b.jpg","datePublished":"2020-10-15T13:08:16+00:00","dateModified":"2022-12-19T08:32:12+00:00","description":"Diese Strategie-Toolbox hilft Ihnen bei der Erstellung von Gesch\u00e4ftsstrategien, Marketing- und Gesch\u00e4ftspl\u00e4nen. Strategy Toolbox hilft zu koordinieren ...","breadcrumb":{"@id":"https:\/\/graphimarket.com\/product\/strategy-toolbox-keynote-template\/#breadcrumb"},"inLanguage":"de-DE","potentialAction":[{"@type":"ReadAction","target":["https:\/\/graphimarket.com\/product\/strategy-toolbox-keynote-template\/"]}]},{"@type":"ImageObject","inLanguage":"de-DE","@id":"https:\/\/graphimarket.com\/product\/strategy-toolbox-keynote-template\/#primaryimage","url":"https:\/\/graphimarket.com\/wp-content\/uploads\/2020\/10\/9a1513ed-fd0c-4847-b7ca-7fb5b899126b.jpg","contentUrl":"https:\/\/graphimarket.com\/wp-content\/uploads\/2020\/10\/9a1513ed-fd0c-4847-b7ca-7fb5b899126b.jpg","width":1170,"height":780},{"@type":"BreadcrumbList","@id":"https:\/\/graphimarket.com\/product\/strategy-toolbox-keynote-template\/#breadcrumb","itemListElement":[{"@type":"ListItem","position":1,"name":"Home","item":"https:\/\/graphimarket.com\/es\/"},{"@type":"ListItem","position":2,"name":"Store","item":"https:\/\/graphimarket.com\/store\/"},{"@type":"ListItem","position":3,"name":"Strategy ToolBox Keynote Template"}]},{"@type":"WebSite","@id":"https:\/\/graphimarket.com\/fr\/#website","url":"https:\/\/graphimarket.com\/fr\/","name":"Graphimarket","description":"Finden Sie das perfekte kreative Kapital, um Ihr Projekt zum Leben zu erwecken","publisher":{"@id":"https:\/\/graphimarket.com\/fr\/#organization"},"potentialAction":[{"@type":"SearchAction","target":{"@type":"EntryPoint","urlTemplate":"https:\/\/graphimarket.com\/fr\/?s={search_term_string}"},"query-input":{"@type":"PropertyValueSpecification","valueRequired":true,"valueName":"search_term_string"}}],"inLanguage":"de-DE"},{"@type":"Organization","@id":"https:\/\/graphimarket.com\/fr\/#organization","name":"Graphimarket","url":"https:\/\/graphimarket.com\/fr\/","logo":{"@type":"ImageObject","inLanguage":"de-DE","@id":"https:\/\/graphimarket.com\/fr\/#\/schema\/logo\/image\/","url":"https:\/\/graphimarket.com\/wp-content\/uploads\/2020\/08\/logo-48.png","contentUrl":"https:\/\/graphimarket.com\/wp-content\/uploads\/2020\/08\/logo-48.png","width":132,"height":48,"caption":"Graphimarket"},"image":{"@id":"https:\/\/graphimarket.com\/fr\/#\/schema\/logo\/image\/"}}]}},"_links":{"self":[{"href":"https:\/\/graphimarket.com\/de\/wp-json\/wp\/v2\/product\/12473","targetHints":{"allow":["GET"]}}],"collection":[{"href":"https:\/\/graphimarket.com\/de\/wp-json\/wp\/v2\/product"}],"about":[{"href":"https:\/\/graphimarket.com\/de\/wp-json\/wp\/v2\/types\/product"}],"replies":[{"embeddable":true,"href":"https:\/\/graphimarket.com\/de\/wp-json\/wp\/v2\/comments?post=12473"}],"version-history":[{"count":0,"href":"https:\/\/graphimarket.com\/de\/wp-json\/wp\/v2\/product\/12473\/revisions"}],"wp:featuredmedia":[{"embeddable":true,"href":"https:\/\/graphimarket.com\/de\/wp-json\/wp\/v2\/media\/12474"}],"wp:attachment":[{"href":"https:\/\/graphimarket.com\/de\/wp-json\/wp\/v2\/media?parent=12473"}],"wp:term":[{"taxonomy":"product_brand","embeddable":true,"href":"https:\/\/graphimarket.com\/de\/wp-json\/wp\/v2\/product_brand?post=12473"},{"taxonomy":"product_cat","embeddable":true,"href":"https:\/\/graphimarket.com\/de\/wp-json\/wp\/v2\/product_cat?post=12473"},{"taxonomy":"product_tag","embeddable":true,"href":"https:\/\/graphimarket.com\/de\/wp-json\/wp\/v2\/product_tag?post=12473"}],"curies":[{"name":"wp","href":"https:\/\/api.w.org\/{rel}","templated":true}]}}