{"id":12685,"date":"2020-10-16T10:34:28","date_gmt":"2020-10-16T08:34:28","guid":{"rendered":"https:\/\/graphimarket.com\/?post_type=product&#038;p=12685"},"modified":"2022-12-19T09:28:50","modified_gmt":"2022-12-19T08:28:50","slug":"filtergrade-light-leaks-bundle","status":"publish","type":"product","link":"https:\/\/graphimarket.com\/de\/product\/filtergrade-light-leaks-bundle\/","title":{"rendered":"FilterGrade Light Leaks Bundle"},"content":{"rendered":"<p><strong>FilterGrade Light Leaks Bundle<\/strong><\/p>\n<p><strong>Das ultimative B\u00fcndel von Photoshop-Aktionen f\u00fcr Lichtlecks!<\/strong><\/p>\n<p>Leichte Lecks sind ein gro\u00dfartiges Werkzeug f\u00fcr Fotografen. Sie k\u00f6nnen sie auf ein Bild legen, um einen schnellen und realistischen Filmlook zu erhalten. Sie k\u00f6nnen sie zu wundersch\u00f6nen Landschaften mit hellen Szenen hinzuf\u00fcgen. Sie k\u00f6nnen sie sogar in Portr\u00e4ts verwenden, um Farbe und Details hinzuzuf\u00fcgen!<\/p>\n<p>Dies ist unser gr\u00f6\u00dftes B\u00fcndel von Lichtlecks, das es je gab. Mit Ihrem Download finden Sie eine Datei, die \u00fcber 40 Photoshop-Aktionen enth\u00e4lt. Licht\u00fcberblendungen, Bl\u00f6cke, Filmfehler, Filmbr\u00e4nde, doppelte Lecks und weitere Arten von Lichtleck-Fotoeffekten sind Teil dieses Pakets.<\/p>\n<p>Eigenschaften:<\/p>\n<ul>\n<li>Eine Sammlung von 32 benutzerfreundlichen Photoshop-Aktionen f\u00fcr Lichtlecks.<\/li>\n<li>Eine zus\u00e4tzliche Sammlung von 8 benutzerdefinierten Filmeffekten.<\/li>\n<li>Dezentes und unauff\u00e4lliges Aussehen, das sich leicht anpassen l\u00e4sst.<\/li>\n<li>Farbvarianten: Rot, Orange, Gelb, Blau und Gr\u00fcn<\/li>\n<li>Hilfedateien und kostenloser Support.<\/li>\n<li>Diese leichten Lecks sind einfach zu verwenden und k\u00f6nnen mit nur einem Klick angewendet werden. Sie funktionieren f\u00fcr Ihre Foto- und Designprojekte in Adobe Photoshop CS3 und h\u00f6her. Unsere vollst\u00e4ndige Kompatibilit\u00e4tsliste finden Sie hier.<\/li>\n<\/ul>\n<p><img fetchpriority=\"high\" decoding=\"async\" class=\"aligncenter wp-image-12686 size-full\" src=\"https:\/\/graphimarket.com\/wp-content\/uploads\/2020\/10\/0eb374a5-edcd-49b6-8224-bcc59b41d974.jpg\" alt=\"\" width=\"900\" height=\"599\" srcset=\"https:\/\/graphimarket.com\/wp-content\/uploads\/2020\/10\/0eb374a5-edcd-49b6-8224-bcc59b41d974.jpg 900w, https:\/\/graphimarket.com\/wp-content\/uploads\/2020\/10\/0eb374a5-edcd-49b6-8224-bcc59b41d974-300x200.jpg 300w, https:\/\/graphimarket.com\/wp-content\/uploads\/2020\/10\/0eb374a5-edcd-49b6-8224-bcc59b41d974-768x511.jpg 768w, https:\/\/graphimarket.com\/wp-content\/uploads\/2020\/10\/0eb374a5-edcd-49b6-8224-bcc59b41d974-16x12.jpg 16w, https:\/\/graphimarket.com\/wp-content\/uploads\/2020\/10\/0eb374a5-edcd-49b6-8224-bcc59b41d974-600x399.jpg 600w\" sizes=\"(max-width: 900px) 100vw, 900px\" \/> <img decoding=\"async\" class=\"aligncenter wp-image-12687 size-full\" src=\"https:\/\/graphimarket.com\/wp-content\/uploads\/2020\/10\/5bd3e383-7d1b-41f7-aee1-ae284cb6341e.jpg\" alt=\"\" width=\"900\" height=\"599\" srcset=\"https:\/\/graphimarket.com\/wp-content\/uploads\/2020\/10\/5bd3e383-7d1b-41f7-aee1-ae284cb6341e.jpg 900w, https:\/\/graphimarket.com\/wp-content\/uploads\/2020\/10\/5bd3e383-7d1b-41f7-aee1-ae284cb6341e-300x200.jpg 300w, https:\/\/graphimarket.com\/wp-content\/uploads\/2020\/10\/5bd3e383-7d1b-41f7-aee1-ae284cb6341e-768x511.jpg 768w, https:\/\/graphimarket.com\/wp-content\/uploads\/2020\/10\/5bd3e383-7d1b-41f7-aee1-ae284cb6341e-16x12.jpg 16w, https:\/\/graphimarket.com\/wp-content\/uploads\/2020\/10\/5bd3e383-7d1b-41f7-aee1-ae284cb6341e-600x399.jpg 600w\" sizes=\"(max-width: 900px) 100vw, 900px\" \/> <img decoding=\"async\" class=\"aligncenter wp-image-12688 size-full\" src=\"https:\/\/graphimarket.com\/wp-content\/uploads\/2020\/10\/9fc7ebf4-af55-4b33-b9c8-3dddc2f966a7.jpg\" alt=\"\" width=\"900\" height=\"599\" srcset=\"https:\/\/graphimarket.com\/wp-content\/uploads\/2020\/10\/9fc7ebf4-af55-4b33-b9c8-3dddc2f966a7.jpg 900w, https:\/\/graphimarket.com\/wp-content\/uploads\/2020\/10\/9fc7ebf4-af55-4b33-b9c8-3dddc2f966a7-300x200.jpg 300w, https:\/\/graphimarket.com\/wp-content\/uploads\/2020\/10\/9fc7ebf4-af55-4b33-b9c8-3dddc2f966a7-768x511.jpg 768w, https:\/\/graphimarket.com\/wp-content\/uploads\/2020\/10\/9fc7ebf4-af55-4b33-b9c8-3dddc2f966a7-16x12.jpg 16w, https:\/\/graphimarket.com\/wp-content\/uploads\/2020\/10\/9fc7ebf4-af55-4b33-b9c8-3dddc2f966a7-600x399.jpg 600w\" sizes=\"(max-width: 900px) 100vw, 900px\" \/> <img loading=\"lazy\" decoding=\"async\" class=\"aligncenter wp-image-12689 size-full\" src=\"https:\/\/graphimarket.com\/wp-content\/uploads\/2020\/10\/35a1cbcf-4893-4cf2-8314-a2b7a4c64c31.jpg\" alt=\"\" width=\"900\" height=\"599\" srcset=\"https:\/\/graphimarket.com\/wp-content\/uploads\/2020\/10\/35a1cbcf-4893-4cf2-8314-a2b7a4c64c31.jpg 900w, https:\/\/graphimarket.com\/wp-content\/uploads\/2020\/10\/35a1cbcf-4893-4cf2-8314-a2b7a4c64c31-300x200.jpg 300w, https:\/\/graphimarket.com\/wp-content\/uploads\/2020\/10\/35a1cbcf-4893-4cf2-8314-a2b7a4c64c31-768x511.jpg 768w, https:\/\/graphimarket.com\/wp-content\/uploads\/2020\/10\/35a1cbcf-4893-4cf2-8314-a2b7a4c64c31-16x12.jpg 16w, https:\/\/graphimarket.com\/wp-content\/uploads\/2020\/10\/35a1cbcf-4893-4cf2-8314-a2b7a4c64c31-600x399.jpg 600w\" sizes=\"(max-width: 900px) 100vw, 900px\" \/> <img loading=\"lazy\" decoding=\"async\" class=\"aligncenter wp-image-12690 size-full\" src=\"https:\/\/graphimarket.com\/wp-content\/uploads\/2020\/10\/40db915c-a347-4191-b8bc-32c0540d9b42.jpg\" alt=\"\" width=\"866\" height=\"577\" srcset=\"https:\/\/graphimarket.com\/wp-content\/uploads\/2020\/10\/40db915c-a347-4191-b8bc-32c0540d9b42.jpg 866w, https:\/\/graphimarket.com\/wp-content\/uploads\/2020\/10\/40db915c-a347-4191-b8bc-32c0540d9b42-300x200.jpg 300w, https:\/\/graphimarket.com\/wp-content\/uploads\/2020\/10\/40db915c-a347-4191-b8bc-32c0540d9b42-768x512.jpg 768w, https:\/\/graphimarket.com\/wp-content\/uploads\/2020\/10\/40db915c-a347-4191-b8bc-32c0540d9b42-16x12.jpg 16w, https:\/\/graphimarket.com\/wp-content\/uploads\/2020\/10\/40db915c-a347-4191-b8bc-32c0540d9b42-600x400.jpg 600w\" sizes=\"(max-width: 866px) 100vw, 866px\" \/> <img loading=\"lazy\" decoding=\"async\" class=\"aligncenter wp-image-12691 size-full\" src=\"https:\/\/graphimarket.com\/wp-content\/uploads\/2020\/10\/60e7af1a-32d6-4f8b-b213-0351c75cb71d.jpg\" alt=\"\" width=\"900\" height=\"599\" srcset=\"https:\/\/graphimarket.com\/wp-content\/uploads\/2020\/10\/60e7af1a-32d6-4f8b-b213-0351c75cb71d.jpg 900w, https:\/\/graphimarket.com\/wp-content\/uploads\/2020\/10\/60e7af1a-32d6-4f8b-b213-0351c75cb71d-300x200.jpg 300w, https:\/\/graphimarket.com\/wp-content\/uploads\/2020\/10\/60e7af1a-32d6-4f8b-b213-0351c75cb71d-768x511.jpg 768w, https:\/\/graphimarket.com\/wp-content\/uploads\/2020\/10\/60e7af1a-32d6-4f8b-b213-0351c75cb71d-16x12.jpg 16w, https:\/\/graphimarket.com\/wp-content\/uploads\/2020\/10\/60e7af1a-32d6-4f8b-b213-0351c75cb71d-600x399.jpg 600w\" sizes=\"(max-width: 900px) 100vw, 900px\" \/> <img loading=\"lazy\" decoding=\"async\" class=\"aligncenter wp-image-12692 size-full\" src=\"https:\/\/graphimarket.com\/wp-content\/uploads\/2020\/10\/d106ccb0-526e-4449-a8bd-0ec642122210.jpg\" alt=\"\" width=\"900\" height=\"599\" srcset=\"https:\/\/graphimarket.com\/wp-content\/uploads\/2020\/10\/d106ccb0-526e-4449-a8bd-0ec642122210.jpg 900w, https:\/\/graphimarket.com\/wp-content\/uploads\/2020\/10\/d106ccb0-526e-4449-a8bd-0ec642122210-300x200.jpg 300w, https:\/\/graphimarket.com\/wp-content\/uploads\/2020\/10\/d106ccb0-526e-4449-a8bd-0ec642122210-768x511.jpg 768w, https:\/\/graphimarket.com\/wp-content\/uploads\/2020\/10\/d106ccb0-526e-4449-a8bd-0ec642122210-16x12.jpg 16w, https:\/\/graphimarket.com\/wp-content\/uploads\/2020\/10\/d106ccb0-526e-4449-a8bd-0ec642122210-600x399.jpg 600w\" sizes=\"(max-width: 900px) 100vw, 900px\" \/> <img loading=\"lazy\" decoding=\"async\" class=\"aligncenter wp-image-12693 size-full\" src=\"https:\/\/graphimarket.com\/wp-content\/uploads\/2020\/10\/08cbbe02-8d14-469e-999f-4ec28c16222f.jpg\" alt=\"\" width=\"900\" height=\"599\" srcset=\"https:\/\/graphimarket.com\/wp-content\/uploads\/2020\/10\/08cbbe02-8d14-469e-999f-4ec28c16222f.jpg 900w, https:\/\/graphimarket.com\/wp-content\/uploads\/2020\/10\/08cbbe02-8d14-469e-999f-4ec28c16222f-300x200.jpg 300w, https:\/\/graphimarket.com\/wp-content\/uploads\/2020\/10\/08cbbe02-8d14-469e-999f-4ec28c16222f-768x511.jpg 768w, https:\/\/graphimarket.com\/wp-content\/uploads\/2020\/10\/08cbbe02-8d14-469e-999f-4ec28c16222f-16x12.jpg 16w, https:\/\/graphimarket.com\/wp-content\/uploads\/2020\/10\/08cbbe02-8d14-469e-999f-4ec28c16222f-600x399.jpg 600w\" sizes=\"(max-width: 900px) 100vw, 900px\" \/><\/p>","protected":false},"excerpt":{"rendered":"<p>FilterGrade Light Leaks Bundle The Ultimate Bundle of Light Leak Photoshop Actions! Light leaks are a great tool to have as a photographer. You can overlay them on an image to get a quick and realistic film look. You can add them to beautiful landscapes with bright scenes. You can even use them in portraits [&hellip;]<\/p>\n","protected":false},"featured_media":12690,"comment_status":"open","ping_status":"closed","template":"","meta":{"site-sidebar-layout":"default","site-content-layout":"default","ast-site-content-layout":"default","site-content-style":"default","site-sidebar-style":"default","ast-global-header-display":"","ast-banner-title-visibility":"","ast-main-header-display":"","ast-hfb-above-header-display":"","ast-hfb-below-header-display":"","ast-hfb-mobile-header-display":"","site-post-title":"","ast-breadcrumbs-content":"","ast-featured-img":"","footer-sml-layout":"","ast-disable-related-posts":"","theme-transparent-header-meta":"default","adv-header-id-meta":"","stick-header-meta":"","header-above-stick-meta":"","header-main-stick-meta":"","header-below-stick-meta":"","astra-migrate-meta-layouts":"default","ast-page-background-enabled":"default","ast-page-background-meta":{"desktop":{"background-color":"","background-image":"","background-repeat":"repeat","background-position":"center center","background-size":"auto","background-attachment":"scroll","background-type":"","background-media":"","overlay-type":"","overlay-color":"","overlay-opacity":"","overlay-gradient":""},"tablet":{"background-color":"","background-image":"","background-repeat":"repeat","background-position":"center center","background-size":"auto","background-attachment":"scroll","background-type":"","background-media":"","overlay-type":"","overlay-color":"","overlay-opacity":"","overlay-gradient":""},"mobile":{"background-color":"","background-image":"","background-repeat":"repeat","background-position":"center center","background-size":"auto","background-attachment":"scroll","background-type":"","background-media":"","overlay-type":"","overlay-color":"","overlay-opacity":"","overlay-gradient":""}},"ast-content-background-meta":{"desktop":{"background-color":"var(--ast-global-color-5)","background-image":"","background-repeat":"repeat","background-position":"center center","background-size":"auto","background-attachment":"scroll","background-type":"","background-media":"","overlay-type":"","overlay-color":"","overlay-opacity":"","overlay-gradient":""},"tablet":{"background-color":"var(--ast-global-color-5)","background-image":"","background-repeat":"repeat","background-position":"center center","background-size":"auto","background-attachment":"scroll","background-type":"","background-media":"","overlay-type":"","overlay-color":"","overlay-opacity":"","overlay-gradient":""},"mobile":{"background-color":"var(--ast-global-color-5)","background-image":"","background-repeat":"repeat","background-position":"center center","background-size":"auto","background-attachment":"scroll","background-type":"","background-media":"","overlay-type":"","overlay-color":"","overlay-opacity":"","overlay-gradient":""}}},"product_brand":[],"product_cat":[1609,15],"product_tag":[661,634,346,274,320,1710,339,525,523,283,355,524,277,1709,276],"class_list":{"0":"post-12685","1":"product","2":"type-product","3":"status-publish","4":"has-post-thumbnail","6":"product_cat-bundle","7":"product_cat-photo","8":"product_tag-analog","9":"product_tag-burn","10":"product_tag-color","11":"product_tag-effect","12":"product_tag-film","13":"product_tag-filmburn","14":"product_tag-filter","15":"product_tag-flare","16":"product_tag-leak","17":"product_tag-light","18":"product_tag-lomo","19":"product_tag-overlay","20":"product_tag-retro","21":"product_tag-solar","22":"product_tag-vintage","23":"desktop-align-left","24":"tablet-align-left","25":"mobile-align-left","27":"first","28":"instock","29":"sale","30":"downloadable","31":"virtual","32":"taxable","33":"purchasable","34":"product-type-simple"},"yoast_head":"<!-- This site is optimized with the Yoast SEO plugin v27.3 - https:\/\/yoast.com\/product\/yoast-seo-wordpress\/ -->\n<title>FilterGrade Light Leaks Bundle - Graphimarket<\/title>\n<meta name=\"description\" content=\"FilterGrade Light Leaks Bundle The Ultimate Bundle of Light Leak Photoshop Actions!Light leaks are a great tool to have as a photographer...\" \/>\n<meta name=\"robots\" content=\"index, follow, max-snippet:-1, max-image-preview:large, max-video-preview:-1\" \/>\n<link rel=\"canonical\" href=\"https:\/\/graphimarket.com\/de\/product\/filtergrade-light-leaks-bundle\/\" \/>\n<meta property=\"og:locale\" content=\"de_DE\" \/>\n<meta property=\"og:type\" content=\"article\" \/>\n<meta property=\"og:title\" content=\"FilterGrade Light Leaks Bundle - Graphimarket\" \/>\n<meta property=\"og:description\" content=\"FilterGrade Light Leaks Bundle The Ultimate Bundle of Light Leak Photoshop Actions!Light leaks are a great tool to have as a photographer...\" \/>\n<meta property=\"og:url\" content=\"https:\/\/graphimarket.com\/de\/product\/filtergrade-light-leaks-bundle\/\" \/>\n<meta property=\"og:site_name\" content=\"Graphimarket\" \/>\n<meta property=\"article:modified_time\" content=\"2022-12-19T08:28:50+00:00\" \/>\n<meta property=\"og:image\" content=\"https:\/\/graphimarket.com\/wp-content\/uploads\/2020\/10\/40db915c-a347-4191-b8bc-32c0540d9b42.jpg\" \/>\n\t<meta property=\"og:image:width\" content=\"866\" \/>\n\t<meta property=\"og:image:height\" content=\"577\" \/>\n\t<meta property=\"og:image:type\" content=\"image\/jpeg\" \/>\n<meta name=\"twitter:card\" content=\"summary_large_image\" \/>\n<meta name=\"twitter:label1\" content=\"Est. reading time\" \/>\n\t<meta name=\"twitter:data1\" content=\"1 minute\" \/>\n<script type=\"application\/ld+json\" class=\"yoast-schema-graph\">{\"@context\":\"https:\\\/\\\/schema.org\",\"@graph\":[{\"@type\":\"WebPage\",\"@id\":\"https:\\\/\\\/graphimarket.com\\\/es\\\/product\\\/filtergrade-light-leaks-bundle\\\/\",\"url\":\"https:\\\/\\\/graphimarket.com\\\/es\\\/product\\\/filtergrade-light-leaks-bundle\\\/\",\"name\":\"FilterGrade Light Leaks Bundle - Graphimarket\",\"isPartOf\":{\"@id\":\"https:\\\/\\\/graphimarket.com\\\/fr\\\/#website\"},\"primaryImageOfPage\":{\"@id\":\"https:\\\/\\\/graphimarket.com\\\/es\\\/product\\\/filtergrade-light-leaks-bundle\\\/#primaryimage\"},\"image\":{\"@id\":\"https:\\\/\\\/graphimarket.com\\\/es\\\/product\\\/filtergrade-light-leaks-bundle\\\/#primaryimage\"},\"thumbnailUrl\":\"https:\\\/\\\/graphimarket.com\\\/wp-content\\\/uploads\\\/2020\\\/10\\\/40db915c-a347-4191-b8bc-32c0540d9b42.jpg\",\"datePublished\":\"2020-10-16T08:34:28+00:00\",\"dateModified\":\"2022-12-19T08:28:50+00:00\",\"description\":\"FilterGrade Light Leaks Bundle The Ultimate Bundle of Light Leak Photoshop Actions!Light leaks are a great tool to have as a photographer...\",\"breadcrumb\":{\"@id\":\"https:\\\/\\\/graphimarket.com\\\/es\\\/product\\\/filtergrade-light-leaks-bundle\\\/#breadcrumb\"},\"inLanguage\":\"de-DE\",\"potentialAction\":[{\"@type\":\"ReadAction\",\"target\":[\"https:\\\/\\\/graphimarket.com\\\/es\\\/product\\\/filtergrade-light-leaks-bundle\\\/\"]}]},{\"@type\":\"ImageObject\",\"inLanguage\":\"de-DE\",\"@id\":\"https:\\\/\\\/graphimarket.com\\\/es\\\/product\\\/filtergrade-light-leaks-bundle\\\/#primaryimage\",\"url\":\"https:\\\/\\\/graphimarket.com\\\/wp-content\\\/uploads\\\/2020\\\/10\\\/40db915c-a347-4191-b8bc-32c0540d9b42.jpg\",\"contentUrl\":\"https:\\\/\\\/graphimarket.com\\\/wp-content\\\/uploads\\\/2020\\\/10\\\/40db915c-a347-4191-b8bc-32c0540d9b42.jpg\",\"width\":866,\"height\":577},{\"@type\":\"BreadcrumbList\",\"@id\":\"https:\\\/\\\/graphimarket.com\\\/es\\\/product\\\/filtergrade-light-leaks-bundle\\\/#breadcrumb\",\"itemListElement\":[{\"@type\":\"ListItem\",\"position\":1,\"name\":\"Home\",\"item\":\"https:\\\/\\\/graphimarket.com\\\/es\\\/\"},{\"@type\":\"ListItem\",\"position\":2,\"name\":\"Store\",\"item\":\"https:\\\/\\\/graphimarket.com\\\/store\\\/\"},{\"@type\":\"ListItem\",\"position\":3,\"name\":\"FilterGrade Light Leaks Bundle\"}]},{\"@type\":\"WebSite\",\"@id\":\"https:\\\/\\\/graphimarket.com\\\/fr\\\/#website\",\"url\":\"https:\\\/\\\/graphimarket.com\\\/fr\\\/\",\"name\":\"Graphimarket\",\"description\":\"Find the perfect creative asset to bring your project to life\",\"publisher\":{\"@id\":\"https:\\\/\\\/graphimarket.com\\\/fr\\\/#organization\"},\"potentialAction\":[{\"@type\":\"SearchAction\",\"target\":{\"@type\":\"EntryPoint\",\"urlTemplate\":\"https:\\\/\\\/graphimarket.com\\\/fr\\\/?s={search_term_string}\"},\"query-input\":{\"@type\":\"PropertyValueSpecification\",\"valueRequired\":true,\"valueName\":\"search_term_string\"}}],\"inLanguage\":\"de-DE\"},{\"@type\":\"Organization\",\"@id\":\"https:\\\/\\\/graphimarket.com\\\/fr\\\/#organization\",\"name\":\"Graphimarket\",\"url\":\"https:\\\/\\\/graphimarket.com\\\/fr\\\/\",\"logo\":{\"@type\":\"ImageObject\",\"inLanguage\":\"de-DE\",\"@id\":\"https:\\\/\\\/graphimarket.com\\\/fr\\\/#\\\/schema\\\/logo\\\/image\\\/\",\"url\":\"https:\\\/\\\/graphimarket.com\\\/wp-content\\\/uploads\\\/2020\\\/08\\\/logo-48.png\",\"contentUrl\":\"https:\\\/\\\/graphimarket.com\\\/wp-content\\\/uploads\\\/2020\\\/08\\\/logo-48.png\",\"width\":132,\"height\":48,\"caption\":\"Graphimarket\"},\"image\":{\"@id\":\"https:\\\/\\\/graphimarket.com\\\/fr\\\/#\\\/schema\\\/logo\\\/image\\\/\"}}]}<\/script>\n<!-- \/ Yoast SEO plugin. -->","yoast_head_json":{"title":"FilterGrade Light Leaks Bundle - Graphimarket","description":"FilterGrade Light Leaks Bundle Das ultimative Bundle mit Photoshop-Aktionen f\u00fcr Lichtlecks! Lichtlecks sind ein gro\u00dfartiges Werkzeug f\u00fcr Fotografen ...","robots":{"index":"index","follow":"follow","max-snippet":"max-snippet:-1","max-image-preview":"max-image-preview:large","max-video-preview":"max-video-preview:-1"},"canonical":"https:\/\/graphimarket.com\/de\/product\/filtergrade-light-leaks-bundle\/","og_locale":"de_DE","og_type":"article","og_title":"FilterGrade Light Leaks Bundle - Graphimarket","og_description":"FilterGrade Light Leaks Bundle The Ultimate Bundle of Light Leak Photoshop Actions!Light leaks are a great tool to have as a photographer...","og_url":"https:\/\/graphimarket.com\/de\/product\/filtergrade-light-leaks-bundle\/","og_site_name":"Graphimarket","article_modified_time":"2022-12-19T08:28:50+00:00","og_image":[{"width":866,"height":577,"url":"https:\/\/graphimarket.com\/wp-content\/uploads\/2020\/10\/40db915c-a347-4191-b8bc-32c0540d9b42.jpg","type":"image\/jpeg"}],"twitter_card":"summary_large_image","twitter_misc":{"Est. reading time":"1 minute"},"schema":{"@context":"https:\/\/schema.org","@graph":[{"@type":"WebPage","@id":"https:\/\/graphimarket.com\/es\/product\/filtergrade-light-leaks-bundle\/","url":"https:\/\/graphimarket.com\/es\/product\/filtergrade-light-leaks-bundle\/","name":"FilterGrade Light Leaks Bundle - Graphimarket","isPartOf":{"@id":"https:\/\/graphimarket.com\/fr\/#website"},"primaryImageOfPage":{"@id":"https:\/\/graphimarket.com\/es\/product\/filtergrade-light-leaks-bundle\/#primaryimage"},"image":{"@id":"https:\/\/graphimarket.com\/es\/product\/filtergrade-light-leaks-bundle\/#primaryimage"},"thumbnailUrl":"https:\/\/graphimarket.com\/wp-content\/uploads\/2020\/10\/40db915c-a347-4191-b8bc-32c0540d9b42.jpg","datePublished":"2020-10-16T08:34:28+00:00","dateModified":"2022-12-19T08:28:50+00:00","description":"FilterGrade Light Leaks Bundle Das ultimative Bundle mit Photoshop-Aktionen f\u00fcr Lichtlecks! Lichtlecks sind ein gro\u00dfartiges Werkzeug f\u00fcr Fotografen ...","breadcrumb":{"@id":"https:\/\/graphimarket.com\/es\/product\/filtergrade-light-leaks-bundle\/#breadcrumb"},"inLanguage":"de-DE","potentialAction":[{"@type":"ReadAction","target":["https:\/\/graphimarket.com\/es\/product\/filtergrade-light-leaks-bundle\/"]}]},{"@type":"ImageObject","inLanguage":"de-DE","@id":"https:\/\/graphimarket.com\/es\/product\/filtergrade-light-leaks-bundle\/#primaryimage","url":"https:\/\/graphimarket.com\/wp-content\/uploads\/2020\/10\/40db915c-a347-4191-b8bc-32c0540d9b42.jpg","contentUrl":"https:\/\/graphimarket.com\/wp-content\/uploads\/2020\/10\/40db915c-a347-4191-b8bc-32c0540d9b42.jpg","width":866,"height":577},{"@type":"BreadcrumbList","@id":"https:\/\/graphimarket.com\/es\/product\/filtergrade-light-leaks-bundle\/#breadcrumb","itemListElement":[{"@type":"ListItem","position":1,"name":"Home","item":"https:\/\/graphimarket.com\/es\/"},{"@type":"ListItem","position":2,"name":"Store","item":"https:\/\/graphimarket.com\/store\/"},{"@type":"ListItem","position":3,"name":"FilterGrade Light Leaks Bundle"}]},{"@type":"WebSite","@id":"https:\/\/graphimarket.com\/fr\/#website","url":"https:\/\/graphimarket.com\/fr\/","name":"Graphimarket","description":"Finden Sie das perfekte kreative Kapital, um Ihr Projekt zum Leben zu erwecken","publisher":{"@id":"https:\/\/graphimarket.com\/fr\/#organization"},"potentialAction":[{"@type":"SearchAction","target":{"@type":"EntryPoint","urlTemplate":"https:\/\/graphimarket.com\/fr\/?s={search_term_string}"},"query-input":{"@type":"PropertyValueSpecification","valueRequired":true,"valueName":"search_term_string"}}],"inLanguage":"de-DE"},{"@type":"Organization","@id":"https:\/\/graphimarket.com\/fr\/#organization","name":"Graphimarket","url":"https:\/\/graphimarket.com\/fr\/","logo":{"@type":"ImageObject","inLanguage":"de-DE","@id":"https:\/\/graphimarket.com\/fr\/#\/schema\/logo\/image\/","url":"https:\/\/graphimarket.com\/wp-content\/uploads\/2020\/08\/logo-48.png","contentUrl":"https:\/\/graphimarket.com\/wp-content\/uploads\/2020\/08\/logo-48.png","width":132,"height":48,"caption":"Graphimarket"},"image":{"@id":"https:\/\/graphimarket.com\/fr\/#\/schema\/logo\/image\/"}}]}},"_links":{"self":[{"href":"https:\/\/graphimarket.com\/de\/wp-json\/wp\/v2\/product\/12685","targetHints":{"allow":["GET"]}}],"collection":[{"href":"https:\/\/graphimarket.com\/de\/wp-json\/wp\/v2\/product"}],"about":[{"href":"https:\/\/graphimarket.com\/de\/wp-json\/wp\/v2\/types\/product"}],"replies":[{"embeddable":true,"href":"https:\/\/graphimarket.com\/de\/wp-json\/wp\/v2\/comments?post=12685"}],"version-history":[{"count":0,"href":"https:\/\/graphimarket.com\/de\/wp-json\/wp\/v2\/product\/12685\/revisions"}],"wp:featuredmedia":[{"embeddable":true,"href":"https:\/\/graphimarket.com\/de\/wp-json\/wp\/v2\/media\/12690"}],"wp:attachment":[{"href":"https:\/\/graphimarket.com\/de\/wp-json\/wp\/v2\/media?parent=12685"}],"wp:term":[{"taxonomy":"product_brand","embeddable":true,"href":"https:\/\/graphimarket.com\/de\/wp-json\/wp\/v2\/product_brand?post=12685"},{"taxonomy":"product_cat","embeddable":true,"href":"https:\/\/graphimarket.com\/de\/wp-json\/wp\/v2\/product_cat?post=12685"},{"taxonomy":"product_tag","embeddable":true,"href":"https:\/\/graphimarket.com\/de\/wp-json\/wp\/v2\/product_tag?post=12685"}],"curies":[{"name":"wp","href":"https:\/\/api.w.org\/{rel}","templated":true}]}}