{"id":12719,"date":"2020-10-16T11:30:22","date_gmt":"2020-10-16T09:30:22","guid":{"rendered":"https:\/\/graphimarket.com\/?post_type=product&#038;p=12719"},"modified":"2022-12-19T09:28:17","modified_gmt":"2022-12-19T08:28:17","slug":"brownie-coffee-blogger-preset","status":"publish","type":"product","link":"https:\/\/graphimarket.com\/de\/product\/brownie-coffee-blogger-preset\/","title":{"rendered":"Brownie Coffee Blogger Preset"},"content":{"rendered":"<div class=\"_2Masz2rr\">\n<p>Brownie Coffee Blogger Preset<\/p>\n<p><strong>Enth\u00e4lt 3 Brownie Coffee Blogger-Voreinstellungen<\/strong><\/p>\n<p>Heller Kontrast, launisch &amp; ruhig<\/p>\n<p>Dateityp: XMP-Unterst\u00fctzung f\u00fcr Adobe CC PC &amp; Mobile<\/p>\n<p><strong>Warum ist das Bundle gut f\u00fcr dich?<\/strong><\/p>\n<p>Meine Lightroom-Voreinstellungen wurden speziell entwickelt, um auf einfache Weise einzigartige T\u00f6ne und Stile zu erstellen, die Sie sich w\u00fcnschen. Mit einem Klick auf eine Schaltfl\u00e4che k\u00f6nnen Sie ein stilisiertes Bild erstellen, das eine emotionale Reaktion der Zuschauer hervorruft und potenzielle Kunden anzieht! Verwandeln Sie Ihre Fotos in Kunstwerke!<\/p>\n<\/div>\n<div class=\"_3KAa4-GZ frEFeDSS\"><\/div>\n<div><img fetchpriority=\"high\" decoding=\"async\" class=\"aligncenter wp-image-12720 size-full\" src=\"https:\/\/graphimarket.com\/wp-content\/uploads\/2020\/10\/cce8324b-f945-46d0-ad5c-3ea456129d24.jpg\" alt=\"\" width=\"866\" height=\"577\" srcset=\"https:\/\/graphimarket.com\/wp-content\/uploads\/2020\/10\/cce8324b-f945-46d0-ad5c-3ea456129d24.jpg 866w, https:\/\/graphimarket.com\/wp-content\/uploads\/2020\/10\/cce8324b-f945-46d0-ad5c-3ea456129d24-300x200.jpg 300w, https:\/\/graphimarket.com\/wp-content\/uploads\/2020\/10\/cce8324b-f945-46d0-ad5c-3ea456129d24-768x512.jpg 768w, https:\/\/graphimarket.com\/wp-content\/uploads\/2020\/10\/cce8324b-f945-46d0-ad5c-3ea456129d24-16x12.jpg 16w, https:\/\/graphimarket.com\/wp-content\/uploads\/2020\/10\/cce8324b-f945-46d0-ad5c-3ea456129d24-600x400.jpg 600w\" sizes=\"(max-width: 866px) 100vw, 866px\" \/> <img decoding=\"async\" class=\"aligncenter wp-image-12721 size-full\" src=\"https:\/\/graphimarket.com\/wp-content\/uploads\/2020\/10\/f59eb8aa-1151-4ab9-848d-7daf2498cff2.jpg\" alt=\"\" width=\"900\" height=\"600\" srcset=\"https:\/\/graphimarket.com\/wp-content\/uploads\/2020\/10\/f59eb8aa-1151-4ab9-848d-7daf2498cff2.jpg 900w, https:\/\/graphimarket.com\/wp-content\/uploads\/2020\/10\/f59eb8aa-1151-4ab9-848d-7daf2498cff2-300x200.jpg 300w, https:\/\/graphimarket.com\/wp-content\/uploads\/2020\/10\/f59eb8aa-1151-4ab9-848d-7daf2498cff2-768x512.jpg 768w, https:\/\/graphimarket.com\/wp-content\/uploads\/2020\/10\/f59eb8aa-1151-4ab9-848d-7daf2498cff2-16x12.jpg 16w, https:\/\/graphimarket.com\/wp-content\/uploads\/2020\/10\/f59eb8aa-1151-4ab9-848d-7daf2498cff2-600x400.jpg 600w\" sizes=\"(max-width: 900px) 100vw, 900px\" \/> <img decoding=\"async\" class=\"aligncenter wp-image-12722 size-full\" src=\"https:\/\/graphimarket.com\/wp-content\/uploads\/2020\/10\/369c5fc8-0045-405e-8870-d4b40757f751.jpg\" alt=\"\" width=\"900\" height=\"600\" srcset=\"https:\/\/graphimarket.com\/wp-content\/uploads\/2020\/10\/369c5fc8-0045-405e-8870-d4b40757f751.jpg 900w, https:\/\/graphimarket.com\/wp-content\/uploads\/2020\/10\/369c5fc8-0045-405e-8870-d4b40757f751-300x200.jpg 300w, https:\/\/graphimarket.com\/wp-content\/uploads\/2020\/10\/369c5fc8-0045-405e-8870-d4b40757f751-768x512.jpg 768w, https:\/\/graphimarket.com\/wp-content\/uploads\/2020\/10\/369c5fc8-0045-405e-8870-d4b40757f751-16x12.jpg 16w, https:\/\/graphimarket.com\/wp-content\/uploads\/2020\/10\/369c5fc8-0045-405e-8870-d4b40757f751-600x400.jpg 600w\" sizes=\"(max-width: 900px) 100vw, 900px\" \/> <img loading=\"lazy\" decoding=\"async\" class=\"aligncenter wp-image-12723 size-full\" src=\"https:\/\/graphimarket.com\/wp-content\/uploads\/2020\/10\/b1cb56d5-32d2-4a5c-9e65-fb52cb7670ff.jpg\" alt=\"\" width=\"900\" height=\"600\" srcset=\"https:\/\/graphimarket.com\/wp-content\/uploads\/2020\/10\/b1cb56d5-32d2-4a5c-9e65-fb52cb7670ff.jpg 900w, https:\/\/graphimarket.com\/wp-content\/uploads\/2020\/10\/b1cb56d5-32d2-4a5c-9e65-fb52cb7670ff-300x200.jpg 300w, https:\/\/graphimarket.com\/wp-content\/uploads\/2020\/10\/b1cb56d5-32d2-4a5c-9e65-fb52cb7670ff-768x512.jpg 768w, https:\/\/graphimarket.com\/wp-content\/uploads\/2020\/10\/b1cb56d5-32d2-4a5c-9e65-fb52cb7670ff-16x12.jpg 16w, https:\/\/graphimarket.com\/wp-content\/uploads\/2020\/10\/b1cb56d5-32d2-4a5c-9e65-fb52cb7670ff-600x400.jpg 600w\" sizes=\"(max-width: 900px) 100vw, 900px\" \/><\/div>","protected":false},"excerpt":{"rendered":"<p>Brownie Coffee Blogger Preset Contains 3 Brownie Coffee Blogger Preset Bright Contrast, Moody &amp; Calm File Type : XMP Support for Adobe CC PC &amp; Mobile Why is that Bundle Good for you? My Lightroom Presets are specifically designed to create easily unique tones and styles you desire. With the click of a button, you [&hellip;]<\/p>\n","protected":false},"featured_media":12720,"comment_status":"open","ping_status":"closed","template":"","meta":{"site-sidebar-layout":"default","site-content-layout":"default","ast-site-content-layout":"default","site-content-style":"default","site-sidebar-style":"default","ast-global-header-display":"","ast-banner-title-visibility":"","ast-main-header-display":"","ast-hfb-above-header-display":"","ast-hfb-below-header-display":"","ast-hfb-mobile-header-display":"","site-post-title":"","ast-breadcrumbs-content":"","ast-featured-img":"","footer-sml-layout":"","ast-disable-related-posts":"","theme-transparent-header-meta":"default","adv-header-id-meta":"","stick-header-meta":"","header-above-stick-meta":"","header-main-stick-meta":"","header-below-stick-meta":"","astra-migrate-meta-layouts":"default","ast-page-background-enabled":"default","ast-page-background-meta":{"desktop":{"background-color":"","background-image":"","background-repeat":"repeat","background-position":"center center","background-size":"auto","background-attachment":"scroll","background-type":"","background-media":"","overlay-type":"","overlay-color":"","overlay-opacity":"","overlay-gradient":""},"tablet":{"background-color":"","background-image":"","background-repeat":"repeat","background-position":"center center","background-size":"auto","background-attachment":"scroll","background-type":"","background-media":"","overlay-type":"","overlay-color":"","overlay-opacity":"","overlay-gradient":""},"mobile":{"background-color":"","background-image":"","background-repeat":"repeat","background-position":"center center","background-size":"auto","background-attachment":"scroll","background-type":"","background-media":"","overlay-type":"","overlay-color":"","overlay-opacity":"","overlay-gradient":""}},"ast-content-background-meta":{"desktop":{"background-color":"var(--ast-global-color-5)","background-image":"","background-repeat":"repeat","background-position":"center center","background-size":"auto","background-attachment":"scroll","background-type":"","background-media":"","overlay-type":"","overlay-color":"","overlay-opacity":"","overlay-gradient":""},"tablet":{"background-color":"var(--ast-global-color-5)","background-image":"","background-repeat":"repeat","background-position":"center center","background-size":"auto","background-attachment":"scroll","background-type":"","background-media":"","overlay-type":"","overlay-color":"","overlay-opacity":"","overlay-gradient":""},"mobile":{"background-color":"var(--ast-global-color-5)","background-image":"","background-repeat":"repeat","background-position":"center center","background-size":"auto","background-attachment":"scroll","background-type":"","background-media":"","overlay-type":"","overlay-color":"","overlay-opacity":"","overlay-gradient":""}}},"product_brand":[],"product_cat":[106,153],"product_tag":[292,423,370,846,274,339,372,335,1349,1387,1370,1188,62,412,227],"class_list":{"0":"post-12719","1":"product","2":"type-product","3":"status-publish","4":"has-post-thumbnail","6":"product_cat-bundles","7":"product_cat-presentation-templates","8":"product_tag-action","9":"product_tag-addons","10":"product_tag-blogger","11":"product_tag-coffee","12":"product_tag-effect","13":"product_tag-filter","14":"product_tag-instagram","15":"product_tag-lightroom","16":"product_tag-lrmobile","17":"product_tag-lrtemplate","18":"product_tag-moody","19":"product_tag-photographer","20":"product_tag-photoshop","21":"product_tag-preset","22":"product_tag-style","23":"desktop-align-left","24":"tablet-align-left","25":"mobile-align-left","27":"first","28":"instock","29":"sale","30":"downloadable","31":"virtual","32":"taxable","33":"purchasable","34":"product-type-simple"},"yoast_head":"<!-- This site is optimized with the Yoast SEO plugin v27.3 - https:\/\/yoast.com\/product\/yoast-seo-wordpress\/ -->\n<title>Brownie Coffee Blogger Preset - Graphimarket<\/title>\n<meta name=\"description\" content=\"Brownie Coffee Blogger Preset Contains 3 Brownie Coffee Blogger PresetBright Contrast, Moody...\" \/>\n<meta name=\"robots\" content=\"index, follow, max-snippet:-1, max-image-preview:large, max-video-preview:-1\" \/>\n<link rel=\"canonical\" href=\"https:\/\/graphimarket.com\/de\/product\/brownie-coffee-blogger-preset\/\" \/>\n<meta property=\"og:locale\" content=\"de_DE\" \/>\n<meta property=\"og:type\" content=\"article\" \/>\n<meta property=\"og:title\" content=\"Brownie Coffee Blogger Preset - Graphimarket\" \/>\n<meta property=\"og:description\" content=\"Brownie Coffee Blogger Preset Contains 3 Brownie Coffee Blogger PresetBright Contrast, Moody...\" \/>\n<meta property=\"og:url\" content=\"https:\/\/graphimarket.com\/de\/product\/brownie-coffee-blogger-preset\/\" \/>\n<meta property=\"og:site_name\" content=\"Graphimarket\" \/>\n<meta property=\"article:modified_time\" content=\"2022-12-19T08:28:17+00:00\" \/>\n<meta property=\"og:image\" content=\"https:\/\/graphimarket.com\/wp-content\/uploads\/2020\/10\/cce8324b-f945-46d0-ad5c-3ea456129d24.jpg\" \/>\n\t<meta property=\"og:image:width\" content=\"866\" \/>\n\t<meta property=\"og:image:height\" content=\"577\" \/>\n\t<meta property=\"og:image:type\" content=\"image\/jpeg\" \/>\n<meta name=\"twitter:card\" content=\"summary_large_image\" \/>\n<script type=\"application\/ld+json\" class=\"yoast-schema-graph\">{\"@context\":\"https:\\\/\\\/schema.org\",\"@graph\":[{\"@type\":\"WebPage\",\"@id\":\"https:\\\/\\\/graphimarket.com\\\/product\\\/brownie-coffee-blogger-preset\\\/\",\"url\":\"https:\\\/\\\/graphimarket.com\\\/product\\\/brownie-coffee-blogger-preset\\\/\",\"name\":\"Brownie Coffee Blogger Preset - Graphimarket\",\"isPartOf\":{\"@id\":\"https:\\\/\\\/graphimarket.com\\\/fr\\\/#website\"},\"primaryImageOfPage\":{\"@id\":\"https:\\\/\\\/graphimarket.com\\\/product\\\/brownie-coffee-blogger-preset\\\/#primaryimage\"},\"image\":{\"@id\":\"https:\\\/\\\/graphimarket.com\\\/product\\\/brownie-coffee-blogger-preset\\\/#primaryimage\"},\"thumbnailUrl\":\"https:\\\/\\\/graphimarket.com\\\/wp-content\\\/uploads\\\/2020\\\/10\\\/cce8324b-f945-46d0-ad5c-3ea456129d24.jpg\",\"datePublished\":\"2020-10-16T09:30:22+00:00\",\"dateModified\":\"2022-12-19T08:28:17+00:00\",\"description\":\"Brownie Coffee Blogger Preset Contains 3 Brownie Coffee Blogger PresetBright Contrast, Moody...\",\"breadcrumb\":{\"@id\":\"https:\\\/\\\/graphimarket.com\\\/product\\\/brownie-coffee-blogger-preset\\\/#breadcrumb\"},\"inLanguage\":\"de-DE\",\"potentialAction\":[{\"@type\":\"ReadAction\",\"target\":[\"https:\\\/\\\/graphimarket.com\\\/product\\\/brownie-coffee-blogger-preset\\\/\"]}]},{\"@type\":\"ImageObject\",\"inLanguage\":\"de-DE\",\"@id\":\"https:\\\/\\\/graphimarket.com\\\/product\\\/brownie-coffee-blogger-preset\\\/#primaryimage\",\"url\":\"https:\\\/\\\/graphimarket.com\\\/wp-content\\\/uploads\\\/2020\\\/10\\\/cce8324b-f945-46d0-ad5c-3ea456129d24.jpg\",\"contentUrl\":\"https:\\\/\\\/graphimarket.com\\\/wp-content\\\/uploads\\\/2020\\\/10\\\/cce8324b-f945-46d0-ad5c-3ea456129d24.jpg\",\"width\":866,\"height\":577},{\"@type\":\"BreadcrumbList\",\"@id\":\"https:\\\/\\\/graphimarket.com\\\/product\\\/brownie-coffee-blogger-preset\\\/#breadcrumb\",\"itemListElement\":[{\"@type\":\"ListItem\",\"position\":1,\"name\":\"Home\",\"item\":\"https:\\\/\\\/graphimarket.com\\\/es\\\/\"},{\"@type\":\"ListItem\",\"position\":2,\"name\":\"Store\",\"item\":\"https:\\\/\\\/graphimarket.com\\\/store\\\/\"},{\"@type\":\"ListItem\",\"position\":3,\"name\":\"Brownie Coffee Blogger Preset\"}]},{\"@type\":\"WebSite\",\"@id\":\"https:\\\/\\\/graphimarket.com\\\/fr\\\/#website\",\"url\":\"https:\\\/\\\/graphimarket.com\\\/fr\\\/\",\"name\":\"Graphimarket\",\"description\":\"Find the perfect creative asset to bring your project to life\",\"publisher\":{\"@id\":\"https:\\\/\\\/graphimarket.com\\\/fr\\\/#organization\"},\"potentialAction\":[{\"@type\":\"SearchAction\",\"target\":{\"@type\":\"EntryPoint\",\"urlTemplate\":\"https:\\\/\\\/graphimarket.com\\\/fr\\\/?s={search_term_string}\"},\"query-input\":{\"@type\":\"PropertyValueSpecification\",\"valueRequired\":true,\"valueName\":\"search_term_string\"}}],\"inLanguage\":\"de-DE\"},{\"@type\":\"Organization\",\"@id\":\"https:\\\/\\\/graphimarket.com\\\/fr\\\/#organization\",\"name\":\"Graphimarket\",\"url\":\"https:\\\/\\\/graphimarket.com\\\/fr\\\/\",\"logo\":{\"@type\":\"ImageObject\",\"inLanguage\":\"de-DE\",\"@id\":\"https:\\\/\\\/graphimarket.com\\\/fr\\\/#\\\/schema\\\/logo\\\/image\\\/\",\"url\":\"https:\\\/\\\/graphimarket.com\\\/wp-content\\\/uploads\\\/2020\\\/08\\\/logo-48.png\",\"contentUrl\":\"https:\\\/\\\/graphimarket.com\\\/wp-content\\\/uploads\\\/2020\\\/08\\\/logo-48.png\",\"width\":132,\"height\":48,\"caption\":\"Graphimarket\"},\"image\":{\"@id\":\"https:\\\/\\\/graphimarket.com\\\/fr\\\/#\\\/schema\\\/logo\\\/image\\\/\"}}]}<\/script>\n<!-- \/ Yoast SEO plugin. -->","yoast_head_json":{"title":"Brownie Coffee Blogger Preset - Graphimarket","description":"Brownie Coffee Blogger Preset enth\u00e4lt 3 Brownie Coffee Blogger PresetBright Contrast, Moody ...","robots":{"index":"index","follow":"follow","max-snippet":"max-snippet:-1","max-image-preview":"max-image-preview:large","max-video-preview":"max-video-preview:-1"},"canonical":"https:\/\/graphimarket.com\/de\/product\/brownie-coffee-blogger-preset\/","og_locale":"de_DE","og_type":"article","og_title":"Brownie Coffee Blogger Preset - Graphimarket","og_description":"Brownie Coffee Blogger Preset Contains 3 Brownie Coffee Blogger PresetBright Contrast, Moody...","og_url":"https:\/\/graphimarket.com\/de\/product\/brownie-coffee-blogger-preset\/","og_site_name":"Graphimarket","article_modified_time":"2022-12-19T08:28:17+00:00","og_image":[{"width":866,"height":577,"url":"https:\/\/graphimarket.com\/wp-content\/uploads\/2020\/10\/cce8324b-f945-46d0-ad5c-3ea456129d24.jpg","type":"image\/jpeg"}],"twitter_card":"summary_large_image","schema":{"@context":"https:\/\/schema.org","@graph":[{"@type":"WebPage","@id":"https:\/\/graphimarket.com\/product\/brownie-coffee-blogger-preset\/","url":"https:\/\/graphimarket.com\/product\/brownie-coffee-blogger-preset\/","name":"Brownie Coffee Blogger Preset - Graphimarket","isPartOf":{"@id":"https:\/\/graphimarket.com\/fr\/#website"},"primaryImageOfPage":{"@id":"https:\/\/graphimarket.com\/product\/brownie-coffee-blogger-preset\/#primaryimage"},"image":{"@id":"https:\/\/graphimarket.com\/product\/brownie-coffee-blogger-preset\/#primaryimage"},"thumbnailUrl":"https:\/\/graphimarket.com\/wp-content\/uploads\/2020\/10\/cce8324b-f945-46d0-ad5c-3ea456129d24.jpg","datePublished":"2020-10-16T09:30:22+00:00","dateModified":"2022-12-19T08:28:17+00:00","description":"Brownie Coffee Blogger Preset enth\u00e4lt 3 Brownie Coffee Blogger PresetBright Contrast, Moody ...","breadcrumb":{"@id":"https:\/\/graphimarket.com\/product\/brownie-coffee-blogger-preset\/#breadcrumb"},"inLanguage":"de-DE","potentialAction":[{"@type":"ReadAction","target":["https:\/\/graphimarket.com\/product\/brownie-coffee-blogger-preset\/"]}]},{"@type":"ImageObject","inLanguage":"de-DE","@id":"https:\/\/graphimarket.com\/product\/brownie-coffee-blogger-preset\/#primaryimage","url":"https:\/\/graphimarket.com\/wp-content\/uploads\/2020\/10\/cce8324b-f945-46d0-ad5c-3ea456129d24.jpg","contentUrl":"https:\/\/graphimarket.com\/wp-content\/uploads\/2020\/10\/cce8324b-f945-46d0-ad5c-3ea456129d24.jpg","width":866,"height":577},{"@type":"BreadcrumbList","@id":"https:\/\/graphimarket.com\/product\/brownie-coffee-blogger-preset\/#breadcrumb","itemListElement":[{"@type":"ListItem","position":1,"name":"Home","item":"https:\/\/graphimarket.com\/es\/"},{"@type":"ListItem","position":2,"name":"Store","item":"https:\/\/graphimarket.com\/store\/"},{"@type":"ListItem","position":3,"name":"Brownie Coffee Blogger Preset"}]},{"@type":"WebSite","@id":"https:\/\/graphimarket.com\/fr\/#website","url":"https:\/\/graphimarket.com\/fr\/","name":"Graphimarket","description":"Finden Sie das perfekte kreative Kapital, um Ihr Projekt zum Leben zu erwecken","publisher":{"@id":"https:\/\/graphimarket.com\/fr\/#organization"},"potentialAction":[{"@type":"SearchAction","target":{"@type":"EntryPoint","urlTemplate":"https:\/\/graphimarket.com\/fr\/?s={search_term_string}"},"query-input":{"@type":"PropertyValueSpecification","valueRequired":true,"valueName":"search_term_string"}}],"inLanguage":"de-DE"},{"@type":"Organization","@id":"https:\/\/graphimarket.com\/fr\/#organization","name":"Graphimarket","url":"https:\/\/graphimarket.com\/fr\/","logo":{"@type":"ImageObject","inLanguage":"de-DE","@id":"https:\/\/graphimarket.com\/fr\/#\/schema\/logo\/image\/","url":"https:\/\/graphimarket.com\/wp-content\/uploads\/2020\/08\/logo-48.png","contentUrl":"https:\/\/graphimarket.com\/wp-content\/uploads\/2020\/08\/logo-48.png","width":132,"height":48,"caption":"Graphimarket"},"image":{"@id":"https:\/\/graphimarket.com\/fr\/#\/schema\/logo\/image\/"}}]}},"_links":{"self":[{"href":"https:\/\/graphimarket.com\/de\/wp-json\/wp\/v2\/product\/12719","targetHints":{"allow":["GET"]}}],"collection":[{"href":"https:\/\/graphimarket.com\/de\/wp-json\/wp\/v2\/product"}],"about":[{"href":"https:\/\/graphimarket.com\/de\/wp-json\/wp\/v2\/types\/product"}],"replies":[{"embeddable":true,"href":"https:\/\/graphimarket.com\/de\/wp-json\/wp\/v2\/comments?post=12719"}],"version-history":[{"count":0,"href":"https:\/\/graphimarket.com\/de\/wp-json\/wp\/v2\/product\/12719\/revisions"}],"wp:featuredmedia":[{"embeddable":true,"href":"https:\/\/graphimarket.com\/de\/wp-json\/wp\/v2\/media\/12720"}],"wp:attachment":[{"href":"https:\/\/graphimarket.com\/de\/wp-json\/wp\/v2\/media?parent=12719"}],"wp:term":[{"taxonomy":"product_brand","embeddable":true,"href":"https:\/\/graphimarket.com\/de\/wp-json\/wp\/v2\/product_brand?post=12719"},{"taxonomy":"product_cat","embeddable":true,"href":"https:\/\/graphimarket.com\/de\/wp-json\/wp\/v2\/product_cat?post=12719"},{"taxonomy":"product_tag","embeddable":true,"href":"https:\/\/graphimarket.com\/de\/wp-json\/wp\/v2\/product_tag?post=12719"}],"curies":[{"name":"wp","href":"https:\/\/api.w.org\/{rel}","templated":true}]}}