{"id":12725,"date":"2020-10-16T11:52:30","date_gmt":"2020-10-16T09:52:30","guid":{"rendered":"https:\/\/graphimarket.com\/?post_type=product&#038;p=12725"},"modified":"2022-12-19T09:28:07","modified_gmt":"2022-12-19T08:28:07","slug":"the-film-lightroom-collection","status":"publish","type":"product","link":"https:\/\/graphimarket.com\/de\/product\/the-film-lightroom-collection\/","title":{"rendered":"Die Film Lightroom Collection"},"content":{"rendered":"<div class=\"_2Masz2rr\">\n<p>Die Film Lightroom Collection<\/p>\n<p>Lieben Sie Filmfotografie genauso wie wir?<\/p>\n<p>Dann werden Sie The Film Collection for Lightroom lieben. Dieses Lightroom-Bundle enth\u00e4lt 10 atemberaubende Voreinstellungen, mit denen Sie den gew\u00fcnschten Retro-Film-Look erzielen, der fast alles fantastisch aussehen l\u00e4sst.<\/p>\n<p>Perfekt f\u00fcr den erfahrenen Fotografen oder f\u00fcr den Social Influencer, der Fotos, die auf seinen Blog, Instagram oder Facebook hochgeladen wurden, diesen zus\u00e4tzlichen Funken verleihen m\u00f6chte.<\/p>\n<ul>\n<li>Enth\u00e4lt 10 benutzerfreundliche Filmvoreinstellungen.<\/li>\n<li>Kompatibel mit Lightroom 4-CC<\/li>\n<li>Verwendung mit JPEGs und RAW-Dateien<\/li>\n<li>Funktioniert auf Mac und PC<\/li>\n<\/ul>\n<\/div>\n<div class=\"_3KAa4-GZ frEFeDSS\"><\/div>\n<div><img fetchpriority=\"high\" decoding=\"async\" class=\"aligncenter wp-image-12726 size-full\" src=\"https:\/\/graphimarket.com\/wp-content\/uploads\/2020\/10\/b18d76a4-d388-435c-95d0-82381f3cc1b4.jpg\" alt=\"\" width=\"900\" height=\"599\" srcset=\"https:\/\/graphimarket.com\/wp-content\/uploads\/2020\/10\/b18d76a4-d388-435c-95d0-82381f3cc1b4.jpg 900w, https:\/\/graphimarket.com\/wp-content\/uploads\/2020\/10\/b18d76a4-d388-435c-95d0-82381f3cc1b4-300x200.jpg 300w, https:\/\/graphimarket.com\/wp-content\/uploads\/2020\/10\/b18d76a4-d388-435c-95d0-82381f3cc1b4-768x511.jpg 768w, https:\/\/graphimarket.com\/wp-content\/uploads\/2020\/10\/b18d76a4-d388-435c-95d0-82381f3cc1b4-16x12.jpg 16w, https:\/\/graphimarket.com\/wp-content\/uploads\/2020\/10\/b18d76a4-d388-435c-95d0-82381f3cc1b4-600x399.jpg 600w\" sizes=\"(max-width: 900px) 100vw, 900px\" \/> <img decoding=\"async\" class=\"aligncenter wp-image-12727 size-full\" src=\"https:\/\/graphimarket.com\/wp-content\/uploads\/2020\/10\/c006dd6e-3e88-44e4-ab74-c620441fcba3.jpg\" alt=\"\" width=\"900\" height=\"599\" srcset=\"https:\/\/graphimarket.com\/wp-content\/uploads\/2020\/10\/c006dd6e-3e88-44e4-ab74-c620441fcba3.jpg 900w, https:\/\/graphimarket.com\/wp-content\/uploads\/2020\/10\/c006dd6e-3e88-44e4-ab74-c620441fcba3-300x200.jpg 300w, https:\/\/graphimarket.com\/wp-content\/uploads\/2020\/10\/c006dd6e-3e88-44e4-ab74-c620441fcba3-768x511.jpg 768w, https:\/\/graphimarket.com\/wp-content\/uploads\/2020\/10\/c006dd6e-3e88-44e4-ab74-c620441fcba3-16x12.jpg 16w, https:\/\/graphimarket.com\/wp-content\/uploads\/2020\/10\/c006dd6e-3e88-44e4-ab74-c620441fcba3-600x399.jpg 600w\" sizes=\"(max-width: 900px) 100vw, 900px\" \/> <img decoding=\"async\" class=\"aligncenter wp-image-12728 size-full\" src=\"https:\/\/graphimarket.com\/wp-content\/uploads\/2020\/10\/d59a5d06-5cd4-4628-834f-edc1aa95f187.jpg\" alt=\"\" width=\"900\" height=\"599\" srcset=\"https:\/\/graphimarket.com\/wp-content\/uploads\/2020\/10\/d59a5d06-5cd4-4628-834f-edc1aa95f187.jpg 900w, https:\/\/graphimarket.com\/wp-content\/uploads\/2020\/10\/d59a5d06-5cd4-4628-834f-edc1aa95f187-300x200.jpg 300w, https:\/\/graphimarket.com\/wp-content\/uploads\/2020\/10\/d59a5d06-5cd4-4628-834f-edc1aa95f187-768x511.jpg 768w, https:\/\/graphimarket.com\/wp-content\/uploads\/2020\/10\/d59a5d06-5cd4-4628-834f-edc1aa95f187-16x12.jpg 16w, https:\/\/graphimarket.com\/wp-content\/uploads\/2020\/10\/d59a5d06-5cd4-4628-834f-edc1aa95f187-600x399.jpg 600w\" sizes=\"(max-width: 900px) 100vw, 900px\" \/> <img loading=\"lazy\" decoding=\"async\" class=\"aligncenter wp-image-12729 size-full\" src=\"https:\/\/graphimarket.com\/wp-content\/uploads\/2020\/10\/ebd93ab7-a71c-4605-9d47-0491bfdf847f.jpg\" alt=\"\" width=\"900\" height=\"599\" srcset=\"https:\/\/graphimarket.com\/wp-content\/uploads\/2020\/10\/ebd93ab7-a71c-4605-9d47-0491bfdf847f.jpg 900w, https:\/\/graphimarket.com\/wp-content\/uploads\/2020\/10\/ebd93ab7-a71c-4605-9d47-0491bfdf847f-300x200.jpg 300w, https:\/\/graphimarket.com\/wp-content\/uploads\/2020\/10\/ebd93ab7-a71c-4605-9d47-0491bfdf847f-768x511.jpg 768w, https:\/\/graphimarket.com\/wp-content\/uploads\/2020\/10\/ebd93ab7-a71c-4605-9d47-0491bfdf847f-16x12.jpg 16w, https:\/\/graphimarket.com\/wp-content\/uploads\/2020\/10\/ebd93ab7-a71c-4605-9d47-0491bfdf847f-600x399.jpg 600w\" sizes=\"(max-width: 900px) 100vw, 900px\" \/> <img loading=\"lazy\" decoding=\"async\" class=\"aligncenter wp-image-12730 size-full\" src=\"https:\/\/graphimarket.com\/wp-content\/uploads\/2020\/10\/6ffeb599-38b7-4636-9e46-ec2eb4951aa4.jpg\" alt=\"\" width=\"866\" height=\"577\" srcset=\"https:\/\/graphimarket.com\/wp-content\/uploads\/2020\/10\/6ffeb599-38b7-4636-9e46-ec2eb4951aa4.jpg 866w, https:\/\/graphimarket.com\/wp-content\/uploads\/2020\/10\/6ffeb599-38b7-4636-9e46-ec2eb4951aa4-300x200.jpg 300w, https:\/\/graphimarket.com\/wp-content\/uploads\/2020\/10\/6ffeb599-38b7-4636-9e46-ec2eb4951aa4-768x512.jpg 768w, https:\/\/graphimarket.com\/wp-content\/uploads\/2020\/10\/6ffeb599-38b7-4636-9e46-ec2eb4951aa4-16x12.jpg 16w, https:\/\/graphimarket.com\/wp-content\/uploads\/2020\/10\/6ffeb599-38b7-4636-9e46-ec2eb4951aa4-600x400.jpg 600w\" sizes=\"(max-width: 866px) 100vw, 866px\" \/> <img loading=\"lazy\" decoding=\"async\" class=\"aligncenter wp-image-12731 size-full\" src=\"https:\/\/graphimarket.com\/wp-content\/uploads\/2020\/10\/8aaec386-1594-4e0f-9bea-c9f804edc620.jpg\" alt=\"\" width=\"900\" height=\"599\" srcset=\"https:\/\/graphimarket.com\/wp-content\/uploads\/2020\/10\/8aaec386-1594-4e0f-9bea-c9f804edc620.jpg 900w, https:\/\/graphimarket.com\/wp-content\/uploads\/2020\/10\/8aaec386-1594-4e0f-9bea-c9f804edc620-300x200.jpg 300w, https:\/\/graphimarket.com\/wp-content\/uploads\/2020\/10\/8aaec386-1594-4e0f-9bea-c9f804edc620-768x511.jpg 768w, https:\/\/graphimarket.com\/wp-content\/uploads\/2020\/10\/8aaec386-1594-4e0f-9bea-c9f804edc620-16x12.jpg 16w, https:\/\/graphimarket.com\/wp-content\/uploads\/2020\/10\/8aaec386-1594-4e0f-9bea-c9f804edc620-600x399.jpg 600w\" sizes=\"(max-width: 900px) 100vw, 900px\" \/> <img loading=\"lazy\" decoding=\"async\" class=\"aligncenter wp-image-12732 size-full\" src=\"https:\/\/graphimarket.com\/wp-content\/uploads\/2020\/10\/adc03149-b075-4d90-ab0e-585b1d9df86f.jpg\" alt=\"\" width=\"900\" height=\"599\" srcset=\"https:\/\/graphimarket.com\/wp-content\/uploads\/2020\/10\/adc03149-b075-4d90-ab0e-585b1d9df86f.jpg 900w, https:\/\/graphimarket.com\/wp-content\/uploads\/2020\/10\/adc03149-b075-4d90-ab0e-585b1d9df86f-300x200.jpg 300w, https:\/\/graphimarket.com\/wp-content\/uploads\/2020\/10\/adc03149-b075-4d90-ab0e-585b1d9df86f-768x511.jpg 768w, https:\/\/graphimarket.com\/wp-content\/uploads\/2020\/10\/adc03149-b075-4d90-ab0e-585b1d9df86f-16x12.jpg 16w, https:\/\/graphimarket.com\/wp-content\/uploads\/2020\/10\/adc03149-b075-4d90-ab0e-585b1d9df86f-600x399.jpg 600w\" sizes=\"(max-width: 900px) 100vw, 900px\" \/> <img loading=\"lazy\" decoding=\"async\" class=\"aligncenter wp-image-12733 size-full\" src=\"https:\/\/graphimarket.com\/wp-content\/uploads\/2020\/10\/af3d7ce9-583b-49ed-8578-842319104d2c.jpg\" alt=\"\" width=\"900\" height=\"599\" srcset=\"https:\/\/graphimarket.com\/wp-content\/uploads\/2020\/10\/af3d7ce9-583b-49ed-8578-842319104d2c.jpg 900w, https:\/\/graphimarket.com\/wp-content\/uploads\/2020\/10\/af3d7ce9-583b-49ed-8578-842319104d2c-300x200.jpg 300w, https:\/\/graphimarket.com\/wp-content\/uploads\/2020\/10\/af3d7ce9-583b-49ed-8578-842319104d2c-768x511.jpg 768w, https:\/\/graphimarket.com\/wp-content\/uploads\/2020\/10\/af3d7ce9-583b-49ed-8578-842319104d2c-16x12.jpg 16w, https:\/\/graphimarket.com\/wp-content\/uploads\/2020\/10\/af3d7ce9-583b-49ed-8578-842319104d2c-600x399.jpg 600w\" sizes=\"(max-width: 900px) 100vw, 900px\" \/><\/div>","protected":false},"excerpt":{"rendered":"<p>The Film Lightroom Collection Do you love film photography as much as us? Then you will love The Film Collection for Lightroom. This Lightroom bundle feature 10 stunning presets that will give you shots that much desired retro film look that makes almost anything look amazing. Perfect for the seasoned photographer or for the social [&hellip;]<\/p>\n","protected":false},"featured_media":12730,"comment_status":"open","ping_status":"closed","template":"","meta":{"site-sidebar-layout":"default","site-content-layout":"default","ast-site-content-layout":"default","site-content-style":"default","site-sidebar-style":"default","ast-global-header-display":"","ast-banner-title-visibility":"","ast-main-header-display":"","ast-hfb-above-header-display":"","ast-hfb-below-header-display":"","ast-hfb-mobile-header-display":"","site-post-title":"","ast-breadcrumbs-content":"","ast-featured-img":"","footer-sml-layout":"","ast-disable-related-posts":"","theme-transparent-header-meta":"default","adv-header-id-meta":"","stick-header-meta":"","header-above-stick-meta":"","header-main-stick-meta":"","header-below-stick-meta":"","astra-migrate-meta-layouts":"default","ast-page-background-enabled":"default","ast-page-background-meta":{"desktop":{"background-color":"","background-image":"","background-repeat":"repeat","background-position":"center center","background-size":"auto","background-attachment":"scroll","background-type":"","background-media":"","overlay-type":"","overlay-color":"","overlay-opacity":"","overlay-gradient":""},"tablet":{"background-color":"","background-image":"","background-repeat":"repeat","background-position":"center center","background-size":"auto","background-attachment":"scroll","background-type":"","background-media":"","overlay-type":"","overlay-color":"","overlay-opacity":"","overlay-gradient":""},"mobile":{"background-color":"","background-image":"","background-repeat":"repeat","background-position":"center center","background-size":"auto","background-attachment":"scroll","background-type":"","background-media":"","overlay-type":"","overlay-color":"","overlay-opacity":"","overlay-gradient":""}},"ast-content-background-meta":{"desktop":{"background-color":"var(--ast-global-color-5)","background-image":"","background-repeat":"repeat","background-position":"center center","background-size":"auto","background-attachment":"scroll","background-type":"","background-media":"","overlay-type":"","overlay-color":"","overlay-opacity":"","overlay-gradient":""},"tablet":{"background-color":"var(--ast-global-color-5)","background-image":"","background-repeat":"repeat","background-position":"center center","background-size":"auto","background-attachment":"scroll","background-type":"","background-media":"","overlay-type":"","overlay-color":"","overlay-opacity":"","overlay-gradient":""},"mobile":{"background-color":"var(--ast-global-color-5)","background-image":"","background-repeat":"repeat","background-position":"center center","background-size":"auto","background-attachment":"scroll","background-type":"","background-media":"","overlay-type":"","overlay-color":"","overlay-opacity":"","overlay-gradient":""}}},"product_brand":[],"product_cat":[196,106],"product_tag":[320,663,377,335,1722,1186,285,252,1723,412,318],"class_list":{"0":"post-12725","1":"product","2":"type-product","3":"status-publish","4":"has-post-thumbnail","6":"product_cat-actions","7":"product_cat-bundles","8":"product_tag-film","9":"product_tag-grain","10":"product_tag-kodak","11":"product_tag-lightroom","12":"product_tag-lllford","13":"product_tag-lr","14":"product_tag-photo","15":"product_tag-photography","16":"product_tag-portate","17":"product_tag-preset","18":"product_tag-presets","19":"desktop-align-left","20":"tablet-align-left","21":"mobile-align-left","23":"first","24":"instock","25":"sale","26":"downloadable","27":"virtual","28":"taxable","29":"purchasable","30":"product-type-simple"},"yoast_head":"<!-- This site is optimized with the Yoast SEO plugin v27.3 - https:\/\/yoast.com\/product\/yoast-seo-wordpress\/ -->\n<title>The Film Lightroom Collection - Graphimarket<\/title>\n<meta name=\"description\" content=\"The Film Lightroom Collection Do you love film photography as much as us?Then you will love The Film Collection for Lightroom...\" \/>\n<meta name=\"robots\" content=\"index, follow, max-snippet:-1, max-image-preview:large, max-video-preview:-1\" \/>\n<link rel=\"canonical\" href=\"https:\/\/graphimarket.com\/de\/product\/the-film-lightroom-collection\/\" \/>\n<meta property=\"og:locale\" content=\"de_DE\" \/>\n<meta property=\"og:type\" content=\"article\" \/>\n<meta property=\"og:title\" content=\"The Film Lightroom Collection - Graphimarket\" \/>\n<meta property=\"og:description\" content=\"The Film Lightroom Collection Do you love film photography as much as us?Then you will love The Film Collection for Lightroom...\" \/>\n<meta property=\"og:url\" content=\"https:\/\/graphimarket.com\/de\/product\/the-film-lightroom-collection\/\" \/>\n<meta property=\"og:site_name\" content=\"Graphimarket\" \/>\n<meta property=\"article:modified_time\" content=\"2022-12-19T08:28:07+00:00\" \/>\n<meta property=\"og:image\" content=\"https:\/\/graphimarket.com\/wp-content\/uploads\/2020\/10\/6ffeb599-38b7-4636-9e46-ec2eb4951aa4.jpg\" \/>\n\t<meta property=\"og:image:width\" content=\"866\" \/>\n\t<meta property=\"og:image:height\" content=\"577\" \/>\n\t<meta property=\"og:image:type\" content=\"image\/jpeg\" \/>\n<meta name=\"twitter:card\" content=\"summary_large_image\" \/>\n<script type=\"application\/ld+json\" class=\"yoast-schema-graph\">{\"@context\":\"https:\\\/\\\/schema.org\",\"@graph\":[{\"@type\":\"WebPage\",\"@id\":\"https:\\\/\\\/graphimarket.com\\\/product\\\/the-film-lightroom-collection\\\/\",\"url\":\"https:\\\/\\\/graphimarket.com\\\/product\\\/the-film-lightroom-collection\\\/\",\"name\":\"The Film Lightroom Collection - Graphimarket\",\"isPartOf\":{\"@id\":\"https:\\\/\\\/graphimarket.com\\\/fr\\\/#website\"},\"primaryImageOfPage\":{\"@id\":\"https:\\\/\\\/graphimarket.com\\\/product\\\/the-film-lightroom-collection\\\/#primaryimage\"},\"image\":{\"@id\":\"https:\\\/\\\/graphimarket.com\\\/product\\\/the-film-lightroom-collection\\\/#primaryimage\"},\"thumbnailUrl\":\"https:\\\/\\\/graphimarket.com\\\/wp-content\\\/uploads\\\/2020\\\/10\\\/6ffeb599-38b7-4636-9e46-ec2eb4951aa4.jpg\",\"datePublished\":\"2020-10-16T09:52:30+00:00\",\"dateModified\":\"2022-12-19T08:28:07+00:00\",\"description\":\"The Film Lightroom Collection Do you love film photography as much as us?Then you will love The Film Collection for Lightroom...\",\"breadcrumb\":{\"@id\":\"https:\\\/\\\/graphimarket.com\\\/product\\\/the-film-lightroom-collection\\\/#breadcrumb\"},\"inLanguage\":\"de-DE\",\"potentialAction\":[{\"@type\":\"ReadAction\",\"target\":[\"https:\\\/\\\/graphimarket.com\\\/product\\\/the-film-lightroom-collection\\\/\"]}]},{\"@type\":\"ImageObject\",\"inLanguage\":\"de-DE\",\"@id\":\"https:\\\/\\\/graphimarket.com\\\/product\\\/the-film-lightroom-collection\\\/#primaryimage\",\"url\":\"https:\\\/\\\/graphimarket.com\\\/wp-content\\\/uploads\\\/2020\\\/10\\\/6ffeb599-38b7-4636-9e46-ec2eb4951aa4.jpg\",\"contentUrl\":\"https:\\\/\\\/graphimarket.com\\\/wp-content\\\/uploads\\\/2020\\\/10\\\/6ffeb599-38b7-4636-9e46-ec2eb4951aa4.jpg\",\"width\":866,\"height\":577},{\"@type\":\"BreadcrumbList\",\"@id\":\"https:\\\/\\\/graphimarket.com\\\/product\\\/the-film-lightroom-collection\\\/#breadcrumb\",\"itemListElement\":[{\"@type\":\"ListItem\",\"position\":1,\"name\":\"Home\",\"item\":\"https:\\\/\\\/graphimarket.com\\\/es\\\/\"},{\"@type\":\"ListItem\",\"position\":2,\"name\":\"Store\",\"item\":\"https:\\\/\\\/graphimarket.com\\\/store\\\/\"},{\"@type\":\"ListItem\",\"position\":3,\"name\":\"The Film Lightroom Collection\"}]},{\"@type\":\"WebSite\",\"@id\":\"https:\\\/\\\/graphimarket.com\\\/fr\\\/#website\",\"url\":\"https:\\\/\\\/graphimarket.com\\\/fr\\\/\",\"name\":\"Graphimarket\",\"description\":\"Find the perfect creative asset to bring your project to life\",\"publisher\":{\"@id\":\"https:\\\/\\\/graphimarket.com\\\/fr\\\/#organization\"},\"potentialAction\":[{\"@type\":\"SearchAction\",\"target\":{\"@type\":\"EntryPoint\",\"urlTemplate\":\"https:\\\/\\\/graphimarket.com\\\/fr\\\/?s={search_term_string}\"},\"query-input\":{\"@type\":\"PropertyValueSpecification\",\"valueRequired\":true,\"valueName\":\"search_term_string\"}}],\"inLanguage\":\"de-DE\"},{\"@type\":\"Organization\",\"@id\":\"https:\\\/\\\/graphimarket.com\\\/fr\\\/#organization\",\"name\":\"Graphimarket\",\"url\":\"https:\\\/\\\/graphimarket.com\\\/fr\\\/\",\"logo\":{\"@type\":\"ImageObject\",\"inLanguage\":\"de-DE\",\"@id\":\"https:\\\/\\\/graphimarket.com\\\/fr\\\/#\\\/schema\\\/logo\\\/image\\\/\",\"url\":\"https:\\\/\\\/graphimarket.com\\\/wp-content\\\/uploads\\\/2020\\\/08\\\/logo-48.png\",\"contentUrl\":\"https:\\\/\\\/graphimarket.com\\\/wp-content\\\/uploads\\\/2020\\\/08\\\/logo-48.png\",\"width\":132,\"height\":48,\"caption\":\"Graphimarket\"},\"image\":{\"@id\":\"https:\\\/\\\/graphimarket.com\\\/fr\\\/#\\\/schema\\\/logo\\\/image\\\/\"}}]}<\/script>\n<!-- \/ Yoast SEO plugin. -->","yoast_head_json":{"title":"Die Film Lightroom Collection - Graphimarket","description":"The Film Lightroom Collection Lieben Sie Filmfotografie genauso wie wir? Dann werden Sie The Film Collection for Lightroom lieben ...","robots":{"index":"index","follow":"follow","max-snippet":"max-snippet:-1","max-image-preview":"max-image-preview:large","max-video-preview":"max-video-preview:-1"},"canonical":"https:\/\/graphimarket.com\/de\/product\/the-film-lightroom-collection\/","og_locale":"de_DE","og_type":"article","og_title":"The Film Lightroom Collection - Graphimarket","og_description":"The Film Lightroom Collection Do you love film photography as much as us?Then you will love The Film Collection for Lightroom...","og_url":"https:\/\/graphimarket.com\/de\/product\/the-film-lightroom-collection\/","og_site_name":"Graphimarket","article_modified_time":"2022-12-19T08:28:07+00:00","og_image":[{"width":866,"height":577,"url":"https:\/\/graphimarket.com\/wp-content\/uploads\/2020\/10\/6ffeb599-38b7-4636-9e46-ec2eb4951aa4.jpg","type":"image\/jpeg"}],"twitter_card":"summary_large_image","schema":{"@context":"https:\/\/schema.org","@graph":[{"@type":"WebPage","@id":"https:\/\/graphimarket.com\/product\/the-film-lightroom-collection\/","url":"https:\/\/graphimarket.com\/product\/the-film-lightroom-collection\/","name":"Die Film Lightroom Collection - Graphimarket","isPartOf":{"@id":"https:\/\/graphimarket.com\/fr\/#website"},"primaryImageOfPage":{"@id":"https:\/\/graphimarket.com\/product\/the-film-lightroom-collection\/#primaryimage"},"image":{"@id":"https:\/\/graphimarket.com\/product\/the-film-lightroom-collection\/#primaryimage"},"thumbnailUrl":"https:\/\/graphimarket.com\/wp-content\/uploads\/2020\/10\/6ffeb599-38b7-4636-9e46-ec2eb4951aa4.jpg","datePublished":"2020-10-16T09:52:30+00:00","dateModified":"2022-12-19T08:28:07+00:00","description":"The Film Lightroom Collection Lieben Sie Filmfotografie genauso wie wir? Dann werden Sie The Film Collection for Lightroom lieben ...","breadcrumb":{"@id":"https:\/\/graphimarket.com\/product\/the-film-lightroom-collection\/#breadcrumb"},"inLanguage":"de-DE","potentialAction":[{"@type":"ReadAction","target":["https:\/\/graphimarket.com\/product\/the-film-lightroom-collection\/"]}]},{"@type":"ImageObject","inLanguage":"de-DE","@id":"https:\/\/graphimarket.com\/product\/the-film-lightroom-collection\/#primaryimage","url":"https:\/\/graphimarket.com\/wp-content\/uploads\/2020\/10\/6ffeb599-38b7-4636-9e46-ec2eb4951aa4.jpg","contentUrl":"https:\/\/graphimarket.com\/wp-content\/uploads\/2020\/10\/6ffeb599-38b7-4636-9e46-ec2eb4951aa4.jpg","width":866,"height":577},{"@type":"BreadcrumbList","@id":"https:\/\/graphimarket.com\/product\/the-film-lightroom-collection\/#breadcrumb","itemListElement":[{"@type":"ListItem","position":1,"name":"Home","item":"https:\/\/graphimarket.com\/es\/"},{"@type":"ListItem","position":2,"name":"Store","item":"https:\/\/graphimarket.com\/store\/"},{"@type":"ListItem","position":3,"name":"The Film Lightroom Collection"}]},{"@type":"WebSite","@id":"https:\/\/graphimarket.com\/fr\/#website","url":"https:\/\/graphimarket.com\/fr\/","name":"Graphimarket","description":"Finden Sie das perfekte kreative Kapital, um Ihr Projekt zum Leben zu erwecken","publisher":{"@id":"https:\/\/graphimarket.com\/fr\/#organization"},"potentialAction":[{"@type":"SearchAction","target":{"@type":"EntryPoint","urlTemplate":"https:\/\/graphimarket.com\/fr\/?s={search_term_string}"},"query-input":{"@type":"PropertyValueSpecification","valueRequired":true,"valueName":"search_term_string"}}],"inLanguage":"de-DE"},{"@type":"Organization","@id":"https:\/\/graphimarket.com\/fr\/#organization","name":"Graphimarket","url":"https:\/\/graphimarket.com\/fr\/","logo":{"@type":"ImageObject","inLanguage":"de-DE","@id":"https:\/\/graphimarket.com\/fr\/#\/schema\/logo\/image\/","url":"https:\/\/graphimarket.com\/wp-content\/uploads\/2020\/08\/logo-48.png","contentUrl":"https:\/\/graphimarket.com\/wp-content\/uploads\/2020\/08\/logo-48.png","width":132,"height":48,"caption":"Graphimarket"},"image":{"@id":"https:\/\/graphimarket.com\/fr\/#\/schema\/logo\/image\/"}}]}},"_links":{"self":[{"href":"https:\/\/graphimarket.com\/de\/wp-json\/wp\/v2\/product\/12725","targetHints":{"allow":["GET"]}}],"collection":[{"href":"https:\/\/graphimarket.com\/de\/wp-json\/wp\/v2\/product"}],"about":[{"href":"https:\/\/graphimarket.com\/de\/wp-json\/wp\/v2\/types\/product"}],"replies":[{"embeddable":true,"href":"https:\/\/graphimarket.com\/de\/wp-json\/wp\/v2\/comments?post=12725"}],"version-history":[{"count":0,"href":"https:\/\/graphimarket.com\/de\/wp-json\/wp\/v2\/product\/12725\/revisions"}],"wp:featuredmedia":[{"embeddable":true,"href":"https:\/\/graphimarket.com\/de\/wp-json\/wp\/v2\/media\/12730"}],"wp:attachment":[{"href":"https:\/\/graphimarket.com\/de\/wp-json\/wp\/v2\/media?parent=12725"}],"wp:term":[{"taxonomy":"product_brand","embeddable":true,"href":"https:\/\/graphimarket.com\/de\/wp-json\/wp\/v2\/product_brand?post=12725"},{"taxonomy":"product_cat","embeddable":true,"href":"https:\/\/graphimarket.com\/de\/wp-json\/wp\/v2\/product_cat?post=12725"},{"taxonomy":"product_tag","embeddable":true,"href":"https:\/\/graphimarket.com\/de\/wp-json\/wp\/v2\/product_tag?post=12725"}],"curies":[{"name":"wp","href":"https:\/\/api.w.org\/{rel}","templated":true}]}}