{"id":12742,"date":"2020-10-16T12:23:09","date_gmt":"2020-10-16T10:23:09","guid":{"rendered":"https:\/\/graphimarket.com\/?post_type=product&#038;p=12742"},"modified":"2022-12-19T09:21:12","modified_gmt":"2022-12-19T08:21:12","slug":"white-grey-lightroom-presets-bundle","status":"publish","type":"product","link":"https:\/\/graphimarket.com\/de\/product\/white-grey-lightroom-presets-bundle\/","title":{"rendered":"Wei\u00dfgrau - Lightroom Presets Bundle"},"content":{"rendered":"<div class=\"_2Masz2rr\">\n<p>Wei\u00dfgrau-Voreinstellungen sind eine gro\u00dfartige M\u00f6glichkeit, Ihren Fotos mit einer leicht ents\u00e4ttigten Farbpalette und weichen Glanzlichtern eine minimalistische Wei\u00dfstimmung zu verleihen. Passt zu einer Vielzahl von Fotostilen - von stilvollen Instagram-Feeds \u00fcber Hochzeiten, Lifestyle, Mode und Reisen bis hin zu Portr\u00e4ts.<\/p>\n<p>Viel Spa\u00df beim Sortieren der Farben!<\/p>\n<p>In vielen F\u00e4llen k\u00f6nnen Sie sofort ein gro\u00dfartiges Ergebnis erzielen. Sie k\u00f6nnen jedoch jederzeit Anpassungen vornehmen, die Intensit\u00e4t erh\u00f6hen \/ verringern, den Kontrast anpassen usw., um sie an einzelne Fotos anzupassen.<\/p>\n<p>\u2605\u2605\u2605\u2605\u2605 Sobald die Zahlung erfolgt ist, k\u00f6nnen Sie die Lightroom-Voreinstellungen sofort herunterladen. WAS SIE MIT DEM KAUF ERHALTEN:<\/p>\n<ul>\n<li>5 WHITE GREY Lightroom Mobile Presets \/ .dng-Datei<\/li>\n<li>5 WEISSGRAU Lightroom Classic CC-Voreinstellungen \/ .xmp-Datei<\/li>\n<li>5 WHITE GREY Lightroom Classic CC-Voreinstellungen \/ .lrtemplate-Datei (f\u00fcr \u00e4ltere Lightroom-Versionen)<\/li>\n<li>Installationshandbuch Textdatei<\/li>\n<\/ul>\n<p>Diese Voreinstellungen funktionieren sowohl mit Adobe Lightroom Mobile (.dng-Dateien) als auch mit Lightroom Classic CC (.xmp- und .lrtemplate-Dateien). Sie k\u00f6nnen sie mit der kostenlosen mobilen App (iOS oder Android) verwenden und ben\u00f6tigen kein Adobe-Abonnement f\u00fcr die mobile Version.<\/p>\n<\/div>\n<div class=\"_3YqMOf9R\">\n<div class=\"_3KAa4-GZ frEFeDSS\"><img fetchpriority=\"high\" decoding=\"async\" class=\"aligncenter wp-image-12743 size-full\" src=\"https:\/\/graphimarket.com\/wp-content\/uploads\/2020\/10\/a77189ed-610b-4764-ba8d-f2961c2bbc3c.jpg\" alt=\"\" width=\"900\" height=\"600\" srcset=\"https:\/\/graphimarket.com\/wp-content\/uploads\/2020\/10\/a77189ed-610b-4764-ba8d-f2961c2bbc3c.jpg 900w, https:\/\/graphimarket.com\/wp-content\/uploads\/2020\/10\/a77189ed-610b-4764-ba8d-f2961c2bbc3c-300x200.jpg 300w, https:\/\/graphimarket.com\/wp-content\/uploads\/2020\/10\/a77189ed-610b-4764-ba8d-f2961c2bbc3c-768x512.jpg 768w, https:\/\/graphimarket.com\/wp-content\/uploads\/2020\/10\/a77189ed-610b-4764-ba8d-f2961c2bbc3c-16x12.jpg 16w, https:\/\/graphimarket.com\/wp-content\/uploads\/2020\/10\/a77189ed-610b-4764-ba8d-f2961c2bbc3c-600x400.jpg 600w\" sizes=\"(max-width: 900px) 100vw, 900px\" \/> <img decoding=\"async\" class=\"aligncenter wp-image-12744 size-full\" src=\"https:\/\/graphimarket.com\/wp-content\/uploads\/2020\/10\/50cbf6e1-0af7-4fb5-858e-1d882ff38560.jpg\" alt=\"\" width=\"900\" height=\"600\" srcset=\"https:\/\/graphimarket.com\/wp-content\/uploads\/2020\/10\/50cbf6e1-0af7-4fb5-858e-1d882ff38560.jpg 900w, https:\/\/graphimarket.com\/wp-content\/uploads\/2020\/10\/50cbf6e1-0af7-4fb5-858e-1d882ff38560-300x200.jpg 300w, https:\/\/graphimarket.com\/wp-content\/uploads\/2020\/10\/50cbf6e1-0af7-4fb5-858e-1d882ff38560-768x512.jpg 768w, https:\/\/graphimarket.com\/wp-content\/uploads\/2020\/10\/50cbf6e1-0af7-4fb5-858e-1d882ff38560-16x12.jpg 16w, https:\/\/graphimarket.com\/wp-content\/uploads\/2020\/10\/50cbf6e1-0af7-4fb5-858e-1d882ff38560-600x400.jpg 600w\" sizes=\"(max-width: 900px) 100vw, 900px\" \/> <img decoding=\"async\" class=\"aligncenter wp-image-12745 size-full\" src=\"https:\/\/graphimarket.com\/wp-content\/uploads\/2020\/10\/4d19d5d7-8e38-4b06-8a90-2bcf5a4e11eb.jpg\" alt=\"\" width=\"866\" height=\"577\" srcset=\"https:\/\/graphimarket.com\/wp-content\/uploads\/2020\/10\/4d19d5d7-8e38-4b06-8a90-2bcf5a4e11eb.jpg 866w, https:\/\/graphimarket.com\/wp-content\/uploads\/2020\/10\/4d19d5d7-8e38-4b06-8a90-2bcf5a4e11eb-300x200.jpg 300w, https:\/\/graphimarket.com\/wp-content\/uploads\/2020\/10\/4d19d5d7-8e38-4b06-8a90-2bcf5a4e11eb-768x512.jpg 768w, https:\/\/graphimarket.com\/wp-content\/uploads\/2020\/10\/4d19d5d7-8e38-4b06-8a90-2bcf5a4e11eb-16x12.jpg 16w, https:\/\/graphimarket.com\/wp-content\/uploads\/2020\/10\/4d19d5d7-8e38-4b06-8a90-2bcf5a4e11eb-600x400.jpg 600w\" sizes=\"(max-width: 866px) 100vw, 866px\" \/> <img loading=\"lazy\" decoding=\"async\" class=\"aligncenter wp-image-12746 size-full\" src=\"https:\/\/graphimarket.com\/wp-content\/uploads\/2020\/10\/31e6bf30-961c-43bd-b88e-ad54bee341a6.jpg\" alt=\"\" width=\"900\" height=\"600\" srcset=\"https:\/\/graphimarket.com\/wp-content\/uploads\/2020\/10\/31e6bf30-961c-43bd-b88e-ad54bee341a6.jpg 900w, https:\/\/graphimarket.com\/wp-content\/uploads\/2020\/10\/31e6bf30-961c-43bd-b88e-ad54bee341a6-300x200.jpg 300w, https:\/\/graphimarket.com\/wp-content\/uploads\/2020\/10\/31e6bf30-961c-43bd-b88e-ad54bee341a6-768x512.jpg 768w, https:\/\/graphimarket.com\/wp-content\/uploads\/2020\/10\/31e6bf30-961c-43bd-b88e-ad54bee341a6-16x12.jpg 16w, https:\/\/graphimarket.com\/wp-content\/uploads\/2020\/10\/31e6bf30-961c-43bd-b88e-ad54bee341a6-600x400.jpg 600w\" sizes=\"(max-width: 900px) 100vw, 900px\" \/> <img loading=\"lazy\" decoding=\"async\" class=\"aligncenter wp-image-12747 size-full\" src=\"https:\/\/graphimarket.com\/wp-content\/uploads\/2020\/10\/7881eb1a-67ee-4283-98df-93a4150b198b.jpg\" alt=\"\" width=\"900\" height=\"600\" srcset=\"https:\/\/graphimarket.com\/wp-content\/uploads\/2020\/10\/7881eb1a-67ee-4283-98df-93a4150b198b.jpg 900w, https:\/\/graphimarket.com\/wp-content\/uploads\/2020\/10\/7881eb1a-67ee-4283-98df-93a4150b198b-300x200.jpg 300w, https:\/\/graphimarket.com\/wp-content\/uploads\/2020\/10\/7881eb1a-67ee-4283-98df-93a4150b198b-768x512.jpg 768w, https:\/\/graphimarket.com\/wp-content\/uploads\/2020\/10\/7881eb1a-67ee-4283-98df-93a4150b198b-16x12.jpg 16w, https:\/\/graphimarket.com\/wp-content\/uploads\/2020\/10\/7881eb1a-67ee-4283-98df-93a4150b198b-600x400.jpg 600w\" sizes=\"(max-width: 900px) 100vw, 900px\" \/><\/div>\n<\/div>","protected":false},"excerpt":{"rendered":"<p>White Grey presets are a great way to add minimalistic white mood to your photos with a slightly desaturated color palette and smooth highlights. Suits a wide range of photography styles &#8211; from stylish Instagram feed to weddings, lifestyle, fashion and travel, and portraits. Have fun color grading! In many instances, you will be able [&hellip;]<\/p>\n","protected":false},"featured_media":12745,"comment_status":"open","ping_status":"closed","template":"","meta":{"site-sidebar-layout":"default","site-content-layout":"default","ast-site-content-layout":"default","site-content-style":"default","site-sidebar-style":"default","ast-global-header-display":"","ast-banner-title-visibility":"","ast-main-header-display":"","ast-hfb-above-header-display":"","ast-hfb-below-header-display":"","ast-hfb-mobile-header-display":"","site-post-title":"","ast-breadcrumbs-content":"","ast-featured-img":"","footer-sml-layout":"","ast-disable-related-posts":"","theme-transparent-header-meta":"default","adv-header-id-meta":"","stick-header-meta":"","header-above-stick-meta":"","header-main-stick-meta":"","header-below-stick-meta":"","astra-migrate-meta-layouts":"default","ast-page-background-enabled":"default","ast-page-background-meta":{"desktop":{"background-color":"","background-image":"","background-repeat":"repeat","background-position":"center center","background-size":"auto","background-attachment":"scroll","background-type":"","background-media":"","overlay-type":"","overlay-color":"","overlay-opacity":"","overlay-gradient":""},"tablet":{"background-color":"","background-image":"","background-repeat":"repeat","background-position":"center center","background-size":"auto","background-attachment":"scroll","background-type":"","background-media":"","overlay-type":"","overlay-color":"","overlay-opacity":"","overlay-gradient":""},"mobile":{"background-color":"","background-image":"","background-repeat":"repeat","background-position":"center center","background-size":"auto","background-attachment":"scroll","background-type":"","background-media":"","overlay-type":"","overlay-color":"","overlay-opacity":"","overlay-gradient":""}},"ast-content-background-meta":{"desktop":{"background-color":"var(--ast-global-color-5)","background-image":"","background-repeat":"repeat","background-position":"center center","background-size":"auto","background-attachment":"scroll","background-type":"","background-media":"","overlay-type":"","overlay-color":"","overlay-opacity":"","overlay-gradient":""},"tablet":{"background-color":"var(--ast-global-color-5)","background-image":"","background-repeat":"repeat","background-position":"center center","background-size":"auto","background-attachment":"scroll","background-type":"","background-media":"","overlay-type":"","overlay-color":"","overlay-opacity":"","overlay-gradient":""},"mobile":{"background-color":"var(--ast-global-color-5)","background-image":"","background-repeat":"repeat","background-position":"center center","background-size":"auto","background-attachment":"scroll","background-type":"","background-media":"","overlay-type":"","overlay-color":"","overlay-opacity":"","overlay-gradient":""}}},"product_brand":[],"product_cat":[106],"product_tag":[929,417,239,1726,372,335,379,422,412,1351,326,604],"class_list":{"0":"post-12742","1":"product","2":"type-product","3":"status-publish","4":"has-post-thumbnail","6":"product_cat-bundles","7":"product_tag-blog","8":"product_tag-bright","9":"product_tag-bundle","10":"product_tag-grey","11":"product_tag-instagram","12":"product_tag-lightroom","13":"product_tag-mobile","14":"product_tag-pack","15":"product_tag-preset","16":"product_tag-travel","17":"product_tag-wedding","18":"product_tag-white","19":"desktop-align-left","20":"tablet-align-left","21":"mobile-align-left","23":"first","24":"instock","25":"sale","26":"downloadable","27":"virtual","28":"taxable","29":"purchasable","30":"product-type-simple"},"yoast_head":"<!-- This site is optimized with the Yoast SEO plugin v27.3 - https:\/\/yoast.com\/product\/yoast-seo-wordpress\/ -->\n<title>White Grey - Lightroom Presets Bundle - Graphimarket<\/title>\n<meta name=\"description\" content=\"White Grey presets are a great way to add minimalistic white mood to your photos with a slightly desaturated color palette and smooth...\" \/>\n<meta name=\"robots\" content=\"index, follow, max-snippet:-1, max-image-preview:large, max-video-preview:-1\" \/>\n<link rel=\"canonical\" href=\"http:\/\/graphimarket.com\/de\/product\/white-grey-lightroom-presets-bundle\/\" \/>\n<meta property=\"og:locale\" content=\"de_DE\" \/>\n<meta property=\"og:type\" content=\"article\" \/>\n<meta property=\"og:title\" content=\"White Grey - Lightroom Presets Bundle - Graphimarket\" \/>\n<meta property=\"og:description\" content=\"White Grey presets are a great way to add minimalistic white mood to your photos with a slightly desaturated color palette and smooth...\" \/>\n<meta property=\"og:url\" content=\"http:\/\/graphimarket.com\/de\/product\/white-grey-lightroom-presets-bundle\/\" \/>\n<meta property=\"og:site_name\" content=\"Graphimarket\" \/>\n<meta property=\"article:modified_time\" content=\"2022-12-19T08:21:12+00:00\" \/>\n<meta property=\"og:image\" content=\"https:\/\/graphimarket.com\/wp-content\/uploads\/2020\/10\/4d19d5d7-8e38-4b06-8a90-2bcf5a4e11eb.jpg\" \/>\n\t<meta property=\"og:image:width\" content=\"866\" \/>\n\t<meta property=\"og:image:height\" content=\"577\" \/>\n\t<meta property=\"og:image:type\" content=\"image\/jpeg\" \/>\n<meta name=\"twitter:card\" content=\"summary_large_image\" \/>\n<meta name=\"twitter:label1\" content=\"Est. reading time\" \/>\n\t<meta name=\"twitter:data1\" content=\"1 minute\" \/>\n<script type=\"application\/ld+json\" class=\"yoast-schema-graph\">{\"@context\":\"https:\\\/\\\/schema.org\",\"@graph\":[{\"@type\":\"WebPage\",\"@id\":\"http:\\\/\\\/graphimarket.com\\\/pt\\\/product\\\/white-grey-lightroom-presets-bundle\\\/\",\"url\":\"http:\\\/\\\/graphimarket.com\\\/pt\\\/product\\\/white-grey-lightroom-presets-bundle\\\/\",\"name\":\"White Grey - Lightroom Presets Bundle - Graphimarket\",\"isPartOf\":{\"@id\":\"https:\\\/\\\/graphimarket.com\\\/fr\\\/#website\"},\"primaryImageOfPage\":{\"@id\":\"http:\\\/\\\/graphimarket.com\\\/pt\\\/product\\\/white-grey-lightroom-presets-bundle\\\/#primaryimage\"},\"image\":{\"@id\":\"http:\\\/\\\/graphimarket.com\\\/pt\\\/product\\\/white-grey-lightroom-presets-bundle\\\/#primaryimage\"},\"thumbnailUrl\":\"https:\\\/\\\/graphimarket.com\\\/wp-content\\\/uploads\\\/2020\\\/10\\\/4d19d5d7-8e38-4b06-8a90-2bcf5a4e11eb.jpg\",\"datePublished\":\"2020-10-16T10:23:09+00:00\",\"dateModified\":\"2022-12-19T08:21:12+00:00\",\"description\":\"White Grey presets are a great way to add minimalistic white mood to your photos with a slightly desaturated color palette and smooth...\",\"breadcrumb\":{\"@id\":\"http:\\\/\\\/graphimarket.com\\\/pt\\\/product\\\/white-grey-lightroom-presets-bundle\\\/#breadcrumb\"},\"inLanguage\":\"de-DE\",\"potentialAction\":[{\"@type\":\"ReadAction\",\"target\":[\"http:\\\/\\\/graphimarket.com\\\/pt\\\/product\\\/white-grey-lightroom-presets-bundle\\\/\"]}]},{\"@type\":\"ImageObject\",\"inLanguage\":\"de-DE\",\"@id\":\"http:\\\/\\\/graphimarket.com\\\/pt\\\/product\\\/white-grey-lightroom-presets-bundle\\\/#primaryimage\",\"url\":\"https:\\\/\\\/graphimarket.com\\\/wp-content\\\/uploads\\\/2020\\\/10\\\/4d19d5d7-8e38-4b06-8a90-2bcf5a4e11eb.jpg\",\"contentUrl\":\"https:\\\/\\\/graphimarket.com\\\/wp-content\\\/uploads\\\/2020\\\/10\\\/4d19d5d7-8e38-4b06-8a90-2bcf5a4e11eb.jpg\",\"width\":866,\"height\":577},{\"@type\":\"BreadcrumbList\",\"@id\":\"http:\\\/\\\/graphimarket.com\\\/pt\\\/product\\\/white-grey-lightroom-presets-bundle\\\/#breadcrumb\",\"itemListElement\":[{\"@type\":\"ListItem\",\"position\":1,\"name\":\"Home\",\"item\":\"https:\\\/\\\/graphimarket.com\\\/es\\\/\"},{\"@type\":\"ListItem\",\"position\":2,\"name\":\"Store\",\"item\":\"https:\\\/\\\/graphimarket.com\\\/store\\\/\"},{\"@type\":\"ListItem\",\"position\":3,\"name\":\"White Grey &#8211; Lightroom Presets Bundle\"}]},{\"@type\":\"WebSite\",\"@id\":\"https:\\\/\\\/graphimarket.com\\\/fr\\\/#website\",\"url\":\"https:\\\/\\\/graphimarket.com\\\/fr\\\/\",\"name\":\"Graphimarket\",\"description\":\"Find the perfect creative asset to bring your project to life\",\"publisher\":{\"@id\":\"https:\\\/\\\/graphimarket.com\\\/fr\\\/#organization\"},\"potentialAction\":[{\"@type\":\"SearchAction\",\"target\":{\"@type\":\"EntryPoint\",\"urlTemplate\":\"https:\\\/\\\/graphimarket.com\\\/fr\\\/?s={search_term_string}\"},\"query-input\":{\"@type\":\"PropertyValueSpecification\",\"valueRequired\":true,\"valueName\":\"search_term_string\"}}],\"inLanguage\":\"de-DE\"},{\"@type\":\"Organization\",\"@id\":\"https:\\\/\\\/graphimarket.com\\\/fr\\\/#organization\",\"name\":\"Graphimarket\",\"url\":\"https:\\\/\\\/graphimarket.com\\\/fr\\\/\",\"logo\":{\"@type\":\"ImageObject\",\"inLanguage\":\"de-DE\",\"@id\":\"https:\\\/\\\/graphimarket.com\\\/fr\\\/#\\\/schema\\\/logo\\\/image\\\/\",\"url\":\"https:\\\/\\\/graphimarket.com\\\/wp-content\\\/uploads\\\/2020\\\/08\\\/logo-48.png\",\"contentUrl\":\"https:\\\/\\\/graphimarket.com\\\/wp-content\\\/uploads\\\/2020\\\/08\\\/logo-48.png\",\"width\":132,\"height\":48,\"caption\":\"Graphimarket\"},\"image\":{\"@id\":\"https:\\\/\\\/graphimarket.com\\\/fr\\\/#\\\/schema\\\/logo\\\/image\\\/\"}}]}<\/script>\n<!-- \/ Yoast SEO plugin. -->","yoast_head_json":{"title":"Wei\u00dfgrau - Lightroom Presets Bundle - Graphimarket","description":"White Grey-Voreinstellungen sind eine gro\u00dfartige M\u00f6glichkeit, Ihren Fotos mit einer leicht ents\u00e4ttigten Farbpalette und ...","robots":{"index":"index","follow":"follow","max-snippet":"max-snippet:-1","max-image-preview":"max-image-preview:large","max-video-preview":"max-video-preview:-1"},"canonical":"http:\/\/graphimarket.com\/de\/product\/white-grey-lightroom-presets-bundle\/","og_locale":"de_DE","og_type":"article","og_title":"White Grey - Lightroom Presets Bundle - Graphimarket","og_description":"White Grey presets are a great way to add minimalistic white mood to your photos with a slightly desaturated color palette and smooth...","og_url":"http:\/\/graphimarket.com\/de\/product\/white-grey-lightroom-presets-bundle\/","og_site_name":"Graphimarket","article_modified_time":"2022-12-19T08:21:12+00:00","og_image":[{"width":866,"height":577,"url":"https:\/\/graphimarket.com\/wp-content\/uploads\/2020\/10\/4d19d5d7-8e38-4b06-8a90-2bcf5a4e11eb.jpg","type":"image\/jpeg"}],"twitter_card":"summary_large_image","twitter_misc":{"Est. reading time":"1 minute"},"schema":{"@context":"https:\/\/schema.org","@graph":[{"@type":"WebPage","@id":"http:\/\/graphimarket.com\/pt\/product\/white-grey-lightroom-presets-bundle\/","url":"http:\/\/graphimarket.com\/pt\/product\/white-grey-lightroom-presets-bundle\/","name":"Wei\u00dfgrau - Lightroom Presets Bundle - Graphimarket","isPartOf":{"@id":"https:\/\/graphimarket.com\/fr\/#website"},"primaryImageOfPage":{"@id":"http:\/\/graphimarket.com\/pt\/product\/white-grey-lightroom-presets-bundle\/#primaryimage"},"image":{"@id":"http:\/\/graphimarket.com\/pt\/product\/white-grey-lightroom-presets-bundle\/#primaryimage"},"thumbnailUrl":"https:\/\/graphimarket.com\/wp-content\/uploads\/2020\/10\/4d19d5d7-8e38-4b06-8a90-2bcf5a4e11eb.jpg","datePublished":"2020-10-16T10:23:09+00:00","dateModified":"2022-12-19T08:21:12+00:00","description":"White Grey-Voreinstellungen sind eine gro\u00dfartige M\u00f6glichkeit, Ihren Fotos mit einer leicht ents\u00e4ttigten Farbpalette und ...","breadcrumb":{"@id":"http:\/\/graphimarket.com\/pt\/product\/white-grey-lightroom-presets-bundle\/#breadcrumb"},"inLanguage":"de-DE","potentialAction":[{"@type":"ReadAction","target":["http:\/\/graphimarket.com\/pt\/product\/white-grey-lightroom-presets-bundle\/"]}]},{"@type":"ImageObject","inLanguage":"de-DE","@id":"http:\/\/graphimarket.com\/pt\/product\/white-grey-lightroom-presets-bundle\/#primaryimage","url":"https:\/\/graphimarket.com\/wp-content\/uploads\/2020\/10\/4d19d5d7-8e38-4b06-8a90-2bcf5a4e11eb.jpg","contentUrl":"https:\/\/graphimarket.com\/wp-content\/uploads\/2020\/10\/4d19d5d7-8e38-4b06-8a90-2bcf5a4e11eb.jpg","width":866,"height":577},{"@type":"BreadcrumbList","@id":"http:\/\/graphimarket.com\/pt\/product\/white-grey-lightroom-presets-bundle\/#breadcrumb","itemListElement":[{"@type":"ListItem","position":1,"name":"Home","item":"https:\/\/graphimarket.com\/es\/"},{"@type":"ListItem","position":2,"name":"Store","item":"https:\/\/graphimarket.com\/store\/"},{"@type":"ListItem","position":3,"name":"White Grey &#8211; Lightroom Presets Bundle"}]},{"@type":"WebSite","@id":"https:\/\/graphimarket.com\/fr\/#website","url":"https:\/\/graphimarket.com\/fr\/","name":"Graphimarket","description":"Finden Sie das perfekte kreative Kapital, um Ihr Projekt zum Leben zu erwecken","publisher":{"@id":"https:\/\/graphimarket.com\/fr\/#organization"},"potentialAction":[{"@type":"SearchAction","target":{"@type":"EntryPoint","urlTemplate":"https:\/\/graphimarket.com\/fr\/?s={search_term_string}"},"query-input":{"@type":"PropertyValueSpecification","valueRequired":true,"valueName":"search_term_string"}}],"inLanguage":"de-DE"},{"@type":"Organization","@id":"https:\/\/graphimarket.com\/fr\/#organization","name":"Graphimarket","url":"https:\/\/graphimarket.com\/fr\/","logo":{"@type":"ImageObject","inLanguage":"de-DE","@id":"https:\/\/graphimarket.com\/fr\/#\/schema\/logo\/image\/","url":"https:\/\/graphimarket.com\/wp-content\/uploads\/2020\/08\/logo-48.png","contentUrl":"https:\/\/graphimarket.com\/wp-content\/uploads\/2020\/08\/logo-48.png","width":132,"height":48,"caption":"Graphimarket"},"image":{"@id":"https:\/\/graphimarket.com\/fr\/#\/schema\/logo\/image\/"}}]}},"_links":{"self":[{"href":"https:\/\/graphimarket.com\/de\/wp-json\/wp\/v2\/product\/12742","targetHints":{"allow":["GET"]}}],"collection":[{"href":"https:\/\/graphimarket.com\/de\/wp-json\/wp\/v2\/product"}],"about":[{"href":"https:\/\/graphimarket.com\/de\/wp-json\/wp\/v2\/types\/product"}],"replies":[{"embeddable":true,"href":"https:\/\/graphimarket.com\/de\/wp-json\/wp\/v2\/comments?post=12742"}],"version-history":[{"count":0,"href":"https:\/\/graphimarket.com\/de\/wp-json\/wp\/v2\/product\/12742\/revisions"}],"wp:featuredmedia":[{"embeddable":true,"href":"https:\/\/graphimarket.com\/de\/wp-json\/wp\/v2\/media\/12745"}],"wp:attachment":[{"href":"https:\/\/graphimarket.com\/de\/wp-json\/wp\/v2\/media?parent=12742"}],"wp:term":[{"taxonomy":"product_brand","embeddable":true,"href":"https:\/\/graphimarket.com\/de\/wp-json\/wp\/v2\/product_brand?post=12742"},{"taxonomy":"product_cat","embeddable":true,"href":"https:\/\/graphimarket.com\/de\/wp-json\/wp\/v2\/product_cat?post=12742"},{"taxonomy":"product_tag","embeddable":true,"href":"https:\/\/graphimarket.com\/de\/wp-json\/wp\/v2\/product_tag?post=12742"}],"curies":[{"name":"wp","href":"https:\/\/api.w.org\/{rel}","templated":true}]}}