{"id":13142,"date":"2020-11-17T15:35:31","date_gmt":"2020-11-17T14:35:31","guid":{"rendered":"https:\/\/graphimarket.com\/?post_type=product&#038;p=13142"},"modified":"2024-02-09T19:23:13","modified_gmt":"2024-02-09T18:23:13","slug":"the-ultimate-skin-retouch-panel-for-photoshop","status":"publish","type":"product","link":"https:\/\/graphimarket.com\/de\/product\/the-ultimate-skin-retouch-panel-for-photoshop\/","title":{"rendered":"Das ultimative Skin Retouch Panel f\u00fcr Photoshop"},"content":{"rendered":"<h3 class=\"LC20lb\">Das ultimative Hautretusche-Tool zum Weichmachen und Gl\u00e4tten der Haut!<\/h3>\n<p>Das Retuschieren der Haut erfordert Liebe zum Detail und Genauigkeit, aber nicht jede Technik muss zu kompliziert oder zeitaufw\u00e4ndig sein. Ich w\u00fcnschte, es k\u00f6nnte ein ultimatives Werkzeug zur Hautretusche geben, um all die harte Arbeit zu erledigen.<\/p>\n<p>Graphimarket present the <strong>ultimative Hautretusche<\/strong>. Mit diesem Tool k\u00f6nnen Sie Fotos schnell und m\u00fchelos retuschieren und Zeit f\u00fcr die eigentlichen Aufnahmen sparen, die Fotografen so sehr lieben.<\/p>\n<p>Das Ultimate Retouch Panel wurde \u00fcber einen Zeitraum von 3 Jahren harter Arbeit entwickelt. Im Moment gibt es mehr<strong>\u00a0als 200 n\u00fctzliche Funktionen<\/strong>\u00a0dieses Panels. Es kann ein wesentlicher Bestandteil Ihres Workflows werden und h\u00e4lt Sie von langweiligen technischen Photoshop-Einstellungen fern.<\/p>\n<p>Was ist mehr? Dieser Deal kommt mit einem\u00a0<strong>erweiterte kommerzielle Lizenz<\/strong>\u00a0Damit Sie dieses Tool f\u00fcr unbegrenzte pers\u00f6nliche und kommerzielle Projekte verwenden k\u00f6nnen!<\/p>\n<h3>Highlights dieses ultimativen Hautretusche-Tools:<\/h3>\n<ul>\n<li>200 Funktionen in einem Panel<\/li>\n<li>7 Einzigartige Retuschierbl\u00f6cke<\/li>\n<li>20 benutzerdefinierte Schaltfl\u00e4chen f\u00fcr Ihre pers\u00f6nlichen Aktionen<\/li>\n<li>8 &amp; 16 Bit Frequenztrennung<\/li>\n<li>Sofortiges Umschalten der visuellen Textur<\/li>\n<li>Schnelle Retusche \u00fcber 4 Methoden<\/li>\n<li>Farbkorrekturblock mit 65 Voreinstellungen<\/li>\n<li>4 Methoden zum Ausweichen und Brennen<\/li>\n<li>3 Helfen Sie den Ebenen, die Fehler und Unregelm\u00e4\u00dfigkeiten zu erfassen<\/li>\n<li>Dual Vision f\u00fcr die einfache Verwaltung von Dodge &amp; Burn<\/li>\n<li>Arbeiten Sie mit RGB-Kan\u00e4len und Masken<\/li>\n<li>Lokale und globale Hochpasssch\u00e4rfe<\/li>\n<li>Dynamische Deckkraft und Vignette<\/li>\n<li>Multi-Tint-Effekt<\/li>\n<\/ul>\n<p><strong>Farbkorrektur:<\/strong><\/p>\n<ul>\n<li>Mode<\/li>\n<li>Jahrgang<\/li>\n<li>S\u00fc\u00dfigkeiten<\/li>\n<li>Matt<\/li>\n<li>HDR<\/li>\n<li>Schwarz und wei\u00df<\/li>\n<li>Eine M\u00f6glichkeit, die Stile zu mischen<\/li>\n<\/ul>\n<p><strong>30 Tools f\u00fcr die lokale Retusche:<\/strong><\/p>\n<ul>\n<li>HDR-Kit zur Simulation eines HDR-Effekts<\/li>\n<li>Highlights und Schatten wiederherstellen<\/li>\n<li>Volumen<\/li>\n<li>Volumen HRLA<\/li>\n<li>Handbuch HRLA<\/li>\n<li>Br\u00e4une Haut<\/li>\n<li>Poren entfernen<\/li>\n<li>Hautton-Verlaufskarte<\/li>\n<li>Hautpigment<\/li>\n<li>Rauschstruktur<\/li>\n<li>Manuelle Rauschstruktur<\/li>\n<li>wei\u00dfe Z\u00e4hne<\/li>\n<li>10 in 1 Multifunktionswerkzeug f\u00fcr Augen<\/li>\n<li>5 in 1 Multifunktionswerkzeug f\u00fcr Gesicht<\/li>\n<\/ul>\n<p><strong>3 Arten von Vignetten:<\/strong><\/p>\n<ul>\n<li>Schwarz<\/li>\n<li>Wei\u00df<\/li>\n<li>Farbig<\/li>\n<\/ul>\n<p><strong>5 Arten von Sch\u00e4rfe:<\/strong><\/p>\n<ul>\n<li>Unscharfe Maske<\/li>\n<li>Hochpasssch\u00e4rfe<\/li>\n<li>Lokale Hochpasssch\u00e4rfe<\/li>\n<li>Multi Sch\u00e4rfe<\/li>\n<li>Eine einzigartige Methode, um Hautr\u00e4nder zu sch\u00e4rfen, ohne die Haut selbst zu ber\u00fchren<\/li>\n<\/ul>\n<p><strong>Softwareanforderungen f\u00fcr dieses ultimative Hautretusche-Tool<\/strong>:<\/p>\n<ul>\n<li>Panel verf\u00fcgbar f\u00fcr Photoshop CC2020, CC2019, CC2018, CC2017, CC2015, CC2014, CC, CS6<\/li>\n<li>Alle Sprachen unterst\u00fctzen<\/li>\n<li>Mac- und Windows-Unterst\u00fctzung<\/li>\n<\/ul>\n<p>&nbsp;<\/p>\n<h3>Hier ein kleiner Einblick in dieses ultimative Hautretusche-Tool<\/h3>\n<p>&nbsp;<\/p>\n<p><img decoding=\"async\" class=\"alignnone\" src=\"http:\/\/graphimarket.com\/wp-content\/uploads\/the-ultimate-retouching-panel\/2-min.jpg\" \/><img decoding=\"async\" class=\"alignnone\" style=\"font-style: inherit; font-weight: inherit;\" src=\"http:\/\/graphimarket.com\/wp-content\/uploads\/the-ultimate-retouching-panel\/3-min.jpg\" \/><img decoding=\"async\" src=\"http:\/\/graphimarket.com\/wp-content\/uploads\/the-ultimate-retouching-panel\/4-min.jpg\" \/><img decoding=\"async\" src=\"http:\/\/graphimarket.com\/wp-content\/uploads\/the-ultimate-retouching-panel\/5-min.jpg\" \/><img decoding=\"async\" src=\"http:\/\/graphimarket.com\/wp-content\/uploads\/the-ultimate-retouching-panel\/6-min.jpg\" \/><\/p>\n<h3><strong>Schnappen Sie sich dieses ultimative Hautretusche-Tool f\u00fcr Just\u00a0<del>$299<\/del> $49 Heute!<\/strong><\/h3>\n<h3>Vertragsbedingungen:<\/h3>\n<ul>\n<li>Dieses Paket steht nach Abschluss Ihres Kaufs als sofortiger Download zur Verf\u00fcgung.<\/li>\n<li>Das Bundle kann f\u00fcr pers\u00f6nliche und kommerzielle Zwecke mit einer unbegrenzten Anzahl von Projekten verwendet werden.<\/li>\n<li>Endprodukte d\u00fcrfen nicht in einer Weise verwendet oder verkauft werden, die in direktem Wettbewerb mit dem von Ihnen gekauften Originalartikel steht.<\/li>\n<li>Es kann nicht unterlizenziert, weiterverkauft, geteilt, \u00fcbertragen oder auf andere Weise allein weitergegeben werden. Sie k\u00f6nnen diese Ressourcen nicht mit anderen teilen.<\/li>\n<li>Sie erhalten lebenslangen Zugriff auf das Bundle.<\/li>\n<\/ul>","protected":false},"excerpt":{"rendered":"<p>The Ultimate Skin Retouching Tool to Soften &amp; Smoothen Skin! Retouching skin requires attention to detail and accuracy, but not every technique has to be overly complicated or time-consuming. Wish there could be an ultimate skin retouching tool to do all the hard work. Graphimarket present the ultimate skin retouch panel. This tool lets you [&hellip;]<\/p>\n","protected":false},"featured_media":13143,"comment_status":"open","ping_status":"closed","template":"","meta":{"site-sidebar-layout":"default","site-content-layout":"default","ast-site-content-layout":"default","site-content-style":"default","site-sidebar-style":"default","ast-global-header-display":"","ast-banner-title-visibility":"","ast-main-header-display":"","ast-hfb-above-header-display":"","ast-hfb-below-header-display":"","ast-hfb-mobile-header-display":"","site-post-title":"","ast-breadcrumbs-content":"","ast-featured-img":"","footer-sml-layout":"","ast-disable-related-posts":"","theme-transparent-header-meta":"default","adv-header-id-meta":"","stick-header-meta":"","header-above-stick-meta":"","header-main-stick-meta":"","header-below-stick-meta":"","astra-migrate-meta-layouts":"default","ast-page-background-enabled":"default","ast-page-background-meta":{"desktop":{"background-color":"","background-image":"","background-repeat":"repeat","background-position":"center center","background-size":"auto","background-attachment":"scroll","background-type":"","background-media":"","overlay-type":"","overlay-color":"","overlay-opacity":"","overlay-gradient":""},"tablet":{"background-color":"","background-image":"","background-repeat":"repeat","background-position":"center center","background-size":"auto","background-attachment":"scroll","background-type":"","background-media":"","overlay-type":"","overlay-color":"","overlay-opacity":"","overlay-gradient":""},"mobile":{"background-color":"","background-image":"","background-repeat":"repeat","background-position":"center center","background-size":"auto","background-attachment":"scroll","background-type":"","background-media":"","overlay-type":"","overlay-color":"","overlay-opacity":"","overlay-gradient":""}},"ast-content-background-meta":{"desktop":{"background-color":"var(--ast-global-color-5)","background-image":"","background-repeat":"repeat","background-position":"center center","background-size":"auto","background-attachment":"scroll","background-type":"","background-media":"","overlay-type":"","overlay-color":"","overlay-opacity":"","overlay-gradient":""},"tablet":{"background-color":"var(--ast-global-color-5)","background-image":"","background-repeat":"repeat","background-position":"center center","background-size":"auto","background-attachment":"scroll","background-type":"","background-media":"","overlay-type":"","overlay-color":"","overlay-opacity":"","overlay-gradient":""},"mobile":{"background-color":"var(--ast-global-color-5)","background-image":"","background-repeat":"repeat","background-position":"center center","background-size":"auto","background-attachment":"scroll","background-type":"","background-media":"","overlay-type":"","overlay-color":"","overlay-opacity":"","overlay-gradient":""}}},"product_brand":[],"product_cat":[102,103,193,144,145,195,146,148],"product_tag":[],"class_list":{"0":"post-13142","1":"product","2":"type-product","3":"status-publish","4":"has-post-thumbnail","6":"product_cat-beauty-retouch-tool","7":"product_cat-best-deals","8":"product_cat-graphic-design","9":"product_cat-photo-editor","10":"product_cat-photography","11":"product_cat-photoshop","12":"product_cat-photoshop-action","13":"product_cat-plugins","14":"desktop-align-left","15":"tablet-align-left","16":"mobile-align-left","18":"first","19":"instock","20":"sale","21":"downloadable","22":"virtual","23":"taxable","24":"purchasable","25":"product-type-simple"},"yoast_head":"<!-- This site is optimized with the Yoast SEO plugin v27.3 - https:\/\/yoast.com\/product\/yoast-seo-wordpress\/ -->\n<title>The Ultimate Skin Retouch Panel For Photoshop - Graphimarket<\/title>\n<meta name=\"description\" content=\"Retouching skin requires attention to detail and accuracy, but not every technique has to be overly complicated or time-consuming.\" \/>\n<meta name=\"robots\" content=\"index, follow, max-snippet:-1, max-image-preview:large, max-video-preview:-1\" \/>\n<link rel=\"canonical\" href=\"https:\/\/graphimarket.com\/de\/product\/the-ultimate-skin-retouch-panel-for-photoshop\/\" \/>\n<meta property=\"og:locale\" content=\"de_DE\" \/>\n<meta property=\"og:type\" content=\"article\" \/>\n<meta property=\"og:title\" content=\"The Ultimate Skin Retouch Panel For Photoshop - Graphimarket\" \/>\n<meta property=\"og:description\" content=\"Retouching skin requires attention to detail and accuracy, but not every technique has to be overly complicated or time-consuming.\" \/>\n<meta property=\"og:url\" content=\"https:\/\/graphimarket.com\/de\/product\/the-ultimate-skin-retouch-panel-for-photoshop\/\" \/>\n<meta property=\"og:site_name\" content=\"Graphimarket\" \/>\n<meta property=\"article:modified_time\" content=\"2024-02-09T18:23:13+00:00\" \/>\n<meta property=\"og:image\" content=\"https:\/\/graphimarket.com\/wp-content\/uploads\/2020\/11\/The-Ultimate-Skin-Retouch-Panel-For-PS-Download.jpg\" \/>\n\t<meta property=\"og:image:width\" content=\"800\" \/>\n\t<meta property=\"og:image:height\" content=\"500\" \/>\n\t<meta property=\"og:image:type\" content=\"image\/jpeg\" \/>\n<meta name=\"twitter:card\" content=\"summary_large_image\" \/>\n<meta name=\"twitter:label1\" content=\"Est. reading time\" \/>\n\t<meta name=\"twitter:data1\" content=\"2 minutes\" \/>\n<script type=\"application\/ld+json\" class=\"yoast-schema-graph\">{\"@context\":\"https:\\\/\\\/schema.org\",\"@graph\":[{\"@type\":\"WebPage\",\"@id\":\"https:\\\/\\\/graphimarket.com\\\/product\\\/the-ultimate-skin-retouch-panel-for-photoshop\\\/\",\"url\":\"https:\\\/\\\/graphimarket.com\\\/product\\\/the-ultimate-skin-retouch-panel-for-photoshop\\\/\",\"name\":\"The Ultimate Skin Retouch Panel For Photoshop - Graphimarket\",\"isPartOf\":{\"@id\":\"https:\\\/\\\/graphimarket.com\\\/fr\\\/#website\"},\"primaryImageOfPage\":{\"@id\":\"https:\\\/\\\/graphimarket.com\\\/product\\\/the-ultimate-skin-retouch-panel-for-photoshop\\\/#primaryimage\"},\"image\":{\"@id\":\"https:\\\/\\\/graphimarket.com\\\/product\\\/the-ultimate-skin-retouch-panel-for-photoshop\\\/#primaryimage\"},\"thumbnailUrl\":\"https:\\\/\\\/graphimarket.com\\\/wp-content\\\/uploads\\\/2020\\\/11\\\/The-Ultimate-Skin-Retouch-Panel-For-PS-Download.jpg\",\"datePublished\":\"2020-11-17T14:35:31+00:00\",\"dateModified\":\"2024-02-09T18:23:13+00:00\",\"description\":\"Retouching skin requires attention to detail and accuracy, but not every technique has to be overly complicated or time-consuming.\",\"breadcrumb\":{\"@id\":\"https:\\\/\\\/graphimarket.com\\\/product\\\/the-ultimate-skin-retouch-panel-for-photoshop\\\/#breadcrumb\"},\"inLanguage\":\"de-DE\",\"potentialAction\":[{\"@type\":\"ReadAction\",\"target\":[\"https:\\\/\\\/graphimarket.com\\\/product\\\/the-ultimate-skin-retouch-panel-for-photoshop\\\/\"]}]},{\"@type\":\"ImageObject\",\"inLanguage\":\"de-DE\",\"@id\":\"https:\\\/\\\/graphimarket.com\\\/product\\\/the-ultimate-skin-retouch-panel-for-photoshop\\\/#primaryimage\",\"url\":\"https:\\\/\\\/graphimarket.com\\\/wp-content\\\/uploads\\\/2020\\\/11\\\/The-Ultimate-Skin-Retouch-Panel-For-PS-Download.jpg\",\"contentUrl\":\"https:\\\/\\\/graphimarket.com\\\/wp-content\\\/uploads\\\/2020\\\/11\\\/The-Ultimate-Skin-Retouch-Panel-For-PS-Download.jpg\",\"width\":800,\"height\":500},{\"@type\":\"BreadcrumbList\",\"@id\":\"https:\\\/\\\/graphimarket.com\\\/product\\\/the-ultimate-skin-retouch-panel-for-photoshop\\\/#breadcrumb\",\"itemListElement\":[{\"@type\":\"ListItem\",\"position\":1,\"name\":\"Home\",\"item\":\"https:\\\/\\\/graphimarket.com\\\/es\\\/\"},{\"@type\":\"ListItem\",\"position\":2,\"name\":\"Store\",\"item\":\"https:\\\/\\\/graphimarket.com\\\/store\\\/\"},{\"@type\":\"ListItem\",\"position\":3,\"name\":\"The Ultimate Skin Retouch Panel For Photoshop\"}]},{\"@type\":\"WebSite\",\"@id\":\"https:\\\/\\\/graphimarket.com\\\/fr\\\/#website\",\"url\":\"https:\\\/\\\/graphimarket.com\\\/fr\\\/\",\"name\":\"Graphimarket\",\"description\":\"Find the perfect creative asset to bring your project to life\",\"publisher\":{\"@id\":\"https:\\\/\\\/graphimarket.com\\\/fr\\\/#organization\"},\"potentialAction\":[{\"@type\":\"SearchAction\",\"target\":{\"@type\":\"EntryPoint\",\"urlTemplate\":\"https:\\\/\\\/graphimarket.com\\\/fr\\\/?s={search_term_string}\"},\"query-input\":{\"@type\":\"PropertyValueSpecification\",\"valueRequired\":true,\"valueName\":\"search_term_string\"}}],\"inLanguage\":\"de-DE\"},{\"@type\":\"Organization\",\"@id\":\"https:\\\/\\\/graphimarket.com\\\/fr\\\/#organization\",\"name\":\"Graphimarket\",\"url\":\"https:\\\/\\\/graphimarket.com\\\/fr\\\/\",\"logo\":{\"@type\":\"ImageObject\",\"inLanguage\":\"de-DE\",\"@id\":\"https:\\\/\\\/graphimarket.com\\\/fr\\\/#\\\/schema\\\/logo\\\/image\\\/\",\"url\":\"https:\\\/\\\/graphimarket.com\\\/wp-content\\\/uploads\\\/2020\\\/08\\\/logo-48.png\",\"contentUrl\":\"https:\\\/\\\/graphimarket.com\\\/wp-content\\\/uploads\\\/2020\\\/08\\\/logo-48.png\",\"width\":132,\"height\":48,\"caption\":\"Graphimarket\"},\"image\":{\"@id\":\"https:\\\/\\\/graphimarket.com\\\/fr\\\/#\\\/schema\\\/logo\\\/image\\\/\"}}]}<\/script>\n<!-- \/ Yoast SEO plugin. -->","yoast_head_json":{"title":"Das ultimative Skin Retouch Panel f\u00fcr Photoshop - Graphimarket","description":"Retouching skin requires attention to detail and accuracy, but not every technique has to be overly complicated or time-consuming.","robots":{"index":"index","follow":"follow","max-snippet":"max-snippet:-1","max-image-preview":"max-image-preview:large","max-video-preview":"max-video-preview:-1"},"canonical":"https:\/\/graphimarket.com\/de\/product\/the-ultimate-skin-retouch-panel-for-photoshop\/","og_locale":"de_DE","og_type":"article","og_title":"The Ultimate Skin Retouch Panel For Photoshop - Graphimarket","og_description":"Retouching skin requires attention to detail and accuracy, but not every technique has to be overly complicated or time-consuming.","og_url":"https:\/\/graphimarket.com\/de\/product\/the-ultimate-skin-retouch-panel-for-photoshop\/","og_site_name":"Graphimarket","article_modified_time":"2024-02-09T18:23:13+00:00","og_image":[{"width":800,"height":500,"url":"https:\/\/graphimarket.com\/wp-content\/uploads\/2020\/11\/The-Ultimate-Skin-Retouch-Panel-For-PS-Download.jpg","type":"image\/jpeg"}],"twitter_card":"summary_large_image","twitter_misc":{"Est. reading time":"2 minutes"},"schema":{"@context":"https:\/\/schema.org","@graph":[{"@type":"WebPage","@id":"https:\/\/graphimarket.com\/product\/the-ultimate-skin-retouch-panel-for-photoshop\/","url":"https:\/\/graphimarket.com\/product\/the-ultimate-skin-retouch-panel-for-photoshop\/","name":"Das ultimative Skin Retouch Panel f\u00fcr Photoshop - Graphimarket","isPartOf":{"@id":"https:\/\/graphimarket.com\/fr\/#website"},"primaryImageOfPage":{"@id":"https:\/\/graphimarket.com\/product\/the-ultimate-skin-retouch-panel-for-photoshop\/#primaryimage"},"image":{"@id":"https:\/\/graphimarket.com\/product\/the-ultimate-skin-retouch-panel-for-photoshop\/#primaryimage"},"thumbnailUrl":"https:\/\/graphimarket.com\/wp-content\/uploads\/2020\/11\/The-Ultimate-Skin-Retouch-Panel-For-PS-Download.jpg","datePublished":"2020-11-17T14:35:31+00:00","dateModified":"2024-02-09T18:23:13+00:00","description":"Retouching skin requires attention to detail and accuracy, but not every technique has to be overly complicated or time-consuming.","breadcrumb":{"@id":"https:\/\/graphimarket.com\/product\/the-ultimate-skin-retouch-panel-for-photoshop\/#breadcrumb"},"inLanguage":"de-DE","potentialAction":[{"@type":"ReadAction","target":["https:\/\/graphimarket.com\/product\/the-ultimate-skin-retouch-panel-for-photoshop\/"]}]},{"@type":"ImageObject","inLanguage":"de-DE","@id":"https:\/\/graphimarket.com\/product\/the-ultimate-skin-retouch-panel-for-photoshop\/#primaryimage","url":"https:\/\/graphimarket.com\/wp-content\/uploads\/2020\/11\/The-Ultimate-Skin-Retouch-Panel-For-PS-Download.jpg","contentUrl":"https:\/\/graphimarket.com\/wp-content\/uploads\/2020\/11\/The-Ultimate-Skin-Retouch-Panel-For-PS-Download.jpg","width":800,"height":500},{"@type":"BreadcrumbList","@id":"https:\/\/graphimarket.com\/product\/the-ultimate-skin-retouch-panel-for-photoshop\/#breadcrumb","itemListElement":[{"@type":"ListItem","position":1,"name":"Home","item":"https:\/\/graphimarket.com\/es\/"},{"@type":"ListItem","position":2,"name":"Store","item":"https:\/\/graphimarket.com\/store\/"},{"@type":"ListItem","position":3,"name":"The Ultimate Skin Retouch Panel For Photoshop"}]},{"@type":"WebSite","@id":"https:\/\/graphimarket.com\/fr\/#website","url":"https:\/\/graphimarket.com\/fr\/","name":"Graphimarket","description":"Finden Sie das perfekte kreative Kapital, um Ihr Projekt zum Leben zu erwecken","publisher":{"@id":"https:\/\/graphimarket.com\/fr\/#organization"},"potentialAction":[{"@type":"SearchAction","target":{"@type":"EntryPoint","urlTemplate":"https:\/\/graphimarket.com\/fr\/?s={search_term_string}"},"query-input":{"@type":"PropertyValueSpecification","valueRequired":true,"valueName":"search_term_string"}}],"inLanguage":"de-DE"},{"@type":"Organization","@id":"https:\/\/graphimarket.com\/fr\/#organization","name":"Graphimarket","url":"https:\/\/graphimarket.com\/fr\/","logo":{"@type":"ImageObject","inLanguage":"de-DE","@id":"https:\/\/graphimarket.com\/fr\/#\/schema\/logo\/image\/","url":"https:\/\/graphimarket.com\/wp-content\/uploads\/2020\/08\/logo-48.png","contentUrl":"https:\/\/graphimarket.com\/wp-content\/uploads\/2020\/08\/logo-48.png","width":132,"height":48,"caption":"Graphimarket"},"image":{"@id":"https:\/\/graphimarket.com\/fr\/#\/schema\/logo\/image\/"}}]}},"_links":{"self":[{"href":"https:\/\/graphimarket.com\/de\/wp-json\/wp\/v2\/product\/13142","targetHints":{"allow":["GET"]}}],"collection":[{"href":"https:\/\/graphimarket.com\/de\/wp-json\/wp\/v2\/product"}],"about":[{"href":"https:\/\/graphimarket.com\/de\/wp-json\/wp\/v2\/types\/product"}],"replies":[{"embeddable":true,"href":"https:\/\/graphimarket.com\/de\/wp-json\/wp\/v2\/comments?post=13142"}],"version-history":[{"count":0,"href":"https:\/\/graphimarket.com\/de\/wp-json\/wp\/v2\/product\/13142\/revisions"}],"wp:featuredmedia":[{"embeddable":true,"href":"https:\/\/graphimarket.com\/de\/wp-json\/wp\/v2\/media\/13143"}],"wp:attachment":[{"href":"https:\/\/graphimarket.com\/de\/wp-json\/wp\/v2\/media?parent=13142"}],"wp:term":[{"taxonomy":"product_brand","embeddable":true,"href":"https:\/\/graphimarket.com\/de\/wp-json\/wp\/v2\/product_brand?post=13142"},{"taxonomy":"product_cat","embeddable":true,"href":"https:\/\/graphimarket.com\/de\/wp-json\/wp\/v2\/product_cat?post=13142"},{"taxonomy":"product_tag","embeddable":true,"href":"https:\/\/graphimarket.com\/de\/wp-json\/wp\/v2\/product_tag?post=13142"}],"curies":[{"name":"wp","href":"https:\/\/api.w.org\/{rel}","templated":true}]}}