{"id":13727,"date":"2020-12-07T15:12:40","date_gmt":"2020-12-07T14:12:40","guid":{"rendered":"https:\/\/graphimarket.com\/?post_type=product&#038;p=13727"},"modified":"2022-12-19T09:33:24","modified_gmt":"2022-12-19T08:33:24","slug":"animator-photoshop-plug-in-for-animated-effects","status":"publish","type":"product","link":"https:\/\/graphimarket.com\/de\/product\/animator-photoshop-plug-in-for-animated-effects\/","title":{"rendered":"Animator Photoshop-Plug-In f\u00fcr animierte Effekte"},"content":{"rendered":"<p>&nbsp;<\/p>\n<p><img fetchpriority=\"high\" decoding=\"async\" class=\"alignnone size-full wp-image-13728\" src=\"https:\/\/graphimarket.com\/wp-content\/uploads\/2020\/12\/68747470733a2f2f73746f726167652e676f6f676c65617069732e636f6d2f6772617068696372697665722d3134393830352e61707073706f742e636f6d2f73726564612f6e6577416e69-1.gif\" alt=\"\" width=\"616\" height=\"880\" \/><\/p>\n<p><img decoding=\"async\" class=\"alignnone size-full wp-image-13729\" src=\"https:\/\/graphimarket.com\/wp-content\/uploads\/2020\/12\/68747470733a2f2f73746f726167652e676f6f676c65617069732e636f6d2f6772617068696372697665722d3134393830352e61707073706f742e636f6d2f73726564612f6e6577416e69-1.jpg\" alt=\"\" width=\"616\" height=\"468\" srcset=\"https:\/\/graphimarket.com\/wp-content\/uploads\/2020\/12\/68747470733a2f2f73746f726167652e676f6f676c65617069732e636f6d2f6772617068696372697665722d3134393830352e61707073706f742e636f6d2f73726564612f6e6577416e69-1.jpg 616w, https:\/\/graphimarket.com\/wp-content\/uploads\/2020\/12\/68747470733a2f2f73746f726167652e676f6f676c65617069732e636f6d2f6772617068696372697665722d3134393830352e61707073706f742e636f6d2f73726564612f6e6577416e69-1-300x228.jpg 300w, https:\/\/graphimarket.com\/wp-content\/uploads\/2020\/12\/68747470733a2f2f73746f726167652e676f6f676c65617069732e636f6d2f6772617068696372697665722d3134393830352e61707073706f742e636f6d2f73726564612f6e6577416e69-1-16x12.jpg 16w, https:\/\/graphimarket.com\/wp-content\/uploads\/2020\/12\/68747470733a2f2f73746f726167652e676f6f676c65617069732e636f6d2f6772617068696372697665722d3134393830352e61707073706f742e636f6d2f73726564612f6e6577416e69-1-600x456.jpg 600w\" sizes=\"(max-width: 616px) 100vw, 616px\" \/><\/p>\n<p><img decoding=\"async\" class=\"alignnone size-full wp-image-13730\" src=\"https:\/\/graphimarket.com\/wp-content\/uploads\/2020\/12\/68747470733a2f2f73746f726167652e676f6f676c65617069732e636f6d2f6772617068696372697665722d3134393830352e61707073706f742e636f6d2f73726564612f6e6577416e69-2.jpg\" alt=\"\" width=\"616\" height=\"1462\" srcset=\"https:\/\/graphimarket.com\/wp-content\/uploads\/2020\/12\/68747470733a2f2f73746f726167652e676f6f676c65617069732e636f6d2f6772617068696372697665722d3134393830352e61707073706f742e636f6d2f73726564612f6e6577416e69-2.jpg 616w, https:\/\/graphimarket.com\/wp-content\/uploads\/2020\/12\/68747470733a2f2f73746f726167652e676f6f676c65617069732e636f6d2f6772617068696372697665722d3134393830352e61707073706f742e636f6d2f73726564612f6e6577416e69-2-126x300.jpg 126w, https:\/\/graphimarket.com\/wp-content\/uploads\/2020\/12\/68747470733a2f2f73746f726167652e676f6f676c65617069732e636f6d2f6772617068696372697665722d3134393830352e61707073706f742e636f6d2f73726564612f6e6577416e69-2-431x1024.jpg 431w, https:\/\/graphimarket.com\/wp-content\/uploads\/2020\/12\/68747470733a2f2f73746f726167652e676f6f676c65617069732e636f6d2f6772617068696372697665722d3134393830352e61707073706f742e636f6d2f73726564612f6e6577416e69-2-5x12.jpg 5w, https:\/\/graphimarket.com\/wp-content\/uploads\/2020\/12\/68747470733a2f2f73746f726167652e676f6f676c65617069732e636f6d2f6772617068696372697665722d3134393830352e61707073706f742e636f6d2f73726564612f6e6577416e69-2-600x1424.jpg 600w\" sizes=\"(max-width: 616px) 100vw, 616px\" \/><img loading=\"lazy\" decoding=\"async\" class=\"alignnone size-full wp-image-13731\" src=\"https:\/\/graphimarket.com\/wp-content\/uploads\/2020\/12\/68747470733a2f2f73746f726167652e676f6f676c65617069732e636f6d2f6772617068696372697665722d3134393830352e61707073706f742e636f6d2f73726564612f6e6577416e69-3.gif\" alt=\"\" width=\"616\" height=\"880\" \/><img loading=\"lazy\" decoding=\"async\" class=\"alignnone size-full wp-image-13732\" src=\"https:\/\/graphimarket.com\/wp-content\/uploads\/2020\/12\/68747470733a2f2f73746f726167652e676f6f676c65617069732e636f6d2f6772617068696372697665722d3134393830352e61707073706f742e636f6d2f73726564612f6e6577416e69-2.gif\" alt=\"\" width=\"616\" height=\"415\" \/><img loading=\"lazy\" decoding=\"async\" class=\"alignnone size-full wp-image-13733\" src=\"https:\/\/graphimarket.com\/wp-content\/uploads\/2020\/12\/68747470733a2f2f73746f726167652e676f6f676c65617069732e636f6d2f6772617068696372697665722d3134393830352e61707073706f742e636f6d2f73726564612f6e6577416e69-4.gif\" alt=\"\" width=\"616\" height=\"730\" \/><img loading=\"lazy\" decoding=\"async\" class=\"alignnone size-full wp-image-13734\" src=\"https:\/\/graphimarket.com\/wp-content\/uploads\/2020\/12\/68747470733a2f2f73746f726167652e676f6f676c65617069732e636f6d2f6772617068696372697665722d3134393830352e61707073706f742e636f6d2f73726564612f6e6577416e696d61.gif\" alt=\"\" width=\"616\" height=\"880\" \/><img loading=\"lazy\" decoding=\"async\" class=\"alignnone size-full wp-image-13735\" src=\"https:\/\/graphimarket.com\/wp-content\/uploads\/2020\/12\/68747470733a2f2f73746f726167652e676f6f676c65617069732e636f6d2f6772617068696372697665722d3134393830352e61707073706f742e636f6d2f73726564612f6e6577416e696d61-scaled.jpg\" alt=\"\" width=\"870\" height=\"2560\" srcset=\"https:\/\/graphimarket.com\/wp-content\/uploads\/2020\/12\/68747470733a2f2f73746f726167652e676f6f676c65617069732e636f6d2f6772617068696372697665722d3134393830352e61707073706f742e636f6d2f73726564612f6e6577416e696d61-scaled.jpg 870w, https:\/\/graphimarket.com\/wp-content\/uploads\/2020\/12\/68747470733a2f2f73746f726167652e676f6f676c65617069732e636f6d2f6772617068696372697665722d3134393830352e61707073706f742e636f6d2f73726564612f6e6577416e696d61-102x300.jpg 102w, https:\/\/graphimarket.com\/wp-content\/uploads\/2020\/12\/68747470733a2f2f73746f726167652e676f6f676c65617069732e636f6d2f6772617068696372697665722d3134393830352e61707073706f742e636f6d2f73726564612f6e6577416e696d61-348x1024.jpg 348w, https:\/\/graphimarket.com\/wp-content\/uploads\/2020\/12\/68747470733a2f2f73746f726167652e676f6f676c65617069732e636f6d2f6772617068696372697665722d3134393830352e61707073706f742e636f6d2f73726564612f6e6577416e696d61-768x2261.jpg 768w, https:\/\/graphimarket.com\/wp-content\/uploads\/2020\/12\/68747470733a2f2f73746f726167652e676f6f676c65617069732e636f6d2f6772617068696372697665722d3134393830352e61707073706f742e636f6d2f73726564612f6e6577416e696d61-522x1536.jpg 522w, https:\/\/graphimarket.com\/wp-content\/uploads\/2020\/12\/68747470733a2f2f73746f726167652e676f6f676c65617069732e636f6d2f6772617068696372697665722d3134393830352e61707073706f742e636f6d2f73726564612f6e6577416e696d61-696x2048.jpg 696w, https:\/\/graphimarket.com\/wp-content\/uploads\/2020\/12\/68747470733a2f2f73746f726167652e676f6f676c65617069732e636f6d2f6772617068696372697665722d3134393830352e61707073706f742e636f6d2f73726564612f6e6577416e696d61-4x12.jpg 4w, https:\/\/graphimarket.com\/wp-content\/uploads\/2020\/12\/68747470733a2f2f73746f726167652e676f6f676c65617069732e636f6d2f6772617068696372697665722d3134393830352e61707073706f742e636f6d2f73726564612f6e6577416e696d61-1320x3886.jpg 1320w, https:\/\/graphimarket.com\/wp-content\/uploads\/2020\/12\/68747470733a2f2f73746f726167652e676f6f676c65617069732e636f6d2f6772617068696372697665722d3134393830352e61707073706f742e636f6d2f73726564612f6e6577416e696d61-600x1766.jpg 600w\" sizes=\"(max-width: 870px) 100vw, 870px\" \/><\/p>\n<p>&nbsp;<\/p>\n<p>&nbsp;<\/p>\n<p><img loading=\"lazy\" decoding=\"async\" class=\"alignnone size-full wp-image-14268\" src=\"https:\/\/graphimarket.com\/wp-content\/uploads\/2020\/12\/68747470733a2f2f73746f726167652e676f6f676c65617069732e636f6d2f6772617068696372697665722d3134393830352e61707073706f742e636f6d2f73726564612f6e6577416e696d61746f722f62616e6e.gif\" alt=\"\" width=\"616\" height=\"719\" \/><\/p>\n<p>&nbsp;<\/p>\n<p><strong>ANIMATOR Photoshop-Plug-In<\/strong>\u00a0ist ein professionelles Mehrzweckpaket mit mehr als 200 Voreinstellungen, mit denen Sie Ihren Workflow in Photoshop beschleunigen k\u00f6nnen. Animator ist die beste L\u00f6sung f\u00fcr Benutzer, die sch\u00f6ne Animationen f\u00fcr kreative Projekte ben\u00f6tigen. Dieses Photoshop-Plug-In f\u00fcr Animationen enth\u00e4lt viele n\u00fctzliche Elemente in vielen verschiedenen Stilen. Sie k\u00f6nnen Ihrem Design ganz einfach Animationen hinzuf\u00fcgen und die Ergebnisse in einem Augenblick erhalten. W\u00e4hlen Sie einfach die Animation (Intro oder Outro) aus der Vorschau und klicken Sie darauf, um die Animation hinzuzuf\u00fcgen. Jetzt m\u00fcssen Sie nur noch Ihr Objekt ausw\u00e4hlen und die voreingestellte Animation hinzuf\u00fcgen. Sie k\u00f6nnen die Dauer der Animation auch in Photoshop, Punkt oder Ma\u00dfstab anpassen. Alle animierten Photoshop-Effekte werden sorgf\u00e4ltig erstellt, um Ihren Anforderungen zu entsprechen. Wir sind fest davon \u00fcberzeugt, dass dieses Projekt ein sehr praktisches Werkzeug f\u00fcr Ihre kreativen Projekte sein kann.<\/p>\n<p><strong>ANIMATOR Eigenschaften:<\/strong><\/p>\n<ul>\n<li>70+ Effekte;<\/li>\n<li>2500+ Kombinationen;<\/li>\n<li>Einfache und schnelle Ergebnisse;<\/li>\n<li>Animation mit einem Klick;<\/li>\n<li>Kontrollieren Sie die Dauer der Animation.<\/li>\n<li>Kontrollpunkt;<\/li>\n<li>Kontrollskala;<\/li>\n<li>Einfach zu installieren;<\/li>\n<li>Animationen mischen;<\/li>\n<li><strong>VIELE PRESETS UND NEUE FUNKTIONEN IN ZUK\u00dcNFTIGEN UPDATES;<\/strong><\/li>\n<\/ul>\n<ul>\n<li><strong>VIELE PRESETS UND NEUE FUNKTIONEN IN ZUK\u00dcNFTIGEN UPDATES;<\/strong><\/li>\n<li>\n<h3 id=\"item-description__important-pre-sale-notes\">Wichtige Hinweise vor dem Verkauf:<\/h3>\n<ul>\n<li>Das Animator-Plugin ist mehrsprachig. Dies bedeutet, dass Sie das Plugin mit verwenden k\u00f6nnen\u00a0<strong>jede Sprachversion von Photoshop.<\/strong><\/li>\n<li><strong>KOSTENLOSE UPDATES<\/strong>\u00a0- Unabh\u00e4ngig davon, wann Sie die Erweiterung gekauft haben, sind alle zuk\u00fcnftigen Updates kostenlos. Nach jedem gr\u00f6\u00dferen und kleineren Update erhalten Sie eine E-Mail-Benachrichtigung, dass das Update von Ihrer Download-Seite zum Download zur Verf\u00fcgung steht.<\/li>\n<li>Animator kann sowohl auf dem PC als auch auf dem Mac verwendet werden.<\/li>\n<li>Funktioniert mit Adobe Photoshop CC2015.5, CC2017, CC2018, CC2019, CC2020, CC2021 oder der neuesten Version.<\/li>\n<\/ul>\n<\/li>\n<\/ul>","protected":false},"excerpt":{"rendered":"<p>&nbsp; &nbsp; &nbsp; &nbsp; ANIMATOR Photoshop Plug-in\u00a0is a professional multipurpose pack of 200+ presets that can speed up your workflow in Photoshop. Animator is the best solution for users who need beautiful animations for creative projects. This Photoshop Plug-in for animation contains lots of handy items in many different styles. You can easily add animation [&hellip;]<\/p>\n","protected":false},"featured_media":13733,"comment_status":"open","ping_status":"closed","template":"","meta":{"site-sidebar-layout":"default","site-content-layout":"default","ast-site-content-layout":"default","site-content-style":"default","site-sidebar-style":"default","ast-global-header-display":"","ast-banner-title-visibility":"","ast-main-header-display":"","ast-hfb-above-header-display":"","ast-hfb-below-header-display":"","ast-hfb-mobile-header-display":"","site-post-title":"","ast-breadcrumbs-content":"","ast-featured-img":"","footer-sml-layout":"","ast-disable-related-posts":"","theme-transparent-header-meta":"default","adv-header-id-meta":"","stick-header-meta":"","header-above-stick-meta":"","header-main-stick-meta":"","header-below-stick-meta":"","astra-migrate-meta-layouts":"default","ast-page-background-enabled":"default","ast-page-background-meta":{"desktop":{"background-color":"","background-image":"","background-repeat":"repeat","background-position":"center center","background-size":"auto","background-attachment":"scroll","background-type":"","background-media":"","overlay-type":"","overlay-color":"","overlay-opacity":"","overlay-gradient":""},"tablet":{"background-color":"","background-image":"","background-repeat":"repeat","background-position":"center center","background-size":"auto","background-attachment":"scroll","background-type":"","background-media":"","overlay-type":"","overlay-color":"","overlay-opacity":"","overlay-gradient":""},"mobile":{"background-color":"","background-image":"","background-repeat":"repeat","background-position":"center center","background-size":"auto","background-attachment":"scroll","background-type":"","background-media":"","overlay-type":"","overlay-color":"","overlay-opacity":"","overlay-gradient":""}},"ast-content-background-meta":{"desktop":{"background-color":"var(--ast-global-color-5)","background-image":"","background-repeat":"repeat","background-position":"center center","background-size":"auto","background-attachment":"scroll","background-type":"","background-media":"","overlay-type":"","overlay-color":"","overlay-opacity":"","overlay-gradient":""},"tablet":{"background-color":"var(--ast-global-color-5)","background-image":"","background-repeat":"repeat","background-position":"center center","background-size":"auto","background-attachment":"scroll","background-type":"","background-media":"","overlay-type":"","overlay-color":"","overlay-opacity":"","overlay-gradient":""},"mobile":{"background-color":"var(--ast-global-color-5)","background-image":"","background-repeat":"repeat","background-position":"center center","background-size":"auto","background-attachment":"scroll","background-type":"","background-media":"","overlay-type":"","overlay-color":"","overlay-opacity":"","overlay-gradient":""}}},"product_brand":[],"product_cat":[103,113,15,195],"product_tag":[1801,1799,1800],"class_list":{"0":"post-13727","1":"product","2":"type-product","3":"status-publish","4":"has-post-thumbnail","6":"product_cat-best-deals","7":"product_cat-css-animations","8":"product_cat-photo","9":"product_cat-photoshop","10":"product_tag-animator","11":"product_tag-photoshop-action","12":"product_tag-plug-in","13":"desktop-align-left","14":"tablet-align-left","15":"mobile-align-left","17":"first","18":"instock","19":"sale","20":"downloadable","21":"virtual","22":"taxable","23":"purchasable","24":"product-type-simple"},"yoast_head":"<!-- This site is optimized with the Yoast SEO plugin v27.3 - https:\/\/yoast.com\/product\/yoast-seo-wordpress\/ -->\n<title>Animator Photoshop Plug-in for Animated Effects - Graphimarket<\/title>\n<meta name=\"description\" content=\"ANIMATOR Photoshop Plug-in\u00a0is a professional multipurpose pack of 200+ presets that can speed up your workflow in Photoshop....\" \/>\n<meta name=\"robots\" content=\"index, follow, max-snippet:-1, max-image-preview:large, max-video-preview:-1\" \/>\n<link rel=\"canonical\" href=\"https:\/\/graphimarket.com\/de\/product\/animator-photoshop-plug-in-for-animated-effects\/\" \/>\n<meta property=\"og:locale\" content=\"de_DE\" \/>\n<meta property=\"og:type\" content=\"article\" \/>\n<meta property=\"og:title\" content=\"Animator Photoshop Plug-in for Animated Effects - Graphimarket\" \/>\n<meta property=\"og:description\" content=\"ANIMATOR Photoshop Plug-in\u00a0is a professional multipurpose pack of 200+ presets that can speed up your workflow in Photoshop....\" \/>\n<meta property=\"og:url\" content=\"https:\/\/graphimarket.com\/de\/product\/animator-photoshop-plug-in-for-animated-effects\/\" \/>\n<meta property=\"og:site_name\" content=\"Graphimarket\" \/>\n<meta property=\"article:modified_time\" content=\"2022-12-19T08:33:24+00:00\" \/>\n<meta property=\"og:image\" content=\"https:\/\/graphimarket.com\/wp-content\/uploads\/2020\/12\/68747470733a2f2f73746f726167652e676f6f676c65617069732e636f6d2f6772617068696372697665722d3134393830352e61707073706f742e636f6d2f73726564612f6e6577416e69-4.gif\" \/>\n\t<meta property=\"og:image:width\" content=\"616\" \/>\n\t<meta property=\"og:image:height\" content=\"730\" \/>\n\t<meta property=\"og:image:type\" content=\"image\/gif\" \/>\n<meta name=\"twitter:card\" content=\"summary_large_image\" \/>\n<meta name=\"twitter:label1\" content=\"Est. reading time\" \/>\n\t<meta name=\"twitter:data1\" content=\"1 minute\" \/>\n<script type=\"application\/ld+json\" class=\"yoast-schema-graph\">{\"@context\":\"https:\\\/\\\/schema.org\",\"@graph\":[{\"@type\":\"WebPage\",\"@id\":\"https:\\\/\\\/graphimarket.com\\\/product\\\/animator-photoshop-plug-in-for-animated-effects\\\/\",\"url\":\"https:\\\/\\\/graphimarket.com\\\/product\\\/animator-photoshop-plug-in-for-animated-effects\\\/\",\"name\":\"Animator Photoshop Plug-in for Animated Effects - Graphimarket\",\"isPartOf\":{\"@id\":\"https:\\\/\\\/graphimarket.com\\\/fr\\\/#website\"},\"primaryImageOfPage\":{\"@id\":\"https:\\\/\\\/graphimarket.com\\\/product\\\/animator-photoshop-plug-in-for-animated-effects\\\/#primaryimage\"},\"image\":{\"@id\":\"https:\\\/\\\/graphimarket.com\\\/product\\\/animator-photoshop-plug-in-for-animated-effects\\\/#primaryimage\"},\"thumbnailUrl\":\"https:\\\/\\\/graphimarket.com\\\/wp-content\\\/uploads\\\/2020\\\/12\\\/68747470733a2f2f73746f726167652e676f6f676c65617069732e636f6d2f6772617068696372697665722d3134393830352e61707073706f742e636f6d2f73726564612f6e6577416e69-4.gif\",\"datePublished\":\"2020-12-07T14:12:40+00:00\",\"dateModified\":\"2022-12-19T08:33:24+00:00\",\"description\":\"ANIMATOR Photoshop Plug-in\u00a0is a professional multipurpose pack of 200+ presets that can speed up your workflow in Photoshop....\",\"breadcrumb\":{\"@id\":\"https:\\\/\\\/graphimarket.com\\\/product\\\/animator-photoshop-plug-in-for-animated-effects\\\/#breadcrumb\"},\"inLanguage\":\"de-DE\",\"potentialAction\":[{\"@type\":\"ReadAction\",\"target\":[\"https:\\\/\\\/graphimarket.com\\\/product\\\/animator-photoshop-plug-in-for-animated-effects\\\/\"]}]},{\"@type\":\"ImageObject\",\"inLanguage\":\"de-DE\",\"@id\":\"https:\\\/\\\/graphimarket.com\\\/product\\\/animator-photoshop-plug-in-for-animated-effects\\\/#primaryimage\",\"url\":\"https:\\\/\\\/graphimarket.com\\\/wp-content\\\/uploads\\\/2020\\\/12\\\/68747470733a2f2f73746f726167652e676f6f676c65617069732e636f6d2f6772617068696372697665722d3134393830352e61707073706f742e636f6d2f73726564612f6e6577416e69-4.gif\",\"contentUrl\":\"https:\\\/\\\/graphimarket.com\\\/wp-content\\\/uploads\\\/2020\\\/12\\\/68747470733a2f2f73746f726167652e676f6f676c65617069732e636f6d2f6772617068696372697665722d3134393830352e61707073706f742e636f6d2f73726564612f6e6577416e69-4.gif\",\"width\":616,\"height\":730},{\"@type\":\"BreadcrumbList\",\"@id\":\"https:\\\/\\\/graphimarket.com\\\/product\\\/animator-photoshop-plug-in-for-animated-effects\\\/#breadcrumb\",\"itemListElement\":[{\"@type\":\"ListItem\",\"position\":1,\"name\":\"Home\",\"item\":\"https:\\\/\\\/graphimarket.com\\\/es\\\/\"},{\"@type\":\"ListItem\",\"position\":2,\"name\":\"Store\",\"item\":\"https:\\\/\\\/graphimarket.com\\\/store\\\/\"},{\"@type\":\"ListItem\",\"position\":3,\"name\":\"Animator Photoshop Plug-in for Animated Effects\"}]},{\"@type\":\"WebSite\",\"@id\":\"https:\\\/\\\/graphimarket.com\\\/fr\\\/#website\",\"url\":\"https:\\\/\\\/graphimarket.com\\\/fr\\\/\",\"name\":\"Graphimarket\",\"description\":\"Find the perfect creative asset to bring your project to life\",\"publisher\":{\"@id\":\"https:\\\/\\\/graphimarket.com\\\/fr\\\/#organization\"},\"potentialAction\":[{\"@type\":\"SearchAction\",\"target\":{\"@type\":\"EntryPoint\",\"urlTemplate\":\"https:\\\/\\\/graphimarket.com\\\/fr\\\/?s={search_term_string}\"},\"query-input\":{\"@type\":\"PropertyValueSpecification\",\"valueRequired\":true,\"valueName\":\"search_term_string\"}}],\"inLanguage\":\"de-DE\"},{\"@type\":\"Organization\",\"@id\":\"https:\\\/\\\/graphimarket.com\\\/fr\\\/#organization\",\"name\":\"Graphimarket\",\"url\":\"https:\\\/\\\/graphimarket.com\\\/fr\\\/\",\"logo\":{\"@type\":\"ImageObject\",\"inLanguage\":\"de-DE\",\"@id\":\"https:\\\/\\\/graphimarket.com\\\/fr\\\/#\\\/schema\\\/logo\\\/image\\\/\",\"url\":\"https:\\\/\\\/graphimarket.com\\\/wp-content\\\/uploads\\\/2020\\\/08\\\/logo-48.png\",\"contentUrl\":\"https:\\\/\\\/graphimarket.com\\\/wp-content\\\/uploads\\\/2020\\\/08\\\/logo-48.png\",\"width\":132,\"height\":48,\"caption\":\"Graphimarket\"},\"image\":{\"@id\":\"https:\\\/\\\/graphimarket.com\\\/fr\\\/#\\\/schema\\\/logo\\\/image\\\/\"}}]}<\/script>\n<!-- \/ Yoast SEO plugin. -->","yoast_head_json":{"title":"Animator Photoshop-Plug-In f\u00fcr animierte Effekte - Graphimarket","description":"ANIMATOR Photoshop Plug-in ist ein professionelles Mehrzweckpaket mit mehr als 200 Voreinstellungen, mit dem Sie Ihren Workflow in Photoshop beschleunigen k\u00f6nnen.","robots":{"index":"index","follow":"follow","max-snippet":"max-snippet:-1","max-image-preview":"max-image-preview:large","max-video-preview":"max-video-preview:-1"},"canonical":"https:\/\/graphimarket.com\/de\/product\/animator-photoshop-plug-in-for-animated-effects\/","og_locale":"de_DE","og_type":"article","og_title":"Animator Photoshop Plug-in for Animated Effects - Graphimarket","og_description":"ANIMATOR Photoshop Plug-in\u00a0is a professional multipurpose pack of 200+ presets that can speed up your workflow in Photoshop....","og_url":"https:\/\/graphimarket.com\/de\/product\/animator-photoshop-plug-in-for-animated-effects\/","og_site_name":"Graphimarket","article_modified_time":"2022-12-19T08:33:24+00:00","og_image":[{"width":616,"height":730,"url":"https:\/\/graphimarket.com\/wp-content\/uploads\/2020\/12\/68747470733a2f2f73746f726167652e676f6f676c65617069732e636f6d2f6772617068696372697665722d3134393830352e61707073706f742e636f6d2f73726564612f6e6577416e69-4.gif","type":"image\/gif"}],"twitter_card":"summary_large_image","twitter_misc":{"Est. reading time":"1 minute"},"schema":{"@context":"https:\/\/schema.org","@graph":[{"@type":"WebPage","@id":"https:\/\/graphimarket.com\/product\/animator-photoshop-plug-in-for-animated-effects\/","url":"https:\/\/graphimarket.com\/product\/animator-photoshop-plug-in-for-animated-effects\/","name":"Animator Photoshop-Plug-In f\u00fcr animierte Effekte - Graphimarket","isPartOf":{"@id":"https:\/\/graphimarket.com\/fr\/#website"},"primaryImageOfPage":{"@id":"https:\/\/graphimarket.com\/product\/animator-photoshop-plug-in-for-animated-effects\/#primaryimage"},"image":{"@id":"https:\/\/graphimarket.com\/product\/animator-photoshop-plug-in-for-animated-effects\/#primaryimage"},"thumbnailUrl":"https:\/\/graphimarket.com\/wp-content\/uploads\/2020\/12\/68747470733a2f2f73746f726167652e676f6f676c65617069732e636f6d2f6772617068696372697665722d3134393830352e61707073706f742e636f6d2f73726564612f6e6577416e69-4.gif","datePublished":"2020-12-07T14:12:40+00:00","dateModified":"2022-12-19T08:33:24+00:00","description":"ANIMATOR Photoshop Plug-in ist ein professionelles Mehrzweckpaket mit mehr als 200 Voreinstellungen, mit dem Sie Ihren Workflow in Photoshop beschleunigen k\u00f6nnen.","breadcrumb":{"@id":"https:\/\/graphimarket.com\/product\/animator-photoshop-plug-in-for-animated-effects\/#breadcrumb"},"inLanguage":"de-DE","potentialAction":[{"@type":"ReadAction","target":["https:\/\/graphimarket.com\/product\/animator-photoshop-plug-in-for-animated-effects\/"]}]},{"@type":"ImageObject","inLanguage":"de-DE","@id":"https:\/\/graphimarket.com\/product\/animator-photoshop-plug-in-for-animated-effects\/#primaryimage","url":"https:\/\/graphimarket.com\/wp-content\/uploads\/2020\/12\/68747470733a2f2f73746f726167652e676f6f676c65617069732e636f6d2f6772617068696372697665722d3134393830352e61707073706f742e636f6d2f73726564612f6e6577416e69-4.gif","contentUrl":"https:\/\/graphimarket.com\/wp-content\/uploads\/2020\/12\/68747470733a2f2f73746f726167652e676f6f676c65617069732e636f6d2f6772617068696372697665722d3134393830352e61707073706f742e636f6d2f73726564612f6e6577416e69-4.gif","width":616,"height":730},{"@type":"BreadcrumbList","@id":"https:\/\/graphimarket.com\/product\/animator-photoshop-plug-in-for-animated-effects\/#breadcrumb","itemListElement":[{"@type":"ListItem","position":1,"name":"Home","item":"https:\/\/graphimarket.com\/es\/"},{"@type":"ListItem","position":2,"name":"Store","item":"https:\/\/graphimarket.com\/store\/"},{"@type":"ListItem","position":3,"name":"Animator Photoshop Plug-in for Animated Effects"}]},{"@type":"WebSite","@id":"https:\/\/graphimarket.com\/fr\/#website","url":"https:\/\/graphimarket.com\/fr\/","name":"Graphimarket","description":"Finden Sie das perfekte kreative Kapital, um Ihr Projekt zum Leben zu erwecken","publisher":{"@id":"https:\/\/graphimarket.com\/fr\/#organization"},"potentialAction":[{"@type":"SearchAction","target":{"@type":"EntryPoint","urlTemplate":"https:\/\/graphimarket.com\/fr\/?s={search_term_string}"},"query-input":{"@type":"PropertyValueSpecification","valueRequired":true,"valueName":"search_term_string"}}],"inLanguage":"de-DE"},{"@type":"Organization","@id":"https:\/\/graphimarket.com\/fr\/#organization","name":"Graphimarket","url":"https:\/\/graphimarket.com\/fr\/","logo":{"@type":"ImageObject","inLanguage":"de-DE","@id":"https:\/\/graphimarket.com\/fr\/#\/schema\/logo\/image\/","url":"https:\/\/graphimarket.com\/wp-content\/uploads\/2020\/08\/logo-48.png","contentUrl":"https:\/\/graphimarket.com\/wp-content\/uploads\/2020\/08\/logo-48.png","width":132,"height":48,"caption":"Graphimarket"},"image":{"@id":"https:\/\/graphimarket.com\/fr\/#\/schema\/logo\/image\/"}}]}},"_links":{"self":[{"href":"https:\/\/graphimarket.com\/de\/wp-json\/wp\/v2\/product\/13727","targetHints":{"allow":["GET"]}}],"collection":[{"href":"https:\/\/graphimarket.com\/de\/wp-json\/wp\/v2\/product"}],"about":[{"href":"https:\/\/graphimarket.com\/de\/wp-json\/wp\/v2\/types\/product"}],"replies":[{"embeddable":true,"href":"https:\/\/graphimarket.com\/de\/wp-json\/wp\/v2\/comments?post=13727"}],"version-history":[{"count":0,"href":"https:\/\/graphimarket.com\/de\/wp-json\/wp\/v2\/product\/13727\/revisions"}],"wp:featuredmedia":[{"embeddable":true,"href":"https:\/\/graphimarket.com\/de\/wp-json\/wp\/v2\/media\/13733"}],"wp:attachment":[{"href":"https:\/\/graphimarket.com\/de\/wp-json\/wp\/v2\/media?parent=13727"}],"wp:term":[{"taxonomy":"product_brand","embeddable":true,"href":"https:\/\/graphimarket.com\/de\/wp-json\/wp\/v2\/product_brand?post=13727"},{"taxonomy":"product_cat","embeddable":true,"href":"https:\/\/graphimarket.com\/de\/wp-json\/wp\/v2\/product_cat?post=13727"},{"taxonomy":"product_tag","embeddable":true,"href":"https:\/\/graphimarket.com\/de\/wp-json\/wp\/v2\/product_tag?post=13727"}],"curies":[{"name":"wp","href":"https:\/\/api.w.org\/{rel}","templated":true}]}}