{"id":14090,"date":"2020-12-21T17:02:58","date_gmt":"2020-12-21T16:02:58","guid":{"rendered":"https:\/\/graphimarket.com\/?post_type=product&#038;p=14090"},"modified":"2021-01-04T16:51:45","modified_gmt":"2021-01-04T15:51:45","slug":"magic-bokeh-animated-photoshop-action","status":"publish","type":"product","link":"https:\/\/graphimarket.com\/de\/product\/magic-bokeh-animated-photoshop-action\/","title":{"rendered":"Magic Bokeh - Animierte Photoshop-Aktion"},"content":{"rendered":"<p><img fetchpriority=\"high\" decoding=\"async\" class=\"alignnone size-full wp-image-14091\" src=\"https:\/\/graphimarket.com\/wp-content\/uploads\/2020\/12\/A2.jpg\" alt=\"\" width=\"1300\" height=\"868\" srcset=\"https:\/\/graphimarket.com\/wp-content\/uploads\/2020\/12\/A2.jpg 1300w, https:\/\/graphimarket.com\/wp-content\/uploads\/2020\/12\/A2-300x200.jpg 300w, https:\/\/graphimarket.com\/wp-content\/uploads\/2020\/12\/A2-1024x684.jpg 1024w, https:\/\/graphimarket.com\/wp-content\/uploads\/2020\/12\/A2-768x513.jpg 768w, https:\/\/graphimarket.com\/wp-content\/uploads\/2020\/12\/A2-16x12.jpg 16w, https:\/\/graphimarket.com\/wp-content\/uploads\/2020\/12\/A2-600x401.jpg 600w\" sizes=\"(max-width: 1300px) 100vw, 1300px\" \/> <img decoding=\"async\" class=\"alignnone size-full wp-image-14092\" src=\"https:\/\/graphimarket.com\/wp-content\/uploads\/2020\/12\/A6.jpg\" alt=\"\" width=\"1300\" height=\"867\" srcset=\"https:\/\/graphimarket.com\/wp-content\/uploads\/2020\/12\/A6.jpg 1300w, https:\/\/graphimarket.com\/wp-content\/uploads\/2020\/12\/A6-300x200.jpg 300w, https:\/\/graphimarket.com\/wp-content\/uploads\/2020\/12\/A6-1024x683.jpg 1024w, https:\/\/graphimarket.com\/wp-content\/uploads\/2020\/12\/A6-768x512.jpg 768w, https:\/\/graphimarket.com\/wp-content\/uploads\/2020\/12\/A6-16x12.jpg 16w, https:\/\/graphimarket.com\/wp-content\/uploads\/2020\/12\/A6-600x400.jpg 600w\" sizes=\"(max-width: 1300px) 100vw, 1300px\" \/> <img decoding=\"async\" class=\"alignnone size-full wp-image-14093\" src=\"https:\/\/graphimarket.com\/wp-content\/uploads\/2020\/12\/A7.jpg\" alt=\"\" width=\"1300\" height=\"825\" srcset=\"https:\/\/graphimarket.com\/wp-content\/uploads\/2020\/12\/A7.jpg 1300w, https:\/\/graphimarket.com\/wp-content\/uploads\/2020\/12\/A7-300x190.jpg 300w, https:\/\/graphimarket.com\/wp-content\/uploads\/2020\/12\/A7-1024x650.jpg 1024w, https:\/\/graphimarket.com\/wp-content\/uploads\/2020\/12\/A7-768x487.jpg 768w, https:\/\/graphimarket.com\/wp-content\/uploads\/2020\/12\/A7-16x10.jpg 16w, https:\/\/graphimarket.com\/wp-content\/uploads\/2020\/12\/A7-600x381.jpg 600w\" sizes=\"(max-width: 1300px) 100vw, 1300px\" \/><img loading=\"lazy\" decoding=\"async\" class=\"alignnone wp-image-14094 size-full\" src=\"https:\/\/graphimarket.com\/wp-content\/uploads\/2020\/12\/68747470733a2f2f6d656469612e67697068792e636f6d2f6d656469612f316435574a4363725a33376b5975764938642f67697068792e676966.gif\" alt=\"\" width=\"615\" height=\"413\" \/> <img loading=\"lazy\" decoding=\"async\" class=\"alignnone size-full wp-image-14095\" src=\"https:\/\/graphimarket.com\/wp-content\/uploads\/2020\/12\/68747470733a2f2f6d656469612e67697068792e636f6d2f6d656469612f345659635675704e6b6d5866354e305a554c2f67697068792e676966.gif\" alt=\"\" width=\"615\" height=\"600\" \/> <img loading=\"lazy\" decoding=\"async\" class=\"alignnone size-full wp-image-14096\" src=\"https:\/\/graphimarket.com\/wp-content\/uploads\/2020\/12\/68747470733a2f2f6d656469612e67697068792e636f6d2f6d656469612f3274536b3535544c51356d43445853566b572f67697068792e676966.gif\" alt=\"\" width=\"615\" height=\"493\" \/><\/p>\n<p>&nbsp;<\/p>\n<p>&nbsp;<\/p>\n<h2 id=\"item-description__magic-bokeh-animated-photoshop-action\">Magic Bokeh \u2013 Animierte Photoshop-Aktion<\/h2>\n<p>Magic Bokeh \u2013 professionelle Photoshop-Aktion, die animierte, atemberaubende Lichteffekte aus Ihren Fotos erstellt, mit vielen Optionen zum Anpassen und Verbessern. Sie k\u00f6nnen das Ergebnis als statisches Bild, Video f\u00fcr soziale Medien oder animierte GIF-Datei speichern.<\/p>\n<ul>\n<li>Ben\u00f6tigt Photoshop CC und h\u00f6her (nur englische Versionen);<\/li>\n<li>Die empfohlene Bildgr\u00f6\u00dfe f\u00fcr statische Ergebnisse liegt zwischen 1500-3000px, f\u00fcr Animationen: 500-1500px.<\/li>\n<\/ul>\n<h3 id=\"item-description__features\">Eigenschaften:<\/h3>\n<ul>\n<li>1 Aktionsdatei (.atn);<\/li>\n<li>2 Bokeh-Videodateien (.mp4);<\/li>\n<li>1 Hilfedatei (.txt);<\/li>\n<li>Videodemonstration (auf youtube);<\/li>\n<li>20 Farboptionen und Voreinstellungen;<\/li>\n<li>Gut organisierte Schichten;<\/li>\n<\/ul>\n<p>Bilder und Schriften im Vorschaubild dienen nur zu Pr\u00e4sentationszwecken und sind nicht enthalten.<\/p>","protected":false},"excerpt":{"rendered":"<p>&nbsp; &nbsp; Magic Bokeh \u2013 Animated Photoshop Action Magic Bokeh \u2013 professional Photoshop action creating animated stunning light effects from your photos with a lot of options to customise and improve. You can save the result as static image, video for social media or animated GIF file. Requaired Photoshop CC and later (only English versions); [&hellip;]<\/p>\n","protected":false},"featured_media":14092,"comment_status":"open","ping_status":"closed","template":"","meta":{"site-sidebar-layout":"default","site-content-layout":"default","ast-site-content-layout":"default","site-content-style":"default","site-sidebar-style":"default","ast-global-header-display":"","ast-banner-title-visibility":"","ast-main-header-display":"","ast-hfb-above-header-display":"","ast-hfb-below-header-display":"","ast-hfb-mobile-header-display":"","site-post-title":"","ast-breadcrumbs-content":"","ast-featured-img":"","footer-sml-layout":"","ast-disable-related-posts":"","theme-transparent-header-meta":"default","adv-header-id-meta":"","stick-header-meta":"","header-above-stick-meta":"","header-main-stick-meta":"","header-below-stick-meta":"","astra-migrate-meta-layouts":"default","ast-page-background-enabled":"default","ast-page-background-meta":{"desktop":{"background-color":"","background-image":"","background-repeat":"repeat","background-position":"center center","background-size":"auto","background-attachment":"scroll","background-type":"","background-media":"","overlay-type":"","overlay-color":"","overlay-opacity":"","overlay-gradient":""},"tablet":{"background-color":"","background-image":"","background-repeat":"repeat","background-position":"center center","background-size":"auto","background-attachment":"scroll","background-type":"","background-media":"","overlay-type":"","overlay-color":"","overlay-opacity":"","overlay-gradient":""},"mobile":{"background-color":"","background-image":"","background-repeat":"repeat","background-position":"center center","background-size":"auto","background-attachment":"scroll","background-type":"","background-media":"","overlay-type":"","overlay-color":"","overlay-opacity":"","overlay-gradient":""}},"ast-content-background-meta":{"desktop":{"background-color":"var(--ast-global-color-5)","background-image":"","background-repeat":"repeat","background-position":"center center","background-size":"auto","background-attachment":"scroll","background-type":"","background-media":"","overlay-type":"","overlay-color":"","overlay-opacity":"","overlay-gradient":""},"tablet":{"background-color":"var(--ast-global-color-5)","background-image":"","background-repeat":"repeat","background-position":"center center","background-size":"auto","background-attachment":"scroll","background-type":"","background-media":"","overlay-type":"","overlay-color":"","overlay-opacity":"","overlay-gradient":""},"mobile":{"background-color":"var(--ast-global-color-5)","background-image":"","background-repeat":"repeat","background-position":"center center","background-size":"auto","background-attachment":"scroll","background-type":"","background-media":"","overlay-type":"","overlay-color":"","overlay-opacity":"","overlay-gradient":""}}},"product_brand":[],"product_cat":[113,1828,146,148],"product_tag":[402,644,1799],"class_list":{"0":"post-14090","1":"product","2":"type-product","3":"status-publish","4":"has-post-thumbnail","6":"product_cat-css-animations","7":"product_cat-gif","8":"product_cat-photoshop-action","9":"product_cat-plugins","10":"product_tag-bokeh","11":"product_tag-magic","12":"product_tag-photoshop-action","13":"desktop-align-left","14":"tablet-align-left","15":"mobile-align-left","17":"first","18":"instock","19":"sale","20":"downloadable","21":"virtual","22":"taxable","23":"purchasable","24":"product-type-simple"},"yoast_head":"<!-- This site is optimized with the Yoast SEO plugin v27.3 - https:\/\/yoast.com\/product\/yoast-seo-wordpress\/ -->\n<title>Magic Bokeh - Animated Photoshop Action - Graphimarket<\/title>\n<meta name=\"description\" content=\"Magic Bokeh \u2013 professional Photoshop action creating animated stunning light effects from your photos with a lot of...\" \/>\n<meta name=\"robots\" content=\"index, follow, max-snippet:-1, max-image-preview:large, max-video-preview:-1\" \/>\n<link rel=\"canonical\" href=\"https:\/\/graphimarket.com\/de\/product\/magic-bokeh-animated-photoshop-action\/\" \/>\n<meta property=\"og:locale\" content=\"de_DE\" \/>\n<meta property=\"og:type\" content=\"article\" \/>\n<meta property=\"og:title\" content=\"Magic Bokeh - Animated Photoshop Action - Graphimarket\" \/>\n<meta property=\"og:description\" content=\"Magic Bokeh \u2013 professional Photoshop action creating animated stunning light effects from your photos with a lot of...\" \/>\n<meta property=\"og:url\" content=\"https:\/\/graphimarket.com\/de\/product\/magic-bokeh-animated-photoshop-action\/\" \/>\n<meta property=\"og:site_name\" content=\"Graphimarket\" \/>\n<meta property=\"article:modified_time\" content=\"2021-01-04T15:51:45+00:00\" \/>\n<meta property=\"og:image\" content=\"https:\/\/graphimarket.com\/wp-content\/uploads\/2020\/12\/A6.jpg\" \/>\n\t<meta property=\"og:image:width\" content=\"1300\" \/>\n\t<meta property=\"og:image:height\" content=\"867\" \/>\n\t<meta property=\"og:image:type\" content=\"image\/jpeg\" \/>\n<meta name=\"twitter:card\" content=\"summary_large_image\" \/>\n<meta name=\"twitter:label1\" content=\"Est. reading time\" \/>\n\t<meta name=\"twitter:data1\" content=\"1 minute\" \/>\n<script type=\"application\/ld+json\" class=\"yoast-schema-graph\">{\"@context\":\"https:\\\/\\\/schema.org\",\"@graph\":[{\"@type\":\"WebPage\",\"@id\":\"https:\\\/\\\/graphimarket.com\\\/product\\\/magic-bokeh-animated-photoshop-action\\\/\",\"url\":\"https:\\\/\\\/graphimarket.com\\\/product\\\/magic-bokeh-animated-photoshop-action\\\/\",\"name\":\"Magic Bokeh - Animated Photoshop Action - Graphimarket\",\"isPartOf\":{\"@id\":\"https:\\\/\\\/graphimarket.com\\\/fr\\\/#website\"},\"primaryImageOfPage\":{\"@id\":\"https:\\\/\\\/graphimarket.com\\\/product\\\/magic-bokeh-animated-photoshop-action\\\/#primaryimage\"},\"image\":{\"@id\":\"https:\\\/\\\/graphimarket.com\\\/product\\\/magic-bokeh-animated-photoshop-action\\\/#primaryimage\"},\"thumbnailUrl\":\"https:\\\/\\\/graphimarket.com\\\/wp-content\\\/uploads\\\/2020\\\/12\\\/A6.jpg\",\"datePublished\":\"2020-12-21T16:02:58+00:00\",\"dateModified\":\"2021-01-04T15:51:45+00:00\",\"description\":\"Magic Bokeh \u2013 professional Photoshop action creating animated stunning light effects from your photos with a lot of...\",\"breadcrumb\":{\"@id\":\"https:\\\/\\\/graphimarket.com\\\/product\\\/magic-bokeh-animated-photoshop-action\\\/#breadcrumb\"},\"inLanguage\":\"de-DE\",\"potentialAction\":[{\"@type\":\"ReadAction\",\"target\":[\"https:\\\/\\\/graphimarket.com\\\/product\\\/magic-bokeh-animated-photoshop-action\\\/\"]}]},{\"@type\":\"ImageObject\",\"inLanguage\":\"de-DE\",\"@id\":\"https:\\\/\\\/graphimarket.com\\\/product\\\/magic-bokeh-animated-photoshop-action\\\/#primaryimage\",\"url\":\"https:\\\/\\\/graphimarket.com\\\/wp-content\\\/uploads\\\/2020\\\/12\\\/A6.jpg\",\"contentUrl\":\"https:\\\/\\\/graphimarket.com\\\/wp-content\\\/uploads\\\/2020\\\/12\\\/A6.jpg\",\"width\":1300,\"height\":867},{\"@type\":\"BreadcrumbList\",\"@id\":\"https:\\\/\\\/graphimarket.com\\\/product\\\/magic-bokeh-animated-photoshop-action\\\/#breadcrumb\",\"itemListElement\":[{\"@type\":\"ListItem\",\"position\":1,\"name\":\"Home\",\"item\":\"https:\\\/\\\/graphimarket.com\\\/es\\\/\"},{\"@type\":\"ListItem\",\"position\":2,\"name\":\"Store\",\"item\":\"https:\\\/\\\/graphimarket.com\\\/store\\\/\"},{\"@type\":\"ListItem\",\"position\":3,\"name\":\"Magic Bokeh &#8211; Animated Photoshop Action\"}]},{\"@type\":\"WebSite\",\"@id\":\"https:\\\/\\\/graphimarket.com\\\/fr\\\/#website\",\"url\":\"https:\\\/\\\/graphimarket.com\\\/fr\\\/\",\"name\":\"Graphimarket\",\"description\":\"Find the perfect creative asset to bring your project to life\",\"publisher\":{\"@id\":\"https:\\\/\\\/graphimarket.com\\\/fr\\\/#organization\"},\"potentialAction\":[{\"@type\":\"SearchAction\",\"target\":{\"@type\":\"EntryPoint\",\"urlTemplate\":\"https:\\\/\\\/graphimarket.com\\\/fr\\\/?s={search_term_string}\"},\"query-input\":{\"@type\":\"PropertyValueSpecification\",\"valueRequired\":true,\"valueName\":\"search_term_string\"}}],\"inLanguage\":\"de-DE\"},{\"@type\":\"Organization\",\"@id\":\"https:\\\/\\\/graphimarket.com\\\/fr\\\/#organization\",\"name\":\"Graphimarket\",\"url\":\"https:\\\/\\\/graphimarket.com\\\/fr\\\/\",\"logo\":{\"@type\":\"ImageObject\",\"inLanguage\":\"de-DE\",\"@id\":\"https:\\\/\\\/graphimarket.com\\\/fr\\\/#\\\/schema\\\/logo\\\/image\\\/\",\"url\":\"https:\\\/\\\/graphimarket.com\\\/wp-content\\\/uploads\\\/2020\\\/08\\\/logo-48.png\",\"contentUrl\":\"https:\\\/\\\/graphimarket.com\\\/wp-content\\\/uploads\\\/2020\\\/08\\\/logo-48.png\",\"width\":132,\"height\":48,\"caption\":\"Graphimarket\"},\"image\":{\"@id\":\"https:\\\/\\\/graphimarket.com\\\/fr\\\/#\\\/schema\\\/logo\\\/image\\\/\"}}]}<\/script>\n<!-- \/ Yoast SEO plugin. -->","yoast_head_json":{"title":"Magic Bokeh - Animated Photoshop Action - Graphimarket","description":"Magic Bokeh \u2013 professional Photoshop action creating animated stunning light effects from your photos with a lot of...","robots":{"index":"index","follow":"follow","max-snippet":"max-snippet:-1","max-image-preview":"max-image-preview:large","max-video-preview":"max-video-preview:-1"},"canonical":"https:\/\/graphimarket.com\/de\/product\/magic-bokeh-animated-photoshop-action\/","og_locale":"de_DE","og_type":"article","og_title":"Magic Bokeh - Animated Photoshop Action - Graphimarket","og_description":"Magic Bokeh \u2013 professional Photoshop action creating animated stunning light effects from your photos with a lot of...","og_url":"https:\/\/graphimarket.com\/de\/product\/magic-bokeh-animated-photoshop-action\/","og_site_name":"Graphimarket","article_modified_time":"2021-01-04T15:51:45+00:00","og_image":[{"width":1300,"height":867,"url":"https:\/\/graphimarket.com\/wp-content\/uploads\/2020\/12\/A6.jpg","type":"image\/jpeg"}],"twitter_card":"summary_large_image","twitter_misc":{"Est. reading time":"1 minute"},"schema":{"@context":"https:\/\/schema.org","@graph":[{"@type":"WebPage","@id":"https:\/\/graphimarket.com\/product\/magic-bokeh-animated-photoshop-action\/","url":"https:\/\/graphimarket.com\/product\/magic-bokeh-animated-photoshop-action\/","name":"Magic Bokeh - Animated Photoshop Action - Graphimarket","isPartOf":{"@id":"https:\/\/graphimarket.com\/fr\/#website"},"primaryImageOfPage":{"@id":"https:\/\/graphimarket.com\/product\/magic-bokeh-animated-photoshop-action\/#primaryimage"},"image":{"@id":"https:\/\/graphimarket.com\/product\/magic-bokeh-animated-photoshop-action\/#primaryimage"},"thumbnailUrl":"https:\/\/graphimarket.com\/wp-content\/uploads\/2020\/12\/A6.jpg","datePublished":"2020-12-21T16:02:58+00:00","dateModified":"2021-01-04T15:51:45+00:00","description":"Magic Bokeh \u2013 professional Photoshop action creating animated stunning light effects from your photos with a lot of...","breadcrumb":{"@id":"https:\/\/graphimarket.com\/product\/magic-bokeh-animated-photoshop-action\/#breadcrumb"},"inLanguage":"de-DE","potentialAction":[{"@type":"ReadAction","target":["https:\/\/graphimarket.com\/product\/magic-bokeh-animated-photoshop-action\/"]}]},{"@type":"ImageObject","inLanguage":"de-DE","@id":"https:\/\/graphimarket.com\/product\/magic-bokeh-animated-photoshop-action\/#primaryimage","url":"https:\/\/graphimarket.com\/wp-content\/uploads\/2020\/12\/A6.jpg","contentUrl":"https:\/\/graphimarket.com\/wp-content\/uploads\/2020\/12\/A6.jpg","width":1300,"height":867},{"@type":"BreadcrumbList","@id":"https:\/\/graphimarket.com\/product\/magic-bokeh-animated-photoshop-action\/#breadcrumb","itemListElement":[{"@type":"ListItem","position":1,"name":"Home","item":"https:\/\/graphimarket.com\/es\/"},{"@type":"ListItem","position":2,"name":"Store","item":"https:\/\/graphimarket.com\/store\/"},{"@type":"ListItem","position":3,"name":"Magic Bokeh &#8211; Animated Photoshop Action"}]},{"@type":"WebSite","@id":"https:\/\/graphimarket.com\/fr\/#website","url":"https:\/\/graphimarket.com\/fr\/","name":"Graphimarket","description":"Finden Sie das perfekte kreative Kapital, um Ihr Projekt zum Leben zu erwecken","publisher":{"@id":"https:\/\/graphimarket.com\/fr\/#organization"},"potentialAction":[{"@type":"SearchAction","target":{"@type":"EntryPoint","urlTemplate":"https:\/\/graphimarket.com\/fr\/?s={search_term_string}"},"query-input":{"@type":"PropertyValueSpecification","valueRequired":true,"valueName":"search_term_string"}}],"inLanguage":"de-DE"},{"@type":"Organization","@id":"https:\/\/graphimarket.com\/fr\/#organization","name":"Graphimarket","url":"https:\/\/graphimarket.com\/fr\/","logo":{"@type":"ImageObject","inLanguage":"de-DE","@id":"https:\/\/graphimarket.com\/fr\/#\/schema\/logo\/image\/","url":"https:\/\/graphimarket.com\/wp-content\/uploads\/2020\/08\/logo-48.png","contentUrl":"https:\/\/graphimarket.com\/wp-content\/uploads\/2020\/08\/logo-48.png","width":132,"height":48,"caption":"Graphimarket"},"image":{"@id":"https:\/\/graphimarket.com\/fr\/#\/schema\/logo\/image\/"}}]}},"_links":{"self":[{"href":"https:\/\/graphimarket.com\/de\/wp-json\/wp\/v2\/product\/14090","targetHints":{"allow":["GET"]}}],"collection":[{"href":"https:\/\/graphimarket.com\/de\/wp-json\/wp\/v2\/product"}],"about":[{"href":"https:\/\/graphimarket.com\/de\/wp-json\/wp\/v2\/types\/product"}],"replies":[{"embeddable":true,"href":"https:\/\/graphimarket.com\/de\/wp-json\/wp\/v2\/comments?post=14090"}],"version-history":[{"count":0,"href":"https:\/\/graphimarket.com\/de\/wp-json\/wp\/v2\/product\/14090\/revisions"}],"wp:featuredmedia":[{"embeddable":true,"href":"https:\/\/graphimarket.com\/de\/wp-json\/wp\/v2\/media\/14092"}],"wp:attachment":[{"href":"https:\/\/graphimarket.com\/de\/wp-json\/wp\/v2\/media?parent=14090"}],"wp:term":[{"taxonomy":"product_brand","embeddable":true,"href":"https:\/\/graphimarket.com\/de\/wp-json\/wp\/v2\/product_brand?post=14090"},{"taxonomy":"product_cat","embeddable":true,"href":"https:\/\/graphimarket.com\/de\/wp-json\/wp\/v2\/product_cat?post=14090"},{"taxonomy":"product_tag","embeddable":true,"href":"https:\/\/graphimarket.com\/de\/wp-json\/wp\/v2\/product_tag?post=14090"}],"curies":[{"name":"wp","href":"https:\/\/api.w.org\/{rel}","templated":true}]}}