{"id":15150,"date":"2021-01-13T17:05:40","date_gmt":"2021-01-13T16:05:40","guid":{"rendered":"https:\/\/graphimarket.com\/?post_type=product&#038;p=15150"},"modified":"2024-02-09T19:21:25","modified_gmt":"2024-02-09T18:21:25","slug":"double-exposure-action","status":"publish","type":"product","link":"https:\/\/graphimarket.com\/de\/product\/double-exposure-action\/","title":{"rendered":"Doppelbelichtungsaktion"},"content":{"rendered":"<h1><strong>Doppelbelichtungsaktion<\/strong> :<\/h1>\n<p>a great tool for a photographer or designer. Create a wonderful effect of double exposure in a few seconds. After action finished work, you can add a color tone, or gradient to your composition. This effect is one of the leading places on the number of sales for many months!<\/p>\n<p>&nbsp;<\/p>\n<p><strong>1. Stellen Sie sicher, dass Sie die englische Version von Photoshop verwenden.<\/strong>\u00a0Jede Aktion wurde erstellt und optimiert, um nur mit der englischen Version von Photoshop zu funktionieren. Stellen Sie daher sicher, dass Sie diese Version verwenden. Wenn nicht, machen Sie sich keine Sorgen: Sie k\u00f6nnen die Sprache Ihrer Photoshop-Version mit auf Englisch \u00e4ndern (und wieder zur\u00fcckwechseln)\u00a0<a href=\"https:\/\/graphimarket.com\/de\/2021\/01\/12\/guide-how-to-change-language-on-adobe-cc-to-english\/\" target=\"_blank\" rel=\"noopener\">diese Methode<\/a><\/p>\n<p><a href=\"https:\/\/www.youtube.com\/watch?v=Oqoo1n_B3Jc\" target=\"_blank\" rel=\"noopener\">Lernprogramm<\/a><\/p>\n<p><strong>2. Verwenden Sie den RGB-Modus und die 8-Bit-Farbe.<\/strong>\u00a0Um diese Einstellungen zu \u00fcberpr\u00fcfen, gehen Sie zu Bild-&gt; Modus und \u00fcberpr\u00fcfen Sie die \u201eRGB-Farbe\u201c und \u201e8 Bits \/ Kanal\u201c.<\/p>\n<p><strong>3. Stellen Sie sicher, dass die Option &quot;Kopieren zu kopierten Ebenen und Gruppen hinzuf\u00fcgen&quot; aktiviert ist.<\/strong>\u00a0Diese Option gilt nur f\u00fcr CS5 und sp\u00e4tere Versionen von Photoshop. Klicken Sie im Bedienfeld \u201eSCHICHTEN\u201c auf das Men\u00fcsymbol, gehen Sie zu \u201eBedienfeldoptionen\u2026\u201c und \u00fcberpr\u00fcfen Sie, ob die Option \u201eKopie zu kopierten Ebenen und Gruppen hinzuf\u00fcgen\u201c aktiviert ist.<\/p>\n<p><strong>4. Verwenden Sie ein Foto mit 72 dpi oder h\u00f6her.<\/strong>\u00a0Wenn Sie ein Foto mit weniger als 72 dpi verwenden, funktioniert die Aktion nicht richtig. Um dies zu beheben, gehen Sie zu Bild-&gt; Bildgr\u00f6\u00dfe und erh\u00f6hen Sie den Aufl\u00f6sungswert.<\/p>\n<p><strong>5. Stellen Sie die Deckkraft des Pinsels auf 100% ein.<\/strong>\u00a0Stellen Sie die Deckkraft des Pinsels auf 100% ein. W\u00e4hlen Sie das \u201ePinselwerkzeug\u201c und bewegen Sie den Deckkraftregler auf 100%.<\/p>\n<p>&nbsp;<\/p>\n<p><img fetchpriority=\"high\" decoding=\"async\" class=\"alignnone size-full wp-image-15151\" src=\"https:\/\/graphimarket.com\/wp-content\/uploads\/2021\/01\/2-3.jpg\" alt=\"\" width=\"1170\" height=\"780\" srcset=\"https:\/\/graphimarket.com\/wp-content\/uploads\/2021\/01\/2-3.jpg 1170w, https:\/\/graphimarket.com\/wp-content\/uploads\/2021\/01\/2-3-300x200.jpg 300w, https:\/\/graphimarket.com\/wp-content\/uploads\/2021\/01\/2-3-1024x683.jpg 1024w, https:\/\/graphimarket.com\/wp-content\/uploads\/2021\/01\/2-3-768x512.jpg 768w, https:\/\/graphimarket.com\/wp-content\/uploads\/2021\/01\/2-3-16x12.jpg 16w, https:\/\/graphimarket.com\/wp-content\/uploads\/2021\/01\/2-3-600x400.jpg 600w\" sizes=\"(max-width: 1170px) 100vw, 1170px\" \/> <img decoding=\"async\" class=\"alignnone size-full wp-image-15152\" src=\"https:\/\/graphimarket.com\/wp-content\/uploads\/2021\/01\/3-2.jpg\" alt=\"\" width=\"1170\" height=\"780\" srcset=\"https:\/\/graphimarket.com\/wp-content\/uploads\/2021\/01\/3-2.jpg 1170w, https:\/\/graphimarket.com\/wp-content\/uploads\/2021\/01\/3-2-300x200.jpg 300w, https:\/\/graphimarket.com\/wp-content\/uploads\/2021\/01\/3-2-1024x683.jpg 1024w, https:\/\/graphimarket.com\/wp-content\/uploads\/2021\/01\/3-2-768x512.jpg 768w, https:\/\/graphimarket.com\/wp-content\/uploads\/2021\/01\/3-2-16x12.jpg 16w, https:\/\/graphimarket.com\/wp-content\/uploads\/2021\/01\/3-2-600x400.jpg 600w\" sizes=\"(max-width: 1170px) 100vw, 1170px\" \/> <img decoding=\"async\" class=\"alignnone size-full wp-image-15153\" src=\"https:\/\/graphimarket.com\/wp-content\/uploads\/2021\/01\/4-2.jpg\" alt=\"\" width=\"1170\" height=\"780\" srcset=\"https:\/\/graphimarket.com\/wp-content\/uploads\/2021\/01\/4-2.jpg 1170w, https:\/\/graphimarket.com\/wp-content\/uploads\/2021\/01\/4-2-300x200.jpg 300w, https:\/\/graphimarket.com\/wp-content\/uploads\/2021\/01\/4-2-1024x683.jpg 1024w, https:\/\/graphimarket.com\/wp-content\/uploads\/2021\/01\/4-2-768x512.jpg 768w, https:\/\/graphimarket.com\/wp-content\/uploads\/2021\/01\/4-2-16x12.jpg 16w, https:\/\/graphimarket.com\/wp-content\/uploads\/2021\/01\/4-2-600x400.jpg 600w\" sizes=\"(max-width: 1170px) 100vw, 1170px\" \/> <img loading=\"lazy\" decoding=\"async\" class=\"alignnone size-full wp-image-15154\" src=\"https:\/\/graphimarket.com\/wp-content\/uploads\/2021\/01\/5-1.jpg\" alt=\"\" width=\"1170\" height=\"780\" srcset=\"https:\/\/graphimarket.com\/wp-content\/uploads\/2021\/01\/5-1.jpg 1170w, https:\/\/graphimarket.com\/wp-content\/uploads\/2021\/01\/5-1-300x200.jpg 300w, https:\/\/graphimarket.com\/wp-content\/uploads\/2021\/01\/5-1-1024x683.jpg 1024w, https:\/\/graphimarket.com\/wp-content\/uploads\/2021\/01\/5-1-768x512.jpg 768w, https:\/\/graphimarket.com\/wp-content\/uploads\/2021\/01\/5-1-16x12.jpg 16w, https:\/\/graphimarket.com\/wp-content\/uploads\/2021\/01\/5-1-600x400.jpg 600w\" sizes=\"(max-width: 1170px) 100vw, 1170px\" \/> <img loading=\"lazy\" decoding=\"async\" class=\"alignnone size-full wp-image-15155\" src=\"https:\/\/graphimarket.com\/wp-content\/uploads\/2021\/01\/6-1.jpg\" alt=\"\" width=\"1170\" height=\"780\" srcset=\"https:\/\/graphimarket.com\/wp-content\/uploads\/2021\/01\/6-1.jpg 1170w, https:\/\/graphimarket.com\/wp-content\/uploads\/2021\/01\/6-1-300x200.jpg 300w, https:\/\/graphimarket.com\/wp-content\/uploads\/2021\/01\/6-1-1024x683.jpg 1024w, https:\/\/graphimarket.com\/wp-content\/uploads\/2021\/01\/6-1-768x512.jpg 768w, https:\/\/graphimarket.com\/wp-content\/uploads\/2021\/01\/6-1-16x12.jpg 16w, https:\/\/graphimarket.com\/wp-content\/uploads\/2021\/01\/6-1-600x400.jpg 600w\" sizes=\"(max-width: 1170px) 100vw, 1170px\" \/> <img loading=\"lazy\" decoding=\"async\" class=\"alignnone size-full wp-image-15156\" src=\"https:\/\/graphimarket.com\/wp-content\/uploads\/2021\/01\/7.jpg\" alt=\"\" width=\"1170\" height=\"780\" srcset=\"https:\/\/graphimarket.com\/wp-content\/uploads\/2021\/01\/7.jpg 1170w, https:\/\/graphimarket.com\/wp-content\/uploads\/2021\/01\/7-300x200.jpg 300w, https:\/\/graphimarket.com\/wp-content\/uploads\/2021\/01\/7-1024x683.jpg 1024w, https:\/\/graphimarket.com\/wp-content\/uploads\/2021\/01\/7-768x512.jpg 768w, https:\/\/graphimarket.com\/wp-content\/uploads\/2021\/01\/7-16x12.jpg 16w, https:\/\/graphimarket.com\/wp-content\/uploads\/2021\/01\/7-600x400.jpg 600w\" sizes=\"(max-width: 1170px) 100vw, 1170px\" \/> <img loading=\"lazy\" decoding=\"async\" class=\"alignnone size-full wp-image-15157\" src=\"https:\/\/graphimarket.com\/wp-content\/uploads\/2021\/01\/10-4.jpg\" alt=\"\" width=\"1170\" height=\"780\" srcset=\"https:\/\/graphimarket.com\/wp-content\/uploads\/2021\/01\/10-4.jpg 1170w, https:\/\/graphimarket.com\/wp-content\/uploads\/2021\/01\/10-4-300x200.jpg 300w, https:\/\/graphimarket.com\/wp-content\/uploads\/2021\/01\/10-4-1024x683.jpg 1024w, https:\/\/graphimarket.com\/wp-content\/uploads\/2021\/01\/10-4-768x512.jpg 768w, https:\/\/graphimarket.com\/wp-content\/uploads\/2021\/01\/10-4-16x12.jpg 16w, https:\/\/graphimarket.com\/wp-content\/uploads\/2021\/01\/10-4-600x400.jpg 600w\" sizes=\"(max-width: 1170px) 100vw, 1170px\" \/> <img loading=\"lazy\" decoding=\"async\" class=\"alignnone size-full wp-image-15158\" src=\"https:\/\/graphimarket.com\/wp-content\/uploads\/2021\/01\/8-1.jpg\" alt=\"\" width=\"1170\" height=\"780\" srcset=\"https:\/\/graphimarket.com\/wp-content\/uploads\/2021\/01\/8-1.jpg 1170w, https:\/\/graphimarket.com\/wp-content\/uploads\/2021\/01\/8-1-300x200.jpg 300w, https:\/\/graphimarket.com\/wp-content\/uploads\/2021\/01\/8-1-1024x683.jpg 1024w, https:\/\/graphimarket.com\/wp-content\/uploads\/2021\/01\/8-1-768x512.jpg 768w, https:\/\/graphimarket.com\/wp-content\/uploads\/2021\/01\/8-1-16x12.jpg 16w, https:\/\/graphimarket.com\/wp-content\/uploads\/2021\/01\/8-1-600x400.jpg 600w\" sizes=\"(max-width: 1170px) 100vw, 1170px\" \/> <img loading=\"lazy\" decoding=\"async\" class=\"alignnone size-full wp-image-15159\" src=\"https:\/\/graphimarket.com\/wp-content\/uploads\/2021\/01\/1_1.jpg\" alt=\"\" width=\"1170\" height=\"780\" srcset=\"https:\/\/graphimarket.com\/wp-content\/uploads\/2021\/01\/1_1.jpg 1170w, https:\/\/graphimarket.com\/wp-content\/uploads\/2021\/01\/1_1-300x200.jpg 300w, https:\/\/graphimarket.com\/wp-content\/uploads\/2021\/01\/1_1-1024x683.jpg 1024w, https:\/\/graphimarket.com\/wp-content\/uploads\/2021\/01\/1_1-768x512.jpg 768w, https:\/\/graphimarket.com\/wp-content\/uploads\/2021\/01\/1_1-16x12.jpg 16w, https:\/\/graphimarket.com\/wp-content\/uploads\/2021\/01\/1_1-600x400.jpg 600w\" sizes=\"(max-width: 1170px) 100vw, 1170px\" \/><\/p>","protected":false},"excerpt":{"rendered":"<p>Double Exposure Action : a great tool for a photographer or designer. Create a wonderful effect of double exposure in a few seconds. After action finished work, you can add a color tone, or gradient to your composition. This effect is one of the leading places on the number of sales for many months! &nbsp; [&hellip;]<\/p>\n","protected":false},"featured_media":15159,"comment_status":"open","ping_status":"closed","template":"","meta":{"site-sidebar-layout":"default","site-content-layout":"default","ast-site-content-layout":"default","site-content-style":"default","site-sidebar-style":"default","ast-global-header-display":"","ast-banner-title-visibility":"","ast-main-header-display":"","ast-hfb-above-header-display":"","ast-hfb-below-header-display":"","ast-hfb-mobile-header-display":"","site-post-title":"","ast-breadcrumbs-content":"","ast-featured-img":"","footer-sml-layout":"","ast-disable-related-posts":"","theme-transparent-header-meta":"default","adv-header-id-meta":"","stick-header-meta":"","header-above-stick-meta":"","header-main-stick-meta":"","header-below-stick-meta":"","astra-migrate-meta-layouts":"default","ast-page-background-enabled":"default","ast-page-background-meta":{"desktop":{"background-color":"","background-image":"","background-repeat":"repeat","background-position":"center center","background-size":"auto","background-attachment":"scroll","background-type":"","background-media":"","overlay-type":"","overlay-color":"","overlay-opacity":"","overlay-gradient":""},"tablet":{"background-color":"","background-image":"","background-repeat":"repeat","background-position":"center center","background-size":"auto","background-attachment":"scroll","background-type":"","background-media":"","overlay-type":"","overlay-color":"","overlay-opacity":"","overlay-gradient":""},"mobile":{"background-color":"","background-image":"","background-repeat":"repeat","background-position":"center center","background-size":"auto","background-attachment":"scroll","background-type":"","background-media":"","overlay-type":"","overlay-color":"","overlay-opacity":"","overlay-gradient":""}},"ast-content-background-meta":{"desktop":{"background-color":"var(--ast-global-color-5)","background-image":"","background-repeat":"repeat","background-position":"center center","background-size":"auto","background-attachment":"scroll","background-type":"","background-media":"","overlay-type":"","overlay-color":"","overlay-opacity":"","overlay-gradient":""},"tablet":{"background-color":"var(--ast-global-color-5)","background-image":"","background-repeat":"repeat","background-position":"center center","background-size":"auto","background-attachment":"scroll","background-type":"","background-media":"","overlay-type":"","overlay-color":"","overlay-opacity":"","overlay-gradient":""},"mobile":{"background-color":"var(--ast-global-color-5)","background-image":"","background-repeat":"repeat","background-position":"center center","background-size":"auto","background-attachment":"scroll","background-type":"","background-media":"","overlay-type":"","overlay-color":"","overlay-opacity":"","overlay-gradient":""}}},"product_brand":[],"product_cat":[195,146],"product_tag":[292,1844,347],"class_list":{"0":"post-15150","1":"product","2":"type-product","3":"status-publish","4":"has-post-thumbnail","6":"product_cat-photoshop","7":"product_cat-photoshop-action","8":"product_tag-action","9":"product_tag-double","10":"product_tag-exposure","11":"desktop-align-left","12":"tablet-align-left","13":"mobile-align-left","15":"first","16":"instock","17":"sale","18":"downloadable","19":"virtual","20":"taxable","21":"purchasable","22":"product-type-simple"},"yoast_head":"<!-- This site is optimized with the Yoast SEO plugin v27.3 - https:\/\/yoast.com\/product\/yoast-seo-wordpress\/ -->\n<title>Double Exposure Action - Graphimarket<\/title>\n<meta name=\"description\" content=\"a great tool for a photographer or designer. Create a wonderful effect of double exposure in a few seconds. After action finished work...\" \/>\n<meta name=\"robots\" content=\"index, follow, max-snippet:-1, max-image-preview:large, max-video-preview:-1\" \/>\n<link rel=\"canonical\" href=\"http:\/\/graphimarket.com\/de\/prodotto\/double-exposure-action\/\" \/>\n<meta property=\"og:locale\" content=\"de_DE\" \/>\n<meta property=\"og:type\" content=\"article\" \/>\n<meta property=\"og:title\" content=\"Double Exposure Action - Graphimarket\" \/>\n<meta property=\"og:description\" content=\"a great tool for a photographer or designer. Create a wonderful effect of double exposure in a few seconds. After action finished work...\" \/>\n<meta property=\"og:url\" content=\"http:\/\/graphimarket.com\/de\/prodotto\/double-exposure-action\/\" \/>\n<meta property=\"og:site_name\" content=\"Graphimarket\" \/>\n<meta property=\"article:modified_time\" content=\"2024-02-09T18:21:25+00:00\" \/>\n<meta property=\"og:image\" content=\"https:\/\/graphimarket.com\/wp-content\/uploads\/2021\/01\/1_1.jpg\" \/>\n\t<meta property=\"og:image:width\" content=\"1170\" \/>\n\t<meta property=\"og:image:height\" content=\"780\" \/>\n\t<meta property=\"og:image:type\" content=\"image\/jpeg\" \/>\n<meta name=\"twitter:card\" content=\"summary_large_image\" \/>\n<meta name=\"twitter:label1\" content=\"Est. reading time\" \/>\n\t<meta name=\"twitter:data1\" content=\"1 minute\" \/>\n<script type=\"application\/ld+json\" class=\"yoast-schema-graph\">{\"@context\":\"https:\\\/\\\/schema.org\",\"@graph\":[{\"@type\":\"WebPage\",\"@id\":\"http:\\\/\\\/graphimarket.com\\\/it\\\/prodotto\\\/double-exposure-action\\\/\",\"url\":\"http:\\\/\\\/graphimarket.com\\\/it\\\/prodotto\\\/double-exposure-action\\\/\",\"name\":\"Double Exposure Action - Graphimarket\",\"isPartOf\":{\"@id\":\"https:\\\/\\\/graphimarket.com\\\/fr\\\/#website\"},\"primaryImageOfPage\":{\"@id\":\"http:\\\/\\\/graphimarket.com\\\/it\\\/prodotto\\\/double-exposure-action\\\/#primaryimage\"},\"image\":{\"@id\":\"http:\\\/\\\/graphimarket.com\\\/it\\\/prodotto\\\/double-exposure-action\\\/#primaryimage\"},\"thumbnailUrl\":\"https:\\\/\\\/graphimarket.com\\\/wp-content\\\/uploads\\\/2021\\\/01\\\/1_1.jpg\",\"datePublished\":\"2021-01-13T16:05:40+00:00\",\"dateModified\":\"2024-02-09T18:21:25+00:00\",\"description\":\"a great tool for a photographer or designer. Create a wonderful effect of double exposure in a few seconds. After action finished work...\",\"breadcrumb\":{\"@id\":\"http:\\\/\\\/graphimarket.com\\\/it\\\/prodotto\\\/double-exposure-action\\\/#breadcrumb\"},\"inLanguage\":\"de-DE\",\"potentialAction\":[{\"@type\":\"ReadAction\",\"target\":[\"http:\\\/\\\/graphimarket.com\\\/it\\\/prodotto\\\/double-exposure-action\\\/\"]}]},{\"@type\":\"ImageObject\",\"inLanguage\":\"de-DE\",\"@id\":\"http:\\\/\\\/graphimarket.com\\\/it\\\/prodotto\\\/double-exposure-action\\\/#primaryimage\",\"url\":\"https:\\\/\\\/graphimarket.com\\\/wp-content\\\/uploads\\\/2021\\\/01\\\/1_1.jpg\",\"contentUrl\":\"https:\\\/\\\/graphimarket.com\\\/wp-content\\\/uploads\\\/2021\\\/01\\\/1_1.jpg\",\"width\":1170,\"height\":780},{\"@type\":\"BreadcrumbList\",\"@id\":\"http:\\\/\\\/graphimarket.com\\\/it\\\/prodotto\\\/double-exposure-action\\\/#breadcrumb\",\"itemListElement\":[{\"@type\":\"ListItem\",\"position\":1,\"name\":\"Home\",\"item\":\"https:\\\/\\\/graphimarket.com\\\/es\\\/\"},{\"@type\":\"ListItem\",\"position\":2,\"name\":\"Store\",\"item\":\"https:\\\/\\\/graphimarket.com\\\/store\\\/\"},{\"@type\":\"ListItem\",\"position\":3,\"name\":\"Double Exposure Action\"}]},{\"@type\":\"WebSite\",\"@id\":\"https:\\\/\\\/graphimarket.com\\\/fr\\\/#website\",\"url\":\"https:\\\/\\\/graphimarket.com\\\/fr\\\/\",\"name\":\"Graphimarket\",\"description\":\"Find the perfect creative asset to bring your project to life\",\"publisher\":{\"@id\":\"https:\\\/\\\/graphimarket.com\\\/fr\\\/#organization\"},\"potentialAction\":[{\"@type\":\"SearchAction\",\"target\":{\"@type\":\"EntryPoint\",\"urlTemplate\":\"https:\\\/\\\/graphimarket.com\\\/fr\\\/?s={search_term_string}\"},\"query-input\":{\"@type\":\"PropertyValueSpecification\",\"valueRequired\":true,\"valueName\":\"search_term_string\"}}],\"inLanguage\":\"de-DE\"},{\"@type\":\"Organization\",\"@id\":\"https:\\\/\\\/graphimarket.com\\\/fr\\\/#organization\",\"name\":\"Graphimarket\",\"url\":\"https:\\\/\\\/graphimarket.com\\\/fr\\\/\",\"logo\":{\"@type\":\"ImageObject\",\"inLanguage\":\"de-DE\",\"@id\":\"https:\\\/\\\/graphimarket.com\\\/fr\\\/#\\\/schema\\\/logo\\\/image\\\/\",\"url\":\"https:\\\/\\\/graphimarket.com\\\/wp-content\\\/uploads\\\/2020\\\/08\\\/logo-48.png\",\"contentUrl\":\"https:\\\/\\\/graphimarket.com\\\/wp-content\\\/uploads\\\/2020\\\/08\\\/logo-48.png\",\"width\":132,\"height\":48,\"caption\":\"Graphimarket\"},\"image\":{\"@id\":\"https:\\\/\\\/graphimarket.com\\\/fr\\\/#\\\/schema\\\/logo\\\/image\\\/\"}}]}<\/script>\n<!-- \/ Yoast SEO plugin. -->","yoast_head_json":{"title":"Double Exposure Action - Graphimarket","description":"a great tool for a photographer or designer. Create a wonderful effect of double exposure in a few seconds. After action finished work...","robots":{"index":"index","follow":"follow","max-snippet":"max-snippet:-1","max-image-preview":"max-image-preview:large","max-video-preview":"max-video-preview:-1"},"canonical":"http:\/\/graphimarket.com\/de\/prodotto\/double-exposure-action\/","og_locale":"de_DE","og_type":"article","og_title":"Double Exposure Action - Graphimarket","og_description":"a great tool for a photographer or designer. Create a wonderful effect of double exposure in a few seconds. After action finished work...","og_url":"http:\/\/graphimarket.com\/de\/prodotto\/double-exposure-action\/","og_site_name":"Graphimarket","article_modified_time":"2024-02-09T18:21:25+00:00","og_image":[{"width":1170,"height":780,"url":"https:\/\/graphimarket.com\/wp-content\/uploads\/2021\/01\/1_1.jpg","type":"image\/jpeg"}],"twitter_card":"summary_large_image","twitter_misc":{"Est. reading time":"1 minute"},"schema":{"@context":"https:\/\/schema.org","@graph":[{"@type":"WebPage","@id":"http:\/\/graphimarket.com\/it\/prodotto\/double-exposure-action\/","url":"http:\/\/graphimarket.com\/it\/prodotto\/double-exposure-action\/","name":"Double Exposure Action - Graphimarket","isPartOf":{"@id":"https:\/\/graphimarket.com\/fr\/#website"},"primaryImageOfPage":{"@id":"http:\/\/graphimarket.com\/it\/prodotto\/double-exposure-action\/#primaryimage"},"image":{"@id":"http:\/\/graphimarket.com\/it\/prodotto\/double-exposure-action\/#primaryimage"},"thumbnailUrl":"https:\/\/graphimarket.com\/wp-content\/uploads\/2021\/01\/1_1.jpg","datePublished":"2021-01-13T16:05:40+00:00","dateModified":"2024-02-09T18:21:25+00:00","description":"a great tool for a photographer or designer. Create a wonderful effect of double exposure in a few seconds. After action finished work...","breadcrumb":{"@id":"http:\/\/graphimarket.com\/it\/prodotto\/double-exposure-action\/#breadcrumb"},"inLanguage":"de-DE","potentialAction":[{"@type":"ReadAction","target":["http:\/\/graphimarket.com\/it\/prodotto\/double-exposure-action\/"]}]},{"@type":"ImageObject","inLanguage":"de-DE","@id":"http:\/\/graphimarket.com\/it\/prodotto\/double-exposure-action\/#primaryimage","url":"https:\/\/graphimarket.com\/wp-content\/uploads\/2021\/01\/1_1.jpg","contentUrl":"https:\/\/graphimarket.com\/wp-content\/uploads\/2021\/01\/1_1.jpg","width":1170,"height":780},{"@type":"BreadcrumbList","@id":"http:\/\/graphimarket.com\/it\/prodotto\/double-exposure-action\/#breadcrumb","itemListElement":[{"@type":"ListItem","position":1,"name":"Home","item":"https:\/\/graphimarket.com\/es\/"},{"@type":"ListItem","position":2,"name":"Store","item":"https:\/\/graphimarket.com\/store\/"},{"@type":"ListItem","position":3,"name":"Double Exposure Action"}]},{"@type":"WebSite","@id":"https:\/\/graphimarket.com\/fr\/#website","url":"https:\/\/graphimarket.com\/fr\/","name":"Graphimarket","description":"Finden Sie das perfekte kreative Kapital, um Ihr Projekt zum Leben zu erwecken","publisher":{"@id":"https:\/\/graphimarket.com\/fr\/#organization"},"potentialAction":[{"@type":"SearchAction","target":{"@type":"EntryPoint","urlTemplate":"https:\/\/graphimarket.com\/fr\/?s={search_term_string}"},"query-input":{"@type":"PropertyValueSpecification","valueRequired":true,"valueName":"search_term_string"}}],"inLanguage":"de-DE"},{"@type":"Organization","@id":"https:\/\/graphimarket.com\/fr\/#organization","name":"Graphimarket","url":"https:\/\/graphimarket.com\/fr\/","logo":{"@type":"ImageObject","inLanguage":"de-DE","@id":"https:\/\/graphimarket.com\/fr\/#\/schema\/logo\/image\/","url":"https:\/\/graphimarket.com\/wp-content\/uploads\/2020\/08\/logo-48.png","contentUrl":"https:\/\/graphimarket.com\/wp-content\/uploads\/2020\/08\/logo-48.png","width":132,"height":48,"caption":"Graphimarket"},"image":{"@id":"https:\/\/graphimarket.com\/fr\/#\/schema\/logo\/image\/"}}]}},"_links":{"self":[{"href":"https:\/\/graphimarket.com\/de\/wp-json\/wp\/v2\/product\/15150","targetHints":{"allow":["GET"]}}],"collection":[{"href":"https:\/\/graphimarket.com\/de\/wp-json\/wp\/v2\/product"}],"about":[{"href":"https:\/\/graphimarket.com\/de\/wp-json\/wp\/v2\/types\/product"}],"replies":[{"embeddable":true,"href":"https:\/\/graphimarket.com\/de\/wp-json\/wp\/v2\/comments?post=15150"}],"version-history":[{"count":0,"href":"https:\/\/graphimarket.com\/de\/wp-json\/wp\/v2\/product\/15150\/revisions"}],"wp:featuredmedia":[{"embeddable":true,"href":"https:\/\/graphimarket.com\/de\/wp-json\/wp\/v2\/media\/15159"}],"wp:attachment":[{"href":"https:\/\/graphimarket.com\/de\/wp-json\/wp\/v2\/media?parent=15150"}],"wp:term":[{"taxonomy":"product_brand","embeddable":true,"href":"https:\/\/graphimarket.com\/de\/wp-json\/wp\/v2\/product_brand?post=15150"},{"taxonomy":"product_cat","embeddable":true,"href":"https:\/\/graphimarket.com\/de\/wp-json\/wp\/v2\/product_cat?post=15150"},{"taxonomy":"product_tag","embeddable":true,"href":"https:\/\/graphimarket.com\/de\/wp-json\/wp\/v2\/product_tag?post=15150"}],"curies":[{"name":"wp","href":"https:\/\/api.w.org\/{rel}","templated":true}]}}