{"id":15201,"date":"2021-01-14T16:48:16","date_gmt":"2021-01-14T15:48:16","guid":{"rendered":"https:\/\/graphimarket.com\/?post_type=product&#038;p=15201"},"modified":"2022-12-19T09:06:14","modified_gmt":"2022-12-19T08:06:14","slug":"pastel-photoshop-action","status":"publish","type":"product","link":"https:\/\/graphimarket.com\/de\/product\/pastel-photoshop-action\/","title":{"rendered":"Pastell Photoshop Aktion"},"content":{"rendered":"<h2 id=\"item-description__pastel-photoshop-action\">Pastell Photoshop Aktion<\/h2>\n<p>Erstellen\u00a0<strong>Pastellskizzeneffekt<\/strong>\u00a0von Ihren Fotos mit nur wenigen Klicks! \u00d6ffnen Sie Ihr Foto, streichen Sie einfach \u00fcber Ihr Motiv und spielen Sie die Aktion ab. So einfach ist das wirklich! Erstellen Sie diese fortgeschritten\u00a0<strong>Photoshop Pastellzeichnungseffekt<\/strong>\u00a0war noch nie so\u00a0<strong>einfach und macht Spa\u00df<\/strong>.<\/p>\n<p>Die Aktion erledigt die ganze Arbeit f\u00fcr Sie und verl\u00e4sst Sie\u00a0<strong>voll geschichtet<\/strong>\u00a0und\u00a0<strong>anpassbare Ergebnisse<\/strong>\u00a0dass Sie weiter modifizieren k\u00f6nnen. Jedes Element ist eine einzelne Schicht. Die Aktion wird auch erstellt\u00a0<strong>35 Farben sieht aus<\/strong>\u00a0dass Sie aus w\u00e4hlen k\u00f6nnen.<\/p>\n<p><a href=\"https:\/\/www.youtube.com\/watch?v=C1u9yYGFU5k\" target=\"_blank\" rel=\"noopener\">Lernprogramm<\/a><\/p>\n<p>Die Aktion wird auch so gemacht\u00a0<strong>Jedes Mal, wenn Sie die Aktion ausf\u00fchren, erhalten Sie ein einzigartiges Ergebnis<\/strong>, auch wenn Sie den gleichen geb\u00fcrsteten Bereich verwenden. Die Aktion erzeugt immer eine einzigartige Variation der Pastelltexturen. Sie k\u00f6nnen erstellen\u00a0<strong>unbegrenzte Anzahl von Ergebnissen!<\/strong><\/p>\n<h4 id=\"item-description__features\">EIGENSCHAFTEN:<\/h4>\n<ul>\n<li>Einfach, leicht und macht Spa\u00df - auch f\u00fcr Anf\u00e4nger.<\/li>\n<li>Spart Stunden und Tage Arbeit.<\/li>\n<li>Unbegrenzte \/ zuf\u00e4llige Ergebnisse - Sie erhalten immer ein eindeutiges Ergebnis.<\/li>\n<li>Vollst\u00e4ndig geschichtete und anpassbare Ergebnisse - jedes Element ist eine einzelne Ebene.<\/li>\n<li>Viele Optionen zum Anpassen der Ergebnisse.<\/li>\n<li>35 voreingestellte Farblooks enthalten.<\/li>\n<li>Video-Tutorial enthalten.<\/li>\n<\/ul>\n<h4 id=\"item-description__compatibility\">KOMPATIBILIT\u00c4T:<\/h4>\n<p>Die Aktion wird in Photoshop (englische Versionen) CS3, CS4, CS5, CS6, CC, CC 2015.5, CC 2017, CC 2018, CC 2019, CC 2020+ getestet und funktioniert.<\/p>\n<p><img fetchpriority=\"high\" decoding=\"async\" class=\"wp-image-15202 aligncenter\" src=\"https:\/\/graphimarket.com\/wp-content\/uploads\/2021\/01\/Preview-1-scaled.jpg\" alt=\"\" width=\"275\" height=\"4501\" \/><\/p>","protected":false},"excerpt":{"rendered":"<p>Pastel Photoshop Action Create\u00a0pastel sketch effect\u00a0from your photos with just a few clicks! Open your photo, simply brush over your subject and just play the action. It\u2019s really that simple! Creating this advanced\u00a0Photoshop pastel drawing effect\u00a0has never been this\u00a0easy and fun. The action will do all the work for you, leaving you\u00a0fully layered\u00a0and\u00a0customizable results\u00a0that you [&hellip;]<\/p>\n","protected":false},"featured_media":15210,"comment_status":"open","ping_status":"closed","template":"","meta":{"site-sidebar-layout":"default","site-content-layout":"default","ast-site-content-layout":"default","site-content-style":"default","site-sidebar-style":"default","ast-global-header-display":"","ast-banner-title-visibility":"","ast-main-header-display":"","ast-hfb-above-header-display":"","ast-hfb-below-header-display":"","ast-hfb-mobile-header-display":"","site-post-title":"","ast-breadcrumbs-content":"","ast-featured-img":"","footer-sml-layout":"","ast-disable-related-posts":"","theme-transparent-header-meta":"default","adv-header-id-meta":"","stick-header-meta":"","header-above-stick-meta":"","header-main-stick-meta":"","header-below-stick-meta":"","astra-migrate-meta-layouts":"default","ast-page-background-enabled":"default","ast-page-background-meta":{"desktop":{"background-color":"","background-image":"","background-repeat":"repeat","background-position":"center center","background-size":"auto","background-attachment":"scroll","background-type":"","background-media":"","overlay-type":"","overlay-color":"","overlay-opacity":"","overlay-gradient":""},"tablet":{"background-color":"","background-image":"","background-repeat":"repeat","background-position":"center center","background-size":"auto","background-attachment":"scroll","background-type":"","background-media":"","overlay-type":"","overlay-color":"","overlay-opacity":"","overlay-gradient":""},"mobile":{"background-color":"","background-image":"","background-repeat":"repeat","background-position":"center center","background-size":"auto","background-attachment":"scroll","background-type":"","background-media":"","overlay-type":"","overlay-color":"","overlay-opacity":"","overlay-gradient":""}},"ast-content-background-meta":{"desktop":{"background-color":"var(--ast-global-color-5)","background-image":"","background-repeat":"repeat","background-position":"center center","background-size":"auto","background-attachment":"scroll","background-type":"","background-media":"","overlay-type":"","overlay-color":"","overlay-opacity":"","overlay-gradient":""},"tablet":{"background-color":"var(--ast-global-color-5)","background-image":"","background-repeat":"repeat","background-position":"center center","background-size":"auto","background-attachment":"scroll","background-type":"","background-media":"","overlay-type":"","overlay-color":"","overlay-opacity":"","overlay-gradient":""},"mobile":{"background-color":"var(--ast-global-color-5)","background-image":"","background-repeat":"repeat","background-position":"center center","background-size":"auto","background-attachment":"scroll","background-type":"","background-media":"","overlay-type":"","overlay-color":"","overlay-opacity":"","overlay-gradient":""}}},"product_brand":[],"product_cat":[195,146],"product_tag":[292,445,62],"class_list":{"0":"post-15201","1":"product","2":"type-product","3":"status-publish","4":"has-post-thumbnail","6":"product_cat-photoshop","7":"product_cat-photoshop-action","8":"product_tag-action","9":"product_tag-pastel","10":"product_tag-photoshop","11":"desktop-align-left","12":"tablet-align-left","13":"mobile-align-left","15":"first","16":"instock","17":"sale","18":"downloadable","19":"virtual","20":"taxable","21":"purchasable","22":"product-type-simple"},"yoast_head":"<!-- This site is optimized with the Yoast SEO plugin v27.3 - https:\/\/yoast.com\/product\/yoast-seo-wordpress\/ -->\n<title>Pastel Photoshop Action - Graphimarket<\/title>\n<meta name=\"description\" content=\"Create\u00a0pastel sketch effect\u00a0from your photos with just a few clicks! Open your photo, simply brush over your subject and just...\" \/>\n<meta name=\"robots\" content=\"index, follow, max-snippet:-1, max-image-preview:large, max-video-preview:-1\" \/>\n<link rel=\"canonical\" href=\"https:\/\/graphimarket.com\/de\/product\/pastel-photoshop-action\/\" \/>\n<meta property=\"og:locale\" content=\"de_DE\" \/>\n<meta property=\"og:type\" content=\"article\" \/>\n<meta property=\"og:title\" content=\"Pastel Photoshop Action - Graphimarket\" \/>\n<meta property=\"og:description\" content=\"Create\u00a0pastel sketch effect\u00a0from your photos with just a few clicks! Open your photo, simply brush over your subject and just...\" \/>\n<meta property=\"og:url\" content=\"https:\/\/graphimarket.com\/de\/product\/pastel-photoshop-action\/\" \/>\n<meta property=\"og:site_name\" content=\"Graphimarket\" \/>\n<meta property=\"article:modified_time\" content=\"2022-12-19T08:06:14+00:00\" \/>\n<meta property=\"og:image\" content=\"https:\/\/graphimarket.com\/wp-content\/uploads\/2021\/01\/6f3d61ac626ef177e4fa659c247fc79b.jpg\" \/>\n\t<meta property=\"og:image:width\" content=\"850\" \/>\n\t<meta property=\"og:image:height\" content=\"1106\" \/>\n\t<meta property=\"og:image:type\" content=\"image\/jpeg\" \/>\n<meta name=\"twitter:card\" content=\"summary_large_image\" \/>\n<meta name=\"twitter:label1\" content=\"Est. reading time\" \/>\n\t<meta name=\"twitter:data1\" content=\"1 minute\" \/>\n<script type=\"application\/ld+json\" class=\"yoast-schema-graph\">{\"@context\":\"https:\\\/\\\/schema.org\",\"@graph\":[{\"@type\":\"WebPage\",\"@id\":\"https:\\\/\\\/graphimarket.com\\\/product\\\/pastel-photoshop-action\\\/\",\"url\":\"https:\\\/\\\/graphimarket.com\\\/product\\\/pastel-photoshop-action\\\/\",\"name\":\"Pastel Photoshop Action - Graphimarket\",\"isPartOf\":{\"@id\":\"https:\\\/\\\/graphimarket.com\\\/fr\\\/#website\"},\"primaryImageOfPage\":{\"@id\":\"https:\\\/\\\/graphimarket.com\\\/product\\\/pastel-photoshop-action\\\/#primaryimage\"},\"image\":{\"@id\":\"https:\\\/\\\/graphimarket.com\\\/product\\\/pastel-photoshop-action\\\/#primaryimage\"},\"thumbnailUrl\":\"https:\\\/\\\/graphimarket.com\\\/wp-content\\\/uploads\\\/2021\\\/01\\\/6f3d61ac626ef177e4fa659c247fc79b.jpg\",\"datePublished\":\"2021-01-14T15:48:16+00:00\",\"dateModified\":\"2022-12-19T08:06:14+00:00\",\"description\":\"Create\u00a0pastel sketch effect\u00a0from your photos with just a few clicks! Open your photo, simply brush over your subject and just...\",\"breadcrumb\":{\"@id\":\"https:\\\/\\\/graphimarket.com\\\/product\\\/pastel-photoshop-action\\\/#breadcrumb\"},\"inLanguage\":\"de-DE\",\"potentialAction\":[{\"@type\":\"ReadAction\",\"target\":[\"https:\\\/\\\/graphimarket.com\\\/product\\\/pastel-photoshop-action\\\/\"]}]},{\"@type\":\"ImageObject\",\"inLanguage\":\"de-DE\",\"@id\":\"https:\\\/\\\/graphimarket.com\\\/product\\\/pastel-photoshop-action\\\/#primaryimage\",\"url\":\"https:\\\/\\\/graphimarket.com\\\/wp-content\\\/uploads\\\/2021\\\/01\\\/6f3d61ac626ef177e4fa659c247fc79b.jpg\",\"contentUrl\":\"https:\\\/\\\/graphimarket.com\\\/wp-content\\\/uploads\\\/2021\\\/01\\\/6f3d61ac626ef177e4fa659c247fc79b.jpg\",\"width\":850,\"height\":1106},{\"@type\":\"BreadcrumbList\",\"@id\":\"https:\\\/\\\/graphimarket.com\\\/product\\\/pastel-photoshop-action\\\/#breadcrumb\",\"itemListElement\":[{\"@type\":\"ListItem\",\"position\":1,\"name\":\"Home\",\"item\":\"https:\\\/\\\/graphimarket.com\\\/es\\\/\"},{\"@type\":\"ListItem\",\"position\":2,\"name\":\"Store\",\"item\":\"https:\\\/\\\/graphimarket.com\\\/store\\\/\"},{\"@type\":\"ListItem\",\"position\":3,\"name\":\"Pastel Photoshop Action\"}]},{\"@type\":\"WebSite\",\"@id\":\"https:\\\/\\\/graphimarket.com\\\/fr\\\/#website\",\"url\":\"https:\\\/\\\/graphimarket.com\\\/fr\\\/\",\"name\":\"Graphimarket\",\"description\":\"Find the perfect creative asset to bring your project to life\",\"publisher\":{\"@id\":\"https:\\\/\\\/graphimarket.com\\\/fr\\\/#organization\"},\"potentialAction\":[{\"@type\":\"SearchAction\",\"target\":{\"@type\":\"EntryPoint\",\"urlTemplate\":\"https:\\\/\\\/graphimarket.com\\\/fr\\\/?s={search_term_string}\"},\"query-input\":{\"@type\":\"PropertyValueSpecification\",\"valueRequired\":true,\"valueName\":\"search_term_string\"}}],\"inLanguage\":\"de-DE\"},{\"@type\":\"Organization\",\"@id\":\"https:\\\/\\\/graphimarket.com\\\/fr\\\/#organization\",\"name\":\"Graphimarket\",\"url\":\"https:\\\/\\\/graphimarket.com\\\/fr\\\/\",\"logo\":{\"@type\":\"ImageObject\",\"inLanguage\":\"de-DE\",\"@id\":\"https:\\\/\\\/graphimarket.com\\\/fr\\\/#\\\/schema\\\/logo\\\/image\\\/\",\"url\":\"https:\\\/\\\/graphimarket.com\\\/wp-content\\\/uploads\\\/2020\\\/08\\\/logo-48.png\",\"contentUrl\":\"https:\\\/\\\/graphimarket.com\\\/wp-content\\\/uploads\\\/2020\\\/08\\\/logo-48.png\",\"width\":132,\"height\":48,\"caption\":\"Graphimarket\"},\"image\":{\"@id\":\"https:\\\/\\\/graphimarket.com\\\/fr\\\/#\\\/schema\\\/logo\\\/image\\\/\"}}]}<\/script>\n<!-- \/ Yoast SEO plugin. -->","yoast_head_json":{"title":"Pastell Photoshop Aktion - Graphimarket","description":"Erstellen Sie mit nur wenigen Klicks einen Pastellskizzeneffekt aus Ihren Fotos! \u00d6ffnen Sie Ihr Foto, streichen Sie einfach \u00fcber Ihr Motiv und ...","robots":{"index":"index","follow":"follow","max-snippet":"max-snippet:-1","max-image-preview":"max-image-preview:large","max-video-preview":"max-video-preview:-1"},"canonical":"https:\/\/graphimarket.com\/de\/product\/pastel-photoshop-action\/","og_locale":"de_DE","og_type":"article","og_title":"Pastel Photoshop Action - Graphimarket","og_description":"Create\u00a0pastel sketch effect\u00a0from your photos with just a few clicks! Open your photo, simply brush over your subject and just...","og_url":"https:\/\/graphimarket.com\/de\/product\/pastel-photoshop-action\/","og_site_name":"Graphimarket","article_modified_time":"2022-12-19T08:06:14+00:00","og_image":[{"width":850,"height":1106,"url":"https:\/\/graphimarket.com\/wp-content\/uploads\/2021\/01\/6f3d61ac626ef177e4fa659c247fc79b.jpg","type":"image\/jpeg"}],"twitter_card":"summary_large_image","twitter_misc":{"Est. reading time":"1 minute"},"schema":{"@context":"https:\/\/schema.org","@graph":[{"@type":"WebPage","@id":"https:\/\/graphimarket.com\/product\/pastel-photoshop-action\/","url":"https:\/\/graphimarket.com\/product\/pastel-photoshop-action\/","name":"Pastell Photoshop Aktion - Graphimarket","isPartOf":{"@id":"https:\/\/graphimarket.com\/fr\/#website"},"primaryImageOfPage":{"@id":"https:\/\/graphimarket.com\/product\/pastel-photoshop-action\/#primaryimage"},"image":{"@id":"https:\/\/graphimarket.com\/product\/pastel-photoshop-action\/#primaryimage"},"thumbnailUrl":"https:\/\/graphimarket.com\/wp-content\/uploads\/2021\/01\/6f3d61ac626ef177e4fa659c247fc79b.jpg","datePublished":"2021-01-14T15:48:16+00:00","dateModified":"2022-12-19T08:06:14+00:00","description":"Erstellen Sie mit nur wenigen Klicks einen Pastellskizzeneffekt aus Ihren Fotos! \u00d6ffnen Sie Ihr Foto, streichen Sie einfach \u00fcber Ihr Motiv und ...","breadcrumb":{"@id":"https:\/\/graphimarket.com\/product\/pastel-photoshop-action\/#breadcrumb"},"inLanguage":"de-DE","potentialAction":[{"@type":"ReadAction","target":["https:\/\/graphimarket.com\/product\/pastel-photoshop-action\/"]}]},{"@type":"ImageObject","inLanguage":"de-DE","@id":"https:\/\/graphimarket.com\/product\/pastel-photoshop-action\/#primaryimage","url":"https:\/\/graphimarket.com\/wp-content\/uploads\/2021\/01\/6f3d61ac626ef177e4fa659c247fc79b.jpg","contentUrl":"https:\/\/graphimarket.com\/wp-content\/uploads\/2021\/01\/6f3d61ac626ef177e4fa659c247fc79b.jpg","width":850,"height":1106},{"@type":"BreadcrumbList","@id":"https:\/\/graphimarket.com\/product\/pastel-photoshop-action\/#breadcrumb","itemListElement":[{"@type":"ListItem","position":1,"name":"Home","item":"https:\/\/graphimarket.com\/es\/"},{"@type":"ListItem","position":2,"name":"Store","item":"https:\/\/graphimarket.com\/store\/"},{"@type":"ListItem","position":3,"name":"Pastel Photoshop Action"}]},{"@type":"WebSite","@id":"https:\/\/graphimarket.com\/fr\/#website","url":"https:\/\/graphimarket.com\/fr\/","name":"Graphimarket","description":"Finden Sie das perfekte kreative Kapital, um Ihr Projekt zum Leben zu erwecken","publisher":{"@id":"https:\/\/graphimarket.com\/fr\/#organization"},"potentialAction":[{"@type":"SearchAction","target":{"@type":"EntryPoint","urlTemplate":"https:\/\/graphimarket.com\/fr\/?s={search_term_string}"},"query-input":{"@type":"PropertyValueSpecification","valueRequired":true,"valueName":"search_term_string"}}],"inLanguage":"de-DE"},{"@type":"Organization","@id":"https:\/\/graphimarket.com\/fr\/#organization","name":"Graphimarket","url":"https:\/\/graphimarket.com\/fr\/","logo":{"@type":"ImageObject","inLanguage":"de-DE","@id":"https:\/\/graphimarket.com\/fr\/#\/schema\/logo\/image\/","url":"https:\/\/graphimarket.com\/wp-content\/uploads\/2020\/08\/logo-48.png","contentUrl":"https:\/\/graphimarket.com\/wp-content\/uploads\/2020\/08\/logo-48.png","width":132,"height":48,"caption":"Graphimarket"},"image":{"@id":"https:\/\/graphimarket.com\/fr\/#\/schema\/logo\/image\/"}}]}},"_links":{"self":[{"href":"https:\/\/graphimarket.com\/de\/wp-json\/wp\/v2\/product\/15201","targetHints":{"allow":["GET"]}}],"collection":[{"href":"https:\/\/graphimarket.com\/de\/wp-json\/wp\/v2\/product"}],"about":[{"href":"https:\/\/graphimarket.com\/de\/wp-json\/wp\/v2\/types\/product"}],"replies":[{"embeddable":true,"href":"https:\/\/graphimarket.com\/de\/wp-json\/wp\/v2\/comments?post=15201"}],"version-history":[{"count":0,"href":"https:\/\/graphimarket.com\/de\/wp-json\/wp\/v2\/product\/15201\/revisions"}],"wp:featuredmedia":[{"embeddable":true,"href":"https:\/\/graphimarket.com\/de\/wp-json\/wp\/v2\/media\/15210"}],"wp:attachment":[{"href":"https:\/\/graphimarket.com\/de\/wp-json\/wp\/v2\/media?parent=15201"}],"wp:term":[{"taxonomy":"product_brand","embeddable":true,"href":"https:\/\/graphimarket.com\/de\/wp-json\/wp\/v2\/product_brand?post=15201"},{"taxonomy":"product_cat","embeddable":true,"href":"https:\/\/graphimarket.com\/de\/wp-json\/wp\/v2\/product_cat?post=15201"},{"taxonomy":"product_tag","embeddable":true,"href":"https:\/\/graphimarket.com\/de\/wp-json\/wp\/v2\/product_tag?post=15201"}],"curies":[{"name":"wp","href":"https:\/\/api.w.org\/{rel}","templated":true}]}}