{"id":15225,"date":"2021-01-15T14:31:23","date_gmt":"2021-01-15T13:31:23","guid":{"rendered":"https:\/\/graphimarket.com\/?post_type=product&#038;p=15225"},"modified":"2022-12-19T09:05:59","modified_gmt":"2022-12-19T08:05:59","slug":"shimmer-photoshop-action","status":"publish","type":"product","link":"https:\/\/graphimarket.com\/de\/product\/shimmer-photoshop-action\/","title":{"rendered":"Schimmernde Photoshop-Aktion"},"content":{"rendered":"<h2 id=\"item-description__shimmer-photoshop-action\">Schimmernde Photoshop-Aktion<\/h2>\n<p>Creating stunning light effects from your photos with this easy to use action!<\/p>\n<p><strong>Every time you run the action you will get a different result, even if you use the same brushed area!<\/strong>\u00a0You then have full layer control, so if there is a sparkle you don\u2019t want then simply hide the layer, or you can even duplicate layers to build more sparkles. 10 color options are also created by the action.<\/p>\n<p>Die Aktion wurde getestet und funktioniert in Photoshop (englische Version)\u00a0<strong>CS3, CS4, CS5, CS6, CC, CC 2015.5, CC 2017, CC 2018, CC 2019+<\/strong>.<\/p>\n<p><a href=\"https:\/\/www.youtube.com\/watch?v=lb5WU8tzMvo\" target=\"_blank\" rel=\"noopener\">Lernprogramm<\/a><\/p>\n<p>&nbsp;<\/p>\n<p><strong>Wichtig zu wissen<\/strong><\/p>\n<ul>\n<li>Stellen Sie sicher, dass Sie die verwenden\u00a0<a href=\"https:\/\/graphimarket.com\/de\/2021\/01\/12\/change-the-language-of-your-creative-cloud-apps\/\" target=\"_blank\" rel=\"noopener\">Englische Version von Photoshop<\/a>\u00a0um die Aktion auszuf\u00fchren. Alle Sevenstyles-Aktionen funktionieren nur in der englischen Version von Photoshop.<\/li>\n<\/ul>\n<ul>\n<li>\u00dcberpr\u00fcfen Sie, ob Sie eine von der Aktion unterst\u00fctzte Version von Photoshop verwenden.<\/li>\n<\/ul>\n<ul>\n<li>Verwenden Sie mit der Aktion hochaufl\u00f6sende Fotos, um die besten Ergebnisse zu erzielen und Fehler zu vermeiden. Eine optimale Fotoaufl\u00f6sung liegt zwischen 2000px und 4500px.<\/li>\n<\/ul>\n<ul>\n<li>Mit Adobe Creative Cloud k\u00f6nnen Sie installieren\u00a0<a href=\"https:\/\/graphimarket.com\/de\/2021\/01\/12\/how-to-install-previous-versions-of-your-creative-cloud-apps\/\" target=\"_blank\" rel=\"noopener\">mehrere Versionen von Photoshop<\/a>. Wenn Ihnen diese Aktion gef\u00e4llt, sie jedoch in Ihrer Photoshop-Version nicht unterst\u00fctzt wird, k\u00f6nnen Sie jederzeit eine zus\u00e4tzliche Version von Photoshop installieren, um die Aktion auszuf\u00fchren. Sobald eine Aktion getestet wurde und an einer Version von Photoshop arbeitet, funktioniert sie f\u00fcr immer.<\/li>\n<\/ul>\n<ul>\n<li>Verwenden Sie JPEG-Bilder, um die Aktion auszuf\u00fchren. Andere Dateitypen wie TIFF, BMP, PNG, PSD k\u00f6nnen Probleme mit Aktionen verursachen, da Photoshop verschiedene Funktionen f\u00fcr verschiedene Dateitypen deaktiviert.<\/li>\n<\/ul>\n<ul>\n<li>Wenn eine Sevenstyles-Aktion eine Pinsel- (.abr), Muster- (.pat) oder Shapes- (.csh) Datei im Download enth\u00e4lt, muss sie vor dem Abspielen der Aktion in Photoshop geladen werden.<\/li>\n<\/ul>\n<ul>\n<li>Vermeiden Sie die Verwendung der Aktion f\u00fcr Logos oder Bilder im ClipArt-Stil, da der Mangel an Details und Farbkontrasten zu Fehlern f\u00fchren kann.<\/li>\n<\/ul>\n<p><img fetchpriority=\"high\" decoding=\"async\" class=\"size-full wp-image-15226\" src=\"https:\/\/graphimarket.com\/wp-content\/uploads\/2021\/01\/12bbb-1.jpg\" alt=\"\" width=\"796\" height=\"1195\" srcset=\"https:\/\/graphimarket.com\/wp-content\/uploads\/2021\/01\/12bbb-1.jpg 796w, https:\/\/graphimarket.com\/wp-content\/uploads\/2021\/01\/12bbb-1-200x300.jpg 200w, https:\/\/graphimarket.com\/wp-content\/uploads\/2021\/01\/12bbb-1-682x1024.jpg 682w, https:\/\/graphimarket.com\/wp-content\/uploads\/2021\/01\/12bbb-1-768x1153.jpg 768w, https:\/\/graphimarket.com\/wp-content\/uploads\/2021\/01\/12bbb-1-8x12.jpg 8w, https:\/\/graphimarket.com\/wp-content\/uploads\/2021\/01\/12bbb-1-600x901.jpg 600w\" sizes=\"(max-width: 796px) 100vw, 796px\" \/><\/p>\n<p><img decoding=\"async\" class=\"size-full wp-image-15227\" src=\"https:\/\/graphimarket.com\/wp-content\/uploads\/2021\/01\/13a.jpg\" alt=\"\" width=\"822\" height=\"941\" srcset=\"https:\/\/graphimarket.com\/wp-content\/uploads\/2021\/01\/13a.jpg 822w, https:\/\/graphimarket.com\/wp-content\/uploads\/2021\/01\/13a-262x300.jpg 262w, https:\/\/graphimarket.com\/wp-content\/uploads\/2021\/01\/13a-768x879.jpg 768w, https:\/\/graphimarket.com\/wp-content\/uploads\/2021\/01\/13a-10x12.jpg 10w, https:\/\/graphimarket.com\/wp-content\/uploads\/2021\/01\/13a-600x687.jpg 600w\" sizes=\"(max-width: 822px) 100vw, 822px\" \/><\/p>\n<p><img decoding=\"async\" class=\"alignnone size-full wp-image-15229\" src=\"https:\/\/graphimarket.com\/wp-content\/uploads\/2021\/01\/15a.jpg\" alt=\"\" width=\"1153\" height=\"1730\" srcset=\"https:\/\/graphimarket.com\/wp-content\/uploads\/2021\/01\/15a.jpg 1153w, https:\/\/graphimarket.com\/wp-content\/uploads\/2021\/01\/15a-200x300.jpg 200w, https:\/\/graphimarket.com\/wp-content\/uploads\/2021\/01\/15a-682x1024.jpg 682w, https:\/\/graphimarket.com\/wp-content\/uploads\/2021\/01\/15a-768x1152.jpg 768w, https:\/\/graphimarket.com\/wp-content\/uploads\/2021\/01\/15a-1024x1536.jpg 1024w, https:\/\/graphimarket.com\/wp-content\/uploads\/2021\/01\/15a-8x12.jpg 8w, https:\/\/graphimarket.com\/wp-content\/uploads\/2021\/01\/15a-600x900.jpg 600w\" sizes=\"(max-width: 1153px) 100vw, 1153px\" \/><\/p>\n<p><img loading=\"lazy\" decoding=\"async\" class=\"alignnone size-full wp-image-15230\" src=\"https:\/\/graphimarket.com\/wp-content\/uploads\/2021\/01\/16aaa.jpg\" alt=\"\" width=\"1153\" height=\"1730\" srcset=\"https:\/\/graphimarket.com\/wp-content\/uploads\/2021\/01\/16aaa.jpg 1153w, https:\/\/graphimarket.com\/wp-content\/uploads\/2021\/01\/16aaa-200x300.jpg 200w, https:\/\/graphimarket.com\/wp-content\/uploads\/2021\/01\/16aaa-682x1024.jpg 682w, https:\/\/graphimarket.com\/wp-content\/uploads\/2021\/01\/16aaa-768x1152.jpg 768w, https:\/\/graphimarket.com\/wp-content\/uploads\/2021\/01\/16aaa-1024x1536.jpg 1024w, https:\/\/graphimarket.com\/wp-content\/uploads\/2021\/01\/16aaa-8x12.jpg 8w, https:\/\/graphimarket.com\/wp-content\/uploads\/2021\/01\/16aaa-600x900.jpg 600w\" sizes=\"(max-width: 1153px) 100vw, 1153px\" \/><\/p>\n<p><img loading=\"lazy\" decoding=\"async\" class=\"alignnone size-full wp-image-15231\" src=\"https:\/\/graphimarket.com\/wp-content\/uploads\/2021\/01\/17aaa.jpg\" alt=\"\" width=\"1496\" height=\"981\" srcset=\"https:\/\/graphimarket.com\/wp-content\/uploads\/2021\/01\/17aaa.jpg 1496w, https:\/\/graphimarket.com\/wp-content\/uploads\/2021\/01\/17aaa-300x197.jpg 300w, https:\/\/graphimarket.com\/wp-content\/uploads\/2021\/01\/17aaa-1024x671.jpg 1024w, https:\/\/graphimarket.com\/wp-content\/uploads\/2021\/01\/17aaa-768x504.jpg 768w, https:\/\/graphimarket.com\/wp-content\/uploads\/2021\/01\/17aaa-16x10.jpg 16w, https:\/\/graphimarket.com\/wp-content\/uploads\/2021\/01\/17aaa-1320x866.jpg 1320w, https:\/\/graphimarket.com\/wp-content\/uploads\/2021\/01\/17aaa-600x393.jpg 600w\" sizes=\"(max-width: 1496px) 100vw, 1496px\" \/><\/p>\n<p><img loading=\"lazy\" decoding=\"async\" class=\"alignnone size-full wp-image-15232\" src=\"https:\/\/graphimarket.com\/wp-content\/uploads\/2021\/01\/4a.jpg\" alt=\"\" width=\"919\" height=\"1380\" srcset=\"https:\/\/graphimarket.com\/wp-content\/uploads\/2021\/01\/4a.jpg 919w, https:\/\/graphimarket.com\/wp-content\/uploads\/2021\/01\/4a-200x300.jpg 200w, https:\/\/graphimarket.com\/wp-content\/uploads\/2021\/01\/4a-682x1024.jpg 682w, https:\/\/graphimarket.com\/wp-content\/uploads\/2021\/01\/4a-768x1153.jpg 768w, https:\/\/graphimarket.com\/wp-content\/uploads\/2021\/01\/4a-8x12.jpg 8w, https:\/\/graphimarket.com\/wp-content\/uploads\/2021\/01\/4a-600x901.jpg 600w\" sizes=\"(max-width: 919px) 100vw, 919px\" \/><\/p>\n<p><img loading=\"lazy\" decoding=\"async\" class=\"alignnone size-full wp-image-15233\" src=\"https:\/\/graphimarket.com\/wp-content\/uploads\/2021\/01\/1aaaa.jpg\" alt=\"\" width=\"1493\" height=\"1002\" srcset=\"https:\/\/graphimarket.com\/wp-content\/uploads\/2021\/01\/1aaaa.jpg 1493w, https:\/\/graphimarket.com\/wp-content\/uploads\/2021\/01\/1aaaa-300x201.jpg 300w, https:\/\/graphimarket.com\/wp-content\/uploads\/2021\/01\/1aaaa-1024x687.jpg 1024w, https:\/\/graphimarket.com\/wp-content\/uploads\/2021\/01\/1aaaa-768x515.jpg 768w, https:\/\/graphimarket.com\/wp-content\/uploads\/2021\/01\/1aaaa-16x12.jpg 16w, https:\/\/graphimarket.com\/wp-content\/uploads\/2021\/01\/1aaaa-1320x886.jpg 1320w, https:\/\/graphimarket.com\/wp-content\/uploads\/2021\/01\/1aaaa-600x403.jpg 600w\" sizes=\"(max-width: 1493px) 100vw, 1493px\" \/><\/p>\n<p><img loading=\"lazy\" decoding=\"async\" class=\"alignnone size-full wp-image-15234\" src=\"https:\/\/graphimarket.com\/wp-content\/uploads\/2021\/01\/2aaaa.jpg\" alt=\"\" width=\"1164\" height=\"1552\" srcset=\"https:\/\/graphimarket.com\/wp-content\/uploads\/2021\/01\/2aaaa.jpg 1164w, https:\/\/graphimarket.com\/wp-content\/uploads\/2021\/01\/2aaaa-225x300.jpg 225w, https:\/\/graphimarket.com\/wp-content\/uploads\/2021\/01\/2aaaa-768x1024.jpg 768w, https:\/\/graphimarket.com\/wp-content\/uploads\/2021\/01\/2aaaa-1152x1536.jpg 1152w, https:\/\/graphimarket.com\/wp-content\/uploads\/2021\/01\/2aaaa-9x12.jpg 9w, https:\/\/graphimarket.com\/wp-content\/uploads\/2021\/01\/2aaaa-600x800.jpg 600w\" sizes=\"(max-width: 1164px) 100vw, 1164px\" \/><\/p>\n<p><img loading=\"lazy\" decoding=\"async\" class=\"alignnone size-full wp-image-15235\" src=\"https:\/\/graphimarket.com\/wp-content\/uploads\/2021\/01\/3d.jpg\" alt=\"\" width=\"1518\" height=\"1012\" srcset=\"https:\/\/graphimarket.com\/wp-content\/uploads\/2021\/01\/3d.jpg 1518w, https:\/\/graphimarket.com\/wp-content\/uploads\/2021\/01\/3d-300x200.jpg 300w, https:\/\/graphimarket.com\/wp-content\/uploads\/2021\/01\/3d-1024x683.jpg 1024w, https:\/\/graphimarket.com\/wp-content\/uploads\/2021\/01\/3d-768x512.jpg 768w, https:\/\/graphimarket.com\/wp-content\/uploads\/2021\/01\/3d-16x12.jpg 16w, https:\/\/graphimarket.com\/wp-content\/uploads\/2021\/01\/3d-1320x880.jpg 1320w, https:\/\/graphimarket.com\/wp-content\/uploads\/2021\/01\/3d-600x400.jpg 600w\" sizes=\"(max-width: 1518px) 100vw, 1518px\" \/><\/p>\n<p><img loading=\"lazy\" decoding=\"async\" class=\"alignnone size-full wp-image-15236\" src=\"https:\/\/graphimarket.com\/wp-content\/uploads\/2021\/01\/10b.jpg\" alt=\"\" width=\"1518\" height=\"1012\" srcset=\"https:\/\/graphimarket.com\/wp-content\/uploads\/2021\/01\/10b.jpg 1518w, https:\/\/graphimarket.com\/wp-content\/uploads\/2021\/01\/10b-300x200.jpg 300w, https:\/\/graphimarket.com\/wp-content\/uploads\/2021\/01\/10b-1024x683.jpg 1024w, https:\/\/graphimarket.com\/wp-content\/uploads\/2021\/01\/10b-768x512.jpg 768w, https:\/\/graphimarket.com\/wp-content\/uploads\/2021\/01\/10b-16x12.jpg 16w, https:\/\/graphimarket.com\/wp-content\/uploads\/2021\/01\/10b-1320x880.jpg 1320w, https:\/\/graphimarket.com\/wp-content\/uploads\/2021\/01\/10b-600x400.jpg 600w\" sizes=\"(max-width: 1518px) 100vw, 1518px\" \/><\/p>\n<p><img loading=\"lazy\" decoding=\"async\" class=\"alignnone size-full wp-image-15237\" src=\"https:\/\/graphimarket.com\/wp-content\/uploads\/2021\/01\/11aaa-1.jpg\" alt=\"\" width=\"1153\" height=\"1730\" srcset=\"https:\/\/graphimarket.com\/wp-content\/uploads\/2021\/01\/11aaa-1.jpg 1153w, https:\/\/graphimarket.com\/wp-content\/uploads\/2021\/01\/11aaa-1-200x300.jpg 200w, https:\/\/graphimarket.com\/wp-content\/uploads\/2021\/01\/11aaa-1-682x1024.jpg 682w, https:\/\/graphimarket.com\/wp-content\/uploads\/2021\/01\/11aaa-1-768x1152.jpg 768w, https:\/\/graphimarket.com\/wp-content\/uploads\/2021\/01\/11aaa-1-1024x1536.jpg 1024w, https:\/\/graphimarket.com\/wp-content\/uploads\/2021\/01\/11aaa-1-8x12.jpg 8w, https:\/\/graphimarket.com\/wp-content\/uploads\/2021\/01\/11aaa-1-600x900.jpg 600w\" sizes=\"(max-width: 1153px) 100vw, 1153px\" \/><\/p>\n<p>&nbsp;<\/p>","protected":false},"excerpt":{"rendered":"<p>Shimmer Photoshop Action Creating stunning light effects from your photos with this easy to use action! Every time you run the action you will get a different result, even if you use the same brushed area!\u00a0You then have full layer control, so if there is a sparkle you don\u2019t want then simply hide the layer, [&hellip;]<\/p>\n","protected":false},"featured_media":15236,"comment_status":"open","ping_status":"closed","template":"","meta":{"site-sidebar-layout":"default","site-content-layout":"default","ast-site-content-layout":"default","site-content-style":"default","site-sidebar-style":"default","ast-global-header-display":"","ast-banner-title-visibility":"","ast-main-header-display":"","ast-hfb-above-header-display":"","ast-hfb-below-header-display":"","ast-hfb-mobile-header-display":"","site-post-title":"","ast-breadcrumbs-content":"","ast-featured-img":"","footer-sml-layout":"","ast-disable-related-posts":"","theme-transparent-header-meta":"default","adv-header-id-meta":"","stick-header-meta":"","header-above-stick-meta":"","header-main-stick-meta":"","header-below-stick-meta":"","astra-migrate-meta-layouts":"default","ast-page-background-enabled":"default","ast-page-background-meta":{"desktop":{"background-color":"","background-image":"","background-repeat":"repeat","background-position":"center center","background-size":"auto","background-attachment":"scroll","background-type":"","background-media":"","overlay-type":"","overlay-color":"","overlay-opacity":"","overlay-gradient":""},"tablet":{"background-color":"","background-image":"","background-repeat":"repeat","background-position":"center center","background-size":"auto","background-attachment":"scroll","background-type":"","background-media":"","overlay-type":"","overlay-color":"","overlay-opacity":"","overlay-gradient":""},"mobile":{"background-color":"","background-image":"","background-repeat":"repeat","background-position":"center center","background-size":"auto","background-attachment":"scroll","background-type":"","background-media":"","overlay-type":"","overlay-color":"","overlay-opacity":"","overlay-gradient":""}},"ast-content-background-meta":{"desktop":{"background-color":"var(--ast-global-color-5)","background-image":"","background-repeat":"repeat","background-position":"center center","background-size":"auto","background-attachment":"scroll","background-type":"","background-media":"","overlay-type":"","overlay-color":"","overlay-opacity":"","overlay-gradient":""},"tablet":{"background-color":"var(--ast-global-color-5)","background-image":"","background-repeat":"repeat","background-position":"center center","background-size":"auto","background-attachment":"scroll","background-type":"","background-media":"","overlay-type":"","overlay-color":"","overlay-opacity":"","overlay-gradient":""},"mobile":{"background-color":"var(--ast-global-color-5)","background-image":"","background-repeat":"repeat","background-position":"center center","background-size":"auto","background-attachment":"scroll","background-type":"","background-media":"","overlay-type":"","overlay-color":"","overlay-opacity":"","overlay-gradient":""}}},"product_brand":[],"product_cat":[195,146],"product_tag":[292,62,1846],"class_list":{"0":"post-15225","1":"product","2":"type-product","3":"status-publish","4":"has-post-thumbnail","6":"product_cat-photoshop","7":"product_cat-photoshop-action","8":"product_tag-action","9":"product_tag-photoshop","10":"product_tag-shimmer","11":"desktop-align-left","12":"tablet-align-left","13":"mobile-align-left","15":"first","16":"instock","17":"sale","18":"downloadable","19":"virtual","20":"taxable","21":"purchasable","22":"product-type-simple"},"yoast_head":"<!-- This site is optimized with the Yoast SEO plugin v27.3 - https:\/\/yoast.com\/product\/yoast-seo-wordpress\/ -->\n<title>Shimmer Photoshop Action - Graphimarket<\/title>\n<meta name=\"description\" content=\"Creating stunning light effects from your photos with this easy to use action!Every time you run the action you will get a different...\" \/>\n<meta name=\"robots\" content=\"index, follow, max-snippet:-1, max-image-preview:large, max-video-preview:-1\" \/>\n<link rel=\"canonical\" href=\"http:\/\/graphimarket.com\/de\/product\/shimmer-photoshop-action\/\" \/>\n<meta property=\"og:locale\" content=\"de_DE\" \/>\n<meta property=\"og:type\" content=\"article\" \/>\n<meta property=\"og:title\" content=\"Shimmer Photoshop Action - Graphimarket\" \/>\n<meta property=\"og:description\" content=\"Creating stunning light effects from your photos with this easy to use action!Every time you run the action you will get a different...\" \/>\n<meta property=\"og:url\" content=\"http:\/\/graphimarket.com\/de\/product\/shimmer-photoshop-action\/\" \/>\n<meta property=\"og:site_name\" content=\"Graphimarket\" \/>\n<meta property=\"article:modified_time\" content=\"2022-12-19T08:05:59+00:00\" \/>\n<meta property=\"og:image\" content=\"https:\/\/graphimarket.com\/wp-content\/uploads\/2021\/01\/10b.jpg\" \/>\n\t<meta property=\"og:image:width\" content=\"1518\" \/>\n\t<meta property=\"og:image:height\" content=\"1012\" \/>\n\t<meta property=\"og:image:type\" content=\"image\/jpeg\" \/>\n<meta name=\"twitter:card\" content=\"summary_large_image\" \/>\n<meta name=\"twitter:label1\" content=\"Est. reading time\" \/>\n\t<meta name=\"twitter:data1\" content=\"2 minutes\" \/>\n<script type=\"application\/ld+json\" class=\"yoast-schema-graph\">{\"@context\":\"https:\\\/\\\/schema.org\",\"@graph\":[{\"@type\":\"WebPage\",\"@id\":\"http:\\\/\\\/graphimarket.com\\\/fr\\\/product\\\/shimmer-photoshop-action\\\/\",\"url\":\"http:\\\/\\\/graphimarket.com\\\/fr\\\/product\\\/shimmer-photoshop-action\\\/\",\"name\":\"Shimmer Photoshop Action - Graphimarket\",\"isPartOf\":{\"@id\":\"https:\\\/\\\/graphimarket.com\\\/fr\\\/#website\"},\"primaryImageOfPage\":{\"@id\":\"http:\\\/\\\/graphimarket.com\\\/fr\\\/product\\\/shimmer-photoshop-action\\\/#primaryimage\"},\"image\":{\"@id\":\"http:\\\/\\\/graphimarket.com\\\/fr\\\/product\\\/shimmer-photoshop-action\\\/#primaryimage\"},\"thumbnailUrl\":\"https:\\\/\\\/graphimarket.com\\\/wp-content\\\/uploads\\\/2021\\\/01\\\/10b.jpg\",\"datePublished\":\"2021-01-15T13:31:23+00:00\",\"dateModified\":\"2022-12-19T08:05:59+00:00\",\"description\":\"Creating stunning light effects from your photos with this easy to use action!Every time you run the action you will get a different...\",\"breadcrumb\":{\"@id\":\"http:\\\/\\\/graphimarket.com\\\/fr\\\/product\\\/shimmer-photoshop-action\\\/#breadcrumb\"},\"inLanguage\":\"de-DE\",\"potentialAction\":[{\"@type\":\"ReadAction\",\"target\":[\"http:\\\/\\\/graphimarket.com\\\/fr\\\/product\\\/shimmer-photoshop-action\\\/\"]}]},{\"@type\":\"ImageObject\",\"inLanguage\":\"de-DE\",\"@id\":\"http:\\\/\\\/graphimarket.com\\\/fr\\\/product\\\/shimmer-photoshop-action\\\/#primaryimage\",\"url\":\"https:\\\/\\\/graphimarket.com\\\/wp-content\\\/uploads\\\/2021\\\/01\\\/10b.jpg\",\"contentUrl\":\"https:\\\/\\\/graphimarket.com\\\/wp-content\\\/uploads\\\/2021\\\/01\\\/10b.jpg\",\"width\":1518,\"height\":1012},{\"@type\":\"BreadcrumbList\",\"@id\":\"http:\\\/\\\/graphimarket.com\\\/fr\\\/product\\\/shimmer-photoshop-action\\\/#breadcrumb\",\"itemListElement\":[{\"@type\":\"ListItem\",\"position\":1,\"name\":\"Home\",\"item\":\"https:\\\/\\\/graphimarket.com\\\/es\\\/\"},{\"@type\":\"ListItem\",\"position\":2,\"name\":\"Store\",\"item\":\"https:\\\/\\\/graphimarket.com\\\/store\\\/\"},{\"@type\":\"ListItem\",\"position\":3,\"name\":\"Shimmer Photoshop Action\"}]},{\"@type\":\"WebSite\",\"@id\":\"https:\\\/\\\/graphimarket.com\\\/fr\\\/#website\",\"url\":\"https:\\\/\\\/graphimarket.com\\\/fr\\\/\",\"name\":\"Graphimarket\",\"description\":\"Find the perfect creative asset to bring your project to life\",\"publisher\":{\"@id\":\"https:\\\/\\\/graphimarket.com\\\/fr\\\/#organization\"},\"potentialAction\":[{\"@type\":\"SearchAction\",\"target\":{\"@type\":\"EntryPoint\",\"urlTemplate\":\"https:\\\/\\\/graphimarket.com\\\/fr\\\/?s={search_term_string}\"},\"query-input\":{\"@type\":\"PropertyValueSpecification\",\"valueRequired\":true,\"valueName\":\"search_term_string\"}}],\"inLanguage\":\"de-DE\"},{\"@type\":\"Organization\",\"@id\":\"https:\\\/\\\/graphimarket.com\\\/fr\\\/#organization\",\"name\":\"Graphimarket\",\"url\":\"https:\\\/\\\/graphimarket.com\\\/fr\\\/\",\"logo\":{\"@type\":\"ImageObject\",\"inLanguage\":\"de-DE\",\"@id\":\"https:\\\/\\\/graphimarket.com\\\/fr\\\/#\\\/schema\\\/logo\\\/image\\\/\",\"url\":\"https:\\\/\\\/graphimarket.com\\\/wp-content\\\/uploads\\\/2020\\\/08\\\/logo-48.png\",\"contentUrl\":\"https:\\\/\\\/graphimarket.com\\\/wp-content\\\/uploads\\\/2020\\\/08\\\/logo-48.png\",\"width\":132,\"height\":48,\"caption\":\"Graphimarket\"},\"image\":{\"@id\":\"https:\\\/\\\/graphimarket.com\\\/fr\\\/#\\\/schema\\\/logo\\\/image\\\/\"}}]}<\/script>\n<!-- \/ Yoast SEO plugin. -->","yoast_head_json":{"title":"Shimmer Photoshop Action - Graphimarket","description":"Creating stunning light effects from your photos with this easy to use action!Every time you run the action you will get a different...","robots":{"index":"index","follow":"follow","max-snippet":"max-snippet:-1","max-image-preview":"max-image-preview:large","max-video-preview":"max-video-preview:-1"},"canonical":"http:\/\/graphimarket.com\/de\/product\/shimmer-photoshop-action\/","og_locale":"de_DE","og_type":"article","og_title":"Shimmer Photoshop Action - Graphimarket","og_description":"Creating stunning light effects from your photos with this easy to use action!Every time you run the action you will get a different...","og_url":"http:\/\/graphimarket.com\/de\/product\/shimmer-photoshop-action\/","og_site_name":"Graphimarket","article_modified_time":"2022-12-19T08:05:59+00:00","og_image":[{"width":1518,"height":1012,"url":"https:\/\/graphimarket.com\/wp-content\/uploads\/2021\/01\/10b.jpg","type":"image\/jpeg"}],"twitter_card":"summary_large_image","twitter_misc":{"Est. reading time":"2 minutes"},"schema":{"@context":"https:\/\/schema.org","@graph":[{"@type":"WebPage","@id":"http:\/\/graphimarket.com\/fr\/product\/shimmer-photoshop-action\/","url":"http:\/\/graphimarket.com\/fr\/product\/shimmer-photoshop-action\/","name":"Shimmer Photoshop Action - Graphimarket","isPartOf":{"@id":"https:\/\/graphimarket.com\/fr\/#website"},"primaryImageOfPage":{"@id":"http:\/\/graphimarket.com\/fr\/product\/shimmer-photoshop-action\/#primaryimage"},"image":{"@id":"http:\/\/graphimarket.com\/fr\/product\/shimmer-photoshop-action\/#primaryimage"},"thumbnailUrl":"https:\/\/graphimarket.com\/wp-content\/uploads\/2021\/01\/10b.jpg","datePublished":"2021-01-15T13:31:23+00:00","dateModified":"2022-12-19T08:05:59+00:00","description":"Creating stunning light effects from your photos with this easy to use action!Every time you run the action you will get a different...","breadcrumb":{"@id":"http:\/\/graphimarket.com\/fr\/product\/shimmer-photoshop-action\/#breadcrumb"},"inLanguage":"de-DE","potentialAction":[{"@type":"ReadAction","target":["http:\/\/graphimarket.com\/fr\/product\/shimmer-photoshop-action\/"]}]},{"@type":"ImageObject","inLanguage":"de-DE","@id":"http:\/\/graphimarket.com\/fr\/product\/shimmer-photoshop-action\/#primaryimage","url":"https:\/\/graphimarket.com\/wp-content\/uploads\/2021\/01\/10b.jpg","contentUrl":"https:\/\/graphimarket.com\/wp-content\/uploads\/2021\/01\/10b.jpg","width":1518,"height":1012},{"@type":"BreadcrumbList","@id":"http:\/\/graphimarket.com\/fr\/product\/shimmer-photoshop-action\/#breadcrumb","itemListElement":[{"@type":"ListItem","position":1,"name":"Home","item":"https:\/\/graphimarket.com\/es\/"},{"@type":"ListItem","position":2,"name":"Store","item":"https:\/\/graphimarket.com\/store\/"},{"@type":"ListItem","position":3,"name":"Shimmer Photoshop Action"}]},{"@type":"WebSite","@id":"https:\/\/graphimarket.com\/fr\/#website","url":"https:\/\/graphimarket.com\/fr\/","name":"Graphimarket","description":"Finden Sie das perfekte kreative Kapital, um Ihr Projekt zum Leben zu erwecken","publisher":{"@id":"https:\/\/graphimarket.com\/fr\/#organization"},"potentialAction":[{"@type":"SearchAction","target":{"@type":"EntryPoint","urlTemplate":"https:\/\/graphimarket.com\/fr\/?s={search_term_string}"},"query-input":{"@type":"PropertyValueSpecification","valueRequired":true,"valueName":"search_term_string"}}],"inLanguage":"de-DE"},{"@type":"Organization","@id":"https:\/\/graphimarket.com\/fr\/#organization","name":"Graphimarket","url":"https:\/\/graphimarket.com\/fr\/","logo":{"@type":"ImageObject","inLanguage":"de-DE","@id":"https:\/\/graphimarket.com\/fr\/#\/schema\/logo\/image\/","url":"https:\/\/graphimarket.com\/wp-content\/uploads\/2020\/08\/logo-48.png","contentUrl":"https:\/\/graphimarket.com\/wp-content\/uploads\/2020\/08\/logo-48.png","width":132,"height":48,"caption":"Graphimarket"},"image":{"@id":"https:\/\/graphimarket.com\/fr\/#\/schema\/logo\/image\/"}}]}},"_links":{"self":[{"href":"https:\/\/graphimarket.com\/de\/wp-json\/wp\/v2\/product\/15225","targetHints":{"allow":["GET"]}}],"collection":[{"href":"https:\/\/graphimarket.com\/de\/wp-json\/wp\/v2\/product"}],"about":[{"href":"https:\/\/graphimarket.com\/de\/wp-json\/wp\/v2\/types\/product"}],"replies":[{"embeddable":true,"href":"https:\/\/graphimarket.com\/de\/wp-json\/wp\/v2\/comments?post=15225"}],"version-history":[{"count":0,"href":"https:\/\/graphimarket.com\/de\/wp-json\/wp\/v2\/product\/15225\/revisions"}],"wp:featuredmedia":[{"embeddable":true,"href":"https:\/\/graphimarket.com\/de\/wp-json\/wp\/v2\/media\/15236"}],"wp:attachment":[{"href":"https:\/\/graphimarket.com\/de\/wp-json\/wp\/v2\/media?parent=15225"}],"wp:term":[{"taxonomy":"product_brand","embeddable":true,"href":"https:\/\/graphimarket.com\/de\/wp-json\/wp\/v2\/product_brand?post=15225"},{"taxonomy":"product_cat","embeddable":true,"href":"https:\/\/graphimarket.com\/de\/wp-json\/wp\/v2\/product_cat?post=15225"},{"taxonomy":"product_tag","embeddable":true,"href":"https:\/\/graphimarket.com\/de\/wp-json\/wp\/v2\/product_tag?post=15225"}],"curies":[{"name":"wp","href":"https:\/\/api.w.org\/{rel}","templated":true}]}}