{"id":15444,"date":"2021-01-19T16:58:38","date_gmt":"2021-01-19T15:58:38","guid":{"rendered":"https:\/\/graphimarket.com\/?post_type=product&#038;p=15444"},"modified":"2021-01-21T15:35:39","modified_gmt":"2021-01-21T14:35:39","slug":"zombie-photoshop-action","status":"publish","type":"product","link":"https:\/\/graphimarket.com\/de\/product\/zombie-photoshop-action\/","title":{"rendered":"Zombie Photoshop Aktion"},"content":{"rendered":"<p><strong>Zombie Action<\/strong> \u2013 This is a very scare and high-quality zombie effect which will created on your face bloodstains, veins with black blood, wounds, dead skin and more. You can change the color of the eyes and skin color. This effect scare and surprise you incredible photorealism.<\/p>\n<h2><a href=\"https:\/\/www.youtube.com\/watch?v=KxzpGWwJ0OI\" target=\"_blank\" rel=\"noopener\">Lernprogramm<\/a><\/h2>\n<p>Diese Aktion wurde f\u00fcr die Verwendung in Photoshop CS3, CS4, CS5, CS6, CC und NUR F\u00dcR DIE ENGLISCHE VERSION VON PHOTOSHOP erstellt und optimiert.<\/p>\n<blockquote class=\"wp-embedded-content\" data-secret=\"L4LWU8aqCA\"><p><a href=\"http:\/\/graphimarket.com\/de\/2021\/01\/12\/guide-how-to-change-language-on-adobe-cc-to-english\/\">Anleitung zum \u00c4ndern der Sprache in Adobe CC in Englisch<\/a><\/p><\/blockquote>\n<p><iframe class=\"wp-embedded-content\" sandbox=\"allow-scripts\" security=\"restricted\" style=\"position: absolute; clip: rect(1px, 1px, 1px, 1px);\" title=\"&#8220;Guide how to change language on adobe cc to english&#8221; &#8212; Graphimarket\" src=\"http:\/\/graphimarket.com\/en\/2021\/01\/12\/guide-how-to-change-language-on-adobe-cc-to-english\/embed\/#?secret=9ouB2aqlOq#?secret=L4LWU8aqCA\" data-secret=\"L4LWU8aqCA\" width=\"500\" height=\"282\" frameborder=\"0\" marginwidth=\"0\" marginheight=\"0\" scrolling=\"no\"><\/iframe><\/p>\n<h2><\/h2>\n<h2><\/h2>\n<h2 id=\"item-description__how-to-configure-photoshop-to-work-with-actions\">So konfigurieren Sie Photoshop f\u00fcr die Arbeit mit Aktionen.<\/h2>\n<p><strong>1. Stellen Sie sicher, dass Sie die englische Version von Photoshop verwenden.<\/strong> Jede Aktion wurde so erstellt und optimiert, dass sie nur mit der englischen Version von Photoshop funktioniert, also stellen Sie bitte sicher, dass Sie diese Version verwenden.<\/p>\n<p><strong>2. Verwenden Sie den RGB-Modus und die 8-Bit-Farbe.<\/strong>\u00a0Um diese Einstellungen zu \u00fcberpr\u00fcfen, gehen Sie zu Bild-&gt; Modus und \u00fcberpr\u00fcfen Sie die \u201eRGB-Farbe\u201c und \u201e8 Bits \/ Kanal\u201c.<\/p>\n<p><strong>3. Stellen Sie sicher, dass die Option &quot;Kopieren zu kopierten Ebenen und Gruppen hinzuf\u00fcgen&quot; aktiviert ist.<\/strong>\u00a0Diese Option gilt nur f\u00fcr CS5 und sp\u00e4tere Versionen von Photoshop. Klicken Sie im Bedienfeld \u201eSCHICHTEN\u201c auf das Men\u00fcsymbol, gehen Sie zu \u201eBedienfeldoptionen\u2026\u201c und \u00fcberpr\u00fcfen Sie, ob die Option \u201eKopie zu kopierten Ebenen und Gruppen hinzuf\u00fcgen\u201c aktiviert ist.<\/p>\n<p><strong>4. Verwenden Sie ein Foto mit 72 dpi oder h\u00f6her.<\/strong>\u00a0Wenn Sie ein Foto mit weniger als 72 dpi verwenden, funktioniert die Aktion nicht richtig. Um dies zu beheben, gehen Sie zu Bild-&gt; Bildgr\u00f6\u00dfe und erh\u00f6hen Sie den Aufl\u00f6sungswert.<\/p>\n<p><strong>5. Stellen Sie die Deckkraft des Pinsels auf 100% ein.<\/strong>\u00a0Stellen Sie die Deckkraft des Pinsels auf 100% ein. W\u00e4hlen Sie das \u201ePinselwerkzeug\u201c und bewegen Sie den Deckkraftregler auf 100%.<\/p>\n<p><img fetchpriority=\"high\" decoding=\"async\" class=\"alignnone size-full wp-image-15449\" style=\"font-weight: inherit;\" src=\"https:\/\/graphimarket.com\/wp-content\/uploads\/2021\/01\/surrreal-photoshop-action-9.jpg\" alt=\"\" width=\"590\" height=\"621\" srcset=\"https:\/\/graphimarket.com\/wp-content\/uploads\/2021\/01\/surrreal-photoshop-action-9.jpg 590w, https:\/\/graphimarket.com\/wp-content\/uploads\/2021\/01\/surrreal-photoshop-action-9-285x300.jpg 285w, https:\/\/graphimarket.com\/wp-content\/uploads\/2021\/01\/surrreal-photoshop-action-9-11x12.jpg 11w\" sizes=\"(max-width: 590px) 100vw, 590px\" \/><\/p>\n<p><img decoding=\"async\" class=\"alignnone size-full wp-image-15448\" src=\"https:\/\/graphimarket.com\/wp-content\/uploads\/2021\/01\/Halloween-Zombie-Photoshop-Action.jpg\" alt=\"\" width=\"800\" height=\"500\" srcset=\"https:\/\/graphimarket.com\/wp-content\/uploads\/2021\/01\/Halloween-Zombie-Photoshop-Action.jpg 800w, https:\/\/graphimarket.com\/wp-content\/uploads\/2021\/01\/Halloween-Zombie-Photoshop-Action-300x188.jpg 300w, https:\/\/graphimarket.com\/wp-content\/uploads\/2021\/01\/Halloween-Zombie-Photoshop-Action-768x480.jpg 768w, https:\/\/graphimarket.com\/wp-content\/uploads\/2021\/01\/Halloween-Zombie-Photoshop-Action-16x10.jpg 16w, https:\/\/graphimarket.com\/wp-content\/uploads\/2021\/01\/Halloween-Zombie-Photoshop-Action-600x375.jpg 600w\" sizes=\"(max-width: 800px) 100vw, 800px\" \/><span style=\"font-size: 16px;\">\u00a0<\/span><\/p>","protected":false},"excerpt":{"rendered":"<p>Zombie Action \u2013 This is a very scare and high-quality zombie effect which will created on your face bloodstains, veins with black blood, wounds, dead skin and more. You can change the color of the eyes and skin color. This effect scare and surprise you incredible photorealism. Tutorial This action has been created and optimized [&hellip;]<\/p>\n","protected":false},"featured_media":15448,"comment_status":"open","ping_status":"closed","template":"","meta":{"site-sidebar-layout":"default","site-content-layout":"default","ast-site-content-layout":"default","site-content-style":"default","site-sidebar-style":"default","ast-global-header-display":"","ast-banner-title-visibility":"","ast-main-header-display":"","ast-hfb-above-header-display":"","ast-hfb-below-header-display":"","ast-hfb-mobile-header-display":"","site-post-title":"","ast-breadcrumbs-content":"","ast-featured-img":"","footer-sml-layout":"","ast-disable-related-posts":"","theme-transparent-header-meta":"default","adv-header-id-meta":"","stick-header-meta":"","header-above-stick-meta":"","header-main-stick-meta":"","header-below-stick-meta":"","astra-migrate-meta-layouts":"default","ast-page-background-enabled":"default","ast-page-background-meta":{"desktop":{"background-color":"","background-image":"","background-repeat":"repeat","background-position":"center center","background-size":"auto","background-attachment":"scroll","background-type":"","background-media":"","overlay-type":"","overlay-color":"","overlay-opacity":"","overlay-gradient":""},"tablet":{"background-color":"","background-image":"","background-repeat":"repeat","background-position":"center center","background-size":"auto","background-attachment":"scroll","background-type":"","background-media":"","overlay-type":"","overlay-color":"","overlay-opacity":"","overlay-gradient":""},"mobile":{"background-color":"","background-image":"","background-repeat":"repeat","background-position":"center center","background-size":"auto","background-attachment":"scroll","background-type":"","background-media":"","overlay-type":"","overlay-color":"","overlay-opacity":"","overlay-gradient":""}},"ast-content-background-meta":{"desktop":{"background-color":"var(--ast-global-color-5)","background-image":"","background-repeat":"repeat","background-position":"center center","background-size":"auto","background-attachment":"scroll","background-type":"","background-media":"","overlay-type":"","overlay-color":"","overlay-opacity":"","overlay-gradient":""},"tablet":{"background-color":"var(--ast-global-color-5)","background-image":"","background-repeat":"repeat","background-position":"center center","background-size":"auto","background-attachment":"scroll","background-type":"","background-media":"","overlay-type":"","overlay-color":"","overlay-opacity":"","overlay-gradient":""},"mobile":{"background-color":"var(--ast-global-color-5)","background-image":"","background-repeat":"repeat","background-position":"center center","background-size":"auto","background-attachment":"scroll","background-type":"","background-media":"","overlay-type":"","overlay-color":"","overlay-opacity":"","overlay-gradient":""}}},"product_brand":[],"product_cat":[195,146],"product_tag":[292,1386,62,1855],"class_list":{"0":"post-15444","1":"product","2":"type-product","3":"status-publish","4":"has-post-thumbnail","6":"product_cat-photoshop","7":"product_cat-photoshop-action","8":"product_tag-action","9":"product_tag-adobe","10":"product_tag-photoshop","11":"product_tag-zombie","12":"desktop-align-left","13":"tablet-align-left","14":"mobile-align-left","16":"first","17":"instock","18":"sale","19":"taxable","20":"shipping-taxable","21":"purchasable","22":"product-type-simple"},"yoast_head":"<!-- This site is optimized with the Yoast SEO plugin v27.3 - https:\/\/yoast.com\/product\/yoast-seo-wordpress\/ -->\n<title>Zombie Photoshop Action - Graphimarket<\/title>\n<meta name=\"description\" content=\"Action\u00a0\u2013 This is a very scare and high-quality zombie effect which will created on your face blood stains, veins with black blood, wound....\" \/>\n<meta name=\"robots\" content=\"index, follow, max-snippet:-1, max-image-preview:large, max-video-preview:-1\" \/>\n<link rel=\"canonical\" href=\"https:\/\/graphimarket.com\/de\/product\/zombie-photoshop-action\/\" \/>\n<meta property=\"og:locale\" content=\"de_DE\" \/>\n<meta property=\"og:type\" content=\"article\" \/>\n<meta property=\"og:title\" content=\"Zombie Photoshop Action - Graphimarket\" \/>\n<meta property=\"og:description\" content=\"Action\u00a0\u2013 This is a very scare and high-quality zombie effect which will created on your face blood stains, veins with black blood, wound....\" \/>\n<meta property=\"og:url\" content=\"https:\/\/graphimarket.com\/de\/product\/zombie-photoshop-action\/\" \/>\n<meta property=\"og:site_name\" content=\"Graphimarket\" \/>\n<meta property=\"article:modified_time\" content=\"2021-01-21T14:35:39+00:00\" \/>\n<meta property=\"og:image\" content=\"https:\/\/graphimarket.com\/wp-content\/uploads\/2021\/01\/Halloween-Zombie-Photoshop-Action.jpg\" \/>\n\t<meta property=\"og:image:width\" content=\"800\" \/>\n\t<meta property=\"og:image:height\" content=\"500\" \/>\n\t<meta property=\"og:image:type\" content=\"image\/jpeg\" \/>\n<meta name=\"twitter:card\" content=\"summary_large_image\" \/>\n<meta name=\"twitter:label1\" content=\"Est. reading time\" \/>\n\t<meta name=\"twitter:data1\" content=\"1 minute\" \/>\n<script type=\"application\/ld+json\" class=\"yoast-schema-graph\">{\"@context\":\"https:\\\/\\\/schema.org\",\"@graph\":[{\"@type\":\"WebPage\",\"@id\":\"https:\\\/\\\/graphimarket.com\\\/ja\\\/product\\\/zombie-photoshop-action\\\/\",\"url\":\"https:\\\/\\\/graphimarket.com\\\/ja\\\/product\\\/zombie-photoshop-action\\\/\",\"name\":\"Zombie Photoshop Action - Graphimarket\",\"isPartOf\":{\"@id\":\"https:\\\/\\\/graphimarket.com\\\/fr\\\/#website\"},\"primaryImageOfPage\":{\"@id\":\"https:\\\/\\\/graphimarket.com\\\/ja\\\/product\\\/zombie-photoshop-action\\\/#primaryimage\"},\"image\":{\"@id\":\"https:\\\/\\\/graphimarket.com\\\/ja\\\/product\\\/zombie-photoshop-action\\\/#primaryimage\"},\"thumbnailUrl\":\"https:\\\/\\\/graphimarket.com\\\/wp-content\\\/uploads\\\/2021\\\/01\\\/Halloween-Zombie-Photoshop-Action.jpg\",\"datePublished\":\"2021-01-19T15:58:38+00:00\",\"dateModified\":\"2021-01-21T14:35:39+00:00\",\"description\":\"Action\u00a0\u2013 This is a very scare and high-quality zombie effect which will created on your face blood stains, veins with black blood, wound....\",\"breadcrumb\":{\"@id\":\"https:\\\/\\\/graphimarket.com\\\/ja\\\/product\\\/zombie-photoshop-action\\\/#breadcrumb\"},\"inLanguage\":\"de-DE\",\"potentialAction\":[{\"@type\":\"ReadAction\",\"target\":[\"https:\\\/\\\/graphimarket.com\\\/ja\\\/product\\\/zombie-photoshop-action\\\/\"]}]},{\"@type\":\"ImageObject\",\"inLanguage\":\"de-DE\",\"@id\":\"https:\\\/\\\/graphimarket.com\\\/ja\\\/product\\\/zombie-photoshop-action\\\/#primaryimage\",\"url\":\"https:\\\/\\\/graphimarket.com\\\/wp-content\\\/uploads\\\/2021\\\/01\\\/Halloween-Zombie-Photoshop-Action.jpg\",\"contentUrl\":\"https:\\\/\\\/graphimarket.com\\\/wp-content\\\/uploads\\\/2021\\\/01\\\/Halloween-Zombie-Photoshop-Action.jpg\",\"width\":800,\"height\":500},{\"@type\":\"BreadcrumbList\",\"@id\":\"https:\\\/\\\/graphimarket.com\\\/ja\\\/product\\\/zombie-photoshop-action\\\/#breadcrumb\",\"itemListElement\":[{\"@type\":\"ListItem\",\"position\":1,\"name\":\"Home\",\"item\":\"https:\\\/\\\/graphimarket.com\\\/es\\\/\"},{\"@type\":\"ListItem\",\"position\":2,\"name\":\"Store\",\"item\":\"https:\\\/\\\/graphimarket.com\\\/store\\\/\"},{\"@type\":\"ListItem\",\"position\":3,\"name\":\"Zombie Photoshop Action\"}]},{\"@type\":\"WebSite\",\"@id\":\"https:\\\/\\\/graphimarket.com\\\/fr\\\/#website\",\"url\":\"https:\\\/\\\/graphimarket.com\\\/fr\\\/\",\"name\":\"Graphimarket\",\"description\":\"Find the perfect creative asset to bring your project to life\",\"publisher\":{\"@id\":\"https:\\\/\\\/graphimarket.com\\\/fr\\\/#organization\"},\"potentialAction\":[{\"@type\":\"SearchAction\",\"target\":{\"@type\":\"EntryPoint\",\"urlTemplate\":\"https:\\\/\\\/graphimarket.com\\\/fr\\\/?s={search_term_string}\"},\"query-input\":{\"@type\":\"PropertyValueSpecification\",\"valueRequired\":true,\"valueName\":\"search_term_string\"}}],\"inLanguage\":\"de-DE\"},{\"@type\":\"Organization\",\"@id\":\"https:\\\/\\\/graphimarket.com\\\/fr\\\/#organization\",\"name\":\"Graphimarket\",\"url\":\"https:\\\/\\\/graphimarket.com\\\/fr\\\/\",\"logo\":{\"@type\":\"ImageObject\",\"inLanguage\":\"de-DE\",\"@id\":\"https:\\\/\\\/graphimarket.com\\\/fr\\\/#\\\/schema\\\/logo\\\/image\\\/\",\"url\":\"https:\\\/\\\/graphimarket.com\\\/wp-content\\\/uploads\\\/2020\\\/08\\\/logo-48.png\",\"contentUrl\":\"https:\\\/\\\/graphimarket.com\\\/wp-content\\\/uploads\\\/2020\\\/08\\\/logo-48.png\",\"width\":132,\"height\":48,\"caption\":\"Graphimarket\"},\"image\":{\"@id\":\"https:\\\/\\\/graphimarket.com\\\/fr\\\/#\\\/schema\\\/logo\\\/image\\\/\"}}]}<\/script>\n<!-- \/ Yoast SEO plugin. -->","yoast_head_json":{"title":"Zombie Photoshop Action - Graphimarket","description":"Action\u00a0\u2013 This is a very scare and high-quality zombie effect which will created on your face blood stains, veins with black blood, wound....","robots":{"index":"index","follow":"follow","max-snippet":"max-snippet:-1","max-image-preview":"max-image-preview:large","max-video-preview":"max-video-preview:-1"},"canonical":"https:\/\/graphimarket.com\/de\/product\/zombie-photoshop-action\/","og_locale":"de_DE","og_type":"article","og_title":"Zombie Photoshop Action - Graphimarket","og_description":"Action\u00a0\u2013 This is a very scare and high-quality zombie effect which will created on your face blood stains, veins with black blood, wound....","og_url":"https:\/\/graphimarket.com\/de\/product\/zombie-photoshop-action\/","og_site_name":"Graphimarket","article_modified_time":"2021-01-21T14:35:39+00:00","og_image":[{"width":800,"height":500,"url":"https:\/\/graphimarket.com\/wp-content\/uploads\/2021\/01\/Halloween-Zombie-Photoshop-Action.jpg","type":"image\/jpeg"}],"twitter_card":"summary_large_image","twitter_misc":{"Est. reading time":"1 minute"},"schema":{"@context":"https:\/\/schema.org","@graph":[{"@type":"WebPage","@id":"https:\/\/graphimarket.com\/ja\/product\/zombie-photoshop-action\/","url":"https:\/\/graphimarket.com\/ja\/product\/zombie-photoshop-action\/","name":"Zombie Photoshop Action - Graphimarket","isPartOf":{"@id":"https:\/\/graphimarket.com\/fr\/#website"},"primaryImageOfPage":{"@id":"https:\/\/graphimarket.com\/ja\/product\/zombie-photoshop-action\/#primaryimage"},"image":{"@id":"https:\/\/graphimarket.com\/ja\/product\/zombie-photoshop-action\/#primaryimage"},"thumbnailUrl":"https:\/\/graphimarket.com\/wp-content\/uploads\/2021\/01\/Halloween-Zombie-Photoshop-Action.jpg","datePublished":"2021-01-19T15:58:38+00:00","dateModified":"2021-01-21T14:35:39+00:00","description":"Action\u00a0\u2013 This is a very scare and high-quality zombie effect which will created on your face blood stains, veins with black blood, wound....","breadcrumb":{"@id":"https:\/\/graphimarket.com\/ja\/product\/zombie-photoshop-action\/#breadcrumb"},"inLanguage":"de-DE","potentialAction":[{"@type":"ReadAction","target":["https:\/\/graphimarket.com\/ja\/product\/zombie-photoshop-action\/"]}]},{"@type":"ImageObject","inLanguage":"de-DE","@id":"https:\/\/graphimarket.com\/ja\/product\/zombie-photoshop-action\/#primaryimage","url":"https:\/\/graphimarket.com\/wp-content\/uploads\/2021\/01\/Halloween-Zombie-Photoshop-Action.jpg","contentUrl":"https:\/\/graphimarket.com\/wp-content\/uploads\/2021\/01\/Halloween-Zombie-Photoshop-Action.jpg","width":800,"height":500},{"@type":"BreadcrumbList","@id":"https:\/\/graphimarket.com\/ja\/product\/zombie-photoshop-action\/#breadcrumb","itemListElement":[{"@type":"ListItem","position":1,"name":"Home","item":"https:\/\/graphimarket.com\/es\/"},{"@type":"ListItem","position":2,"name":"Store","item":"https:\/\/graphimarket.com\/store\/"},{"@type":"ListItem","position":3,"name":"Zombie Photoshop Action"}]},{"@type":"WebSite","@id":"https:\/\/graphimarket.com\/fr\/#website","url":"https:\/\/graphimarket.com\/fr\/","name":"Graphimarket","description":"Finden Sie das perfekte kreative Kapital, um Ihr Projekt zum Leben zu erwecken","publisher":{"@id":"https:\/\/graphimarket.com\/fr\/#organization"},"potentialAction":[{"@type":"SearchAction","target":{"@type":"EntryPoint","urlTemplate":"https:\/\/graphimarket.com\/fr\/?s={search_term_string}"},"query-input":{"@type":"PropertyValueSpecification","valueRequired":true,"valueName":"search_term_string"}}],"inLanguage":"de-DE"},{"@type":"Organization","@id":"https:\/\/graphimarket.com\/fr\/#organization","name":"Graphimarket","url":"https:\/\/graphimarket.com\/fr\/","logo":{"@type":"ImageObject","inLanguage":"de-DE","@id":"https:\/\/graphimarket.com\/fr\/#\/schema\/logo\/image\/","url":"https:\/\/graphimarket.com\/wp-content\/uploads\/2020\/08\/logo-48.png","contentUrl":"https:\/\/graphimarket.com\/wp-content\/uploads\/2020\/08\/logo-48.png","width":132,"height":48,"caption":"Graphimarket"},"image":{"@id":"https:\/\/graphimarket.com\/fr\/#\/schema\/logo\/image\/"}}]}},"_links":{"self":[{"href":"https:\/\/graphimarket.com\/de\/wp-json\/wp\/v2\/product\/15444","targetHints":{"allow":["GET"]}}],"collection":[{"href":"https:\/\/graphimarket.com\/de\/wp-json\/wp\/v2\/product"}],"about":[{"href":"https:\/\/graphimarket.com\/de\/wp-json\/wp\/v2\/types\/product"}],"replies":[{"embeddable":true,"href":"https:\/\/graphimarket.com\/de\/wp-json\/wp\/v2\/comments?post=15444"}],"version-history":[{"count":0,"href":"https:\/\/graphimarket.com\/de\/wp-json\/wp\/v2\/product\/15444\/revisions"}],"wp:featuredmedia":[{"embeddable":true,"href":"https:\/\/graphimarket.com\/de\/wp-json\/wp\/v2\/media\/15448"}],"wp:attachment":[{"href":"https:\/\/graphimarket.com\/de\/wp-json\/wp\/v2\/media?parent=15444"}],"wp:term":[{"taxonomy":"product_brand","embeddable":true,"href":"https:\/\/graphimarket.com\/de\/wp-json\/wp\/v2\/product_brand?post=15444"},{"taxonomy":"product_cat","embeddable":true,"href":"https:\/\/graphimarket.com\/de\/wp-json\/wp\/v2\/product_cat?post=15444"},{"taxonomy":"product_tag","embeddable":true,"href":"https:\/\/graphimarket.com\/de\/wp-json\/wp\/v2\/product_tag?post=15444"}],"curies":[{"name":"wp","href":"https:\/\/api.w.org\/{rel}","templated":true}]}}