{"id":15681,"date":"2021-01-29T17:22:17","date_gmt":"2021-01-29T16:22:17","guid":{"rendered":"https:\/\/graphimarket.com\/?post_type=product&#038;p=15681"},"modified":"2024-02-09T19:23:39","modified_gmt":"2024-02-09T18:23:39","slug":"cosmic-photoshop-action","status":"publish","type":"product","link":"https:\/\/graphimarket.com\/de\/product\/cosmic-photoshop-action\/","title":{"rendered":"Kosmische Photoshop-Aktion"},"content":{"rendered":"<h2 id=\"item-description__cosmic-photoshop-action\">Kosmische Photoshop-Aktion<\/h2>\n<p>Erstellen Sie diesen sehr detaillierten Effekt mit wenig Aufwand aus Ihren Fotos.<\/p>\n<p>Die Aktion wurde getestet und funktioniert in Photoshop\u00a0<strong>CS4,CS5,CS6,CC,CC 2015.5, C 2017, CC 2018, CC 2019+<\/strong><\/p>\n<p>&nbsp;<\/p>\n<p><a href=\"https:\/\/www.youtube.com\/watch?v=ch9rJwn3eY4\" target=\"_blank\" rel=\"noopener\">LERNPROGRAMM<\/a><\/p>\n<p><strong>Wichtig zu wissen<\/strong><\/p>\n<ul>\n<li>Stellen Sie sicher, dass Sie die verwenden\u00a0<a href=\"https:\/\/graphimarket.com\/de\/2021\/01\/12\/change-the-language-of-your-creative-cloud-apps\/\" target=\"_blank\" rel=\"noopener\">Englische Version von Photoshop<\/a>\u00a0um die Aktion auszuf\u00fchren. Alle Sevenstyles-Aktionen funktionieren nur in der englischen Version von Photoshop.<\/li>\n<\/ul>\n<ul>\n<li>\u00dcberpr\u00fcfen Sie, ob Sie eine von der Aktion unterst\u00fctzte Version von Photoshop verwenden.<\/li>\n<\/ul>\n<ul>\n<li>Sehen Sie sich das Video-Tutorial an, um sicherzustellen, dass Ihre Photoshop-Datei korrekt eingerichtet ist. Ein Link zum Tutorial ist auch in der Datei &#039;Readme.txt&#039; im Download enthalten. Sie k\u00f6nnen alle meine Action-Tutorials anzeigen\u00a0<a href=\"https:\/\/www.youtube.com\/channel\/UCKEi03PoXGSHAzP8u-c4dwQ\" rel=\"nofollow\">Hier<\/a>.<\/li>\n<\/ul>\n<ul>\n<li>Verwenden Sie mit der Aktion hochaufl\u00f6sende Fotos, um die besten Ergebnisse zu erzielen und Fehler zu vermeiden. Eine optimale Fotoaufl\u00f6sung liegt zwischen 2000px und 4500px.<\/li>\n<\/ul>\n<ul>\n<li>Mit Adobe Creative Cloud k\u00f6nnen Sie installieren\u00a0<a href=\"https:\/\/graphimarket.com\/de\/2021\/01\/12\/how-to-install-previous-versions-of-your-creative-cloud-apps\/\" target=\"_blank\" rel=\"noopener\">mehrere Versionen von Photoshop<\/a>. Wenn Ihnen diese Aktion gef\u00e4llt, sie jedoch in Ihrer Photoshop-Version nicht unterst\u00fctzt wird, k\u00f6nnen Sie jederzeit eine zus\u00e4tzliche Version von Photoshop installieren, um die Aktion auszuf\u00fchren. Sobald eine Aktion getestet wurde und an einer Version von Photoshop arbeitet, funktioniert sie f\u00fcr immer.<\/li>\n<\/ul>\n<ul>\n<li>Verwenden Sie JPEG-Bilder, um die Aktion auszuf\u00fchren. Andere Dateitypen wie TIFF, BMP, PNG, PSD k\u00f6nnen Probleme mit Aktionen verursachen, da Photoshop verschiedene Funktionen f\u00fcr verschiedene Dateitypen deaktiviert.<\/li>\n<\/ul>\n<ul>\n<li>Wenn eine Sevenstyles-Aktion eine Pinsel- (.abr), Muster- (.pat) oder Shapes- (.csh) Datei im Download enth\u00e4lt, muss sie vor dem Abspielen der Aktion in Photoshop geladen werden.<\/li>\n<\/ul>\n<ul>\n<li>Vermeiden Sie die Verwendung der Aktion f\u00fcr Logos oder Bilder im ClipArt-Stil, da der Mangel an Details und Farbkontrasten zu Fehlern f\u00fchren kann.<\/li>\n<\/ul>\n<p><img fetchpriority=\"high\" decoding=\"async\" class=\"alignnone size-full wp-image-15682\" src=\"https:\/\/graphimarket.com\/wp-content\/uploads\/2021\/01\/GirlFace.jpg\" alt=\"\" width=\"1413\" height=\"1413\" srcset=\"https:\/\/graphimarket.com\/wp-content\/uploads\/2021\/01\/GirlFace.jpg 1413w, https:\/\/graphimarket.com\/wp-content\/uploads\/2021\/01\/GirlFace-300x300.jpg 300w, https:\/\/graphimarket.com\/wp-content\/uploads\/2021\/01\/GirlFace-1024x1024.jpg 1024w, https:\/\/graphimarket.com\/wp-content\/uploads\/2021\/01\/GirlFace-150x150.jpg 150w, https:\/\/graphimarket.com\/wp-content\/uploads\/2021\/01\/GirlFace-768x768.jpg 768w, https:\/\/graphimarket.com\/wp-content\/uploads\/2021\/01\/GirlFace-12x12.jpg 12w, https:\/\/graphimarket.com\/wp-content\/uploads\/2021\/01\/GirlFace-1320x1320.jpg 1320w, https:\/\/graphimarket.com\/wp-content\/uploads\/2021\/01\/GirlFace-600x600.jpg 600w, https:\/\/graphimarket.com\/wp-content\/uploads\/2021\/01\/GirlFace-100x100.jpg 100w\" sizes=\"(max-width: 1413px) 100vw, 1413px\" \/><\/p>\n<p><img decoding=\"async\" class=\"alignnone size-full wp-image-15683\" src=\"https:\/\/graphimarket.com\/wp-content\/uploads\/2021\/01\/GirlLeap2_aa-2.jpg\" alt=\"\" width=\"1725\" height=\"2070\" srcset=\"https:\/\/graphimarket.com\/wp-content\/uploads\/2021\/01\/GirlLeap2_aa-2.jpg 1725w, https:\/\/graphimarket.com\/wp-content\/uploads\/2021\/01\/GirlLeap2_aa-2-250x300.jpg 250w, https:\/\/graphimarket.com\/wp-content\/uploads\/2021\/01\/GirlLeap2_aa-2-853x1024.jpg 853w, https:\/\/graphimarket.com\/wp-content\/uploads\/2021\/01\/GirlLeap2_aa-2-768x922.jpg 768w, https:\/\/graphimarket.com\/wp-content\/uploads\/2021\/01\/GirlLeap2_aa-2-1280x1536.jpg 1280w, https:\/\/graphimarket.com\/wp-content\/uploads\/2021\/01\/GirlLeap2_aa-2-1707x2048.jpg 1707w, https:\/\/graphimarket.com\/wp-content\/uploads\/2021\/01\/GirlLeap2_aa-2-10x12.jpg 10w, https:\/\/graphimarket.com\/wp-content\/uploads\/2021\/01\/GirlLeap2_aa-2-1320x1584.jpg 1320w, https:\/\/graphimarket.com\/wp-content\/uploads\/2021\/01\/GirlLeap2_aa-2-600x720.jpg 600w\" sizes=\"(max-width: 1725px) 100vw, 1725px\" \/><\/p>\n<p><img decoding=\"async\" class=\"alignnone size-full wp-image-15684\" src=\"https:\/\/graphimarket.com\/wp-content\/uploads\/2021\/01\/GirlLeap3_aa-1.jpg\" alt=\"\" width=\"1498\" height=\"1730\" srcset=\"https:\/\/graphimarket.com\/wp-content\/uploads\/2021\/01\/GirlLeap3_aa-1.jpg 1498w, https:\/\/graphimarket.com\/wp-content\/uploads\/2021\/01\/GirlLeap3_aa-1-260x300.jpg 260w, https:\/\/graphimarket.com\/wp-content\/uploads\/2021\/01\/GirlLeap3_aa-1-887x1024.jpg 887w, https:\/\/graphimarket.com\/wp-content\/uploads\/2021\/01\/GirlLeap3_aa-1-768x887.jpg 768w, https:\/\/graphimarket.com\/wp-content\/uploads\/2021\/01\/GirlLeap3_aa-1-1330x1536.jpg 1330w, https:\/\/graphimarket.com\/wp-content\/uploads\/2021\/01\/GirlLeap3_aa-1-10x12.jpg 10w, https:\/\/graphimarket.com\/wp-content\/uploads\/2021\/01\/GirlLeap3_aa-1-1320x1524.jpg 1320w, https:\/\/graphimarket.com\/wp-content\/uploads\/2021\/01\/GirlLeap3_aa-1-600x693.jpg 600w\" sizes=\"(max-width: 1498px) 100vw, 1498px\" \/><\/p>\n<p><img loading=\"lazy\" decoding=\"async\" class=\"alignnone size-full wp-image-15685\" src=\"https:\/\/graphimarket.com\/wp-content\/uploads\/2021\/01\/GirlLeap4_aa.jpg\" alt=\"\" width=\"1843\" height=\"1730\" srcset=\"https:\/\/graphimarket.com\/wp-content\/uploads\/2021\/01\/GirlLeap4_aa.jpg 1843w, https:\/\/graphimarket.com\/wp-content\/uploads\/2021\/01\/GirlLeap4_aa-300x282.jpg 300w, https:\/\/graphimarket.com\/wp-content\/uploads\/2021\/01\/GirlLeap4_aa-1024x961.jpg 1024w, https:\/\/graphimarket.com\/wp-content\/uploads\/2021\/01\/GirlLeap4_aa-768x721.jpg 768w, https:\/\/graphimarket.com\/wp-content\/uploads\/2021\/01\/GirlLeap4_aa-1536x1442.jpg 1536w, https:\/\/graphimarket.com\/wp-content\/uploads\/2021\/01\/GirlLeap4_aa-13x12.jpg 13w, https:\/\/graphimarket.com\/wp-content\/uploads\/2021\/01\/GirlLeap4_aa-1320x1239.jpg 1320w, https:\/\/graphimarket.com\/wp-content\/uploads\/2021\/01\/GirlLeap4_aa-600x563.jpg 600w\" sizes=\"(max-width: 1843px) 100vw, 1843px\" \/><\/p>\n<p><img loading=\"lazy\" decoding=\"async\" class=\"alignnone size-full wp-image-15686\" src=\"https:\/\/graphimarket.com\/wp-content\/uploads\/2021\/01\/GuyLeapRedJumper_aa.jpg\" alt=\"\" width=\"1146\" height=\"1720\" srcset=\"https:\/\/graphimarket.com\/wp-content\/uploads\/2021\/01\/GuyLeapRedJumper_aa.jpg 1146w, https:\/\/graphimarket.com\/wp-content\/uploads\/2021\/01\/GuyLeapRedJumper_aa-200x300.jpg 200w, https:\/\/graphimarket.com\/wp-content\/uploads\/2021\/01\/GuyLeapRedJumper_aa-682x1024.jpg 682w, https:\/\/graphimarket.com\/wp-content\/uploads\/2021\/01\/GuyLeapRedJumper_aa-768x1153.jpg 768w, https:\/\/graphimarket.com\/wp-content\/uploads\/2021\/01\/GuyLeapRedJumper_aa-1023x1536.jpg 1023w, https:\/\/graphimarket.com\/wp-content\/uploads\/2021\/01\/GuyLeapRedJumper_aa-8x12.jpg 8w, https:\/\/graphimarket.com\/wp-content\/uploads\/2021\/01\/GuyLeapRedJumper_aa-600x901.jpg 600w\" sizes=\"(max-width: 1146px) 100vw, 1146px\" \/><\/p>\n<p><img loading=\"lazy\" decoding=\"async\" class=\"alignnone size-full wp-image-15687\" src=\"https:\/\/graphimarket.com\/wp-content\/uploads\/2021\/01\/AsianGirl.jpg\" alt=\"\" width=\"1150\" height=\"1725\" srcset=\"https:\/\/graphimarket.com\/wp-content\/uploads\/2021\/01\/AsianGirl.jpg 1150w, https:\/\/graphimarket.com\/wp-content\/uploads\/2021\/01\/AsianGirl-200x300.jpg 200w, https:\/\/graphimarket.com\/wp-content\/uploads\/2021\/01\/AsianGirl-683x1024.jpg 683w, https:\/\/graphimarket.com\/wp-content\/uploads\/2021\/01\/AsianGirl-768x1152.jpg 768w, https:\/\/graphimarket.com\/wp-content\/uploads\/2021\/01\/AsianGirl-1024x1536.jpg 1024w, https:\/\/graphimarket.com\/wp-content\/uploads\/2021\/01\/AsianGirl-8x12.jpg 8w, https:\/\/graphimarket.com\/wp-content\/uploads\/2021\/01\/AsianGirl-600x900.jpg 600w\" sizes=\"(max-width: 1150px) 100vw, 1150px\" \/><\/p>\n<p>&nbsp;<\/p>","protected":false},"excerpt":{"rendered":"<p>Cosmic Photoshop Action Create this highly detailed effect from your photos with little effort at all. The action has been tested and working on Photoshop\u00a0CS4,CS5,CS6,CC,CC 2015.5, C 2017, CC 2018, CC 2019+ &nbsp; TUTORIAL Important to know Make sure you are using the\u00a0English version of Photoshop\u00a0to run the Action on. All Sevenstyles Actions will only [&hellip;]<\/p>\n","protected":false},"featured_media":15682,"comment_status":"open","ping_status":"closed","template":"","meta":{"site-sidebar-layout":"default","site-content-layout":"default","ast-site-content-layout":"default","site-content-style":"default","site-sidebar-style":"default","ast-global-header-display":"","ast-banner-title-visibility":"","ast-main-header-display":"","ast-hfb-above-header-display":"","ast-hfb-below-header-display":"","ast-hfb-mobile-header-display":"","site-post-title":"","ast-breadcrumbs-content":"","ast-featured-img":"","footer-sml-layout":"","ast-disable-related-posts":"","theme-transparent-header-meta":"default","adv-header-id-meta":"","stick-header-meta":"","header-above-stick-meta":"","header-main-stick-meta":"","header-below-stick-meta":"","astra-migrate-meta-layouts":"default","ast-page-background-enabled":"default","ast-page-background-meta":{"desktop":{"background-color":"","background-image":"","background-repeat":"repeat","background-position":"center center","background-size":"auto","background-attachment":"scroll","background-type":"","background-media":"","overlay-type":"","overlay-color":"","overlay-opacity":"","overlay-gradient":""},"tablet":{"background-color":"","background-image":"","background-repeat":"repeat","background-position":"center center","background-size":"auto","background-attachment":"scroll","background-type":"","background-media":"","overlay-type":"","overlay-color":"","overlay-opacity":"","overlay-gradient":""},"mobile":{"background-color":"","background-image":"","background-repeat":"repeat","background-position":"center center","background-size":"auto","background-attachment":"scroll","background-type":"","background-media":"","overlay-type":"","overlay-color":"","overlay-opacity":"","overlay-gradient":""}},"ast-content-background-meta":{"desktop":{"background-color":"var(--ast-global-color-5)","background-image":"","background-repeat":"repeat","background-position":"center center","background-size":"auto","background-attachment":"scroll","background-type":"","background-media":"","overlay-type":"","overlay-color":"","overlay-opacity":"","overlay-gradient":""},"tablet":{"background-color":"var(--ast-global-color-5)","background-image":"","background-repeat":"repeat","background-position":"center center","background-size":"auto","background-attachment":"scroll","background-type":"","background-media":"","overlay-type":"","overlay-color":"","overlay-opacity":"","overlay-gradient":""},"mobile":{"background-color":"var(--ast-global-color-5)","background-image":"","background-repeat":"repeat","background-position":"center center","background-size":"auto","background-attachment":"scroll","background-type":"","background-media":"","overlay-type":"","overlay-color":"","overlay-opacity":"","overlay-gradient":""}}},"product_brand":[],"product_cat":[195,146],"product_tag":[292,1386,1861,62],"class_list":{"0":"post-15681","1":"product","2":"type-product","3":"status-publish","4":"has-post-thumbnail","6":"product_cat-photoshop","7":"product_cat-photoshop-action","8":"product_tag-action","9":"product_tag-adobe","10":"product_tag-cosmic","11":"product_tag-photoshop","12":"desktop-align-left","13":"tablet-align-left","14":"mobile-align-left","16":"first","17":"instock","18":"sale","19":"downloadable","20":"virtual","21":"taxable","22":"purchasable","23":"product-type-simple"},"yoast_head":"<!-- This site is optimized with the Yoast SEO plugin v27.3 - https:\/\/yoast.com\/product\/yoast-seo-wordpress\/ -->\n<title>Cosmic Photoshop Action - Graphimarket<\/title>\n<meta name=\"description\" content=\"Create this highly detailed effect from your photos with little effort at all.The action has been tested and working on Photoshop...\" \/>\n<meta name=\"robots\" content=\"index, follow, max-snippet:-1, max-image-preview:large, max-video-preview:-1\" \/>\n<link rel=\"canonical\" href=\"https:\/\/graphimarket.com\/de\/product\/cosmic-photoshop-action\/\" \/>\n<meta property=\"og:locale\" content=\"de_DE\" \/>\n<meta property=\"og:type\" content=\"article\" \/>\n<meta property=\"og:title\" content=\"Cosmic Photoshop Action - Graphimarket\" \/>\n<meta property=\"og:description\" content=\"Create this highly detailed effect from your photos with little effort at all.The action has been tested and working on Photoshop...\" \/>\n<meta property=\"og:url\" content=\"https:\/\/graphimarket.com\/de\/product\/cosmic-photoshop-action\/\" \/>\n<meta property=\"og:site_name\" content=\"Graphimarket\" \/>\n<meta property=\"article:modified_time\" content=\"2024-02-09T18:23:39+00:00\" \/>\n<meta property=\"og:image\" content=\"https:\/\/graphimarket.com\/wp-content\/uploads\/2021\/01\/GirlFace.jpg\" \/>\n\t<meta property=\"og:image:width\" content=\"1413\" \/>\n\t<meta property=\"og:image:height\" content=\"1413\" \/>\n\t<meta property=\"og:image:type\" content=\"image\/jpeg\" \/>\n<meta name=\"twitter:card\" content=\"summary_large_image\" \/>\n<meta name=\"twitter:label1\" content=\"Est. reading time\" \/>\n\t<meta name=\"twitter:data1\" content=\"1 minute\" \/>\n<script type=\"application\/ld+json\" class=\"yoast-schema-graph\">{\"@context\":\"https:\\\/\\\/schema.org\",\"@graph\":[{\"@type\":\"WebPage\",\"@id\":\"https:\\\/\\\/graphimarket.com\\\/de\\\/product\\\/cosmic-photoshop-action\\\/\",\"url\":\"https:\\\/\\\/graphimarket.com\\\/de\\\/product\\\/cosmic-photoshop-action\\\/\",\"name\":\"Cosmic Photoshop Action - Graphimarket\",\"isPartOf\":{\"@id\":\"https:\\\/\\\/graphimarket.com\\\/fr\\\/#website\"},\"primaryImageOfPage\":{\"@id\":\"https:\\\/\\\/graphimarket.com\\\/de\\\/product\\\/cosmic-photoshop-action\\\/#primaryimage\"},\"image\":{\"@id\":\"https:\\\/\\\/graphimarket.com\\\/de\\\/product\\\/cosmic-photoshop-action\\\/#primaryimage\"},\"thumbnailUrl\":\"https:\\\/\\\/graphimarket.com\\\/wp-content\\\/uploads\\\/2021\\\/01\\\/GirlFace.jpg\",\"datePublished\":\"2021-01-29T16:22:17+00:00\",\"dateModified\":\"2024-02-09T18:23:39+00:00\",\"description\":\"Create this highly detailed effect from your photos with little effort at all.The action has been tested and working on Photoshop...\",\"breadcrumb\":{\"@id\":\"https:\\\/\\\/graphimarket.com\\\/de\\\/product\\\/cosmic-photoshop-action\\\/#breadcrumb\"},\"inLanguage\":\"de-DE\",\"potentialAction\":[{\"@type\":\"ReadAction\",\"target\":[\"https:\\\/\\\/graphimarket.com\\\/de\\\/product\\\/cosmic-photoshop-action\\\/\"]}]},{\"@type\":\"ImageObject\",\"inLanguage\":\"de-DE\",\"@id\":\"https:\\\/\\\/graphimarket.com\\\/de\\\/product\\\/cosmic-photoshop-action\\\/#primaryimage\",\"url\":\"https:\\\/\\\/graphimarket.com\\\/wp-content\\\/uploads\\\/2021\\\/01\\\/GirlFace.jpg\",\"contentUrl\":\"https:\\\/\\\/graphimarket.com\\\/wp-content\\\/uploads\\\/2021\\\/01\\\/GirlFace.jpg\",\"width\":1413,\"height\":1413},{\"@type\":\"BreadcrumbList\",\"@id\":\"https:\\\/\\\/graphimarket.com\\\/de\\\/product\\\/cosmic-photoshop-action\\\/#breadcrumb\",\"itemListElement\":[{\"@type\":\"ListItem\",\"position\":1,\"name\":\"Home\",\"item\":\"https:\\\/\\\/graphimarket.com\\\/es\\\/\"},{\"@type\":\"ListItem\",\"position\":2,\"name\":\"Store\",\"item\":\"https:\\\/\\\/graphimarket.com\\\/store\\\/\"},{\"@type\":\"ListItem\",\"position\":3,\"name\":\"Cosmic Photoshop Action\"}]},{\"@type\":\"WebSite\",\"@id\":\"https:\\\/\\\/graphimarket.com\\\/fr\\\/#website\",\"url\":\"https:\\\/\\\/graphimarket.com\\\/fr\\\/\",\"name\":\"Graphimarket\",\"description\":\"Find the perfect creative asset to bring your project to life\",\"publisher\":{\"@id\":\"https:\\\/\\\/graphimarket.com\\\/fr\\\/#organization\"},\"potentialAction\":[{\"@type\":\"SearchAction\",\"target\":{\"@type\":\"EntryPoint\",\"urlTemplate\":\"https:\\\/\\\/graphimarket.com\\\/fr\\\/?s={search_term_string}\"},\"query-input\":{\"@type\":\"PropertyValueSpecification\",\"valueRequired\":true,\"valueName\":\"search_term_string\"}}],\"inLanguage\":\"de-DE\"},{\"@type\":\"Organization\",\"@id\":\"https:\\\/\\\/graphimarket.com\\\/fr\\\/#organization\",\"name\":\"Graphimarket\",\"url\":\"https:\\\/\\\/graphimarket.com\\\/fr\\\/\",\"logo\":{\"@type\":\"ImageObject\",\"inLanguage\":\"de-DE\",\"@id\":\"https:\\\/\\\/graphimarket.com\\\/fr\\\/#\\\/schema\\\/logo\\\/image\\\/\",\"url\":\"https:\\\/\\\/graphimarket.com\\\/wp-content\\\/uploads\\\/2020\\\/08\\\/logo-48.png\",\"contentUrl\":\"https:\\\/\\\/graphimarket.com\\\/wp-content\\\/uploads\\\/2020\\\/08\\\/logo-48.png\",\"width\":132,\"height\":48,\"caption\":\"Graphimarket\"},\"image\":{\"@id\":\"https:\\\/\\\/graphimarket.com\\\/fr\\\/#\\\/schema\\\/logo\\\/image\\\/\"}}]}<\/script>\n<!-- \/ Yoast SEO plugin. -->","yoast_head_json":{"title":"Cosmic Photoshop Action - Graphimarket","description":"Create this highly detailed effect from your photos with little effort at all.The action has been tested and working on Photoshop...","robots":{"index":"index","follow":"follow","max-snippet":"max-snippet:-1","max-image-preview":"max-image-preview:large","max-video-preview":"max-video-preview:-1"},"canonical":"https:\/\/graphimarket.com\/de\/product\/cosmic-photoshop-action\/","og_locale":"de_DE","og_type":"article","og_title":"Cosmic Photoshop Action - Graphimarket","og_description":"Create this highly detailed effect from your photos with little effort at all.The action has been tested and working on Photoshop...","og_url":"https:\/\/graphimarket.com\/de\/product\/cosmic-photoshop-action\/","og_site_name":"Graphimarket","article_modified_time":"2024-02-09T18:23:39+00:00","og_image":[{"width":1413,"height":1413,"url":"https:\/\/graphimarket.com\/wp-content\/uploads\/2021\/01\/GirlFace.jpg","type":"image\/jpeg"}],"twitter_card":"summary_large_image","twitter_misc":{"Est. reading time":"1 minute"},"schema":{"@context":"https:\/\/schema.org","@graph":[{"@type":"WebPage","@id":"https:\/\/graphimarket.com\/de\/product\/cosmic-photoshop-action\/","url":"https:\/\/graphimarket.com\/de\/product\/cosmic-photoshop-action\/","name":"Cosmic Photoshop Action - Graphimarket","isPartOf":{"@id":"https:\/\/graphimarket.com\/fr\/#website"},"primaryImageOfPage":{"@id":"https:\/\/graphimarket.com\/de\/product\/cosmic-photoshop-action\/#primaryimage"},"image":{"@id":"https:\/\/graphimarket.com\/de\/product\/cosmic-photoshop-action\/#primaryimage"},"thumbnailUrl":"https:\/\/graphimarket.com\/wp-content\/uploads\/2021\/01\/GirlFace.jpg","datePublished":"2021-01-29T16:22:17+00:00","dateModified":"2024-02-09T18:23:39+00:00","description":"Create this highly detailed effect from your photos with little effort at all.The action has been tested and working on Photoshop...","breadcrumb":{"@id":"https:\/\/graphimarket.com\/de\/product\/cosmic-photoshop-action\/#breadcrumb"},"inLanguage":"de-DE","potentialAction":[{"@type":"ReadAction","target":["https:\/\/graphimarket.com\/de\/product\/cosmic-photoshop-action\/"]}]},{"@type":"ImageObject","inLanguage":"de-DE","@id":"https:\/\/graphimarket.com\/de\/product\/cosmic-photoshop-action\/#primaryimage","url":"https:\/\/graphimarket.com\/wp-content\/uploads\/2021\/01\/GirlFace.jpg","contentUrl":"https:\/\/graphimarket.com\/wp-content\/uploads\/2021\/01\/GirlFace.jpg","width":1413,"height":1413},{"@type":"BreadcrumbList","@id":"https:\/\/graphimarket.com\/de\/product\/cosmic-photoshop-action\/#breadcrumb","itemListElement":[{"@type":"ListItem","position":1,"name":"Home","item":"https:\/\/graphimarket.com\/es\/"},{"@type":"ListItem","position":2,"name":"Store","item":"https:\/\/graphimarket.com\/store\/"},{"@type":"ListItem","position":3,"name":"Cosmic Photoshop Action"}]},{"@type":"WebSite","@id":"https:\/\/graphimarket.com\/fr\/#website","url":"https:\/\/graphimarket.com\/fr\/","name":"Graphimarket","description":"Finden Sie das perfekte kreative Kapital, um Ihr Projekt zum Leben zu erwecken","publisher":{"@id":"https:\/\/graphimarket.com\/fr\/#organization"},"potentialAction":[{"@type":"SearchAction","target":{"@type":"EntryPoint","urlTemplate":"https:\/\/graphimarket.com\/fr\/?s={search_term_string}"},"query-input":{"@type":"PropertyValueSpecification","valueRequired":true,"valueName":"search_term_string"}}],"inLanguage":"de-DE"},{"@type":"Organization","@id":"https:\/\/graphimarket.com\/fr\/#organization","name":"Graphimarket","url":"https:\/\/graphimarket.com\/fr\/","logo":{"@type":"ImageObject","inLanguage":"de-DE","@id":"https:\/\/graphimarket.com\/fr\/#\/schema\/logo\/image\/","url":"https:\/\/graphimarket.com\/wp-content\/uploads\/2020\/08\/logo-48.png","contentUrl":"https:\/\/graphimarket.com\/wp-content\/uploads\/2020\/08\/logo-48.png","width":132,"height":48,"caption":"Graphimarket"},"image":{"@id":"https:\/\/graphimarket.com\/fr\/#\/schema\/logo\/image\/"}}]}},"_links":{"self":[{"href":"https:\/\/graphimarket.com\/de\/wp-json\/wp\/v2\/product\/15681","targetHints":{"allow":["GET"]}}],"collection":[{"href":"https:\/\/graphimarket.com\/de\/wp-json\/wp\/v2\/product"}],"about":[{"href":"https:\/\/graphimarket.com\/de\/wp-json\/wp\/v2\/types\/product"}],"replies":[{"embeddable":true,"href":"https:\/\/graphimarket.com\/de\/wp-json\/wp\/v2\/comments?post=15681"}],"version-history":[{"count":0,"href":"https:\/\/graphimarket.com\/de\/wp-json\/wp\/v2\/product\/15681\/revisions"}],"wp:featuredmedia":[{"embeddable":true,"href":"https:\/\/graphimarket.com\/de\/wp-json\/wp\/v2\/media\/15682"}],"wp:attachment":[{"href":"https:\/\/graphimarket.com\/de\/wp-json\/wp\/v2\/media?parent=15681"}],"wp:term":[{"taxonomy":"product_brand","embeddable":true,"href":"https:\/\/graphimarket.com\/de\/wp-json\/wp\/v2\/product_brand?post=15681"},{"taxonomy":"product_cat","embeddable":true,"href":"https:\/\/graphimarket.com\/de\/wp-json\/wp\/v2\/product_cat?post=15681"},{"taxonomy":"product_tag","embeddable":true,"href":"https:\/\/graphimarket.com\/de\/wp-json\/wp\/v2\/product_tag?post=15681"}],"curies":[{"name":"wp","href":"https:\/\/api.w.org\/{rel}","templated":true}]}}