{"id":15741,"date":"2021-02-02T16:40:26","date_gmt":"2021-02-02T15:40:26","guid":{"rendered":"https:\/\/graphimarket.com\/?post_type=product&#038;p=15741"},"modified":"2026-04-08T22:59:45","modified_gmt":"2026-04-08T20:59:45","slug":"newspaper-art-photoshop-action","status":"publish","type":"product","link":"https:\/\/graphimarket.com\/de\/product\/newspaper-art-photoshop-action\/","title":{"rendered":"Zeitungskunst Photoshop Aktion"},"content":{"rendered":"<p><strong>Newspaper Art Action<\/strong> verwandelt Ihre Fotos in eine abstrakte Komposition aus Buchstaben, Zeitungsst\u00fccken und geometrischen Formen. Sparen Sie Stunden Arbeit mit Newspaper Art Action.<\/p>\n<p><a href=\"https:\/\/www.youtube.com\/watch?v=2DCdyci-qa8\" target=\"_blank\" rel=\"noopener\">LERNPROGRAMM<\/a><\/p>\n<h2 id=\"item-description__how-to-configure-photoshop-to-work-with-actions\">So konfigurieren Sie Photoshop f\u00fcr die Arbeit mit Aktionen.<\/h2>\n<p><strong>1. Stellen Sie sicher, dass Sie die englische Version von Photoshop verwenden.<\/strong>\u00a0Jede Aktion wurde erstellt und optimiert, um nur mit der englischen Version von Photoshop zu funktionieren. Stellen Sie daher sicher, dass Sie diese Version verwenden. Wenn nicht, machen Sie sich keine Sorgen: Sie k\u00f6nnen die Sprache Ihrer Photoshop-Version mit auf Englisch \u00e4ndern (und wieder zur\u00fcckwechseln)\u00a0<a href=\"https:\/\/www.youtube.com\/watch?v=GJAiu5W2gLE\" rel=\"nofollow\">diese Methode<\/a><\/p>\n<p>\u00dcbrigens mein Bestseller\u00a0<a href=\"https:\/\/graphicriver.net\/item\/double-exposure-photoshop-action\/11319908\">Doppelbelichtungsaktion<\/a>\u00a0wurde k\u00fcrzlich aktualisiert und kann jetzt mit den englischen, deutschen, franz\u00f6sischen, italienischen und spanischen Versionen von Photoshop verwendet werden.<\/p>\n<p><strong>2. Verwenden Sie den RGB-Modus und die 8-Bit-Farbe.<\/strong>\u00a0Um diese Einstellungen zu \u00fcberpr\u00fcfen, gehen Sie zu Bild-&gt; Modus und \u00fcberpr\u00fcfen Sie die \u201eRGB-Farbe\u201c und \u201e8 Bits \/ Kanal\u201c.<\/p>\n<p><strong>3. Stellen Sie sicher, dass die Option &quot;Kopieren zu kopierten Ebenen und Gruppen hinzuf\u00fcgen&quot; aktiviert ist.<\/strong>\u00a0Diese Option gilt nur f\u00fcr CS5 und sp\u00e4tere Versionen von Photoshop. Klicken Sie im Bedienfeld \u201eSCHICHTEN\u201c auf das Men\u00fcsymbol, gehen Sie zu \u201eBedienfeldoptionen\u2026\u201c und \u00fcberpr\u00fcfen Sie, ob die Option \u201eKopie zu kopierten Ebenen und Gruppen hinzuf\u00fcgen\u201c aktiviert ist.<\/p>\n<p><strong>4. Verwenden Sie ein Foto mit 72 dpi oder h\u00f6her.<\/strong>\u00a0Wenn Sie ein Foto mit weniger als 72 dpi verwenden, funktioniert die Aktion nicht richtig. Um dies zu beheben, gehen Sie zu Bild-&gt; Bildgr\u00f6\u00dfe und erh\u00f6hen Sie den Aufl\u00f6sungswert.<\/p>\n<p><strong>5. Stellen Sie die Deckkraft des Pinsels auf 100% ein.<\/strong>\u00a0Stellen Sie die Deckkraft des Pinsels auf 100% ein. W\u00e4hlen Sie das \u201ePinselwerkzeug\u201c und bewegen Sie den Deckkraftregler auf 100%.<\/p>\n<h2 id=\"item-description__how-to-combine-my-actions\">Wie kombiniere ich meine Aktionen?<\/h2>\n<p>1. \u00d6ffnen Sie Ihr Foto<\/p>\n<p>2. Spielen Sie die erste Aktion<\/p>\n<p>3. Speichern Sie das Ergebnis als Bild<\/p>\n<p>4. \u00d6ffnen Sie das zuvor gespeicherte Bild<\/p>\n<p>5. Spielen Sie die zweite Aktion<\/p>\n<p>&nbsp;<\/p>\n<p>&nbsp;<\/p>\n<p><img fetchpriority=\"high\" decoding=\"async\" class=\"size-full wp-image-15746 aligncenter\" src=\"https:\/\/graphimarket.com\/wp-content\/uploads\/2021\/02\/newspaper-art-photoshop-action-1-1.jpg\" alt=\"\" width=\"632\" height=\"421\" srcset=\"https:\/\/graphimarket.com\/wp-content\/uploads\/2021\/02\/newspaper-art-photoshop-action-1-1.jpg 632w, https:\/\/graphimarket.com\/wp-content\/uploads\/2021\/02\/newspaper-art-photoshop-action-1-1-300x200.jpg 300w, https:\/\/graphimarket.com\/wp-content\/uploads\/2021\/02\/newspaper-art-photoshop-action-1-1-16x12.jpg 16w, https:\/\/graphimarket.com\/wp-content\/uploads\/2021\/02\/newspaper-art-photoshop-action-1-1-600x400.jpg 600w\" sizes=\"(max-width: 632px) 100vw, 632px\" \/><\/p>\n<p><img decoding=\"async\" class=\"size-full wp-image-15744 aligncenter\" src=\"https:\/\/graphimarket.com\/wp-content\/uploads\/2021\/02\/newspaper-art-photoshop-action-5.jpg\" alt=\"\" width=\"1170\" height=\"780\" srcset=\"https:\/\/graphimarket.com\/wp-content\/uploads\/2021\/02\/newspaper-art-photoshop-action-5.jpg 1170w, https:\/\/graphimarket.com\/wp-content\/uploads\/2021\/02\/newspaper-art-photoshop-action-5-300x200.jpg 300w, https:\/\/graphimarket.com\/wp-content\/uploads\/2021\/02\/newspaper-art-photoshop-action-5-1024x683.jpg 1024w, https:\/\/graphimarket.com\/wp-content\/uploads\/2021\/02\/newspaper-art-photoshop-action-5-768x512.jpg 768w, https:\/\/graphimarket.com\/wp-content\/uploads\/2021\/02\/newspaper-art-photoshop-action-5-16x12.jpg 16w, https:\/\/graphimarket.com\/wp-content\/uploads\/2021\/02\/newspaper-art-photoshop-action-5-600x400.jpg 600w\" sizes=\"(max-width: 1170px) 100vw, 1170px\" \/><\/p>\n<p><img decoding=\"async\" class=\"size-full wp-image-15743 aligncenter\" src=\"https:\/\/graphimarket.com\/wp-content\/uploads\/2021\/02\/956574e0b8e793a739f6904f00eddc12.jpg\" alt=\"\" width=\"1524\" height=\"1926\" srcset=\"https:\/\/graphimarket.com\/wp-content\/uploads\/2021\/02\/956574e0b8e793a739f6904f00eddc12.jpg 1524w, https:\/\/graphimarket.com\/wp-content\/uploads\/2021\/02\/956574e0b8e793a739f6904f00eddc12-237x300.jpg 237w, https:\/\/graphimarket.com\/wp-content\/uploads\/2021\/02\/956574e0b8e793a739f6904f00eddc12-810x1024.jpg 810w, https:\/\/graphimarket.com\/wp-content\/uploads\/2021\/02\/956574e0b8e793a739f6904f00eddc12-768x971.jpg 768w, https:\/\/graphimarket.com\/wp-content\/uploads\/2021\/02\/956574e0b8e793a739f6904f00eddc12-1215x1536.jpg 1215w, https:\/\/graphimarket.com\/wp-content\/uploads\/2021\/02\/956574e0b8e793a739f6904f00eddc12-9x12.jpg 9w, https:\/\/graphimarket.com\/wp-content\/uploads\/2021\/02\/956574e0b8e793a739f6904f00eddc12-1320x1668.jpg 1320w, https:\/\/graphimarket.com\/wp-content\/uploads\/2021\/02\/956574e0b8e793a739f6904f00eddc12-600x758.jpg 600w\" sizes=\"(max-width: 1524px) 100vw, 1524px\" \/><\/p>","protected":false},"excerpt":{"rendered":"<p>Newspaper Art Action turns your photos into an abstract composition of letters, pieces of newspapers and geometric shapes. Save hours of work with Newspaper Art action. TUTORIAL How to configure Photoshop to work with actions. 1. Make sure you are using the English version of Photoshop.\u00a0Each action has been created and optimized to work only [&hellip;]<\/p>\n","protected":false},"featured_media":15745,"comment_status":"open","ping_status":"closed","template":"","meta":{"site-sidebar-layout":"default","site-content-layout":"default","ast-site-content-layout":"default","site-content-style":"default","site-sidebar-style":"default","ast-global-header-display":"","ast-banner-title-visibility":"","ast-main-header-display":"","ast-hfb-above-header-display":"","ast-hfb-below-header-display":"","ast-hfb-mobile-header-display":"","site-post-title":"","ast-breadcrumbs-content":"","ast-featured-img":"","footer-sml-layout":"","ast-disable-related-posts":"","theme-transparent-header-meta":"default","adv-header-id-meta":"","stick-header-meta":"","header-above-stick-meta":"","header-main-stick-meta":"","header-below-stick-meta":"","astra-migrate-meta-layouts":"default","ast-page-background-enabled":"default","ast-page-background-meta":{"desktop":{"background-color":"","background-image":"","background-repeat":"repeat","background-position":"center center","background-size":"auto","background-attachment":"scroll","background-type":"","background-media":"","overlay-type":"","overlay-color":"","overlay-opacity":"","overlay-gradient":""},"tablet":{"background-color":"","background-image":"","background-repeat":"repeat","background-position":"center center","background-size":"auto","background-attachment":"scroll","background-type":"","background-media":"","overlay-type":"","overlay-color":"","overlay-opacity":"","overlay-gradient":""},"mobile":{"background-color":"","background-image":"","background-repeat":"repeat","background-position":"center center","background-size":"auto","background-attachment":"scroll","background-type":"","background-media":"","overlay-type":"","overlay-color":"","overlay-opacity":"","overlay-gradient":""}},"ast-content-background-meta":{"desktop":{"background-color":"var(--ast-global-color-5)","background-image":"","background-repeat":"repeat","background-position":"center center","background-size":"auto","background-attachment":"scroll","background-type":"","background-media":"","overlay-type":"","overlay-color":"","overlay-opacity":"","overlay-gradient":""},"tablet":{"background-color":"var(--ast-global-color-5)","background-image":"","background-repeat":"repeat","background-position":"center center","background-size":"auto","background-attachment":"scroll","background-type":"","background-media":"","overlay-type":"","overlay-color":"","overlay-opacity":"","overlay-gradient":""},"mobile":{"background-color":"var(--ast-global-color-5)","background-image":"","background-repeat":"repeat","background-position":"center center","background-size":"auto","background-attachment":"scroll","background-type":"","background-media":"","overlay-type":"","overlay-color":"","overlay-opacity":"","overlay-gradient":""}}},"product_brand":[],"product_cat":[15,195,146],"product_tag":[245,292,254,763,1867],"class_list":{"0":"post-15741","1":"product","2":"type-product","3":"status-publish","4":"has-post-thumbnail","6":"product_cat-photo","7":"product_cat-photoshop","8":"product_cat-photoshop-action","9":"product_tag-abstract","10":"product_tag-action","11":"product_tag-art","12":"product_tag-newspaper","13":"product_tag-newspapers","14":"desktop-align-left","15":"tablet-align-left","16":"mobile-align-left","18":"first","19":"instock","20":"sale","21":"downloadable","22":"virtual","23":"taxable","24":"purchasable","25":"product-type-simple"},"yoast_head":"<!-- This site is optimized with the Yoast SEO plugin v27.3 - https:\/\/yoast.com\/product\/yoast-seo-wordpress\/ -->\n<title>Newspaper Art Photoshop Action - Graphimarket<\/title>\n<meta name=\"description\" content=\"Newspaper Art Action turns your photos into an abstract composition of letters, pieces of newspapers and geometric shapes....\" \/>\n<meta name=\"robots\" content=\"index, follow, max-snippet:-1, max-image-preview:large, max-video-preview:-1\" \/>\n<link rel=\"canonical\" href=\"https:\/\/graphimarket.com\/de\/product\/newspaper-art-photoshop-action\/\" \/>\n<meta property=\"og:locale\" content=\"de_DE\" \/>\n<meta property=\"og:type\" content=\"article\" \/>\n<meta property=\"og:title\" content=\"Newspaper Art Photoshop Action - Graphimarket\" \/>\n<meta property=\"og:description\" content=\"Newspaper Art Action turns your photos into an abstract composition of letters, pieces of newspapers and geometric shapes....\" \/>\n<meta property=\"og:url\" content=\"https:\/\/graphimarket.com\/de\/product\/newspaper-art-photoshop-action\/\" \/>\n<meta property=\"og:site_name\" content=\"Graphimarket\" \/>\n<meta property=\"article:modified_time\" content=\"2026-04-08T20:59:45+00:00\" \/>\n<meta property=\"og:image\" content=\"https:\/\/graphimarket.com\/wp-content\/uploads\/2021\/02\/newspaper-art-photoshop-action-1.jpg\" \/>\n\t<meta property=\"og:image:width\" content=\"632\" \/>\n\t<meta property=\"og:image:height\" content=\"421\" \/>\n\t<meta property=\"og:image:type\" content=\"image\/jpeg\" \/>\n<meta name=\"twitter:card\" content=\"summary_large_image\" \/>\n<meta name=\"twitter:label1\" content=\"Est. reading time\" \/>\n\t<meta name=\"twitter:data1\" content=\"1 minute\" \/>\n<script type=\"application\/ld+json\" class=\"yoast-schema-graph\">{\"@context\":\"https:\\\/\\\/schema.org\",\"@graph\":[{\"@type\":\"WebPage\",\"@id\":\"https:\\\/\\\/graphimarket.com\\\/product\\\/newspaper-art-photoshop-action\\\/\",\"url\":\"https:\\\/\\\/graphimarket.com\\\/product\\\/newspaper-art-photoshop-action\\\/\",\"name\":\"Newspaper Art Photoshop Action - Graphimarket\",\"isPartOf\":{\"@id\":\"https:\\\/\\\/graphimarket.com\\\/fr\\\/#website\"},\"primaryImageOfPage\":{\"@id\":\"https:\\\/\\\/graphimarket.com\\\/product\\\/newspaper-art-photoshop-action\\\/#primaryimage\"},\"image\":{\"@id\":\"https:\\\/\\\/graphimarket.com\\\/product\\\/newspaper-art-photoshop-action\\\/#primaryimage\"},\"thumbnailUrl\":\"https:\\\/\\\/graphimarket.com\\\/wp-content\\\/uploads\\\/2021\\\/02\\\/newspaper-art-photoshop-action-1.jpg\",\"datePublished\":\"2021-02-02T15:40:26+00:00\",\"dateModified\":\"2026-04-08T20:59:45+00:00\",\"description\":\"Newspaper Art Action turns your photos into an abstract composition of letters, pieces of newspapers and geometric shapes....\",\"breadcrumb\":{\"@id\":\"https:\\\/\\\/graphimarket.com\\\/product\\\/newspaper-art-photoshop-action\\\/#breadcrumb\"},\"inLanguage\":\"de-DE\",\"potentialAction\":[{\"@type\":\"ReadAction\",\"target\":[\"https:\\\/\\\/graphimarket.com\\\/product\\\/newspaper-art-photoshop-action\\\/\"]}]},{\"@type\":\"ImageObject\",\"inLanguage\":\"de-DE\",\"@id\":\"https:\\\/\\\/graphimarket.com\\\/product\\\/newspaper-art-photoshop-action\\\/#primaryimage\",\"url\":\"https:\\\/\\\/graphimarket.com\\\/wp-content\\\/uploads\\\/2021\\\/02\\\/newspaper-art-photoshop-action-1.jpg\",\"contentUrl\":\"https:\\\/\\\/graphimarket.com\\\/wp-content\\\/uploads\\\/2021\\\/02\\\/newspaper-art-photoshop-action-1.jpg\",\"width\":632,\"height\":421},{\"@type\":\"BreadcrumbList\",\"@id\":\"https:\\\/\\\/graphimarket.com\\\/product\\\/newspaper-art-photoshop-action\\\/#breadcrumb\",\"itemListElement\":[{\"@type\":\"ListItem\",\"position\":1,\"name\":\"Home\",\"item\":\"https:\\\/\\\/graphimarket.com\\\/es\\\/\"},{\"@type\":\"ListItem\",\"position\":2,\"name\":\"Store\",\"item\":\"https:\\\/\\\/graphimarket.com\\\/store\\\/\"},{\"@type\":\"ListItem\",\"position\":3,\"name\":\"Newspaper Art Photoshop Action\"}]},{\"@type\":\"WebSite\",\"@id\":\"https:\\\/\\\/graphimarket.com\\\/fr\\\/#website\",\"url\":\"https:\\\/\\\/graphimarket.com\\\/fr\\\/\",\"name\":\"Graphimarket\",\"description\":\"Find the perfect creative asset to bring your project to life\",\"publisher\":{\"@id\":\"https:\\\/\\\/graphimarket.com\\\/fr\\\/#organization\"},\"potentialAction\":[{\"@type\":\"SearchAction\",\"target\":{\"@type\":\"EntryPoint\",\"urlTemplate\":\"https:\\\/\\\/graphimarket.com\\\/fr\\\/?s={search_term_string}\"},\"query-input\":{\"@type\":\"PropertyValueSpecification\",\"valueRequired\":true,\"valueName\":\"search_term_string\"}}],\"inLanguage\":\"de-DE\"},{\"@type\":\"Organization\",\"@id\":\"https:\\\/\\\/graphimarket.com\\\/fr\\\/#organization\",\"name\":\"Graphimarket\",\"url\":\"https:\\\/\\\/graphimarket.com\\\/fr\\\/\",\"logo\":{\"@type\":\"ImageObject\",\"inLanguage\":\"de-DE\",\"@id\":\"https:\\\/\\\/graphimarket.com\\\/fr\\\/#\\\/schema\\\/logo\\\/image\\\/\",\"url\":\"https:\\\/\\\/graphimarket.com\\\/wp-content\\\/uploads\\\/2020\\\/08\\\/logo-48.png\",\"contentUrl\":\"https:\\\/\\\/graphimarket.com\\\/wp-content\\\/uploads\\\/2020\\\/08\\\/logo-48.png\",\"width\":132,\"height\":48,\"caption\":\"Graphimarket\"},\"image\":{\"@id\":\"https:\\\/\\\/graphimarket.com\\\/fr\\\/#\\\/schema\\\/logo\\\/image\\\/\"}}]}<\/script>\n<!-- \/ Yoast SEO plugin. -->","yoast_head_json":{"title":"Zeitungskunst Photoshop Action - Graphimarket","description":"Newspaper Art Action verwandelt Ihre Fotos in eine abstrakte Komposition aus Buchstaben, Zeitungsst\u00fccken und geometrischen Formen.","robots":{"index":"index","follow":"follow","max-snippet":"max-snippet:-1","max-image-preview":"max-image-preview:large","max-video-preview":"max-video-preview:-1"},"canonical":"https:\/\/graphimarket.com\/de\/product\/newspaper-art-photoshop-action\/","og_locale":"de_DE","og_type":"article","og_title":"Newspaper Art Photoshop Action - Graphimarket","og_description":"Newspaper Art Action turns your photos into an abstract composition of letters, pieces of newspapers and geometric shapes....","og_url":"https:\/\/graphimarket.com\/de\/product\/newspaper-art-photoshop-action\/","og_site_name":"Graphimarket","article_modified_time":"2026-04-08T20:59:45+00:00","og_image":[{"width":632,"height":421,"url":"https:\/\/graphimarket.com\/wp-content\/uploads\/2021\/02\/newspaper-art-photoshop-action-1.jpg","type":"image\/jpeg"}],"twitter_card":"summary_large_image","twitter_misc":{"Est. reading time":"1 minute"},"schema":{"@context":"https:\/\/schema.org","@graph":[{"@type":"WebPage","@id":"https:\/\/graphimarket.com\/product\/newspaper-art-photoshop-action\/","url":"https:\/\/graphimarket.com\/product\/newspaper-art-photoshop-action\/","name":"Zeitungskunst Photoshop Action - Graphimarket","isPartOf":{"@id":"https:\/\/graphimarket.com\/fr\/#website"},"primaryImageOfPage":{"@id":"https:\/\/graphimarket.com\/product\/newspaper-art-photoshop-action\/#primaryimage"},"image":{"@id":"https:\/\/graphimarket.com\/product\/newspaper-art-photoshop-action\/#primaryimage"},"thumbnailUrl":"https:\/\/graphimarket.com\/wp-content\/uploads\/2021\/02\/newspaper-art-photoshop-action-1.jpg","datePublished":"2021-02-02T15:40:26+00:00","dateModified":"2026-04-08T20:59:45+00:00","description":"Newspaper Art Action verwandelt Ihre Fotos in eine abstrakte Komposition aus Buchstaben, Zeitungsst\u00fccken und geometrischen Formen.","breadcrumb":{"@id":"https:\/\/graphimarket.com\/product\/newspaper-art-photoshop-action\/#breadcrumb"},"inLanguage":"de-DE","potentialAction":[{"@type":"ReadAction","target":["https:\/\/graphimarket.com\/product\/newspaper-art-photoshop-action\/"]}]},{"@type":"ImageObject","inLanguage":"de-DE","@id":"https:\/\/graphimarket.com\/product\/newspaper-art-photoshop-action\/#primaryimage","url":"https:\/\/graphimarket.com\/wp-content\/uploads\/2021\/02\/newspaper-art-photoshop-action-1.jpg","contentUrl":"https:\/\/graphimarket.com\/wp-content\/uploads\/2021\/02\/newspaper-art-photoshop-action-1.jpg","width":632,"height":421},{"@type":"BreadcrumbList","@id":"https:\/\/graphimarket.com\/product\/newspaper-art-photoshop-action\/#breadcrumb","itemListElement":[{"@type":"ListItem","position":1,"name":"Home","item":"https:\/\/graphimarket.com\/es\/"},{"@type":"ListItem","position":2,"name":"Store","item":"https:\/\/graphimarket.com\/store\/"},{"@type":"ListItem","position":3,"name":"Newspaper Art Photoshop Action"}]},{"@type":"WebSite","@id":"https:\/\/graphimarket.com\/fr\/#website","url":"https:\/\/graphimarket.com\/fr\/","name":"Graphimarket","description":"Finden Sie das perfekte kreative Kapital, um Ihr Projekt zum Leben zu erwecken","publisher":{"@id":"https:\/\/graphimarket.com\/fr\/#organization"},"potentialAction":[{"@type":"SearchAction","target":{"@type":"EntryPoint","urlTemplate":"https:\/\/graphimarket.com\/fr\/?s={search_term_string}"},"query-input":{"@type":"PropertyValueSpecification","valueRequired":true,"valueName":"search_term_string"}}],"inLanguage":"de-DE"},{"@type":"Organization","@id":"https:\/\/graphimarket.com\/fr\/#organization","name":"Graphimarket","url":"https:\/\/graphimarket.com\/fr\/","logo":{"@type":"ImageObject","inLanguage":"de-DE","@id":"https:\/\/graphimarket.com\/fr\/#\/schema\/logo\/image\/","url":"https:\/\/graphimarket.com\/wp-content\/uploads\/2020\/08\/logo-48.png","contentUrl":"https:\/\/graphimarket.com\/wp-content\/uploads\/2020\/08\/logo-48.png","width":132,"height":48,"caption":"Graphimarket"},"image":{"@id":"https:\/\/graphimarket.com\/fr\/#\/schema\/logo\/image\/"}}]}},"_links":{"self":[{"href":"https:\/\/graphimarket.com\/de\/wp-json\/wp\/v2\/product\/15741","targetHints":{"allow":["GET"]}}],"collection":[{"href":"https:\/\/graphimarket.com\/de\/wp-json\/wp\/v2\/product"}],"about":[{"href":"https:\/\/graphimarket.com\/de\/wp-json\/wp\/v2\/types\/product"}],"replies":[{"embeddable":true,"href":"https:\/\/graphimarket.com\/de\/wp-json\/wp\/v2\/comments?post=15741"}],"version-history":[{"count":0,"href":"https:\/\/graphimarket.com\/de\/wp-json\/wp\/v2\/product\/15741\/revisions"}],"wp:featuredmedia":[{"embeddable":true,"href":"https:\/\/graphimarket.com\/de\/wp-json\/wp\/v2\/media\/15745"}],"wp:attachment":[{"href":"https:\/\/graphimarket.com\/de\/wp-json\/wp\/v2\/media?parent=15741"}],"wp:term":[{"taxonomy":"product_brand","embeddable":true,"href":"https:\/\/graphimarket.com\/de\/wp-json\/wp\/v2\/product_brand?post=15741"},{"taxonomy":"product_cat","embeddable":true,"href":"https:\/\/graphimarket.com\/de\/wp-json\/wp\/v2\/product_cat?post=15741"},{"taxonomy":"product_tag","embeddable":true,"href":"https:\/\/graphimarket.com\/de\/wp-json\/wp\/v2\/product_tag?post=15741"}],"curies":[{"name":"wp","href":"https:\/\/api.w.org\/{rel}","templated":true}]}}