{"id":15799,"date":"2021-02-04T17:38:27","date_gmt":"2021-02-04T16:38:27","guid":{"rendered":"https:\/\/graphimarket.com\/?post_type=product&#038;p=15799"},"modified":"2026-01-23T19:06:46","modified_gmt":"2026-01-23T18:06:46","slug":"3d-map-generator-terrain-from-heightmap","status":"publish","type":"product","link":"https:\/\/graphimarket.com\/de\/product\/3d-map-generator-terrain-from-heightmap\/","title":{"rendered":"3D-Kartengenerator - Gel\u00e4nde aus der H\u00f6henkarte"},"content":{"rendered":"<h1>3D-Kartengenerator - Gel\u00e4nde aus der H\u00f6henkarte<\/h1>\n<p>Mit dem 3D-Kartengenerator - Gel\u00e4nde k\u00f6nnen Sie ganz einfach eine Graustufen-H\u00f6henkarte erstellen und daraus ein 3D-Gel\u00e4nde erstellen. Die umfangreichen Funktionen unseres Plugins sparen Echtzeit f\u00fcr Kreative, die in k\u00fcrzester Zeit professionelle und qualitativ hochwertige Karten erstellen m\u00f6chten. Und das Beste ist: Sie m\u00fcssen kein Photoshop-Profi sein!<\/p>\n<h3 id=\"item-description__features-overview\">Funktions\u00fcbersicht<\/h3>\n<ul>\n<li>3D-Karte von jeder m\u00f6glichen Graustufen-H\u00f6henkarte<\/li>\n<li>Umfangreiches Tool zum Generieren und Bearbeiten Ihrer eigenen H\u00f6henkarte<\/li>\n<li>Heightmap-Browser<\/li>\n<li>Funktion f\u00fcr automatische H\u00f6henkarten<\/li>\n<li>Kartenbibliothek + kostenloses Beispielset<\/li>\n<li>Zuf\u00e4llige Wolkenfunktion<\/li>\n<li>Top-View-Kartenfunktion<\/li>\n<li>21 H\u00f6henkartenpinsel<\/li>\n<li>Kartenh\u00f6heneinstellung<\/li>\n<li>3D-Karte f\u00fcr eine individuelle Form<\/li>\n<li>3 verschiedene isometrische Kartenausrichtungen (links, frontal, rechts)<\/li>\n<li>Auto-Texturierungswerkzeug<\/li>\n<li>16 Verlaufsvoreinstellungen<\/li>\n<li>22 nahtlose Texturen<\/li>\n<li>7 Kartenlegenden-Texturen<\/li>\n<li>Verschiedene Texturierungspinsel<\/li>\n<li>21 Hintergrundvoreinstellungen<\/li>\n<li>Kartenrand-Farbauswahlwerkzeug<\/li>\n<li>Hilfswerkzeug<\/li>\n<li>Konturlinien-Werkzeug<\/li>\n<li>Wasserstandsfunktion<\/li>\n<li>Kartentiefe hinzuf\u00fcgen und l\u00f6schen (unbegrenzt)<\/li>\n<li>Globale Schattenfunktion<\/li>\n<li>4 Effektpinsel zum Entwerfen der Kartenoberfl\u00e4che<\/li>\n<li>Kieswerkzeug<\/li>\n<li>\u00dcber 100 Kartensymbole und -elemente<\/li>\n<li>Funktionen der Symbolbibliothek&gt; F\u00fcgen Sie Ihre eigenen Symbole hinzu<\/li>\n<li>Plugin f\u00fcr Photoshop CC-2014 und neuer<\/li>\n<li>\u00dcber 20 Video-Tutorials<\/li>\n<\/ul>\n<p>Zeichnen oder \u00e4ndern Sie eine H\u00f6henkarte mit den Werkzeugen f\u00fcr die H\u00f6henkarte. Holen Sie sich H\u00f6henkarten aus der realen Welt von realen Orten. Geben Sie die Kartenh\u00f6he und -ausrichtung an und erstellen Sie eine isometrische 3D-Karte. Gestalten Sie die Kartenoberfl\u00e4che mit bearbeitbaren Verlaufsvoreinstellungen, nahtlosen Texturen, dem Konturlinien-Werkzeug, dem Wasserstands-Werkzeug und EFX-Pinseln. \u00c4ndern Sie die Kartenh\u00f6he, gestalten Sie den Hintergrund, bestimmen Sie die Kartenbeleuchtung und platzieren Sie hochwertige isometrische Kartensymbole aus der Symbolbibliothek. Laden Sie Ihre eigenen Symbole in die Bibliothek. Erstellen Sie mit nur wenigen Klicks professionelles 3D-Terrain. Alles mit einem Werkzeug und ein paar Klicks in Photoshop!<\/p>\n<p>&nbsp;<\/p>\n<p>&nbsp;<\/p>\n<p><img fetchpriority=\"high\" decoding=\"async\" class=\"alignnone size-full wp-image-15802\" src=\"https:\/\/graphimarket.com\/wp-content\/uploads\/2021\/02\/005_3dmgt.jpg\" alt=\"\" width=\"1200\" height=\"768\" srcset=\"https:\/\/graphimarket.com\/wp-content\/uploads\/2021\/02\/005_3dmgt.jpg 1200w, https:\/\/graphimarket.com\/wp-content\/uploads\/2021\/02\/005_3dmgt-300x192.jpg 300w, https:\/\/graphimarket.com\/wp-content\/uploads\/2021\/02\/005_3dmgt-1024x655.jpg 1024w, https:\/\/graphimarket.com\/wp-content\/uploads\/2021\/02\/005_3dmgt-768x492.jpg 768w, https:\/\/graphimarket.com\/wp-content\/uploads\/2021\/02\/005_3dmgt-16x10.jpg 16w, https:\/\/graphimarket.com\/wp-content\/uploads\/2021\/02\/005_3dmgt-600x384.jpg 600w\" sizes=\"(max-width: 1200px) 100vw, 1200px\" \/> <img decoding=\"async\" class=\"alignnone size-full wp-image-15803\" src=\"https:\/\/graphimarket.com\/wp-content\/uploads\/2021\/02\/006_3dmgt.jpg\" alt=\"\" width=\"1200\" height=\"768\" srcset=\"https:\/\/graphimarket.com\/wp-content\/uploads\/2021\/02\/006_3dmgt.jpg 1200w, https:\/\/graphimarket.com\/wp-content\/uploads\/2021\/02\/006_3dmgt-300x192.jpg 300w, https:\/\/graphimarket.com\/wp-content\/uploads\/2021\/02\/006_3dmgt-1024x655.jpg 1024w, https:\/\/graphimarket.com\/wp-content\/uploads\/2021\/02\/006_3dmgt-768x492.jpg 768w, https:\/\/graphimarket.com\/wp-content\/uploads\/2021\/02\/006_3dmgt-16x10.jpg 16w, https:\/\/graphimarket.com\/wp-content\/uploads\/2021\/02\/006_3dmgt-600x384.jpg 600w\" sizes=\"(max-width: 1200px) 100vw, 1200px\" \/> <img decoding=\"async\" class=\"alignnone size-full wp-image-15804\" src=\"https:\/\/graphimarket.com\/wp-content\/uploads\/2021\/02\/007_3dmgt.jpg\" alt=\"\" width=\"1200\" height=\"768\" srcset=\"https:\/\/graphimarket.com\/wp-content\/uploads\/2021\/02\/007_3dmgt.jpg 1200w, https:\/\/graphimarket.com\/wp-content\/uploads\/2021\/02\/007_3dmgt-300x192.jpg 300w, https:\/\/graphimarket.com\/wp-content\/uploads\/2021\/02\/007_3dmgt-1024x655.jpg 1024w, https:\/\/graphimarket.com\/wp-content\/uploads\/2021\/02\/007_3dmgt-768x492.jpg 768w, https:\/\/graphimarket.com\/wp-content\/uploads\/2021\/02\/007_3dmgt-16x10.jpg 16w, https:\/\/graphimarket.com\/wp-content\/uploads\/2021\/02\/007_3dmgt-600x384.jpg 600w\" sizes=\"(max-width: 1200px) 100vw, 1200px\" \/> <img loading=\"lazy\" decoding=\"async\" class=\"alignnone size-full wp-image-15805\" src=\"https:\/\/graphimarket.com\/wp-content\/uploads\/2021\/02\/008_3dmgt.jpg\" alt=\"\" width=\"1200\" height=\"768\" srcset=\"https:\/\/graphimarket.com\/wp-content\/uploads\/2021\/02\/008_3dmgt.jpg 1200w, https:\/\/graphimarket.com\/wp-content\/uploads\/2021\/02\/008_3dmgt-300x192.jpg 300w, https:\/\/graphimarket.com\/wp-content\/uploads\/2021\/02\/008_3dmgt-1024x655.jpg 1024w, https:\/\/graphimarket.com\/wp-content\/uploads\/2021\/02\/008_3dmgt-768x492.jpg 768w, https:\/\/graphimarket.com\/wp-content\/uploads\/2021\/02\/008_3dmgt-16x10.jpg 16w, https:\/\/graphimarket.com\/wp-content\/uploads\/2021\/02\/008_3dmgt-600x384.jpg 600w\" sizes=\"(max-width: 1200px) 100vw, 1200px\" \/> <img loading=\"lazy\" decoding=\"async\" class=\"alignnone size-full wp-image-15806\" src=\"https:\/\/graphimarket.com\/wp-content\/uploads\/2021\/02\/009_3dmgt.jpg\" alt=\"\" width=\"1200\" height=\"768\" srcset=\"https:\/\/graphimarket.com\/wp-content\/uploads\/2021\/02\/009_3dmgt.jpg 1200w, https:\/\/graphimarket.com\/wp-content\/uploads\/2021\/02\/009_3dmgt-300x192.jpg 300w, https:\/\/graphimarket.com\/wp-content\/uploads\/2021\/02\/009_3dmgt-1024x655.jpg 1024w, https:\/\/graphimarket.com\/wp-content\/uploads\/2021\/02\/009_3dmgt-768x492.jpg 768w, https:\/\/graphimarket.com\/wp-content\/uploads\/2021\/02\/009_3dmgt-16x10.jpg 16w, https:\/\/graphimarket.com\/wp-content\/uploads\/2021\/02\/009_3dmgt-600x384.jpg 600w\" sizes=\"(max-width: 1200px) 100vw, 1200px\" \/> <img loading=\"lazy\" decoding=\"async\" class=\"alignnone size-full wp-image-15807\" src=\"https:\/\/graphimarket.com\/wp-content\/uploads\/2021\/02\/010_3dmgt.jpg\" alt=\"\" width=\"1200\" height=\"768\" srcset=\"https:\/\/graphimarket.com\/wp-content\/uploads\/2021\/02\/010_3dmgt.jpg 1200w, https:\/\/graphimarket.com\/wp-content\/uploads\/2021\/02\/010_3dmgt-300x192.jpg 300w, https:\/\/graphimarket.com\/wp-content\/uploads\/2021\/02\/010_3dmgt-1024x655.jpg 1024w, https:\/\/graphimarket.com\/wp-content\/uploads\/2021\/02\/010_3dmgt-768x492.jpg 768w, https:\/\/graphimarket.com\/wp-content\/uploads\/2021\/02\/010_3dmgt-16x10.jpg 16w, https:\/\/graphimarket.com\/wp-content\/uploads\/2021\/02\/010_3dmgt-600x384.jpg 600w\" sizes=\"(max-width: 1200px) 100vw, 1200px\" \/> <img loading=\"lazy\" decoding=\"async\" class=\"alignnone size-full wp-image-15808\" src=\"https:\/\/graphimarket.com\/wp-content\/uploads\/2021\/02\/001_3dmgt.jpg\" alt=\"\" width=\"1200\" height=\"768\" srcset=\"https:\/\/graphimarket.com\/wp-content\/uploads\/2021\/02\/001_3dmgt.jpg 1200w, https:\/\/graphimarket.com\/wp-content\/uploads\/2021\/02\/001_3dmgt-300x192.jpg 300w, https:\/\/graphimarket.com\/wp-content\/uploads\/2021\/02\/001_3dmgt-1024x655.jpg 1024w, https:\/\/graphimarket.com\/wp-content\/uploads\/2021\/02\/001_3dmgt-768x492.jpg 768w, https:\/\/graphimarket.com\/wp-content\/uploads\/2021\/02\/001_3dmgt-16x10.jpg 16w, https:\/\/graphimarket.com\/wp-content\/uploads\/2021\/02\/001_3dmgt-600x384.jpg 600w\" sizes=\"(max-width: 1200px) 100vw, 1200px\" \/> <img loading=\"lazy\" decoding=\"async\" class=\"alignnone size-full wp-image-15809\" src=\"https:\/\/graphimarket.com\/wp-content\/uploads\/2021\/02\/002_3dmgt.jpg\" alt=\"\" width=\"1200\" height=\"768\" srcset=\"https:\/\/graphimarket.com\/wp-content\/uploads\/2021\/02\/002_3dmgt.jpg 1200w, https:\/\/graphimarket.com\/wp-content\/uploads\/2021\/02\/002_3dmgt-300x192.jpg 300w, https:\/\/graphimarket.com\/wp-content\/uploads\/2021\/02\/002_3dmgt-1024x655.jpg 1024w, https:\/\/graphimarket.com\/wp-content\/uploads\/2021\/02\/002_3dmgt-768x492.jpg 768w, https:\/\/graphimarket.com\/wp-content\/uploads\/2021\/02\/002_3dmgt-16x10.jpg 16w, https:\/\/graphimarket.com\/wp-content\/uploads\/2021\/02\/002_3dmgt-600x384.jpg 600w\" sizes=\"(max-width: 1200px) 100vw, 1200px\" \/> <img loading=\"lazy\" decoding=\"async\" class=\"alignnone size-full wp-image-15810\" src=\"https:\/\/graphimarket.com\/wp-content\/uploads\/2021\/02\/003_3dmgt.jpg\" alt=\"\" width=\"1200\" height=\"768\" srcset=\"https:\/\/graphimarket.com\/wp-content\/uploads\/2021\/02\/003_3dmgt.jpg 1200w, https:\/\/graphimarket.com\/wp-content\/uploads\/2021\/02\/003_3dmgt-300x192.jpg 300w, https:\/\/graphimarket.com\/wp-content\/uploads\/2021\/02\/003_3dmgt-1024x655.jpg 1024w, https:\/\/graphimarket.com\/wp-content\/uploads\/2021\/02\/003_3dmgt-768x492.jpg 768w, https:\/\/graphimarket.com\/wp-content\/uploads\/2021\/02\/003_3dmgt-16x10.jpg 16w, https:\/\/graphimarket.com\/wp-content\/uploads\/2021\/02\/003_3dmgt-600x384.jpg 600w\" sizes=\"(max-width: 1200px) 100vw, 1200px\" \/> <img loading=\"lazy\" decoding=\"async\" class=\"alignnone size-full wp-image-15811\" src=\"https:\/\/graphimarket.com\/wp-content\/uploads\/2021\/02\/004_3dmgt.jpg\" alt=\"\" width=\"1200\" height=\"768\" srcset=\"https:\/\/graphimarket.com\/wp-content\/uploads\/2021\/02\/004_3dmgt.jpg 1200w, https:\/\/graphimarket.com\/wp-content\/uploads\/2021\/02\/004_3dmgt-300x192.jpg 300w, https:\/\/graphimarket.com\/wp-content\/uploads\/2021\/02\/004_3dmgt-1024x655.jpg 1024w, https:\/\/graphimarket.com\/wp-content\/uploads\/2021\/02\/004_3dmgt-768x492.jpg 768w, https:\/\/graphimarket.com\/wp-content\/uploads\/2021\/02\/004_3dmgt-16x10.jpg 16w, https:\/\/graphimarket.com\/wp-content\/uploads\/2021\/02\/004_3dmgt-600x384.jpg 600w\" sizes=\"(max-width: 1200px) 100vw, 1200px\" \/><\/p>","protected":false},"excerpt":{"rendered":"<p>3D Map Generator &#8211; Terrain from Heightmap With the 3D Map Generator \u2013 Terrain you can easily create a grayscale heightmap and then generate a 3D terrain out of it. The extensive features of our plugin are real time savers for creatives who want to create professional and high-quality maps in no time. And the [&hellip;]<\/p>\n","protected":false},"featured_media":15804,"comment_status":"open","ping_status":"closed","template":"","meta":{"site-sidebar-layout":"default","site-content-layout":"default","ast-site-content-layout":"default","site-content-style":"default","site-sidebar-style":"default","ast-global-header-display":"","ast-banner-title-visibility":"","ast-main-header-display":"","ast-hfb-above-header-display":"","ast-hfb-below-header-display":"","ast-hfb-mobile-header-display":"","site-post-title":"","ast-breadcrumbs-content":"","ast-featured-img":"","footer-sml-layout":"","ast-disable-related-posts":"","theme-transparent-header-meta":"default","adv-header-id-meta":"","stick-header-meta":"","header-above-stick-meta":"","header-main-stick-meta":"","header-below-stick-meta":"","astra-migrate-meta-layouts":"default","ast-page-background-enabled":"default","ast-page-background-meta":{"desktop":{"background-color":"","background-image":"","background-repeat":"repeat","background-position":"center center","background-size":"auto","background-attachment":"scroll","background-type":"","background-media":"","overlay-type":"","overlay-color":"","overlay-opacity":"","overlay-gradient":""},"tablet":{"background-color":"","background-image":"","background-repeat":"repeat","background-position":"center center","background-size":"auto","background-attachment":"scroll","background-type":"","background-media":"","overlay-type":"","overlay-color":"","overlay-opacity":"","overlay-gradient":""},"mobile":{"background-color":"","background-image":"","background-repeat":"repeat","background-position":"center center","background-size":"auto","background-attachment":"scroll","background-type":"","background-media":"","overlay-type":"","overlay-color":"","overlay-opacity":"","overlay-gradient":""}},"ast-content-background-meta":{"desktop":{"background-color":"var(--ast-global-color-5)","background-image":"","background-repeat":"repeat","background-position":"center center","background-size":"auto","background-attachment":"scroll","background-type":"","background-media":"","overlay-type":"","overlay-color":"","overlay-opacity":"","overlay-gradient":""},"tablet":{"background-color":"var(--ast-global-color-5)","background-image":"","background-repeat":"repeat","background-position":"center center","background-size":"auto","background-attachment":"scroll","background-type":"","background-media":"","overlay-type":"","overlay-color":"","overlay-opacity":"","overlay-gradient":""},"mobile":{"background-color":"var(--ast-global-color-5)","background-image":"","background-repeat":"repeat","background-position":"center center","background-size":"auto","background-attachment":"scroll","background-type":"","background-media":"","overlay-type":"","overlay-color":"","overlay-opacity":"","overlay-gradient":""}}},"product_brand":[],"product_cat":[193,46],"product_tag":[291,303,574,1876,455,1875,243],"class_list":{"0":"post-15799","1":"product","2":"type-product","3":"status-publish","4":"has-post-thumbnail","6":"product_cat-graphic-design","7":"product_cat-graphics","8":"product_tag-3d","9":"product_tag-generator","10":"product_tag-graphic","11":"product_tag-heightmap","12":"product_tag-map","13":"product_tag-terrain","14":"product_tag-texture","15":"desktop-align-left","16":"tablet-align-left","17":"mobile-align-left","19":"first","20":"instock","21":"sale","22":"downloadable","23":"virtual","24":"taxable","25":"purchasable","26":"product-type-simple"},"yoast_head":"<!-- This site is optimized with the Yoast SEO plugin v27.3 - https:\/\/yoast.com\/product\/yoast-seo-wordpress\/ -->\n<title>3D Map Generator - Terrain from Heightmap - Graphimarket<\/title>\n<meta name=\"description\" content=\"With the 3D Map Generator \u2013 Terrain you can easily create a grayscale heightmap and then generate a 3D terrain out of it....\" \/>\n<meta name=\"robots\" content=\"index, follow, max-snippet:-1, max-image-preview:large, max-video-preview:-1\" \/>\n<link rel=\"canonical\" href=\"https:\/\/graphimarket.com\/de\/product\/3d-map-generator-terrain-from-heightmap\/\" \/>\n<meta property=\"og:locale\" content=\"de_DE\" \/>\n<meta property=\"og:type\" content=\"article\" \/>\n<meta property=\"og:title\" content=\"3D Map Generator - Terrain from Heightmap - Graphimarket\" \/>\n<meta property=\"og:description\" content=\"With the 3D Map Generator \u2013 Terrain you can easily create a grayscale heightmap and then generate a 3D terrain out of it....\" \/>\n<meta property=\"og:url\" content=\"https:\/\/graphimarket.com\/de\/product\/3d-map-generator-terrain-from-heightmap\/\" \/>\n<meta property=\"og:site_name\" content=\"Graphimarket\" \/>\n<meta property=\"article:modified_time\" content=\"2026-01-23T18:06:46+00:00\" \/>\n<meta property=\"og:image\" content=\"https:\/\/graphimarket.com\/wp-content\/uploads\/2021\/02\/007_3dmgt.jpg\" \/>\n\t<meta property=\"og:image:width\" content=\"1200\" \/>\n\t<meta property=\"og:image:height\" content=\"768\" \/>\n\t<meta property=\"og:image:type\" content=\"image\/jpeg\" \/>\n<meta name=\"twitter:card\" content=\"summary_large_image\" \/>\n<meta name=\"twitter:label1\" content=\"Est. reading time\" \/>\n\t<meta name=\"twitter:data1\" content=\"1 minute\" \/>\n<script type=\"application\/ld+json\" class=\"yoast-schema-graph\">{\"@context\":\"https:\\\/\\\/schema.org\",\"@graph\":[{\"@type\":\"WebPage\",\"@id\":\"https:\\\/\\\/graphimarket.com\\\/fr\\\/product\\\/3d-map-generator-terrain-from-heightmap\\\/\",\"url\":\"https:\\\/\\\/graphimarket.com\\\/fr\\\/product\\\/3d-map-generator-terrain-from-heightmap\\\/\",\"name\":\"3D Map Generator - Terrain from Heightmap - Graphimarket\",\"isPartOf\":{\"@id\":\"https:\\\/\\\/graphimarket.com\\\/fr\\\/#website\"},\"primaryImageOfPage\":{\"@id\":\"https:\\\/\\\/graphimarket.com\\\/fr\\\/product\\\/3d-map-generator-terrain-from-heightmap\\\/#primaryimage\"},\"image\":{\"@id\":\"https:\\\/\\\/graphimarket.com\\\/fr\\\/product\\\/3d-map-generator-terrain-from-heightmap\\\/#primaryimage\"},\"thumbnailUrl\":\"https:\\\/\\\/graphimarket.com\\\/wp-content\\\/uploads\\\/2021\\\/02\\\/007_3dmgt.jpg\",\"datePublished\":\"2021-02-04T16:38:27+00:00\",\"dateModified\":\"2026-01-23T18:06:46+00:00\",\"description\":\"With the 3D Map Generator \u2013 Terrain you can easily create a grayscale heightmap and then generate a 3D terrain out of it....\",\"breadcrumb\":{\"@id\":\"https:\\\/\\\/graphimarket.com\\\/fr\\\/product\\\/3d-map-generator-terrain-from-heightmap\\\/#breadcrumb\"},\"inLanguage\":\"de-DE\",\"potentialAction\":[{\"@type\":\"ReadAction\",\"target\":[\"https:\\\/\\\/graphimarket.com\\\/fr\\\/product\\\/3d-map-generator-terrain-from-heightmap\\\/\"]}]},{\"@type\":\"ImageObject\",\"inLanguage\":\"de-DE\",\"@id\":\"https:\\\/\\\/graphimarket.com\\\/fr\\\/product\\\/3d-map-generator-terrain-from-heightmap\\\/#primaryimage\",\"url\":\"https:\\\/\\\/graphimarket.com\\\/wp-content\\\/uploads\\\/2021\\\/02\\\/007_3dmgt.jpg\",\"contentUrl\":\"https:\\\/\\\/graphimarket.com\\\/wp-content\\\/uploads\\\/2021\\\/02\\\/007_3dmgt.jpg\",\"width\":1200,\"height\":768},{\"@type\":\"BreadcrumbList\",\"@id\":\"https:\\\/\\\/graphimarket.com\\\/fr\\\/product\\\/3d-map-generator-terrain-from-heightmap\\\/#breadcrumb\",\"itemListElement\":[{\"@type\":\"ListItem\",\"position\":1,\"name\":\"Home\",\"item\":\"https:\\\/\\\/graphimarket.com\\\/es\\\/\"},{\"@type\":\"ListItem\",\"position\":2,\"name\":\"Store\",\"item\":\"https:\\\/\\\/graphimarket.com\\\/store\\\/\"},{\"@type\":\"ListItem\",\"position\":3,\"name\":\"3D Map Generator &#8211; Terrain from Heightmap\"}]},{\"@type\":\"WebSite\",\"@id\":\"https:\\\/\\\/graphimarket.com\\\/fr\\\/#website\",\"url\":\"https:\\\/\\\/graphimarket.com\\\/fr\\\/\",\"name\":\"Graphimarket\",\"description\":\"Find the perfect creative asset to bring your project to life\",\"publisher\":{\"@id\":\"https:\\\/\\\/graphimarket.com\\\/fr\\\/#organization\"},\"potentialAction\":[{\"@type\":\"SearchAction\",\"target\":{\"@type\":\"EntryPoint\",\"urlTemplate\":\"https:\\\/\\\/graphimarket.com\\\/fr\\\/?s={search_term_string}\"},\"query-input\":{\"@type\":\"PropertyValueSpecification\",\"valueRequired\":true,\"valueName\":\"search_term_string\"}}],\"inLanguage\":\"de-DE\"},{\"@type\":\"Organization\",\"@id\":\"https:\\\/\\\/graphimarket.com\\\/fr\\\/#organization\",\"name\":\"Graphimarket\",\"url\":\"https:\\\/\\\/graphimarket.com\\\/fr\\\/\",\"logo\":{\"@type\":\"ImageObject\",\"inLanguage\":\"de-DE\",\"@id\":\"https:\\\/\\\/graphimarket.com\\\/fr\\\/#\\\/schema\\\/logo\\\/image\\\/\",\"url\":\"https:\\\/\\\/graphimarket.com\\\/wp-content\\\/uploads\\\/2020\\\/08\\\/logo-48.png\",\"contentUrl\":\"https:\\\/\\\/graphimarket.com\\\/wp-content\\\/uploads\\\/2020\\\/08\\\/logo-48.png\",\"width\":132,\"height\":48,\"caption\":\"Graphimarket\"},\"image\":{\"@id\":\"https:\\\/\\\/graphimarket.com\\\/fr\\\/#\\\/schema\\\/logo\\\/image\\\/\"}}]}<\/script>\n<!-- \/ Yoast SEO plugin. -->","yoast_head_json":{"title":"3D-Kartengenerator - Gel\u00e4nde aus der H\u00f6henkarte - Graphimarket","description":"Mit dem 3D-Kartengenerator - Gel\u00e4nde k\u00f6nnen Sie ganz einfach eine Graustufen-H\u00f6henkarte erstellen und daraus ein 3D-Gel\u00e4nde erstellen.","robots":{"index":"index","follow":"follow","max-snippet":"max-snippet:-1","max-image-preview":"max-image-preview:large","max-video-preview":"max-video-preview:-1"},"canonical":"https:\/\/graphimarket.com\/de\/product\/3d-map-generator-terrain-from-heightmap\/","og_locale":"de_DE","og_type":"article","og_title":"3D Map Generator - Terrain from Heightmap - Graphimarket","og_description":"With the 3D Map Generator \u2013 Terrain you can easily create a grayscale heightmap and then generate a 3D terrain out of it....","og_url":"https:\/\/graphimarket.com\/de\/product\/3d-map-generator-terrain-from-heightmap\/","og_site_name":"Graphimarket","article_modified_time":"2026-01-23T18:06:46+00:00","og_image":[{"width":1200,"height":768,"url":"https:\/\/graphimarket.com\/wp-content\/uploads\/2021\/02\/007_3dmgt.jpg","type":"image\/jpeg"}],"twitter_card":"summary_large_image","twitter_misc":{"Est. reading time":"1 minute"},"schema":{"@context":"https:\/\/schema.org","@graph":[{"@type":"WebPage","@id":"https:\/\/graphimarket.com\/fr\/product\/3d-map-generator-terrain-from-heightmap\/","url":"https:\/\/graphimarket.com\/fr\/product\/3d-map-generator-terrain-from-heightmap\/","name":"3D-Kartengenerator - Gel\u00e4nde aus der H\u00f6henkarte - Graphimarket","isPartOf":{"@id":"https:\/\/graphimarket.com\/fr\/#website"},"primaryImageOfPage":{"@id":"https:\/\/graphimarket.com\/fr\/product\/3d-map-generator-terrain-from-heightmap\/#primaryimage"},"image":{"@id":"https:\/\/graphimarket.com\/fr\/product\/3d-map-generator-terrain-from-heightmap\/#primaryimage"},"thumbnailUrl":"https:\/\/graphimarket.com\/wp-content\/uploads\/2021\/02\/007_3dmgt.jpg","datePublished":"2021-02-04T16:38:27+00:00","dateModified":"2026-01-23T18:06:46+00:00","description":"Mit dem 3D-Kartengenerator - Gel\u00e4nde k\u00f6nnen Sie ganz einfach eine Graustufen-H\u00f6henkarte erstellen und daraus ein 3D-Gel\u00e4nde erstellen.","breadcrumb":{"@id":"https:\/\/graphimarket.com\/fr\/product\/3d-map-generator-terrain-from-heightmap\/#breadcrumb"},"inLanguage":"de-DE","potentialAction":[{"@type":"ReadAction","target":["https:\/\/graphimarket.com\/fr\/product\/3d-map-generator-terrain-from-heightmap\/"]}]},{"@type":"ImageObject","inLanguage":"de-DE","@id":"https:\/\/graphimarket.com\/fr\/product\/3d-map-generator-terrain-from-heightmap\/#primaryimage","url":"https:\/\/graphimarket.com\/wp-content\/uploads\/2021\/02\/007_3dmgt.jpg","contentUrl":"https:\/\/graphimarket.com\/wp-content\/uploads\/2021\/02\/007_3dmgt.jpg","width":1200,"height":768},{"@type":"BreadcrumbList","@id":"https:\/\/graphimarket.com\/fr\/product\/3d-map-generator-terrain-from-heightmap\/#breadcrumb","itemListElement":[{"@type":"ListItem","position":1,"name":"Home","item":"https:\/\/graphimarket.com\/es\/"},{"@type":"ListItem","position":2,"name":"Store","item":"https:\/\/graphimarket.com\/store\/"},{"@type":"ListItem","position":3,"name":"3D Map Generator &#8211; Terrain from Heightmap"}]},{"@type":"WebSite","@id":"https:\/\/graphimarket.com\/fr\/#website","url":"https:\/\/graphimarket.com\/fr\/","name":"Graphimarket","description":"Finden Sie das perfekte kreative Kapital, um Ihr Projekt zum Leben zu erwecken","publisher":{"@id":"https:\/\/graphimarket.com\/fr\/#organization"},"potentialAction":[{"@type":"SearchAction","target":{"@type":"EntryPoint","urlTemplate":"https:\/\/graphimarket.com\/fr\/?s={search_term_string}"},"query-input":{"@type":"PropertyValueSpecification","valueRequired":true,"valueName":"search_term_string"}}],"inLanguage":"de-DE"},{"@type":"Organization","@id":"https:\/\/graphimarket.com\/fr\/#organization","name":"Graphimarket","url":"https:\/\/graphimarket.com\/fr\/","logo":{"@type":"ImageObject","inLanguage":"de-DE","@id":"https:\/\/graphimarket.com\/fr\/#\/schema\/logo\/image\/","url":"https:\/\/graphimarket.com\/wp-content\/uploads\/2020\/08\/logo-48.png","contentUrl":"https:\/\/graphimarket.com\/wp-content\/uploads\/2020\/08\/logo-48.png","width":132,"height":48,"caption":"Graphimarket"},"image":{"@id":"https:\/\/graphimarket.com\/fr\/#\/schema\/logo\/image\/"}}]}},"_links":{"self":[{"href":"https:\/\/graphimarket.com\/de\/wp-json\/wp\/v2\/product\/15799","targetHints":{"allow":["GET"]}}],"collection":[{"href":"https:\/\/graphimarket.com\/de\/wp-json\/wp\/v2\/product"}],"about":[{"href":"https:\/\/graphimarket.com\/de\/wp-json\/wp\/v2\/types\/product"}],"replies":[{"embeddable":true,"href":"https:\/\/graphimarket.com\/de\/wp-json\/wp\/v2\/comments?post=15799"}],"version-history":[{"count":0,"href":"https:\/\/graphimarket.com\/de\/wp-json\/wp\/v2\/product\/15799\/revisions"}],"wp:featuredmedia":[{"embeddable":true,"href":"https:\/\/graphimarket.com\/de\/wp-json\/wp\/v2\/media\/15804"}],"wp:attachment":[{"href":"https:\/\/graphimarket.com\/de\/wp-json\/wp\/v2\/media?parent=15799"}],"wp:term":[{"taxonomy":"product_brand","embeddable":true,"href":"https:\/\/graphimarket.com\/de\/wp-json\/wp\/v2\/product_brand?post=15799"},{"taxonomy":"product_cat","embeddable":true,"href":"https:\/\/graphimarket.com\/de\/wp-json\/wp\/v2\/product_cat?post=15799"},{"taxonomy":"product_tag","embeddable":true,"href":"https:\/\/graphimarket.com\/de\/wp-json\/wp\/v2\/product_tag?post=15799"}],"curies":[{"name":"wp","href":"https:\/\/api.w.org\/{rel}","templated":true}]}}