{"id":15813,"date":"2021-02-04T18:09:26","date_gmt":"2021-02-04T17:09:26","guid":{"rendered":"https:\/\/graphimarket.com\/?post_type=product&#038;p=15813"},"modified":"2025-04-10T23:41:43","modified_gmt":"2025-04-10T21:41:43","slug":"perfect-oils-part-2-collection","status":"publish","type":"product","link":"https:\/\/graphimarket.com\/de\/product\/perfect-oils-part-2-collection\/","title":{"rendered":"Perfekte \u00d6le Teil 2 Kollektion"},"content":{"rendered":"<h3><strong>Ein leistungsstarkes Werkzeug f\u00fcr die digitale Malerei!<\/strong><\/h3>\n<p>Dies<strong>\u00a0Perfekte \u00d6le Teil 2 Kollektion<\/strong>\u00a0hat es einfacher denn je gemacht, traditionelle Maltechniken auf die digitale Leinwand anzuwenden. Dieses Bundle enth\u00e4lt\u00a0<strong>46 Mischpinsel-Voreinstellungen<\/strong>\u00a0Dies wird echte Eindr\u00fccke des Gem\u00e4ldes durch \u00d6lfarben (haupts\u00e4chlich), Acryl- und Temperafarben erzeugen.<\/p>\n<p>Innerhalb dieses Bundles erhalten Sie au\u00dferdem 5 Ebenenstile, die sich perfekt zum Erstellen des Pakets eignen\u00a0<strong>Wirkung eines dicken Farbreliefs (\u201epastos\u201c)<\/strong>.<\/p>\n<p>Kaufen Sie dieses Bundle jetzt und erweitern Sie Ihre k\u00fcnstlerischen F\u00e4higkeiten als Maler\u2026 es ist keine \u00dcbertreibung !! Eile!!<\/p>\n<p>Nun die aufregendsten Neuigkeiten\u2026 dieses Bundle enth\u00e4lt eine\u00a0<strong>erweiterte kommerzielle Lizenz<\/strong>. Sie k\u00f6nnen dieses Bundle f\u00fcr unbegrenzte pers\u00f6nliche und kommerzielle Projekte verwenden!<\/p>\n<h3><strong>Die Vorteile dieses Photoshop Mixer Brush Presets Bundles:<\/strong><\/h3>\n<ul>\n<li>Nachahmung realistischer \u00d6le und Acrylfarben<\/li>\n<li>Einfache Farbmischung<\/li>\n<li>Fl\u00fcssiges \/ weiches Farbgef\u00fchl<\/li>\n<li>Malen und Mischen neuer Farben direkt in bestehende (wie ein echtes \u00d6lgem\u00e4lde)<\/li>\n<li>Pinsel f\u00fcr ausdrucksstarke oder weiche Maltechniken<\/li>\n<li>Hilft realistischer zu malen<\/li>\n<li>Lebensechter Skizzier- und Malprozess<\/li>\n<li>Hilft bei der Gestaltung eines einzigartigen Malstils<\/li>\n<li>Reichhaltige kreative M\u00f6glichkeiten<\/li>\n<\/ul>\n<h3><strong>\u00a0Was Sie in diesem Photoshop Mixer Brush Presets Bundle erhalten:<\/strong><\/h3>\n<ul>\n<li>TPL-Datei \u201cPerfect_Oils_Part2_MixerBrushPresetsForPSCS5 + .tpl\u201d - Dies ist die Hauptdatei mit 46 Mixer Brush-Voreinstellungen.<\/li>\n<li>ASL-Datei \u201cLayer Impasto Styles.asl\u201d - Als Bonus hinzugef\u00fcgt, 5 Layer Styles f\u00fcr den Effekt eines dicken Farbreliefs, sogenanntes Impasto.<\/li>\n<li>JPG-Datei \u201cPerfect_Oils_2.0._List-of-Presets.jpg\u201d - Eine Liste aller im Kit enthaltenen Presets f\u00fcr den Mixer Brush.<\/li>\n<li>PDF-Datei \u201cPerfect Oils 2. Dokumentation, Handbuch &amp; FAQs.pdf\u201d - Beschreibung, Dokumentation, allgemeine Informationen, Tipps, FAQ.<\/li>\n<\/ul>\n<p><strong>\u00a0Wichtig!<\/strong>\u00a0Dieses Produkt ist f\u00fcr Photoshop-Versionen CS5 und h\u00f6her. Dies liegt nur daran, dass das Mischpinsel-Werkzeug erst seit CS5 angezeigt wird.<\/p>\n<h3><strong>Lassen Sie uns tief in dieses \u00fcberzeugende Bundle eintauchen:<\/strong><\/h3>\n<p>&nbsp;<\/p>\n<p>&nbsp;<\/p>\n<p>&nbsp;<\/p>\n<p><img fetchpriority=\"high\" decoding=\"async\" class=\"size-full wp-image-15814 aligncenter\" src=\"https:\/\/graphimarket.com\/wp-content\/uploads\/2021\/02\/artset1-2.jpg\" alt=\"\" width=\"800\" height=\"2503\" srcset=\"https:\/\/graphimarket.com\/wp-content\/uploads\/2021\/02\/artset1-2.jpg 800w, https:\/\/graphimarket.com\/wp-content\/uploads\/2021\/02\/artset1-2-96x300.jpg 96w, https:\/\/graphimarket.com\/wp-content\/uploads\/2021\/02\/artset1-2-327x1024.jpg 327w, https:\/\/graphimarket.com\/wp-content\/uploads\/2021\/02\/artset1-2-768x2403.jpg 768w, https:\/\/graphimarket.com\/wp-content\/uploads\/2021\/02\/artset1-2-491x1536.jpg 491w, https:\/\/graphimarket.com\/wp-content\/uploads\/2021\/02\/artset1-2-655x2048.jpg 655w, https:\/\/graphimarket.com\/wp-content\/uploads\/2021\/02\/artset1-2-4x12.jpg 4w, https:\/\/graphimarket.com\/wp-content\/uploads\/2021\/02\/artset1-2-600x1877.jpg 600w\" sizes=\"(max-width: 800px) 100vw, 800px\" \/><\/p>","protected":false},"excerpt":{"rendered":"<p>A Powerful Tool For Digital Painting! This\u00a0Perfect Oils Part 2 Collection\u00a0has made it easier than ever to take traditional painting techniques and apply them to the digital canvas.\u00a0 This bundle includes\u00a046 mixer brush presets\u00a0which will create real impressions of the painting by oils (primarily), acrylic, and tempera paints. Inside this bundle, you will also receive [&hellip;]<\/p>\n","protected":false},"featured_media":15815,"comment_status":"open","ping_status":"closed","template":"","meta":{"site-sidebar-layout":"default","site-content-layout":"default","ast-site-content-layout":"default","site-content-style":"default","site-sidebar-style":"default","ast-global-header-display":"","ast-banner-title-visibility":"","ast-main-header-display":"","ast-hfb-above-header-display":"","ast-hfb-below-header-display":"","ast-hfb-mobile-header-display":"","site-post-title":"","ast-breadcrumbs-content":"","ast-featured-img":"","footer-sml-layout":"","ast-disable-related-posts":"","theme-transparent-header-meta":"default","adv-header-id-meta":"","stick-header-meta":"","header-above-stick-meta":"","header-main-stick-meta":"","header-below-stick-meta":"","astra-migrate-meta-layouts":"default","ast-page-background-enabled":"default","ast-page-background-meta":{"desktop":{"background-color":"","background-image":"","background-repeat":"repeat","background-position":"center center","background-size":"auto","background-attachment":"scroll","background-type":"","background-media":"","overlay-type":"","overlay-color":"","overlay-opacity":"","overlay-gradient":""},"tablet":{"background-color":"","background-image":"","background-repeat":"repeat","background-position":"center center","background-size":"auto","background-attachment":"scroll","background-type":"","background-media":"","overlay-type":"","overlay-color":"","overlay-opacity":"","overlay-gradient":""},"mobile":{"background-color":"","background-image":"","background-repeat":"repeat","background-position":"center center","background-size":"auto","background-attachment":"scroll","background-type":"","background-media":"","overlay-type":"","overlay-color":"","overlay-opacity":"","overlay-gradient":""}},"ast-content-background-meta":{"desktop":{"background-color":"var(--ast-global-color-5)","background-image":"","background-repeat":"repeat","background-position":"center center","background-size":"auto","background-attachment":"scroll","background-type":"","background-media":"","overlay-type":"","overlay-color":"","overlay-opacity":"","overlay-gradient":""},"tablet":{"background-color":"var(--ast-global-color-5)","background-image":"","background-repeat":"repeat","background-position":"center center","background-size":"auto","background-attachment":"scroll","background-type":"","background-media":"","overlay-type":"","overlay-color":"","overlay-opacity":"","overlay-gradient":""},"mobile":{"background-color":"var(--ast-global-color-5)","background-image":"","background-repeat":"repeat","background-position":"center center","background-size":"auto","background-attachment":"scroll","background-type":"","background-media":"","overlay-type":"","overlay-color":"","overlay-opacity":"","overlay-gradient":""}}},"product_brand":[],"product_cat":[197],"product_tag":[231,239,1877,62,412,424],"class_list":{"0":"post-15813","1":"product","2":"type-product","3":"status-publish","4":"has-post-thumbnail","6":"product_cat-brushes","7":"product_tag-brushes","8":"product_tag-bundle","9":"product_tag-mixer","10":"product_tag-photoshop","11":"product_tag-preset","12":"product_tag-tool","13":"desktop-align-left","14":"tablet-align-left","15":"mobile-align-left","17":"first","18":"instock","19":"sale","20":"downloadable","21":"virtual","22":"taxable","23":"purchasable","24":"product-type-simple"},"yoast_head":"<!-- This site is optimized with the Yoast SEO plugin v27.3 - https:\/\/yoast.com\/product\/yoast-seo-wordpress\/ -->\n<title>Perfect Oils Part 2 Collection - Graphimarket<\/title>\n<meta name=\"description\" content=\"This\u00a0Perfect Oils Part 2 Collection\u00a0has made it easier than ever to take traditional painting techniques and apply them to the digital canvas.\" \/>\n<meta name=\"robots\" content=\"index, follow, max-snippet:-1, max-image-preview:large, max-video-preview:-1\" \/>\n<link rel=\"canonical\" href=\"https:\/\/graphimarket.com\/de\/product\/perfect-oils-part-2-collection\/\" \/>\n<meta property=\"og:locale\" content=\"de_DE\" \/>\n<meta property=\"og:type\" content=\"article\" \/>\n<meta property=\"og:title\" content=\"Perfect Oils Part 2 Collection - Graphimarket\" \/>\n<meta property=\"og:description\" content=\"This\u00a0Perfect Oils Part 2 Collection\u00a0has made it easier than ever to take traditional painting techniques and apply them to the digital canvas.\" \/>\n<meta property=\"og:url\" content=\"https:\/\/graphimarket.com\/de\/product\/perfect-oils-part-2-collection\/\" \/>\n<meta property=\"og:site_name\" content=\"Graphimarket\" \/>\n<meta property=\"article:modified_time\" content=\"2025-04-10T21:41:43+00:00\" \/>\n<meta property=\"og:image\" content=\"https:\/\/graphimarket.com\/wp-content\/uploads\/2021\/02\/cubebrush-\u2013-the-perfect-oils-part-2-\u2013-46-mixer-brushes.jpg\" \/>\n\t<meta property=\"og:image:width\" content=\"768\" \/>\n\t<meta property=\"og:image:height\" content=\"517\" \/>\n\t<meta property=\"og:image:type\" content=\"image\/jpeg\" \/>\n<meta name=\"twitter:card\" content=\"summary_large_image\" \/>\n<meta name=\"twitter:label1\" content=\"Est. reading time\" \/>\n\t<meta name=\"twitter:data1\" content=\"1 minute\" \/>\n<script type=\"application\/ld+json\" class=\"yoast-schema-graph\">{\"@context\":\"https:\\\/\\\/schema.org\",\"@graph\":[{\"@type\":\"WebPage\",\"@id\":\"https:\\\/\\\/graphimarket.com\\\/product\\\/perfect-oils-part-2-collection\\\/\",\"url\":\"https:\\\/\\\/graphimarket.com\\\/product\\\/perfect-oils-part-2-collection\\\/\",\"name\":\"Perfect Oils Part 2 Collection - Graphimarket\",\"isPartOf\":{\"@id\":\"https:\\\/\\\/graphimarket.com\\\/fr\\\/#website\"},\"primaryImageOfPage\":{\"@id\":\"https:\\\/\\\/graphimarket.com\\\/product\\\/perfect-oils-part-2-collection\\\/#primaryimage\"},\"image\":{\"@id\":\"https:\\\/\\\/graphimarket.com\\\/product\\\/perfect-oils-part-2-collection\\\/#primaryimage\"},\"thumbnailUrl\":\"https:\\\/\\\/graphimarket.com\\\/wp-content\\\/uploads\\\/2021\\\/02\\\/cubebrush-\u2013-the-perfect-oils-part-2-\u2013-46-mixer-brushes.jpg\",\"datePublished\":\"2021-02-04T17:09:26+00:00\",\"dateModified\":\"2025-04-10T21:41:43+00:00\",\"description\":\"This\u00a0Perfect Oils Part 2 Collection\u00a0has made it easier than ever to take traditional painting techniques and apply them to the digital canvas.\",\"breadcrumb\":{\"@id\":\"https:\\\/\\\/graphimarket.com\\\/product\\\/perfect-oils-part-2-collection\\\/#breadcrumb\"},\"inLanguage\":\"de-DE\",\"potentialAction\":[{\"@type\":\"ReadAction\",\"target\":[\"https:\\\/\\\/graphimarket.com\\\/product\\\/perfect-oils-part-2-collection\\\/\"]}]},{\"@type\":\"ImageObject\",\"inLanguage\":\"de-DE\",\"@id\":\"https:\\\/\\\/graphimarket.com\\\/product\\\/perfect-oils-part-2-collection\\\/#primaryimage\",\"url\":\"https:\\\/\\\/graphimarket.com\\\/wp-content\\\/uploads\\\/2021\\\/02\\\/cubebrush-\u2013-the-perfect-oils-part-2-\u2013-46-mixer-brushes.jpg\",\"contentUrl\":\"https:\\\/\\\/graphimarket.com\\\/wp-content\\\/uploads\\\/2021\\\/02\\\/cubebrush-\u2013-the-perfect-oils-part-2-\u2013-46-mixer-brushes.jpg\",\"width\":768,\"height\":517},{\"@type\":\"BreadcrumbList\",\"@id\":\"https:\\\/\\\/graphimarket.com\\\/product\\\/perfect-oils-part-2-collection\\\/#breadcrumb\",\"itemListElement\":[{\"@type\":\"ListItem\",\"position\":1,\"name\":\"Home\",\"item\":\"https:\\\/\\\/graphimarket.com\\\/es\\\/\"},{\"@type\":\"ListItem\",\"position\":2,\"name\":\"Store\",\"item\":\"https:\\\/\\\/graphimarket.com\\\/store\\\/\"},{\"@type\":\"ListItem\",\"position\":3,\"name\":\"Perfect Oils Part 2 Collection\"}]},{\"@type\":\"WebSite\",\"@id\":\"https:\\\/\\\/graphimarket.com\\\/fr\\\/#website\",\"url\":\"https:\\\/\\\/graphimarket.com\\\/fr\\\/\",\"name\":\"Graphimarket\",\"description\":\"Find the perfect creative asset to bring your project to life\",\"publisher\":{\"@id\":\"https:\\\/\\\/graphimarket.com\\\/fr\\\/#organization\"},\"potentialAction\":[{\"@type\":\"SearchAction\",\"target\":{\"@type\":\"EntryPoint\",\"urlTemplate\":\"https:\\\/\\\/graphimarket.com\\\/fr\\\/?s={search_term_string}\"},\"query-input\":{\"@type\":\"PropertyValueSpecification\",\"valueRequired\":true,\"valueName\":\"search_term_string\"}}],\"inLanguage\":\"de-DE\"},{\"@type\":\"Organization\",\"@id\":\"https:\\\/\\\/graphimarket.com\\\/fr\\\/#organization\",\"name\":\"Graphimarket\",\"url\":\"https:\\\/\\\/graphimarket.com\\\/fr\\\/\",\"logo\":{\"@type\":\"ImageObject\",\"inLanguage\":\"de-DE\",\"@id\":\"https:\\\/\\\/graphimarket.com\\\/fr\\\/#\\\/schema\\\/logo\\\/image\\\/\",\"url\":\"https:\\\/\\\/graphimarket.com\\\/wp-content\\\/uploads\\\/2020\\\/08\\\/logo-48.png\",\"contentUrl\":\"https:\\\/\\\/graphimarket.com\\\/wp-content\\\/uploads\\\/2020\\\/08\\\/logo-48.png\",\"width\":132,\"height\":48,\"caption\":\"Graphimarket\"},\"image\":{\"@id\":\"https:\\\/\\\/graphimarket.com\\\/fr\\\/#\\\/schema\\\/logo\\\/image\\\/\"}}]}<\/script>\n<!-- \/ Yoast SEO plugin. -->","yoast_head_json":{"title":"Perfect Oils Teil 2 Kollektion - Graphimarket","description":"Diese Perfect Oils Part 2-Kollektion hat es einfacher denn je gemacht, traditionelle Maltechniken auf die digitale Leinwand anzuwenden.","robots":{"index":"index","follow":"follow","max-snippet":"max-snippet:-1","max-image-preview":"max-image-preview:large","max-video-preview":"max-video-preview:-1"},"canonical":"https:\/\/graphimarket.com\/de\/product\/perfect-oils-part-2-collection\/","og_locale":"de_DE","og_type":"article","og_title":"Perfect Oils Part 2 Collection - Graphimarket","og_description":"This\u00a0Perfect Oils Part 2 Collection\u00a0has made it easier than ever to take traditional painting techniques and apply them to the digital canvas.","og_url":"https:\/\/graphimarket.com\/de\/product\/perfect-oils-part-2-collection\/","og_site_name":"Graphimarket","article_modified_time":"2025-04-10T21:41:43+00:00","og_image":[{"width":768,"height":517,"url":"https:\/\/graphimarket.com\/wp-content\/uploads\/2021\/02\/cubebrush-\u2013-the-perfect-oils-part-2-\u2013-46-mixer-brushes.jpg","type":"image\/jpeg"}],"twitter_card":"summary_large_image","twitter_misc":{"Est. reading time":"1 minute"},"schema":{"@context":"https:\/\/schema.org","@graph":[{"@type":"WebPage","@id":"https:\/\/graphimarket.com\/product\/perfect-oils-part-2-collection\/","url":"https:\/\/graphimarket.com\/product\/perfect-oils-part-2-collection\/","name":"Perfect Oils Teil 2 Kollektion - Graphimarket","isPartOf":{"@id":"https:\/\/graphimarket.com\/fr\/#website"},"primaryImageOfPage":{"@id":"https:\/\/graphimarket.com\/product\/perfect-oils-part-2-collection\/#primaryimage"},"image":{"@id":"https:\/\/graphimarket.com\/product\/perfect-oils-part-2-collection\/#primaryimage"},"thumbnailUrl":"https:\/\/graphimarket.com\/wp-content\/uploads\/2021\/02\/cubebrush-\u2013-the-perfect-oils-part-2-\u2013-46-mixer-brushes.jpg","datePublished":"2021-02-04T17:09:26+00:00","dateModified":"2025-04-10T21:41:43+00:00","description":"Diese Perfect Oils Part 2-Kollektion hat es einfacher denn je gemacht, traditionelle Maltechniken auf die digitale Leinwand anzuwenden.","breadcrumb":{"@id":"https:\/\/graphimarket.com\/product\/perfect-oils-part-2-collection\/#breadcrumb"},"inLanguage":"de-DE","potentialAction":[{"@type":"ReadAction","target":["https:\/\/graphimarket.com\/product\/perfect-oils-part-2-collection\/"]}]},{"@type":"ImageObject","inLanguage":"de-DE","@id":"https:\/\/graphimarket.com\/product\/perfect-oils-part-2-collection\/#primaryimage","url":"https:\/\/graphimarket.com\/wp-content\/uploads\/2021\/02\/cubebrush-\u2013-the-perfect-oils-part-2-\u2013-46-mixer-brushes.jpg","contentUrl":"https:\/\/graphimarket.com\/wp-content\/uploads\/2021\/02\/cubebrush-\u2013-the-perfect-oils-part-2-\u2013-46-mixer-brushes.jpg","width":768,"height":517},{"@type":"BreadcrumbList","@id":"https:\/\/graphimarket.com\/product\/perfect-oils-part-2-collection\/#breadcrumb","itemListElement":[{"@type":"ListItem","position":1,"name":"Home","item":"https:\/\/graphimarket.com\/es\/"},{"@type":"ListItem","position":2,"name":"Store","item":"https:\/\/graphimarket.com\/store\/"},{"@type":"ListItem","position":3,"name":"Perfect Oils Part 2 Collection"}]},{"@type":"WebSite","@id":"https:\/\/graphimarket.com\/fr\/#website","url":"https:\/\/graphimarket.com\/fr\/","name":"Graphimarket","description":"Finden Sie das perfekte kreative Kapital, um Ihr Projekt zum Leben zu erwecken","publisher":{"@id":"https:\/\/graphimarket.com\/fr\/#organization"},"potentialAction":[{"@type":"SearchAction","target":{"@type":"EntryPoint","urlTemplate":"https:\/\/graphimarket.com\/fr\/?s={search_term_string}"},"query-input":{"@type":"PropertyValueSpecification","valueRequired":true,"valueName":"search_term_string"}}],"inLanguage":"de-DE"},{"@type":"Organization","@id":"https:\/\/graphimarket.com\/fr\/#organization","name":"Graphimarket","url":"https:\/\/graphimarket.com\/fr\/","logo":{"@type":"ImageObject","inLanguage":"de-DE","@id":"https:\/\/graphimarket.com\/fr\/#\/schema\/logo\/image\/","url":"https:\/\/graphimarket.com\/wp-content\/uploads\/2020\/08\/logo-48.png","contentUrl":"https:\/\/graphimarket.com\/wp-content\/uploads\/2020\/08\/logo-48.png","width":132,"height":48,"caption":"Graphimarket"},"image":{"@id":"https:\/\/graphimarket.com\/fr\/#\/schema\/logo\/image\/"}}]}},"_links":{"self":[{"href":"https:\/\/graphimarket.com\/de\/wp-json\/wp\/v2\/product\/15813","targetHints":{"allow":["GET"]}}],"collection":[{"href":"https:\/\/graphimarket.com\/de\/wp-json\/wp\/v2\/product"}],"about":[{"href":"https:\/\/graphimarket.com\/de\/wp-json\/wp\/v2\/types\/product"}],"replies":[{"embeddable":true,"href":"https:\/\/graphimarket.com\/de\/wp-json\/wp\/v2\/comments?post=15813"}],"version-history":[{"count":0,"href":"https:\/\/graphimarket.com\/de\/wp-json\/wp\/v2\/product\/15813\/revisions"}],"wp:featuredmedia":[{"embeddable":true,"href":"https:\/\/graphimarket.com\/de\/wp-json\/wp\/v2\/media\/15815"}],"wp:attachment":[{"href":"https:\/\/graphimarket.com\/de\/wp-json\/wp\/v2\/media?parent=15813"}],"wp:term":[{"taxonomy":"product_brand","embeddable":true,"href":"https:\/\/graphimarket.com\/de\/wp-json\/wp\/v2\/product_brand?post=15813"},{"taxonomy":"product_cat","embeddable":true,"href":"https:\/\/graphimarket.com\/de\/wp-json\/wp\/v2\/product_cat?post=15813"},{"taxonomy":"product_tag","embeddable":true,"href":"https:\/\/graphimarket.com\/de\/wp-json\/wp\/v2\/product_tag?post=15813"}],"curies":[{"name":"wp","href":"https:\/\/api.w.org\/{rel}","templated":true}]}}