{"id":15899,"date":"2021-02-16T18:25:46","date_gmt":"2021-02-16T17:25:46","guid":{"rendered":"https:\/\/graphimarket.com\/?post_type=product&#038;p=15899"},"modified":"2022-12-19T08:59:02","modified_gmt":"2022-12-19T07:59:02","slug":"new-bestsellers-plugins-bundle","status":"publish","type":"product","link":"https:\/\/graphimarket.com\/de\/product\/new-bestsellers-plugins-bundle\/","title":{"rendered":"Neues BestSeller-Plugins-Bundle"},"content":{"rendered":"<h2 id=\"item-description__easy-to-use-detailed-video-tutorials-and-guides\">Einfach zu verwenden! Detaillierte Video-Tutorials und Anleitungen<\/h2>\n<p>3 der erstaunlichsten kreativen Plugins f\u00fcr Adobe Photoshop! Holen Sie sich jetzt diese Photoshop ActionScripts, sie werden Teil Ihres t\u00e4glichen Workflows! Wenn Sie Photoshop und Fotomanipulation m\u00f6gen, ist dies ein Werkzeug, das Sie haben m\u00fcssen. Erstellen Sie erstaunliche Kunstwerke ausgehend von diesen vorgefertigten Effekten und f\u00fcgen Sie Ihre Note hinzu!<\/p>\n<p>&nbsp;<\/p>\n<h3><img fetchpriority=\"high\" decoding=\"async\" class=\"size-full wp-image-15900 aligncenter\" src=\"https:\/\/graphimarket.com\/wp-content\/uploads\/2021\/02\/Photoshop-Plugin-Actions-Artistic-Paint-Brush-free-scaled.jpg\" alt=\"\" width=\"459\" height=\"2560\" srcset=\"https:\/\/graphimarket.com\/wp-content\/uploads\/2021\/02\/Photoshop-Plugin-Actions-Artistic-Paint-Brush-free-scaled.jpg 459w, https:\/\/graphimarket.com\/wp-content\/uploads\/2021\/02\/Photoshop-Plugin-Actions-Artistic-Paint-Brush-free-54x300.jpg 54w, https:\/\/graphimarket.com\/wp-content\/uploads\/2021\/02\/Photoshop-Plugin-Actions-Artistic-Paint-Brush-free-367x2048.jpg 367w, https:\/\/graphimarket.com\/wp-content\/uploads\/2021\/02\/Photoshop-Plugin-Actions-Artistic-Paint-Brush-free-2x12.jpg 2w\" sizes=\"(max-width: 459px) 100vw, 459px\" \/><\/h3>\n<h3><\/h3>\n<h3><\/h3>\n<h3><\/h3>\n<h1 id=\"item-description__-real-paint-fx\" style=\"text-align: center;\">- Real Paint FX<\/h1>\n<p><img decoding=\"async\" class=\"size-full wp-image-15901 aligncenter\" src=\"https:\/\/graphimarket.com\/wp-content\/uploads\/2021\/02\/68747470733a2f2f6d69722d73332d63646e2d63662e626568616e63652e6e65742f70726f6a6563745f6d6f64756c65732f6d61785f313230302f36613534353337333333313132352e356330656261656532396334662e67696.gif\" alt=\"\" width=\"1000\" height=\"1498\" \/><\/p>\n<h1><\/h1>\n<h1 id=\"item-description__-escher-ribbon-fx\" style=\"text-align: center;\">- Escher Ribbon Fx<\/h1>\n<p><img decoding=\"async\" class=\"size-full wp-image-15904 aligncenter\" src=\"https:\/\/graphimarket.com\/wp-content\/uploads\/2021\/02\/68747470733a2f2f6d69722d73332d63646e2d63662e626568616e63652e6e65742f70726f6a6563745f6d6f64756c65732f6d61785f313230302f39653634336637323039393236352e356361663836306165666130332e67696.gif\" alt=\"\" width=\"1000\" height=\"1499\" \/><\/p>\n<p>&nbsp;<\/p>\n<h1><\/h1>\n<h1 id=\"item-description__-pencil-sketch-fx\" style=\"text-align: center;\">- Bleistiftskizze FX<\/h1>\n<p><img loading=\"lazy\" decoding=\"async\" class=\"size-full wp-image-15905 aligncenter\" src=\"https:\/\/graphimarket.com\/wp-content\/uploads\/2021\/02\/68747470733a2f2f6d69722d73332d63646e2d63662e626568616e63652e6e65742f70726f6a6563745f6d6f64756c65732f313430302f65393331636337363636373733392e356337336631316564383030662e6769663f5f633.gif\" alt=\"\" width=\"1400\" height=\"1796\" \/><\/p>\n<p>&nbsp;<\/p>","protected":false},"excerpt":{"rendered":"<p>Easy to Use! Detailed Video Tutorials and Guides 3 of the Most amazing Creative Plugins for Adobe Photoshop! Grab now these Photoshop ActionScripts, they will become part of your daily workflow! If you like Photoshop and photo manipulation this is a Tool you must have. Create amazing artworks starting from these premade effects and add [&hellip;]<\/p>\n","protected":false},"featured_media":15907,"comment_status":"open","ping_status":"closed","template":"","meta":{"site-sidebar-layout":"default","site-content-layout":"default","ast-site-content-layout":"default","site-content-style":"default","site-sidebar-style":"default","ast-global-header-display":"","ast-banner-title-visibility":"","ast-main-header-display":"","ast-hfb-above-header-display":"","ast-hfb-below-header-display":"","ast-hfb-mobile-header-display":"","site-post-title":"","ast-breadcrumbs-content":"","ast-featured-img":"","footer-sml-layout":"","ast-disable-related-posts":"","theme-transparent-header-meta":"default","adv-header-id-meta":"","stick-header-meta":"","header-above-stick-meta":"","header-main-stick-meta":"","header-below-stick-meta":"","astra-migrate-meta-layouts":"default","ast-page-background-enabled":"default","ast-page-background-meta":{"desktop":{"background-color":"","background-image":"","background-repeat":"repeat","background-position":"center center","background-size":"auto","background-attachment":"scroll","background-type":"","background-media":"","overlay-type":"","overlay-color":"","overlay-opacity":"","overlay-gradient":""},"tablet":{"background-color":"","background-image":"","background-repeat":"repeat","background-position":"center center","background-size":"auto","background-attachment":"scroll","background-type":"","background-media":"","overlay-type":"","overlay-color":"","overlay-opacity":"","overlay-gradient":""},"mobile":{"background-color":"","background-image":"","background-repeat":"repeat","background-position":"center center","background-size":"auto","background-attachment":"scroll","background-type":"","background-media":"","overlay-type":"","overlay-color":"","overlay-opacity":"","overlay-gradient":""}},"ast-content-background-meta":{"desktop":{"background-color":"var(--ast-global-color-5)","background-image":"","background-repeat":"repeat","background-position":"center center","background-size":"auto","background-attachment":"scroll","background-type":"","background-media":"","overlay-type":"","overlay-color":"","overlay-opacity":"","overlay-gradient":""},"tablet":{"background-color":"var(--ast-global-color-5)","background-image":"","background-repeat":"repeat","background-position":"center center","background-size":"auto","background-attachment":"scroll","background-type":"","background-media":"","overlay-type":"","overlay-color":"","overlay-opacity":"","overlay-gradient":""},"mobile":{"background-color":"var(--ast-global-color-5)","background-image":"","background-repeat":"repeat","background-position":"center center","background-size":"auto","background-attachment":"scroll","background-type":"","background-media":"","overlay-type":"","overlay-color":"","overlay-opacity":"","overlay-gradient":""}}},"product_brand":[],"product_cat":[97,1609,142,195,148],"product_tag":[238,1880,254,255,1881,390,616,257,1882,1339,408,1851,1883,1884,1885,1886,1887,1888,1396],"class_list":{"0":"post-15899","1":"product","2":"type-product","3":"status-publish","4":"has-post-thumbnail","6":"product_cat-addons","7":"product_cat-bundle","8":"product_cat-patterns","9":"product_cat-photoshop","10":"product_cat-plugins","11":"product_tag-actions","12":"product_tag-add-on","13":"product_tag-art","14":"product_tag-artistic","15":"product_tag-best-seller","16":"product_tag-canvas","17":"product_tag-classic","18":"product_tag-digital","19":"product_tag-digital-painting","20":"product_tag-dry","21":"product_tag-hdr","22":"product_tag-impressionist","23":"product_tag-oil-paint","24":"product_tag-paint-effect","25":"product_tag-painted-look","26":"product_tag-painting-action","27":"product_tag-painting-effect","28":"product_tag-photoshop-extension","29":"product_tag-trend","30":"desktop-align-left","31":"tablet-align-left","32":"mobile-align-left","34":"first","35":"instock","36":"sale","37":"downloadable","38":"virtual","39":"taxable","40":"purchasable","41":"product-type-simple"},"yoast_head":"<!-- This site is optimized with the Yoast SEO plugin v27.3 - https:\/\/yoast.com\/product\/yoast-seo-wordpress\/ -->\n<title>New BestSellers Plugins Bundle - Graphimarket<\/title>\n<meta name=\"description\" content=\"3 of the Most amazing Creative Plugins for Adobe Photoshop! Grab now these Photoshop ActionScripts, they will become part...\" \/>\n<meta name=\"robots\" content=\"index, follow, max-snippet:-1, max-image-preview:large, max-video-preview:-1\" \/>\n<link rel=\"canonical\" href=\"https:\/\/graphimarket.com\/de\/product\/new-bestsellers-plugins-bundle\/\" \/>\n<meta property=\"og:locale\" content=\"de_DE\" \/>\n<meta property=\"og:type\" content=\"article\" \/>\n<meta property=\"og:title\" content=\"New BestSellers Plugins Bundle - Graphimarket\" \/>\n<meta property=\"og:description\" content=\"3 of the Most amazing Creative Plugins for Adobe Photoshop! Grab now these Photoshop ActionScripts, they will become part...\" \/>\n<meta property=\"og:url\" content=\"https:\/\/graphimarket.com\/de\/product\/new-bestsellers-plugins-bundle\/\" \/>\n<meta property=\"og:site_name\" content=\"Graphimarket\" \/>\n<meta property=\"article:modified_time\" content=\"2022-12-19T07:59:02+00:00\" \/>\n<meta property=\"og:image\" content=\"https:\/\/graphimarket.com\/wp-content\/uploads\/2021\/02\/ezgif.com-gif-maker.png\" \/>\n\t<meta property=\"og:image:width\" content=\"450\" \/>\n\t<meta property=\"og:image:height\" content=\"300\" \/>\n\t<meta property=\"og:image:type\" content=\"image\/png\" \/>\n<meta name=\"twitter:card\" content=\"summary_large_image\" \/>\n<script type=\"application\/ld+json\" class=\"yoast-schema-graph\">{\"@context\":\"https:\\\/\\\/schema.org\",\"@graph\":[{\"@type\":\"WebPage\",\"@id\":\"https:\\\/\\\/graphimarket.com\\\/en\\\/product\\\/new-bestsellers-plugins-bundle\\\/\",\"url\":\"https:\\\/\\\/graphimarket.com\\\/en\\\/product\\\/new-bestsellers-plugins-bundle\\\/\",\"name\":\"New BestSellers Plugins Bundle - Graphimarket\",\"isPartOf\":{\"@id\":\"https:\\\/\\\/graphimarket.com\\\/fr\\\/#website\"},\"primaryImageOfPage\":{\"@id\":\"https:\\\/\\\/graphimarket.com\\\/en\\\/product\\\/new-bestsellers-plugins-bundle\\\/#primaryimage\"},\"image\":{\"@id\":\"https:\\\/\\\/graphimarket.com\\\/en\\\/product\\\/new-bestsellers-plugins-bundle\\\/#primaryimage\"},\"thumbnailUrl\":\"https:\\\/\\\/graphimarket.com\\\/wp-content\\\/uploads\\\/2021\\\/02\\\/ezgif.com-gif-maker.png\",\"datePublished\":\"2021-02-16T17:25:46+00:00\",\"dateModified\":\"2022-12-19T07:59:02+00:00\",\"description\":\"3 of the Most amazing Creative Plugins for Adobe Photoshop! Grab now these Photoshop ActionScripts, they will become part...\",\"breadcrumb\":{\"@id\":\"https:\\\/\\\/graphimarket.com\\\/en\\\/product\\\/new-bestsellers-plugins-bundle\\\/#breadcrumb\"},\"inLanguage\":\"de-DE\",\"potentialAction\":[{\"@type\":\"ReadAction\",\"target\":[\"https:\\\/\\\/graphimarket.com\\\/en\\\/product\\\/new-bestsellers-plugins-bundle\\\/\"]}]},{\"@type\":\"ImageObject\",\"inLanguage\":\"de-DE\",\"@id\":\"https:\\\/\\\/graphimarket.com\\\/en\\\/product\\\/new-bestsellers-plugins-bundle\\\/#primaryimage\",\"url\":\"https:\\\/\\\/graphimarket.com\\\/wp-content\\\/uploads\\\/2021\\\/02\\\/ezgif.com-gif-maker.png\",\"contentUrl\":\"https:\\\/\\\/graphimarket.com\\\/wp-content\\\/uploads\\\/2021\\\/02\\\/ezgif.com-gif-maker.png\",\"width\":450,\"height\":300},{\"@type\":\"BreadcrumbList\",\"@id\":\"https:\\\/\\\/graphimarket.com\\\/en\\\/product\\\/new-bestsellers-plugins-bundle\\\/#breadcrumb\",\"itemListElement\":[{\"@type\":\"ListItem\",\"position\":1,\"name\":\"Home\",\"item\":\"https:\\\/\\\/graphimarket.com\\\/es\\\/\"},{\"@type\":\"ListItem\",\"position\":2,\"name\":\"Store\",\"item\":\"https:\\\/\\\/graphimarket.com\\\/store\\\/\"},{\"@type\":\"ListItem\",\"position\":3,\"name\":\"New BestSellers Plugins Bundle\"}]},{\"@type\":\"WebSite\",\"@id\":\"https:\\\/\\\/graphimarket.com\\\/fr\\\/#website\",\"url\":\"https:\\\/\\\/graphimarket.com\\\/fr\\\/\",\"name\":\"Graphimarket\",\"description\":\"Find the perfect creative asset to bring your project to life\",\"publisher\":{\"@id\":\"https:\\\/\\\/graphimarket.com\\\/fr\\\/#organization\"},\"potentialAction\":[{\"@type\":\"SearchAction\",\"target\":{\"@type\":\"EntryPoint\",\"urlTemplate\":\"https:\\\/\\\/graphimarket.com\\\/fr\\\/?s={search_term_string}\"},\"query-input\":{\"@type\":\"PropertyValueSpecification\",\"valueRequired\":true,\"valueName\":\"search_term_string\"}}],\"inLanguage\":\"de-DE\"},{\"@type\":\"Organization\",\"@id\":\"https:\\\/\\\/graphimarket.com\\\/fr\\\/#organization\",\"name\":\"Graphimarket\",\"url\":\"https:\\\/\\\/graphimarket.com\\\/fr\\\/\",\"logo\":{\"@type\":\"ImageObject\",\"inLanguage\":\"de-DE\",\"@id\":\"https:\\\/\\\/graphimarket.com\\\/fr\\\/#\\\/schema\\\/logo\\\/image\\\/\",\"url\":\"https:\\\/\\\/graphimarket.com\\\/wp-content\\\/uploads\\\/2020\\\/08\\\/logo-48.png\",\"contentUrl\":\"https:\\\/\\\/graphimarket.com\\\/wp-content\\\/uploads\\\/2020\\\/08\\\/logo-48.png\",\"width\":132,\"height\":48,\"caption\":\"Graphimarket\"},\"image\":{\"@id\":\"https:\\\/\\\/graphimarket.com\\\/fr\\\/#\\\/schema\\\/logo\\\/image\\\/\"}}]}<\/script>\n<!-- \/ Yoast SEO plugin. -->","yoast_head_json":{"title":"Neues BestSeller-Plugins-Bundle - Graphimarket","description":"3 der erstaunlichsten kreativen Plugins f\u00fcr Adobe Photoshop! Holen Sie sich jetzt diese Photoshop ActionScripts, sie werden Teil ...","robots":{"index":"index","follow":"follow","max-snippet":"max-snippet:-1","max-image-preview":"max-image-preview:large","max-video-preview":"max-video-preview:-1"},"canonical":"https:\/\/graphimarket.com\/de\/product\/new-bestsellers-plugins-bundle\/","og_locale":"de_DE","og_type":"article","og_title":"New BestSellers Plugins Bundle - Graphimarket","og_description":"3 of the Most amazing Creative Plugins for Adobe Photoshop! Grab now these Photoshop ActionScripts, they will become part...","og_url":"https:\/\/graphimarket.com\/de\/product\/new-bestsellers-plugins-bundle\/","og_site_name":"Graphimarket","article_modified_time":"2022-12-19T07:59:02+00:00","og_image":[{"width":450,"height":300,"url":"https:\/\/graphimarket.com\/wp-content\/uploads\/2021\/02\/ezgif.com-gif-maker.png","type":"image\/png"}],"twitter_card":"summary_large_image","schema":{"@context":"https:\/\/schema.org","@graph":[{"@type":"WebPage","@id":"https:\/\/graphimarket.com\/en\/product\/new-bestsellers-plugins-bundle\/","url":"https:\/\/graphimarket.com\/en\/product\/new-bestsellers-plugins-bundle\/","name":"Neues BestSeller-Plugins-Bundle - Graphimarket","isPartOf":{"@id":"https:\/\/graphimarket.com\/fr\/#website"},"primaryImageOfPage":{"@id":"https:\/\/graphimarket.com\/en\/product\/new-bestsellers-plugins-bundle\/#primaryimage"},"image":{"@id":"https:\/\/graphimarket.com\/en\/product\/new-bestsellers-plugins-bundle\/#primaryimage"},"thumbnailUrl":"https:\/\/graphimarket.com\/wp-content\/uploads\/2021\/02\/ezgif.com-gif-maker.png","datePublished":"2021-02-16T17:25:46+00:00","dateModified":"2022-12-19T07:59:02+00:00","description":"3 der erstaunlichsten kreativen Plugins f\u00fcr Adobe Photoshop! Holen Sie sich jetzt diese Photoshop ActionScripts, sie werden Teil ...","breadcrumb":{"@id":"https:\/\/graphimarket.com\/en\/product\/new-bestsellers-plugins-bundle\/#breadcrumb"},"inLanguage":"de-DE","potentialAction":[{"@type":"ReadAction","target":["https:\/\/graphimarket.com\/en\/product\/new-bestsellers-plugins-bundle\/"]}]},{"@type":"ImageObject","inLanguage":"de-DE","@id":"https:\/\/graphimarket.com\/en\/product\/new-bestsellers-plugins-bundle\/#primaryimage","url":"https:\/\/graphimarket.com\/wp-content\/uploads\/2021\/02\/ezgif.com-gif-maker.png","contentUrl":"https:\/\/graphimarket.com\/wp-content\/uploads\/2021\/02\/ezgif.com-gif-maker.png","width":450,"height":300},{"@type":"BreadcrumbList","@id":"https:\/\/graphimarket.com\/en\/product\/new-bestsellers-plugins-bundle\/#breadcrumb","itemListElement":[{"@type":"ListItem","position":1,"name":"Home","item":"https:\/\/graphimarket.com\/es\/"},{"@type":"ListItem","position":2,"name":"Store","item":"https:\/\/graphimarket.com\/store\/"},{"@type":"ListItem","position":3,"name":"New BestSellers Plugins Bundle"}]},{"@type":"WebSite","@id":"https:\/\/graphimarket.com\/fr\/#website","url":"https:\/\/graphimarket.com\/fr\/","name":"Graphimarket","description":"Finden Sie das perfekte kreative Kapital, um Ihr Projekt zum Leben zu erwecken","publisher":{"@id":"https:\/\/graphimarket.com\/fr\/#organization"},"potentialAction":[{"@type":"SearchAction","target":{"@type":"EntryPoint","urlTemplate":"https:\/\/graphimarket.com\/fr\/?s={search_term_string}"},"query-input":{"@type":"PropertyValueSpecification","valueRequired":true,"valueName":"search_term_string"}}],"inLanguage":"de-DE"},{"@type":"Organization","@id":"https:\/\/graphimarket.com\/fr\/#organization","name":"Graphimarket","url":"https:\/\/graphimarket.com\/fr\/","logo":{"@type":"ImageObject","inLanguage":"de-DE","@id":"https:\/\/graphimarket.com\/fr\/#\/schema\/logo\/image\/","url":"https:\/\/graphimarket.com\/wp-content\/uploads\/2020\/08\/logo-48.png","contentUrl":"https:\/\/graphimarket.com\/wp-content\/uploads\/2020\/08\/logo-48.png","width":132,"height":48,"caption":"Graphimarket"},"image":{"@id":"https:\/\/graphimarket.com\/fr\/#\/schema\/logo\/image\/"}}]}},"_links":{"self":[{"href":"https:\/\/graphimarket.com\/de\/wp-json\/wp\/v2\/product\/15899","targetHints":{"allow":["GET"]}}],"collection":[{"href":"https:\/\/graphimarket.com\/de\/wp-json\/wp\/v2\/product"}],"about":[{"href":"https:\/\/graphimarket.com\/de\/wp-json\/wp\/v2\/types\/product"}],"replies":[{"embeddable":true,"href":"https:\/\/graphimarket.com\/de\/wp-json\/wp\/v2\/comments?post=15899"}],"version-history":[{"count":0,"href":"https:\/\/graphimarket.com\/de\/wp-json\/wp\/v2\/product\/15899\/revisions"}],"wp:featuredmedia":[{"embeddable":true,"href":"https:\/\/graphimarket.com\/de\/wp-json\/wp\/v2\/media\/15907"}],"wp:attachment":[{"href":"https:\/\/graphimarket.com\/de\/wp-json\/wp\/v2\/media?parent=15899"}],"wp:term":[{"taxonomy":"product_brand","embeddable":true,"href":"https:\/\/graphimarket.com\/de\/wp-json\/wp\/v2\/product_brand?post=15899"},{"taxonomy":"product_cat","embeddable":true,"href":"https:\/\/graphimarket.com\/de\/wp-json\/wp\/v2\/product_cat?post=15899"},{"taxonomy":"product_tag","embeddable":true,"href":"https:\/\/graphimarket.com\/de\/wp-json\/wp\/v2\/product_tag?post=15899"}],"curies":[{"name":"wp","href":"https:\/\/api.w.org\/{rel}","templated":true}]}}