{"id":16083,"date":"2021-03-11T17:47:17","date_gmt":"2021-03-11T16:47:17","guid":{"rendered":"https:\/\/graphimarket.com\/?post_type=product&#038;p=16083"},"modified":"2022-12-19T08:57:34","modified_gmt":"2022-12-19T07:57:34","slug":"hyperfuze-photoshop-action","status":"publish","type":"product","link":"https:\/\/graphimarket.com\/de\/product\/hyperfuze-photoshop-action\/","title":{"rendered":"HyperFuze Photoshop-Aktion"},"content":{"rendered":"<h2 id=\"item-description__hyperfuze-photoshop-action\">HyperFuze Photoshop-Aktion<\/h2>\n<p>Create high detailed professional designs from your photos! You simply load up your photo, brush where you want the effect to appear and hit play on the action. You then have complete layer control \u2013 duplicate elements, rotate, scale them to build an even more detailed design.<\/p>\n<p>The action has been tested and working on Photoshop (English version only) CS3,CS4,CS5,CS6,CC,CC 2015.5, CC 2017, CC 2018, CC 2019+.<\/p>\n<p><strong style=\"font-size: 16px;\">Wichtig zu wissen<\/strong><\/p>\n<ul>\n<li>Stellen Sie sicher, dass Sie die verwenden\u00a0<a href=\"https:\/\/graphimarket.com\/de\/2021\/01\/12\/change-the-language-of-your-creative-cloud-apps\/\" target=\"_blank\" rel=\"noopener\">Englische Version von Photoshop<\/a>\u00a0um die Aktion auszuf\u00fchren. Alle Sevenstyles-Aktionen funktionieren nur in der englischen Version von Photoshop.<\/li>\n<\/ul>\n<ul>\n<li>\u00dcberpr\u00fcfen Sie, ob Sie eine von der Aktion unterst\u00fctzte Version von Photoshop verwenden.<\/li>\n<\/ul>\n<ul>\n<li>Verwenden Sie mit der Aktion hochaufl\u00f6sende Fotos, um die besten Ergebnisse zu erzielen und Fehler zu vermeiden. Eine optimale Fotoaufl\u00f6sung liegt zwischen 2000px und 4500px.<\/li>\n<\/ul>\n<ul>\n<li>Mit Adobe Creative Cloud k\u00f6nnen Sie installieren\u00a0<a href=\"https:\/\/graphimarket.com\/de\/2021\/01\/12\/how-to-install-previous-versions-of-your-creative-cloud-apps\/\" target=\"_blank\" rel=\"noopener\">mehrere Versionen von Photoshop<\/a>. Wenn Ihnen diese Aktion gef\u00e4llt, sie jedoch in Ihrer Photoshop-Version nicht unterst\u00fctzt wird, k\u00f6nnen Sie jederzeit eine zus\u00e4tzliche Version von Photoshop installieren, um die Aktion auszuf\u00fchren. Sobald eine Aktion getestet wurde und an einer Version von Photoshop arbeitet, funktioniert sie f\u00fcr immer.<\/li>\n<\/ul>\n<ul>\n<li>Verwenden Sie JPEG-Bilder, um die Aktion auszuf\u00fchren. Andere Dateitypen wie TIFF, BMP, PNG, PSD k\u00f6nnen Probleme mit Aktionen verursachen, da Photoshop verschiedene Funktionen f\u00fcr verschiedene Dateitypen deaktiviert.<\/li>\n<\/ul>\n<ul>\n<li>Wenn eine Sevenstyles-Aktion eine Pinsel- (.abr), Muster- (.pat) oder Shapes- (.csh) Datei im Download enth\u00e4lt, muss sie vor dem Abspielen der Aktion in Photoshop geladen werden.<\/li>\n<\/ul>\n<ul>\n<li>Vermeiden Sie die Verwendung der Aktion f\u00fcr Logos oder Bilder im ClipArt-Stil, da der Mangel an Details und Farbkontrasten zu Fehlern f\u00fchren kann.<\/li>\n<\/ul>\n<p>&nbsp;<\/p>\n<p><img fetchpriority=\"high\" decoding=\"async\" class=\"size-full wp-image-16084\" src=\"https:\/\/graphimarket.com\/wp-content\/uploads\/2021\/03\/12a.jpg\" alt=\"\" width=\"796\" height=\"1195\" srcset=\"https:\/\/graphimarket.com\/wp-content\/uploads\/2021\/03\/12a.jpg 796w, https:\/\/graphimarket.com\/wp-content\/uploads\/2021\/03\/12a-200x300.jpg 200w, https:\/\/graphimarket.com\/wp-content\/uploads\/2021\/03\/12a-682x1024.jpg 682w, https:\/\/graphimarket.com\/wp-content\/uploads\/2021\/03\/12a-768x1153.jpg 768w, https:\/\/graphimarket.com\/wp-content\/uploads\/2021\/03\/12a-8x12.jpg 8w, https:\/\/graphimarket.com\/wp-content\/uploads\/2021\/03\/12a-600x901.jpg 600w\" sizes=\"(max-width: 796px) 100vw, 796px\" \/><\/p>\n<p><img decoding=\"async\" class=\"size-full wp-image-16085\" src=\"https:\/\/graphimarket.com\/wp-content\/uploads\/2021\/03\/13d.jpg\" alt=\"\" width=\"998\" height=\"1064\" srcset=\"https:\/\/graphimarket.com\/wp-content\/uploads\/2021\/03\/13d.jpg 998w, https:\/\/graphimarket.com\/wp-content\/uploads\/2021\/03\/13d-281x300.jpg 281w, https:\/\/graphimarket.com\/wp-content\/uploads\/2021\/03\/13d-960x1024.jpg 960w, https:\/\/graphimarket.com\/wp-content\/uploads\/2021\/03\/13d-768x819.jpg 768w, https:\/\/graphimarket.com\/wp-content\/uploads\/2021\/03\/13d-11x12.jpg 11w, https:\/\/graphimarket.com\/wp-content\/uploads\/2021\/03\/13d-600x640.jpg 600w\" sizes=\"(max-width: 998px) 100vw, 998px\" \/><\/p>\n<p><img decoding=\"async\" class=\"alignnone size-full wp-image-16086\" src=\"https:\/\/graphimarket.com\/wp-content\/uploads\/2021\/03\/14d.jpg\" alt=\"\" width=\"1061\" height=\"1115\" srcset=\"https:\/\/graphimarket.com\/wp-content\/uploads\/2021\/03\/14d.jpg 1061w, https:\/\/graphimarket.com\/wp-content\/uploads\/2021\/03\/14d-285x300.jpg 285w, https:\/\/graphimarket.com\/wp-content\/uploads\/2021\/03\/14d-974x1024.jpg 974w, https:\/\/graphimarket.com\/wp-content\/uploads\/2021\/03\/14d-768x807.jpg 768w, https:\/\/graphimarket.com\/wp-content\/uploads\/2021\/03\/14d-11x12.jpg 11w, https:\/\/graphimarket.com\/wp-content\/uploads\/2021\/03\/14d-600x631.jpg 600w\" sizes=\"(max-width: 1061px) 100vw, 1061px\" \/><\/p>\n<p><img loading=\"lazy\" decoding=\"async\" class=\"alignnone size-full wp-image-16087\" src=\"https:\/\/graphimarket.com\/wp-content\/uploads\/2021\/03\/15d.jpg\" alt=\"\" width=\"1142\" height=\"1725\" srcset=\"https:\/\/graphimarket.com\/wp-content\/uploads\/2021\/03\/15d.jpg 1142w, https:\/\/graphimarket.com\/wp-content\/uploads\/2021\/03\/15d-199x300.jpg 199w, https:\/\/graphimarket.com\/wp-content\/uploads\/2021\/03\/15d-678x1024.jpg 678w, https:\/\/graphimarket.com\/wp-content\/uploads\/2021\/03\/15d-768x1160.jpg 768w, https:\/\/graphimarket.com\/wp-content\/uploads\/2021\/03\/15d-1017x1536.jpg 1017w, https:\/\/graphimarket.com\/wp-content\/uploads\/2021\/03\/15d-8x12.jpg 8w, https:\/\/graphimarket.com\/wp-content\/uploads\/2021\/03\/15d-600x906.jpg 600w\" sizes=\"(max-width: 1142px) 100vw, 1142px\" \/><\/p>\n<p><img loading=\"lazy\" decoding=\"async\" class=\"size-full wp-image-16090\" src=\"https:\/\/graphimarket.com\/wp-content\/uploads\/2021\/03\/2a.jpg\" alt=\"\" width=\"1141\" height=\"1540\" srcset=\"https:\/\/graphimarket.com\/wp-content\/uploads\/2021\/03\/2a.jpg 1141w, https:\/\/graphimarket.com\/wp-content\/uploads\/2021\/03\/2a-222x300.jpg 222w, https:\/\/graphimarket.com\/wp-content\/uploads\/2021\/03\/2a-759x1024.jpg 759w, https:\/\/graphimarket.com\/wp-content\/uploads\/2021\/03\/2a-768x1037.jpg 768w, https:\/\/graphimarket.com\/wp-content\/uploads\/2021\/03\/2a-1138x1536.jpg 1138w, https:\/\/graphimarket.com\/wp-content\/uploads\/2021\/03\/2a-9x12.jpg 9w, https:\/\/graphimarket.com\/wp-content\/uploads\/2021\/03\/2a-600x810.jpg 600w\" sizes=\"(max-width: 1141px) 100vw, 1141px\" \/><\/p>\n<p><img loading=\"lazy\" decoding=\"async\" class=\"alignnone size-full wp-image-16088\" src=\"https:\/\/graphimarket.com\/wp-content\/uploads\/2021\/03\/16d.jpg\" alt=\"\" width=\"1153\" height=\"1730\" srcset=\"https:\/\/graphimarket.com\/wp-content\/uploads\/2021\/03\/16d.jpg 1153w, https:\/\/graphimarket.com\/wp-content\/uploads\/2021\/03\/16d-200x300.jpg 200w, https:\/\/graphimarket.com\/wp-content\/uploads\/2021\/03\/16d-682x1024.jpg 682w, https:\/\/graphimarket.com\/wp-content\/uploads\/2021\/03\/16d-768x1152.jpg 768w, https:\/\/graphimarket.com\/wp-content\/uploads\/2021\/03\/16d-1024x1536.jpg 1024w, https:\/\/graphimarket.com\/wp-content\/uploads\/2021\/03\/16d-8x12.jpg 8w, https:\/\/graphimarket.com\/wp-content\/uploads\/2021\/03\/16d-600x900.jpg 600w\" sizes=\"(max-width: 1153px) 100vw, 1153px\" \/><\/p>\n<p><img loading=\"lazy\" decoding=\"async\" class=\"size-full wp-image-16091\" src=\"https:\/\/graphimarket.com\/wp-content\/uploads\/2021\/03\/1.jpg\" alt=\"\" width=\"1749\" height=\"1380\" srcset=\"https:\/\/graphimarket.com\/wp-content\/uploads\/2021\/03\/1.jpg 1749w, https:\/\/graphimarket.com\/wp-content\/uploads\/2021\/03\/1-300x237.jpg 300w, https:\/\/graphimarket.com\/wp-content\/uploads\/2021\/03\/1-1024x808.jpg 1024w, https:\/\/graphimarket.com\/wp-content\/uploads\/2021\/03\/1-768x606.jpg 768w, https:\/\/graphimarket.com\/wp-content\/uploads\/2021\/03\/1-1536x1212.jpg 1536w, https:\/\/graphimarket.com\/wp-content\/uploads\/2021\/03\/1-16x12.jpg 16w, https:\/\/graphimarket.com\/wp-content\/uploads\/2021\/03\/1-1320x1042.jpg 1320w, https:\/\/graphimarket.com\/wp-content\/uploads\/2021\/03\/1-600x473.jpg 600w\" sizes=\"(max-width: 1749px) 100vw, 1749px\" \/><\/p>\n<p>&nbsp;<\/p>","protected":false},"excerpt":{"rendered":"<p>HyperFuze Photoshop Action Create high detailed professional designs from your photos! You simply load up your photo, brush where you want the effect to appear and hit play on the action. You then have complete layer control \u2013 duplicate elements, rotate, scale them to build an even more detailed design. The action has been tested [&hellip;]<\/p>\n","protected":false},"featured_media":16085,"comment_status":"open","ping_status":"closed","template":"","meta":{"site-sidebar-layout":"default","site-content-layout":"default","ast-site-content-layout":"default","site-content-style":"default","site-sidebar-style":"default","ast-global-header-display":"","ast-banner-title-visibility":"","ast-main-header-display":"","ast-hfb-above-header-display":"","ast-hfb-below-header-display":"","ast-hfb-mobile-header-display":"","site-post-title":"","ast-breadcrumbs-content":"","ast-featured-img":"","footer-sml-layout":"","ast-disable-related-posts":"","theme-transparent-header-meta":"default","adv-header-id-meta":"","stick-header-meta":"","header-above-stick-meta":"","header-main-stick-meta":"","header-below-stick-meta":"","astra-migrate-meta-layouts":"default","ast-page-background-enabled":"default","ast-page-background-meta":{"desktop":{"background-color":"","background-image":"","background-repeat":"repeat","background-position":"center center","background-size":"auto","background-attachment":"scroll","background-type":"","background-media":"","overlay-type":"","overlay-color":"","overlay-opacity":"","overlay-gradient":""},"tablet":{"background-color":"","background-image":"","background-repeat":"repeat","background-position":"center center","background-size":"auto","background-attachment":"scroll","background-type":"","background-media":"","overlay-type":"","overlay-color":"","overlay-opacity":"","overlay-gradient":""},"mobile":{"background-color":"","background-image":"","background-repeat":"repeat","background-position":"center center","background-size":"auto","background-attachment":"scroll","background-type":"","background-media":"","overlay-type":"","overlay-color":"","overlay-opacity":"","overlay-gradient":""}},"ast-content-background-meta":{"desktop":{"background-color":"var(--ast-global-color-5)","background-image":"","background-repeat":"repeat","background-position":"center center","background-size":"auto","background-attachment":"scroll","background-type":"","background-media":"","overlay-type":"","overlay-color":"","overlay-opacity":"","overlay-gradient":""},"tablet":{"background-color":"var(--ast-global-color-5)","background-image":"","background-repeat":"repeat","background-position":"center center","background-size":"auto","background-attachment":"scroll","background-type":"","background-media":"","overlay-type":"","overlay-color":"","overlay-opacity":"","overlay-gradient":""},"mobile":{"background-color":"var(--ast-global-color-5)","background-image":"","background-repeat":"repeat","background-position":"center center","background-size":"auto","background-attachment":"scroll","background-type":"","background-media":"","overlay-type":"","overlay-color":"","overlay-opacity":"","overlay-gradient":""}}},"product_brand":[],"product_cat":[196,144,195,146],"product_tag":[292,1386,1897,1890,957,62,240],"class_list":{"0":"post-16083","1":"product","2":"type-product","3":"status-publish","4":"has-post-thumbnail","6":"product_cat-actions","7":"product_cat-photo-editor","8":"product_cat-photoshop","9":"product_cat-photoshop-action","10":"product_tag-action","11":"product_tag-adobe","12":"product_tag-editor","13":"product_tag-mac","14":"product_tag-microsoft","15":"product_tag-photoshop","16":"product_tag-ps","17":"desktop-align-left","18":"tablet-align-left","19":"mobile-align-left","21":"first","22":"instock","23":"downloadable","24":"virtual","25":"taxable","26":"purchasable","27":"product-type-simple"},"yoast_head":"<!-- This site is optimized with the Yoast SEO plugin v27.3 - https:\/\/yoast.com\/product\/yoast-seo-wordpress\/ -->\n<title>HyperFuze Photoshop Action - Graphimarket<\/title>\n<meta name=\"description\" content=\"Create high detailed professional designs from your photos! You simply load up your photo, brush where you want the effect...\" \/>\n<meta name=\"robots\" content=\"index, follow, max-snippet:-1, max-image-preview:large, max-video-preview:-1\" \/>\n<link rel=\"canonical\" href=\"https:\/\/graphimarket.com\/de\/product\/hyperfuze-photoshop-action\/\" \/>\n<meta property=\"og:locale\" content=\"de_DE\" \/>\n<meta property=\"og:type\" content=\"article\" \/>\n<meta property=\"og:title\" content=\"HyperFuze Photoshop Action - Graphimarket\" \/>\n<meta property=\"og:description\" content=\"Create high detailed professional designs from your photos! You simply load up your photo, brush where you want the effect...\" \/>\n<meta property=\"og:url\" content=\"https:\/\/graphimarket.com\/de\/product\/hyperfuze-photoshop-action\/\" \/>\n<meta property=\"og:site_name\" content=\"Graphimarket\" \/>\n<meta property=\"article:modified_time\" content=\"2022-12-19T07:57:34+00:00\" \/>\n<meta property=\"og:image\" content=\"https:\/\/graphimarket.com\/wp-content\/uploads\/2021\/03\/13d.jpg\" \/>\n\t<meta property=\"og:image:width\" content=\"998\" \/>\n\t<meta property=\"og:image:height\" content=\"1064\" \/>\n\t<meta property=\"og:image:type\" content=\"image\/jpeg\" \/>\n<meta name=\"twitter:card\" content=\"summary_large_image\" \/>\n<meta name=\"twitter:label1\" content=\"Est. reading time\" \/>\n\t<meta name=\"twitter:data1\" content=\"1 minute\" \/>\n<script type=\"application\/ld+json\" class=\"yoast-schema-graph\">{\"@context\":\"https:\\\/\\\/schema.org\",\"@graph\":[{\"@type\":\"WebPage\",\"@id\":\"https:\\\/\\\/graphimarket.com\\\/product\\\/hyperfuze-photoshop-action\\\/\",\"url\":\"https:\\\/\\\/graphimarket.com\\\/product\\\/hyperfuze-photoshop-action\\\/\",\"name\":\"HyperFuze Photoshop Action - Graphimarket\",\"isPartOf\":{\"@id\":\"https:\\\/\\\/graphimarket.com\\\/fr\\\/#website\"},\"primaryImageOfPage\":{\"@id\":\"https:\\\/\\\/graphimarket.com\\\/product\\\/hyperfuze-photoshop-action\\\/#primaryimage\"},\"image\":{\"@id\":\"https:\\\/\\\/graphimarket.com\\\/product\\\/hyperfuze-photoshop-action\\\/#primaryimage\"},\"thumbnailUrl\":\"https:\\\/\\\/graphimarket.com\\\/wp-content\\\/uploads\\\/2021\\\/03\\\/13d.jpg\",\"datePublished\":\"2021-03-11T16:47:17+00:00\",\"dateModified\":\"2022-12-19T07:57:34+00:00\",\"description\":\"Create high detailed professional designs from your photos! You simply load up your photo, brush where you want the effect...\",\"breadcrumb\":{\"@id\":\"https:\\\/\\\/graphimarket.com\\\/product\\\/hyperfuze-photoshop-action\\\/#breadcrumb\"},\"inLanguage\":\"de-DE\",\"potentialAction\":[{\"@type\":\"ReadAction\",\"target\":[\"https:\\\/\\\/graphimarket.com\\\/product\\\/hyperfuze-photoshop-action\\\/\"]}]},{\"@type\":\"ImageObject\",\"inLanguage\":\"de-DE\",\"@id\":\"https:\\\/\\\/graphimarket.com\\\/product\\\/hyperfuze-photoshop-action\\\/#primaryimage\",\"url\":\"https:\\\/\\\/graphimarket.com\\\/wp-content\\\/uploads\\\/2021\\\/03\\\/13d.jpg\",\"contentUrl\":\"https:\\\/\\\/graphimarket.com\\\/wp-content\\\/uploads\\\/2021\\\/03\\\/13d.jpg\",\"width\":998,\"height\":1064,\"caption\":\"Mass Image Compressor Compressed this image. https:\\\/\\\/sourceforge.net\\\/projects\\\/icompress\\\/ with Quality:84\"},{\"@type\":\"BreadcrumbList\",\"@id\":\"https:\\\/\\\/graphimarket.com\\\/product\\\/hyperfuze-photoshop-action\\\/#breadcrumb\",\"itemListElement\":[{\"@type\":\"ListItem\",\"position\":1,\"name\":\"Home\",\"item\":\"https:\\\/\\\/graphimarket.com\\\/es\\\/\"},{\"@type\":\"ListItem\",\"position\":2,\"name\":\"Store\",\"item\":\"https:\\\/\\\/graphimarket.com\\\/store\\\/\"},{\"@type\":\"ListItem\",\"position\":3,\"name\":\"HyperFuze Photoshop Action\"}]},{\"@type\":\"WebSite\",\"@id\":\"https:\\\/\\\/graphimarket.com\\\/fr\\\/#website\",\"url\":\"https:\\\/\\\/graphimarket.com\\\/fr\\\/\",\"name\":\"Graphimarket\",\"description\":\"Find the perfect creative asset to bring your project to life\",\"publisher\":{\"@id\":\"https:\\\/\\\/graphimarket.com\\\/fr\\\/#organization\"},\"potentialAction\":[{\"@type\":\"SearchAction\",\"target\":{\"@type\":\"EntryPoint\",\"urlTemplate\":\"https:\\\/\\\/graphimarket.com\\\/fr\\\/?s={search_term_string}\"},\"query-input\":{\"@type\":\"PropertyValueSpecification\",\"valueRequired\":true,\"valueName\":\"search_term_string\"}}],\"inLanguage\":\"de-DE\"},{\"@type\":\"Organization\",\"@id\":\"https:\\\/\\\/graphimarket.com\\\/fr\\\/#organization\",\"name\":\"Graphimarket\",\"url\":\"https:\\\/\\\/graphimarket.com\\\/fr\\\/\",\"logo\":{\"@type\":\"ImageObject\",\"inLanguage\":\"de-DE\",\"@id\":\"https:\\\/\\\/graphimarket.com\\\/fr\\\/#\\\/schema\\\/logo\\\/image\\\/\",\"url\":\"https:\\\/\\\/graphimarket.com\\\/wp-content\\\/uploads\\\/2020\\\/08\\\/logo-48.png\",\"contentUrl\":\"https:\\\/\\\/graphimarket.com\\\/wp-content\\\/uploads\\\/2020\\\/08\\\/logo-48.png\",\"width\":132,\"height\":48,\"caption\":\"Graphimarket\"},\"image\":{\"@id\":\"https:\\\/\\\/graphimarket.com\\\/fr\\\/#\\\/schema\\\/logo\\\/image\\\/\"}}]}<\/script>\n<!-- \/ Yoast SEO plugin. -->","yoast_head_json":{"title":"HyperFuze Photoshop Action - Graphimarket","description":"Create high detailed professional designs from your photos! You simply load up your photo, brush where you want the effect...","robots":{"index":"index","follow":"follow","max-snippet":"max-snippet:-1","max-image-preview":"max-image-preview:large","max-video-preview":"max-video-preview:-1"},"canonical":"https:\/\/graphimarket.com\/de\/product\/hyperfuze-photoshop-action\/","og_locale":"de_DE","og_type":"article","og_title":"HyperFuze Photoshop Action - Graphimarket","og_description":"Create high detailed professional designs from your photos! You simply load up your photo, brush where you want the effect...","og_url":"https:\/\/graphimarket.com\/de\/product\/hyperfuze-photoshop-action\/","og_site_name":"Graphimarket","article_modified_time":"2022-12-19T07:57:34+00:00","og_image":[{"width":998,"height":1064,"url":"https:\/\/graphimarket.com\/wp-content\/uploads\/2021\/03\/13d.jpg","type":"image\/jpeg"}],"twitter_card":"summary_large_image","twitter_misc":{"Est. reading time":"1 minute"},"schema":{"@context":"https:\/\/schema.org","@graph":[{"@type":"WebPage","@id":"https:\/\/graphimarket.com\/product\/hyperfuze-photoshop-action\/","url":"https:\/\/graphimarket.com\/product\/hyperfuze-photoshop-action\/","name":"HyperFuze Photoshop Action - Graphimarket","isPartOf":{"@id":"https:\/\/graphimarket.com\/fr\/#website"},"primaryImageOfPage":{"@id":"https:\/\/graphimarket.com\/product\/hyperfuze-photoshop-action\/#primaryimage"},"image":{"@id":"https:\/\/graphimarket.com\/product\/hyperfuze-photoshop-action\/#primaryimage"},"thumbnailUrl":"https:\/\/graphimarket.com\/wp-content\/uploads\/2021\/03\/13d.jpg","datePublished":"2021-03-11T16:47:17+00:00","dateModified":"2022-12-19T07:57:34+00:00","description":"Create high detailed professional designs from your photos! You simply load up your photo, brush where you want the effect...","breadcrumb":{"@id":"https:\/\/graphimarket.com\/product\/hyperfuze-photoshop-action\/#breadcrumb"},"inLanguage":"de-DE","potentialAction":[{"@type":"ReadAction","target":["https:\/\/graphimarket.com\/product\/hyperfuze-photoshop-action\/"]}]},{"@type":"ImageObject","inLanguage":"de-DE","@id":"https:\/\/graphimarket.com\/product\/hyperfuze-photoshop-action\/#primaryimage","url":"https:\/\/graphimarket.com\/wp-content\/uploads\/2021\/03\/13d.jpg","contentUrl":"https:\/\/graphimarket.com\/wp-content\/uploads\/2021\/03\/13d.jpg","width":998,"height":1064,"caption":"Mass Image Compressor Compressed this image. https:\/\/sourceforge.net\/projects\/icompress\/ with Quality:84"},{"@type":"BreadcrumbList","@id":"https:\/\/graphimarket.com\/product\/hyperfuze-photoshop-action\/#breadcrumb","itemListElement":[{"@type":"ListItem","position":1,"name":"Home","item":"https:\/\/graphimarket.com\/es\/"},{"@type":"ListItem","position":2,"name":"Store","item":"https:\/\/graphimarket.com\/store\/"},{"@type":"ListItem","position":3,"name":"HyperFuze Photoshop Action"}]},{"@type":"WebSite","@id":"https:\/\/graphimarket.com\/fr\/#website","url":"https:\/\/graphimarket.com\/fr\/","name":"Graphimarket","description":"Finden Sie das perfekte kreative Kapital, um Ihr Projekt zum Leben zu erwecken","publisher":{"@id":"https:\/\/graphimarket.com\/fr\/#organization"},"potentialAction":[{"@type":"SearchAction","target":{"@type":"EntryPoint","urlTemplate":"https:\/\/graphimarket.com\/fr\/?s={search_term_string}"},"query-input":{"@type":"PropertyValueSpecification","valueRequired":true,"valueName":"search_term_string"}}],"inLanguage":"de-DE"},{"@type":"Organization","@id":"https:\/\/graphimarket.com\/fr\/#organization","name":"Graphimarket","url":"https:\/\/graphimarket.com\/fr\/","logo":{"@type":"ImageObject","inLanguage":"de-DE","@id":"https:\/\/graphimarket.com\/fr\/#\/schema\/logo\/image\/","url":"https:\/\/graphimarket.com\/wp-content\/uploads\/2020\/08\/logo-48.png","contentUrl":"https:\/\/graphimarket.com\/wp-content\/uploads\/2020\/08\/logo-48.png","width":132,"height":48,"caption":"Graphimarket"},"image":{"@id":"https:\/\/graphimarket.com\/fr\/#\/schema\/logo\/image\/"}}]}},"_links":{"self":[{"href":"https:\/\/graphimarket.com\/de\/wp-json\/wp\/v2\/product\/16083","targetHints":{"allow":["GET"]}}],"collection":[{"href":"https:\/\/graphimarket.com\/de\/wp-json\/wp\/v2\/product"}],"about":[{"href":"https:\/\/graphimarket.com\/de\/wp-json\/wp\/v2\/types\/product"}],"replies":[{"embeddable":true,"href":"https:\/\/graphimarket.com\/de\/wp-json\/wp\/v2\/comments?post=16083"}],"version-history":[{"count":0,"href":"https:\/\/graphimarket.com\/de\/wp-json\/wp\/v2\/product\/16083\/revisions"}],"wp:featuredmedia":[{"embeddable":true,"href":"https:\/\/graphimarket.com\/de\/wp-json\/wp\/v2\/media\/16085"}],"wp:attachment":[{"href":"https:\/\/graphimarket.com\/de\/wp-json\/wp\/v2\/media?parent=16083"}],"wp:term":[{"taxonomy":"product_brand","embeddable":true,"href":"https:\/\/graphimarket.com\/de\/wp-json\/wp\/v2\/product_brand?post=16083"},{"taxonomy":"product_cat","embeddable":true,"href":"https:\/\/graphimarket.com\/de\/wp-json\/wp\/v2\/product_cat?post=16083"},{"taxonomy":"product_tag","embeddable":true,"href":"https:\/\/graphimarket.com\/de\/wp-json\/wp\/v2\/product_tag?post=16083"}],"curies":[{"name":"wp","href":"https:\/\/api.w.org\/{rel}","templated":true}]}}