{"id":16096,"date":"2021-03-11T18:24:09","date_gmt":"2021-03-11T17:24:09","guid":{"rendered":"https:\/\/graphimarket.com\/?post_type=product&#038;p=16096"},"modified":"2022-12-19T08:57:19","modified_gmt":"2022-12-19T07:57:19","slug":"glory-photoshop-action","status":"publish","type":"product","link":"https:\/\/graphimarket.com\/de\/product\/glory-photoshop-action\/","title":{"rendered":"Ruhm Photoshop-Aktion"},"content":{"rendered":"<h2 id=\"item-description__glory-photoshop-action\">Ruhm Photoshop-Aktion<\/h2>\n<p>This Photoshop tool will automatically create a striking lighting photo effect in Photoshop with only a few clicks. Whether you are a Photoshop beginner or professional, this tool will save lots of time. The end result gives you a fully layered and well-organized PSD file that you can customize and<\/p>\n<p>Die Aktion wurde getestet und funktioniert in Photoshop\u00a0<strong>CS3, CS4, CS5, CS6, CC, CC 2015.5, CC 2017, CC 2018, CC 2019+<\/strong><\/p>\n<p><strong>Wichtig zu wissen<\/strong><\/p>\n<ul>\n<li>Stellen Sie sicher, dass Sie die verwenden\u00a0<a href=\"https:\/\/graphimarket.com\/de\/2021\/01\/12\/change-the-language-of-your-creative-cloud-apps\/\" target=\"_blank\" rel=\"noopener\">Englische Version von Photoshop<\/a>\u00a0um die Aktion auszuf\u00fchren. Alle Sevenstyles-Aktionen funktionieren nur in der englischen Version von Photoshop.<\/li>\n<\/ul>\n<ul>\n<li>\u00dcberpr\u00fcfen Sie, ob Sie eine von der Aktion unterst\u00fctzte Version von Photoshop verwenden. Verwenden Sie mit der Aktion hochaufl\u00f6sende Fotos, um die besten Ergebnisse zu erzielen und Fehler zu vermeiden. Eine optimale Fotoaufl\u00f6sung liegt zwischen 2000px und 4500px.<\/li>\n<\/ul>\n<ul>\n<li>Mit Adobe Creative Cloud k\u00f6nnen Sie installieren\u00a0<a href=\"https:\/\/graphimarket.com\/de\/2021\/01\/12\/how-to-install-previous-versions-of-your-creative-cloud-apps\/\" target=\"_blank\" rel=\"noopener\">mehrere Versionen von Photoshop<\/a>. Wenn Ihnen diese Aktion gef\u00e4llt, sie jedoch in Ihrer Photoshop-Version nicht unterst\u00fctzt wird, k\u00f6nnen Sie jederzeit eine zus\u00e4tzliche Version von Photoshop installieren, um die Aktion auszuf\u00fchren. Sobald eine Aktion getestet wurde und an einer Version von Photoshop arbeitet, funktioniert sie f\u00fcr immer.<\/li>\n<\/ul>\n<ul>\n<li>Verwenden Sie JPEG-Bilder, um die Aktion auszuf\u00fchren. Andere Dateitypen wie TIFF, BMP, PNG, PSD k\u00f6nnen Probleme mit Aktionen verursachen, da Photoshop verschiedene Funktionen f\u00fcr verschiedene Dateitypen deaktiviert.<\/li>\n<\/ul>\n<ul>\n<li>Wenn eine Sevenstyles-Aktion eine Pinsel- (.abr), Muster- (.pat) oder Shapes- (.csh) Datei im Download enth\u00e4lt, muss sie vor dem Abspielen der Aktion in Photoshop geladen werden.<\/li>\n<\/ul>\n<ul>\n<li>Vermeiden Sie die Verwendung der Aktion f\u00fcr Logos oder Bilder im ClipArt-Stil, da der Mangel an Details und Farbkontrasten zu Fehlern f\u00fchren kann.<\/li>\n<\/ul>\n<p><a href=\"https:\/\/www.youtube.com\/watch?v=DHQiT5QDRcQ\" target=\"_blank\" rel=\"noopener\">Lernprogramm\u00a0<\/a><\/p>\n<p><img fetchpriority=\"high\" decoding=\"async\" class=\"alignnone size-full wp-image-16097\" src=\"https:\/\/graphimarket.com\/wp-content\/uploads\/2021\/03\/ANGLE5.jpg\" alt=\"\" width=\"1563\" height=\"2428\" srcset=\"https:\/\/graphimarket.com\/wp-content\/uploads\/2021\/03\/ANGLE5.jpg 1563w, https:\/\/graphimarket.com\/wp-content\/uploads\/2021\/03\/ANGLE5-193x300.jpg 193w, https:\/\/graphimarket.com\/wp-content\/uploads\/2021\/03\/ANGLE5-659x1024.jpg 659w, https:\/\/graphimarket.com\/wp-content\/uploads\/2021\/03\/ANGLE5-768x1193.jpg 768w, https:\/\/graphimarket.com\/wp-content\/uploads\/2021\/03\/ANGLE5-989x1536.jpg 989w, https:\/\/graphimarket.com\/wp-content\/uploads\/2021\/03\/ANGLE5-1318x2048.jpg 1318w, https:\/\/graphimarket.com\/wp-content\/uploads\/2021\/03\/ANGLE5-8x12.jpg 8w, https:\/\/graphimarket.com\/wp-content\/uploads\/2021\/03\/ANGLE5-1320x2051.jpg 1320w, https:\/\/graphimarket.com\/wp-content\/uploads\/2021\/03\/ANGLE5-600x932.jpg 600w\" sizes=\"(max-width: 1563px) 100vw, 1563px\" \/> <img decoding=\"async\" class=\"alignnone size-full wp-image-16098\" src=\"https:\/\/graphimarket.com\/wp-content\/uploads\/2021\/03\/Archer-scaled.jpg\" alt=\"\" width=\"1707\" height=\"2560\" srcset=\"https:\/\/graphimarket.com\/wp-content\/uploads\/2021\/03\/Archer-scaled.jpg 1707w, https:\/\/graphimarket.com\/wp-content\/uploads\/2021\/03\/Archer-200x300.jpg 200w, https:\/\/graphimarket.com\/wp-content\/uploads\/2021\/03\/Archer-683x1024.jpg 683w, https:\/\/graphimarket.com\/wp-content\/uploads\/2021\/03\/Archer-768x1152.jpg 768w, https:\/\/graphimarket.com\/wp-content\/uploads\/2021\/03\/Archer-1024x1536.jpg 1024w, https:\/\/graphimarket.com\/wp-content\/uploads\/2021\/03\/Archer-1365x2048.jpg 1365w, https:\/\/graphimarket.com\/wp-content\/uploads\/2021\/03\/Archer-8x12.jpg 8w, https:\/\/graphimarket.com\/wp-content\/uploads\/2021\/03\/Archer-1320x1980.jpg 1320w, https:\/\/graphimarket.com\/wp-content\/uploads\/2021\/03\/Archer-600x900.jpg 600w\" sizes=\"(max-width: 1707px) 100vw, 1707px\" \/> <img decoding=\"async\" class=\"alignnone size-full wp-image-16099\" src=\"https:\/\/graphimarket.com\/wp-content\/uploads\/2021\/03\/AxeMan.jpg\" alt=\"\" width=\"1421\" height=\"2380\" srcset=\"https:\/\/graphimarket.com\/wp-content\/uploads\/2021\/03\/AxeMan.jpg 1421w, https:\/\/graphimarket.com\/wp-content\/uploads\/2021\/03\/AxeMan-179x300.jpg 179w, https:\/\/graphimarket.com\/wp-content\/uploads\/2021\/03\/AxeMan-611x1024.jpg 611w, https:\/\/graphimarket.com\/wp-content\/uploads\/2021\/03\/AxeMan-768x1286.jpg 768w, https:\/\/graphimarket.com\/wp-content\/uploads\/2021\/03\/AxeMan-917x1536.jpg 917w, https:\/\/graphimarket.com\/wp-content\/uploads\/2021\/03\/AxeMan-1223x2048.jpg 1223w, https:\/\/graphimarket.com\/wp-content\/uploads\/2021\/03\/AxeMan-7x12.jpg 7w, https:\/\/graphimarket.com\/wp-content\/uploads\/2021\/03\/AxeMan-1320x2211.jpg 1320w, https:\/\/graphimarket.com\/wp-content\/uploads\/2021\/03\/AxeMan-600x1005.jpg 600w\" sizes=\"(max-width: 1421px) 100vw, 1421px\" \/> <img loading=\"lazy\" decoding=\"async\" class=\"alignnone size-full wp-image-16100\" src=\"https:\/\/graphimarket.com\/wp-content\/uploads\/2021\/03\/Basketballer1.jpg\" alt=\"\" width=\"1584\" height=\"2376\" srcset=\"https:\/\/graphimarket.com\/wp-content\/uploads\/2021\/03\/Basketballer1.jpg 1584w, https:\/\/graphimarket.com\/wp-content\/uploads\/2021\/03\/Basketballer1-200x300.jpg 200w, https:\/\/graphimarket.com\/wp-content\/uploads\/2021\/03\/Basketballer1-683x1024.jpg 683w, https:\/\/graphimarket.com\/wp-content\/uploads\/2021\/03\/Basketballer1-768x1152.jpg 768w, https:\/\/graphimarket.com\/wp-content\/uploads\/2021\/03\/Basketballer1-1024x1536.jpg 1024w, https:\/\/graphimarket.com\/wp-content\/uploads\/2021\/03\/Basketballer1-1365x2048.jpg 1365w, https:\/\/graphimarket.com\/wp-content\/uploads\/2021\/03\/Basketballer1-8x12.jpg 8w, https:\/\/graphimarket.com\/wp-content\/uploads\/2021\/03\/Basketballer1-1320x1980.jpg 1320w, https:\/\/graphimarket.com\/wp-content\/uploads\/2021\/03\/Basketballer1-600x900.jpg 600w\" sizes=\"(max-width: 1584px) 100vw, 1584px\" \/> <img loading=\"lazy\" decoding=\"async\" class=\"alignnone size-full wp-image-16101\" src=\"https:\/\/graphimarket.com\/wp-content\/uploads\/2021\/03\/BeardPortrait.jpg\" alt=\"\" width=\"2208\" height=\"2208\" srcset=\"https:\/\/graphimarket.com\/wp-content\/uploads\/2021\/03\/BeardPortrait.jpg 2208w, https:\/\/graphimarket.com\/wp-content\/uploads\/2021\/03\/BeardPortrait-300x300.jpg 300w, https:\/\/graphimarket.com\/wp-content\/uploads\/2021\/03\/BeardPortrait-1024x1024.jpg 1024w, https:\/\/graphimarket.com\/wp-content\/uploads\/2021\/03\/BeardPortrait-150x150.jpg 150w, https:\/\/graphimarket.com\/wp-content\/uploads\/2021\/03\/BeardPortrait-768x768.jpg 768w, https:\/\/graphimarket.com\/wp-content\/uploads\/2021\/03\/BeardPortrait-1536x1536.jpg 1536w, https:\/\/graphimarket.com\/wp-content\/uploads\/2021\/03\/BeardPortrait-2048x2048.jpg 2048w, https:\/\/graphimarket.com\/wp-content\/uploads\/2021\/03\/BeardPortrait-12x12.jpg 12w, https:\/\/graphimarket.com\/wp-content\/uploads\/2021\/03\/BeardPortrait-1320x1320.jpg 1320w, https:\/\/graphimarket.com\/wp-content\/uploads\/2021\/03\/BeardPortrait-600x600.jpg 600w, https:\/\/graphimarket.com\/wp-content\/uploads\/2021\/03\/BeardPortrait-100x100.jpg 100w\" sizes=\"(max-width: 2208px) 100vw, 2208px\" \/> <img loading=\"lazy\" decoding=\"async\" class=\"alignnone size-full wp-image-16102\" src=\"https:\/\/graphimarket.com\/wp-content\/uploads\/2021\/03\/Boxer.jpg\" alt=\"\" width=\"2070\" height=\"1789\" srcset=\"https:\/\/graphimarket.com\/wp-content\/uploads\/2021\/03\/Boxer.jpg 2070w, https:\/\/graphimarket.com\/wp-content\/uploads\/2021\/03\/Boxer-300x259.jpg 300w, https:\/\/graphimarket.com\/wp-content\/uploads\/2021\/03\/Boxer-1024x885.jpg 1024w, https:\/\/graphimarket.com\/wp-content\/uploads\/2021\/03\/Boxer-768x664.jpg 768w, https:\/\/graphimarket.com\/wp-content\/uploads\/2021\/03\/Boxer-1536x1327.jpg 1536w, https:\/\/graphimarket.com\/wp-content\/uploads\/2021\/03\/Boxer-2048x1770.jpg 2048w, https:\/\/graphimarket.com\/wp-content\/uploads\/2021\/03\/Boxer-14x12.jpg 14w, https:\/\/graphimarket.com\/wp-content\/uploads\/2021\/03\/Boxer-1320x1141.jpg 1320w, https:\/\/graphimarket.com\/wp-content\/uploads\/2021\/03\/Boxer-600x519.jpg 600w\" sizes=\"(max-width: 2070px) 100vw, 2070px\" \/> <img loading=\"lazy\" decoding=\"async\" class=\"alignnone size-full wp-image-16103\" src=\"https:\/\/graphimarket.com\/wp-content\/uploads\/2021\/03\/ANGLE1.jpg\" alt=\"\" width=\"1563\" height=\"2428\" srcset=\"https:\/\/graphimarket.com\/wp-content\/uploads\/2021\/03\/ANGLE1.jpg 1563w, https:\/\/graphimarket.com\/wp-content\/uploads\/2021\/03\/ANGLE1-193x300.jpg 193w, https:\/\/graphimarket.com\/wp-content\/uploads\/2021\/03\/ANGLE1-659x1024.jpg 659w, https:\/\/graphimarket.com\/wp-content\/uploads\/2021\/03\/ANGLE1-768x1193.jpg 768w, https:\/\/graphimarket.com\/wp-content\/uploads\/2021\/03\/ANGLE1-989x1536.jpg 989w, https:\/\/graphimarket.com\/wp-content\/uploads\/2021\/03\/ANGLE1-1318x2048.jpg 1318w, https:\/\/graphimarket.com\/wp-content\/uploads\/2021\/03\/ANGLE1-8x12.jpg 8w, https:\/\/graphimarket.com\/wp-content\/uploads\/2021\/03\/ANGLE1-1320x2051.jpg 1320w, https:\/\/graphimarket.com\/wp-content\/uploads\/2021\/03\/ANGLE1-600x932.jpg 600w\" sizes=\"(max-width: 1563px) 100vw, 1563px\" \/> <img loading=\"lazy\" decoding=\"async\" class=\"alignnone size-full wp-image-16104\" src=\"https:\/\/graphimarket.com\/wp-content\/uploads\/2021\/03\/ANGLE2.jpg\" alt=\"\" width=\"1563\" height=\"2428\" srcset=\"https:\/\/graphimarket.com\/wp-content\/uploads\/2021\/03\/ANGLE2.jpg 1563w, https:\/\/graphimarket.com\/wp-content\/uploads\/2021\/03\/ANGLE2-193x300.jpg 193w, https:\/\/graphimarket.com\/wp-content\/uploads\/2021\/03\/ANGLE2-659x1024.jpg 659w, https:\/\/graphimarket.com\/wp-content\/uploads\/2021\/03\/ANGLE2-768x1193.jpg 768w, https:\/\/graphimarket.com\/wp-content\/uploads\/2021\/03\/ANGLE2-989x1536.jpg 989w, https:\/\/graphimarket.com\/wp-content\/uploads\/2021\/03\/ANGLE2-1318x2048.jpg 1318w, https:\/\/graphimarket.com\/wp-content\/uploads\/2021\/03\/ANGLE2-8x12.jpg 8w, https:\/\/graphimarket.com\/wp-content\/uploads\/2021\/03\/ANGLE2-1320x2051.jpg 1320w, https:\/\/graphimarket.com\/wp-content\/uploads\/2021\/03\/ANGLE2-600x932.jpg 600w\" sizes=\"(max-width: 1563px) 100vw, 1563px\" \/> <img loading=\"lazy\" decoding=\"async\" class=\"alignnone size-full wp-image-16105\" src=\"https:\/\/graphimarket.com\/wp-content\/uploads\/2021\/03\/ANGLE4.jpg\" alt=\"\" width=\"1563\" height=\"2428\" srcset=\"https:\/\/graphimarket.com\/wp-content\/uploads\/2021\/03\/ANGLE4.jpg 1563w, https:\/\/graphimarket.com\/wp-content\/uploads\/2021\/03\/ANGLE4-193x300.jpg 193w, https:\/\/graphimarket.com\/wp-content\/uploads\/2021\/03\/ANGLE4-659x1024.jpg 659w, https:\/\/graphimarket.com\/wp-content\/uploads\/2021\/03\/ANGLE4-768x1193.jpg 768w, https:\/\/graphimarket.com\/wp-content\/uploads\/2021\/03\/ANGLE4-989x1536.jpg 989w, https:\/\/graphimarket.com\/wp-content\/uploads\/2021\/03\/ANGLE4-1318x2048.jpg 1318w, https:\/\/graphimarket.com\/wp-content\/uploads\/2021\/03\/ANGLE4-8x12.jpg 8w, https:\/\/graphimarket.com\/wp-content\/uploads\/2021\/03\/ANGLE4-1320x2051.jpg 1320w, https:\/\/graphimarket.com\/wp-content\/uploads\/2021\/03\/ANGLE4-600x932.jpg 600w\" sizes=\"(max-width: 1563px) 100vw, 1563px\" \/><\/p>\n<p>&nbsp;<\/p>","protected":false},"excerpt":{"rendered":"<p>Glory Photoshop Action This Photoshop tool will automatically create a striking lighting photo effect in Photoshop with only a few clicks. Whether you are a Photoshop beginner or professional, this tool will save lots of time. The end result gives you a fully layered and well-organized PSD file that you can customize and The action [&hellip;]<\/p>\n","protected":false},"featured_media":16102,"comment_status":"open","ping_status":"closed","template":"","meta":{"site-sidebar-layout":"default","site-content-layout":"default","ast-site-content-layout":"default","site-content-style":"default","site-sidebar-style":"default","ast-global-header-display":"","ast-banner-title-visibility":"","ast-main-header-display":"","ast-hfb-above-header-display":"","ast-hfb-below-header-display":"","ast-hfb-mobile-header-display":"","site-post-title":"","ast-breadcrumbs-content":"","ast-featured-img":"","footer-sml-layout":"","ast-disable-related-posts":"","theme-transparent-header-meta":"default","adv-header-id-meta":"","stick-header-meta":"","header-above-stick-meta":"","header-main-stick-meta":"","header-below-stick-meta":"","astra-migrate-meta-layouts":"default","ast-page-background-enabled":"default","ast-page-background-meta":{"desktop":{"background-color":"","background-image":"","background-repeat":"repeat","background-position":"center center","background-size":"auto","background-attachment":"scroll","background-type":"","background-media":"","overlay-type":"","overlay-color":"","overlay-opacity":"","overlay-gradient":""},"tablet":{"background-color":"","background-image":"","background-repeat":"repeat","background-position":"center center","background-size":"auto","background-attachment":"scroll","background-type":"","background-media":"","overlay-type":"","overlay-color":"","overlay-opacity":"","overlay-gradient":""},"mobile":{"background-color":"","background-image":"","background-repeat":"repeat","background-position":"center center","background-size":"auto","background-attachment":"scroll","background-type":"","background-media":"","overlay-type":"","overlay-color":"","overlay-opacity":"","overlay-gradient":""}},"ast-content-background-meta":{"desktop":{"background-color":"var(--ast-global-color-5)","background-image":"","background-repeat":"repeat","background-position":"center center","background-size":"auto","background-attachment":"scroll","background-type":"","background-media":"","overlay-type":"","overlay-color":"","overlay-opacity":"","overlay-gradient":""},"tablet":{"background-color":"var(--ast-global-color-5)","background-image":"","background-repeat":"repeat","background-position":"center center","background-size":"auto","background-attachment":"scroll","background-type":"","background-media":"","overlay-type":"","overlay-color":"","overlay-opacity":"","overlay-gradient":""},"mobile":{"background-color":"var(--ast-global-color-5)","background-image":"","background-repeat":"repeat","background-position":"center center","background-size":"auto","background-attachment":"scroll","background-type":"","background-media":"","overlay-type":"","overlay-color":"","overlay-opacity":"","overlay-gradient":""}}},"product_brand":[],"product_cat":[196,97,144,195,146],"product_tag":[485,1386,1897,274,1288,1890,240,784],"class_list":{"0":"post-16096","1":"product","2":"type-product","3":"status-publish","4":"has-post-thumbnail","6":"product_cat-actions","7":"product_cat-addons","8":"product_cat-photo-editor","9":"product_cat-photoshop","10":"product_cat-photoshop-action","11":"product_tag-addon","12":"product_tag-adobe","13":"product_tag-editor","14":"product_tag-effect","15":"product_tag-glory","16":"product_tag-mac","17":"product_tag-ps","18":"product_tag-windows","19":"desktop-align-left","20":"tablet-align-left","21":"mobile-align-left","23":"first","24":"instock","25":"downloadable","26":"virtual","27":"taxable","28":"purchasable","29":"product-type-simple"},"yoast_head":"<!-- This site is optimized with the Yoast SEO plugin v27.3 - https:\/\/yoast.com\/product\/yoast-seo-wordpress\/ -->\n<title>Glory Photoshop Action - Graphimarket<\/title>\n<meta name=\"description\" content=\"This Photoshop tool will automatically create a striking lighting photo effect in Photoshop with only a few clicks..\" \/>\n<meta name=\"robots\" content=\"index, follow, max-snippet:-1, max-image-preview:large, max-video-preview:-1\" \/>\n<link rel=\"canonical\" href=\"https:\/\/graphimarket.com\/de\/product\/glory-photoshop-action\/\" \/>\n<meta property=\"og:locale\" content=\"de_DE\" \/>\n<meta property=\"og:type\" content=\"article\" \/>\n<meta property=\"og:title\" content=\"Glory Photoshop Action - Graphimarket\" \/>\n<meta property=\"og:description\" content=\"This Photoshop tool will automatically create a striking lighting photo effect in Photoshop with only a few clicks..\" \/>\n<meta property=\"og:url\" content=\"https:\/\/graphimarket.com\/de\/product\/glory-photoshop-action\/\" \/>\n<meta property=\"og:site_name\" content=\"Graphimarket\" \/>\n<meta property=\"article:modified_time\" content=\"2022-12-19T07:57:19+00:00\" \/>\n<meta property=\"og:image\" content=\"https:\/\/graphimarket.com\/wp-content\/uploads\/2021\/03\/Boxer.jpg\" \/>\n\t<meta property=\"og:image:width\" content=\"2070\" \/>\n\t<meta property=\"og:image:height\" content=\"1789\" \/>\n\t<meta property=\"og:image:type\" content=\"image\/jpeg\" \/>\n<meta name=\"twitter:card\" content=\"summary_large_image\" \/>\n<meta name=\"twitter:label1\" content=\"Est. reading time\" \/>\n\t<meta name=\"twitter:data1\" content=\"1 minute\" \/>\n<script type=\"application\/ld+json\" class=\"yoast-schema-graph\">{\"@context\":\"https:\\\/\\\/schema.org\",\"@graph\":[{\"@type\":\"WebPage\",\"@id\":\"https:\\\/\\\/graphimarket.com\\\/de\\\/product\\\/glory-photoshop-action\\\/\",\"url\":\"https:\\\/\\\/graphimarket.com\\\/de\\\/product\\\/glory-photoshop-action\\\/\",\"name\":\"Glory Photoshop Action - Graphimarket\",\"isPartOf\":{\"@id\":\"https:\\\/\\\/graphimarket.com\\\/fr\\\/#website\"},\"primaryImageOfPage\":{\"@id\":\"https:\\\/\\\/graphimarket.com\\\/de\\\/product\\\/glory-photoshop-action\\\/#primaryimage\"},\"image\":{\"@id\":\"https:\\\/\\\/graphimarket.com\\\/de\\\/product\\\/glory-photoshop-action\\\/#primaryimage\"},\"thumbnailUrl\":\"https:\\\/\\\/graphimarket.com\\\/wp-content\\\/uploads\\\/2021\\\/03\\\/Boxer.jpg\",\"datePublished\":\"2021-03-11T17:24:09+00:00\",\"dateModified\":\"2022-12-19T07:57:19+00:00\",\"description\":\"This Photoshop tool will automatically create a striking lighting photo effect in Photoshop with only a few clicks..\",\"breadcrumb\":{\"@id\":\"https:\\\/\\\/graphimarket.com\\\/de\\\/product\\\/glory-photoshop-action\\\/#breadcrumb\"},\"inLanguage\":\"de-DE\",\"potentialAction\":[{\"@type\":\"ReadAction\",\"target\":[\"https:\\\/\\\/graphimarket.com\\\/de\\\/product\\\/glory-photoshop-action\\\/\"]}]},{\"@type\":\"ImageObject\",\"inLanguage\":\"de-DE\",\"@id\":\"https:\\\/\\\/graphimarket.com\\\/de\\\/product\\\/glory-photoshop-action\\\/#primaryimage\",\"url\":\"https:\\\/\\\/graphimarket.com\\\/wp-content\\\/uploads\\\/2021\\\/03\\\/Boxer.jpg\",\"contentUrl\":\"https:\\\/\\\/graphimarket.com\\\/wp-content\\\/uploads\\\/2021\\\/03\\\/Boxer.jpg\",\"width\":2070,\"height\":1789},{\"@type\":\"BreadcrumbList\",\"@id\":\"https:\\\/\\\/graphimarket.com\\\/de\\\/product\\\/glory-photoshop-action\\\/#breadcrumb\",\"itemListElement\":[{\"@type\":\"ListItem\",\"position\":1,\"name\":\"Home\",\"item\":\"https:\\\/\\\/graphimarket.com\\\/es\\\/\"},{\"@type\":\"ListItem\",\"position\":2,\"name\":\"Store\",\"item\":\"https:\\\/\\\/graphimarket.com\\\/store\\\/\"},{\"@type\":\"ListItem\",\"position\":3,\"name\":\"Glory Photoshop Action\"}]},{\"@type\":\"WebSite\",\"@id\":\"https:\\\/\\\/graphimarket.com\\\/fr\\\/#website\",\"url\":\"https:\\\/\\\/graphimarket.com\\\/fr\\\/\",\"name\":\"Graphimarket\",\"description\":\"Find the perfect creative asset to bring your project to life\",\"publisher\":{\"@id\":\"https:\\\/\\\/graphimarket.com\\\/fr\\\/#organization\"},\"potentialAction\":[{\"@type\":\"SearchAction\",\"target\":{\"@type\":\"EntryPoint\",\"urlTemplate\":\"https:\\\/\\\/graphimarket.com\\\/fr\\\/?s={search_term_string}\"},\"query-input\":{\"@type\":\"PropertyValueSpecification\",\"valueRequired\":true,\"valueName\":\"search_term_string\"}}],\"inLanguage\":\"de-DE\"},{\"@type\":\"Organization\",\"@id\":\"https:\\\/\\\/graphimarket.com\\\/fr\\\/#organization\",\"name\":\"Graphimarket\",\"url\":\"https:\\\/\\\/graphimarket.com\\\/fr\\\/\",\"logo\":{\"@type\":\"ImageObject\",\"inLanguage\":\"de-DE\",\"@id\":\"https:\\\/\\\/graphimarket.com\\\/fr\\\/#\\\/schema\\\/logo\\\/image\\\/\",\"url\":\"https:\\\/\\\/graphimarket.com\\\/wp-content\\\/uploads\\\/2020\\\/08\\\/logo-48.png\",\"contentUrl\":\"https:\\\/\\\/graphimarket.com\\\/wp-content\\\/uploads\\\/2020\\\/08\\\/logo-48.png\",\"width\":132,\"height\":48,\"caption\":\"Graphimarket\"},\"image\":{\"@id\":\"https:\\\/\\\/graphimarket.com\\\/fr\\\/#\\\/schema\\\/logo\\\/image\\\/\"}}]}<\/script>\n<!-- \/ Yoast SEO plugin. -->","yoast_head_json":{"title":"Glory Photoshop Action - Graphimarket","description":"This Photoshop tool will automatically create a striking lighting photo effect in Photoshop with only a few clicks..","robots":{"index":"index","follow":"follow","max-snippet":"max-snippet:-1","max-image-preview":"max-image-preview:large","max-video-preview":"max-video-preview:-1"},"canonical":"https:\/\/graphimarket.com\/de\/product\/glory-photoshop-action\/","og_locale":"de_DE","og_type":"article","og_title":"Glory Photoshop Action - Graphimarket","og_description":"This Photoshop tool will automatically create a striking lighting photo effect in Photoshop with only a few clicks..","og_url":"https:\/\/graphimarket.com\/de\/product\/glory-photoshop-action\/","og_site_name":"Graphimarket","article_modified_time":"2022-12-19T07:57:19+00:00","og_image":[{"width":2070,"height":1789,"url":"https:\/\/graphimarket.com\/wp-content\/uploads\/2021\/03\/Boxer.jpg","type":"image\/jpeg"}],"twitter_card":"summary_large_image","twitter_misc":{"Est. reading time":"1 minute"},"schema":{"@context":"https:\/\/schema.org","@graph":[{"@type":"WebPage","@id":"https:\/\/graphimarket.com\/de\/product\/glory-photoshop-action\/","url":"https:\/\/graphimarket.com\/de\/product\/glory-photoshop-action\/","name":"Glory Photoshop Action - Graphimarket","isPartOf":{"@id":"https:\/\/graphimarket.com\/fr\/#website"},"primaryImageOfPage":{"@id":"https:\/\/graphimarket.com\/de\/product\/glory-photoshop-action\/#primaryimage"},"image":{"@id":"https:\/\/graphimarket.com\/de\/product\/glory-photoshop-action\/#primaryimage"},"thumbnailUrl":"https:\/\/graphimarket.com\/wp-content\/uploads\/2021\/03\/Boxer.jpg","datePublished":"2021-03-11T17:24:09+00:00","dateModified":"2022-12-19T07:57:19+00:00","description":"This Photoshop tool will automatically create a striking lighting photo effect in Photoshop with only a few clicks..","breadcrumb":{"@id":"https:\/\/graphimarket.com\/de\/product\/glory-photoshop-action\/#breadcrumb"},"inLanguage":"de-DE","potentialAction":[{"@type":"ReadAction","target":["https:\/\/graphimarket.com\/de\/product\/glory-photoshop-action\/"]}]},{"@type":"ImageObject","inLanguage":"de-DE","@id":"https:\/\/graphimarket.com\/de\/product\/glory-photoshop-action\/#primaryimage","url":"https:\/\/graphimarket.com\/wp-content\/uploads\/2021\/03\/Boxer.jpg","contentUrl":"https:\/\/graphimarket.com\/wp-content\/uploads\/2021\/03\/Boxer.jpg","width":2070,"height":1789},{"@type":"BreadcrumbList","@id":"https:\/\/graphimarket.com\/de\/product\/glory-photoshop-action\/#breadcrumb","itemListElement":[{"@type":"ListItem","position":1,"name":"Home","item":"https:\/\/graphimarket.com\/es\/"},{"@type":"ListItem","position":2,"name":"Store","item":"https:\/\/graphimarket.com\/store\/"},{"@type":"ListItem","position":3,"name":"Glory Photoshop Action"}]},{"@type":"WebSite","@id":"https:\/\/graphimarket.com\/fr\/#website","url":"https:\/\/graphimarket.com\/fr\/","name":"Graphimarket","description":"Finden Sie das perfekte kreative Kapital, um Ihr Projekt zum Leben zu erwecken","publisher":{"@id":"https:\/\/graphimarket.com\/fr\/#organization"},"potentialAction":[{"@type":"SearchAction","target":{"@type":"EntryPoint","urlTemplate":"https:\/\/graphimarket.com\/fr\/?s={search_term_string}"},"query-input":{"@type":"PropertyValueSpecification","valueRequired":true,"valueName":"search_term_string"}}],"inLanguage":"de-DE"},{"@type":"Organization","@id":"https:\/\/graphimarket.com\/fr\/#organization","name":"Graphimarket","url":"https:\/\/graphimarket.com\/fr\/","logo":{"@type":"ImageObject","inLanguage":"de-DE","@id":"https:\/\/graphimarket.com\/fr\/#\/schema\/logo\/image\/","url":"https:\/\/graphimarket.com\/wp-content\/uploads\/2020\/08\/logo-48.png","contentUrl":"https:\/\/graphimarket.com\/wp-content\/uploads\/2020\/08\/logo-48.png","width":132,"height":48,"caption":"Graphimarket"},"image":{"@id":"https:\/\/graphimarket.com\/fr\/#\/schema\/logo\/image\/"}}]}},"_links":{"self":[{"href":"https:\/\/graphimarket.com\/de\/wp-json\/wp\/v2\/product\/16096","targetHints":{"allow":["GET"]}}],"collection":[{"href":"https:\/\/graphimarket.com\/de\/wp-json\/wp\/v2\/product"}],"about":[{"href":"https:\/\/graphimarket.com\/de\/wp-json\/wp\/v2\/types\/product"}],"replies":[{"embeddable":true,"href":"https:\/\/graphimarket.com\/de\/wp-json\/wp\/v2\/comments?post=16096"}],"version-history":[{"count":0,"href":"https:\/\/graphimarket.com\/de\/wp-json\/wp\/v2\/product\/16096\/revisions"}],"wp:featuredmedia":[{"embeddable":true,"href":"https:\/\/graphimarket.com\/de\/wp-json\/wp\/v2\/media\/16102"}],"wp:attachment":[{"href":"https:\/\/graphimarket.com\/de\/wp-json\/wp\/v2\/media?parent=16096"}],"wp:term":[{"taxonomy":"product_brand","embeddable":true,"href":"https:\/\/graphimarket.com\/de\/wp-json\/wp\/v2\/product_brand?post=16096"},{"taxonomy":"product_cat","embeddable":true,"href":"https:\/\/graphimarket.com\/de\/wp-json\/wp\/v2\/product_cat?post=16096"},{"taxonomy":"product_tag","embeddable":true,"href":"https:\/\/graphimarket.com\/de\/wp-json\/wp\/v2\/product_tag?post=16096"}],"curies":[{"name":"wp","href":"https:\/\/api.w.org\/{rel}","templated":true}]}}