{"id":16158,"date":"2021-03-12T16:35:39","date_gmt":"2021-03-12T15:35:39","guid":{"rendered":"https:\/\/graphimarket.com\/?post_type=product&#038;p=16158"},"modified":"2022-12-19T08:56:24","modified_gmt":"2022-12-19T07:56:24","slug":"bubble-watercolor-photoshop-action","status":"publish","type":"product","link":"https:\/\/graphimarket.com\/de\/product\/bubble-watercolor-photoshop-action\/","title":{"rendered":"Bubble Aquarell Photoshop Aktion"},"content":{"rendered":"<h2 class=\"sp-h4 mb-20\">\u00dcber das Produkt<\/h2>\n<div id=\"detailsContainer\" class=\"details-container\">\n<div class=\"sp-p details-text\">\n<p><strong>Bubble Aquarell Photoshop Aktion<\/strong><\/p>\n<p>Diese Bubble Watercolor Photoshop Action ist perfekt f\u00fcr Fotografen und Designer. Es verbessert und verleiht Bildern mehr Sch\u00f6nheit. Es wird Ihnen helfen, Ihre Bilder zu bet\u00e4uben, um ein einzigartiges und fantastisches Aussehen zu erzielen. Dieses Set enth\u00e4lt 10 verschiedene Farboptionen.<\/p>\n<p>Meine funktionierende Softwareversion: CC2020 Englische Version. Softwareunterst\u00fctzte Version: CS4, CS5, CS5.5, CS6, CC, CC2014, CC2015, CC2015.5, CC2016, CC2017, CC2018, CC2019, CC2020 + Englische Version.<\/p>\n<p><strong>Wichtigste Anweisung:<\/strong><\/p>\n<p>\u00d6ffnen Sie Ihr Foto, nehmen Sie eine neue Ebene und benennen Sie &quot;Farbe&quot; (in Kleinbuchstaben) um. W\u00e4hlen Sie dann einen weichen Pinsel und malen Sie Ihr Bild. Schlie\u00dfen Sie das Auge der Ebene &quot;Malen&quot; und behalten Sie die Auswahlebene &quot;Malen&quot; bei. Klicken Sie dann auf die Schaltfl\u00e4che &quot;Aktion&quot;.<\/p>\n<p><strong>Datei enth\u00e4lt:<\/strong><\/p>\n<ul>\n<li>ATN-Datei (Photoshop-Aktionsdatei enthalten)<\/li>\n<li>Pinsel Datei<\/li>\n<li>10 verschiedene Farboptionen<\/li>\n<li>Hilfedatei<\/li>\n<li>PDF-Hilfedatei<\/li>\n<li>Arbeite an jedem Foto.<\/li>\n<li>Hochwertiges Ergebnis.<\/li>\n<li>Einfach anpassbar<\/li>\n<li>Ebenen organisieren<\/li>\n<li>Einfach zu installieren<\/li>\n<li>Benutzerhandbuch<\/li>\n<li>Einfach zu verwenden<\/li>\n<\/ul>\n<p>Hinweis: Vorschaubilder und Mockup sind nicht enthalten<\/p>\n<p>Bilder empfohlen: Ich verwende Bilder 2000x3000px dpi 300<\/p>\n<p><img fetchpriority=\"high\" decoding=\"async\" class=\"alignnone size-full wp-image-16159\" src=\"https:\/\/graphimarket.com\/wp-content\/uploads\/2021\/03\/cover-1-2.jpg\" alt=\"\" width=\"1160\" height=\"838\" srcset=\"https:\/\/graphimarket.com\/wp-content\/uploads\/2021\/03\/cover-1-2.jpg 1160w, https:\/\/graphimarket.com\/wp-content\/uploads\/2021\/03\/cover-1-2-300x217.jpg 300w, https:\/\/graphimarket.com\/wp-content\/uploads\/2021\/03\/cover-1-2-1024x740.jpg 1024w, https:\/\/graphimarket.com\/wp-content\/uploads\/2021\/03\/cover-1-2-768x555.jpg 768w, https:\/\/graphimarket.com\/wp-content\/uploads\/2021\/03\/cover-1-2-16x12.jpg 16w, https:\/\/graphimarket.com\/wp-content\/uploads\/2021\/03\/cover-1-2-600x433.jpg 600w\" sizes=\"(max-width: 1160px) 100vw, 1160px\" \/><\/p>\n<p><img decoding=\"async\" class=\"alignnone size-full wp-image-16160\" src=\"https:\/\/graphimarket.com\/wp-content\/uploads\/2021\/03\/4-1-2.jpg\" alt=\"\" width=\"1160\" height=\"838\" srcset=\"https:\/\/graphimarket.com\/wp-content\/uploads\/2021\/03\/4-1-2.jpg 1160w, https:\/\/graphimarket.com\/wp-content\/uploads\/2021\/03\/4-1-2-300x217.jpg 300w, https:\/\/graphimarket.com\/wp-content\/uploads\/2021\/03\/4-1-2-1024x740.jpg 1024w, https:\/\/graphimarket.com\/wp-content\/uploads\/2021\/03\/4-1-2-768x555.jpg 768w, https:\/\/graphimarket.com\/wp-content\/uploads\/2021\/03\/4-1-2-16x12.jpg 16w, https:\/\/graphimarket.com\/wp-content\/uploads\/2021\/03\/4-1-2-600x433.jpg 600w\" sizes=\"(max-width: 1160px) 100vw, 1160px\" \/> <img decoding=\"async\" class=\"alignnone size-full wp-image-16161\" src=\"https:\/\/graphimarket.com\/wp-content\/uploads\/2021\/03\/6-1-1.jpg\" alt=\"\" width=\"1160\" height=\"838\" srcset=\"https:\/\/graphimarket.com\/wp-content\/uploads\/2021\/03\/6-1-1.jpg 1160w, https:\/\/graphimarket.com\/wp-content\/uploads\/2021\/03\/6-1-1-300x217.jpg 300w, https:\/\/graphimarket.com\/wp-content\/uploads\/2021\/03\/6-1-1-1024x740.jpg 1024w, https:\/\/graphimarket.com\/wp-content\/uploads\/2021\/03\/6-1-1-768x555.jpg 768w, https:\/\/graphimarket.com\/wp-content\/uploads\/2021\/03\/6-1-1-16x12.jpg 16w, https:\/\/graphimarket.com\/wp-content\/uploads\/2021\/03\/6-1-1-600x433.jpg 600w\" sizes=\"(max-width: 1160px) 100vw, 1160px\" \/> <img loading=\"lazy\" decoding=\"async\" class=\"alignnone size-full wp-image-16162\" src=\"https:\/\/graphimarket.com\/wp-content\/uploads\/2021\/03\/7-.jpg\" alt=\"\" width=\"1160\" height=\"838\" srcset=\"https:\/\/graphimarket.com\/wp-content\/uploads\/2021\/03\/7-.jpg 1160w, https:\/\/graphimarket.com\/wp-content\/uploads\/2021\/03\/7--300x217.jpg 300w, https:\/\/graphimarket.com\/wp-content\/uploads\/2021\/03\/7--1024x740.jpg 1024w, https:\/\/graphimarket.com\/wp-content\/uploads\/2021\/03\/7--768x555.jpg 768w, https:\/\/graphimarket.com\/wp-content\/uploads\/2021\/03\/7--16x12.jpg 16w, https:\/\/graphimarket.com\/wp-content\/uploads\/2021\/03\/7--600x433.jpg 600w\" sizes=\"(max-width: 1160px) 100vw, 1160px\" \/> <img loading=\"lazy\" decoding=\"async\" class=\"alignnone size-full wp-image-16163\" src=\"https:\/\/graphimarket.com\/wp-content\/uploads\/2021\/03\/10-1-1.jpg\" alt=\"\" width=\"1160\" height=\"838\" srcset=\"https:\/\/graphimarket.com\/wp-content\/uploads\/2021\/03\/10-1-1.jpg 1160w, https:\/\/graphimarket.com\/wp-content\/uploads\/2021\/03\/10-1-1-300x217.jpg 300w, https:\/\/graphimarket.com\/wp-content\/uploads\/2021\/03\/10-1-1-1024x740.jpg 1024w, https:\/\/graphimarket.com\/wp-content\/uploads\/2021\/03\/10-1-1-768x555.jpg 768w, https:\/\/graphimarket.com\/wp-content\/uploads\/2021\/03\/10-1-1-16x12.jpg 16w, https:\/\/graphimarket.com\/wp-content\/uploads\/2021\/03\/10-1-1-600x433.jpg 600w\" sizes=\"(max-width: 1160px) 100vw, 1160px\" \/> <img loading=\"lazy\" decoding=\"async\" class=\"alignnone size-full wp-image-16164\" src=\"https:\/\/graphimarket.com\/wp-content\/uploads\/2021\/03\/11-.jpg\" alt=\"\" width=\"1160\" height=\"838\" srcset=\"https:\/\/graphimarket.com\/wp-content\/uploads\/2021\/03\/11-.jpg 1160w, https:\/\/graphimarket.com\/wp-content\/uploads\/2021\/03\/11--300x217.jpg 300w, https:\/\/graphimarket.com\/wp-content\/uploads\/2021\/03\/11--1024x740.jpg 1024w, https:\/\/graphimarket.com\/wp-content\/uploads\/2021\/03\/11--768x555.jpg 768w, https:\/\/graphimarket.com\/wp-content\/uploads\/2021\/03\/11--16x12.jpg 16w, https:\/\/graphimarket.com\/wp-content\/uploads\/2021\/03\/11--600x433.jpg 600w\" sizes=\"(max-width: 1160px) 100vw, 1160px\" \/> <img loading=\"lazy\" decoding=\"async\" class=\"alignnone size-full wp-image-16165\" src=\"https:\/\/graphimarket.com\/wp-content\/uploads\/2021\/03\/1-1-1.jpg\" alt=\"\" width=\"1160\" height=\"838\" srcset=\"https:\/\/graphimarket.com\/wp-content\/uploads\/2021\/03\/1-1-1.jpg 1160w, https:\/\/graphimarket.com\/wp-content\/uploads\/2021\/03\/1-1-1-300x217.jpg 300w, https:\/\/graphimarket.com\/wp-content\/uploads\/2021\/03\/1-1-1-1024x740.jpg 1024w, https:\/\/graphimarket.com\/wp-content\/uploads\/2021\/03\/1-1-1-768x555.jpg 768w, https:\/\/graphimarket.com\/wp-content\/uploads\/2021\/03\/1-1-1-16x12.jpg 16w, https:\/\/graphimarket.com\/wp-content\/uploads\/2021\/03\/1-1-1-600x433.jpg 600w\" sizes=\"(max-width: 1160px) 100vw, 1160px\" \/> <img loading=\"lazy\" decoding=\"async\" class=\"alignnone size-full wp-image-16166\" src=\"https:\/\/graphimarket.com\/wp-content\/uploads\/2021\/03\/2-1-1.jpg\" alt=\"\" width=\"1160\" height=\"838\" srcset=\"https:\/\/graphimarket.com\/wp-content\/uploads\/2021\/03\/2-1-1.jpg 1160w, https:\/\/graphimarket.com\/wp-content\/uploads\/2021\/03\/2-1-1-300x217.jpg 300w, https:\/\/graphimarket.com\/wp-content\/uploads\/2021\/03\/2-1-1-1024x740.jpg 1024w, https:\/\/graphimarket.com\/wp-content\/uploads\/2021\/03\/2-1-1-768x555.jpg 768w, https:\/\/graphimarket.com\/wp-content\/uploads\/2021\/03\/2-1-1-16x12.jpg 16w, https:\/\/graphimarket.com\/wp-content\/uploads\/2021\/03\/2-1-1-600x433.jpg 600w\" sizes=\"(max-width: 1160px) 100vw, 1160px\" \/><\/p>\n<\/div>\n<\/div>","protected":false},"excerpt":{"rendered":"<p>About the Product Bubble Watercolor Photoshop Action This Bubble Watercolor Photoshop Action are perfect for photographers and designers. It\u2019s enhances and adds more beautiful to images. It will help you to stunning your images to make unique and awesome looks. This set contains 10 Different Color Option. My Working Software Version : CC2020 English Version. [&hellip;]<\/p>\n","protected":false},"featured_media":16159,"comment_status":"open","ping_status":"closed","template":"","meta":{"site-sidebar-layout":"default","site-content-layout":"default","ast-site-content-layout":"default","site-content-style":"default","site-sidebar-style":"default","ast-global-header-display":"","ast-banner-title-visibility":"","ast-main-header-display":"","ast-hfb-above-header-display":"","ast-hfb-below-header-display":"","ast-hfb-mobile-header-display":"","site-post-title":"","ast-breadcrumbs-content":"","ast-featured-img":"","footer-sml-layout":"","ast-disable-related-posts":"","theme-transparent-header-meta":"default","adv-header-id-meta":"","stick-header-meta":"","header-above-stick-meta":"","header-main-stick-meta":"","header-below-stick-meta":"","astra-migrate-meta-layouts":"default","ast-page-background-enabled":"default","ast-page-background-meta":{"desktop":{"background-color":"","background-image":"","background-repeat":"repeat","background-position":"center center","background-size":"auto","background-attachment":"scroll","background-type":"","background-media":"","overlay-type":"","overlay-color":"","overlay-opacity":"","overlay-gradient":""},"tablet":{"background-color":"","background-image":"","background-repeat":"repeat","background-position":"center center","background-size":"auto","background-attachment":"scroll","background-type":"","background-media":"","overlay-type":"","overlay-color":"","overlay-opacity":"","overlay-gradient":""},"mobile":{"background-color":"","background-image":"","background-repeat":"repeat","background-position":"center center","background-size":"auto","background-attachment":"scroll","background-type":"","background-media":"","overlay-type":"","overlay-color":"","overlay-opacity":"","overlay-gradient":""}},"ast-content-background-meta":{"desktop":{"background-color":"var(--ast-global-color-5)","background-image":"","background-repeat":"repeat","background-position":"center center","background-size":"auto","background-attachment":"scroll","background-type":"","background-media":"","overlay-type":"","overlay-color":"","overlay-opacity":"","overlay-gradient":""},"tablet":{"background-color":"var(--ast-global-color-5)","background-image":"","background-repeat":"repeat","background-position":"center center","background-size":"auto","background-attachment":"scroll","background-type":"","background-media":"","overlay-type":"","overlay-color":"","overlay-opacity":"","overlay-gradient":""},"mobile":{"background-color":"var(--ast-global-color-5)","background-image":"","background-repeat":"repeat","background-position":"center center","background-size":"auto","background-attachment":"scroll","background-type":"","background-media":"","overlay-type":"","overlay-color":"","overlay-opacity":"","overlay-gradient":""}}},"product_brand":[],"product_cat":[196,97,15,144,145,195,146],"product_tag":[292,1386,1902,1890,62,240,367,784],"class_list":{"0":"post-16158","1":"product","2":"type-product","3":"status-publish","4":"has-post-thumbnail","6":"product_cat-actions","7":"product_cat-addons","8":"product_cat-photo","9":"product_cat-photo-editor","10":"product_cat-photography","11":"product_cat-photoshop","12":"product_cat-photoshop-action","13":"product_tag-action","14":"product_tag-adobe","15":"product_tag-bubble","16":"product_tag-mac","17":"product_tag-photoshop","18":"product_tag-ps","19":"product_tag-watercolor","20":"product_tag-windows","21":"desktop-align-left","22":"tablet-align-left","23":"mobile-align-left","25":"first","26":"instock","27":"downloadable","28":"virtual","29":"taxable","30":"purchasable","31":"product-type-simple"},"yoast_head":"<!-- This site is optimized with the Yoast SEO plugin v27.3 - https:\/\/yoast.com\/product\/yoast-seo-wordpress\/ -->\n<title>Bubble Watercolor Photoshop Action - Graphimarket<\/title>\n<meta name=\"description\" content=\"This Bubble Watercolor Photoshop Action are perfect for photographers and designers. It\u2019s enhances and adds more beautiful to images.\" \/>\n<meta name=\"robots\" content=\"index, follow, max-snippet:-1, max-image-preview:large, max-video-preview:-1\" \/>\n<link rel=\"canonical\" href=\"https:\/\/graphimarket.com\/de\/product\/bubble-watercolor-photoshop-action\/\" \/>\n<meta property=\"og:locale\" content=\"de_DE\" \/>\n<meta property=\"og:type\" content=\"article\" \/>\n<meta property=\"og:title\" content=\"Bubble Watercolor Photoshop Action - Graphimarket\" \/>\n<meta property=\"og:description\" content=\"This Bubble Watercolor Photoshop Action are perfect for photographers and designers. It\u2019s enhances and adds more beautiful to images.\" \/>\n<meta property=\"og:url\" content=\"https:\/\/graphimarket.com\/de\/product\/bubble-watercolor-photoshop-action\/\" \/>\n<meta property=\"og:site_name\" content=\"Graphimarket\" \/>\n<meta property=\"article:modified_time\" content=\"2022-12-19T07:56:24+00:00\" \/>\n<meta property=\"og:image\" content=\"https:\/\/graphimarket.com\/wp-content\/uploads\/2021\/03\/cover-1-2.jpg\" \/>\n\t<meta property=\"og:image:width\" content=\"1160\" \/>\n\t<meta property=\"og:image:height\" content=\"838\" \/>\n\t<meta property=\"og:image:type\" content=\"image\/jpeg\" \/>\n<meta name=\"twitter:card\" content=\"summary_large_image\" \/>\n<meta name=\"twitter:label1\" content=\"Est. reading time\" \/>\n\t<meta name=\"twitter:data1\" content=\"1 minute\" \/>\n<script type=\"application\/ld+json\" class=\"yoast-schema-graph\">{\"@context\":\"https:\\\/\\\/schema.org\",\"@graph\":[{\"@type\":\"WebPage\",\"@id\":\"https:\\\/\\\/graphimarket.com\\\/product\\\/bubble-watercolor-photoshop-action\\\/\",\"url\":\"https:\\\/\\\/graphimarket.com\\\/product\\\/bubble-watercolor-photoshop-action\\\/\",\"name\":\"Bubble Watercolor Photoshop Action - Graphimarket\",\"isPartOf\":{\"@id\":\"https:\\\/\\\/graphimarket.com\\\/fr\\\/#website\"},\"primaryImageOfPage\":{\"@id\":\"https:\\\/\\\/graphimarket.com\\\/product\\\/bubble-watercolor-photoshop-action\\\/#primaryimage\"},\"image\":{\"@id\":\"https:\\\/\\\/graphimarket.com\\\/product\\\/bubble-watercolor-photoshop-action\\\/#primaryimage\"},\"thumbnailUrl\":\"https:\\\/\\\/graphimarket.com\\\/wp-content\\\/uploads\\\/2021\\\/03\\\/cover-1-2.jpg\",\"datePublished\":\"2021-03-12T15:35:39+00:00\",\"dateModified\":\"2022-12-19T07:56:24+00:00\",\"description\":\"This Bubble Watercolor Photoshop Action are perfect for photographers and designers. It\u2019s enhances and adds more beautiful to images.\",\"breadcrumb\":{\"@id\":\"https:\\\/\\\/graphimarket.com\\\/product\\\/bubble-watercolor-photoshop-action\\\/#breadcrumb\"},\"inLanguage\":\"de-DE\",\"potentialAction\":[{\"@type\":\"ReadAction\",\"target\":[\"https:\\\/\\\/graphimarket.com\\\/product\\\/bubble-watercolor-photoshop-action\\\/\"]}]},{\"@type\":\"ImageObject\",\"inLanguage\":\"de-DE\",\"@id\":\"https:\\\/\\\/graphimarket.com\\\/product\\\/bubble-watercolor-photoshop-action\\\/#primaryimage\",\"url\":\"https:\\\/\\\/graphimarket.com\\\/wp-content\\\/uploads\\\/2021\\\/03\\\/cover-1-2.jpg\",\"contentUrl\":\"https:\\\/\\\/graphimarket.com\\\/wp-content\\\/uploads\\\/2021\\\/03\\\/cover-1-2.jpg\",\"width\":1160,\"height\":838},{\"@type\":\"BreadcrumbList\",\"@id\":\"https:\\\/\\\/graphimarket.com\\\/product\\\/bubble-watercolor-photoshop-action\\\/#breadcrumb\",\"itemListElement\":[{\"@type\":\"ListItem\",\"position\":1,\"name\":\"Home\",\"item\":\"https:\\\/\\\/graphimarket.com\\\/es\\\/\"},{\"@type\":\"ListItem\",\"position\":2,\"name\":\"Store\",\"item\":\"https:\\\/\\\/graphimarket.com\\\/store\\\/\"},{\"@type\":\"ListItem\",\"position\":3,\"name\":\"Bubble Watercolor Photoshop Action\"}]},{\"@type\":\"WebSite\",\"@id\":\"https:\\\/\\\/graphimarket.com\\\/fr\\\/#website\",\"url\":\"https:\\\/\\\/graphimarket.com\\\/fr\\\/\",\"name\":\"Graphimarket\",\"description\":\"Find the perfect creative asset to bring your project to life\",\"publisher\":{\"@id\":\"https:\\\/\\\/graphimarket.com\\\/fr\\\/#organization\"},\"potentialAction\":[{\"@type\":\"SearchAction\",\"target\":{\"@type\":\"EntryPoint\",\"urlTemplate\":\"https:\\\/\\\/graphimarket.com\\\/fr\\\/?s={search_term_string}\"},\"query-input\":{\"@type\":\"PropertyValueSpecification\",\"valueRequired\":true,\"valueName\":\"search_term_string\"}}],\"inLanguage\":\"de-DE\"},{\"@type\":\"Organization\",\"@id\":\"https:\\\/\\\/graphimarket.com\\\/fr\\\/#organization\",\"name\":\"Graphimarket\",\"url\":\"https:\\\/\\\/graphimarket.com\\\/fr\\\/\",\"logo\":{\"@type\":\"ImageObject\",\"inLanguage\":\"de-DE\",\"@id\":\"https:\\\/\\\/graphimarket.com\\\/fr\\\/#\\\/schema\\\/logo\\\/image\\\/\",\"url\":\"https:\\\/\\\/graphimarket.com\\\/wp-content\\\/uploads\\\/2020\\\/08\\\/logo-48.png\",\"contentUrl\":\"https:\\\/\\\/graphimarket.com\\\/wp-content\\\/uploads\\\/2020\\\/08\\\/logo-48.png\",\"width\":132,\"height\":48,\"caption\":\"Graphimarket\"},\"image\":{\"@id\":\"https:\\\/\\\/graphimarket.com\\\/fr\\\/#\\\/schema\\\/logo\\\/image\\\/\"}}]}<\/script>\n<!-- \/ Yoast SEO plugin. -->","yoast_head_json":{"title":"Bubble Aquarell Photoshop Aktion - Graphimarket","description":"Diese Bubble Watercolor Photoshop Action ist perfekt f\u00fcr Fotografen und Designer. Es verbessert und verleiht Bildern mehr Sch\u00f6nheit.","robots":{"index":"index","follow":"follow","max-snippet":"max-snippet:-1","max-image-preview":"max-image-preview:large","max-video-preview":"max-video-preview:-1"},"canonical":"https:\/\/graphimarket.com\/de\/product\/bubble-watercolor-photoshop-action\/","og_locale":"de_DE","og_type":"article","og_title":"Bubble Watercolor Photoshop Action - Graphimarket","og_description":"This Bubble Watercolor Photoshop Action are perfect for photographers and designers. It\u2019s enhances and adds more beautiful to images.","og_url":"https:\/\/graphimarket.com\/de\/product\/bubble-watercolor-photoshop-action\/","og_site_name":"Graphimarket","article_modified_time":"2022-12-19T07:56:24+00:00","og_image":[{"width":1160,"height":838,"url":"https:\/\/graphimarket.com\/wp-content\/uploads\/2021\/03\/cover-1-2.jpg","type":"image\/jpeg"}],"twitter_card":"summary_large_image","twitter_misc":{"Est. reading time":"1 minute"},"schema":{"@context":"https:\/\/schema.org","@graph":[{"@type":"WebPage","@id":"https:\/\/graphimarket.com\/product\/bubble-watercolor-photoshop-action\/","url":"https:\/\/graphimarket.com\/product\/bubble-watercolor-photoshop-action\/","name":"Bubble Aquarell Photoshop Aktion - Graphimarket","isPartOf":{"@id":"https:\/\/graphimarket.com\/fr\/#website"},"primaryImageOfPage":{"@id":"https:\/\/graphimarket.com\/product\/bubble-watercolor-photoshop-action\/#primaryimage"},"image":{"@id":"https:\/\/graphimarket.com\/product\/bubble-watercolor-photoshop-action\/#primaryimage"},"thumbnailUrl":"https:\/\/graphimarket.com\/wp-content\/uploads\/2021\/03\/cover-1-2.jpg","datePublished":"2021-03-12T15:35:39+00:00","dateModified":"2022-12-19T07:56:24+00:00","description":"Diese Bubble Watercolor Photoshop Action ist perfekt f\u00fcr Fotografen und Designer. Es verbessert und verleiht Bildern mehr Sch\u00f6nheit.","breadcrumb":{"@id":"https:\/\/graphimarket.com\/product\/bubble-watercolor-photoshop-action\/#breadcrumb"},"inLanguage":"de-DE","potentialAction":[{"@type":"ReadAction","target":["https:\/\/graphimarket.com\/product\/bubble-watercolor-photoshop-action\/"]}]},{"@type":"ImageObject","inLanguage":"de-DE","@id":"https:\/\/graphimarket.com\/product\/bubble-watercolor-photoshop-action\/#primaryimage","url":"https:\/\/graphimarket.com\/wp-content\/uploads\/2021\/03\/cover-1-2.jpg","contentUrl":"https:\/\/graphimarket.com\/wp-content\/uploads\/2021\/03\/cover-1-2.jpg","width":1160,"height":838},{"@type":"BreadcrumbList","@id":"https:\/\/graphimarket.com\/product\/bubble-watercolor-photoshop-action\/#breadcrumb","itemListElement":[{"@type":"ListItem","position":1,"name":"Home","item":"https:\/\/graphimarket.com\/es\/"},{"@type":"ListItem","position":2,"name":"Store","item":"https:\/\/graphimarket.com\/store\/"},{"@type":"ListItem","position":3,"name":"Bubble Watercolor Photoshop Action"}]},{"@type":"WebSite","@id":"https:\/\/graphimarket.com\/fr\/#website","url":"https:\/\/graphimarket.com\/fr\/","name":"Graphimarket","description":"Finden Sie das perfekte kreative Kapital, um Ihr Projekt zum Leben zu erwecken","publisher":{"@id":"https:\/\/graphimarket.com\/fr\/#organization"},"potentialAction":[{"@type":"SearchAction","target":{"@type":"EntryPoint","urlTemplate":"https:\/\/graphimarket.com\/fr\/?s={search_term_string}"},"query-input":{"@type":"PropertyValueSpecification","valueRequired":true,"valueName":"search_term_string"}}],"inLanguage":"de-DE"},{"@type":"Organization","@id":"https:\/\/graphimarket.com\/fr\/#organization","name":"Graphimarket","url":"https:\/\/graphimarket.com\/fr\/","logo":{"@type":"ImageObject","inLanguage":"de-DE","@id":"https:\/\/graphimarket.com\/fr\/#\/schema\/logo\/image\/","url":"https:\/\/graphimarket.com\/wp-content\/uploads\/2020\/08\/logo-48.png","contentUrl":"https:\/\/graphimarket.com\/wp-content\/uploads\/2020\/08\/logo-48.png","width":132,"height":48,"caption":"Graphimarket"},"image":{"@id":"https:\/\/graphimarket.com\/fr\/#\/schema\/logo\/image\/"}}]}},"_links":{"self":[{"href":"https:\/\/graphimarket.com\/de\/wp-json\/wp\/v2\/product\/16158","targetHints":{"allow":["GET"]}}],"collection":[{"href":"https:\/\/graphimarket.com\/de\/wp-json\/wp\/v2\/product"}],"about":[{"href":"https:\/\/graphimarket.com\/de\/wp-json\/wp\/v2\/types\/product"}],"replies":[{"embeddable":true,"href":"https:\/\/graphimarket.com\/de\/wp-json\/wp\/v2\/comments?post=16158"}],"version-history":[{"count":0,"href":"https:\/\/graphimarket.com\/de\/wp-json\/wp\/v2\/product\/16158\/revisions"}],"wp:featuredmedia":[{"embeddable":true,"href":"https:\/\/graphimarket.com\/de\/wp-json\/wp\/v2\/media\/16159"}],"wp:attachment":[{"href":"https:\/\/graphimarket.com\/de\/wp-json\/wp\/v2\/media?parent=16158"}],"wp:term":[{"taxonomy":"product_brand","embeddable":true,"href":"https:\/\/graphimarket.com\/de\/wp-json\/wp\/v2\/product_brand?post=16158"},{"taxonomy":"product_cat","embeddable":true,"href":"https:\/\/graphimarket.com\/de\/wp-json\/wp\/v2\/product_cat?post=16158"},{"taxonomy":"product_tag","embeddable":true,"href":"https:\/\/graphimarket.com\/de\/wp-json\/wp\/v2\/product_tag?post=16158"}],"curies":[{"name":"wp","href":"https:\/\/api.w.org\/{rel}","templated":true}]}}