{"id":16255,"date":"2021-03-13T16:41:13","date_gmt":"2021-03-13T15:41:13","guid":{"rendered":"https:\/\/graphimarket.com\/?post_type=product&#038;p=16255"},"modified":"2022-12-19T08:52:08","modified_gmt":"2022-12-19T07:52:08","slug":"spectrum-fx-kit","status":"publish","type":"product","link":"https:\/\/graphimarket.com\/de\/product\/spectrum-fx-kit\/","title":{"rendered":"SPECTRUM FX KIT"},"content":{"rendered":"<h1 class=\"sp-h4 mb-0\">SPECTRUM FX KIT<\/h1>\n<h2 class=\"sp-h4 mb-20\">\u00dcber das Produkt<\/h2>\n<div id=\"detailsContainer\" class=\"details-container\">\n<div class=\"sp-p details-text\">\n<p>SPECTRUM IST EIN EPIC IMAGE EFFECTS KIT, DAS MIT ZERO EFFORT ERSTAUNLICHE ABSTRAKTE VISUELLE ERSTELLT.<\/p>\n<p><strong>ERSTELLEN SIE PRO-LEVEL-BILDER F\u00dcR DIE VERWENDUNG IN JEDEM PROJEKT IN NUR EINIGEN SCHRITTEN!<\/strong><\/p>\n<hr \/>\n<p><strong>EIGENSCHAFTEN:<\/strong><\/p>\n<hr \/>\n<ul>\n<li><strong>50<\/strong>\u00a0GRADIENT PRESETS<\/li>\n<li><strong>EINFACH BEARBEITEN<\/strong>\u00a0.PSD-VORLAGE<\/li>\n<li><strong>V\u00d6LLIG<\/strong>\u00a0ANPASSBAR<\/li>\n<li><strong>UNBEGRENZT<\/strong>\u00a0KOMBINATIONEN<\/li>\n<li><strong>3 BONUS<\/strong>\u00a0Texturen<\/li>\n<li><strong>6 BONUS<\/strong>\u00a0FILMK\u00d6RNER<\/li>\n<li><strong>3 BONUS<\/strong>\u00a0PHOTOSHOP-AKTIONEN<\/li>\n<li><strong>KOSTENLOS<\/strong>\u00a0ZUK\u00dcNFTIGE UPGRADES<\/li>\n<li><strong>DETAILLIERT<\/strong>\u00a0BENUTZERLEITF\u00c4DEN<\/li>\n<\/ul>\n<hr \/>\n<p><strong>WIE FUNKTIONIERT ES?:<\/strong><\/p>\n<hr \/>\n<p>KOPIEREN UND EINF\u00dcGEN SIE IHR BILD EINFACH IN DIE SMART PSD-VORLAGE, UM EINFACH UND SOFORT MIT 50 EINZIGARTIGEN GRADIENTEN PRESETS UND BONUS-EFFEKTEN ZU EXPERIMENTIEREN. DAS BESTE IST, SIE HABEN VOLLST\u00c4NDIGE KONTROLLE IN EINER NICHT ZERST\u00d6RENDEN EINRICHTUNG, DIE IHREN URSPR\u00dcNGLICHEN BILDINTAKT H\u00c4LT.<\/p>\n<hr \/>\n<p><strong>F\u00fcr wen ist das Spektrum?:<\/strong><\/p>\n<hr \/>\n<p>Egal, ob Sie beeindruckende ALBUM-KUNSTWERKE, BADASS-STREETWEAR-GRAFIKEN ODER EXPERIMENTE MIT INTERESSANTEN DYNAMIKEN AUF IHREM BILD ERSTELLEN M\u00d6CHTEN, SPEKTRUM IST EIN GROSSES WERKZEUG F\u00dcR INTERMEDIATE, UM FOTOSHOP-BENUTZER ZU ERWEITERN, DIE EINIGE ARBEITEN BEWERBEN M\u00dcSSEN<\/p>\n<\/div>\n<p><img fetchpriority=\"high\" decoding=\"async\" class=\"alignnone size-full wp-image-16256\" src=\"https:\/\/graphimarket.com\/wp-content\/uploads\/2021\/03\/tvt_spectrum_1-.jpg\" alt=\"\" width=\"1160\" height=\"772\" srcset=\"https:\/\/graphimarket.com\/wp-content\/uploads\/2021\/03\/tvt_spectrum_1-.jpg 1160w, https:\/\/graphimarket.com\/wp-content\/uploads\/2021\/03\/tvt_spectrum_1--300x200.jpg 300w, https:\/\/graphimarket.com\/wp-content\/uploads\/2021\/03\/tvt_spectrum_1--1024x681.jpg 1024w, https:\/\/graphimarket.com\/wp-content\/uploads\/2021\/03\/tvt_spectrum_1--768x511.jpg 768w, https:\/\/graphimarket.com\/wp-content\/uploads\/2021\/03\/tvt_spectrum_1--16x12.jpg 16w, https:\/\/graphimarket.com\/wp-content\/uploads\/2021\/03\/tvt_spectrum_1--600x399.jpg 600w\" sizes=\"(max-width: 1160px) 100vw, 1160px\" \/><\/p>\n<p><img decoding=\"async\" class=\"alignnone size-full wp-image-16257\" src=\"https:\/\/graphimarket.com\/wp-content\/uploads\/2021\/03\/tvt_spectrum_3-.jpg\" alt=\"\" width=\"1160\" height=\"772\" srcset=\"https:\/\/graphimarket.com\/wp-content\/uploads\/2021\/03\/tvt_spectrum_3-.jpg 1160w, https:\/\/graphimarket.com\/wp-content\/uploads\/2021\/03\/tvt_spectrum_3--300x200.jpg 300w, https:\/\/graphimarket.com\/wp-content\/uploads\/2021\/03\/tvt_spectrum_3--1024x681.jpg 1024w, https:\/\/graphimarket.com\/wp-content\/uploads\/2021\/03\/tvt_spectrum_3--768x511.jpg 768w, https:\/\/graphimarket.com\/wp-content\/uploads\/2021\/03\/tvt_spectrum_3--16x12.jpg 16w, https:\/\/graphimarket.com\/wp-content\/uploads\/2021\/03\/tvt_spectrum_3--600x399.jpg 600w\" sizes=\"(max-width: 1160px) 100vw, 1160px\" \/> <img decoding=\"async\" class=\"alignnone size-full wp-image-16258\" src=\"https:\/\/graphimarket.com\/wp-content\/uploads\/2021\/03\/tvt_spectrum_4-.jpg\" alt=\"\" width=\"1160\" height=\"772\" srcset=\"https:\/\/graphimarket.com\/wp-content\/uploads\/2021\/03\/tvt_spectrum_4-.jpg 1160w, https:\/\/graphimarket.com\/wp-content\/uploads\/2021\/03\/tvt_spectrum_4--300x200.jpg 300w, https:\/\/graphimarket.com\/wp-content\/uploads\/2021\/03\/tvt_spectrum_4--1024x681.jpg 1024w, https:\/\/graphimarket.com\/wp-content\/uploads\/2021\/03\/tvt_spectrum_4--768x511.jpg 768w, https:\/\/graphimarket.com\/wp-content\/uploads\/2021\/03\/tvt_spectrum_4--16x12.jpg 16w, https:\/\/graphimarket.com\/wp-content\/uploads\/2021\/03\/tvt_spectrum_4--600x399.jpg 600w\" sizes=\"(max-width: 1160px) 100vw, 1160px\" \/> <img loading=\"lazy\" decoding=\"async\" class=\"alignnone size-full wp-image-16259\" src=\"https:\/\/graphimarket.com\/wp-content\/uploads\/2021\/03\/tvt_spectrum_5-.jpg\" alt=\"\" width=\"1160\" height=\"772\" srcset=\"https:\/\/graphimarket.com\/wp-content\/uploads\/2021\/03\/tvt_spectrum_5-.jpg 1160w, https:\/\/graphimarket.com\/wp-content\/uploads\/2021\/03\/tvt_spectrum_5--300x200.jpg 300w, https:\/\/graphimarket.com\/wp-content\/uploads\/2021\/03\/tvt_spectrum_5--1024x681.jpg 1024w, https:\/\/graphimarket.com\/wp-content\/uploads\/2021\/03\/tvt_spectrum_5--768x511.jpg 768w, https:\/\/graphimarket.com\/wp-content\/uploads\/2021\/03\/tvt_spectrum_5--16x12.jpg 16w, https:\/\/graphimarket.com\/wp-content\/uploads\/2021\/03\/tvt_spectrum_5--600x399.jpg 600w\" sizes=\"(max-width: 1160px) 100vw, 1160px\" \/> <img loading=\"lazy\" decoding=\"async\" class=\"alignnone size-full wp-image-16260\" src=\"https:\/\/graphimarket.com\/wp-content\/uploads\/2021\/03\/tvt_spectrum_6-.jpg\" alt=\"\" width=\"1160\" height=\"772\" srcset=\"https:\/\/graphimarket.com\/wp-content\/uploads\/2021\/03\/tvt_spectrum_6-.jpg 1160w, https:\/\/graphimarket.com\/wp-content\/uploads\/2021\/03\/tvt_spectrum_6--300x200.jpg 300w, https:\/\/graphimarket.com\/wp-content\/uploads\/2021\/03\/tvt_spectrum_6--1024x681.jpg 1024w, https:\/\/graphimarket.com\/wp-content\/uploads\/2021\/03\/tvt_spectrum_6--768x511.jpg 768w, https:\/\/graphimarket.com\/wp-content\/uploads\/2021\/03\/tvt_spectrum_6--16x12.jpg 16w, https:\/\/graphimarket.com\/wp-content\/uploads\/2021\/03\/tvt_spectrum_6--600x399.jpg 600w\" sizes=\"(max-width: 1160px) 100vw, 1160px\" \/> <img loading=\"lazy\" decoding=\"async\" class=\"alignnone size-full wp-image-16261\" src=\"https:\/\/graphimarket.com\/wp-content\/uploads\/2021\/03\/tvt_spectrum_8-.jpg\" alt=\"\" width=\"1160\" height=\"772\" srcset=\"https:\/\/graphimarket.com\/wp-content\/uploads\/2021\/03\/tvt_spectrum_8-.jpg 1160w, https:\/\/graphimarket.com\/wp-content\/uploads\/2021\/03\/tvt_spectrum_8--300x200.jpg 300w, https:\/\/graphimarket.com\/wp-content\/uploads\/2021\/03\/tvt_spectrum_8--1024x681.jpg 1024w, https:\/\/graphimarket.com\/wp-content\/uploads\/2021\/03\/tvt_spectrum_8--768x511.jpg 768w, https:\/\/graphimarket.com\/wp-content\/uploads\/2021\/03\/tvt_spectrum_8--16x12.jpg 16w, https:\/\/graphimarket.com\/wp-content\/uploads\/2021\/03\/tvt_spectrum_8--600x399.jpg 600w\" sizes=\"(max-width: 1160px) 100vw, 1160px\" \/> <img loading=\"lazy\" decoding=\"async\" class=\"alignnone size-full wp-image-16262\" src=\"https:\/\/graphimarket.com\/wp-content\/uploads\/2021\/03\/tvt_spectrum_10-.jpg\" alt=\"\" width=\"1160\" height=\"772\" srcset=\"https:\/\/graphimarket.com\/wp-content\/uploads\/2021\/03\/tvt_spectrum_10-.jpg 1160w, https:\/\/graphimarket.com\/wp-content\/uploads\/2021\/03\/tvt_spectrum_10--300x200.jpg 300w, https:\/\/graphimarket.com\/wp-content\/uploads\/2021\/03\/tvt_spectrum_10--1024x681.jpg 1024w, https:\/\/graphimarket.com\/wp-content\/uploads\/2021\/03\/tvt_spectrum_10--768x511.jpg 768w, https:\/\/graphimarket.com\/wp-content\/uploads\/2021\/03\/tvt_spectrum_10--16x12.jpg 16w, https:\/\/graphimarket.com\/wp-content\/uploads\/2021\/03\/tvt_spectrum_10--600x399.jpg 600w\" sizes=\"(max-width: 1160px) 100vw, 1160px\" \/> <img loading=\"lazy\" decoding=\"async\" class=\"alignnone size-full wp-image-16263\" src=\"https:\/\/graphimarket.com\/wp-content\/uploads\/2021\/03\/tvt_spectrum_9-.jpg\" alt=\"\" width=\"1160\" height=\"772\" srcset=\"https:\/\/graphimarket.com\/wp-content\/uploads\/2021\/03\/tvt_spectrum_9-.jpg 1160w, https:\/\/graphimarket.com\/wp-content\/uploads\/2021\/03\/tvt_spectrum_9--300x200.jpg 300w, https:\/\/graphimarket.com\/wp-content\/uploads\/2021\/03\/tvt_spectrum_9--1024x681.jpg 1024w, https:\/\/graphimarket.com\/wp-content\/uploads\/2021\/03\/tvt_spectrum_9--768x511.jpg 768w, https:\/\/graphimarket.com\/wp-content\/uploads\/2021\/03\/tvt_spectrum_9--16x12.jpg 16w, https:\/\/graphimarket.com\/wp-content\/uploads\/2021\/03\/tvt_spectrum_9--600x399.jpg 600w\" sizes=\"(max-width: 1160px) 100vw, 1160px\" \/> <img loading=\"lazy\" decoding=\"async\" class=\"alignnone size-full wp-image-16264\" src=\"https:\/\/graphimarket.com\/wp-content\/uploads\/2021\/03\/tvt_spectrum_2-.jpg\" alt=\"\" width=\"1160\" height=\"772\" srcset=\"https:\/\/graphimarket.com\/wp-content\/uploads\/2021\/03\/tvt_spectrum_2-.jpg 1160w, https:\/\/graphimarket.com\/wp-content\/uploads\/2021\/03\/tvt_spectrum_2--300x200.jpg 300w, https:\/\/graphimarket.com\/wp-content\/uploads\/2021\/03\/tvt_spectrum_2--1024x681.jpg 1024w, https:\/\/graphimarket.com\/wp-content\/uploads\/2021\/03\/tvt_spectrum_2--768x511.jpg 768w, https:\/\/graphimarket.com\/wp-content\/uploads\/2021\/03\/tvt_spectrum_2--16x12.jpg 16w, https:\/\/graphimarket.com\/wp-content\/uploads\/2021\/03\/tvt_spectrum_2--600x399.jpg 600w\" sizes=\"(max-width: 1160px) 100vw, 1160px\" \/><\/p>\n<\/div>","protected":false},"excerpt":{"rendered":"<p>SPECTRUM FX KIT About the Product SPECTRUM IS AN EPIC IMAGE EFFECTS KIT THAT CREATES STUNNING ABSTRACT VISUALS WITH ZERO EFFORT. CREATE PRO-LEVEL IMAGERY FOR USE ON ANY PROJECT IN JUST A FEW STEPS! FEATURES: 50\u00a0GRADIENT PRESETS EASY-EDIT\u00a0.PSD TEMPLATE FULLY\u00a0CUSTOMISABLE UNLIMITED\u00a0COMBINATIONS 3 BONUS\u00a0TEXTURES 6 BONUS\u00a0FILM GRAINS 3 BONUS\u00a0PHOTOSHOP ACTIONS FREE\u00a0FUTURE UPGRADES DETAILED\u00a0USER GUIDES HOW DOES [&hellip;]<\/p>\n","protected":false},"featured_media":16256,"comment_status":"open","ping_status":"closed","template":"","meta":{"site-sidebar-layout":"default","site-content-layout":"default","ast-site-content-layout":"default","site-content-style":"default","site-sidebar-style":"default","ast-global-header-display":"","ast-banner-title-visibility":"","ast-main-header-display":"","ast-hfb-above-header-display":"","ast-hfb-below-header-display":"","ast-hfb-mobile-header-display":"","site-post-title":"","ast-breadcrumbs-content":"","ast-featured-img":"","footer-sml-layout":"","ast-disable-related-posts":"","theme-transparent-header-meta":"default","adv-header-id-meta":"","stick-header-meta":"","header-above-stick-meta":"","header-main-stick-meta":"","header-below-stick-meta":"","astra-migrate-meta-layouts":"default","ast-page-background-enabled":"default","ast-page-background-meta":{"desktop":{"background-color":"","background-image":"","background-repeat":"repeat","background-position":"center center","background-size":"auto","background-attachment":"scroll","background-type":"","background-media":"","overlay-type":"","overlay-color":"","overlay-opacity":"","overlay-gradient":""},"tablet":{"background-color":"","background-image":"","background-repeat":"repeat","background-position":"center center","background-size":"auto","background-attachment":"scroll","background-type":"","background-media":"","overlay-type":"","overlay-color":"","overlay-opacity":"","overlay-gradient":""},"mobile":{"background-color":"","background-image":"","background-repeat":"repeat","background-position":"center center","background-size":"auto","background-attachment":"scroll","background-type":"","background-media":"","overlay-type":"","overlay-color":"","overlay-opacity":"","overlay-gradient":""}},"ast-content-background-meta":{"desktop":{"background-color":"var(--ast-global-color-5)","background-image":"","background-repeat":"repeat","background-position":"center center","background-size":"auto","background-attachment":"scroll","background-type":"","background-media":"","overlay-type":"","overlay-color":"","overlay-opacity":"","overlay-gradient":""},"tablet":{"background-color":"var(--ast-global-color-5)","background-image":"","background-repeat":"repeat","background-position":"center center","background-size":"auto","background-attachment":"scroll","background-type":"","background-media":"","overlay-type":"","overlay-color":"","overlay-opacity":"","overlay-gradient":""},"mobile":{"background-color":"var(--ast-global-color-5)","background-image":"","background-repeat":"repeat","background-position":"center center","background-size":"auto","background-attachment":"scroll","background-type":"","background-media":"","overlay-type":"","overlay-color":"","overlay-opacity":"","overlay-gradient":""}}},"product_brand":[],"product_cat":[15,195,170],"product_tag":[482,574,479,62,412,1921,243],"class_list":{"0":"post-16255","1":"product","2":"type-product","3":"status-publish","4":"has-post-thumbnail","6":"product_cat-photo","7":"product_cat-photoshop","8":"product_cat-textures","9":"product_tag-fx","10":"product_tag-graphic","11":"product_tag-kit","12":"product_tag-photoshop","13":"product_tag-preset","14":"product_tag-spectrum","15":"product_tag-texture","16":"desktop-align-left","17":"tablet-align-left","18":"mobile-align-left","20":"first","21":"instock","22":"sale","23":"downloadable","24":"virtual","25":"taxable","26":"purchasable","27":"product-type-simple"},"yoast_head":"<!-- This site is optimized with the Yoast SEO plugin v27.3 - https:\/\/yoast.com\/product\/yoast-seo-wordpress\/ -->\n<title>SPECTRUM FX KIT - Graphimarket<\/title>\n<meta name=\"description\" content=\"SPECTRUM IS AN EPIC IMAGE EFFECTS KIT THAT CREATES STUNNING ABSTRACT VISUALS WITH ZERO EFFORT.CREATE PRO-LEVEL...\" \/>\n<meta name=\"robots\" content=\"index, follow, max-snippet:-1, max-image-preview:large, max-video-preview:-1\" \/>\n<link rel=\"canonical\" href=\"http:\/\/graphimarket.com\/de\/product\/spectrum-fx-kit\/\" \/>\n<meta property=\"og:locale\" content=\"de_DE\" \/>\n<meta property=\"og:type\" content=\"article\" \/>\n<meta property=\"og:title\" content=\"SPECTRUM FX KIT - Graphimarket\" \/>\n<meta property=\"og:description\" content=\"SPECTRUM IS AN EPIC IMAGE EFFECTS KIT THAT CREATES STUNNING ABSTRACT VISUALS WITH ZERO EFFORT.CREATE PRO-LEVEL...\" \/>\n<meta property=\"og:url\" content=\"http:\/\/graphimarket.com\/de\/product\/spectrum-fx-kit\/\" \/>\n<meta property=\"og:site_name\" content=\"Graphimarket\" \/>\n<meta property=\"article:modified_time\" content=\"2022-12-19T07:52:08+00:00\" \/>\n<meta property=\"og:image\" content=\"https:\/\/graphimarket.com\/wp-content\/uploads\/2021\/03\/tvt_spectrum_1-.jpg\" \/>\n\t<meta property=\"og:image:width\" content=\"1160\" \/>\n\t<meta property=\"og:image:height\" content=\"772\" \/>\n\t<meta property=\"og:image:type\" content=\"image\/jpeg\" \/>\n<meta name=\"twitter:card\" content=\"summary_large_image\" \/>\n<meta name=\"twitter:label1\" content=\"Est. reading time\" \/>\n\t<meta name=\"twitter:data1\" content=\"1 minute\" \/>\n<script type=\"application\/ld+json\" class=\"yoast-schema-graph\">{\"@context\":\"https:\\\/\\\/schema.org\",\"@graph\":[{\"@type\":\"WebPage\",\"@id\":\"http:\\\/\\\/graphimarket.com\\\/de\\\/product\\\/spectrum-fx-kit\\\/\",\"url\":\"http:\\\/\\\/graphimarket.com\\\/de\\\/product\\\/spectrum-fx-kit\\\/\",\"name\":\"SPECTRUM FX KIT - Graphimarket\",\"isPartOf\":{\"@id\":\"https:\\\/\\\/graphimarket.com\\\/fr\\\/#website\"},\"primaryImageOfPage\":{\"@id\":\"http:\\\/\\\/graphimarket.com\\\/de\\\/product\\\/spectrum-fx-kit\\\/#primaryimage\"},\"image\":{\"@id\":\"http:\\\/\\\/graphimarket.com\\\/de\\\/product\\\/spectrum-fx-kit\\\/#primaryimage\"},\"thumbnailUrl\":\"https:\\\/\\\/graphimarket.com\\\/wp-content\\\/uploads\\\/2021\\\/03\\\/tvt_spectrum_1-.jpg\",\"datePublished\":\"2021-03-13T15:41:13+00:00\",\"dateModified\":\"2022-12-19T07:52:08+00:00\",\"description\":\"SPECTRUM IS AN EPIC IMAGE EFFECTS KIT THAT CREATES STUNNING ABSTRACT VISUALS WITH ZERO EFFORT.CREATE PRO-LEVEL...\",\"breadcrumb\":{\"@id\":\"http:\\\/\\\/graphimarket.com\\\/de\\\/product\\\/spectrum-fx-kit\\\/#breadcrumb\"},\"inLanguage\":\"de-DE\",\"potentialAction\":[{\"@type\":\"ReadAction\",\"target\":[\"http:\\\/\\\/graphimarket.com\\\/de\\\/product\\\/spectrum-fx-kit\\\/\"]}]},{\"@type\":\"ImageObject\",\"inLanguage\":\"de-DE\",\"@id\":\"http:\\\/\\\/graphimarket.com\\\/de\\\/product\\\/spectrum-fx-kit\\\/#primaryimage\",\"url\":\"https:\\\/\\\/graphimarket.com\\\/wp-content\\\/uploads\\\/2021\\\/03\\\/tvt_spectrum_1-.jpg\",\"contentUrl\":\"https:\\\/\\\/graphimarket.com\\\/wp-content\\\/uploads\\\/2021\\\/03\\\/tvt_spectrum_1-.jpg\",\"width\":1160,\"height\":772},{\"@type\":\"BreadcrumbList\",\"@id\":\"http:\\\/\\\/graphimarket.com\\\/de\\\/product\\\/spectrum-fx-kit\\\/#breadcrumb\",\"itemListElement\":[{\"@type\":\"ListItem\",\"position\":1,\"name\":\"Home\",\"item\":\"https:\\\/\\\/graphimarket.com\\\/es\\\/\"},{\"@type\":\"ListItem\",\"position\":2,\"name\":\"Store\",\"item\":\"https:\\\/\\\/graphimarket.com\\\/store\\\/\"},{\"@type\":\"ListItem\",\"position\":3,\"name\":\"SPECTRUM FX KIT\"}]},{\"@type\":\"WebSite\",\"@id\":\"https:\\\/\\\/graphimarket.com\\\/fr\\\/#website\",\"url\":\"https:\\\/\\\/graphimarket.com\\\/fr\\\/\",\"name\":\"Graphimarket\",\"description\":\"Find the perfect creative asset to bring your project to life\",\"publisher\":{\"@id\":\"https:\\\/\\\/graphimarket.com\\\/fr\\\/#organization\"},\"potentialAction\":[{\"@type\":\"SearchAction\",\"target\":{\"@type\":\"EntryPoint\",\"urlTemplate\":\"https:\\\/\\\/graphimarket.com\\\/fr\\\/?s={search_term_string}\"},\"query-input\":{\"@type\":\"PropertyValueSpecification\",\"valueRequired\":true,\"valueName\":\"search_term_string\"}}],\"inLanguage\":\"de-DE\"},{\"@type\":\"Organization\",\"@id\":\"https:\\\/\\\/graphimarket.com\\\/fr\\\/#organization\",\"name\":\"Graphimarket\",\"url\":\"https:\\\/\\\/graphimarket.com\\\/fr\\\/\",\"logo\":{\"@type\":\"ImageObject\",\"inLanguage\":\"de-DE\",\"@id\":\"https:\\\/\\\/graphimarket.com\\\/fr\\\/#\\\/schema\\\/logo\\\/image\\\/\",\"url\":\"https:\\\/\\\/graphimarket.com\\\/wp-content\\\/uploads\\\/2020\\\/08\\\/logo-48.png\",\"contentUrl\":\"https:\\\/\\\/graphimarket.com\\\/wp-content\\\/uploads\\\/2020\\\/08\\\/logo-48.png\",\"width\":132,\"height\":48,\"caption\":\"Graphimarket\"},\"image\":{\"@id\":\"https:\\\/\\\/graphimarket.com\\\/fr\\\/#\\\/schema\\\/logo\\\/image\\\/\"}}]}<\/script>\n<!-- \/ Yoast SEO plugin. -->","yoast_head_json":{"title":"SPECTRUM FX KIT - Graphimarket","description":"SPECTRUM IST EIN EPISCHES BILD-EFFEKT-KIT, DAS MIT ZERO EFFORT ERSTAUNLICHE ABSTRAKTE VISUELLE ERSTELLT. PRO-LEVEL ERSTELLEN ...","robots":{"index":"index","follow":"follow","max-snippet":"max-snippet:-1","max-image-preview":"max-image-preview:large","max-video-preview":"max-video-preview:-1"},"canonical":"http:\/\/graphimarket.com\/de\/product\/spectrum-fx-kit\/","og_locale":"de_DE","og_type":"article","og_title":"SPECTRUM FX KIT - Graphimarket","og_description":"SPECTRUM IS AN EPIC IMAGE EFFECTS KIT THAT CREATES STUNNING ABSTRACT VISUALS WITH ZERO EFFORT.CREATE PRO-LEVEL...","og_url":"http:\/\/graphimarket.com\/de\/product\/spectrum-fx-kit\/","og_site_name":"Graphimarket","article_modified_time":"2022-12-19T07:52:08+00:00","og_image":[{"width":1160,"height":772,"url":"https:\/\/graphimarket.com\/wp-content\/uploads\/2021\/03\/tvt_spectrum_1-.jpg","type":"image\/jpeg"}],"twitter_card":"summary_large_image","twitter_misc":{"Est. reading time":"1 minute"},"schema":{"@context":"https:\/\/schema.org","@graph":[{"@type":"WebPage","@id":"http:\/\/graphimarket.com\/de\/product\/spectrum-fx-kit\/","url":"http:\/\/graphimarket.com\/de\/product\/spectrum-fx-kit\/","name":"SPECTRUM FX KIT - Graphimarket","isPartOf":{"@id":"https:\/\/graphimarket.com\/fr\/#website"},"primaryImageOfPage":{"@id":"http:\/\/graphimarket.com\/de\/product\/spectrum-fx-kit\/#primaryimage"},"image":{"@id":"http:\/\/graphimarket.com\/de\/product\/spectrum-fx-kit\/#primaryimage"},"thumbnailUrl":"https:\/\/graphimarket.com\/wp-content\/uploads\/2021\/03\/tvt_spectrum_1-.jpg","datePublished":"2021-03-13T15:41:13+00:00","dateModified":"2022-12-19T07:52:08+00:00","description":"SPECTRUM IST EIN EPISCHES BILD-EFFEKT-KIT, DAS MIT ZERO EFFORT ERSTAUNLICHE ABSTRAKTE VISUELLE ERSTELLT. PRO-LEVEL ERSTELLEN ...","breadcrumb":{"@id":"http:\/\/graphimarket.com\/de\/product\/spectrum-fx-kit\/#breadcrumb"},"inLanguage":"de-DE","potentialAction":[{"@type":"ReadAction","target":["http:\/\/graphimarket.com\/de\/product\/spectrum-fx-kit\/"]}]},{"@type":"ImageObject","inLanguage":"de-DE","@id":"http:\/\/graphimarket.com\/de\/product\/spectrum-fx-kit\/#primaryimage","url":"https:\/\/graphimarket.com\/wp-content\/uploads\/2021\/03\/tvt_spectrum_1-.jpg","contentUrl":"https:\/\/graphimarket.com\/wp-content\/uploads\/2021\/03\/tvt_spectrum_1-.jpg","width":1160,"height":772},{"@type":"BreadcrumbList","@id":"http:\/\/graphimarket.com\/de\/product\/spectrum-fx-kit\/#breadcrumb","itemListElement":[{"@type":"ListItem","position":1,"name":"Home","item":"https:\/\/graphimarket.com\/es\/"},{"@type":"ListItem","position":2,"name":"Store","item":"https:\/\/graphimarket.com\/store\/"},{"@type":"ListItem","position":3,"name":"SPECTRUM FX KIT"}]},{"@type":"WebSite","@id":"https:\/\/graphimarket.com\/fr\/#website","url":"https:\/\/graphimarket.com\/fr\/","name":"Graphimarket","description":"Finden Sie das perfekte kreative Kapital, um Ihr Projekt zum Leben zu erwecken","publisher":{"@id":"https:\/\/graphimarket.com\/fr\/#organization"},"potentialAction":[{"@type":"SearchAction","target":{"@type":"EntryPoint","urlTemplate":"https:\/\/graphimarket.com\/fr\/?s={search_term_string}"},"query-input":{"@type":"PropertyValueSpecification","valueRequired":true,"valueName":"search_term_string"}}],"inLanguage":"de-DE"},{"@type":"Organization","@id":"https:\/\/graphimarket.com\/fr\/#organization","name":"Graphimarket","url":"https:\/\/graphimarket.com\/fr\/","logo":{"@type":"ImageObject","inLanguage":"de-DE","@id":"https:\/\/graphimarket.com\/fr\/#\/schema\/logo\/image\/","url":"https:\/\/graphimarket.com\/wp-content\/uploads\/2020\/08\/logo-48.png","contentUrl":"https:\/\/graphimarket.com\/wp-content\/uploads\/2020\/08\/logo-48.png","width":132,"height":48,"caption":"Graphimarket"},"image":{"@id":"https:\/\/graphimarket.com\/fr\/#\/schema\/logo\/image\/"}}]}},"_links":{"self":[{"href":"https:\/\/graphimarket.com\/de\/wp-json\/wp\/v2\/product\/16255","targetHints":{"allow":["GET"]}}],"collection":[{"href":"https:\/\/graphimarket.com\/de\/wp-json\/wp\/v2\/product"}],"about":[{"href":"https:\/\/graphimarket.com\/de\/wp-json\/wp\/v2\/types\/product"}],"replies":[{"embeddable":true,"href":"https:\/\/graphimarket.com\/de\/wp-json\/wp\/v2\/comments?post=16255"}],"version-history":[{"count":0,"href":"https:\/\/graphimarket.com\/de\/wp-json\/wp\/v2\/product\/16255\/revisions"}],"wp:featuredmedia":[{"embeddable":true,"href":"https:\/\/graphimarket.com\/de\/wp-json\/wp\/v2\/media\/16256"}],"wp:attachment":[{"href":"https:\/\/graphimarket.com\/de\/wp-json\/wp\/v2\/media?parent=16255"}],"wp:term":[{"taxonomy":"product_brand","embeddable":true,"href":"https:\/\/graphimarket.com\/de\/wp-json\/wp\/v2\/product_brand?post=16255"},{"taxonomy":"product_cat","embeddable":true,"href":"https:\/\/graphimarket.com\/de\/wp-json\/wp\/v2\/product_cat?post=16255"},{"taxonomy":"product_tag","embeddable":true,"href":"https:\/\/graphimarket.com\/de\/wp-json\/wp\/v2\/product_tag?post=16255"}],"curies":[{"name":"wp","href":"https:\/\/api.w.org\/{rel}","templated":true}]}}