{"id":16283,"date":"2021-03-14T17:00:47","date_gmt":"2021-03-14T16:00:47","guid":{"rendered":"https:\/\/graphimarket.com\/?post_type=product&#038;p=16283"},"modified":"2022-12-19T08:51:18","modified_gmt":"2022-12-19T07:51:18","slug":"pro-sketch-photoshop-action","status":"publish","type":"product","link":"https:\/\/graphimarket.com\/de\/product\/pro-sketch-photoshop-action\/","title":{"rendered":"Pro Sketch Photoshop-Aktion"},"content":{"rendered":"<p><strong>Pro Sketch Photoshop-Aktion<\/strong><\/p>\n<p>Seien Sie K\u00fcnstler ohne Erfahrung (mit nur einem Klick k\u00f6nnen Sie Ihre Fotos im Kunststil gestalten). Genialer Performance-Gru\u00df mit nur einem Klick.<\/p>\n<p>Keine F\u00e4higkeiten erforderlich, jeder K\u00f6rper kann die Hilfedatei problemlos verwenden<\/p>\n<p><strong>\u00dcber Pro Sketch Photoshop Action<\/strong><\/p>\n<p>Sehr sch\u00f6nes Aussehen verleiht Ihrem Foto sehr einfach eine sehr sch\u00f6ne Manipulation. Diese Technik wird mit einem Stilpinsel durchgef\u00fchrt, sodass Sie das Aussehen und die Haptik \u00e4ndern k\u00f6nnen. Jedes Mal, wenn Sie den Verstrebungsstil \u00e4ndern, verleiht dies Ihrem Foto ein neues Aussehen , Volle Abh\u00e4ngigkeit von der Pinselanweisung. Wenn Sie also nicht zuerst Ihren Verstand verwenden, k\u00f6nnen Sie den Pinsel nicht stilvoll \u00e4ndern.<\/p>\n<p><strong>Bleistiftskizze Photoshop-Aktionsinformationen<\/strong><\/p>\n<p>\u2013 Photoshop Atn. (Aktionsdatei) Format enthalten.<\/p>\n<p>\u2013 Hilfedatei enthalten.<\/p>\n<p>\u2013 Funktionierende Softwareversion: CC2015.5 Englische Version.<\/p>\n<p>\u2013 Softwareunterst\u00fctzungsversion: CS5, CS6, CC, CC2015, CC2017, CC2018, CC2019, CC2020+ Version.<\/p>\n<p>\u2013 Fotos: Foto sind nicht enthalten.<\/p>\n<p>M\u00f6ge jeder wissen, dass das Bild ein sehr wichtiges Thema ist, denn ohne ein richtiges Bild k\u00f6nnen Sie eine genaue Ansicht machen, also stellen Sie bitte ein Qualit\u00e4tsbild f\u00fcr ein besseres Aussehen zur Verf\u00fcgung, das Sie erwarten.<\/p>\n<p>&nbsp;<\/p>\n<p><img fetchpriority=\"high\" decoding=\"async\" class=\"alignnone size-full wp-image-16284\" src=\"https:\/\/graphimarket.com\/wp-content\/uploads\/2021\/03\/03-1.jpg\" alt=\"\" width=\"1300\" height=\"941\" srcset=\"https:\/\/graphimarket.com\/wp-content\/uploads\/2021\/03\/03-1.jpg 1300w, https:\/\/graphimarket.com\/wp-content\/uploads\/2021\/03\/03-1-300x217.jpg 300w, https:\/\/graphimarket.com\/wp-content\/uploads\/2021\/03\/03-1-1024x741.jpg 1024w, https:\/\/graphimarket.com\/wp-content\/uploads\/2021\/03\/03-1-768x556.jpg 768w, https:\/\/graphimarket.com\/wp-content\/uploads\/2021\/03\/03-1-16x12.jpg 16w, https:\/\/graphimarket.com\/wp-content\/uploads\/2021\/03\/03-1-600x434.jpg 600w\" sizes=\"(max-width: 1300px) 100vw, 1300px\" \/> <img decoding=\"async\" class=\"alignnone size-full wp-image-16285\" src=\"https:\/\/graphimarket.com\/wp-content\/uploads\/2021\/03\/04-1.jpg\" alt=\"\" width=\"1300\" height=\"941\" srcset=\"https:\/\/graphimarket.com\/wp-content\/uploads\/2021\/03\/04-1.jpg 1300w, https:\/\/graphimarket.com\/wp-content\/uploads\/2021\/03\/04-1-300x217.jpg 300w, https:\/\/graphimarket.com\/wp-content\/uploads\/2021\/03\/04-1-1024x741.jpg 1024w, https:\/\/graphimarket.com\/wp-content\/uploads\/2021\/03\/04-1-768x556.jpg 768w, https:\/\/graphimarket.com\/wp-content\/uploads\/2021\/03\/04-1-16x12.jpg 16w, https:\/\/graphimarket.com\/wp-content\/uploads\/2021\/03\/04-1-600x434.jpg 600w\" sizes=\"(max-width: 1300px) 100vw, 1300px\" \/> <img decoding=\"async\" class=\"alignnone size-full wp-image-16286\" src=\"https:\/\/graphimarket.com\/wp-content\/uploads\/2021\/03\/05-1.jpg\" alt=\"\" width=\"1300\" height=\"941\" srcset=\"https:\/\/graphimarket.com\/wp-content\/uploads\/2021\/03\/05-1.jpg 1300w, https:\/\/graphimarket.com\/wp-content\/uploads\/2021\/03\/05-1-300x217.jpg 300w, https:\/\/graphimarket.com\/wp-content\/uploads\/2021\/03\/05-1-1024x741.jpg 1024w, https:\/\/graphimarket.com\/wp-content\/uploads\/2021\/03\/05-1-768x556.jpg 768w, https:\/\/graphimarket.com\/wp-content\/uploads\/2021\/03\/05-1-16x12.jpg 16w, https:\/\/graphimarket.com\/wp-content\/uploads\/2021\/03\/05-1-600x434.jpg 600w\" sizes=\"(max-width: 1300px) 100vw, 1300px\" \/> <img loading=\"lazy\" decoding=\"async\" class=\"alignnone size-full wp-image-16287\" src=\"https:\/\/graphimarket.com\/wp-content\/uploads\/2021\/03\/06-1.jpg\" alt=\"\" width=\"1300\" height=\"941\" srcset=\"https:\/\/graphimarket.com\/wp-content\/uploads\/2021\/03\/06-1.jpg 1300w, https:\/\/graphimarket.com\/wp-content\/uploads\/2021\/03\/06-1-300x217.jpg 300w, https:\/\/graphimarket.com\/wp-content\/uploads\/2021\/03\/06-1-1024x741.jpg 1024w, https:\/\/graphimarket.com\/wp-content\/uploads\/2021\/03\/06-1-768x556.jpg 768w, https:\/\/graphimarket.com\/wp-content\/uploads\/2021\/03\/06-1-16x12.jpg 16w, https:\/\/graphimarket.com\/wp-content\/uploads\/2021\/03\/06-1-600x434.jpg 600w\" sizes=\"(max-width: 1300px) 100vw, 1300px\" \/> <img loading=\"lazy\" decoding=\"async\" class=\"alignnone size-full wp-image-16288\" src=\"https:\/\/graphimarket.com\/wp-content\/uploads\/2021\/03\/07-1.jpg\" alt=\"\" width=\"1300\" height=\"941\" srcset=\"https:\/\/graphimarket.com\/wp-content\/uploads\/2021\/03\/07-1.jpg 1300w, https:\/\/graphimarket.com\/wp-content\/uploads\/2021\/03\/07-1-300x217.jpg 300w, https:\/\/graphimarket.com\/wp-content\/uploads\/2021\/03\/07-1-1024x741.jpg 1024w, https:\/\/graphimarket.com\/wp-content\/uploads\/2021\/03\/07-1-768x556.jpg 768w, https:\/\/graphimarket.com\/wp-content\/uploads\/2021\/03\/07-1-16x12.jpg 16w, https:\/\/graphimarket.com\/wp-content\/uploads\/2021\/03\/07-1-600x434.jpg 600w\" sizes=\"(max-width: 1300px) 100vw, 1300px\" \/> <img loading=\"lazy\" decoding=\"async\" class=\"alignnone size-full wp-image-16289\" src=\"https:\/\/graphimarket.com\/wp-content\/uploads\/2021\/03\/08.jpg\" alt=\"\" width=\"1300\" height=\"941\" srcset=\"https:\/\/graphimarket.com\/wp-content\/uploads\/2021\/03\/08.jpg 1300w, https:\/\/graphimarket.com\/wp-content\/uploads\/2021\/03\/08-300x217.jpg 300w, https:\/\/graphimarket.com\/wp-content\/uploads\/2021\/03\/08-1024x741.jpg 1024w, https:\/\/graphimarket.com\/wp-content\/uploads\/2021\/03\/08-768x556.jpg 768w, https:\/\/graphimarket.com\/wp-content\/uploads\/2021\/03\/08-16x12.jpg 16w, https:\/\/graphimarket.com\/wp-content\/uploads\/2021\/03\/08-600x434.jpg 600w\" sizes=\"(max-width: 1300px) 100vw, 1300px\" \/> <img loading=\"lazy\" decoding=\"async\" class=\"alignnone size-full wp-image-16290\" src=\"https:\/\/graphimarket.com\/wp-content\/uploads\/2021\/03\/09-1.jpg\" alt=\"\" width=\"1300\" height=\"941\" srcset=\"https:\/\/graphimarket.com\/wp-content\/uploads\/2021\/03\/09-1.jpg 1300w, https:\/\/graphimarket.com\/wp-content\/uploads\/2021\/03\/09-1-300x217.jpg 300w, https:\/\/graphimarket.com\/wp-content\/uploads\/2021\/03\/09-1-1024x741.jpg 1024w, https:\/\/graphimarket.com\/wp-content\/uploads\/2021\/03\/09-1-768x556.jpg 768w, https:\/\/graphimarket.com\/wp-content\/uploads\/2021\/03\/09-1-16x12.jpg 16w, https:\/\/graphimarket.com\/wp-content\/uploads\/2021\/03\/09-1-600x434.jpg 600w\" sizes=\"(max-width: 1300px) 100vw, 1300px\" \/> <img loading=\"lazy\" decoding=\"async\" class=\"alignnone size-full wp-image-16291\" src=\"https:\/\/graphimarket.com\/wp-content\/uploads\/2021\/03\/10-2.jpg\" alt=\"\" width=\"1300\" height=\"941\" srcset=\"https:\/\/graphimarket.com\/wp-content\/uploads\/2021\/03\/10-2.jpg 1300w, https:\/\/graphimarket.com\/wp-content\/uploads\/2021\/03\/10-2-300x217.jpg 300w, https:\/\/graphimarket.com\/wp-content\/uploads\/2021\/03\/10-2-1024x741.jpg 1024w, https:\/\/graphimarket.com\/wp-content\/uploads\/2021\/03\/10-2-768x556.jpg 768w, https:\/\/graphimarket.com\/wp-content\/uploads\/2021\/03\/10-2-16x12.jpg 16w, https:\/\/graphimarket.com\/wp-content\/uploads\/2021\/03\/10-2-600x434.jpg 600w\" sizes=\"(max-width: 1300px) 100vw, 1300px\" \/> <img loading=\"lazy\" decoding=\"async\" class=\"alignnone size-full wp-image-16292\" src=\"https:\/\/graphimarket.com\/wp-content\/uploads\/2021\/03\/01-1.jpg\" alt=\"\" width=\"1300\" height=\"941\" srcset=\"https:\/\/graphimarket.com\/wp-content\/uploads\/2021\/03\/01-1.jpg 1300w, https:\/\/graphimarket.com\/wp-content\/uploads\/2021\/03\/01-1-300x217.jpg 300w, https:\/\/graphimarket.com\/wp-content\/uploads\/2021\/03\/01-1-1024x741.jpg 1024w, https:\/\/graphimarket.com\/wp-content\/uploads\/2021\/03\/01-1-768x556.jpg 768w, https:\/\/graphimarket.com\/wp-content\/uploads\/2021\/03\/01-1-16x12.jpg 16w, https:\/\/graphimarket.com\/wp-content\/uploads\/2021\/03\/01-1-600x434.jpg 600w\" sizes=\"(max-width: 1300px) 100vw, 1300px\" \/> <img loading=\"lazy\" decoding=\"async\" class=\"alignnone size-full wp-image-16293\" src=\"https:\/\/graphimarket.com\/wp-content\/uploads\/2021\/03\/02-1.jpg\" alt=\"\" width=\"1300\" height=\"941\" srcset=\"https:\/\/graphimarket.com\/wp-content\/uploads\/2021\/03\/02-1.jpg 1300w, https:\/\/graphimarket.com\/wp-content\/uploads\/2021\/03\/02-1-300x217.jpg 300w, https:\/\/graphimarket.com\/wp-content\/uploads\/2021\/03\/02-1-1024x741.jpg 1024w, https:\/\/graphimarket.com\/wp-content\/uploads\/2021\/03\/02-1-768x556.jpg 768w, https:\/\/graphimarket.com\/wp-content\/uploads\/2021\/03\/02-1-16x12.jpg 16w, https:\/\/graphimarket.com\/wp-content\/uploads\/2021\/03\/02-1-600x434.jpg 600w\" sizes=\"(max-width: 1300px) 100vw, 1300px\" \/><\/p>","protected":false},"excerpt":{"rendered":"<p>Pro Sketch Photoshop Action Be artist without any experience (just one click make your photos art style). Awesome performance greet looking just one click. No skill need any body can usage easily help file include About Pro Sketch Photoshop Action Very nice looking will give your photo a very beautiful manipulation very easily, This technique [&hellip;]<\/p>\n","protected":false},"featured_media":16292,"comment_status":"open","ping_status":"closed","template":"","meta":{"site-sidebar-layout":"default","site-content-layout":"default","ast-site-content-layout":"default","site-content-style":"default","site-sidebar-style":"default","ast-global-header-display":"","ast-banner-title-visibility":"","ast-main-header-display":"","ast-hfb-above-header-display":"","ast-hfb-below-header-display":"","ast-hfb-mobile-header-display":"","site-post-title":"","ast-breadcrumbs-content":"","ast-featured-img":"","footer-sml-layout":"","ast-disable-related-posts":"","theme-transparent-header-meta":"default","adv-header-id-meta":"","stick-header-meta":"","header-above-stick-meta":"","header-main-stick-meta":"","header-below-stick-meta":"","astra-migrate-meta-layouts":"default","ast-page-background-enabled":"default","ast-page-background-meta":{"desktop":{"background-color":"","background-image":"","background-repeat":"repeat","background-position":"center center","background-size":"auto","background-attachment":"scroll","background-type":"","background-media":"","overlay-type":"","overlay-color":"","overlay-opacity":"","overlay-gradient":""},"tablet":{"background-color":"","background-image":"","background-repeat":"repeat","background-position":"center center","background-size":"auto","background-attachment":"scroll","background-type":"","background-media":"","overlay-type":"","overlay-color":"","overlay-opacity":"","overlay-gradient":""},"mobile":{"background-color":"","background-image":"","background-repeat":"repeat","background-position":"center center","background-size":"auto","background-attachment":"scroll","background-type":"","background-media":"","overlay-type":"","overlay-color":"","overlay-opacity":"","overlay-gradient":""}},"ast-content-background-meta":{"desktop":{"background-color":"var(--ast-global-color-5)","background-image":"","background-repeat":"repeat","background-position":"center center","background-size":"auto","background-attachment":"scroll","background-type":"","background-media":"","overlay-type":"","overlay-color":"","overlay-opacity":"","overlay-gradient":""},"tablet":{"background-color":"var(--ast-global-color-5)","background-image":"","background-repeat":"repeat","background-position":"center center","background-size":"auto","background-attachment":"scroll","background-type":"","background-media":"","overlay-type":"","overlay-color":"","overlay-opacity":"","overlay-gradient":""},"mobile":{"background-color":"var(--ast-global-color-5)","background-image":"","background-repeat":"repeat","background-position":"center center","background-size":"auto","background-attachment":"scroll","background-type":"","background-media":"","overlay-type":"","overlay-color":"","overlay-opacity":"","overlay-gradient":""}}},"product_brand":[],"product_cat":[196,97,15,144,145,195,146],"product_tag":[292,1386,62,374,267],"class_list":{"0":"post-16283","1":"product","2":"type-product","3":"status-publish","4":"has-post-thumbnail","6":"product_cat-actions","7":"product_cat-addons","8":"product_cat-photo","9":"product_cat-photo-editor","10":"product_cat-photography","11":"product_cat-photoshop","12":"product_cat-photoshop-action","13":"product_tag-action","14":"product_tag-adobe","15":"product_tag-photoshop","16":"product_tag-pro","17":"product_tag-sketch","18":"desktop-align-left","19":"tablet-align-left","20":"mobile-align-left","22":"first","23":"instock","24":"downloadable","25":"virtual","26":"taxable","27":"purchasable","28":"product-type-simple"},"yoast_head":"<!-- This site is optimized with the Yoast SEO plugin v27.3 - https:\/\/yoast.com\/product\/yoast-seo-wordpress\/ -->\n<title>Pro Sketch Photoshop Action - Graphimarket<\/title>\n<meta name=\"description\" content=\"Pro Sketch Photoshop ActionBe artist without any experience (just one click make your photos art style). Awesome performance....\" \/>\n<meta name=\"robots\" content=\"index, follow, max-snippet:-1, max-image-preview:large, max-video-preview:-1\" \/>\n<link rel=\"canonical\" href=\"https:\/\/graphimarket.com\/de\/product\/pro-sketch-photoshop-action\/\" \/>\n<meta property=\"og:locale\" content=\"de_DE\" \/>\n<meta property=\"og:type\" content=\"article\" \/>\n<meta property=\"og:title\" content=\"Pro Sketch Photoshop Action - Graphimarket\" \/>\n<meta property=\"og:description\" content=\"Pro Sketch Photoshop ActionBe artist without any experience (just one click make your photos art style). Awesome performance....\" \/>\n<meta property=\"og:url\" content=\"https:\/\/graphimarket.com\/de\/product\/pro-sketch-photoshop-action\/\" \/>\n<meta property=\"og:site_name\" content=\"Graphimarket\" \/>\n<meta property=\"article:modified_time\" content=\"2022-12-19T07:51:18+00:00\" \/>\n<meta property=\"og:image\" content=\"https:\/\/graphimarket.com\/wp-content\/uploads\/2021\/03\/01-1.jpg\" \/>\n\t<meta property=\"og:image:width\" content=\"1300\" \/>\n\t<meta property=\"og:image:height\" content=\"941\" \/>\n\t<meta property=\"og:image:type\" content=\"image\/jpeg\" \/>\n<meta name=\"twitter:card\" content=\"summary_large_image\" \/>\n<meta name=\"twitter:label1\" content=\"Est. reading time\" \/>\n\t<meta name=\"twitter:data1\" content=\"1 minute\" \/>\n<script type=\"application\/ld+json\" class=\"yoast-schema-graph\">{\"@context\":\"https:\\\/\\\/schema.org\",\"@graph\":[{\"@type\":\"WebPage\",\"@id\":\"https:\\\/\\\/graphimarket.com\\\/product\\\/pro-sketch-photoshop-action\\\/\",\"url\":\"https:\\\/\\\/graphimarket.com\\\/product\\\/pro-sketch-photoshop-action\\\/\",\"name\":\"Pro Sketch Photoshop Action - Graphimarket\",\"isPartOf\":{\"@id\":\"https:\\\/\\\/graphimarket.com\\\/fr\\\/#website\"},\"primaryImageOfPage\":{\"@id\":\"https:\\\/\\\/graphimarket.com\\\/product\\\/pro-sketch-photoshop-action\\\/#primaryimage\"},\"image\":{\"@id\":\"https:\\\/\\\/graphimarket.com\\\/product\\\/pro-sketch-photoshop-action\\\/#primaryimage\"},\"thumbnailUrl\":\"https:\\\/\\\/graphimarket.com\\\/wp-content\\\/uploads\\\/2021\\\/03\\\/01-1.jpg\",\"datePublished\":\"2021-03-14T16:00:47+00:00\",\"dateModified\":\"2022-12-19T07:51:18+00:00\",\"description\":\"Pro Sketch Photoshop ActionBe artist without any experience (just one click make your photos art style). Awesome performance....\",\"breadcrumb\":{\"@id\":\"https:\\\/\\\/graphimarket.com\\\/product\\\/pro-sketch-photoshop-action\\\/#breadcrumb\"},\"inLanguage\":\"de-DE\",\"potentialAction\":[{\"@type\":\"ReadAction\",\"target\":[\"https:\\\/\\\/graphimarket.com\\\/product\\\/pro-sketch-photoshop-action\\\/\"]}]},{\"@type\":\"ImageObject\",\"inLanguage\":\"de-DE\",\"@id\":\"https:\\\/\\\/graphimarket.com\\\/product\\\/pro-sketch-photoshop-action\\\/#primaryimage\",\"url\":\"https:\\\/\\\/graphimarket.com\\\/wp-content\\\/uploads\\\/2021\\\/03\\\/01-1.jpg\",\"contentUrl\":\"https:\\\/\\\/graphimarket.com\\\/wp-content\\\/uploads\\\/2021\\\/03\\\/01-1.jpg\",\"width\":1300,\"height\":941},{\"@type\":\"BreadcrumbList\",\"@id\":\"https:\\\/\\\/graphimarket.com\\\/product\\\/pro-sketch-photoshop-action\\\/#breadcrumb\",\"itemListElement\":[{\"@type\":\"ListItem\",\"position\":1,\"name\":\"Home\",\"item\":\"https:\\\/\\\/graphimarket.com\\\/es\\\/\"},{\"@type\":\"ListItem\",\"position\":2,\"name\":\"Store\",\"item\":\"https:\\\/\\\/graphimarket.com\\\/store\\\/\"},{\"@type\":\"ListItem\",\"position\":3,\"name\":\"Pro Sketch Photoshop Action\"}]},{\"@type\":\"WebSite\",\"@id\":\"https:\\\/\\\/graphimarket.com\\\/fr\\\/#website\",\"url\":\"https:\\\/\\\/graphimarket.com\\\/fr\\\/\",\"name\":\"Graphimarket\",\"description\":\"Find the perfect creative asset to bring your project to life\",\"publisher\":{\"@id\":\"https:\\\/\\\/graphimarket.com\\\/fr\\\/#organization\"},\"potentialAction\":[{\"@type\":\"SearchAction\",\"target\":{\"@type\":\"EntryPoint\",\"urlTemplate\":\"https:\\\/\\\/graphimarket.com\\\/fr\\\/?s={search_term_string}\"},\"query-input\":{\"@type\":\"PropertyValueSpecification\",\"valueRequired\":true,\"valueName\":\"search_term_string\"}}],\"inLanguage\":\"de-DE\"},{\"@type\":\"Organization\",\"@id\":\"https:\\\/\\\/graphimarket.com\\\/fr\\\/#organization\",\"name\":\"Graphimarket\",\"url\":\"https:\\\/\\\/graphimarket.com\\\/fr\\\/\",\"logo\":{\"@type\":\"ImageObject\",\"inLanguage\":\"de-DE\",\"@id\":\"https:\\\/\\\/graphimarket.com\\\/fr\\\/#\\\/schema\\\/logo\\\/image\\\/\",\"url\":\"https:\\\/\\\/graphimarket.com\\\/wp-content\\\/uploads\\\/2020\\\/08\\\/logo-48.png\",\"contentUrl\":\"https:\\\/\\\/graphimarket.com\\\/wp-content\\\/uploads\\\/2020\\\/08\\\/logo-48.png\",\"width\":132,\"height\":48,\"caption\":\"Graphimarket\"},\"image\":{\"@id\":\"https:\\\/\\\/graphimarket.com\\\/fr\\\/#\\\/schema\\\/logo\\\/image\\\/\"}}]}<\/script>\n<!-- \/ Yoast SEO plugin. -->","yoast_head_json":{"title":"Pro Sketch Photoshop-Aktion - Graphimarket","description":"Pro Sketch Photoshop ActionSei ein K\u00fcnstler ohne jegliche Erfahrung (nur ein Klick macht deine Fotos zum Kunststil). Tolle Leistung....","robots":{"index":"index","follow":"follow","max-snippet":"max-snippet:-1","max-image-preview":"max-image-preview:large","max-video-preview":"max-video-preview:-1"},"canonical":"https:\/\/graphimarket.com\/de\/product\/pro-sketch-photoshop-action\/","og_locale":"de_DE","og_type":"article","og_title":"Pro Sketch Photoshop Action - Graphimarket","og_description":"Pro Sketch Photoshop ActionBe artist without any experience (just one click make your photos art style). Awesome performance....","og_url":"https:\/\/graphimarket.com\/de\/product\/pro-sketch-photoshop-action\/","og_site_name":"Graphimarket","article_modified_time":"2022-12-19T07:51:18+00:00","og_image":[{"width":1300,"height":941,"url":"https:\/\/graphimarket.com\/wp-content\/uploads\/2021\/03\/01-1.jpg","type":"image\/jpeg"}],"twitter_card":"summary_large_image","twitter_misc":{"Est. reading time":"1 minute"},"schema":{"@context":"https:\/\/schema.org","@graph":[{"@type":"WebPage","@id":"https:\/\/graphimarket.com\/product\/pro-sketch-photoshop-action\/","url":"https:\/\/graphimarket.com\/product\/pro-sketch-photoshop-action\/","name":"Pro Sketch Photoshop-Aktion - Graphimarket","isPartOf":{"@id":"https:\/\/graphimarket.com\/fr\/#website"},"primaryImageOfPage":{"@id":"https:\/\/graphimarket.com\/product\/pro-sketch-photoshop-action\/#primaryimage"},"image":{"@id":"https:\/\/graphimarket.com\/product\/pro-sketch-photoshop-action\/#primaryimage"},"thumbnailUrl":"https:\/\/graphimarket.com\/wp-content\/uploads\/2021\/03\/01-1.jpg","datePublished":"2021-03-14T16:00:47+00:00","dateModified":"2022-12-19T07:51:18+00:00","description":"Pro Sketch Photoshop ActionSei ein K\u00fcnstler ohne jegliche Erfahrung (nur ein Klick macht deine Fotos zum Kunststil). Tolle Leistung....","breadcrumb":{"@id":"https:\/\/graphimarket.com\/product\/pro-sketch-photoshop-action\/#breadcrumb"},"inLanguage":"de-DE","potentialAction":[{"@type":"ReadAction","target":["https:\/\/graphimarket.com\/product\/pro-sketch-photoshop-action\/"]}]},{"@type":"ImageObject","inLanguage":"de-DE","@id":"https:\/\/graphimarket.com\/product\/pro-sketch-photoshop-action\/#primaryimage","url":"https:\/\/graphimarket.com\/wp-content\/uploads\/2021\/03\/01-1.jpg","contentUrl":"https:\/\/graphimarket.com\/wp-content\/uploads\/2021\/03\/01-1.jpg","width":1300,"height":941},{"@type":"BreadcrumbList","@id":"https:\/\/graphimarket.com\/product\/pro-sketch-photoshop-action\/#breadcrumb","itemListElement":[{"@type":"ListItem","position":1,"name":"Home","item":"https:\/\/graphimarket.com\/es\/"},{"@type":"ListItem","position":2,"name":"Store","item":"https:\/\/graphimarket.com\/store\/"},{"@type":"ListItem","position":3,"name":"Pro Sketch Photoshop Action"}]},{"@type":"WebSite","@id":"https:\/\/graphimarket.com\/fr\/#website","url":"https:\/\/graphimarket.com\/fr\/","name":"Graphimarket","description":"Finden Sie das perfekte kreative Kapital, um Ihr Projekt zum Leben zu erwecken","publisher":{"@id":"https:\/\/graphimarket.com\/fr\/#organization"},"potentialAction":[{"@type":"SearchAction","target":{"@type":"EntryPoint","urlTemplate":"https:\/\/graphimarket.com\/fr\/?s={search_term_string}"},"query-input":{"@type":"PropertyValueSpecification","valueRequired":true,"valueName":"search_term_string"}}],"inLanguage":"de-DE"},{"@type":"Organization","@id":"https:\/\/graphimarket.com\/fr\/#organization","name":"Graphimarket","url":"https:\/\/graphimarket.com\/fr\/","logo":{"@type":"ImageObject","inLanguage":"de-DE","@id":"https:\/\/graphimarket.com\/fr\/#\/schema\/logo\/image\/","url":"https:\/\/graphimarket.com\/wp-content\/uploads\/2020\/08\/logo-48.png","contentUrl":"https:\/\/graphimarket.com\/wp-content\/uploads\/2020\/08\/logo-48.png","width":132,"height":48,"caption":"Graphimarket"},"image":{"@id":"https:\/\/graphimarket.com\/fr\/#\/schema\/logo\/image\/"}}]}},"_links":{"self":[{"href":"https:\/\/graphimarket.com\/de\/wp-json\/wp\/v2\/product\/16283","targetHints":{"allow":["GET"]}}],"collection":[{"href":"https:\/\/graphimarket.com\/de\/wp-json\/wp\/v2\/product"}],"about":[{"href":"https:\/\/graphimarket.com\/de\/wp-json\/wp\/v2\/types\/product"}],"replies":[{"embeddable":true,"href":"https:\/\/graphimarket.com\/de\/wp-json\/wp\/v2\/comments?post=16283"}],"version-history":[{"count":0,"href":"https:\/\/graphimarket.com\/de\/wp-json\/wp\/v2\/product\/16283\/revisions"}],"wp:featuredmedia":[{"embeddable":true,"href":"https:\/\/graphimarket.com\/de\/wp-json\/wp\/v2\/media\/16292"}],"wp:attachment":[{"href":"https:\/\/graphimarket.com\/de\/wp-json\/wp\/v2\/media?parent=16283"}],"wp:term":[{"taxonomy":"product_brand","embeddable":true,"href":"https:\/\/graphimarket.com\/de\/wp-json\/wp\/v2\/product_brand?post=16283"},{"taxonomy":"product_cat","embeddable":true,"href":"https:\/\/graphimarket.com\/de\/wp-json\/wp\/v2\/product_cat?post=16283"},{"taxonomy":"product_tag","embeddable":true,"href":"https:\/\/graphimarket.com\/de\/wp-json\/wp\/v2\/product_tag?post=16283"}],"curies":[{"name":"wp","href":"https:\/\/api.w.org\/{rel}","templated":true}]}}